{"id":3071,"date":"2023-03-10T14:36:01","date_gmt":"2023-03-10T06:36:01","guid":{"rendered":"https:\/\/www.baler-machines.com\/?post_type=product&#038;p=3071"},"modified":"2026-04-24T14:30:59","modified_gmt":"2026-04-24T06:30:59","slug":"hydraulic-tyre-tire-baler-for-sale","status":"publish","type":"product","link":"https:\/\/www.baler-machines.com\/fr\/hydraulic-tyre-tire-baler-for-sale\/","title":{"rendered":"Compacteur hydraulique horizontal pour pneus usag\u00e9s \u00e0 vendre"},"content":{"rendered":"<p class=\"translation-block\">La presse \u00e0 balles pour pneus usag\u00e9s est une <a href=\"https:\/\/www.baler-machines.com\/fr\/baler-machine\/\" target=\"_blank\" rel=\"noreferrer noopener\">presse d'emballage hydraulique<\/a>, qui convient pour emballer le caoutchouc, les pneus de camion, les pneus de voiture et d'autres mat\u00e9riaux similaires pour le recyclage. <\/p>    <p>Pour les propri\u00e9taires de l\u2019industrie automobile, des pneus usag\u00e9s sont g\u00e9n\u00e9r\u00e9s \u00e0 tout moment. L\u2019utilisation d\u2019une presse \u00e0 balles hydraulique pour les pneus usag\u00e9s permet un empilage soign\u00e9 des pneus et am\u00e9liore \u00e9galement consid\u00e9rablement la propret\u00e9.<\/p>    <h2 class=\"wp-block-heading\"><strong>Avantages de la presse \u00e0 balles hydraulique pour <a href=\"https:\/\/en.wikipedia.org\/wiki\/Tire_recycling\" target=\"_blank\" rel=\"noreferrer noopener\">recyclage des pneus\/pneus usag\u00e9s<\/a><\/strong><\/h2>    <figure class=\"wp-block-gallery aligncenter has-nested-images columns-default is-cropped wp-block-gallery-2 is-layout-flex wp-block-gallery-is-layout-flex\"> <figure class=\"wp-block-image size-large\"><img loading=\"lazy\" decoding=\"async\" width=\"720\" height=\"540\" data-id=\"3084\" src=\"https:\/\/www.baler-machines.com\/wp-content\/uploads\/2023\/03\/control-panel.webp\" alt=\"Panneau de contr\u00f4le\" class=\"wp-image-3084\" title=\"\"><figcaption class=\"wp-element-caption\">Panneau de contr\u00f4le<\/figcaption><\/figure>    <figure class=\"wp-block-image size-large\"><img loading=\"lazy\" decoding=\"async\" width=\"720\" height=\"540\" data-id=\"3085\" src=\"https:\/\/www.baler-machines.com\/wp-content\/uploads\/2023\/03\/hydraulic-cylinder.webp\" alt=\"v\u00e9rin hydraulique\" class=\"wp-image-3085\" title=\"\"><figcaption class=\"wp-element-caption\">Cylindre hydraulique<\/figcaption><\/figure>    <figure class=\"wp-block-image size-full\"><img loading=\"lazy\" decoding=\"async\" width=\"720\" height=\"540\" data-id=\"3087\" src=\"https:\/\/www.baler-machines.com\/wp-content\/uploads\/2023\/03\/motor.webp\" alt=\"moteur\" class=\"wp-image-3087\" title=\"\"><figcaption class=\"wp-element-caption\">Moteur<\/figcaption><\/figure> <\/figure>    <ol class=\"wp-block-list\"> <li>Contr\u00f4le enti\u00e8rement automatique, facile \u00e0 utiliser et \u00e0 utiliser.<\/li>    <li>Moteur de haute qualit\u00e9, capable de fournir suffisamment de puissance pour que la machine fonctionne.<\/li>    <li>V\u00e9rin hydraulique haute performance, qui fournit une bonne pouss\u00e9e pour le pressage du mat\u00e9riau.<\/li>    <li>Bonne configuration de la machine, excellentes performances et excellent effet d'utilisation.<\/li>    <li>Service personnalis\u00e9. Nous pouvons personnaliser la presse \u00e0 pneus en fonction des besoins du client et produire la presse sp\u00e9cialement pour vous.<\/li> <\/ol>    <h2 class=\"wp-block-heading\"><strong>Sc\u00e8nes de travail de la presse \u00e0 pneus enti\u00e8rement automatique Shuliy<\/strong><\/h2>    <figure class=\"wp-block-gallery aligncenter has-nested-images columns-default is-cropped wp-block-gallery-3 is-layout-flex wp-block-gallery-is-layout-flex\"> <figure class=\"wp-block-image size-large\"><img loading=\"lazy\" decoding=\"async\" width=\"720\" height=\"540\" data-id=\"3075\" src=\"https:\/\/www.baler-machines.com\/wp-content\/uploads\/2023\/03\/automatic-tyre-baler-machine.webp\" alt=\"presse \u00e0 pneus automatique\" class=\"wp-image-3075\" title=\"\"><figcaption class=\"wp-element-caption\">Presse \u00e0 pneus automatique<\/figcaption><\/figure>    <figure class=\"wp-block-image size-full\"><img loading=\"lazy\" decoding=\"async\" width=\"720\" height=\"540\" data-id=\"3079\" src=\"https:\/\/www.baler-machines.com\/wp-content\/uploads\/2023\/03\/waste-tyre-baling-machine.webp\" alt=\"machine de mise en balles de pneus usag\u00e9s\" class=\"wp-image-3079\" title=\"\"><figcaption class=\"wp-element-caption\">Machine de mise en balles de pneus usag\u00e9s<\/figcaption><\/figure> <\/figure>    <figure class=\"wp-block-gallery aligncenter has-nested-images columns-default is-cropped wp-block-gallery-4 is-layout-flex wp-block-gallery-is-layout-flex\"> <figure class=\"wp-block-image size-full\"><img loading=\"lazy\" decoding=\"async\" width=\"720\" height=\"540\" data-id=\"3076\" src=\"https:\/\/www.baler-machines.com\/wp-content\/uploads\/2023\/03\/horizontal-waste-tire-baler-machine.webp\" alt=\"presse \u00e0 balles horizontale pour pneus us\u00e9s\" class=\"wp-image-3076\" title=\"\"><figcaption class=\"wp-element-caption\">Presse \u00e0 balles horizontale pour pneus us\u00e9s<\/figcaption><\/figure>    <figure class=\"wp-block-image size-full\"><img loading=\"lazy\" decoding=\"async\" width=\"720\" height=\"540\" data-id=\"3078\" src=\"https:\/\/www.baler-machines.com\/wp-content\/uploads\/2023\/03\/tire-baling-machine-for-sale.webp\" alt=\"presse \u00e0 pneus \u00e0 vendre\" class=\"wp-image-3078\" title=\"\"><figcaption class=\"wp-element-caption\">Machine de mise en balles de pneus \u00e0 vendre<\/figcaption><\/figure> <\/figure>    <p class=\"translation-block\">L'image ci-dessus montre notre <a href=\"https:\/\/www.baler-machines.com\/fr\/horizontal-waste-paper-baling-machine\/\" target=\"_blank\" rel=\"noreferrer noopener\">presse horizontale enti\u00e8rement automatique<\/a> en action. Lors de l'emballage des pneus, ils peuvent \u00eatre transf\u00e9r\u00e9s \u00e0 l'entr\u00e9e par la bande transporteuse de mani\u00e8re autonome, puis la machine effectue l'emballage de mani\u00e8re autonome. Notre presse peut tr\u00e8s bien effectuer le travail d'emballage des pneus usag\u00e9s.<\/p>    <h2 class=\"wp-block-heading\"><strong>Comment choisir une presse \u00e0 pneus adapt\u00e9e ?<\/strong><\/h2>    <p>En tant que fabricant et fournisseur professionnel de presses \u00e0 balles hydrauliques, nous avons des d\u00e9cennies d'exp\u00e9rience en mati\u00e8re de production et de vente \u00e0 l'exportation, r\u00e9sumant les points suivants pour votre r\u00e9f\u00e9rence.<\/p>    <figure class=\"wp-block-gallery aligncenter has-nested-images columns-default is-cropped wp-block-gallery-5 is-layout-flex wp-block-gallery-is-layout-flex\"> <figure class=\"wp-block-image size-full\"><img loading=\"lazy\" decoding=\"async\" width=\"720\" height=\"540\" data-id=\"4188\" src=\"https:\/\/www.baler-machines.com\/wp-content\/uploads\/2025\/05\/shuliy-tire-baling-machine.webp\" alt=\"machine de pressage de pneus shuliy\" class=\"wp-image-4188\" title=\"\" srcset=\"https:\/\/www.baler-machines.com\/wp-content\/uploads\/2025\/05\/shuliy-tire-baling-machine.webp 720w, https:\/\/www.baler-machines.com\/wp-content\/uploads\/2025\/05\/shuliy-tire-baling-machine-16x12.webp 16w\" sizes=\"auto, (max-width: 720px) 100vw, 720px\" \/><figcaption class=\"wp-element-caption\">Machine \u00e0 compacter les pneus Shuliy<\/figcaption><\/figure>    <figure class=\"wp-block-image size-full\"><img loading=\"lazy\" decoding=\"async\" width=\"616\" height=\"540\" data-id=\"4315\" src=\"https:\/\/www.baler-machines.com\/wp-content\/uploads\/2023\/03\/horizontal-tire-baler.webp\" alt=\"horizontal tire baler\" class=\"wp-image-4315\" title=\"\" srcset=\"https:\/\/www.baler-machines.com\/wp-content\/uploads\/2023\/03\/horizontal-tire-baler.webp 616w, https:\/\/www.baler-machines.com\/wp-content\/uploads\/2023\/03\/horizontal-tire-baler-14x12.webp 14w\" sizes=\"auto, (max-width: 616px) 100vw, 616px\" \/><figcaption class=\"wp-element-caption\">Compacteur de pneus horizontal<\/figcaption><\/figure> <\/figure>    <div class=\"wp-block-columns is-layout-flex wp-container-core-columns-is-layout-9d6595d7 wp-block-columns-is-layout-flex\"> <div class=\"wp-block-column is-layout-flow wp-block-column-is-layout-flow\"> <p class=\"translation-block\"><strong>D\u00e9terminer le type de presse \u00e0 balles pour pneus<\/strong><\/p> <\/div>    <div class=\"wp-block-column is-layout-flow wp-block-column-is-layout-flow\"> <p class=\"translation-block\"><strong>Fabricant de presses \u00e0 balles pour pneus digne de confiance<\/strong><\/p> <\/div> <\/div>    <div class=\"wp-block-columns is-layout-flex wp-container-core-columns-is-layout-9d6595d7 wp-block-columns-is-layout-flex\"> <div class=\"wp-block-column is-layout-flow wp-block-column-is-layout-flow\"> <p class=\"translation-block\"><strong>Choisir entre une presse semi-automatique ou enti\u00e8rement automatique<\/strong><\/p> <\/div>    <div class=\"wp-block-column is-layout-flow wp-block-column-is-layout-flow\"> <p class=\"translation-block\"><strong>Bon service apr\u00e8s-vente<\/strong><\/p> <\/div> <\/div>    <h2 class=\"wp-block-heading\"><strong>Vid\u00e9os de la presse hydraulique verticale\/horizontale pour pneus us\u00e9s<\/strong><\/h2>    <figure class=\"wp-block-embed is-type-video is-provider-youtube wp-block-embed-youtube wp-embed-aspect-16-9 wp-has-aspect-ratio\"><div class=\"wp-block-embed__wrapper\"> <iframe loading=\"lazy\" title=\"Presse \u00e0 balles horizontale pour pneus usag\u00e9s 2023 - Machine \u00e0 balles hydraulique enti\u00e8rement automatique pour pneus en caoutchouc #\" width=\"500\" height=\"281\" src=\"https:\/\/www.youtube.com\/embed\/uMhgPXa9fMc?feature=oembed\" frameborder=\"0\" allow=\"accelerometer; autoplay; clipboard-write; encrypted-media; gyroscope; picture-in-picture; web-share\" referrerpolicy=\"strict-origin-when-cross-origin\" allowfullscreen><\/iframe> <\/div><\/figure>    <figure class=\"wp-block-embed is-type-video is-provider-youtube wp-block-embed-youtube wp-embed-aspect-16-9 wp-has-aspect-ratio\"><div class=\"wp-block-embed__wrapper\"> <iframe loading=\"lazy\" title=\"Presse \u00e0 balles verticale hydraulique pour pneus de voiture, pneus de camion, pneus en caoutchouc, etc. #recyclingbusiness\" width=\"500\" height=\"281\" src=\"https:\/\/www.youtube.com\/embed\/R5UJdLGn14A?start=4&#038;feature=oembed\" frameborder=\"0\" allow=\"accelerometer; autoplay; clipboard-write; encrypted-media; gyroscope; picture-in-picture; web-share\" referrerpolicy=\"strict-origin-when-cross-origin\" allowfullscreen><\/iframe> <\/div><\/figure>","protected":false},"excerpt":{"rendered":"<p>The waste tyre\/tire baler is a hydraulic baling press, which is suitable to bale rubber, truck tyre, car tyre, and other similar materials for recycling. For owners in the automotive industry, waste tires are generated at any time. Using a hydraulic baling press for waste tires allows for neat stacking of tires and also greatly [&hellip;]<\/p>\n","protected":false},"author":1,"featured_media":3091,"parent":0,"template":"","tags":[570,604],"product-type":[563],"class_list":["post-3071","product","type-product","status-publish","has-post-thumbnail","hentry","tag-hydraulic-baling-press","tag-tire-baler","product-type-baler-machine"],"_links":{"self":[{"href":"https:\/\/www.baler-machines.com\/fr\/wp-json\/wp\/v2\/product\/3071","targetHints":{"allow":["GET"]}}],"collection":[{"href":"https:\/\/www.baler-machines.com\/fr\/wp-json\/wp\/v2\/product"}],"about":[{"href":"https:\/\/www.baler-machines.com\/fr\/wp-json\/wp\/v2\/types\/product"}],"author":[{"embeddable":true,"href":"https:\/\/www.baler-machines.com\/fr\/wp-json\/wp\/v2\/users\/1"}],"wp:featuredmedia":[{"embeddable":true,"href":"https:\/\/www.baler-machines.com\/fr\/wp-json\/wp\/v2\/media\/3091"}],"wp:attachment":[{"href":"https:\/\/www.baler-machines.com\/fr\/wp-json\/wp\/v2\/media?parent=3071"}],"wp:term":[{"taxonomy":"post_tag","embeddable":true,"href":"https:\/\/www.baler-machines.com\/fr\/wp-json\/wp\/v2\/tags?post=3071"},{"taxonomy":"product-type","embeddable":true,"href":"https:\/\/www.baler-machines.com\/fr\/wp-json\/wp\/v2\/product-type?post=3071"}],"curies":[{"name":"wp","href":"https:\/\/api.w.org\/{rel}","templated":true}]}}