{"id":3044,"date":"2023-02-28T17:00:27","date_gmt":"2023-02-28T09:00:27","guid":{"rendered":"https:\/\/www.baler-machines.com\/?post_type=product&#038;p=3044"},"modified":"2023-03-01T10:48:52","modified_gmt":"2023-03-01T02:48:52","slug":"sawdust-baler-for-sale","status":"publish","type":"product","link":"https:\/\/www.baler-machines.com\/fr\/sawdust-baler-for-sale\/","title":{"rendered":"Presse \u00e0 balles de sciure enti\u00e8rement automatique \u00e0 vendre"},"content":{"rendered":"<p class=\"translation-block\">Cette presse \u00e0 balles de sciure appartient en fait \u00e0 une sorte de <a href=\"https:\/\/www.baler-machines.com\/fr\/automatic-horizontal-baler\/\" target=\"_blank\" rel=\"noreferrer noopener\">presse horizontale<\/a>, qui est sp\u00e9cialement utilis\u00e9e pour compresser et emballer la sciure et d\u2019autres d\u00e9chets de bois. Le but principal est de faciliter le transport et le stockage.<\/p>    <figure class=\"wp-block-gallery aligncenter has-nested-images columns-default is-cropped wp-block-gallery-2 is-layout-flex wp-block-gallery-is-layout-flex\"> <figure class=\"wp-block-image size-full\"><img loading=\"lazy\" decoding=\"async\" width=\"320\" height=\"250\" data-id=\"3047\" src=\"https:\/\/www.baler-machines.com\/wp-content\/uploads\/2023\/02\/sawdust.webp\" alt=\"sciure\" class=\"wp-image-3047\" title=\"\"><figcaption class=\"wp-element-caption\">Sciure<\/figcaption><\/figure>    <figure class=\"wp-block-image size-full\"><img loading=\"lazy\" decoding=\"async\" width=\"320\" height=\"250\" data-id=\"3049\" src=\"https:\/\/www.baler-machines.com\/wp-content\/uploads\/2023\/02\/sawdust-bale.webp\" alt=\"balle de sciure-1\" class=\"wp-image-3049\" title=\"\"><figcaption class=\"wp-element-caption\">Balle de sciure-1<\/figcaption><\/figure>    <figure class=\"wp-block-image size-full\"><img loading=\"lazy\" decoding=\"async\" width=\"320\" height=\"250\" data-id=\"3048\" src=\"https:\/\/www.baler-machines.com\/wp-content\/uploads\/2023\/02\/sawdust-bale-.webp\" alt=\"balle de sciure-2\" class=\"wp-image-3048\" title=\"\"><figcaption class=\"wp-element-caption\">Balle de sciure-2<\/figcaption><\/figure> <\/figure>    <p>Pour les investisseurs, investir dans une presse hydraulique \u00e0 sciure peut aider les clients \u00e0 maximiser l\u2019int\u00e9gration des ressources et une planification rationnelle.<\/p>    <h2 class=\"wp-block-heading\"><strong>Quels types de mat\u00e9riaux peuvent \u00eatre mis en balles par la presse \u00e0 balles de sciure Shuliy\u00a0?<\/strong><\/h2>    <p class=\"translation-block\">En g\u00e9n\u00e9ral, la <a href=\"https:\/\/en.wikipedia.org\/wiki\/Sawdust\" target=\"_blank\" rel=\"noreferrer noopener\">sciure<\/a>, les copeaux de bois, les plaquettes foresti\u00e8res, les d\u00e9chets ligneux, etc. peuvent \u00eatre compress\u00e9s et emball\u00e9s.<\/p>    <figure class=\"wp-block-gallery aligncenter has-nested-images columns-default is-cropped wp-block-gallery-3 is-layout-flex wp-block-gallery-is-layout-flex\"> <figure class=\"wp-block-image size-large\"><img loading=\"lazy\" decoding=\"async\" width=\"720\" height=\"500\" data-id=\"2667\" src=\"https:\/\/www.baler-machines.com\/wp-content\/uploads\/2022\/08\/applications-of-the-hydraulic-vertical-baler.webp\" alt=\"applications de la presse \u00e0 balles verticale hydraulique\" class=\"wp-image-2667\" title=\"\"><figcaption class=\"wp-element-caption\">Applications de la presse verticale hydraulique<\/figcaption><\/figure>    <figure class=\"wp-block-image size-large\"><img loading=\"lazy\" decoding=\"async\" width=\"540\" height=\"540\" data-id=\"2625\" src=\"https:\/\/www.baler-machines.com\/wp-content\/uploads\/2022\/08\/waste-paper-baling-machine-applications.webp\" alt=\"applications de la machine \u00e0 mettre en balles les vieux papiers\" class=\"wp-image-2625\" title=\"\"><figcaption class=\"wp-element-caption\">Applications des machines de mise en balles de vieux papiers<\/figcaption><\/figure> <\/figure>    <p class=\"translation-block\">De plus, comme cette presse \u00e0 balles de sciure appartient \u00e0 une sorte de <a href=\"https:\/\/www.baler-machines.com\/fr\/baler-machine\/\" target=\"_blank\" rel=\"noreferrer noopener\">presse \u00e0 balles hydraulique<\/a>, les mat\u00e9riaux qui peuvent \u00eatre emball\u00e9s par une presse \u00e0 balles hydraulique sont \u00e9galement applicables \u00e0 cette machine, tels que les pneus, les bouteilles en plastique PET, les v\u00eatements usag\u00e9s, les cartons usag\u00e9s, le papier usag\u00e9, etc.<\/p>    <h2 class=\"wp-block-heading\"><strong>Pourquoi recycler la sciure de bois ? \u2013 Applications de sciure de bois  <\/strong><\/h2>    <ol class=\"wp-block-list\"> <li>La sciure de bois est transform\u00e9e en mati\u00e8res premi\u00e8res semi-finies de charbon de bois m\u00e9canique par haute temp\u00e9rature et haute pression de la machine de fabrication de barres, ce qui est un produit id\u00e9al avec peu d'investissement et un effet rapide.<\/li>    <li>La sciure de bois peut \u00e9galement \u00eatre utilis\u00e9e comme combustible pour les aliments fum\u00e9s.<\/li>    <li>La sciure de bois peut \u00eatre utilis\u00e9e comme substrat d'emballage pour le pressage de hautes branches d'azal\u00e9e, de kumquat, de cam\u00e9lia, d'osmanthus et d'autres arbres \u00e0 fleurs. Le mat\u00e9riau est complet en termes de nutrition, de texture l\u00e2che, de r\u00e9tention d'eau et de perm\u00e9abilit\u00e9 \u00e0 l'air, et est propre et hygi\u00e9nique.<\/li> <\/ol>    <h2 class=\"wp-block-heading\"><strong>Comment s\u00e9lectionner un fabricant et fournisseur fiable de presse \u00e0 sciure de bois\u00a0?<\/strong><\/h2>    <p>Puisqu'il s'agit d'une machine de recyclage, il existe sur le march\u00e9 diff\u00e9rents fabricants et fournisseurs de presses \u00e0 briquettes de sciure de bois. Comment trouver celui qui convient le mieux parmi tant de fabricants ? D'apr\u00e8s notre exp\u00e9rience, les suggestions suivantes sont donn\u00e9es lors de l'achat de la presse \u00e0 sciure.<\/p>    <p>La technologie du fabricant et fournisseur de presse \u00e0 briquettes de sciure de bois<\/p>    <p>Service apr\u00e8s-vente des fabricants et fournisseurs de presses \u00e0 sciure de bois<\/p>    <p>Exp\u00e9rience d'exportation de presse \u00e0 balles de sciure de bois \u00e0 vendre<\/p>    <figure class=\"wp-block-gallery aligncenter has-nested-images columns-default is-cropped wp-block-gallery-4 is-layout-flex wp-block-gallery-is-layout-flex\"> <figure class=\"wp-block-image size-large\"><img loading=\"lazy\" decoding=\"async\" width=\"720\" height=\"540\" data-id=\"3052\" src=\"https:\/\/www.baler-machines.com\/wp-content\/uploads\/2023\/02\/automatic-baling-press-for-export.webp\" alt=\"presse \u00e0 balles automatique pour l&#039;exportation\" class=\"wp-image-3052\" title=\"\"><figcaption class=\"wp-element-caption\">Presse \u00e0 balles automatique pour l'exportation<\/figcaption><\/figure>    <figure class=\"wp-block-image size-large\"><img loading=\"lazy\" decoding=\"async\" width=\"720\" height=\"540\" data-id=\"3053\" src=\"https:\/\/www.baler-machines.com\/wp-content\/uploads\/2023\/02\/horizontal-baling-press-loading.webp\" alt=\"chargement de la presse \u00e0 balles horizontale\" class=\"wp-image-3053\" title=\"\"><figcaption class=\"wp-element-caption\">Chargement de la presse \u00e0 balles horizontale<\/figcaption><\/figure> <\/figure>    <h2 class=\"wp-block-heading\"><strong>Vid\u00e9os de compacteur de sciure horizontal \u00e0 vendre<\/strong><\/h2>    <figure class=\"wp-block-embed is-type-video is-provider-youtube wp-block-embed-youtube wp-embed-aspect-16-9 wp-has-aspect-ratio\"><div class=\"wp-block-embed__wrapper\"> <iframe loading=\"lazy\" title=\"Presse \u00e0 sciure hydraulique 2023 - Machine de mise en balles de copeaux de bois\/sciure au meilleur prix en Chine\" width=\"500\" height=\"281\" src=\"https:\/\/www.youtube.com\/embed\/97yv1wZ274M?feature=oembed\" frameborder=\"0\" allow=\"accelerometer; autoplay; clipboard-write; encrypted-media; gyroscope; picture-in-picture; web-share\" referrerpolicy=\"strict-origin-when-cross-origin\" allowfullscreen><\/iframe> <\/div><\/figure>    <figure class=\"wp-block-embed is-type-video is-provider-youtube wp-block-embed-youtube wp-embed-aspect-16-9 wp-has-aspect-ratio\"><div class=\"wp-block-embed__wrapper\"> <iframe loading=\"lazy\" title=\"Presse \u00e0 balles verticale multifonctionnelle pour sciure de bois | Presses \u00e0 balles industrielles de Shuliy Machinery#shorts\" width=\"500\" height=\"281\" src=\"https:\/\/www.youtube.com\/embed\/tIpD5S7gwKk?feature=oembed\" frameborder=\"0\" allow=\"accelerometer; autoplay; clipboard-write; encrypted-media; gyroscope; picture-in-picture; web-share\" referrerpolicy=\"strict-origin-when-cross-origin\" allowfullscreen><\/iframe> <\/div><\/figure>    <p> <\/p>","protected":false},"excerpt":{"rendered":"<p>This sawdust baler actually belongs to a kind of horizontal press baler, which is specially used for compressing and baling sawdust and other wood waste. The main purpose is to facilitate transportation and storage. For investors, investing in a hydraulic sawdust press can help customers to maximize the integration of resources and rational planning. What [&hellip;]<\/p>\n","protected":false},"author":1,"featured_media":3046,"parent":0,"template":"","tags":[602],"product-type":[563],"class_list":["post-3044","product","type-product","status-publish","has-post-thumbnail","hentry","tag-sawdust-baler","product-type-baler-machine"],"_links":{"self":[{"href":"https:\/\/www.baler-machines.com\/fr\/wp-json\/wp\/v2\/product\/3044","targetHints":{"allow":["GET"]}}],"collection":[{"href":"https:\/\/www.baler-machines.com\/fr\/wp-json\/wp\/v2\/product"}],"about":[{"href":"https:\/\/www.baler-machines.com\/fr\/wp-json\/wp\/v2\/types\/product"}],"author":[{"embeddable":true,"href":"https:\/\/www.baler-machines.com\/fr\/wp-json\/wp\/v2\/users\/1"}],"wp:featuredmedia":[{"embeddable":true,"href":"https:\/\/www.baler-machines.com\/fr\/wp-json\/wp\/v2\/media\/3046"}],"wp:attachment":[{"href":"https:\/\/www.baler-machines.com\/fr\/wp-json\/wp\/v2\/media?parent=3044"}],"wp:term":[{"taxonomy":"post_tag","embeddable":true,"href":"https:\/\/www.baler-machines.com\/fr\/wp-json\/wp\/v2\/tags?post=3044"},{"taxonomy":"product-type","embeddable":true,"href":"https:\/\/www.baler-machines.com\/fr\/wp-json\/wp\/v2\/product-type?post=3044"}],"curies":[{"name":"wp","href":"https:\/\/api.w.org\/{rel}","templated":true}]}}