{"id":3008,"date":"2023-02-23T15:10:37","date_gmt":"2023-02-23T07:10:37","guid":{"rendered":"https:\/\/www.baler-machines.com\/?post_type=product&#038;p=3008"},"modified":"2025-02-13T11:26:29","modified_gmt":"2025-02-13T03:26:29","slug":"automatic-plastic-pet-bottle-baling-machine","status":"publish","type":"product","link":"https:\/\/www.baler-machines.com\/fr\/automatic-plastic-pet-bottle-baling-machine\/","title":{"rendered":"Machine automatique de mise en balles de bouteilles en plastique PET \u00e0 vendre"},"content":{"rendered":"<p class=\"translation-block\">La <strong>presse \u00e0 balles automatique pour bouteilles PET<\/strong> (presse \u00e0 balles en plastique) est con\u00e7ue pour les plastiques usag\u00e9s, les bouteilles PET, les bouteilles d'eau potable press\u00e9es en formes carr\u00e9es. Cette presse hydraulique \u00e0 balles offre une grande efficacit\u00e9, une large gamme d'applications et de bonnes performances.<\/p>    <p> Pour les investisseurs, c\u2019est le d\u00e9sir d\u2019acheter une presse hydraulique performante et de bonne qualit\u00e9 pour faciliter leur activit\u00e9. Notre presse \u00e0 bouteilles PET est une telle machine. De plus, notre presse \u00e0 balles pour bouteilles PET a un taux de rachat tr\u00e8s \u00e9lev\u00e9, que l'on retrouve dans nos cas de r\u00e9ussite.<\/p>    <figure class=\"wp-block-embed is-type-video is-provider-youtube wp-block-embed-youtube wp-embed-aspect-16-9 wp-has-aspect-ratio\"><div class=\"wp-block-embed__wrapper\"> <iframe loading=\"lazy\" title=\"Presse \u00e0 balles pour bouteilles PET - Presse \u00e0 balles horizontale automatique hydraulique #recyclingbusiness\" width=\"500\" height=\"281\" src=\"https:\/\/www.youtube.com\/embed\/KdILDBXP9HE?start=8&#038;feature=oembed\" frameborder=\"0\" allow=\"accelerometer; autoplay; clipboard-write; encrypted-media; gyroscope; picture-in-picture; web-share\" referrerpolicy=\"strict-origin-when-cross-origin\" allowfullscreen><\/iframe> <\/div><figcaption class=\"wp-element-caption\">vid\u00e9o de mise en balles de bouteilles PET enti\u00e8rement automatique<\/figcaption><\/figure>    <h2 class=\"wp-block-heading\"><strong>Pourquoi utiliser la presse \u00e0 balles hydraulique pour les bouteilles en plastique PET ? <\/strong><\/h2>    <p>Les bouteilles PET utilis\u00e9es pour l\u2019emballage des boissons gazeuses et de l\u2019eau min\u00e9rale sont souvent pr\u00e9sent\u00e9es comme le plastique le plus respectueux de l\u2019environnement, avec l\u2019un des taux de recyclage les plus \u00e9lev\u00e9s du secteur. <\/p>    <p>Selon une \u00e9tude de l'ONG environnementale Zero Waste Europe, le taux de recyclage du PET est d'environ 50%. Le PET recycl\u00e9 est souvent \u00ab down-cycl\u00e9 \u00bb en d\u2019autres produits, tels que des palettes en plastique, des cerclages ou des fibres.<\/p>    <figure class=\"wp-block-gallery aligncenter has-nested-images columns-default is-cropped wp-block-gallery-2 is-layout-flex wp-block-gallery-is-layout-flex\"> <figure class=\"wp-block-image size-full\"><img loading=\"lazy\" decoding=\"async\" width=\"540\" height=\"350\" data-id=\"3023\" src=\"https:\/\/www.baler-machines.com\/wp-content\/uploads\/2023\/02\/used-PET-bottles.webp\" alt=\"bouteilles PET usag\u00e9es\" class=\"wp-image-3023\" title=\"\"><figcaption class=\"wp-element-caption\">Bouteilles pour animaux de compagnie usag\u00e9es<\/figcaption><\/figure>    <figure class=\"wp-block-image size-full\"><img loading=\"lazy\" decoding=\"async\" width=\"540\" height=\"350\" data-id=\"3024\" src=\"https:\/\/www.baler-machines.com\/wp-content\/uploads\/2023\/02\/baled-PET-bottles.webp\" alt=\"bouteilles PET en balles\" class=\"wp-image-3024\" title=\"\"><figcaption class=\"wp-element-caption\">Bouteilles pour animaux de compagnie en balles<\/figcaption><\/figure> <\/figure>    <p>Ainsi, en fonction des caract\u00e9ristiques des bouteilles en plastique PET \u00e0 recycler, des machines adapt\u00e9es sont cr\u00e9\u00e9es. Cette industrie du recyclage rend la presse \u00e0 balles plastique d\u2019une grande utilit\u00e9. Apr\u00e8s le recyclage des bouteilles en plastique, celles-ci sont emball\u00e9es et tri\u00e9es de mani\u00e8re centralis\u00e9e pour faciliter la prochaine \u00e9tape pour l'investisseur.<\/p>    <h2 class=\"wp-block-heading\"><strong>Types de machines de mise en balles de bouteilles en plastique PET \u00e0 vendre<\/strong><\/h2>    <p>Il existe deux types de presses \u00e0 bouteilles en plastique utilis\u00e9es pour compacter rapidement et efficacement le plastique\/PET.<\/p>    <div class=\"wp-block-media-text alignwide is-stacked-on-mobile\"><figure class=\"wp-block-media-text__media\"><img loading=\"lazy\" decoding=\"async\" width=\"720\" height=\"540\" src=\"https:\/\/www.baler-machines.com\/wp-content\/uploads\/2022\/12\/hydraulic-oil-drum-baler-machine.webp\" alt=\"presse \u00e0 tambour d&#039;huile hydraulique\" class=\"wp-image-2910 size-full\" title=\"\"><\/figure><div class=\"wp-block-media-text__content\"> <p class=\"has-text-align-center translation-block\"><strong>Presse \u00e0 balles verticale pour bouteilles PET<\/strong><\/p>    <p>Ce type de presse \u00e0 bouteilles en plastique verticale est disponible en types monocylindre et double cylindre. La machine de pressage des d\u00e9chets de bouteilles PET est disponible en diff\u00e9rents types. <\/p> <\/div><\/div>    <div class=\"wp-block-media-text alignwide has-media-on-the-right is-stacked-on-mobile\"><div class=\"wp-block-media-text__content\"> <p class=\"has-text-align-center translation-block\"><strong>Presse horizontale enti\u00e8rement automatique pour bouteilles PET<\/strong><\/p>    <p>Cette presse \u00e0 balles horizontale en PET est divis\u00e9e en deux types, l'une est semi-automatique comme indiqu\u00e9 sur l'image et l'autre est enti\u00e8rement automatique avec une bande transporteuse.<\/p> <\/div><figure class=\"wp-block-media-text__media\"><img loading=\"lazy\" decoding=\"async\" width=\"720\" height=\"540\" src=\"https:\/\/www.baler-machines.com\/wp-content\/uploads\/2023\/02\/plastic-bottle-baler-machine.webp\" alt=\"presse \u00e0 bouteilles en plastique\" class=\"wp-image-3012 size-full\" title=\"\"><\/figure><\/div>    <h2 class=\"wp-block-heading\"><strong>Param\u00e8tres techniques de la machine de mise en balles de bouteilles PET \u00e0 vendre<\/strong><\/h2>    <p class=\"translation-block\"><strong>Presse verticale populaire pour bouteilles PET usag\u00e9es<\/strong><\/p>    <figure class=\"wp-block-table\"><table><tbody><tr><td>Mod\u00e8le<\/td><td>Pression<\/td><td>Moteur<\/td><td>Le volume de la bo\u00eete int\u00e9rieure<\/td><td>Taille du produit final<\/td><td>Capacit\u00e9<\/td><td>Poids<\/td><\/tr><tr><td>SL-HZ-15T<\/td><td>15T<\/td><td>5,5 kW<\/td><td>850*600*1300MM<\/td><td>890*610*500MM<\/td><td>1-1,5T\/H<\/td><td>1T<\/td><\/tr><tr><td>SL-HZ-30T<\/td><td>30T<\/td><td>7,5 kW<\/td><td>800*400*1300MM<\/td><td>890*610*500MM<\/td><td>1,5-2T\/H<\/td><td>1,5T<\/td><\/tr><tr><td>SL-HZ-60T<\/td><td>60T<\/td><td>7,5 kW<\/td><td>900*600*1300MM<\/td><td>900*610*500MM<\/td><td>2-2,5T\/H<\/td><td>2T<\/td><\/tr><tr><td>SL-HZ-80T<\/td><td>80T<\/td><td>7,5 kW<\/td><td>1200*800*1500MM<\/td><td>1200*810*500MM<\/td><td>3-3,5T\/H<\/td><td>3T<\/td><\/tr><tr><td>SL-HZ-100T<\/td><td>100 tonnes<\/td><td>15KW<\/td><td>1100*900*1500MM<\/td><td>1100*910*500MM<\/td><td>3,5-4T\/H<\/td><td>3,5T<\/td><\/tr><tr><td>SL-HZ-120T<\/td><td>120T<\/td><td>18,5 kW<\/td><td>1200*100*1500MM<\/td><td>1200*100*500MM<\/td><td>4-5T\/H<\/td><td>4T<\/td><\/tr><\/tbody><\/table><figcaption class=\"wp-element-caption\">param\u00e8tres de la presse verticale<\/figcaption><\/figure>    <figure class=\"wp-block-embed is-type-video is-provider-youtube wp-block-embed-youtube wp-embed-aspect-16-9 wp-has-aspect-ratio\"><div class=\"wp-block-embed__wrapper\"> <iframe loading=\"lazy\" title=\"Presse \u00e0 balles verticale \u00e0 haut rendement pour la mise en balles rapide de bouteilles en plastique | Recyclage du plastique avec presse \u00e0 balles\" width=\"500\" height=\"281\" src=\"https:\/\/www.youtube.com\/embed\/cbs4mX9GfyI?feature=oembed\" frameborder=\"0\" allow=\"accelerometer; autoplay; clipboard-write; encrypted-media; gyroscope; picture-in-picture; web-share\" referrerpolicy=\"strict-origin-when-cross-origin\" allowfullscreen><\/iframe> <\/div><figcaption class=\"wp-element-caption\">Presse \u00e0 balles hydraulique pour bouteilles en plastique PET<\/figcaption><\/figure>    <p class=\"translation-block\"><strong>Presse horizontale enti\u00e8rement automatique pour bouteilles PET<\/strong><\/p>    <figure class=\"wp-block-table\"><table><tbody><tr><td>Mod\u00e8le<\/td><td>SL-120<\/td><td>SL-160<\/td><td>SL-180<\/td><td>SL-200<\/td><\/tr><tr><td>Syst\u00e8me dynamique<\/td><td>syst\u00e8me hydraulique&nbsp;<\/td><td>syst\u00e8me hydraulique&nbsp;<\/td><td>syst\u00e8me hydraulique&nbsp;<\/td><td>syst\u00e8me hydraulique&nbsp;<\/td><\/tr><tr><td>Pouvoir<\/td><td>22 kW, 3 CV, 380 V<\/td><td>30 kW + 4 kW, 3 CV, 380 V<\/td><td>37 kW + 4 kW, 3 CV, 380 V<\/td><td>45 kW + 4 kW, 3 CV, 380 V<\/td><\/tr><tr><td>Pouss\u00e9e nominale principale<\/td><td>1200KN<\/td><td>1600KN<\/td><td>1800KN<\/td><td>2000KN<\/td><\/tr><tr><td>Pression du syst\u00e8me<\/td><td>28MPa<\/td><td>31,5MPA<\/td><td>31,5MPa<\/td><td>31,5MPa&nbsp;<\/td><\/tr><tr><td>Syst\u00e8me de contr\u00f4le<\/td><td>Contr\u00f4le automatique par API<\/td><td>Contr\u00f4le automatique par API<\/td><td>Contr\u00f4le automatique par API<\/td><td>Contr\u00f4le automatique par API<\/td><\/tr><tr><td>Taille d'alimentation<\/td><td>1650mm*1100mm<\/td><td>1650mm*1100mm<\/td><td>2000*1100mm<\/td><td>2000mm*1100mm<\/td><\/tr><tr><td>Taille des balles<\/td><td>1100*900mm<\/td><td>1100mm*1250mm<\/td><td>1100*1300mm<\/td><td>1100mm*1400mm<\/td><\/tr><tr><td>Densit\u00e9 des balles<\/td><td>800Kg\/balle,<br>400-450kg\/m\u00b3<\/td><td>1200kg\/balle,<br>450kg\/m\u00b3<\/td><td>1300kg\/balle, 500kg\/m\u00b3<\/td><td>1400Kg\/Balle 520kg\/m\u00b3<\/td><\/tr><tr><td>Capacit\u00e9<\/td><td>4-7 balles\/h<\/td><td>5-8 balles\/h<\/td><td>6-9 balles\/h<\/td><td>8-10 balles\/h<\/td><\/tr><tr><td>Regroupement<\/td><td>3 pi\u00e8ces<\/td><td>4-5 pi\u00e8ces<\/td><td>4-5 pi\u00e8ces<\/td><td>4-5 pi\u00e8ces<\/td><\/tr><\/tbody><\/table><figcaption class=\"wp-element-caption\">Param\u00e8tres horizontaux de la machine de mise en balles de bouteilles PET<\/figcaption><\/figure>    <p>Lorsque nous choisissons une presse \u00e0 balles de bouteilles PET, nous nous appuyons fortement sur les besoins r\u00e9els de nos clients. Notre personnel commercial enverra les param\u00e8tres du mod\u00e8le pertinents au client, puis les combinera avec la taille de l'emballage souhait\u00e9 par le client pour recommander la machine la plus adapt\u00e9e au client.<\/p>    <h2 class=\"wp-block-heading\"><strong>Facteurs affectant le prix de la presse hydraulique \u00e0 balles de bouteilles PET<\/strong><\/h2>    <p>Lorsque vous achetez une machine, vous devez tenir compte de son prix. Il en va de m\u00eame pour la presse hydraulique \u00e0 bouteilles en plastique. R\u00e9sumez les facteurs suivants qui affectent le co\u00fbt de la machine de mise en balles de bouteilles PET pour votre r\u00e9f\u00e9rence.<\/p>    <div class=\"wp-block-columns is-layout-flex wp-container-core-columns-is-layout-9d6595d7 wp-block-columns-is-layout-flex\"> <div class=\"wp-block-column is-layout-flow wp-block-column-is-layout-flow\"> <p class=\"translation-block\"><strong>Types de <a href=\"https:\/\/www.baler-machines.com\/fr\/baler-machine\/\" target=\"_blank\" rel=\"noreferrer noopener\">presses hydrauliques \u00e0 balles<\/a><\/strong><\/p>    <p class=\"translation-block\"><strong>Mod\u00e8le de presse \u00e0 balles pour bouteilles PET<\/strong><\/p>    <p class=\"translation-block\"><strong>Configuration de la presse \u00e0 bouteilles<\/strong><\/p> <\/div>    <div class=\"wp-block-column is-layout-flow wp-block-column-is-layout-flow\"> <p class=\"translation-block\"><strong>Modes de livraison de la machine de mise en balles de bouteilles PET<\/strong><\/p>    <p class=\"translation-block\"><strong>Fret vers la destination du client<\/strong><\/p>    <p class=\"translation-block\"><strong>Taux de change internationaux<\/strong><\/p> <\/div> <\/div>    <h2 class=\"wp-block-heading\"><strong>Avantages de la mise en balles de bouteilles PET \u00e0 l'aide d'une presse \u00e0 bouteilles en plastique<\/strong><\/h2>    <ul class=\"wp-block-list\"> <li><strong>L'empilage est plus soign\u00e9 et plus beau<\/strong>. Par rapport aux bouteilles en plastique \u00e9parpill\u00e9es partout, l'utilisation de la presse \u00e0 bouteilles de boissons permet de trier plus proprement et plus beau.<\/li>    <li><strong>Efficacit\u00e9 m\u00e9canique sup\u00e9rieure.<\/strong> L'emballage manuel est tr\u00e8s lent et tr\u00e8s fatiguant, et en utilisant des machines, il y a une am\u00e9lioration tr\u00e8s \u00e9vidente de l'efficacit\u00e9.<\/li>    <li><strong>La prochaine \u00e9tape du traitement est plus pratique.<\/strong> Apr\u00e8s avoir press\u00e9 et compact\u00e9 les d\u00e9chets de bouteilles PET par la machine de pressage de bouteilles en plastique PET, c'est la gestion centralis\u00e9e du traitement, pour faciliter le traitement ult\u00e9rieur.<\/li> <\/ul>    <h2 class=\"wp-block-heading\"><strong>Contactez-nous pour profiter de votre entreprise de mise en balles de d\u00e9chets plastiques PET\u00a0!<\/strong><\/h2>    <p class=\"translation-block\">Contactez-nous pour vous aider \u00e0 rentabiliser votre activit\u00e9 de mise en balles de bouteilles PET en plastique usag\u00e9es ! Nous vous fournissons des solutions de mise en balles professionnelles pour am\u00e9liorer l'efficacit\u00e9 et la rentabilit\u00e9 de votre traitement de <a href=\"https:\/\/en.wikipedia.org\/wiki\/PET_bottle_recycling\" target=\"_blank\" rel=\"noopener\">bouteilles PET<\/a> usag\u00e9es. Contactez-nous d\u00e8s aujourd'hui pour commencer votre parcours rentable !<\/p>","protected":false},"excerpt":{"rendered":"<p>La presse \u00e0 balles en PET (presse \u00e0 balles en plastique) est con\u00e7ue pour les d\u00e9chets plastiques. Les bouteilles en PET sont press\u00e9es dans des formes \u00e0 densit\u00e9 carr\u00e9e pour r\u00e9aliser des b\u00e9n\u00e9fices. Cet article indique les types de balles de bouteilles en plastique, les aprameers techniques, etc. pour une r\u00e9f\u00e9rence facile lors de la lecture.<\/p>","protected":false},"author":1,"featured_media":3011,"parent":0,"template":"","tags":[601],"product-type":[563],"class_list":["post-3008","product","type-product","status-publish","has-post-thumbnail","hentry","tag-pet-bottle-baling-machine","product-type-baler-machine"],"_links":{"self":[{"href":"https:\/\/www.baler-machines.com\/fr\/wp-json\/wp\/v2\/product\/3008","targetHints":{"allow":["GET"]}}],"collection":[{"href":"https:\/\/www.baler-machines.com\/fr\/wp-json\/wp\/v2\/product"}],"about":[{"href":"https:\/\/www.baler-machines.com\/fr\/wp-json\/wp\/v2\/types\/product"}],"author":[{"embeddable":true,"href":"https:\/\/www.baler-machines.com\/fr\/wp-json\/wp\/v2\/users\/1"}],"wp:featuredmedia":[{"embeddable":true,"href":"https:\/\/www.baler-machines.com\/fr\/wp-json\/wp\/v2\/media\/3011"}],"wp:attachment":[{"href":"https:\/\/www.baler-machines.com\/fr\/wp-json\/wp\/v2\/media?parent=3008"}],"wp:term":[{"taxonomy":"post_tag","embeddable":true,"href":"https:\/\/www.baler-machines.com\/fr\/wp-json\/wp\/v2\/tags?post=3008"},{"taxonomy":"product-type","embeddable":true,"href":"https:\/\/www.baler-machines.com\/fr\/wp-json\/wp\/v2\/product-type?post=3008"}],"curies":[{"name":"wp","href":"https:\/\/api.w.org\/{rel}","templated":true}]}}