{"id":2971,"date":"2023-02-14T15:15:46","date_gmt":"2023-02-14T07:15:46","guid":{"rendered":"https:\/\/www.baler-machines.com\/?post_type=product&#038;p=2971"},"modified":"2023-02-14T15:55:13","modified_gmt":"2023-02-14T07:55:13","slug":"hydraulic-cardboard-baler-for-sale","status":"publish","type":"product","link":"https:\/\/www.baler-machines.com\/fr\/hydraulic-cardboard-baler-for-sale\/","title":{"rendered":"Presse \u00e0 balles de carton de d\u00e9chets hydraulique \u00e0 vendre"},"content":{"rendered":"<p>La presse \u00e0 carton hydraulique est sp\u00e9cialement con\u00e7ue pour les d\u00e9chets de carton et le carton ondul\u00e9 dans le but de cr\u00e9er des formes carr\u00e9es et de faciliter le stockage et le transport.<\/p>    <figure class=\"wp-block-gallery aligncenter has-nested-images columns-default is-cropped wp-block-gallery-2 is-layout-flex wp-block-gallery-is-layout-flex\"> <figure class=\"wp-block-image size-full\"><img loading=\"lazy\" decoding=\"async\" width=\"720\" height=\"540\" data-id=\"2986\" src=\"https:\/\/www.baler-machines.com\/wp-content\/uploads\/2023\/02\/hydraulic-cardboard-compactor.webp\" alt=\"compacteur de carton hydraulique\" class=\"wp-image-2986\" title=\"\"><figcaption class=\"wp-element-caption\">Compacteur de carton hydraulique<\/figcaption><\/figure>    <figure class=\"wp-block-image size-full\"><img loading=\"lazy\" decoding=\"async\" width=\"720\" height=\"540\" data-id=\"2985\" src=\"https:\/\/www.baler-machines.com\/wp-content\/uploads\/2023\/02\/horizontal-cardboard-baling-press.webp\" alt=\"presse \u00e0 balles en carton horizontale\" class=\"wp-image-2985\" title=\"\"><figcaption class=\"wp-element-caption\">Presse \u00e0 balles horizontale en carton<\/figcaption><\/figure> <\/figure>    <p class=\"translation-block\">Le compacteur de carton de Shuliy appartient en fait \u00e0 la <a href=\"https:\/\/www.baler-machines.com\/fr\/baler-machine\/\" target=\"_blank\" rel=\"noreferrer noopener\">presse hydraulique<\/a>, qui est souvent utilis\u00e9e dans diverses stations de recyclage de ferraille pour le conditionnement et le recyclage de divers d\u00e9chets, tels que le carton, les bo\u00eetes en carton, les v\u00eatements usag\u00e9s, les pneus, la paille, la sciure de bois, etc. Si cela vous int\u00e9resse, n'h\u00e9sitez pas \u00e0 nous contacter !<\/p>    <h2 class=\"wp-block-heading\"><strong>Pourquoi recycler et mettre en balles les <a href=\"https:\/\/en.wikipedia.org\/wiki\/Cardboard\" target=\"_blank\" rel=\"noreferrer noopener\">carton\/carton<\/a>?<\/strong><\/h2>    <p>Le carton peut \u00eatre utilis\u00e9 pour le stockage, le transport, etc. de diverses choses. Mais une fois sa mission accomplie, le carton est \u00e9limin\u00e9 comme d\u00e9chet. Dans ce cas, il existe g\u00e9n\u00e9ralement des collecteurs de ferraille pour le recyclage.<\/p>    <figure class=\"wp-block-gallery aligncenter has-nested-images columns-default is-cropped wp-block-gallery-3 is-layout-flex wp-block-gallery-is-layout-flex\"> <figure class=\"wp-block-image size-full\"><img loading=\"lazy\" decoding=\"async\" width=\"540\" height=\"540\" data-id=\"2941\" src=\"https:\/\/www.baler-machines.com\/wp-content\/uploads\/2023\/01\/waste-cardboard.webp\" alt=\"d\u00e9chets de carton\" class=\"wp-image-2941\" title=\"\"><figcaption class=\"wp-element-caption\">D\u00e9chets de carton<\/figcaption><\/figure>    <figure class=\"wp-block-image size-full\"><img loading=\"lazy\" decoding=\"async\" width=\"540\" height=\"540\" data-id=\"2942\" src=\"https:\/\/www.baler-machines.com\/wp-content\/uploads\/2023\/01\/waste-paper.webp\" alt=\"vieux papiers\" class=\"wp-image-2942\" title=\"\"><figcaption class=\"wp-element-caption\">Vieux papiers<\/figcaption><\/figure> <\/figure>    <p>Apr\u00e8s recyclage, le carton est stock\u00e9 ou revendu. Dans ce cas, l\u2019utilisation d\u2019une presse \u00e0 carton pour le compactage am\u00e9liorera grandement l\u2019efficacit\u00e9 du stockage. Et lors du prochain traitement, le temps sera consid\u00e9rablement r\u00e9duit.<\/p>    <h2 class=\"wp-block-heading\"><strong>Presse \u00e0 carton commerciale \u00e0 vendre <\/strong><\/h2>    <p>En tant que fabricant et fournisseur professionnel d'\u00e9quipements de recyclage, nos presses hydrauliques sont tr\u00e8s populaires sur le march\u00e9 international. Il existe deux types de presses hydrauliques pour la mise en balles de vieux cartons ou de mat\u00e9riaux similaires : la presse hydraulique verticale et la presse hydraulique horizontale.<\/p>    <figure class=\"wp-block-gallery aligncenter has-nested-images columns-default is-cropped wp-block-gallery-4 is-layout-flex wp-block-gallery-is-layout-flex\"> <figure class=\"wp-block-image size-full\"><img loading=\"lazy\" decoding=\"async\" width=\"540\" height=\"720\" data-id=\"2982\" src=\"https:\/\/www.baler-machines.com\/wp-content\/uploads\/2023\/02\/vertical-cardboard-baler-for-sale.webp\" alt=\"presse-\u00e0-carton-verticale-\u00e0-vendre\" class=\"wp-image-2982\" title=\"\"><figcaption class=\"wp-element-caption\">Presse \u00e0 carton Vertica \u00e0 vendre<\/figcaption><\/figure>    <figure class=\"wp-block-image size-full\"><img loading=\"lazy\" decoding=\"async\" width=\"540\" height=\"720\" data-id=\"2983\" src=\"https:\/\/www.baler-machines.com\/wp-content\/uploads\/2023\/02\/horizontal-cardboard-baler-machine.webp\" alt=\"presse \u00e0 balles horizontale en carton\" class=\"wp-image-2983\" title=\"\"><figcaption class=\"wp-element-caption\">Presse \u00e0 balles Ardboard horizontale<\/figcaption><\/figure> <\/figure>    <p>Presse \u00e0 carton verticale \u00e0 vendre : elle est largement utilis\u00e9e dans l\u2019industrie du recyclage pour divers d\u00e9chets. <\/p>    <p>Presse \u00e0 balles horizontale automatique en carton\u00a0: des presses \u00e0 balles horizontales enti\u00e8rement automatiques et semi-automatiques sont disponibles pour votre choix.<\/p>    <h2 class=\"wp-block-heading\"><strong>Quel est le prix d\u2019une presse \u00e0 carton industrielle ?<\/strong><\/h2>    <p>Le prix de la machine d\u00e9pend de divers facteurs. Comme mentionn\u00e9 ci-dessus, la presse \u00e0 carton appartient \u00e0 une sorte de presse \u00e0 balles hydraulique et il existe 2 types de mise en balles de d\u00e9chets de carton. Choisir une autre presse, le prix n\u2019est pas le m\u00eame. \u00c0 cela s\u2019ajoute la taille du carton que vous souhaitez emballer. Diff\u00e9rentes tailles choisissent diff\u00e9rents mod\u00e8les de machines, le prix n'est pas le m\u00eame.<\/p>    <h2 class=\"wp-block-heading\"><strong>Param\u00e8tres techniques de la presse \u00e0 carton verticale et horizontale<\/strong><\/h2>    <p class=\"translation-block\"><strong>Compacteur de carton vertical<\/strong><\/p>    <figure class=\"wp-block-table\"><table><tbody><tr><td>Mod\u00e8le<\/td><td>Pression<\/td><td>Moteur<\/td><td>Volume de la bo\u00eete int\u00e9rieure<\/td><td>Taille du produit final<\/td><td>Capacit\u00e9<\/td><td>Poids<\/td><\/tr><tr><td>SL-15T<\/td><td>15T<\/td><td>5,5 kW<\/td><td>850*600*1300MM<\/td><td>890*610*500MM<\/td><td>1-1,5T\/H<\/td><td>1T<\/td><\/tr><tr><td>SL-30T<\/td><td>30T<\/td><td>7,5 kW<\/td><td>800*400*1300MM<\/td><td>890*610*500MM<\/td><td>1,5-2T\/H<\/td><td>1,5T<\/td><\/tr><tr><td>SL-60T<\/td><td>60T<\/td><td>7,5 kW<\/td><td>900*600*1300MM<\/td><td>900*610*500MM<\/td><td>2-2,5T\/H<\/td><td>2T<\/td><\/tr><tr><td>SL-80T<\/td><td>80T<\/td><td>7,5 kW<\/td><td>1200*800*1500MM<\/td><td>1200*810*500MM<\/td><td>3-3,5T\/H<\/td><td>3T<\/td><\/tr><tr><td>SL-100T<\/td><td>100 tonnes<\/td><td>15KW<\/td><td>1100*900*1500MM<\/td><td>1100*910*500MM<\/td><td>3,5-4T\/H<\/td><td>3,5T<\/td><\/tr><tr><td>SL-120T<\/td><td>120T<\/td><td>18,5 kW<\/td><td>1200*100*1500MM<\/td><td>1200*100*500MM<\/td><td>4-5T\/H<\/td><td>4T<\/td><\/tr><\/tbody><\/table><\/figure>    <p class=\"translation-block\"><strong>Machine de compaction horizontale de carton<\/strong><\/p>    <figure class=\"wp-block-table\"><table><tbody><tr><td>Mod\u00e8le<\/td><td>SL-120\/100<\/td><td>SL-180\/160<\/td><td>SL-200<\/td><td>SL-220<\/td><\/tr><tr><td>Pression<\/td><td>28Mpa<\/td><td>28Mpa<\/td><td>31,5 MPa<\/td><td>31,5 MPa<\/td><\/tr><tr><td>Taille du port d'alimentation<\/td><td>1700*1020mm<\/td><td>2000*1100mm<\/td><td>1100*200mm<\/td><td>1100*2000mm<\/td><\/tr><tr><td>Taille du produit final<\/td><td>1100*900mm<\/td><td>1100*1300mm<\/td><td>1100*1300*1500mm (r\u00e9glable)<\/td><td>1500*1100*1400mm<\/td><\/tr><tr><td>Poids du produit final<\/td><td>1100-1550kg<\/td><td>1100-1550kg<\/td><td>1100-1550kg<\/td><td>1100-1550kg<\/td><\/tr><tr><td>Moteur total<\/td><td>22kw<\/td><td>43,5 kW<\/td><td>55kw<\/td><td>62kw<\/td><\/tr><tr><td>Mani\u00e8re d'emballage<\/td><td>Fil tremp\u00e9 manuel 2,8-3,2mm 3 lignes<\/td><td>Fil tremp\u00e9 automatique 2,8-3,2 mm 4 lignes<\/td><td>Fil automatique 12# 5 lignes<\/td><td>Fil automatique 12# 5 lignes<\/td><\/tr><tr><td>Syst\u00e8me de contr\u00f4le<\/td><td>Syst\u00e8me PLC<\/td><td>Syst\u00e8me PLC<\/td><td>Syst\u00e8me PLC<\/td><td>Syst\u00e8me PLC<\/td><\/tr><tr><td>Capacit\u00e9<\/td><td>7T\/H<\/td><td>10T\/H<\/td><td>12T\/H<\/td><td>14T\/H<\/td><\/tr><tr><td>Type d'huile<\/td><td>46# Huile hydraulique<\/td><td>46# Huile hydraulique<\/td><td>46# Huile hydraulique<\/td><td>46# Huile hydraulique<\/td><\/tr><tr><td>R\u00e9servoir d'huile<\/td><td>2000 kg<\/td><td>2000 kg<\/td><td>2000 kg<\/td><td>2000 kg<\/td><\/tr><\/tbody><\/table><\/figure>    <h2 class=\"wp-block-heading\"><strong>Vid\u00e9o de travail d'une presse \u00e0 balles horizontale pour d\u00e9chets de carton<\/strong><\/h2>    <figure class=\"wp-block-embed is-type-video is-provider-youtube wp-block-embed-youtube wp-embed-aspect-16-9 wp-has-aspect-ratio\"><div class=\"wp-block-embed__wrapper\"> <iframe loading=\"lazy\" title=\"Presse \u00e0 balles hydraulique enti\u00e8rement automatique pour carton - Presse \u00e0 carton horizontale \u00e0 vendre 2023\" width=\"500\" height=\"281\" src=\"https:\/\/www.youtube.com\/embed\/2cfZYxAvoXg?feature=oembed\" frameborder=\"0\" allow=\"accelerometer; autoplay; clipboard-write; encrypted-media; gyroscope; picture-in-picture; web-share\" referrerpolicy=\"strict-origin-when-cross-origin\" allowfullscreen><\/iframe> <\/div><\/figure>    <figure class=\"wp-block-embed is-type-video is-provider-youtube wp-block-embed-youtube wp-embed-aspect-4-3 wp-has-aspect-ratio\"><div class=\"wp-block-embed__wrapper\"> <iframe loading=\"lazy\" title=\"Presse \u00e0 balles verticale en carton \u00e0 vendre - Presse \u00e0 balles hydraulique pour le recyclage des d\u00e9chets #cardboard\" width=\"500\" height=\"375\" src=\"https:\/\/www.youtube.com\/embed\/-8v8ocY3hAc?feature=oembed\" frameborder=\"0\" allow=\"accelerometer; autoplay; clipboard-write; encrypted-media; gyroscope; picture-in-picture; web-share\" referrerpolicy=\"strict-origin-when-cross-origin\" allowfullscreen><\/iframe> <\/div><\/figure>","protected":false},"excerpt":{"rendered":"<p>The hydraulic cardboard baler is especially for waste cardboard and corrugated cardboard for the purpose of square shapes and convenient storage and transportation. Shuliy&#8217;s cardboard compactor actually belongs to the hydraulic baler, which is often used in various scrap recycling stations for baling and recycling various wastes, such as cardboard, cartons, used clothes, tires, straw, [&hellip;]<\/p>\n","protected":false},"author":1,"featured_media":2980,"parent":0,"template":"","tags":[600],"product-type":[563],"class_list":["post-2971","product","type-product","status-publish","has-post-thumbnail","hentry","tag-cardboard-baler","product-type-baler-machine"],"_links":{"self":[{"href":"https:\/\/www.baler-machines.com\/fr\/wp-json\/wp\/v2\/product\/2971","targetHints":{"allow":["GET"]}}],"collection":[{"href":"https:\/\/www.baler-machines.com\/fr\/wp-json\/wp\/v2\/product"}],"about":[{"href":"https:\/\/www.baler-machines.com\/fr\/wp-json\/wp\/v2\/types\/product"}],"author":[{"embeddable":true,"href":"https:\/\/www.baler-machines.com\/fr\/wp-json\/wp\/v2\/users\/1"}],"wp:featuredmedia":[{"embeddable":true,"href":"https:\/\/www.baler-machines.com\/fr\/wp-json\/wp\/v2\/media\/2980"}],"wp:attachment":[{"href":"https:\/\/www.baler-machines.com\/fr\/wp-json\/wp\/v2\/media?parent=2971"}],"wp:term":[{"taxonomy":"post_tag","embeddable":true,"href":"https:\/\/www.baler-machines.com\/fr\/wp-json\/wp\/v2\/tags?post=2971"},{"taxonomy":"product-type","embeddable":true,"href":"https:\/\/www.baler-machines.com\/fr\/wp-json\/wp\/v2\/product-type?post=2971"}],"curies":[{"name":"wp","href":"https:\/\/api.w.org\/{rel}","templated":true}]}}