{"id":291,"date":"2019-12-11T03:13:48","date_gmt":"2019-12-11T03:13:48","guid":{"rendered":"https:\/\/www.baler-machines.com\/?p=291"},"modified":"2024-08-01T18:03:32","modified_gmt":"2024-08-01T10:03:32","slug":"gantry-shear-hydraulic-metal-shearing-machine","status":"publish","type":"product","link":"https:\/\/www.baler-machines.com\/fr\/metal-shears-metal-shearing-machine\/","title":{"rendered":"Cisaille \u00e0 portique hydraulique pour la coupe du m\u00e9tal"},"content":{"rendered":"<p class=\"translation-block\">La <strong>cisaille \u00e0 portique Shuliy<\/strong> (cisaille hydraulique pour m\u00e9taux ou cisaille pour t\u00f4les) est principalement utilis\u00e9e pour couper des mat\u00e9riaux ferrailleux volumineux ou longs. Elle a une capacit\u00e9 de 4 \u00e0 6 coupes par minute pour cisailler la ferraille.<\/p>    <p>Cette cisaille \u00e0 m\u00e9taux adopte une coupe \u00e0 froid, coupant la ferraille en 20 \u00e0 30 cm et la production varie de 2,5 \u00e0 30 t par heure. <\/p>    <figure class=\"wp-block-gallery aligncenter has-nested-images columns-default is-cropped wp-block-gallery-2 is-layout-flex wp-block-gallery-is-layout-flex\"> <figure class=\"wp-block-image size-full\"><img loading=\"lazy\" decoding=\"async\" width=\"720\" height=\"540\" data-id=\"2497\" src=\"https:\/\/www.baler-machines.com\/wp-content\/uploads\/2022\/08\/scrap-metal-shear.webp\" alt=\"cisaille \u00e0 ferraille\" class=\"wp-image-2497\" title=\"\"><figcaption class=\"wp-element-caption\">Cisaille \u00e0 ferraille<\/figcaption><\/figure>    <figure class=\"wp-block-image size-large\"><img loading=\"lazy\" decoding=\"async\" width=\"720\" height=\"540\" data-id=\"2494\" src=\"https:\/\/www.baler-machines.com\/wp-content\/uploads\/2022\/08\/materials-feeder.webp\" alt=\"alimentateur de mat\u00e9riaux\" class=\"wp-image-2494\" title=\"\"><figcaption class=\"wp-element-caption\">Alimentateur de mat\u00e9riaux<\/figcaption><\/figure> <\/figure>    <figure class=\"wp-block-gallery aligncenter has-nested-images columns-default is-cropped wp-block-gallery-3 is-layout-flex wp-block-gallery-is-layout-flex\"> <figure class=\"wp-block-image size-large\"><img loading=\"lazy\" decoding=\"async\" width=\"720\" height=\"540\" data-id=\"2495\" src=\"https:\/\/www.baler-machines.com\/wp-content\/uploads\/2022\/08\/gantry-shear.webp\" alt=\"cisaille \u00e0 portique\" class=\"wp-image-2495\" title=\"\"><figcaption class=\"wp-element-caption\">Cisaille \u00e0 portique<\/figcaption><\/figure>    <figure class=\"wp-block-image size-full\"><img loading=\"lazy\" decoding=\"async\" width=\"720\" height=\"540\" data-id=\"3772\" src=\"https:\/\/www.baler-machines.com\/wp-content\/uploads\/2019\/12\/heavy-duty-metal-shearing-machine-with-conveyor.webp\" alt=\"cisaille \u00e0 m\u00e9taux robuste avec convoyeur\" class=\"wp-image-3772\" title=\"\" srcset=\"https:\/\/www.baler-machines.com\/wp-content\/uploads\/2019\/12\/heavy-duty-metal-shearing-machine-with-conveyor.webp 720w, https:\/\/www.baler-machines.com\/wp-content\/uploads\/2019\/12\/heavy-duty-metal-shearing-machine-with-conveyor-16x12.webp 16w\" sizes=\"auto, (max-width: 720px) 100vw, 720px\" \/><figcaption class=\"wp-element-caption\">Cisaille \u00e0 m\u00e9taux robuste avec convoyeur<\/figcaption><\/figure> <\/figure>    <p> La cisaille \u00e0 m\u00e9taux hydraulique est toujours \u00e9quip\u00e9e d'un convoyeur pour l'alimentation de la ferraille. Il convient \u00e0 diverses formes de ferraille d\u2019acier, de ferraille, de barils d\u2019essence d\u00e9labr\u00e9s et diverses pi\u00e8ces structurelles m\u00e9talliques.<\/p>    <p>En outre, il peut traiter de grandes quantit\u00e9s de d\u00e9chets et est \u00e9galement tr\u00e8s respectueux de l\u2019environnement.<\/p>    <p>Ainsi, la cisaille \u00e0 ferraille est largement utilis\u00e9e dans diverses usines de traitement de recyclage des m\u00e9taux, sites de d\u00e9mant\u00e8lement de voitures de ferraille, industries de fusion et de coul\u00e9e, etc. Si vous \u00eates int\u00e9ress\u00e9, n'h\u00e9sitez pas \u00e0 nous contacter pour plus de d\u00e9tails !<\/p>    <figure class=\"wp-block-embed is-type-video is-provider-youtube wp-block-embed-youtube wp-embed-aspect-16-9 wp-has-aspect-ratio\"><div class=\"wp-block-embed__wrapper\"> <iframe loading=\"lazy\" title=\"Cisaille \u00e0 portique industrielle | Machine de cisaillement de ferraille robuste | Machine de d\u00e9coupe de m\u00e9tal #metal #shear\" width=\"500\" height=\"281\" src=\"https:\/\/www.youtube.com\/embed\/9a8ZnWGbRG8?feature=oembed\" frameborder=\"0\" allow=\"accelerometer; autoplay; clipboard-write; encrypted-media; gyroscope; picture-in-picture; web-share\" referrerpolicy=\"strict-origin-when-cross-origin\" allowfullscreen><\/iframe> <\/div><figcaption class=\"wp-element-caption\">vid\u00e9o d'une machine de d\u00e9coupe de ferraille<\/figcaption><\/figure>    <h2 class=\"wp-block-heading\"><strong>Avantages de la cisaille \u00e0 portique hydraulique<\/strong><\/h2>    <ul class=\"wp-block-list\"> <li>Cette machine adopte une pression hydraulique pour le travail, un fonctionnement silencieux et stable et une longue dur\u00e9e de vie.<\/li>    <li>La cisaille \u00e0 m\u00e9taux Shuliy adopte une commande \u00e9lectrique, facile et s\u00fbre \u00e0 utiliser.<\/li>    <li>La machine est la force de cisaillement la plus puissante de Shuliy, capable de manipuler des d\u00e9chets m\u00e9talliques lourds. Sa capacit\u00e9 est \u00e9galement tr\u00e8s puissante.<\/li>    <li>Elle propose une large gamme de traitement de ferraille m\u00e9tallique, comme les barres d'armature de construction et les coques de voitures de ferraille. Il a une tr\u00e8s grande praticit\u00e9.<\/li>    <li>Il existe diff\u00e9rents mod\u00e8les de machines et la production varie de 3 t \u00e0 250 t.<\/li>    <li>La taille des produits finis peut \u00eatre d\u00e9finie. D'une mani\u00e8re g\u00e9n\u00e9rale, la taille du produit fini est de 20 \u00e0 30 cm.<\/li> <\/ul>    <figure class=\"wp-block-gallery has-nested-images columns-default is-cropped wp-block-gallery-4 is-layout-flex wp-block-gallery-is-layout-flex\"> <figure class=\"wp-block-image size-large\"><img loading=\"lazy\" decoding=\"async\" width=\"720\" height=\"540\" data-id=\"3779\" src=\"https:\/\/www.baler-machines.com\/wp-content\/uploads\/2019\/12\/Shuliy-big-metal-cutting-machine.webp\" alt=\"Grande machine de d\u00e9coupe de m\u00e9tal Shuliy\" class=\"wp-image-3779\" title=\"\" srcset=\"https:\/\/www.baler-machines.com\/wp-content\/uploads\/2019\/12\/Shuliy-big-metal-cutting-machine.webp 720w, https:\/\/www.baler-machines.com\/wp-content\/uploads\/2019\/12\/Shuliy-big-metal-cutting-machine-16x12.webp 16w\" sizes=\"auto, (max-width: 720px) 100vw, 720px\" \/><figcaption class=\"wp-element-caption\">Grande machine de d\u00e9coupe de m\u00e9tal Shuliy<\/figcaption><\/figure>    <figure class=\"wp-block-image size-large\"><img loading=\"lazy\" decoding=\"async\" width=\"720\" height=\"540\" data-id=\"3780\" src=\"https:\/\/www.baler-machines.com\/wp-content\/uploads\/2019\/12\/hydraulic-gantry-shear-machine-for-sale.webp\" alt=\"cisaille \u00e0 portique hydraulique \u00e0 vendre\" class=\"wp-image-3780\" title=\"\" srcset=\"https:\/\/www.baler-machines.com\/wp-content\/uploads\/2019\/12\/hydraulic-gantry-shear-machine-for-sale.webp 720w, https:\/\/www.baler-machines.com\/wp-content\/uploads\/2019\/12\/hydraulic-gantry-shear-machine-for-sale-16x12.webp 16w\" sizes=\"auto, (max-width: 720px) 100vw, 720px\" \/><figcaption class=\"wp-element-caption\">Cisaille \u00e0 portique hydraulique \u00e0 vendre<\/figcaption><\/figure> <\/figure>    <h2 class=\"wp-block-heading\" id=\"h-technical-parameters-of-the-heavy-duty-metal-shear\"><strong>Param\u00e8tres techniques de la cisaille \u00e0 m\u00e9taux robuste<\/strong><\/h2>    <figure class=\"wp-block-table\"><table><tbody><tr><td>Mod\u00e8le<\/td><td>SLY-200T<\/td><td>SLY-400T<\/td><td>SLY-600T<\/td><td>SLY-800T<\/td><td>SLY-1000T<\/td><td>SLY-1250T<\/td><\/tr><tr><td>Max. force de coupe (t)<\/td><td>200<\/td><td>400<\/td><td>600<\/td><td>800<\/td><td>1000<\/td><td>1250<\/td><\/tr><tr><td>Pression du syst\u00e8me (Mpa)<\/td><td>\u226425<\/td><td>\u226425<\/td><td>\u226425<\/td><td>\u226425<\/td><td>\u226425<\/td><td>\u226425<\/td><\/tr><tr><td>Taille du bac (mm)<\/td><td>700*1600*2300<\/td><td>5000*1300*500<\/td><td>5500*1500*700<\/td><td>6000*1700*800<\/td><td>6000*1900*1000<\/td><td>8000*2100*1500<\/td><\/tr><tr><td>Longueur de la lame (mm)<\/td><td>1200<\/td><td>1400<\/td><td>1600<\/td><td>1800<\/td><td>2000<\/td><td>2200<\/td><\/tr><tr><td>Capacit\u00e9 (t\/h)<\/td><td>2.5-3<\/td><td>4-5<\/td><td>8-10<\/td><td>15-20<\/td><td>20-25<\/td><td>25-30<\/td><\/tr><tr><td>Force de cisaillement (fois\/min)<\/td><td>4-6<\/td><td>4-6<\/td><td>4-6<\/td><td>4-6<\/td><td>4-6<\/td><td>4-6<\/td><\/tr><tr><td>Puissance (kW)<\/td><td>2*18.5<\/td><td>2*45<\/td><td>3*45<\/td><td>4*45<\/td><td>5*45<\/td><td>6*45<\/td><\/tr><tr><td>Poids(t)<\/td><td>11<\/td><td>19<\/td><td>30<\/td><td>38<\/td><td>60<\/td><td>88<\/td><\/tr><\/tbody><\/table><figcaption class=\"wp-element-caption\">sp\u00e9cifications de la cisaille \u00e0 portique vertical<\/figcaption><\/figure>    <p>Nous avons diff\u00e9rents types de cisailles \u00e0 m\u00e9taux hydrauliques \u00e0 vendre, et la capacit\u00e9 est de 2,5 \u00e0 30 t par heure. Si vous recherchez une solution de recyclage des d\u00e9chets m\u00e9talliques, n\u2019h\u00e9sitez pas \u00e0 nous contacter. Nous vous fournirons les meilleures suggestions. <\/p>    <p>Par exemple, si vous souhaitez r\u00e9duire les d\u00e9chets d'acier de construction avec une capacit\u00e9 de 4 \u00e0 10 tonnes par heure. De plus, votre budget est suffisant. Alors la cisaille \u00e0 portique SLY-800T sera le meilleur choix pour vous. <\/p>    <p>Si vous souhaitez une solution d\u00e9taill\u00e9e, n'h\u00e9sitez pas \u00e0 nous contacter \u00e0 tout moment pour en savoir plus\u00a0!<\/p>    <h2 class=\"wp-block-heading\" id=\"h-applications-of-the-hydraulic-metal-shear\"><strong>Mati\u00e8res premi\u00e8res applicables et applications de la cisaille \u00e0 portique hydraulique<\/strong><\/h2>    <p>Cette cisaille \u00e0 t\u00f4le est principalement adapt\u00e9e \u00e0 la d\u00e9coupe de divers d\u00e9chets m\u00e9talliques, tels que\u00a0:<\/p>    <p class=\"translation-block\"><strong>Ferraille solide, acier l\u00e9ger et fin, carcasses de voitures, structures m\u00e9talliques l\u00e9g\u00e8res en vrac, ferraille pour la production et la vie courante, divers m\u00e9taux non ferreux plastiques (acier inoxydable, alliages d'aluminium, mat\u00e9riaux en cuivre), ferraille de construction, grandes structures en acier irr\u00e9guli\u00e8res, tuyaux en acier, t\u00f4les, profil\u00e9s en U, profil\u00e9s en I, barres d'armature,<\/strong> etc. <\/p>   <div class=\"wp-block-image\"> <figure class=\"aligncenter size-full\"><img loading=\"lazy\" decoding=\"async\" width=\"720\" height=\"540\" src=\"https:\/\/www.baler-machines.com\/wp-content\/uploads\/2022\/08\/wide-applications-of-hydraulic-gantry-shear.webp\" alt=\"applications larges de cisaille \u00e0 portique hydraulique\" class=\"wp-image-2504\" title=\"\"><figcaption class=\"wp-element-caption\">applications larges de cisaille \u00e0 portique hydraulique<\/figcaption><\/figure> <\/div>   <p>Apr\u00e8s le cisaillement, il facilite le transport et convient \u00e0 la mise en balles par compression dans la charge du four.<\/p>    <p>La cisaille \u00e0 m\u00e9taux \u00e9lectrique Shuliy est un \u00e9quipement de traitement id\u00e9al pour\u00a0:<\/p>    <ul class=\"wp-block-list\"> <li>Aci\u00e9ries<\/li>    <li>Industrie de la fonderie de m\u00e9taux non ferreux<\/li>    <li>Industrie du moulage de pr\u00e9cision<\/li>    <li>Fabricants de mati\u00e8res premi\u00e8res<\/li> <\/ul>    <h2 class=\"wp-block-heading\" id=\"h-structure-of-the-heavy-duty-metal-gantry-shear\"><strong>Structure de la cisaille \u00e0 portique m\u00e9tallique robuste<\/strong><\/h2>    <p>Cette machine est compos\u00e9e d'un bac, d'une t\u00eate et d'un cutter.<\/p>    <ul class=\"wp-block-list\"> <li><strong>Poubelle<\/strong>: stocker toutes sortes de d\u00e9chets m\u00e9talliques. Parfois, vous avez besoin d'un chargeur pour charger de la ferraille, pratique et rapide.<\/li>    <li><strong>T\u00eate de machine<\/strong>: un ch\u00e2ssis vertical avec un levier hydraulique sur le dessus, qui est enfonc\u00e9 pendant le travail.<\/li>    <li><strong>Lame<\/strong>: un outil important pour couper la ferraille.  <ul class=\"wp-block-list\"> <li>Diff\u00e9rents mod\u00e8les de machines ont des lames diff\u00e9rentes. <\/li>    <li>Les lames appartiennent aux pi\u00e8ces d'usure, qui peuvent \u00eatre correctement \u00e9quip\u00e9es de quelques jeux suppl\u00e9mentaires.<\/li> <\/ul> <\/li> <\/ul>   <div class=\"wp-block-image\"> <figure class=\"aligncenter size-full\"><img loading=\"lazy\" decoding=\"async\" width=\"720\" height=\"540\" src=\"https:\/\/www.baler-machines.com\/wp-content\/uploads\/2022\/08\/gantry-shear-structure.webp\" alt=\"structure de cisaillement \u00e0 portique\" class=\"wp-image-2493\" title=\"\"><figcaption class=\"wp-element-caption\">structure de cisaillement \u00e0 portique<\/figcaption><\/figure> <\/div>   <h2 class=\"wp-block-heading\" id=\"h-how-does-the-gantry-shear-work\"><strong>Comment fonctionne la cisaille \u00e0 m\u00e9taux Shuliy ?<\/strong><\/h2>    <p>Le flux de travail de la machine peut \u00eatre d\u00e9crit comme simple.<\/p>    <ul class=\"wp-block-list\"> <li>Tout d\u2019abord, utilisez la chargeuse pour charger le mat\u00e9riau. <ul class=\"wp-block-list\"> <li>Lorsque la ferraille atteint une certaine quantit\u00e9, le chargement peut \u00eatre arr\u00eat\u00e9 et la porte du bac peut \u00eatre ferm\u00e9e.<\/li> <\/ul> <\/li>    <li>Ensuite, la tige hydraulique commence \u00e0 fonctionner.  <ul class=\"wp-block-list\"> <li>Il y a un levier hydraulique \u00e0 l\u2019arri\u00e8re du bac, poussant les d\u00e9chets m\u00e9talliques vers l\u2019avant.<\/li>    <li>Le levier hydraulique en t\u00eate de la machine est charg\u00e9 de presser le mat\u00e9riau.<\/li> <\/ul> <\/li>    <li>Finalement, le coupeur tombe pour cisailler la ferraille et l'ensemble du processus est termin\u00e9. R\u00e9p\u00e9tez ensuite tout le processus.<\/li> <\/ul>   <div class=\"wp-block-image is-resized\"> <figure class=\"aligncenter size-full\"><img loading=\"lazy\" decoding=\"async\" width=\"540\" height=\"540\" src=\"https:\/\/www.baler-machines.com\/wp-content\/uploads\/2019\/12\/application-scenes-of-metal-shearing-machine.webp\" alt=\"sc\u00e8nes d&#039;application de la cisaille \u00e0 m\u00e9taux\" class=\"wp-image-3777\" title=\"\" srcset=\"https:\/\/www.baler-machines.com\/wp-content\/uploads\/2019\/12\/application-scenes-of-metal-shearing-machine.webp 540w, https:\/\/www.baler-machines.com\/wp-content\/uploads\/2019\/12\/application-scenes-of-metal-shearing-machine-12x12.webp 12w\" sizes=\"auto, (max-width: 540px) 100vw, 540px\" \/><figcaption class=\"wp-element-caption\">sc\u00e8nes d'application de la cisaille \u00e0 m\u00e9taux<\/figcaption><\/figure> <\/div>   <h2 class=\"wp-block-heading\" id=\"h-advanatges-of-shearing-scrap-metal\"><strong>Pourquoi cisailler la ferraille pour la recycler ?<\/strong><\/h2>    <ol class=\"wp-block-list\"> <li><strong>Prix \u200b\u200bde vente plus \u00e9lev\u00e9<\/strong>. Apr\u00e8s d\u00e9coupe, il peut \u00eatre emball\u00e9 et facile \u00e0 transporter. Une fois vendu, la densit\u00e9 est plus grande et le prix sera plus \u00e9lev\u00e9.<\/li>    <li><strong>Traitement ult\u00e9rieur et utilisation<\/strong>. Apr\u00e8s le cisaillement, divers d\u00e9chets m\u00e9talliques peuvent \u00eatre envoy\u00e9s dans des usines de transformation des m\u00e9taux, des fonderies, etc. C'est pour un traitement ult\u00e9rieur que cela cr\u00e9era plus de profits.<\/li>    <li><strong>Recyclage pratique des d\u00e9chets<\/strong>. Si les d\u00e9chets ne sont pas cisaill\u00e9s, ils seront difficiles \u00e0 traiter et \u00e0 recycler. Le cisaillement r\u00e9sout simplement ce probl\u00e8me.<\/li> <\/ol>   <div class=\"wp-block-image is-resized\"> <figure class=\"aligncenter size-full\"><img loading=\"lazy\" decoding=\"async\" width=\"720\" height=\"495\" src=\"https:\/\/www.baler-machines.com\/wp-content\/uploads\/2019\/12\/large-metal-shear-machine-used-in-recycling-plant.webp\" alt=\"grande cisaille \u00e0 m\u00e9taux utilis\u00e9e dans l&#039;usine de recyclage\" class=\"wp-image-3775\" title=\"\" srcset=\"https:\/\/www.baler-machines.com\/wp-content\/uploads\/2019\/12\/large-metal-shear-machine-used-in-recycling-plant.webp 720w, https:\/\/www.baler-machines.com\/wp-content\/uploads\/2019\/12\/large-metal-shear-machine-used-in-recycling-plant-18x12.webp 18w\" sizes=\"auto, (max-width: 720px) 100vw, 720px\" \/><figcaption class=\"wp-element-caption\">grande cisaille \u00e0 m\u00e9taux utilis\u00e9e dans l'usine de recyclage<\/figcaption><\/figure> <\/div>   <h2 class=\"wp-block-heading\" id=\"h-precautions-in-operation-and-blade-replacement\"><strong>Pr\u00e9cautions de fonctionnement et remplacement de la lame<\/strong><\/h2>    <p class=\"translation-block\">Consultez cet article pour plus de d\u00e9tails : <a href=\"https:\/\/www.baler-machines.com\/fr\/how-to-use-and-change-blades-of-scrap-metal-guillotine-shear\/\">Comment utiliser et changer les lames d'une cisaille \u00e0 guillotine pour ferraille ?<\/a><\/p>   <div class=\"wp-block-image\"> <figure class=\"aligncenter size-full\"><img loading=\"lazy\" decoding=\"async\" width=\"720\" height=\"540\" src=\"https:\/\/www.baler-machines.com\/wp-content\/uploads\/2022\/08\/hydraulic-gantry-shear.webp\" alt=\"cisaille-\u00e0-portique-hydraulique\" class=\"wp-image-2496\" title=\"\"><figcaption class=\"wp-element-caption\">cisaille \u00e0 portique hydraulique<\/figcaption><\/figure> <\/div>   <h2 class=\"wp-block-heading\"><strong>Qu'en est-il du prix des cisailles \u00e0 portique robustes\u00a0?<\/strong><\/h2>    <p>Le prix de la machine est l\u2019un des \u00e9l\u00e9ments les plus importants \u00e0 prendre en compte et d\u00e9pend principalement des \u00e9l\u00e9ments suivants\u00a0:<\/p>    <ul class=\"wp-block-list\"> <li><strong>Force de cisaillement et capacit\u00e9 de cisaillement<\/strong>. Plus la force de cisaillement est \u00e9lev\u00e9e, plus l\u2019\u00e9quipement peut g\u00e9rer de types et de tailles de ferraille m\u00e9tallique. En cons\u00e9quence, le prix sera plus \u00e9lev\u00e9.<\/li>    <li><strong>Syst\u00e8me hydraulique et puissance du moteur<\/strong>. Les syst\u00e8mes hydrauliques et les moteurs de plus grande puissance offrent une force de cisaillement plus importante et un rendement plus \u00e9lev\u00e9, mais augmentent \u00e9galement les co\u00fbts d'\u00e9quipement.<\/li>    <li><strong>Qualit\u00e9 et dur\u00e9e de vie de la lame<\/strong>. L'utilisation de mat\u00e9riaux de haute duret\u00e9 et tr\u00e8s r\u00e9sistants \u00e0 l'usure pour les lames co\u00fbte plus cher. Cependant, cela peut prolonger consid\u00e9rablement la dur\u00e9e de vie de l\u2019\u00e9quipement et r\u00e9duire les co\u00fbts de maintenance.<\/li>    <li><strong>Marque et service apr\u00e8s-vente<\/strong>. Les cisailles \u00e0 portique de marques c\u00e9l\u00e8bres ont g\u00e9n\u00e9ralement une qualit\u00e9 garantie et un service apr\u00e8s-vente parfait, leur prix est donc relativement \u00e9lev\u00e9.<\/li>    <li><strong>Demande personnalis\u00e9e<\/strong>. Si vous souhaitez personnaliser la machine (comme une taille sp\u00e9ciale, des fonctionnalit\u00e9s suppl\u00e9mentaires ou une durabilit\u00e9 am\u00e9lior\u00e9e), le prix de la machine sera plus \u00e9lev\u00e9 que le mod\u00e8le standard.<\/li> <\/ul>    <figure class=\"wp-block-gallery has-nested-images columns-default is-cropped wp-block-gallery-5 is-layout-flex wp-block-gallery-is-layout-flex\"> <figure class=\"wp-block-image size-large\"><img loading=\"lazy\" decoding=\"async\" width=\"540\" height=\"720\" data-id=\"3788\" src=\"https:\/\/www.baler-machines.com\/wp-content\/uploads\/2019\/12\/scrap-metal-shear-machine-for-sale.webp\" alt=\"cisaille \u00e0 ferraille \u00e0 vendre\" class=\"wp-image-3788\" title=\"\" srcset=\"https:\/\/www.baler-machines.com\/wp-content\/uploads\/2019\/12\/scrap-metal-shear-machine-for-sale.webp 540w, https:\/\/www.baler-machines.com\/wp-content\/uploads\/2019\/12\/scrap-metal-shear-machine-for-sale-9x12.webp 9w\" sizes=\"auto, (max-width: 540px) 100vw, 540px\" \/><figcaption class=\"wp-element-caption\">Machine de cisaillement de ferraille \u00e0 vendre<\/figcaption><\/figure>    <figure class=\"wp-block-image size-large\"><img loading=\"lazy\" decoding=\"async\" width=\"540\" height=\"720\" data-id=\"3790\" src=\"https:\/\/www.baler-machines.com\/wp-content\/uploads\/2019\/12\/good-sheet-metal-sheaing-machine.webp\" alt=\"bonne machine \u00e0 cisailler la t\u00f4le\" class=\"wp-image-3790\" title=\"\" srcset=\"https:\/\/www.baler-machines.com\/wp-content\/uploads\/2019\/12\/good-sheet-metal-sheaing-machine.webp 540w, https:\/\/www.baler-machines.com\/wp-content\/uploads\/2019\/12\/good-sheet-metal-sheaing-machine-9x12.webp 9w\" sizes=\"auto, (max-width: 540px) 100vw, 540px\" \/><figcaption class=\"wp-element-caption\">Bonne machine de cisaillement de t\u00f4le<\/figcaption><\/figure> <\/figure>    <h2 class=\"wp-block-heading\"><strong>Cas r\u00e9ussi\u00a0: cisaille \u00e0 m\u00e9taux hydraulique en vente \u00e0 Bahre\u00efn<\/strong><\/h2>    <p>En juillet de cette ann\u00e9e, un client de Bahre\u00efn nous a demand\u00e9 des informations sur les cisailles. Suite \u00e0 sa demande, notre responsable commercial lui a recommand\u00e9 cette cisaille \u00e0 portique. <\/p>    <p>Non seulement il peut g\u00e9rer une grande quantit\u00e9 de ferraille m\u00e9tallique, mais la force de cisaillement est \u00e9galement la plus forte qui puisse \u00eatre g\u00e9r\u00e9e. La machine est stable et peut \u00e9galement \u00eatre utilis\u00e9e pendant longtemps. <\/p>    <p>Apr\u00e8s avoir compris la machine, ce client bahre\u00efnien \u00e9tait tr\u00e8s content et nous avons sign\u00e9 un accord. Nous avons \u00e9galement parl\u00e9 d'envoyer l'engin par voie maritime jusqu'\u00e0 chez lui.<\/p>    <figure class=\"wp-block-gallery has-nested-images columns-default is-cropped wp-block-gallery-6 is-layout-flex wp-block-gallery-is-layout-flex\"> <figure class=\"wp-block-image size-full\"><img loading=\"lazy\" decoding=\"async\" width=\"720\" height=\"540\" data-id=\"3783\" src=\"https:\/\/www.baler-machines.com\/wp-content\/uploads\/2019\/12\/manufacturing-gantry-shearing-machine-in-the-factory.webp\" alt=\"cisaille \u00e0 portique de fabrication en usine\" class=\"wp-image-3783\" title=\"\" srcset=\"https:\/\/www.baler-machines.com\/wp-content\/uploads\/2019\/12\/manufacturing-gantry-shearing-machine-in-the-factory.webp 720w, https:\/\/www.baler-machines.com\/wp-content\/uploads\/2019\/12\/manufacturing-gantry-shearing-machine-in-the-factory-16x12.webp 16w\" sizes=\"auto, (max-width: 720px) 100vw, 720px\" \/><figcaption class=\"wp-element-caption\">Fabrication d'une cisaille \u00e0 portique en usine<\/figcaption><\/figure>    <figure class=\"wp-block-image size-full\"><img loading=\"lazy\" decoding=\"async\" width=\"720\" height=\"540\" data-id=\"3782\" src=\"https:\/\/www.baler-machines.com\/wp-content\/uploads\/2019\/12\/hydraulic-metal-shear-before-painting.webp\" alt=\"cisaille \u00e0 m\u00e9taux hydraulique avant peinture\" class=\"wp-image-3782\" title=\"\" srcset=\"https:\/\/www.baler-machines.com\/wp-content\/uploads\/2019\/12\/hydraulic-metal-shear-before-painting.webp 720w, https:\/\/www.baler-machines.com\/wp-content\/uploads\/2019\/12\/hydraulic-metal-shear-before-painting-16x12.webp 16w\" sizes=\"auto, (max-width: 720px) 100vw, 720px\" \/><figcaption class=\"wp-element-caption\">Cisaille \u00e0 m\u00e9taux hydraulique avant peinture<\/figcaption><\/figure> <\/figure>    <h2 class=\"wp-block-heading\"><strong>Autre solution de recyclage des d\u00e9chets m\u00e9talliques<\/strong><\/h2>    <p class=\"translation-block\">Apr\u00e8s le cisaillement, vous pouvez en outre presser <a href=\"https:\/\/en.wikipedia.org\/wiki\/Scrap\" target=\"_blank\" rel=\"noopener\">les d\u00e9chets<\/a> en cubes de m\u00e9taux de rebut avec la <a href=\"https:\/\/www.baler-machines.com\/fr\/horizontal-metal-baler\/\">presse \u00e0 balles pour m\u00e9taux<\/a>.<\/p>   <div class=\"wp-block-image\"> <figure class=\"aligncenter size-full\"><img loading=\"lazy\" decoding=\"async\" width=\"720\" height=\"200\" src=\"https:\/\/www.baler-machines.com\/wp-content\/uploads\/2022\/08\/scrap-process.webp\" alt=\"processus de ferraille\" class=\"wp-image-2491\" title=\"\"><figcaption class=\"wp-element-caption\">processus de ferraille<\/figcaption><\/figure> <\/div>   <p>Vous recherchez une solution efficace de recyclage des m\u00e9taux ? Si oui, contactez-nous maintenant et nous vous proposerons la meilleure solution qui profitera \u00e0 votre entreprise. <\/p>","protected":false},"excerpt":{"rendered":"<p>La cisaille \u00e0 portique Shuliy (cisaille hydraulique pour m\u00e9taux) est principalement utilis\u00e9e pour couper divers mat\u00e9riaux de ferraille de grande ou de longue dur\u00e9e, allant de 2,5 \u00e0 30 t\/h. <\/p>","protected":false},"author":1,"featured_media":2515,"parent":0,"template":"","tags":[582,38,296],"product-type":[562],"class_list":["post-291","product","type-product","status-publish","has-post-thumbnail","hentry","tag-gantry-shear","tag-hydraulic-metal-shear","tag-metal-shear","product-type-metal-shears"],"_links":{"self":[{"href":"https:\/\/www.baler-machines.com\/fr\/wp-json\/wp\/v2\/product\/291","targetHints":{"allow":["GET"]}}],"collection":[{"href":"https:\/\/www.baler-machines.com\/fr\/wp-json\/wp\/v2\/product"}],"about":[{"href":"https:\/\/www.baler-machines.com\/fr\/wp-json\/wp\/v2\/types\/product"}],"author":[{"embeddable":true,"href":"https:\/\/www.baler-machines.com\/fr\/wp-json\/wp\/v2\/users\/1"}],"wp:featuredmedia":[{"embeddable":true,"href":"https:\/\/www.baler-machines.com\/fr\/wp-json\/wp\/v2\/media\/2515"}],"wp:attachment":[{"href":"https:\/\/www.baler-machines.com\/fr\/wp-json\/wp\/v2\/media?parent=291"}],"wp:term":[{"taxonomy":"post_tag","embeddable":true,"href":"https:\/\/www.baler-machines.com\/fr\/wp-json\/wp\/v2\/tags?post=291"},{"taxonomy":"product-type","embeddable":true,"href":"https:\/\/www.baler-machines.com\/fr\/wp-json\/wp\/v2\/product-type?post=291"}],"curies":[{"name":"wp","href":"https:\/\/api.w.org\/{rel}","templated":true}]}}