{"id":2868,"date":"2022-12-09T16:14:48","date_gmt":"2022-12-09T08:14:48","guid":{"rendered":"https:\/\/www.baler-machines.com\/?post_type=product&#038;p=2868"},"modified":"2025-02-19T15:03:07","modified_gmt":"2025-02-19T07:03:07","slug":"cardboard-box-shredder","status":"publish","type":"product","link":"https:\/\/www.baler-machines.com\/fr\/cardboard-box-shredder\/","title":{"rendered":"Machine de d\u00e9chiquetage de bo\u00eetes en carton tout usage"},"content":{"rendered":"<p class=\"translation-block\">Ce broyeur de cartons est sp\u00e9cialement con\u00e7u pour d\u00e9chiqueter tous types de cartons, principalement pour le recyclage de toutes sortes de bo\u00eetes en papier. Cette machine est un <a href=\"https:\/\/www.baler-machines.com\/fr\/double-shaft-shredder\/\" target=\"_blank\" rel=\"noreferrer noopener\">broyeur polyvalent<\/a> et peut donc d\u00e9chiqueter tous types de mat\u00e9riaux tels que papier usag\u00e9, plastique, sacs tiss\u00e9s, v\u00eatements, bois, etc. Si vous avez des d\u00e9chets \u00e0 d\u00e9chiqueter, veuillez nous contacter pour plus d'informations !<\/p>    <figure class=\"wp-block-embed is-type-video is-provider-youtube wp-block-embed-youtube wp-embed-aspect-16-9 wp-has-aspect-ratio\"><div class=\"wp-block-embed__wrapper\"> <iframe loading=\"lazy\" title=\"Doudoir \u00e0 double arbre pour \u00e9craser les bo\u00eetes en carton pour le recyclage: solution efficace de broyeur de cartons!\" width=\"500\" height=\"281\" src=\"https:\/\/www.youtube.com\/embed\/IgabRdBHrWU?feature=oembed\" frameborder=\"0\" allow=\"accelerometer; autoplay; clipboard-write; encrypted-media; gyroscope; picture-in-picture; web-share\" referrerpolicy=\"strict-origin-when-cross-origin\" allowfullscreen><\/iframe> <\/div><figcaption class=\"wp-element-caption\">Doubloir en carton d'arbre<\/figcaption><\/figure>    <h2 class=\"wp-block-heading\"><strong>Pourquoi utiliser la d\u00e9chiqueteuse industrielle de cartons pour broyer les cartons ?<\/strong><\/h2>    <p class=\"translation-block\">Les cartons sont une ressource recyclable qui peut \u00eatre trait\u00e9e et utilis\u00e9e comme mati\u00e8re premi\u00e8re pour des produits \u00e0 base de papier, comme le papier. Par cons\u00e9quent, l'utilisation du d\u00e9chiqueteur de cartons Shuliy pour le traitement des <a href=\"https:\/\/en.wikipedia.org\/wiki\/Cardboard_box\" target=\"_blank\" rel=\"noreferrer noopener\">cartons<\/a> prot\u00e8ge l'environnement et recycle \u00e9galement les ressources.<\/p>    <figure class=\"wp-block-gallery aligncenter has-nested-images columns-default is-cropped wp-block-gallery-2 is-layout-flex wp-block-gallery-is-layout-flex\"> <figure class=\"wp-block-image size-large\"><img loading=\"lazy\" decoding=\"async\" width=\"650\" height=\"450\" data-id=\"2880\" src=\"https:\/\/www.baler-machines.com\/wp-content\/uploads\/2022\/12\/cardboard-boxes.webp\" alt=\"bo\u00eetes en carton\" class=\"wp-image-2880\" title=\"\"><figcaption class=\"wp-element-caption\">Bo\u00eetes en carton<\/figcaption><\/figure>    <figure class=\"wp-block-image size-large\"><img loading=\"lazy\" decoding=\"async\" width=\"650\" height=\"450\" data-id=\"2881\" src=\"https:\/\/www.baler-machines.com\/wp-content\/uploads\/2022\/12\/carton-boxes.webp\" alt=\"bo\u00eetes en carton\" class=\"wp-image-2881\" title=\"\"><figcaption class=\"wp-element-caption\">Bo\u00eetes en carton<\/figcaption><\/figure> <\/figure>    <h2 class=\"wp-block-heading\"><strong>Avantages de la d\u00e9chiqueteuse de cartons Shuliy<\/strong><\/h2>    <ol class=\"wp-block-list\"> <li>Ce broyeur \u00e0 double arbre a une large gamme d'applications et peut \u00eatre utilis\u00e9 pour broyer une large gamme de mat\u00e9riaux, permettant de r\u00e9aliser de multiples utilisations.<\/li>    <li>La d\u00e9chiqueteuse de cartons Shuliy a de bonnes performances et les principaux composants sont fabriqu\u00e9s \u00e0 partir de mat\u00e9riaux de haute qualit\u00e9, ce qui la rend plus fluide \u00e0 utiliser et a une longue dur\u00e9e de vie.<\/li>    <li>Les lames sont de bonne qualit\u00e9 et sont plus robustes et durables.<\/li>    <li>L'\u00e9quipement est peu bruyant, facile \u00e0 entretenir et \u00e9conomique.<\/li> <\/ol>    <figure class=\"wp-block-gallery aligncenter has-nested-images columns-default is-cropped wp-block-gallery-3 is-layout-flex wp-block-gallery-is-layout-flex\"> <figure class=\"wp-block-image size-large\"><img loading=\"lazy\" decoding=\"async\" width=\"720\" height=\"540\" data-id=\"2468\" src=\"https:\/\/www.baler-machines.com\/wp-content\/uploads\/2022\/08\/industrial-shredder.webp\" alt=\"broyeur-industriel\" class=\"wp-image-2468\" title=\"\"><figcaption class=\"wp-element-caption\">Broyeur industriel<\/figcaption><\/figure>    <figure class=\"wp-block-image size-full\"><img loading=\"lazy\" decoding=\"async\" width=\"720\" height=\"540\" data-id=\"2883\" src=\"https:\/\/www.baler-machines.com\/wp-content\/uploads\/2022\/12\/cardboard-box-shredder-for-sale.webp\" alt=\"broyeur de cartons \u00e0 vendre\" class=\"wp-image-2883\" title=\"\"><figcaption class=\"wp-element-caption\">Broyeur de bo\u00eetes en carton \u00e0 vendre<\/figcaption><\/figure> <\/figure>    <h2 class=\"wp-block-heading\"><strong>Diff\u00e9rences entre la presse \u00e0 carton verticale\/horizontale et le broyeur de carton industriel<\/strong><\/h2>    <p class=\"translation-block\"><strong>Fonctions<\/strong> : la machine \u00e0 compresser le carton hydraulique sert principalement \u00e0 compacter les cartons en une forme r\u00e9guli\u00e8re pour un usage commercial, comme pour la vente. La machine \u00e0 broyer le carton d\u00e9chiquette les cartons en morceaux pour la pr\u00e9paration du processus suivant. <\/p>    <p class=\"translation-block\"><strong>Machines d'occasion<\/strong> : la presse \u00e0 balles de carton utilise la machine sous le nom de presse d'emballage, le point cl\u00e9 est l'emballage ; alors que le point cl\u00e9 de la d\u00e9chiqueteuse de cartons est le \u00ab d\u00e9chiquetage \u00bb. <\/p>    <figure class=\"wp-block-gallery aligncenter has-nested-images columns-default is-cropped wp-block-gallery-4 is-layout-flex wp-block-gallery-is-layout-flex\"> <figure class=\"wp-block-image size-large\"><img loading=\"lazy\" decoding=\"async\" width=\"720\" height=\"540\" data-id=\"1297\" src=\"https:\/\/www.baler-machines.com\/wp-content\/uploads\/2021\/12\/cardboard-baler.jpg\" alt=\"presse \u00e0 carton\" class=\"wp-image-1297\" title=\"\"><figcaption class=\"wp-element-caption\">Presse \u00e0 carton<\/figcaption><\/figure>    <figure class=\"wp-block-image size-large\"><img loading=\"lazy\" decoding=\"async\" width=\"720\" height=\"540\" data-id=\"1298\" src=\"https:\/\/www.baler-machines.com\/wp-content\/uploads\/2021\/12\/vertical-cardboard-baling-machine.jpg\" alt=\"presse \u00e0 balles de carton verticale\" class=\"wp-image-1298\" title=\"\"><figcaption class=\"wp-element-caption\">Presse \u00e0 balles verticale en carton<\/figcaption><\/figure>    <figure class=\"wp-block-image size-full\"><img loading=\"lazy\" decoding=\"async\" width=\"720\" height=\"540\" data-id=\"1434\" src=\"https:\/\/www.baler-machines.com\/wp-content\/uploads\/2022\/01\/industrial-shredder.jpg\" alt=\"broyeur industriel\" class=\"wp-image-1434\" title=\"\"><figcaption class=\"wp-element-caption\">Broyeur industriel<\/figcaption><\/figure> <\/figure>    <p>Les fonctions que vous souhaitez r\u00e9aliser sont diff\u00e9rentes, vous avez donc besoin de diff\u00e9rentes machines. L'essentiel est de choisir une machine en fonction de vos besoins.<\/p>    <h2 class=\"wp-block-heading\"><strong>Param\u00e8tre technique de la d\u00e9chiqueteuse industrielle de cartons Shuliy <\/strong><\/h2>    <figure class=\"wp-block-table\"><table><tbody><tr><td>Mod\u00e8le<\/td><td>Puissance (kW)<\/td><td>Production (t\/h)<\/td><td>Quantit\u00e9 de lames (pcs)<\/td><\/tr><tr><td>SL-600<\/td><td>11*2<\/td><td>1.5-2<\/td><td>30<\/td><\/tr><tr><td>SL-800<\/td><td>18.5*2<\/td><td>2-3<\/td><td>40<\/td><\/tr><tr><td>SL-1000<\/td><td>22*2<\/td><td>4-5<\/td><td>50<\/td><\/tr><tr><td>SL-1200<\/td><td>37*2<\/td><td>5-7<\/td><td>30<\/td><\/tr><tr><td>SL-1400<\/td><td>45*2<\/td><td>8-10<\/td><td>40<\/td><\/tr><\/tbody><\/table><\/figure>","protected":false},"excerpt":{"rendered":"<p>This cardboard box shredder is specially designed to shred all kinds of cartons, mainly for the recycling of all kinds of paper boxes. This machine is an all-around shredder and can therefore shred all kinds of materials such as waste paper, plastic, woven bags, clothes, wood, etc. If you have waste to be shredded, please [&hellip;]<\/p>\n","protected":false},"author":1,"featured_media":2877,"parent":0,"template":"","tags":[599,578],"product-type":[561],"class_list":["post-2868","product","type-product","status-publish","has-post-thumbnail","hentry","tag-cardboard-box-shredder","tag-double-shaft-shredder","product-type-industrial-shredder"],"_links":{"self":[{"href":"https:\/\/www.baler-machines.com\/fr\/wp-json\/wp\/v2\/product\/2868","targetHints":{"allow":["GET"]}}],"collection":[{"href":"https:\/\/www.baler-machines.com\/fr\/wp-json\/wp\/v2\/product"}],"about":[{"href":"https:\/\/www.baler-machines.com\/fr\/wp-json\/wp\/v2\/types\/product"}],"author":[{"embeddable":true,"href":"https:\/\/www.baler-machines.com\/fr\/wp-json\/wp\/v2\/users\/1"}],"wp:featuredmedia":[{"embeddable":true,"href":"https:\/\/www.baler-machines.com\/fr\/wp-json\/wp\/v2\/media\/2877"}],"wp:attachment":[{"href":"https:\/\/www.baler-machines.com\/fr\/wp-json\/wp\/v2\/media?parent=2868"}],"wp:term":[{"taxonomy":"post_tag","embeddable":true,"href":"https:\/\/www.baler-machines.com\/fr\/wp-json\/wp\/v2\/tags?post=2868"},{"taxonomy":"product-type","embeddable":true,"href":"https:\/\/www.baler-machines.com\/fr\/wp-json\/wp\/v2\/product-type?post=2868"}],"curies":[{"name":"wp","href":"https:\/\/api.w.org\/{rel}","templated":true}]}}