{"id":2856,"date":"2022-12-08T16:32:38","date_gmt":"2022-12-08T08:32:38","guid":{"rendered":"https:\/\/www.baler-machines.com\/?post_type=product&#038;p=2856"},"modified":"2022-12-13T17:19:10","modified_gmt":"2022-12-13T09:19:10","slug":"garbage-shredder-machine","status":"publish","type":"product","link":"https:\/\/www.baler-machines.com\/fr\/garbage-shredder-machine\/","title":{"rendered":"Machine de d\u00e9chiquetage de d\u00e9chets m\u00e9nagers et industriels \u00e0 double arbre"},"content":{"rendered":"<p class=\"translation-block\">La machine \u00e0 d\u00e9chiqueter les ordures Shuliy est un <a href=\"https:\/\/www.baler-machines.com\/fr\/double-shaft-shredder\/\" target=\"_blank\" rel=\"noreferrer noopener\">d\u00e9chiqueteur \u00e0 arbre double<\/a> polyvalent pour d\u00e9chiqueter les d\u00e9chets domestiques et industriels. Cette machine \u00e0 d\u00e9chiqueter les ordures pr\u00e9sente les avantages d'une performance \u00e9lev\u00e9e, d'une grande qualit\u00e9 et d'applications vari\u00e9es, et joue ainsi un r\u00f4le important dans l'industrie du recyclage des d\u00e9chets. <\/p>    <h2 class=\"wp-block-heading\"><strong>Qu'est-ce qu'un broyeur \u00e0 d\u00e9chets ?<\/strong><\/h2>    <p>Un broyeur \u00e0 d\u00e9chets, comme son nom l'indique, est une machine qui peut broyer toutes sortes de d\u00e9chets m\u00e9nagers, d\u00e9chets de cuisine, d\u00e9chets industriels, d\u00e9chets de construction, etc. Ce broyeur Shuliy est un broyeur \u00e0 double arbre, qui est plus efficace et plus efficace. en d\u00e9chiquetage, pr\u00e9paration \u00e9galement pour la prochaine \u00e9tape d'\u00e9limination.<\/p>    <figure class=\"wp-block-gallery aligncenter has-nested-images columns-default is-cropped wp-block-gallery-2 is-layout-flex wp-block-gallery-is-layout-flex\"> <figure class=\"wp-block-image size-large\"><img loading=\"lazy\" decoding=\"async\" width=\"720\" height=\"540\" data-id=\"2468\" src=\"https:\/\/www.baler-machines.com\/wp-content\/uploads\/2022\/08\/industrial-shredder.webp\" alt=\"broyeur-industriel\" class=\"wp-image-2468\" title=\"\"><figcaption class=\"wp-element-caption\">Broyeur industriel<\/figcaption><\/figure>    <figure class=\"wp-block-image size-large\"><img loading=\"lazy\" decoding=\"async\" width=\"750\" height=\"563\" data-id=\"2473\" src=\"https:\/\/www.baler-machines.com\/wp-content\/uploads\/2022\/08\/shredder-blades.webp\" alt=\"lames de broyeur\" class=\"wp-image-2473\" title=\"\"><figcaption class=\"wp-element-caption\">Lames de d\u00e9chiqueteuse<\/figcaption><\/figure> <\/figure>    <p>Avec ses mat\u00e9riaux avanc\u00e9s, sa longue dur\u00e9e de vie et son faible niveau sonore, ce broyeur de d\u00e9chets est une machine imbattable pour l'\u00e9limination des d\u00e9chets.<\/p>    <h2 class=\"wp-block-heading\"><strong>Pourquoi recycler les d\u00e9chets m\u00e9nagers, de cuisine et industriels ?<\/strong><\/h2>    <p>Chaque instant de la vie produit des d\u00e9chets, des d\u00e9chets domestiques, des d\u00e9chets industriels, des d\u00e9chets de construction, etc. Si les d\u00e9chets ne sont pas trait\u00e9s, ils auront un impact n\u00e9gatif sur l\u2019environnement et sur la vie des gens.<\/p>    <figure class=\"wp-block-gallery aligncenter has-nested-images columns-default is-cropped wp-block-gallery-3 is-layout-flex wp-block-gallery-is-layout-flex\"> <figure class=\"wp-block-image size-full\"><img loading=\"lazy\" decoding=\"async\" width=\"700\" height=\"350\" data-id=\"2885\" src=\"https:\/\/www.baler-machines.com\/wp-content\/uploads\/2022\/12\/household-trash.webp\" alt=\"poubelle-m\u00e9nag\u00e8re\" class=\"wp-image-2885\" title=\"\"><figcaption class=\"wp-element-caption\">D\u00e9chets m\u00e9nagers<\/figcaption><\/figure>    <figure class=\"wp-block-image size-full\"><img loading=\"lazy\" decoding=\"async\" width=\"700\" height=\"350\" data-id=\"2887\" src=\"https:\/\/www.baler-machines.com\/wp-content\/uploads\/2022\/12\/industrial-garbage.webp\" alt=\"d\u00e9chets-industriels\" class=\"wp-image-2887\" title=\"\"><figcaption class=\"wp-element-caption\">D\u00e9chets industriels<\/figcaption><\/figure>    <figure class=\"wp-block-image size-full\"><img loading=\"lazy\" decoding=\"async\" width=\"700\" height=\"350\" data-id=\"2886\" src=\"https:\/\/www.baler-machines.com\/wp-content\/uploads\/2022\/12\/construction-deris.webp\" alt=\"construction-deris\" class=\"wp-image-2886\" title=\"\"><figcaption class=\"wp-element-caption\">Construction D\u00e9ris<\/figcaption><\/figure> <\/figure>    <h3 class=\"wp-block-heading\"><strong>Fonctions du broyeur de d\u00e9chets industriel<\/strong><\/h3>    <p>Pour l'environnement : les d\u00e9chets industriels et de construction peuvent polluer l'environnement et, \u00e0 terme, nuire aux personnes. C\u2019est l\u00e0 qu\u2019intervient le broyeur de d\u00e9chets industriel pour r\u00e9duire l\u2019impact.<\/p>    <h3 class=\"wp-block-heading\"><strong>Fonctions du broyeur d'ordures m\u00e9nag\u00e8res<\/strong><\/h3>    <p>Pour la vie : nous produisons chaque jour toutes sortes de d\u00e9chets de cuisine et de d\u00e9chets m\u00e9nagers qui, s\u2019ils ne sont pas \u00e9limin\u00e9s, peuvent causer de graves d\u00e9sagr\u00e9ments dans la vie des gens. C\u2019est l\u00e0 que le broyeur \u00e0 d\u00e9chets de cuisine entre en jeu et facilite la vie.<\/p>    <h2 class=\"wp-block-heading\"><strong>Combien co\u00fbte le broyeur \u00e0 d\u00e9chets Shuliy ?<\/strong><\/h2>    <p>En effet, le prix de la d\u00e9chiqueteuse est influenc\u00e9 par divers aspects, tels que le rendement de la machine, la configuration interne de la machine, etc.<\/p>    <p class=\"translation-block\">Par exemple, si vous souhaitez acheter une machine d\u00e9chiqueteuse pour la maison, alors le prix de la machine que vous recherchez en ce moment est certainement moins cher que le prix d'une <a href=\"https:\/\/en.wikipedia.org\/wiki\/Construction_waste\" target=\"_blank\" rel=\"noreferrer noopener\">d\u00e9chets de construction<\/a>.<\/p>    <p>Ainsi, lorsque vous envisagez d'acheter ce type de broyeur de d\u00e9chets, veuillez nous indiquer les d\u00e9chets que vous souhaitez traiter, le rendement de la machine, votre budget, etc., et notre directeur commercial pourra vous fournir la meilleure solution pour votre entreprise.<\/p>    <figure class=\"wp-block-gallery aligncenter has-nested-images columns-default is-cropped wp-block-gallery-4 is-layout-flex wp-block-gallery-is-layout-flex\"> <figure class=\"wp-block-image size-full\"><img loading=\"lazy\" decoding=\"async\" width=\"720\" height=\"540\" data-id=\"2898\" src=\"https:\/\/www.baler-machines.com\/wp-content\/uploads\/2022\/12\/shredder-machine-manufacturer.webp\" alt=\"fabricant de broyeurs\" class=\"wp-image-2898\" title=\"\"><figcaption class=\"wp-element-caption\">Fabricant de broyeurs<\/figcaption><\/figure>    <figure class=\"wp-block-image size-full\"><img loading=\"lazy\" decoding=\"async\" width=\"720\" height=\"540\" data-id=\"2900\" src=\"https:\/\/www.baler-machines.com\/wp-content\/uploads\/2022\/12\/double-shaft-shredder-with-the-conveyor.webp\" alt=\"broyeur \u00e0 double arbre avec convoyeur\" class=\"wp-image-2900\" title=\"\"><figcaption class=\"wp-element-caption\">Broyeur \u00e0 double arbre avec convoyeur<\/figcaption><\/figure> <\/figure>    <h2 class=\"wp-block-heading\"><strong>Param\u00e8tres techniques de la machine de broyage des d\u00e9chets domestiques et industriels<\/strong><\/h2>    <figure class=\"wp-block-table\"><table><tbody><tr><td>Mod\u00e8le<\/td><td>Puissance (kW)<\/td><td>Production (t\/h)<\/td><td>Quantit\u00e9 de lames (pcs)<\/td><\/tr><tr><td>SL-400<\/td><td>7.5*2<\/td><td>0.5-1<\/td><td>20<\/td><\/tr><tr><td>SL-600<\/td><td>11*2<\/td><td>1.5-2<\/td><td>30<\/td><\/tr><tr><td>SL-800<\/td><td>18.5*2<\/td><td>2-3<\/td><td>40<\/td><\/tr><tr><td>SL-1000<\/td><td>22*2<\/td><td>4-5<\/td><td>50<\/td><\/tr><tr><td>SL-1200<\/td><td>37*2<\/td><td>5-7<\/td><td>30<\/td><\/tr><\/tbody><\/table><\/figure>","protected":false},"excerpt":{"rendered":"<p>Shuliy garbage shredder machine is a versatile twin-shaft shredder for shredding household and industrial waste. This trash shredder machine has the advantages of great performance, high quality, and wide applications, thus, it plays an important role in the waste recycling industry. What is a garbage shredder? A garbage shredder machine, as the name suggests, is [&hellip;]<\/p>\n","protected":false},"author":1,"featured_media":2866,"parent":0,"template":"","tags":[578,598],"product-type":[561],"class_list":["post-2856","product","type-product","status-publish","has-post-thumbnail","hentry","tag-double-shaft-shredder","tag-garbage-shredder-machine","product-type-industrial-shredder"],"_links":{"self":[{"href":"https:\/\/www.baler-machines.com\/fr\/wp-json\/wp\/v2\/product\/2856","targetHints":{"allow":["GET"]}}],"collection":[{"href":"https:\/\/www.baler-machines.com\/fr\/wp-json\/wp\/v2\/product"}],"about":[{"href":"https:\/\/www.baler-machines.com\/fr\/wp-json\/wp\/v2\/types\/product"}],"author":[{"embeddable":true,"href":"https:\/\/www.baler-machines.com\/fr\/wp-json\/wp\/v2\/users\/1"}],"wp:featuredmedia":[{"embeddable":true,"href":"https:\/\/www.baler-machines.com\/fr\/wp-json\/wp\/v2\/media\/2866"}],"wp:attachment":[{"href":"https:\/\/www.baler-machines.com\/fr\/wp-json\/wp\/v2\/media?parent=2856"}],"wp:term":[{"taxonomy":"post_tag","embeddable":true,"href":"https:\/\/www.baler-machines.com\/fr\/wp-json\/wp\/v2\/tags?post=2856"},{"taxonomy":"product-type","embeddable":true,"href":"https:\/\/www.baler-machines.com\/fr\/wp-json\/wp\/v2\/product-type?post=2856"}],"curies":[{"name":"wp","href":"https:\/\/api.w.org\/{rel}","templated":true}]}}