{"id":2830,"date":"2022-12-02T14:17:06","date_gmt":"2022-12-02T06:17:06","guid":{"rendered":"https:\/\/www.baler-machines.com\/?post_type=product&#038;p=2830"},"modified":"2023-01-13T09:44:49","modified_gmt":"2023-01-13T01:44:49","slug":"waste-oil-drum-baler-machine","status":"publish","type":"product","link":"https:\/\/www.baler-machines.com\/fr\/waste-oil-drum-baler-machine\/","title":{"rendered":"Presse \u00e0 balles \u00e0 tambour d'huile us\u00e9e | Presse \u00e0 balles"},"content":{"rendered":"<p class=\"translation-block\">Cette machine de mise en balles de f\u00fbts d\u2019huile usag\u00e9e, \u00e9galement connue sous le nom de <a href=\"https:\/\/www.baler-machines.com\/fr\/vertical-baler-machine-for-waste-recycling\/\" target=\"_blank\" rel=\"noreferrer noopener\">presse \u00e0 balles verticale hydraulique<\/a>, est con\u00e7ue pour la mise en balles de toutes sortes de d\u00e9chets tels que les r\u00e9servoirs d\u2019huile usag\u00e9e, les fibres, les sacs tiss\u00e9s, la ferraille, l\u2019acier de r\u00e9cup\u00e9ration, etc. Il s\u2019agit d\u2019une presse \u00e0 balles de bonne qualit\u00e9 avec de bonnes performances et constitue une bonne aide pour le recyclage des d\u00e9chets.<\/p>    <h2 class=\"wp-block-heading\"><strong>Pourquoi recycler les barils d\u2019huile us\u00e9e ? <\/strong><\/h2>    <ol class=\"wp-block-list\"> <li>R\u00e9duire l'espace et \u00e9liminer les odeurs nocives. Les f\u00fbts d\u2019huile usag\u00e9s ne sont plus utilisables apr\u00e8s de nombreuses utilisations. Les ranger prend non seulement beaucoup de place mais d\u00e9gage \u00e9galement des odeurs d\u00e9sagr\u00e9ables. Et travailler longtemps dans de tels espaces peut causer certains dommages aux personnes. Avec le recyclage par la presse hydraulique verticale pour f\u00fbt d\u2019huile, cette situation ne se produit pas.<\/li>    <li>G\u00e9n\u00e9rer \u00e0 nouveau des revenus. Apr\u00e8s avoir \u00e9t\u00e9 compress\u00e9s et emball\u00e9s par la presse \u00e0 f\u00fbts d'huiles us\u00e9es Shuliy, les barils d'huiles us\u00e9es peuvent \u00eatre vendus facilement, soit \u00e0 une casse, soit \u00e0 une usine de recyclage pour un usage secondaire.<\/li> <\/ol>   <div class=\"wp-block-image\"> <figure class=\"aligncenter size-full\"><img loading=\"lazy\" decoding=\"async\" width=\"716\" height=\"444\" src=\"https:\/\/www.baler-machines.com\/wp-content\/uploads\/2022\/12\/waste-oil-drums.webp\" alt=\"f\u00fbts d&#039;huile usag\u00e9e\" class=\"wp-image-2836\" title=\"\"><figcaption class=\"wp-element-caption\">f\u00fbts d'huile usag\u00e9e<\/figcaption><\/figure> <\/div>   <h2 class=\"wp-block-heading\"><strong>Applications de la presse \u00e0 tambour d'huile usag\u00e9e Shuliy <\/strong><\/h2>    <p>Cette presse \u00e0 f\u00fbts d'huile hydraulique est non seulement destin\u00e9e aux f\u00fbts d'huile usag\u00e9e, mais \u00e9galement aux d\u00e9chets de fibres, de v\u00eatements, de pailles de ma\u00efs, de ferraille, de canettes, de bouteilles PET, de carton, de vieux papiers, de pneus, etc. Toutes sortes d'articles que vous souhaitez recycler peut \u00eatre r\u00e9alis\u00e9 avec cette presse \u00e0 balles hydraulique. Si vous avez des mat\u00e9riaux que vous aimeriez mettre en balles, vous pouvez nous contacter et nous vous aiderons \u00e0 r\u00e9soudre votre probl\u00e8me en fonction de vos besoins.<\/p>   <div class=\"wp-block-image\"> <figure class=\"aligncenter size-full\"><img loading=\"lazy\" decoding=\"async\" width=\"540\" height=\"540\" src=\"https:\/\/www.baler-machines.com\/wp-content\/uploads\/2022\/12\/hydraulic-waste-oil-drum-baler-machine.webp\" alt=\"Machine hydraulique de presse \u00e0 tambour d&#039;huile us\u00e9e\" class=\"wp-image-2838\" title=\"\"><figcaption class=\"wp-element-caption\">Machine hydraulique de presse \u00e0 tambour d'huile us\u00e9e<\/figcaption><\/figure> <\/div>   <h2 class=\"wp-block-heading\"><strong>Alternative pour la mise en balles de f\u00fbts d\u2019huiles us\u00e9es \u2013 presse \u00e0 balles hydraulique pour f\u00fbts d\u2019huiles us\u00e9es<\/strong><\/h2>    <p class=\"translation-block\">Shuliy Machinery, as <a href=\"https:\/\/www.baler-machines.com\/fr\/\" target=\"_blank\" rel=\"noreferrer noopener\">a professional manufacturer and supplier of a wide range of balers<\/a>, we have not only vertical balers but also horizontal balers, which can be chosen flexibly according to the material the customer needs to handle. Theoretically, our horizontal hydraulic baling press can also be used for baling waste oil barrels, but the choice is made according to the customer\u2019s actual needs. If you have a need, you can contact us and our sales manager will provide you with the best options for the hydraulic baling press machine for oil drums.<\/p>    <figure class=\"wp-block-gallery aligncenter has-nested-images columns-default is-cropped wp-block-gallery-2 is-layout-flex wp-block-gallery-is-layout-flex\"> <figure class=\"wp-block-image size-full\"><img loading=\"lazy\" decoding=\"async\" width=\"720\" height=\"540\" data-id=\"2840\" src=\"https:\/\/www.baler-machines.com\/wp-content\/uploads\/2022\/12\/vertical-waste-oil-drum-compactor.webp\" alt=\"compacteur-\u00e0-f\u00fbt-d&#039;huile-us\u00e9e-vertical\" class=\"wp-image-2840\" title=\"\"><figcaption class=\"wp-element-caption\">Compacteur vertical \u00e0 tambour d'huile usag\u00e9e<\/figcaption><\/figure>    <figure class=\"wp-block-image size-full\"><img loading=\"lazy\" decoding=\"async\" width=\"720\" height=\"540\" data-id=\"2839\" src=\"https:\/\/www.baler-machines.com\/wp-content\/uploads\/2022\/12\/horizontal-waste-oil-barrel-baler.webp\" alt=\"presse \u00e0 balles horizontale pour barils d&#039;huiles us\u00e9es\" class=\"wp-image-2839\" title=\"\"><figcaption class=\"wp-element-caption\">Presse \u00e0 balles horizontale pour barils d'huile us\u00e9e<\/figcaption><\/figure> <\/figure>    <h2 class=\"wp-block-heading\"><strong>Projets r\u00e9ussis pour la presse \u00e0 f\u00fbts d'huiles us\u00e9es<\/strong><\/h2>    <p>La presse \u00e0 f\u00fbts d\u2019huile usag\u00e9e de Shuliy occupe une place rare dans le monde du recyclage. En raison du co\u00fbt \u00e9lev\u00e9 de cette presse hydraulique, elle est souvent export\u00e9e vers l'Indon\u00e9sie, le Gabon, etc. En novembre de cette ann\u00e9e, un client du Gabon a effectu\u00e9 un nouvel achat de notre presse hydraulique, qu'il a utilis\u00e9e pour mettre en balles des f\u00fbts d'huile usag\u00e9e. Si vous \u00eates int\u00e9ress\u00e9 par notre presse \u00e0 balles, contactez-nous !<\/p>    <h2 class=\"wp-block-heading\"><strong>Param\u00e8tres techniques de la presse \u00e0 tambour d'huile usag\u00e9e Shuliy \u00e0 vendre<\/strong><\/h2>    <figure class=\"wp-block-table\"><table><tbody><tr><td>Mod\u00e8le<\/td><td>SL-100T<\/td><\/tr><tr><td>Pression<\/td><td>100 tonnes<\/td><\/tr><tr><td>Tension<\/td><td>380 V 50 Hz triphas\u00e9<\/td><\/tr><\/tbody><\/table><\/figure>    <h2 class=\"wp-block-heading\"><strong>Vid\u00e9o de la presse \u00e0 f\u00fbts d\u2019huile usag\u00e9e \u2013 comment presser les f\u00fbts d\u2019huile ?<\/strong><\/h2>    <figure class=\"wp-block-embed is-type-video is-provider-youtube wp-block-embed-youtube wp-embed-aspect-16-9 wp-has-aspect-ratio\"><div class=\"wp-block-embed__wrapper\"> <iframe loading=\"lazy\" title=\"Presse \u00e0 balles verticale hydraulique pour f\u00fbt d&#039;huile #baler #hydraulicpress\" width=\"500\" height=\"281\" src=\"https:\/\/www.youtube.com\/embed\/ASbF3uvGpe8?feature=oembed\" frameborder=\"0\" allow=\"accelerometer; autoplay; clipboard-write; encrypted-media; gyroscope; picture-in-picture; web-share\" referrerpolicy=\"strict-origin-when-cross-origin\" allowfullscreen><\/iframe> <\/div><\/figure>","protected":false},"excerpt":{"rendered":"<p>This waste oil drum baler machine, also known as a hydraulic vertical baler, is designed for baling all kinds of waste such as waste oil tanks, fibers, woven bags, scrap iron, scrap steel, etc. This is a good quality baling press machine with good performance and is a good machine helper for waste recycling. Why [&hellip;]<\/p>\n","protected":false},"author":1,"featured_media":2844,"parent":0,"template":"","tags":[572,596],"product-type":[563],"class_list":["post-2830","product","type-product","status-publish","has-post-thumbnail","hentry","tag-hydraulic-baler-machine","tag-waste-oil-drum-baler-machine","product-type-baler-machine"],"_links":{"self":[{"href":"https:\/\/www.baler-machines.com\/fr\/wp-json\/wp\/v2\/product\/2830","targetHints":{"allow":["GET"]}}],"collection":[{"href":"https:\/\/www.baler-machines.com\/fr\/wp-json\/wp\/v2\/product"}],"about":[{"href":"https:\/\/www.baler-machines.com\/fr\/wp-json\/wp\/v2\/types\/product"}],"author":[{"embeddable":true,"href":"https:\/\/www.baler-machines.com\/fr\/wp-json\/wp\/v2\/users\/1"}],"wp:featuredmedia":[{"embeddable":true,"href":"https:\/\/www.baler-machines.com\/fr\/wp-json\/wp\/v2\/media\/2844"}],"wp:attachment":[{"href":"https:\/\/www.baler-machines.com\/fr\/wp-json\/wp\/v2\/media?parent=2830"}],"wp:term":[{"taxonomy":"post_tag","embeddable":true,"href":"https:\/\/www.baler-machines.com\/fr\/wp-json\/wp\/v2\/tags?post=2830"},{"taxonomy":"product-type","embeddable":true,"href":"https:\/\/www.baler-machines.com\/fr\/wp-json\/wp\/v2\/product-type?post=2830"}],"curies":[{"name":"wp","href":"https:\/\/api.w.org\/{rel}","templated":true}]}}