{"id":2448,"date":"2022-08-02T08:26:41","date_gmt":"2022-08-02T08:26:41","guid":{"rendered":"https:\/\/www.baler-machines.com\/?post_type=product&#038;p=2448"},"modified":"2025-10-24T16:30:09","modified_gmt":"2025-10-24T08:30:09","slug":"double-shaft-shredder","status":"publish","type":"product","link":"https:\/\/www.baler-machines.com\/fr\/double-shaft-shredder\/","title":{"rendered":"Broyeur \u00e0 double arbre pour le d\u00e9chiquetage de tous les d\u00e9chets"},"content":{"rendered":"<p class=\"translation-block\">Cette <strong>d\u00e9chiqueteuse \u00e0 double arbre<\/strong> (\u00e9galement appel\u00e9e d\u00e9chiqueteuse \u00e0 deux arbres) est sp\u00e9cialis\u00e9e dans le d\u00e9chiquetage de divers mat\u00e9riaux, tels que le m\u00e9tal, le plastique, les ordures m\u00e9nag\u00e8res, le bois, etc., en petits morceaux pour le recyclage. Elle peut traiter des d\u00e9chets de 0,5 \u00e0 25 tonnes par heure. <\/p>    <p>Le broyeur \u00e0 cisaillement \u00e0 double arbre Shuliy pr\u00e9sente de larges applications, une forte puissance de d\u00e9chiquetage et une rentabilit\u00e9. Il est tr\u00e8s populaire dans l\u2019industrie du recyclage des d\u00e9chets.<\/p>    <p>Notre broyeur \u00e0 2 arbres a \u00e9t\u00e9 export\u00e9 vers la Malaisie, l'Italie, l'Indon\u00e9sie, l'Iran, l'Ouzb\u00e9kistan, la Roumanie, les \u00c9tats-Unis, l'Australie, le P\u00e9rou, la Russie, etc. Si vous \u00eates int\u00e9ress\u00e9, venez nous contacter pour plus d\u2019informations sur la machine.<\/p>    <figure class=\"wp-block-embed is-type-video is-provider-youtube wp-block-embed-youtube wp-embed-aspect-16-9 wp-has-aspect-ratio\"><div class=\"wp-block-embed__wrapper\"> <iframe loading=\"lazy\" title=\"Puissant broyeur \u00e0 double arbre\u00a0: d\u00e9chiquetez les mat\u00e9riaux durs et mous\u00a0! Broyeur pour plastiques, mousses, m\u00e9taux\" width=\"500\" height=\"281\" src=\"https:\/\/www.youtube.com\/embed\/Tw78p96ALVw?feature=oembed\" frameborder=\"0\" allow=\"accelerometer; autoplay; clipboard-write; encrypted-media; gyroscope; picture-in-picture; web-share\" referrerpolicy=\"strict-origin-when-cross-origin\" allowfullscreen><\/iframe> <\/div><figcaption class=\"wp-element-caption\">vid\u00e9o de travail d'un broyeur \u00e0 deux arbres pour le concassage des d\u00e9chets<\/figcaption><\/figure>    <h2 class=\"wp-block-heading\"><strong>Que peut-on broyer avec le broyeur industriel Shuliy\u00a0?<\/strong><\/h2>    <p>Notre broyeur \u00e0 double arbre est polyvalent et peut broyer toutes sortes de d\u00e9chets. Maintenant, je vais vous pr\u00e9senter quels d\u00e9chets peuvent \u00eatre broy\u00e9s.  <\/p>    <ul class=\"wp-block-list\"> <li><strong>Tissu<\/strong>: toutes sortes de textiles, chiffons, v\u00eatements, draps et couvertures.<\/li>    <li><strong>Ferraille<\/strong>: fil de fer, coques de voiture, ferraille d'aluminium, ferraille, plaque de plomb, barres d'armature, etc.<\/li>    <li><strong>D\u00e9chets plastiques<\/strong>: bouteilles en plastique PET, films plastiques, palettes plastiques, etc. <\/li>    <li><strong>D\u00e9chets de construction<\/strong>: tubes en acier, acier, raccords de tuyauterie et charpente.<\/li>    <li><strong>Pneus usag\u00e9s<\/strong>: pneus en caoutchouc, pneus de voiture, pneus de camion, pneus de v\u00e9lo et pneus de v\u00e9hicule.<\/li>    <li><strong>Appareils \u00e0 d\u00e9chets<\/strong>: T\u00e9l\u00e9viseurs, machines \u00e0 laver, coques de r\u00e9frig\u00e9rateur, coques de cong\u00e9lateur et cuisini\u00e8res \u00e0 gaz.<\/li>    <li><strong>D\u00e9chets \u00e9lectroniques<\/strong>: t\u00e9l\u00e9phones portables, circuits imprim\u00e9s, c\u00e2bles, fils de cuivre, etc.<\/li>    <li><strong>Divers conteneurs<\/strong>: canettes en plastique, f\u00fbts en plastique, f\u00fbts en fer, cartons d'emballage, f\u00fbts, canettes en aluminium, etc.<\/li>    <li><strong>Cat\u00e9gorie bois<\/strong>: palettes en bois, supports de chariot \u00e9l\u00e9vateur et autres d\u00e9chets de bois.<\/li>    <li><strong>Autres<\/strong>: motos, d\u00e9chets de cuisine, d\u00e9chets m\u00e9nagers, carcasses d'animaux, d\u00e9riv\u00e9s RDF, d\u00e9chets m\u00e9dicaux, paille biologique, d\u00e9chets de jardin, d\u00e9chets de t\u00eates en caoutchouc, corde torsad\u00e9e de papeterie, etc.<\/li> <\/ul>   <div class=\"wp-block-image\"> <figure class=\"aligncenter size-full\"><img loading=\"lazy\" decoding=\"async\" width=\"720\" height=\"300\" src=\"https:\/\/www.baler-machines.com\/wp-content\/uploads\/2022\/08\/double-shaft-shredder-applications.webp\" alt=\"applications de broyeur \u00e0 double arbre\" class=\"wp-image-2467\" title=\"\"><figcaption class=\"wp-element-caption\">applications de broyeur \u00e0 double arbre<\/figcaption><\/figure> <\/div>   <p>Tant que vous souhaitez broyer les d\u00e9chets, notre broyeur peut vous aider \u00e0 le faire.<\/p>    <h2 class=\"wp-block-heading\"><strong>Caract\u00e9ristiques du broyeur \u00e0 double arbre<\/strong><\/h2>    <ul class=\"wp-block-list\"> <li><strong>Production de 0,5 \u00e0 25 t\/h<\/strong>. Notre broyeur industriel peut traiter des d\u00e9chets allant de 0,5 \u00e0 25 t\/h, ce qui constitue un recyclage efficace. <\/li>    <li><strong>Une large gamme d'applications<\/strong>. Le broyeur \u00e0 double arbre Shuliy peut d\u00e9chiqueter la ferraille, le plastique, l'\u00e9lectricit\u00e9, les mat\u00e9riaux en bois, les ordures m\u00e9nag\u00e8res, etc.<\/li>    <li><strong>Deux excellents moteurs<\/strong>. Le broyeur de d\u00e9chets m\u00e9dicaux \u00e0 double arbre peut fournir une puissance efficace pour garantir un fonctionnement stable de la machine.<\/li>    <li><strong>Convient aux travaux int\u00e9rieurs et ext\u00e9rieurs<\/strong>. Le destructeur num\u00e9rique Shuliy a un faible bruit et peut fonctionner aussi bien \u00e0 l'int\u00e9rieur qu'\u00e0 l'ext\u00e9rieur.<\/li>    <li><strong>Lames amovibles<\/strong>. Les lames du double arbre peuvent \u00eatre d\u00e9mont\u00e9es pour un entretien facile, ce qui r\u00e9duit consid\u00e9rablement le temps d'entretien.<\/li>    <li><strong>Num\u00e9ro de lame et mat\u00e9riau en option<\/strong>. Vous pouvez choisir le num\u00e9ro de lame et les mat\u00e9riaux appropri\u00e9s pour le recyclage des d\u00e9chets, ce qui constitue la meilleure solution pour d\u00e9chiqueter diff\u00e9rents mat\u00e9riaux. <ul class=\"wp-block-list\"> <li>Pour le num\u00e9ro de lame, si vous souhaitez une petite capacit\u00e9 (comme 900 kg\/h), alors la machine \u00e9quip\u00e9e de 20 lames suffit.<\/li>    <li>Pour les mat\u00e9riaux des lames, le 55SiCr est bon pour le d\u00e9chiquetage du bois et des plastiques, le 9CrSi est bon pour broyer le caoutchouc et le m\u00e9tal et le H13 est meilleur pour le d\u00e9chiquetage des m\u00e9taux. <\/li> <\/ul> <\/li> <\/ul>   <div class=\"wp-block-image\"> <figure class=\"aligncenter size-full\"><img loading=\"lazy\" decoding=\"async\" width=\"750\" height=\"563\" src=\"https:\/\/www.baler-machines.com\/wp-content\/uploads\/2022\/08\/shredder-blades.webp\" alt=\"lames de broyeur\" class=\"wp-image-2473\" title=\"\"><figcaption class=\"wp-element-caption\">lames de broyeur<\/figcaption><\/figure> <\/div>   <ul class=\"wp-block-list\"> <li><strong>Conception sans \u00e9cran au port de d\u00e9charge<\/strong>. Cette conception de d\u00e9chiquetage \u00e0 double arbre am\u00e9liore consid\u00e9rablement l\u2019efficacit\u00e9 du d\u00e9chiquetage.<\/li>    <li><strong>Syst\u00e8me de contr\u00f4le PLC ind\u00e9pendant<\/strong>. Lorsque vous utilisez le broyeur de recyclage de pneus en caoutchouc, c\u2019est s\u00fbr et pratique.<\/li>    <li><strong>Syst\u00e8me d'alimentation en option<\/strong>. Le broyeur en vrac peut utiliser un moteur ou un moteur diesel, selon les besoins du choix flexible de votre r\u00e9gion.<\/li>    <li><strong>Personnalisation<\/strong>. Selon vos besoins, nous pouvons personnaliser la tension, la puissance, le tapis roulant, le support, l'\u00e9cran, etc. <ul class=\"wp-block-list\"> <li>Pour les broyeurs de grande capacit\u00e9, le tapis roulant et les supports sont \u00e9quip\u00e9s.<\/li>    <li>Pour les mat\u00e9riaux irr\u00e9guliers, le tamis est \u00e9quip\u00e9. <\/li> <\/ul> <\/li> <\/ul>    <figure class=\"wp-block-gallery aligncenter has-nested-images columns-default is-cropped wp-block-gallery-2 is-layout-flex wp-block-gallery-is-layout-flex\"> <figure class=\"wp-block-image size-large\"><img loading=\"lazy\" decoding=\"async\" width=\"720\" height=\"540\" data-id=\"2470\" src=\"https:\/\/www.baler-machines.com\/wp-content\/uploads\/2022\/08\/double-shaft-shredder-with-the-conveyor.webp\" alt=\"broyeur-\u00e0-double-arbre-avec-convoyeur\" class=\"wp-image-2470\" title=\"\"><figcaption class=\"wp-element-caption\">Broyeur \u00e0 double arbre avec convoyeur<\/figcaption><\/figure>    <figure class=\"wp-block-image size-large\"><img loading=\"lazy\" decoding=\"async\" width=\"720\" height=\"540\" data-id=\"2471\" src=\"https:\/\/www.baler-machines.com\/wp-content\/uploads\/2022\/08\/heavy-duty-crusher-.webp\" alt=\"concasseur-robuste-\" class=\"wp-image-2471\" title=\"\"><figcaption class=\"wp-element-caption\">Concasseur robuste <\/figcaption><\/figure> <\/figure>    <h2 class=\"wp-block-heading\" id=\"h-industrial-dual-shaft-shredder-for-sale\"><strong>Param\u00e8tres techniques du broyeur industriel \u00e0 double arbre \u00e0 vendre<\/strong><\/h2>    <p>Le broyeur industriel Shuliy est disponible dans de nombreux mod\u00e8les, avec des rendements allant du petit au grand. C\u2019est principalement pour r\u00e9pondre \u00e0 vos diff\u00e9rentes demandes de d\u00e9chiquetage. Les diff\u00e9rents mod\u00e8les suivants sont pour votre r\u00e9f\u00e9rence.<\/p>    <figure class=\"wp-block-table\"><table><tbody><tr><td>Mod\u00e8le<\/td><td>Puissance (kW)<\/td><td>Production (t\/h)<\/td><td>Quantit\u00e9 de lames (pcs)<\/td><\/tr><tr><td>SL-400<\/td><td>7.5*2<\/td><td>0.5-1<\/td><td>20<\/td><\/tr><tr><td>SL-600<\/td><td>11*2<\/td><td>1.5-2<\/td><td>30<\/td><\/tr><tr><td>SL-800<\/td><td>18.5*2<\/td><td>2-3<\/td><td>40<\/td><\/tr><tr><td>SL-1000<\/td><td>22*2<\/td><td>4-5<\/td><td>50<\/td><\/tr><tr><td>SL-1200<\/td><td>37*2<\/td><td>5-7<\/td><td>30<\/td><\/tr><tr><td>SL-1400<\/td><td>45*2<\/td><td>8-10<\/td><td>40<\/td><\/tr><tr><td>SL-1600<\/td><td>75*2<\/td><td>12-15<\/td><td>20<\/td><\/tr><tr><td>SL-1800<\/td><td>75*2<\/td><td>15-18<\/td><td>18<\/td><\/tr><tr><td>SL-2000<\/td><td>90*2<\/td><td>20-25<\/td><td>20<\/td><\/tr><\/tbody><\/table><figcaption class=\"wp-element-caption\">diff\u00e9rents types de broyeurs \u00e0 double arbre <\/figcaption><\/figure>    <p class=\"translation-block\"><strong>Notes sur la d\u00e9chiqueteuse \u00e0 deux arbres<\/strong> :<\/p>    <ul class=\"wp-block-list\"> <li>P\u00e9riode de garantie : 2 ans<\/li>    <li>Collocation facultative\u00a0:\u00a0\u00e9cran et bande transporteuse<\/li> <\/ul>    <figure class=\"wp-block-gallery aligncenter has-nested-images columns-default is-cropped wp-block-gallery-3 is-layout-flex wp-block-gallery-is-layout-flex\"> <figure class=\"wp-block-image size-large\"><img loading=\"lazy\" decoding=\"async\" width=\"720\" height=\"540\" data-id=\"2468\" src=\"https:\/\/www.baler-machines.com\/wp-content\/uploads\/2022\/08\/industrial-shredder.webp\" alt=\"broyeur-industriel\" class=\"wp-image-2468\" title=\"\"><figcaption class=\"wp-element-caption\">Broyeur industriel<\/figcaption><\/figure>    <figure class=\"wp-block-image size-large\"><img loading=\"lazy\" decoding=\"async\" width=\"720\" height=\"540\" data-id=\"2469\" src=\"https:\/\/www.baler-machines.com\/wp-content\/uploads\/2022\/08\/rubber-tire-recycling-equipment.webp\" alt=\"\u00e9quipement-de-recyclage-de-pneus-en-caoutchouc\" class=\"wp-image-2469\" title=\"\"><figcaption class=\"wp-element-caption\">\u00c9quipement de recyclage de pneus en caoutchouc<\/figcaption><\/figure> <\/figure>    <h2 class=\"wp-block-heading\"><strong>Conception unique de broyeur \u00e0 double arbre<\/strong><\/h2>    <p>La conception de notre broyeur \u00e0 double arbre est conforme aux habitudes d\u2019utilisation du client et il est tr\u00e8s pratique \u00e0 utiliser.<\/p>    <p>Il se compose d'un moteur (ou moteur diesel), d'un r\u00e9ducteur, d'une tr\u00e9mie, d'un port de d\u00e9chargement et d'un double arbre avec pales. <\/p>   <div class=\"wp-block-image\"> <figure class=\"aligncenter size-full\"><img loading=\"lazy\" decoding=\"async\" width=\"720\" height=\"540\" src=\"https:\/\/www.baler-machines.com\/wp-content\/uploads\/2022\/08\/plastic-shredder-machine-structure.webp\" alt=\"structure de la machine de broyage de plastique\" class=\"wp-image-2477\" title=\"\"><figcaption class=\"wp-element-caption\">structure de la machine de broyage de plastique<\/figcaption><\/figure> <\/div>   <p>En outre, nous pouvons \u00e9galement \u00e9quiper le tapis roulant, le support ou l\u2019\u00e9cran pour votre utilisation pratique. En fonction de votre situation r\u00e9elle, nous r\u00e9aliserons la configuration adapt\u00e9e.<\/p>    <figure class=\"wp-block-gallery aligncenter has-nested-images columns-default is-cropped wp-block-gallery-4 is-layout-flex wp-block-gallery-is-layout-flex\"> <figure class=\"wp-block-image size-large\"><img loading=\"lazy\" decoding=\"async\" width=\"720\" height=\"540\" data-id=\"3550\" src=\"https:\/\/www.baler-machines.com\/wp-content\/uploads\/2022\/08\/heavy-duty-two-shaft-shredder-with-stand.webp\" alt=\"broyeur robuste \u00e0 deux arbres avec support\" class=\"wp-image-3550\" title=\"\"><figcaption class=\"wp-element-caption\">Broyeur robuste \u00e0 deux arbres avec support<\/figcaption><\/figure>    <figure class=\"wp-block-image size-large\"><img loading=\"lazy\" decoding=\"async\" width=\"720\" height=\"540\" data-id=\"3551\" src=\"https:\/\/www.baler-machines.com\/wp-content\/uploads\/2022\/08\/industrial-shredder-for-sale.webp\" alt=\"broyeur industriel \u00e0 vendre\" class=\"wp-image-3551\" title=\"\"><figcaption class=\"wp-element-caption\">Broyeur industriel \u00e0 vendre<\/figcaption><\/figure> <\/figure>    <h2 class=\"wp-block-heading\"><strong>Comment fonctionne un broyeur industriel ?<\/strong><\/h2>    <p>Ce broyeur \u00e0 double arbre fonctionne gr\u00e2ce \u00e0 deux arbres doubles dot\u00e9s de lames tranchantes.<\/p>    <figure class=\"wp-block-gallery aligncenter has-nested-images columns-default is-cropped wp-block-gallery-5 is-layout-flex wp-block-gallery-is-layout-flex\"> <figure class=\"wp-block-image size-large\"><img loading=\"lazy\" decoding=\"async\" width=\"720\" height=\"540\" data-id=\"2474\" src=\"https:\/\/www.baler-machines.com\/wp-content\/uploads\/2022\/08\/drums-with-the-blades.webp\" alt=\"tambours-\u00e0-lames\" class=\"wp-image-2474\" title=\"\"><figcaption class=\"wp-element-caption\">Tambours avec les lames<\/figcaption><\/figure>    <figure class=\"wp-block-image size-large\"><img loading=\"lazy\" decoding=\"async\" width=\"720\" height=\"540\" data-id=\"2475\" src=\"https:\/\/www.baler-machines.com\/wp-content\/uploads\/2022\/08\/quality-blades.webp\" alt=\"lames de qualit\u00e9\" class=\"wp-image-2475\" title=\"\"><figcaption class=\"wp-element-caption\">Lames de qualit\u00e9<\/figcaption><\/figure> <\/figure>    <p>Apr\u00e8s \u00eatre entr\u00e9 dans la d\u00e9chiqueteuse \u00e0 double arbre, le mat\u00e9riau est d\u00e9chir\u00e9 et cisaill\u00e9 par les couteaux selon une rotation \u00e9chelonn\u00e9e. Ensuite, il est divis\u00e9 et divis\u00e9 en plus petites tailles, puis d\u00e9charg\u00e9.<\/p>    <h2 class=\"wp-block-heading\"><strong>Qu'en est-il du prix de la d\u00e9chiqueteuse \u00e0 double arbre\u00a0?<\/strong><\/h2>    <p>Le prix du broyeur \u00e0 double arbre est affect\u00e9 par divers aspects. En ce qui concerne la machine elle-m\u00eame, il s'agit principalement de la configuration de la machine du r\u00e9ducteur et de la lame.<\/p>    <ul class=\"wp-block-list\"> <li><strong>R\u00e9ducteur<\/strong> <ul class=\"wp-block-list\"> <li>Son r\u00f4le est de r\u00e9duire la vitesse tout en augmentant le couple de sortie, mais aussi de r\u00e9duire l'inertie de la charge. <\/li>    <li>Le r\u00e9ducteur propose des mod\u00e8les ordinaires et des mod\u00e8les personnalisables. Les mod\u00e8les personnalisables sont certainement plus chers que les mod\u00e8les ordinaires.<\/li> <\/ul> <\/li>    <li><strong>Lames de broyeur<\/strong> <ul class=\"wp-block-list\"> <li>Lors du processus de d\u00e9chiquetage de mat\u00e9riaux, la lame constitue le noyau. Par cons\u00e9quent, l\u2019\u00e9paisseur, la quantit\u00e9 et la qualit\u00e9 des lames affectent le prix de la machine.<\/li>    <li>G\u00e9n\u00e9ralement, plus les lames sont \u00e9paisses et plus elles sont nombreuses, plus la machine est ch\u00e8re.<\/li> <\/ul> <\/li> <\/ul>    <h2 class=\"wp-block-heading\"><strong>Pourquoi choisir le broyeur \u00e0 deux arbres Shuliy comme premier choix\u00a0?<\/strong><\/h2>    <ul class=\"wp-block-list\"> <li><strong>Qualit\u00e9 des \u00e9quipements de haute qualit\u00e9 et durable<\/strong> <ul class=\"wp-block-list\"> <li>Le broyeur \u00e0 double arbre Shuliy est fabriqu\u00e9 en acier \u00e0 haute r\u00e9sistance et est \u00e9quip\u00e9 de couteaux r\u00e9sistants \u00e0 l'usure et \u00e0 la corrosion.<\/li>    <li>L'\u00e9quipement peut manipuler divers mat\u00e9riaux (tels que la ferraille, les pneus, etc.) avec une excellente stabilit\u00e9 et une longue dur\u00e9e de vie.<\/li> <\/ul> <\/li>    <li><strong>Technologie de broyage \u00e0 haute efficacit\u00e9<\/strong> <ul class=\"wp-block-list\"> <li>Notre broyeur \u00e0 double arbre adopte une conception avanc\u00e9e \u00e0 vitesse lente et \u00e0 couple \u00e9lev\u00e9, qui peut traiter efficacement divers types de mat\u00e9riaux difficiles \u00e0 d\u00e9chiqueter. <\/li>    <li>Il pr\u00e9sente non seulement une efficacit\u00e9 de travail \u00e9lev\u00e9e, mais \u00e9galement une faible consommation d'\u00e9nergie, ce qui am\u00e9liore consid\u00e9rablement la r\u00e9cup\u00e9ration des ressources et l'\u00e9limination des d\u00e9chets.<\/li> <\/ul> <\/li>    <li><strong>Services professionnels \u00e0 guichet unique<\/strong> <ul class=\"wp-block-list\"> <li>Shuliy fournit un service unique, de la consultation avant-vente \u00e0 la maintenance apr\u00e8s-vente. <\/li>    <li>Nous pouvons personnaliser les solutions de d\u00e9chiquetage en fonction de vos besoins de production sp\u00e9cifiques, tels que le num\u00e9ro de lame, le mat\u00e9riau de la lame, la tension, etc.<\/li> <\/ul> <\/li>    <li><strong>Syst\u00e8me de service apr\u00e8s-vente complet<\/strong> <ul class=\"wp-block-list\"> <li>Services apr\u00e8s-vente rapides et r\u00e9fl\u00e9chis, y compris des conseils d'installation et de mise en service, une formation d'exploitation, la fourniture de pi\u00e8ces et la r\u00e9paration des d\u00e9fauts, etc.<\/li> <\/ul> <\/li> <\/ul>    <figure class=\"wp-block-gallery aligncenter has-nested-images columns-default is-cropped wp-block-gallery-6 is-layout-flex wp-block-gallery-is-layout-flex\"> <figure class=\"wp-block-image size-full\"><img loading=\"lazy\" decoding=\"async\" width=\"720\" height=\"540\" data-id=\"3556\" src=\"https:\/\/www.baler-machines.com\/wp-content\/uploads\/2024\/01\/double-shaft-shredder-machine-in-stock.webp\" alt=\"broyeur \u00e0 double arbre en stock\" class=\"wp-image-3556\" title=\"\"><figcaption class=\"wp-element-caption\">Broyeur \u00e0 double arbre en stock<\/figcaption><\/figure>    <figure class=\"wp-block-image size-large\"><img loading=\"lazy\" decoding=\"async\" width=\"720\" height=\"540\" data-id=\"3555\" src=\"https:\/\/www.baler-machines.com\/wp-content\/uploads\/2022\/08\/twin-shaft-shredder-manufacturer.webp\" alt=\"fabricant de broyeur \u00e0 double arbre\" class=\"wp-image-3555\" title=\"\"><figcaption class=\"wp-element-caption\">Fabricant de broyeurs \u00e0 double arbre<\/figcaption><\/figure> <\/figure>    <h2 class=\"wp-block-heading\"><strong>Contactez-nous pour d\u00e9marrer votre entreprise de recyclage de d\u00e9chets !<\/strong><\/h2>    <p>D\u00e9marrez votre entreprise de recyclage des d\u00e9chets avec Shuliy\u00a0! <\/p>    <p class=\"translation-block\">Nous proposons une solution compl\u00e8te d'\u00e9quipements de traitement des d\u00e9chets, tels que des d\u00e9chiqueteuses \u00e0 double arbre, des <a href=\"https:\/\/www.baler-machines.com\/fr\/horizontal-metal-baler\/\">presse \u00e0 balles m\u00e9talliques<\/a>, des cisailles \u00e0 m\u00e9tal, etc.<\/p>    <p class=\"translation-block\">Des <a href=\"https:\/\/en.wikipedia.org\/wiki\/Scrap\" target=\"_blank\" rel=\"noopener\">m\u00e9taux de r\u00e9cup\u00e9ration<\/a> aux pneus en caoutchouc, nous pouvons vous aider \u00e0 convertir efficacement les d\u00e9chets en ressources pr\u00e9cieuses. Contactez-nous d\u00e8s aujourd'hui pour une fa\u00e7on plus \u00e9cologique de faire des affaires !<\/p>","protected":false},"excerpt":{"rendered":"<p>Le broyeur \u00e0 double arbre (d\u00e9chiqueteur \u00e0 double arbre) est sp\u00e9cialis\u00e9 dans le d\u00e9chiquetage de divers mat\u00e9riaux, comme le m\u00e9tal, le plastique, etc. en petites particules pour le recyclage.<\/p>","protected":false},"author":1,"featured_media":2476,"parent":0,"template":"","tags":[578,581,579,580,632],"product-type":[561],"class_list":["post-2448","product","type-product","status-publish","has-post-thumbnail","hentry","tag-double-shaft-shredder","tag-dual-shaft-shredder","tag-scrap-metal-crusher","tag-scrap-metal-shredder","tag-shredder","product-type-industrial-shredder"],"_links":{"self":[{"href":"https:\/\/www.baler-machines.com\/fr\/wp-json\/wp\/v2\/product\/2448","targetHints":{"allow":["GET"]}}],"collection":[{"href":"https:\/\/www.baler-machines.com\/fr\/wp-json\/wp\/v2\/product"}],"about":[{"href":"https:\/\/www.baler-machines.com\/fr\/wp-json\/wp\/v2\/types\/product"}],"author":[{"embeddable":true,"href":"https:\/\/www.baler-machines.com\/fr\/wp-json\/wp\/v2\/users\/1"}],"wp:featuredmedia":[{"embeddable":true,"href":"https:\/\/www.baler-machines.com\/fr\/wp-json\/wp\/v2\/media\/2476"}],"wp:attachment":[{"href":"https:\/\/www.baler-machines.com\/fr\/wp-json\/wp\/v2\/media?parent=2448"}],"wp:term":[{"taxonomy":"post_tag","embeddable":true,"href":"https:\/\/www.baler-machines.com\/fr\/wp-json\/wp\/v2\/tags?post=2448"},{"taxonomy":"product-type","embeddable":true,"href":"https:\/\/www.baler-machines.com\/fr\/wp-json\/wp\/v2\/product-type?post=2448"}],"curies":[{"name":"wp","href":"https:\/\/api.w.org\/{rel}","templated":true}]}}