{"id":2376,"date":"2022-08-01T06:52:35","date_gmt":"2022-08-01T06:52:35","guid":{"rendered":"https:\/\/www.baler-machines.com\/?post_type=product&#038;p=2376"},"modified":"2025-04-30T15:44:21","modified_gmt":"2025-04-30T07:44:21","slug":"waste-tire-shredder","status":"publish","type":"product","link":"https:\/\/www.baler-machines.com\/fr\/waste-tire-shredder\/","title":{"rendered":"Broyeur de pneus usag\u00e9s commerciaux pour le recyclage des pneus"},"content":{"rendered":"<p class=\"translation-block\">Le <strong>broyeur de pneus usag\u00e9s<\/strong> Shuliy est un broyeur industriel \u00e0 double arbre, sp\u00e9cialement con\u00e7u pour broyer divers types de pneus usag\u00e9s, comme les pneus de voiture, les pneus de bus, les pneus de camion, etc. <\/p>    <p>Il a une capacit\u00e9 de traitement de 400 \u00e0 2 000 kg\/h. La taille des pneus d\u00e9chiquet\u00e9s est de 50 \u00e0 150 mm.<\/p>    <p>Cet \u00e9quipement de d\u00e9chiquetage de pneus est dot\u00e9 de deux arbres contrarotatifs \u00e9quip\u00e9s de lames tranchantes pour cisailler et d\u00e9chiqueter efficacement le mat\u00e9riau. Vous pouvez choisir un moteur diesel ou un moteur \u00e9lectrique comme syst\u00e8me d'alimentation en fonction de vos besoins.<\/p>    <p>En outre, le broyeur de pneus \u00e0 vendre peut ajouter un crible suppl\u00e9mentaire, qui est principalement utilis\u00e9 pour les exigences sp\u00e9cifiques des produits finaux.<\/p>    <figure class=\"wp-block-gallery aligncenter has-nested-images columns-default is-cropped wp-block-gallery-2 is-layout-flex wp-block-gallery-is-layout-flex\"> <figure class=\"wp-block-image size-large\"><img loading=\"lazy\" decoding=\"async\" width=\"720\" height=\"540\" data-id=\"2401\" src=\"https:\/\/www.baler-machines.com\/wp-content\/uploads\/2022\/08\/large-tire-recycling-shredder.webp\" alt=\"broyeur-de-recyclage-de-gros-pneus\" class=\"wp-image-2401\" title=\"\"><figcaption class=\"wp-element-caption\">Grand broyeur de recyclage de pneus<\/figcaption><\/figure>    <figure class=\"wp-block-image size-large\"><img loading=\"lazy\" decoding=\"async\" width=\"720\" height=\"540\" data-id=\"2402\" src=\"https:\/\/www.baler-machines.com\/wp-content\/uploads\/2022\/08\/truck-tyre-shredder.webp\" alt=\"broyeur de pneus de camion\" class=\"wp-image-2402\" title=\"\"><figcaption class=\"wp-element-caption\">D\u00e9chiqueteuse de pneus de camion<\/figcaption><\/figure> <\/figure>    <p>Si vous recherchez des solutions de recyclage des pneus usag\u00e9s, ce broyeur de pneus \u00e0 double arbre est un bon choix pour vous.<\/p>    <figure class=\"wp-block-embed is-type-video is-provider-youtube wp-block-embed-youtube wp-embed-aspect-16-9 wp-has-aspect-ratio\"><div class=\"wp-block-embed__wrapper\"> <iframe loading=\"lazy\" title=\"Broyeur \u00e0 double arbre pour pneus de voiture, pneus de bus, pneus de camion pour le recyclage du caoutchouc\u00a0! Broyeur de pneus \u00e0 vendre\" width=\"500\" height=\"281\" src=\"https:\/\/www.youtube.com\/embed\/DtpE0U9NzC8?feature=oembed\" frameborder=\"0\" allow=\"accelerometer; autoplay; clipboard-write; encrypted-media; gyroscope; picture-in-picture; web-share\" referrerpolicy=\"strict-origin-when-cross-origin\" allowfullscreen><\/iframe> <\/div><figcaption class=\"wp-element-caption\">vid\u00e9o sur le broyeur de pneus usag\u00e9s<\/figcaption><\/figure>    <h2 class=\"wp-block-heading\"><strong>Quels pneus peuvent \u00eatre broy\u00e9s par le broyeur de pneus usag\u00e9s ?<\/strong><\/h2>    <p>Quels mat\u00e9riaux peuvent \u00eatre d\u00e9chiquet\u00e9s par le broyeur de pneus usag\u00e9s Shuliy\u00a0? Jetons un coup d'\u0153il ci-dessous.<\/p>    <p class=\"translation-block\"><strong>Pneus de voiture, pneus de bus, pneus de camion, pneus pneumatiques et pneus solides, pneus d'ing\u00e9nierie, pneus en caoutchouc, pneus bias, pneus radiaux<\/strong>, etc.<\/p>    <figure class=\"wp-block-gallery has-nested-images columns-default is-cropped wp-block-gallery-3 is-layout-flex wp-block-gallery-is-layout-flex\"> <figure class=\"wp-block-image size-large\"><img loading=\"lazy\" decoding=\"async\" width=\"720\" height=\"540\" data-id=\"1010\" src=\"https:\/\/www.baler-machines.com\/wp-content\/uploads\/2021\/11\/scrap-tyres.jpg\" alt=\"pneus usag\u00e9s\" class=\"wp-image-1010\" title=\"\"><figcaption class=\"wp-element-caption\">Pneus usag\u00e9s<\/figcaption><\/figure>    <figure class=\"wp-block-image size-large\"><img loading=\"lazy\" decoding=\"async\" width=\"720\" height=\"540\" data-id=\"1533\" src=\"https:\/\/www.baler-machines.com\/wp-content\/uploads\/2022\/02\/scrap-tires.jpg\" alt=\"pneus usag\u00e9s\" class=\"wp-image-1533\" title=\"\"><figcaption class=\"wp-element-caption\">Pneus usag\u00e9s<\/figcaption><\/figure> <\/figure>    <figure class=\"wp-block-embed is-type-video is-provider-youtube wp-block-embed-youtube wp-embed-aspect-4-3 wp-has-aspect-ratio\"><div class=\"wp-block-embed__wrapper\"> <iframe loading=\"lazy\" title=\"Broyeur \u00e0 double arbre puissant pour le recyclage des pneus usag\u00e9s | Broyeur \u00e0 pneus Shuliy pour la r\u00e9utilisation du caoutchouc\" width=\"500\" height=\"375\" src=\"https:\/\/www.youtube.com\/embed\/axPWvRhRWy0?feature=oembed\" frameborder=\"0\" allow=\"accelerometer; autoplay; clipboard-write; encrypted-media; gyroscope; picture-in-picture; web-share\" referrerpolicy=\"strict-origin-when-cross-origin\" allowfullscreen><\/iframe> <\/div><figcaption class=\"wp-element-caption\">vid\u00e9o de broyeur de pneus en caoutchouc<\/figcaption><\/figure>    <h2 class=\"wp-block-heading\"><strong>Domaines d'application du pneu d\u00e9chiquet\u00e9<\/strong><\/h2>    <p>Apr\u00e8s avoir d\u00e9chiquet\u00e9 des pneus, \u00e0 quoi servent les morceaux de pneus ? Voici quelques utilisations pour votre r\u00e9f\u00e9rence.<\/p>    <ul class=\"wp-block-list\"> <li><strong>R\u00e9paration de terrains de sport<\/strong>: pistes de course, terrains de sport scolaires, piscines autour et all\u00e9es de jardins, terrains de boules, trottoirs, terrains de sport et aires de jeux de cr\u00e8ches, terrains de tennis et de basket.<\/li>    <li><strong>Industrie automobile<\/strong>: tapis de sol pour trains, rev\u00eatements de sol pour voitures et camions, mat\u00e9riaux du quotidien marin, pneus et coussinets de pneus.<\/li>    <li><strong>Industrie du b\u00e2timent<\/strong>: colles\/mastic, h\u00f4pitaux, entreprises, sols de salles de bains, mat\u00e9riaux d'isolation, rev\u00eatements, barrages, entrep\u00f4ts, bassins, stations de traitement des d\u00e9chets, enseignes de maison, plaques, mat\u00e9riaux d'\u00e9tanch\u00e9it\u00e9, antichocs, serpentins, mat\u00e9riaux d'\u00e9tanch\u00e9it\u00e9 pour toitures et murs.<\/li>    <li><strong>Production d'amines de caoutchouc recycl\u00e9es<\/strong>: utilis\u00e9 dans la production de divers syst\u00e8mes en caoutchouc.<\/li> <\/ul>    <figure class=\"wp-block-gallery has-nested-images columns-default is-cropped wp-block-gallery-4 is-layout-flex wp-block-gallery-is-layout-flex\"> <figure class=\"wp-block-image size-large\"><img loading=\"lazy\" decoding=\"async\" width=\"750\" height=\"750\" data-id=\"3846\" src=\"https:\/\/www.baler-machines.com\/wp-content\/uploads\/2022\/08\/rubber-floor-mat.webp\" alt=\"tapis de sol en caoutchouc\" class=\"wp-image-3846\" title=\"\" srcset=\"https:\/\/www.baler-machines.com\/wp-content\/uploads\/2022\/08\/rubber-floor-mat.webp 750w, https:\/\/www.baler-machines.com\/wp-content\/uploads\/2022\/08\/rubber-floor-mat-12x12.webp 12w\" sizes=\"auto, (max-width: 750px) 100vw, 750px\" \/><figcaption class=\"wp-element-caption\">Tapis de sol en caoutchouc<\/figcaption><\/figure>    <figure class=\"wp-block-image size-large\"><img loading=\"lazy\" decoding=\"async\" width=\"1067\" height=\"800\" data-id=\"3847\" src=\"https:\/\/www.baler-machines.com\/wp-content\/uploads\/2022\/08\/sports-track.webp\" alt=\"piste de sport\" class=\"wp-image-3847\" title=\"\" srcset=\"https:\/\/www.baler-machines.com\/wp-content\/uploads\/2022\/08\/sports-track.webp 1067w, https:\/\/www.baler-machines.com\/wp-content\/uploads\/2022\/08\/sports-track-768x576.webp 768w, https:\/\/www.baler-machines.com\/wp-content\/uploads\/2022\/08\/sports-track-16x12.webp 16w\" sizes=\"auto, (max-width: 1067px) 100vw, 1067px\" \/><figcaption class=\"wp-element-caption\">Piste de sport<\/figcaption><\/figure> <\/figure>    <h2 class=\"wp-block-heading\"><strong>Caract\u00e9ristiques exceptionnelles du broyeur de pneus \u00e0 double arbre<\/strong><\/h2>    <ul id=\"block-e2b6a6b1-5a27-46b1-909a-c446d950caa5\" class=\"wp-block-list\"> <li><strong>Ajout d'un \u00e9cran pour le d\u00e9chiquetage des pneus<\/strong> <ul class=\"wp-block-list\"> <li>Les pneus finis issus du d\u00e9chiquetage sont irr\u00e9guliers. <\/li>    <li>L'utilisation d'\u00e9crans permet de mieux contr\u00f4ler la taille du produit fini.<\/li> <\/ul> <\/li>    <li><strong>Entr\u00e9e \u00e9tendue<\/strong> <ul class=\"wp-block-list\"> <li>Le port d'entr\u00e9e est \u00e9tendu et il s'agit d'un type de pente. Il est bon que le mat\u00e9riau entre dans la chambre de travail.<\/li> <\/ul> <\/li> <\/ul>   <div class=\"wp-block-image\"> <figure class=\"aligncenter size-full\"><img loading=\"lazy\" decoding=\"async\" width=\"720\" height=\"540\" src=\"https:\/\/www.baler-machines.com\/wp-content\/uploads\/2022\/08\/industrial-waste-tire-shredder-with-screen-and-enlarged-inlet.webp\" alt=\"broyeur de pneus pour d\u00e9chets industriels avec tamis et entr\u00e9e \u00e9largie\" class=\"wp-image-3852\" title=\"\" srcset=\"https:\/\/www.baler-machines.com\/wp-content\/uploads\/2022\/08\/industrial-waste-tire-shredder-with-screen-and-enlarged-inlet.webp 720w, https:\/\/www.baler-machines.com\/wp-content\/uploads\/2022\/08\/industrial-waste-tire-shredder-with-screen-and-enlarged-inlet-16x12.webp 16w\" sizes=\"auto, (max-width: 720px) 100vw, 720px\" \/><figcaption class=\"wp-element-caption\">broyeur de pneus pour d\u00e9chets industriels avec tamis et entr\u00e9e \u00e9largie<\/figcaption><\/figure> <\/div>   <ul id=\"block-e2b6a6b1-5a27-46b1-909a-c446d950caa5\" class=\"wp-block-list\"> <li><strong>Forte force de cisaillement<\/strong> <ul class=\"wp-block-list\"> <li>Le couteau rotatif unique est con\u00e7u et trait\u00e9 en termes d'\u00e9paisseur, de forme, d'ordre de disposition, etc. <\/li>    <li>Il poss\u00e8de une forte force de cisaillement et des lames tranchantes, qui peuvent saisir efficacement les mat\u00e9riaux \u00e0 broyer.<\/li> <\/ul> <\/li>    <li><strong>Fonctionnement stable avec r\u00e9ducteur de vitesse avanc\u00e9<\/strong> <ul class=\"wp-block-list\"> <li>Faible vitesse, faible bruit et moins de poussi\u00e8re.<\/li> <\/ul> <\/li>    <li><strong>Lames tranchantes et durables<\/strong> <ul class=\"wp-block-list\"> <li>La lame de ce broyeur de pneus us\u00e9s est en acier alli\u00e9 sp\u00e9cial, solide et durable. <\/li>    <li>Une vari\u00e9t\u00e9 de moules \u00e0 lames sont disponibles.<\/li> <\/ul> <\/li> <\/ul>   <div class=\"wp-block-image\"> <figure class=\"aligncenter size-full\"><img loading=\"lazy\" decoding=\"async\" width=\"720\" height=\"540\" src=\"https:\/\/www.baler-machines.com\/wp-content\/uploads\/2022\/02\/waste-tyre-shredder-blades.jpg\" alt=\"lames de d\u00e9chiquetage de pneus usag\u00e9s\" class=\"wp-image-1515\" title=\"\"><figcaption class=\"wp-element-caption\">lames de d\u00e9chiquetage de pneus usag\u00e9s<\/figcaption><\/figure> <\/div>   <ul class=\"wp-block-list\"> <li><strong>Equip\u00e9 du convoyeur pour le d\u00e9chargement<\/strong>. Apr\u00e8s le broyage, un tapis roulant peut \u00eatre utilis\u00e9 pour faciliter le d\u00e9chargement.<\/li> <\/ul>   <div class=\"wp-block-image\"> <figure class=\"aligncenter size-full\"><img loading=\"lazy\" decoding=\"async\" width=\"720\" height=\"540\" src=\"https:\/\/www.baler-machines.com\/wp-content\/uploads\/2022\/08\/shredder-with-conveyor-belt.webp\" alt=\"broyeur avec tapis roulant\" class=\"wp-image-3854\" title=\"\" srcset=\"https:\/\/www.baler-machines.com\/wp-content\/uploads\/2022\/08\/shredder-with-conveyor-belt.webp 720w, https:\/\/www.baler-machines.com\/wp-content\/uploads\/2022\/08\/shredder-with-conveyor-belt-16x12.webp 16w\" sizes=\"auto, (max-width: 720px) 100vw, 720px\" \/><figcaption class=\"wp-element-caption\">broyeur avec tapis roulant<\/figcaption><\/figure> <\/div>   <h2 class=\"wp-block-heading\" id=\"h-what-are-the-parameters-of-the-tire-recycling-and-shredding-machine\"><strong>Sp\u00e9cifications du broyeur de pneus Shuliy \u00e0 vendre<\/strong><\/h2>    <figure class=\"wp-block-table\"><table><tbody><tr><td>Mod\u00e8le<\/td><td>SL-1800<\/td><td>SL-1600<\/td><td>SL-1300<\/td><td>SL-1200<\/td><td>SL-1000<\/td><\/tr><tr><td>Moteur <\/td><td>Siemens<\/td><td>Siemens<\/td><td>Siemens<\/td><td>Siemens<\/td><td>Siemens<\/td><\/tr><tr><td>Pouvoir<\/td><td>75 kW*2\/55 kW*2<\/td><td>45 kW*2<\/td><td>45kw*2\/37kw*2<\/td><td>45 kW*2\/22 kW*2<\/td><td>22kw*2<\/td><\/tr><tr><td>Tension<\/td><td>Comme demand\u00e9<\/td><td>Comme demand\u00e9<\/td><td>Comme demand\u00e9<\/td><td>Comme demand\u00e9<\/td><td>Comme demand\u00e9<\/td><\/tr><tr><td>Chambre de coupe (L*W)<\/td><td>1804*1410mm<\/td><td>1604*1360mm<\/td><td>1304*920mm<\/td><td>1204*920mm<\/td><td>1000*680mm<\/td><\/tr><tr><td>Diam\u00e8tre de la lame<\/td><td>750mm<\/td><td>560mm<\/td><td>450mm<\/td><td>450mm<\/td><td>450mm<\/td><\/tr><tr><td>Dimensions (L*L*H)<\/td><td>5870*2450*3890mm<\/td><td>5260*2420*3890mm<\/td><td>5120*2010*3100mm<\/td><td>5010*1710*3100mm<\/td><td>3800*1400*2100mm<\/td><\/tr><tr><td>Poids<\/td><td>25000kg<\/td><td>2200 kg<\/td><td>17500 kg<\/td><td>15500 kg<\/td><td>6000kg<\/td><\/tr><tr><td>Ouverture de la tr\u00e9mie (L*W*H)<\/td><td>2790*2450*1100mm<\/td><td>2760*2410*1100mm<\/td><td>2050*1650*1000mm<\/td><td>1850*1650*900mm<\/td><td>1300*1400*700mm<\/td><\/tr><tr><td>Produit final<\/td><td>50-150mm<\/td><td>50-150mm<\/td><td>50-150mm<\/td><td>50-150mm<\/td><td>50-150mm<\/td><\/tr><\/tbody><\/table><figcaption class=\"wp-element-caption\">Param\u00e8tres techniques du broyeur de pneus usag\u00e9s \u00e0 double arbre<\/figcaption><\/figure>    <p>Nous avons de nombreux types de broyeurs de recyclage de pneus \u00e0 vendre qui peuvent r\u00e9pondre \u00e0 vos diff\u00e9rents besoins.<\/p>    <p>Par exemple, si vous souhaitez broyer de petits pneus de voiture et que la taille requise est d'environ 10 cm, alors le petit broyeur est fait pour vous.<\/p>    <p>Si vous souhaitez en savoir plus, contactez-nous \u00e0 tout moment !<\/p>   <div class=\"wp-block-image\"> <figure class=\"aligncenter size-full\"><img loading=\"lazy\" decoding=\"async\" width=\"720\" height=\"540\" src=\"https:\/\/www.baler-machines.com\/wp-content\/uploads\/2022\/08\/commercial-scrap-tire-shredder.webp\" alt=\"broyeur de pneus usag\u00e9s commercial\" class=\"wp-image-3857\" title=\"\" srcset=\"https:\/\/www.baler-machines.com\/wp-content\/uploads\/2022\/08\/commercial-scrap-tire-shredder.webp 720w, https:\/\/www.baler-machines.com\/wp-content\/uploads\/2022\/08\/commercial-scrap-tire-shredder-16x12.webp 16w\" sizes=\"auto, (max-width: 720px) 100vw, 720px\" \/><figcaption class=\"wp-element-caption\">broyeur de pneus usag\u00e9s commercial<\/figcaption><\/figure> <\/div>   <h2 class=\"wp-block-heading\"><strong>Structure du broyeur de pneus usag\u00e9s Shuliy<\/strong><\/h2>    <p>Les principaux composants de la d\u00e9chiqueteuse de pneus \u00e0 double arbre sont l'entr\u00e9e, la chambre de travail, deux moteurs, la bo\u00eete de vitesses, la bande transporteuse, le tamis, deux r\u00e9ducteurs, etc.<\/p>   <div class=\"wp-block-image\"> <figure class=\"aligncenter size-full\"><img loading=\"lazy\" decoding=\"async\" width=\"720\" height=\"540\" src=\"https:\/\/www.baler-machines.com\/wp-content\/uploads\/2022\/08\/structure-of-the-rubber-tire-shredder-.webp\" alt=\"structure du broyeur de pneus en caoutchouc\" class=\"wp-image-2393\" title=\"\"><figcaption class=\"wp-element-caption\">structure du broyeur de pneus en caoutchouc<\/figcaption><\/figure> <\/div>   <h2 class=\"wp-block-heading\"><strong>Pourquoi utiliser un broyeur de pneus industriel pour le broyage ?<\/strong><\/h2>    <p>Les pneus sont tr\u00e8s r\u00e9sistants et il est difficile pour les machines ordinaires de les d\u00e9chiqueter.<\/p>    <ul class=\"wp-block-list\"> <li>Certaines personnes comptent sur l\u2019achat d\u2019\u00e9quipements co\u00fbteux ou de grande puissance et \u00e0 faible rendement, mais le co\u00fbt d\u2019investissement est trop \u00e9lev\u00e9.<\/li>    <li>Certains coupent les pneus usag\u00e9s \u00e0 la main puis les d\u00e9chiquetent, ce qui repr\u00e9sente une faible efficacit\u00e9 de recyclage et prend beaucoup de temps.<\/li> <\/ul>    <p>Afin d'utiliser les pneus usag\u00e9s en grandes quantit\u00e9s de mani\u00e8re \u00e9conomique et efficace, nous utilisons le broyeur de pneus usag\u00e9s Shuliy.<\/p>   <div class=\"wp-block-image\"> <figure class=\"aligncenter size-full\"><img loading=\"lazy\" decoding=\"async\" width=\"720\" height=\"540\" src=\"https:\/\/www.baler-machines.com\/wp-content\/uploads\/2022\/02\/scrap-tire-shredder-with-annular-trommel-screen.jpg\" alt=\"broyeur de pneus usag\u00e9s avec tamis annulaire \u00e0 trommel\" class=\"wp-image-1513\" title=\"\"><figcaption class=\"wp-element-caption\">broyeur de pneus usag\u00e9s avec tamis annulaire \u00e0 trommel<\/figcaption><\/figure> <\/div>   <p>Apr\u00e8s d\u00e9chiquetage, il pr\u00e9sente les avantages suivants : <\/p>    <ul class=\"wp-block-list\"> <li>Am\u00e9liorer la densit\u00e9 apparente et r\u00e9duire les co\u00fbts de transport<\/li>    <li>Broyer facilement les morceaux de pneu en poudre pour un traitement en profondeur<\/li>    <li>Transformation ult\u00e9rieure des pneus en produits en caoutchouc <\/li>    <li>Vendre des morceaux de pneus \u00e0 des stations de recyclage ou \u00e0 des concessionnaires automobiles sp\u00e9cialis\u00e9s dans la r\u00e9paration de pneus<\/li> <\/ul>    <figure class=\"wp-block-gallery aligncenter has-nested-images columns-default is-cropped wp-block-gallery-5 is-layout-flex wp-block-gallery-is-layout-flex\"> <figure class=\"wp-block-image size-large\"><img loading=\"lazy\" decoding=\"async\" width=\"720\" height=\"540\" data-id=\"1512\" src=\"https:\/\/www.baler-machines.com\/wp-content\/uploads\/2022\/02\/shredded-tire-pieces.jpg\" alt=\"morceaux de pneus d\u00e9chiquet\u00e9s\" class=\"wp-image-1512\" title=\"\"><figcaption class=\"wp-element-caption\">Morceaux de pneus d\u00e9chiquet\u00e9s<\/figcaption><\/figure>    <figure class=\"wp-block-image size-large\"><img loading=\"lazy\" decoding=\"async\" width=\"720\" height=\"540\" data-id=\"1543\" src=\"https:\/\/www.baler-machines.com\/wp-content\/uploads\/2022\/02\/waste-tire-being-processed-and-shredded-tires-1.jpg\" alt=\"pneus usag\u00e9s en cours de traitement et pneus d\u00e9chiquet\u00e9s--1\" class=\"wp-image-1543\" title=\"\"><figcaption class=\"wp-element-caption\">Pneus us\u00e9s trait\u00e9s et pneus d\u00e9chiquet\u00e9s <\/figcaption><\/figure> <\/figure>    <h2 class=\"wp-block-heading\" id=\"h-how-to-use-the-scrap-car-tire-shredder-machine-safely\"><strong>Comment utiliser la d\u00e9chiqueteuse de pneus de voiture en toute s\u00e9curit\u00e9\u00a0?<\/strong><\/h2>    <ol class=\"wp-block-list\"> <li>Une fois que vous avez d\u00e9marr\u00e9 le broyeur de pneus usag\u00e9s et que vous pouvez le faire fonctionner normalement, il peut continuer sans alimenter de mat\u00e9riaux.<\/li>    <li>Pendant le fonctionnement, faites attention \u00e0 la vitesse du moteur, au bruit et \u00e0 la temp\u00e9rature des roulements.<\/li>    <li>Lorsque vous alimentez le mat\u00e9riau manuellement, faites attention \u00e0 la personne. <ul class=\"wp-block-list\"> <li>Vous devez vous tenir sur le c\u00f4t\u00e9 de la tr\u00e9mie, nouer les manches de vos v\u00eatements et porter un masque et un chapeau de travail.<\/li> <\/ul> <\/li>    <li>Pas de courroie suspendue, de huilage, de nettoyage ou d'\u00e9limination lorsque la machine fonctionne.<\/li>    <li>Vous devez arr\u00eater le moteur pour v\u00e9rifier lorsque vous rencontrez les probl\u00e8mes suivants\u00a0: <ul class=\"wp-block-list\"> <li>Fum\u00e9e de moteur<\/li>    <li>Obstruction<\/li>    <li>Mauvaise qualit\u00e9 de concassage<\/li>    <li>Surchauffe des roulements (plus de 60 degr\u00e9s)<\/li> <\/ul> <\/li> <\/ol>    <figure class=\"wp-block-gallery aligncenter has-nested-images columns-default is-cropped wp-block-gallery-6 is-layout-flex wp-block-gallery-is-layout-flex\"> <figure class=\"wp-block-image size-large\"><img loading=\"lazy\" decoding=\"async\" width=\"720\" height=\"540\" data-id=\"3535\" src=\"https:\/\/www.baler-machines.com\/wp-content\/uploads\/2022\/08\/heavy-duty-double-shaft-tire-shredder-for-sale.webp\" alt=\"broyeur de pneus robuste \u00e0 double arbre \u00e0 vendre\" class=\"wp-image-3535\" title=\"\"><figcaption class=\"wp-element-caption\">Broyeur de pneus robuste \u00e0 double arbre \u00e0 vendre<\/figcaption><\/figure>    <figure class=\"wp-block-image size-large\"><img loading=\"lazy\" decoding=\"async\" width=\"720\" height=\"540\" data-id=\"3536\" src=\"https:\/\/www.baler-machines.com\/wp-content\/uploads\/2022\/08\/industrial-rubber-tire-shredder.webp\" alt=\"broyeur de pneus en caoutchouc industriel\" class=\"wp-image-3536\" title=\"\"><figcaption class=\"wp-element-caption\">Broyeur de pneus en caoutchouc industriel<\/figcaption><\/figure> <\/figure>    <h2 class=\"wp-block-heading\"><strong>\u00c9quipements associ\u00e9s pour le recyclage des pneus usag\u00e9s<\/strong><\/h2>    <p>En tant que fabricant et fournisseur professionnel de broyeurs, nous disposons \u00e9galement de presses \u00e0 balles hydrauliques pour pneus us\u00e9s. <\/p>    <p class=\"translation-block\">Gr\u00e2ce au syst\u00e8me hydraulique, le <a href=\"https:\/\/www.baler-machines.com\/fr\/hydraulic-tyre-tire-baler-for-sale\/\">presse \u00e0 pneus usag\u00e9s<\/a> peut compresser \u00e9troitement de grandes quantit\u00e9s de pneus, r\u00e9duisant le volume et \u00e9conomisant de l'espace de stockage et des co\u00fbts de transport.<\/p>    <p>Si vous \u00eates int\u00e9ress\u00e9, n'h\u00e9sitez pas \u00e0 nous contacter pour plus de d\u00e9tails\u00a0!<\/p>    <figure class=\"wp-block-gallery has-nested-images columns-default is-cropped wp-block-gallery-7 is-layout-flex wp-block-gallery-is-layout-flex\"> <figure class=\"wp-block-image size-large\"><img loading=\"lazy\" decoding=\"async\" width=\"720\" height=\"540\" data-id=\"3075\" src=\"https:\/\/www.baler-machines.com\/wp-content\/uploads\/2023\/03\/automatic-tyre-baler-machine.webp\" alt=\"presse \u00e0 pneus automatique\" class=\"wp-image-3075\" title=\"\"><figcaption class=\"wp-element-caption\">Presse \u00e0 pneus automatique<\/figcaption><\/figure>    <figure class=\"wp-block-image size-full\"><img loading=\"lazy\" decoding=\"async\" width=\"720\" height=\"540\" data-id=\"3404\" src=\"https:\/\/www.baler-machines.com\/wp-content\/uploads\/2023\/08\/vertical-waste-baler.webp\" alt=\"presse \u00e0 d\u00e9chets verticale\" class=\"wp-image-3404\" title=\"\"><figcaption class=\"wp-element-caption\">Presse \u00e0 d\u00e9chets verticale<\/figcaption><\/figure> <\/figure>    <h2 class=\"wp-block-heading\"><strong>Demandez les prix des broyeurs de pneus pour les entreprises de recyclage de pneus\u00a0!<\/strong><\/h2>    <p class=\"translation-block\">Le prix du broyeur de pneus est in\u00e9vitable si vous souhaitez commencer le <a href=\"https:\/\/en.wikipedia.org\/wiki\/Tire_recycling\" target=\"_blank\" rel=\"noopener\">recyclage des pneus<\/a> pour g\u00e9n\u00e9rer des revenus. <\/p>    <p>Contactez-nous et faites-nous part de vos besoins, tels que la taille des broyats, le rendement, votre budget, etc. Nous vous proposerons la meilleure solution de recyclage des pneus ainsi que le prix de l'\u00e9quipement.<\/p>    <figure class=\"wp-block-embed is-type-video is-provider-youtube wp-block-embed-youtube wp-embed-aspect-16-9 wp-has-aspect-ratio\"><div class=\"wp-block-embed__wrapper\"> <iframe loading=\"lazy\" title=\"Comment recycler les pneus usag\u00e9s entiers ? Broyeur de pneus incroyablement tranchant pour tous les d\u00e9chets de caoutchouc\" width=\"500\" height=\"281\" src=\"https:\/\/www.youtube.com\/embed\/AyZhn2cOwAw?feature=oembed\" frameborder=\"0\" allow=\"accelerometer; autoplay; clipboard-write; encrypted-media; gyroscope; picture-in-picture; web-share\" referrerpolicy=\"strict-origin-when-cross-origin\" allowfullscreen><\/iframe> <\/div><figcaption class=\"wp-element-caption\">vid\u00e9o d'un broyeur de recyclage de pneus en caoutchouc<\/figcaption><\/figure>","protected":false},"excerpt":{"rendered":"<p>Le broyeur de pneus usag\u00e9s Shuliy est un broyeur industriel \u00e0 double arbre, sp\u00e9cialement con\u00e7u pour broyer divers types de pneus usag\u00e9s, comme les pneus de voiture, les pneus de bus, les pneus de camion, etc. <\/p>","protected":false},"author":1,"featured_media":2392,"parent":0,"template":"","tags":[569,634,637,568],"product-type":[561],"class_list":["post-2376","product","type-product","status-publish","has-post-thumbnail","hentry","tag-rubber-shredder","tag-tyre","tag-tyre-recycling","tag-waste-tire-shredder","product-type-industrial-shredder"],"_links":{"self":[{"href":"https:\/\/www.baler-machines.com\/fr\/wp-json\/wp\/v2\/product\/2376","targetHints":{"allow":["GET"]}}],"collection":[{"href":"https:\/\/www.baler-machines.com\/fr\/wp-json\/wp\/v2\/product"}],"about":[{"href":"https:\/\/www.baler-machines.com\/fr\/wp-json\/wp\/v2\/types\/product"}],"author":[{"embeddable":true,"href":"https:\/\/www.baler-machines.com\/fr\/wp-json\/wp\/v2\/users\/1"}],"wp:featuredmedia":[{"embeddable":true,"href":"https:\/\/www.baler-machines.com\/fr\/wp-json\/wp\/v2\/media\/2392"}],"wp:attachment":[{"href":"https:\/\/www.baler-machines.com\/fr\/wp-json\/wp\/v2\/media?parent=2376"}],"wp:term":[{"taxonomy":"post_tag","embeddable":true,"href":"https:\/\/www.baler-machines.com\/fr\/wp-json\/wp\/v2\/tags?post=2376"},{"taxonomy":"product-type","embeddable":true,"href":"https:\/\/www.baler-machines.com\/fr\/wp-json\/wp\/v2\/product-type?post=2376"}],"curies":[{"name":"wp","href":"https:\/\/api.w.org\/{rel}","templated":true}]}}