{"id":1415,"date":"2022-01-20T08:56:33","date_gmt":"2022-01-20T08:56:33","guid":{"rendered":"https:\/\/www.baler-machines.com\/?p=1415"},"modified":"2024-01-09T17:39:35","modified_gmt":"2024-01-09T09:39:35","slug":"double-shaft-waste-plastic-shredder-machine","status":"publish","type":"product","link":"https:\/\/www.baler-machines.com\/fr\/double-shaft-waste-plastic-shredder-machine\/","title":{"rendered":"Machine de d\u00e9chiquetage de plastique \u00e0 double arbre pour broyer les d\u00e9chets plastiques"},"content":{"rendered":"<p class=\"translation-block\">La <strong>machine de d\u00e9chiquetage de plastique<\/strong> sert \u00e0 broyer divers plastiques usag\u00e9s tels que les bouteilles en PET, les sacs en plastique, les films, etc. en petits morceaux pour le recyclage. Cette machine est une d\u00e9chiqueteuse \u00e0 double arbre, avec de larges applications, une longue dur\u00e9e de vie et un faible entretien. <\/p>    <p>La machine de broyage de d\u00e9chets plastiques r\u00e9duit le volume des d\u00e9chets plastiques et facilite le processus de granulation ult\u00e9rieur. Avec le dynamisme de l'industrie environnementale, de nombreuses\u00a0entreprises li\u00e9es sont \u00e9quip\u00e9es d'un broyeur \u00e0 double arbre pour broyer les d\u00e9chets plastiques en vue de leur recyclage. Si vous \u00eates int\u00e9ress\u00e9, n'h\u00e9sitez pas \u00e0 nous contacter pour plus de d\u00e9tails sur la machine.<\/p>    <figure class=\"wp-block-embed is-type-video is-provider-youtube wp-block-embed-youtube wp-embed-aspect-16-9 wp-has-aspect-ratio\"><div class=\"wp-block-embed__wrapper\"> <iframe loading=\"lazy\" title=\"Le broyeur \u00e0 double arbre haute puissance rel\u00e8ve le d\u00e9fi du d\u00e9chiquetage de bouteilles en plastique\u00a0!  #broyeur #recyclage\" width=\"500\" height=\"281\" src=\"https:\/\/www.youtube.com\/embed\/4QKYEw3Ath4?feature=oembed\" frameborder=\"0\" allow=\"accelerometer; autoplay; clipboard-write; encrypted-media; gyroscope; picture-in-picture; web-share\" referrerpolicy=\"strict-origin-when-cross-origin\" allowfullscreen><\/iframe> <\/div><figcaption class=\"wp-element-caption\">Vid\u00e9o sur le broyeur \u00e0 double arbre pour le travail du plastique<\/figcaption><\/figure>    <h2 class=\"wp-block-heading\"><strong>Une br\u00e8ve introduction \u00e0 la d\u00e9chiqueteuse de plastique<\/strong><\/h2>    <p>La d\u00e9chiqueteuse de plastique est une d\u00e9chiqueteuse \u00e0 rouleaux qui d\u00e9chire les d\u00e9chets en cisaillant, en d\u00e9chirant et en pressant des lames roulantes avec des crochets. <\/p>    <figure class=\"wp-block-gallery aligncenter has-nested-images columns-default is-cropped wp-block-gallery-2 is-layout-flex wp-block-gallery-is-layout-flex\"> <figure class=\"wp-block-image size-large\"><img loading=\"lazy\" decoding=\"async\" width=\"720\" height=\"540\" data-id=\"3513\" src=\"https:\/\/www.baler-machines.com\/wp-content\/uploads\/2022\/01\/plastic-shredder-machine-for-recycling.webp\" alt=\"broyeur de plastique pour le recyclage\" class=\"wp-image-3513\" title=\"\"><figcaption class=\"wp-element-caption\">Machine de d\u00e9chiquetage de plastique pour le recyclage<\/figcaption><\/figure>    <figure class=\"wp-block-image size-large\"><img loading=\"lazy\" decoding=\"async\" width=\"720\" height=\"540\" data-id=\"3514\" src=\"https:\/\/www.baler-machines.com\/wp-content\/uploads\/2022\/01\/waste-plastic-double-shaft-shredder.webp\" alt=\"broyeur de d\u00e9chets plastiques \u00e0 double arbre\" class=\"wp-image-3514\" title=\"\"><figcaption class=\"wp-element-caption\">Broyeur de d\u00e9chets de plastique \u00e0 double arbre<\/figcaption><\/figure> <\/figure>    <p class=\"translation-block\">Le broyeur industriel de plastique (\u00e9galement connu sous le nom de d\u00e9chiqueteuse de plastique \u00e0 double arbre) est principalement utilis\u00e9 pour le broyage pr\u00e9liminaire, adapt\u00e9 \u00e0 toutes sortes de <strong>mat\u00e9riaux solides en vrac, mat\u00e9riaux r\u00e9fractaires, contenants en plastique et autres produits en plastique<\/strong>. Une forte capacit\u00e9 de coupe, une efficacit\u00e9 de production \u00e9lev\u00e9e, une longue dur\u00e9e de vie et une large gamme d'applications sont tous les avantages de la machine de d\u00e9chiquetage de plastique.<\/p>    <figure class=\"wp-block-gallery aligncenter has-nested-images columns-default is-cropped wp-block-gallery-3 is-layout-flex wp-block-gallery-is-layout-flex\"> <figure class=\"wp-block-image size-large\"><img loading=\"lazy\" decoding=\"async\" width=\"500\" height=\"375\" data-id=\"3522\" src=\"https:\/\/www.baler-machines.com\/wp-content\/uploads\/2022\/01\/waste-plastics.webp\" alt=\"d\u00e9chets plastiques\" class=\"wp-image-3522\" title=\"\"><figcaption class=\"wp-element-caption\">D\u00e9chets de plastique<\/figcaption><\/figure>    <figure class=\"wp-block-image size-large\"><img loading=\"lazy\" decoding=\"async\" width=\"348\" height=\"352\" data-id=\"3521\" src=\"https:\/\/www.baler-machines.com\/wp-content\/uploads\/2022\/01\/shredded-plastics.webp\" alt=\"plastiques d\u00e9chiquet\u00e9s\" class=\"wp-image-3521\" title=\"\"><figcaption class=\"wp-element-caption\">Plastiques d\u00e9chiquet\u00e9s<\/figcaption><\/figure> <\/figure>    <h2 class=\"wp-block-heading\"><strong>Param\u00e8tres techniques du broyeur \u00e0 double arbre pour les plastiques<\/strong><\/h2>    <p class=\"translation-block\"><strong>Param\u00e8tres du mod\u00e8le SL-400<\/strong>:<\/p>    <p class=\"translation-block\"><strong>Capacit\u00e9<\/strong>: 0,5-1 t\/h<\/p>    <p class=\"translation-block\"><strong>Tension<\/strong>: 440V, 60HZ, 3 phases<\/p>    <p class=\"translation-block\"><strong>Puissance<\/strong>: 7,5 KW*2<\/p>    <p class=\"translation-block\"><strong>\u00c9paisseur des lames<\/strong>: 20 mm<\/p>    <p class=\"translation-block\"><strong>Quantit\u00e9 de lames<\/strong>: 20 pi\u00e8ces<\/p>    <p class=\"translation-block\"><strong>Mat\u00e9riau de la plaque de lame<\/strong>: 9CrSi<\/p>    <p class=\"translation-block\"><strong>Taille de l'\u00e9quipement<\/strong>: 2000*1100*1620 mm<\/p>    <p class=\"translation-block\"><strong>Poids<\/strong>: 1100 kg<\/p>    <h2 class=\"wp-block-heading\" id=\"h-application-scope-of-the-plastic-film-shredder\"><strong>Champ d'application du broyeur de films plastiques<\/strong><\/h2>    <p class=\"translation-block\">La d\u00e9chiqueteuse en plastique peut \u00eatre utilis\u00e9e pour le broyage et le recyclage de d\u00e9chets plastiques tels que les <strong>bo\u00eetes, tuyaux fins, pi\u00e8ces moul\u00e9es par soufflage, bouteilles, coques<\/strong>, etc. Ou, elle sert de machine auxiliaire pour la machine de moulage par injection afin de regrinder les mat\u00e9riaux de buse ou les pi\u00e8ces d\u00e9fectueuses de la machine de moulage par injection.<\/p>    <p class=\"translation-block\"> Sa gamme d'application comprend les tuyaux et profil\u00e9s volumineux, les grandes pi\u00e8ces moul\u00e9es par soufflage et autres d\u00e9chets de production tels que les <strong>bouteilles en PET, les films PE, les balles de film plastique, les f\u00fbts en plastique, les feuilles de plastique, les panneaux en plastique, les rev\u00eatements de sol en plastique, les contenants<\/strong>, et ainsi de suite.<\/p>   <div class=\"wp-block-image\"> <figure class=\"aligncenter size-full\"><img loading=\"lazy\" decoding=\"async\" width=\"720\" height=\"540\" src=\"https:\/\/www.baler-machines.com\/wp-content\/uploads\/2022\/01\/machine-application-2.jpg\" alt=\"application de la machine de d\u00e9chiquetage de plastique\" class=\"wp-image-1427\" title=\"\"><figcaption class=\"wp-element-caption\">application de la machine de d\u00e9chiquetage de plastique<\/figcaption><\/figure> <\/div>   <p>Le broyeur de sacs en plastique peut \u00e9galement traiter les mat\u00e9riaux suivants :<\/p>    <ul class=\"wp-block-list\"> <li><strong>Ferraille<\/strong>: seaux de peinture, ferraille d'acier, ferraille, ferraille d'aluminium, briquettes m\u00e9talliques, etc.<\/li>    <li><strong>Bois<\/strong>: bois d'\u0153uvre, racines d'arbres, palettes en bois, chutes de meubles<\/li>    <li><strong>Caoutchouc<\/strong>: pneus, pneu de camion, pneu de voiture<\/li>    <li><strong>Carton<\/strong>, carton, papier, livres<\/li>    <li><strong>D\u00e9chets d'appareils \u00e9lectrom\u00e9nagers, de v\u00e9hicules<\/strong>: t\u00e9l\u00e9viseurs, machines \u00e0 laver, motos, voitures, v\u00e9los, etc.<\/li>    <li><strong>\u00c9lectricit\u00e9<\/strong>: c\u00e2bles et fils, circuits imprim\u00e9s<\/li>    <li><strong>D\u00e9chets de v\u00eatements ou de tissus<\/strong><\/li> <\/ul>    <h2 class=\"wp-block-heading\" id=\"h-outstanding-features-of-plastic-shredder-machine\"><strong>Caract\u00e9ristiques exceptionnelles de la d\u00e9chiqueteuse de plastique \u00e0 vendre<\/strong><\/h2>    <ol class=\"wp-block-list\"> <li>Compar\u00e9 au broyeur de plastique \u00e0 arbre unique, ce broyeur de plastique a une gamme d'applications plus large et peut traiter de plus grands volumes de mati\u00e8res premi\u00e8res avec une efficacit\u00e9 plus \u00e9lev\u00e9e.<\/li>    <li><strong>Couteaux mobiles \u00e9pais et lourds<\/strong>: tous les couteaux sont moul\u00e9s en acier alli\u00e9, robustes et longue dur\u00e9e de vie avec une efficacit\u00e9 de concassage \u00e9lev\u00e9e.<\/li>    <li>Notre broyeur \u00e0 double arbre pr\u00e9sente les caract\u00e9ristiques de faible vitesse, de couple \u00e9lev\u00e9, de faible bruit et de poussi\u00e8re qui peuvent r\u00e9pondre aux normes de protection de l'environnement.\u2003<\/li>    <li>La plaque du cadre est \u00e9paisse, r\u00e9sistante \u00e0 des couples \u00e9lev\u00e9s et tr\u00e8s solide.<\/li>    <li>Facile \u00e0 r\u00e9gler, faible co\u00fbt d'entretien et\u00a0tr\u00e8s\u00a0durable.<\/li>    <li>Adoptez le contr\u00f4le automatique par micro-ordinateur, d\u00e9finissez les fonctions de contr\u00f4le automatique de d\u00e9marrage, d'arr\u00eat, d'inversion et de surcharge.<\/li>    <li>L'\u00e9paisseur de l'outil et le nombre de griffes peuvent \u00eatre modifi\u00e9s en fonction de diff\u00e9rents mat\u00e9riaux, et la taille des particules d\u00e9charg\u00e9es est uniforme.<\/li>    <li>Grand port d'alimentation, qui peut \u00e9galement \u00eatre personnalis\u00e9. <\/li> <\/ol>    <figure class=\"wp-block-gallery aligncenter has-nested-images columns-default is-cropped wp-block-gallery-4 is-layout-flex wp-block-gallery-is-layout-flex\"> <figure class=\"wp-block-image size-large\"><img loading=\"lazy\" decoding=\"async\" width=\"720\" height=\"540\" data-id=\"1419\" src=\"https:\/\/www.baler-machines.com\/wp-content\/uploads\/2022\/01\/double-shaft-of-plastic-shredder.jpg\" alt=\"double arbre de broyeur de plastique\" class=\"wp-image-1419\" title=\"\"><figcaption class=\"wp-element-caption\">Double arbre de broyeur de plastique<\/figcaption><\/figure>    <figure class=\"wp-block-image size-large\"><img loading=\"lazy\" decoding=\"async\" width=\"720\" height=\"540\" data-id=\"1418\" src=\"https:\/\/www.baler-machines.com\/wp-content\/uploads\/2022\/01\/plastic-shredding-machine-blade-molds.jpg\" alt=\"moules de lame de machine de d\u00e9chiquetage en plastique\" class=\"wp-image-1418\" title=\"\"><figcaption class=\"wp-element-caption\">Moules de lame de machine de d\u00e9chiquetage en plastique<\/figcaption><\/figure> <\/figure>    <h2 class=\"wp-block-heading\" id=\"h-how-does-the-plastic-lumps-shredder-work\"><strong>Comment fonctionne le broyeur de morceaux de plastique ?<\/strong><\/h2>    <p>Le mat\u00e9riau p\u00e9n\u00e8tre \u00e0 l\u2019int\u00e9rieur de la bo\u00eete de d\u00e9chiquetage via le syst\u00e8me d\u2019alimentation et la bo\u00eete porte la lame de d\u00e9chiquetage. Le mat\u00e9riau est d\u00e9chiquet\u00e9 en petits morceaux apr\u00e8s l'action combin\u00e9e de deux rang\u00e9es de lames de d\u00e9chiquetage, telles que d\u00e9chirure, compression et cisaillement, et \u00e9vacu\u00e9 de la partie inf\u00e9rieure de la d\u00e9chiqueteuse de plastique.<\/p>    <h2 class=\"wp-block-heading\" id=\"h-precautions-for-use\"><strong>Pr\u00e9cautions d'utilisation de la d\u00e9chiqueteuse plastique<\/strong><\/h2>    <ul class=\"wp-block-list\"> <li>Avant de d\u00e9marrer la d\u00e9chiqueteuse de plastique, elle doit v\u00e9rifier strictement si l'installation de chaque composant est raisonnable et si les boulons sont desserr\u00e9s.<\/li>    <li>Le <a href=\"https:\/\/www.baler-machines.com\/fr\/double-shaft-shredder\/\">broyeur \u00e0 double arbre<\/a> doit \u00eatre pr\u00e9chauff\u00e9 et mis au ralenti avant de d\u00e9marrer. Cette \u00e9tape peut am\u00e9liorer l'\u00e9tat de fonctionnement de l'\u00e9quipement et prolonger sa dur\u00e9e de vie.<\/li>    <li>Le broyeur en plastique doit \u00eatre r\u00e9guli\u00e8rement entretenu pour plus de douceur, mais il convient de noter que l'huile lubrifiante ne doit pas \u00eatre ajout\u00e9e en trop grande quantit\u00e9 \u00e0 la fois.<\/li>    <li>Apr\u00e8s l'op\u00e9ration, le plastique cass\u00e9 doit \u00eatre compl\u00e8tement vid\u00e9, puis la machine doit \u00eatre ferm\u00e9e. L'\u00e9tat de la lame doit \u00eatre v\u00e9rifi\u00e9 \u00e0 temps et la lame us\u00e9e doit \u00eatre polie et remplac\u00e9e \u00e0 temps pour \u00e9viter d'endommager d'autres parties de l'\u00e9quipement caus\u00e9es par l'usure de la lame.<\/li>    <li>Pendant le processus d'alimentation, vous devez ajouter des mat\u00e9riaux de concassage appropri\u00e9s en fonction du mod\u00e8le, et l'ajout de mat\u00e9riaux durs qui d\u00e9passent la capacit\u00e9 de concassage peut endommager la lame et le moteur, entra\u00eenant une panne de l'\u00e9quipement.<\/li> <\/ul>    <h2 class=\"wp-block-heading\"><strong>Commencez votre recyclage des plastiques d\u00e8s maintenant\u00a0!<\/strong><\/h2>    <p class=\"translation-block\">Si vous souhaitez recycler les d\u00e9chets \u00e0 base de <a href=\"https:\/\/en.wikipedia.org\/wiki\/Plastic\" target=\"_blank\" rel=\"noopener\">plastique<\/a>, notre broyeur de plastique \u00e0 double arbre est votre premier choix. Venez nous contacter, nous vous fournirons la meilleure offre en fonction de vos besoins.<\/p>","protected":false},"excerpt":{"rendered":"<p>La d\u00e9chiqueteuse de plastique permet de broyer efficacement divers d\u00e9chets plastiques tels que des bouteilles PET, des sacs en plastique, des films, etc. en petits morceaux pour le recyclage. Nous d\u00e9crivons les types de plastiques pouvant \u00eatre d\u00e9chiquet\u00e9s, ainsi que les autres d\u00e9chets pouvant \u00eatre d\u00e9chiquet\u00e9s, ainsi que les caract\u00e9ristiques de nos broyeurs pour vous aider \u00e0 mieux recycler les plastiques.<\/p>","protected":false},"author":1,"featured_media":2560,"parent":0,"template":"","tags":[578,543,588],"product-type":[561],"class_list":["post-1415","product","type-product","status-publish","has-post-thumbnail","hentry","tag-double-shaft-shredder","tag-industrial-shredder","tag-plastic-shredder-machine","product-type-industrial-shredder"],"_links":{"self":[{"href":"https:\/\/www.baler-machines.com\/fr\/wp-json\/wp\/v2\/product\/1415","targetHints":{"allow":["GET"]}}],"collection":[{"href":"https:\/\/www.baler-machines.com\/fr\/wp-json\/wp\/v2\/product"}],"about":[{"href":"https:\/\/www.baler-machines.com\/fr\/wp-json\/wp\/v2\/types\/product"}],"author":[{"embeddable":true,"href":"https:\/\/www.baler-machines.com\/fr\/wp-json\/wp\/v2\/users\/1"}],"wp:featuredmedia":[{"embeddable":true,"href":"https:\/\/www.baler-machines.com\/fr\/wp-json\/wp\/v2\/media\/2560"}],"wp:attachment":[{"href":"https:\/\/www.baler-machines.com\/fr\/wp-json\/wp\/v2\/media?parent=1415"}],"wp:term":[{"taxonomy":"post_tag","embeddable":true,"href":"https:\/\/www.baler-machines.com\/fr\/wp-json\/wp\/v2\/tags?post=1415"},{"taxonomy":"product-type","embeddable":true,"href":"https:\/\/www.baler-machines.com\/fr\/wp-json\/wp\/v2\/product-type?post=1415"}],"curies":[{"name":"wp","href":"https:\/\/api.w.org\/{rel}","templated":true}]}}