{"id":1305,"date":"2021-12-28T08:30:22","date_gmt":"2021-12-28T08:30:22","guid":{"rendered":"https:\/\/www.baler-machines.com\/?p=1305"},"modified":"2023-01-17T09:51:33","modified_gmt":"2023-01-17T01:51:33","slug":"vertical-baler-machine-for-waste-recycling","status":"publish","type":"product","link":"https:\/\/www.baler-machines.com\/fr\/vertical-baler-machine-for-waste-recycling\/","title":{"rendered":"Presse \u00e0 balles verticale hydraulique pour diverses presses de recyclage de d\u00e9chets"},"content":{"rendered":"<p>Cette presse verticale est con\u00e7ue pour presser et compacter divers cartons, plastiques et autres mat\u00e9riaux. La machine est bien con\u00e7ue et les bacs peuvent \u00eatre con\u00e7us pour s'adapter au produit fini aux besoins du client. De plus, c'est une machine tr\u00e8s pratique qui peut \u00eatre utilis\u00e9e dans un large \u00e9ventail d'applications, telles que les centres de recyclage, les agriculteurs, etc. En outre, notre presse de recyclage est export\u00e9e en Italie, en Irak, en Indon\u00e9sie, en Malaisie, en Alg\u00e9rie, en Ouzb\u00e9kistan, etc.<\/p>    <p class=\"translation-block\">Shuliy Machinery est tr\u00e8s mature dans la technologie de fabrication de machines recycl\u00e9es et peut pleinement consid\u00e9rer les int\u00e9r\u00eats des clients. Notre entreprise fournit \u00e9galement la <a href=\"https:\/\/www.baler-machines.com\/fr\/horizontal-metal-baler\/\">presse \u00e0 balles pour m\u00e9taux<\/a> et la <a href=\"https:\/\/www.baler-machines.com\/fr\/automatic-horizontal-baler\/\">presse \u00e0 balles horizontale<\/a>.<\/p>    <h2 class=\"wp-block-heading\"><strong>Qu\u2019est-ce qu\u2019une presse verticale ?<\/strong><\/h2>    <p>Une presse \u00e0 balles verticale\u00a0est\u00a0un \u00e9quipement qui compresse et emballe les d\u00e9chets de sacs en plastique, les bouteilles en plastique, les d\u00e9chets de carton et d'autres mat\u00e9riaux. Son emballage est compact, soign\u00e9 et beau, ce qui peut r\u00e9duire consid\u00e9rablement les co\u00fbts de transport. Les mat\u00e9riaux trait\u00e9s par la presse \u00e0 balles de recyclage pr\u00e9sentent les caract\u00e9ristiques d'une haute densit\u00e9 et d'un stockage et d'un transport faciles sous des formes r\u00e9guli\u00e8res. Il est particuli\u00e8rement adapt\u00e9 aux grands magasins de d\u00e9tail, aux zones de production de coton, aux entreprises textiles, aux h\u00f4tels, aux usines de confection, aux stations de recyclage des d\u00e9chets et \u00e0 diverses autres entreprises industrielles l\u00e9g\u00e8res.<\/p>    <figure class=\"wp-block-gallery aligncenter has-nested-images columns-default is-cropped wp-block-gallery-2 is-layout-flex wp-block-gallery-is-layout-flex\"> <figure class=\"wp-block-image size-large\"><img loading=\"lazy\" decoding=\"async\" width=\"720\" height=\"540\" data-id=\"2415\" src=\"https:\/\/www.baler-machines.com\/wp-content\/uploads\/2022\/08\/hydraulic-vertical-baler.webp\" alt=\"presse-presse-hydraulique-verticale\" class=\"wp-image-2415\" title=\"\"><figcaption class=\"wp-element-caption\">Presse \u00e0 balles verticale hydraulique<\/figcaption><\/figure>    <figure class=\"wp-block-image size-large\"><img loading=\"lazy\" decoding=\"async\" width=\"720\" height=\"540\" data-id=\"2416\" src=\"https:\/\/www.baler-machines.com\/wp-content\/uploads\/2022\/08\/recycle-baler-manufacturer.webp\" alt=\"fabricant-presse-recyclage\" class=\"wp-image-2416\" title=\"\"><figcaption class=\"wp-element-caption\">Fabricant de presses \u00e0 balles de recyclage<\/figcaption><\/figure> <\/figure>    <h2 class=\"wp-block-heading\" id=\"h-application-scope-of-hydraulic-vertical-baler\"><strong>Champ d'application de la presse \u00e0 balles verticale hydraulique<\/strong><\/h2>    <p>Il existe d'innombrables colis qui sont d\u00e9ball\u00e9s chaque jour dans les grandes zones commerciales, et ils varient en taille et occupent beaucoup de place. S\u2019ils ne sont pas trait\u00e9s correctement, ils augmenteront le co\u00fbt de l\u2019\u00e9limination des d\u00e9chets et consommeront beaucoup de main d\u2019\u0153uvre et d\u2019espace.<\/p>    <p class=\"translation-block\">La machine de presse \u00e0 balles verticale est une m\u00e9thode de compression des mat\u00e9riaux recyclables en formes r\u00e9guli\u00e8res telles que <a href=\"https:\/\/en.wikipedia.org\/wiki\/Cuboid\" target=\"_blank\" rel=\"noreferrer noopener\">cuboids<\/a>, cubes, etc. par le biais d'un syst\u00e8me hydraulique. Le compacteur hydraulique est adapt\u00e9 pour comprimer et emballer des papiers usag\u00e9s, du coton, des v\u00eatements usag\u00e9s, de la paille, du foin, des bouteilles en plastique, de la laine et des d\u00e9chets recyclables. Il peut \u00e9galement \u00eatre utilis\u00e9 pour des cartons usag\u00e9s, du carton, du papier usag\u00e9, des pneus, du fil, du tabac, du tissu, des sacs tiss\u00e9s, du velours tricot\u00e9, des boules de laine et tous les autres mat\u00e9riaux en vrac.<\/p>    <p>Apr\u00e8s le pressage, les utilisateurs peuvent regrouper les mat\u00e9riaux avec du fil de fer ou du ruban plastique et les sortir pour le stockage, le transport et le recyclage.<\/p>   <div class=\"wp-block-image\"> <figure class=\"aligncenter size-full\"><img loading=\"lazy\" decoding=\"async\" width=\"720\" height=\"540\" src=\"https:\/\/www.baler-machines.com\/wp-content\/uploads\/2021\/12\/raw-materials-and-final-products.jpg\" alt=\"mati\u00e8res premi\u00e8res et produits finis\" class=\"wp-image-1308\" title=\"\"><figcaption class=\"wp-element-caption\">mati\u00e8res premi\u00e8res et produits finis<\/figcaption><\/figure> <\/div>   <h2 class=\"wp-block-heading\" id=\"h-what-industries-are-suitable-to-buy-this-vertical-baler\"><strong>Quelles industries sont appropri\u00e9es pour acheter cette presse \u00e0 balles verticales\u00a0?<\/strong><\/h2>    <p>Cette presse est principalement utilis\u00e9e dans les industries susceptibles de produire de grandes quantit\u00e9s de vieux papiers, plastiques, cartons, canettes d'aluminium, coton, etc.<\/p>    <p>Tels que l'industrie de l'emballage, l'industrie du carton, l'industrie de l'imprimerie, l'industrie du papier, l'industrie alimentaire, l'industrie de la collecte des ordures, les fonderies, les fermes, les organismes de recyclage de v\u00eatements, les usines de recyclage des d\u00e9chets, les centres de production de carton, les supermarch\u00e9s, les grands magasins, les \u00e9piceries et les imprimeurs, le recyclage secondaire. organisations.<\/p>    <p>Car pour eux, cela signifiera moins de surface de stockage des d\u00e9chets, simplifiera les op\u00e9rations globales de traitement des d\u00e9chets et \u00e9conomisera sur les co\u00fbts de transport et de main d\u2019\u0153uvre.<\/p>    <h2 class=\"wp-block-heading\" id=\"h-structure-of-the-heavy-duty-vertical-baler\"><strong>Structure de la presse verticale robuste<\/strong><\/h2>    <p>La presse \u00e0 balles de ferraille est principalement compos\u00e9e d'un v\u00e9rin hydraulique, d'un moteur et d'un r\u00e9servoir d'huile, d'une plaque de pression, d'un bo\u00eetier et d'une base, d'une porte sup\u00e9rieure, d'une porte inf\u00e9rieure, d'un loquet de porte, d'un support de sangle, d'un support en fer, etc.&nbsp;<\/p>    <p>Le r\u00f4le du syst\u00e8me hydraulique est d'augmenter la force en modifiant la pression. Un syst\u00e8me hydraulique complet se compose de cinq parties, \u00e0 savoir les composants de puissance, les composants ex\u00e9cutifs, les composants de commande, les composants auxiliaires et l'huile hydraulique. Les syst\u00e8mes hydrauliques peuvent \u00eatre divis\u00e9s en deux cat\u00e9gories : les syst\u00e8mes d\u2019entra\u00eenement hydrauliques et les syst\u00e8mes de commande hydraulique. La fonction principale du syst\u00e8me de transmission hydraulique est de transmettre la puissance et le mouvement. D'une mani\u00e8re g\u00e9n\u00e9rale, le syst\u00e8me hydraulique fait principalement r\u00e9f\u00e9rence au syst\u00e8me de transmission hydraulique.<\/p>    <p>La puissance de transmission hydrom\u00e9canique est importante et elle est transmise par des tuyaux fins et des tuyaux flexibles, de sorte que sa densit\u00e9 de puissance est \u00e9lev\u00e9e. De plus, l'actionneur \u00e9lectrique est large et flexible, et la zone de pression est modifi\u00e9e de mani\u00e8re appropri\u00e9e pour augmenter la force.<\/p>   <div class=\"wp-block-image\"> <figure class=\"aligncenter size-full\"><img loading=\"lazy\" decoding=\"async\" width=\"720\" height=\"540\" src=\"https:\/\/www.baler-machines.com\/wp-content\/uploads\/2021\/12\/vertical-baling-press-compactor-structure.jpg\" alt=\"structure du compacteur de presse \u00e0 balles verticale\" class=\"wp-image-1311\" title=\"\"><figcaption class=\"wp-element-caption\">structure du compacteur de presse \u00e0 balles verticale<\/figcaption><\/figure> <\/div>   <h2 class=\"wp-block-heading\" id=\"h-advantages-of-vertical-baler-machine-for-sale\"><strong>Avantages de la presse \u00e0 balles verticales \u00e0 vendre<\/strong><\/h2>    <ol class=\"wp-block-list\" type=\"1\"> <li>Taux de pression et de compactage \u00e9lev\u00e9s. Le rapport de compactage peut atteindre 5:1.<\/li>    <li>Une grande force motrice, adapt\u00e9e \u00e0 l\u2019entra\u00eenement direct de charges lourdes\u00a0;<\/li>    <li>Haute pr\u00e9cision et r\u00e9ponse rapide\u00a0;<\/li>    <li>Faible encombrement et poids l\u00e9ger\u00a0;<\/li>    <li>Large gamme de r\u00e9gulation de vitesse et diverses m\u00e9thodes de contr\u00f4le de vitesse\u00a0;<\/li>    <li>Barbillon anti-rebond pour maintenir l'effet de compression.<\/li>    <li>La plaque de pression revient automatiquement.<\/li> <\/ol>   <div class=\"wp-block-image\"> <figure class=\"aligncenter size-full\"><img loading=\"lazy\" decoding=\"async\" width=\"720\" height=\"540\" src=\"https:\/\/www.baler-machines.com\/wp-content\/uploads\/2021\/12\/baling-press-machine-working-show.jpg\" alt=\"Salon de travail de la presse \u00e0 balles\" class=\"wp-image-1312\" title=\"\"><figcaption class=\"wp-element-caption\">Salon de travail de la presse \u00e0 balles<\/figcaption><\/figure> <\/div>   <h2 class=\"wp-block-heading\" id=\"h-specification-of-the-vertical-bale-press\"><strong>Sp\u00e9cification de la presse \u00e0 balles verticale<\/strong><\/h2>    <figure class=\"wp-block-table\"><table><tbody><tr><td>Mod\u00e8le<\/td><td>Pression<\/td><td>Moteur<\/td><td>Le volume de la bo\u00eete int\u00e9rieure<\/td><td>Taille du produit final<\/td><td>Capacit\u00e9<\/td><td>Poids<\/td><\/tr><tr><td>SL-HZ-15T<\/td><td>15T<\/td><td>5,5 kW<\/td><td>850*600*1300MM<\/td><td>890*610*500MM<\/td><td>1-1,5T\/H<\/td><td>1T<\/td><\/tr><tr><td>SL-HZ-30T<\/td><td>30T<\/td><td>7,5 kW<\/td><td>800*400*1300MM<\/td><td>890*610*500MM<\/td><td>1,5-2T\/H<\/td><td>1,5T<\/td><\/tr><tr><td>SL-HZ-60T<\/td><td>60T<\/td><td>7,5 kW<\/td><td>900*600*1300MM<\/td><td>900*610*500MM<\/td><td>2-2,5T\/H<\/td><td>2T<\/td><\/tr><tr><td>SL-HZ-80T<\/td><td>80T<\/td><td>7,5 kW<\/td><td>1200*800*1500MM<\/td><td>1200*810*500MM<\/td><td>3-3,5T\/H<\/td><td>3T<\/td><\/tr><tr><td>SL-HZ-100T<\/td><td>100 tonnes<\/td><td>15KW<\/td><td>1100*900*1500MM<\/td><td>1100*910*500MM<\/td><td>3,5-4T\/H<\/td><td>3,5T<\/td><\/tr><tr><td>SL-HZ-120T<\/td><td>120T<\/td><td>18,5 kW<\/td><td>1200*100*1500MM<\/td><td>1200*100*500MM<\/td><td>4-5T\/H<\/td><td>4T<\/td><\/tr><\/tbody><\/table><\/figure>    <h2 class=\"wp-block-heading\" id=\"h-how-much-does-a-vertical-baler-cost\"><strong><strong>Combien co\u00fbte une presse verticale ?<\/strong><\/strong><\/h2>    <ol class=\"wp-block-list\"> <li><strong>Sortir<\/strong>. Parce que la machine a beaucoup de rendement, lorsque vous voulez plus de rendement, la machine doit certainement \u00eatre plus ch\u00e8re.<\/li>    <li><strong>Configuration des machines<\/strong>. La tige hydraulique de notre machine a une configuration simple et double, le prix est certainement diff\u00e9rent.<\/li>    <li><strong>Personnalisation. <\/strong>Si vous souhaitez personnaliser une machine, le prix de la machine est nettement diff\u00e9rent de celui de la machine conventionnelle.<\/li> <\/ol>    <h2 class=\"wp-block-heading\" id=\"h-how-to-make-money-with-industrial-baler\"><strong>Comment gagner de l'argent avec une presse \u00e0 balles industrielle\u00a0?<\/strong><\/h2>    <p>La presse industrielle comprend une presse verticale et une presse horizontale. Elle est divis\u00e9e en une presse enti\u00e8rement automatique et une presse semi-automatique. Il est utilis\u00e9 pour comprimer les d\u00e9chets et les articles recycl\u00e9s. Apr\u00e8s avoir \u00e9t\u00e9 trait\u00e9s par la presse hydraulique, l'espace occup\u00e9 par les d\u00e9chets est directement r\u00e9duit par le 80%, et en m\u00eame temps, le nombre de transports et le co\u00fbt sont r\u00e9duits. Les clients qui souhaitent investir dans une presse \u00e0 balles peuvent d'abord investir dans une presse \u00e0 balles verticale, qui a un faible encombrement et est tr\u00e8s adapt\u00e9e \u00e0 une utilisation dans de petits espaces.<\/p>   <div class=\"wp-block-image\"> <figure class=\"aligncenter size-full\"><img loading=\"lazy\" decoding=\"async\" width=\"720\" height=\"540\" src=\"https:\/\/www.baler-machines.com\/wp-content\/uploads\/2021\/12\/vertical-baler-machines.jpg\" alt=\"presses \u00e0 balles verticales\" class=\"wp-image-1309\" title=\"\"><figcaption class=\"wp-element-caption\">presses \u00e0 balles verticales<\/figcaption><\/figure> <\/div>   <h2 class=\"wp-block-heading\" id=\"h-company-advantages-of-buying-this-hydraulic-baler-machine\"><strong>Avantages pour l'entreprise de l'achat de cette presse \u00e0 balles hydraulique<\/strong><\/h2>    <ol class=\"wp-block-list\"> <li><a href=\"https:\/\/www.baler-machines.com\/fr\/\" target=\"_blank\" rel=\"noreferrer noopener\">Machines Shuliy<\/a> dispose d\u2019une \u00e9quipe de recherche de qualit\u00e9, jeune et innovante. Notre \u00e9quipe concevra les produits les plus adapt\u00e9s \u00e0 la demande des clients du march\u00e9.<\/li>    <li>Nos presses \u00e0 balles ont une couverture de march\u00e9 \u00e9lev\u00e9e, non seulement populaires en Chine, mais \u00e9galement export\u00e9es vers l'Europe, l'Asie du Sud-Est, l'Am\u00e9rique et d'autres pays et r\u00e9gions.<\/li>    <li>Nous avons une \u00e9quipe de vente professionnelle et fournissons \u00e9galement un service apr\u00e8s-vente. Les connaissances professionnelles sont essentielles et, une fois la machine vendue, notre personnel fournira \u00e9galement \u00e0 nos clients un service attentif 24 heures sur 24, au cas o\u00f9 ils en auraient besoin.<\/li> <\/ol>    <h2 class=\"wp-block-heading\"><strong>Comment emballer la presse \u00e0 balles verticale ?<\/strong><\/h2>    <div class=\"wp-block-media-text alignwide is-stacked-on-mobile\"><figure class=\"wp-block-media-text__media\"><img loading=\"lazy\" decoding=\"async\" width=\"540\" height=\"720\" src=\"https:\/\/www.baler-machines.com\/wp-content\/uploads\/2022\/08\/packing-and-shipping-for-vertical-baler.webp\" alt=\"emballage et exp\u00e9dition pour presse verticale\" class=\"wp-image-2425 size-full\" title=\"\"><\/figure><div class=\"wp-block-media-text__content\"> <p>Pendant le transport de la presse hydraulique \u00e0 balles de ferraille (g\u00e9n\u00e9ralement par voie maritime), elle peut se heurter \u00e0 des intemp\u00e9ries telles que des vents violents et des vagues. <\/p>    <p>Par cons\u00e9quent, afin de prot\u00e9ger la s\u00e9curit\u00e9 des marchandises de nos clients, nous fournirons des services d'emballage professionnels, respectueux de l'environnement, pratiques et efficaces. <\/p>    <p>Les machines seront emball\u00e9es dans des caisses et des supports en bois, \u00e0 la fois r\u00e9sistants \u00e0 l'humidit\u00e9 et aux collisions.<\/p> <\/div><\/div>    <h2 class=\"wp-block-heading\"><strong>Quels sont les services fournis ?<\/strong><\/h2>    <ul class=\"wp-block-list\"> <li>Garantie d'un an et entretien \u00e0 vie.<\/li>    <li>Pi\u00e8ces de rechange\u00a0: un jeu de pi\u00e8ces de rechange, une bo\u00eete \u00e0 outils et un manuel d'utilisation seront fournis gratuitement.<\/li>    <li>En cas de probl\u00e8me, vous pouvez nous appeler directement.<\/li>    <li>Concernant le service apr\u00e8s-vente, vous pouvez nous contacter \u00e0 tout moment si vous rencontrez des probl\u00e8mes apr\u00e8s-vente.<\/li> <\/ul>    <h2 class=\"wp-block-heading\" id=\"h-conclusion\"><strong>Conclusion<\/strong><\/h2>    <p>La presse \u00e0 balles verticales produite par notre soci\u00e9t\u00e9 a des sp\u00e9cifications compl\u00e8tes et le volume d'emballage du produit peut \u00eatre ajust\u00e9. Les produits que nous fabriquons sont strictement test\u00e9s et propos\u00e9s \u00e0 un prix raisonnable. Si vous \u00eates int\u00e9ress\u00e9 par notre presse \u00e0 balles verticale, vous pouvez b\u00e9n\u00e9ficier de services de conseil gratuits. Vous pouvez nous contacter \u00e0 temps pour proposer des prix pr\u00e9f\u00e9rentiels.<\/p>    <p>Les presses verticales que nous produisons sont peu encombrantes, faciles \u00e0 utiliser, durables et r\u00e9pondent aux besoins de nombreux clients. Nous avons de nombreuses ann\u00e9es d'exp\u00e9rience dans la production d'\u00e9quipements de recyclage et attachons une grande importance aux exigences de nos clients. Nous fournissons \u00e9galement une maintenance apr\u00e8s-vente garantie, une formation technique et des instructions d\u00e9taill\u00e9es de fonctionnement du produit. Nous esp\u00e9rons coop\u00e9rer avec vous et esp\u00e9rons recevoir une r\u00e9ponse dans les plus brefs d\u00e9lais.<\/p>","protected":false},"excerpt":{"rendered":"<p>Le presse verticale est un \u00e9quipement qui compresse et emballe les sacs en plastique usag\u00e9s, les bouteilles en plastique, les cartons usag\u00e9s et d'autres mat\u00e9riaux. Son emballage est compact, soign\u00e9 et esth\u00e9tique, ce qui peut r\u00e9duire consid\u00e9rablement les co\u00fbts de transport.<\/p>","protected":false},"author":1,"featured_media":2428,"parent":0,"template":"","tags":[537,572,570,11,571],"product-type":[563],"class_list":["post-1305","product","type-product","status-publish","has-post-thumbnail","hentry","tag-hydraulic-baler","tag-hydraulic-baler-machine","tag-hydraulic-baling-press","tag-vertical-baler","tag-vertical-baler-machine","product-type-baler-machine"],"_links":{"self":[{"href":"https:\/\/www.baler-machines.com\/fr\/wp-json\/wp\/v2\/product\/1305","targetHints":{"allow":["GET"]}}],"collection":[{"href":"https:\/\/www.baler-machines.com\/fr\/wp-json\/wp\/v2\/product"}],"about":[{"href":"https:\/\/www.baler-machines.com\/fr\/wp-json\/wp\/v2\/types\/product"}],"author":[{"embeddable":true,"href":"https:\/\/www.baler-machines.com\/fr\/wp-json\/wp\/v2\/users\/1"}],"wp:featuredmedia":[{"embeddable":true,"href":"https:\/\/www.baler-machines.com\/fr\/wp-json\/wp\/v2\/media\/2428"}],"wp:attachment":[{"href":"https:\/\/www.baler-machines.com\/fr\/wp-json\/wp\/v2\/media?parent=1305"}],"wp:term":[{"taxonomy":"post_tag","embeddable":true,"href":"https:\/\/www.baler-machines.com\/fr\/wp-json\/wp\/v2\/tags?post=1305"},{"taxonomy":"product-type","embeddable":true,"href":"https:\/\/www.baler-machines.com\/fr\/wp-json\/wp\/v2\/product-type?post=1305"}],"curies":[{"name":"wp","href":"https:\/\/api.w.org\/{rel}","templated":true}]}}