{"id":1089,"date":"2021-12-03T03:16:02","date_gmt":"2021-12-03T03:16:02","guid":{"rendered":"https:\/\/www.baler-machines.com\/?p=1089"},"modified":"2024-07-19T09:07:37","modified_gmt":"2024-07-19T01:07:37","slug":"metal-shear-machine","status":"publish","type":"product","link":"https:\/\/www.baler-machines.com\/fr\/metal-shear-machine\/","title":{"rendered":"Machine de cisaillement des m\u00e9taux pour la coupe de ferraille"},"content":{"rendered":"<p class=\"translation-block\">Shuliy <strong>machine de cisaillement m\u00e9tallique<\/strong>, aussi connue sous le nom de \u00ab machine de cisaillement \u00e0 t\u00eate de tigre \u00bb, sert \u00e0 couper des m\u00e9taux de rebut tels que les mat\u00e9riaux en acier l\u00e9ger, les tubes en cuivre, les t\u00f4les en fer, etc. en les dimensions requises. Elle peut couper des d\u00e9chets m\u00e9talliques 5 \u00e0 8 fois par minute, ce qui est adjustable. <\/p>    <p>Notre machine hydraulique de d\u00e9coupe de m\u00e9taux a des largeurs de travail de 1 m et 1,2 m (taille d'ouverture de la lame). Nous pouvons \u00e9galement le personnaliser pour r\u00e9pondre \u00e0 vos demandes. <\/p>    <p>Cette machine est dot\u00e9e de deux lames, une pour presser les d\u00e9chets m\u00e9talliques et une autre pour couper les d\u00e9chets. Pour une coupe pratique du m\u00e9tal, l'alimentateur \u00e0 cha\u00eene est optionnel. <\/p>    <figure class=\"wp-block-gallery aligncenter has-nested-images columns-default is-cropped wp-block-gallery-2 is-layout-flex wp-block-gallery-is-layout-flex\"> <figure class=\"wp-block-image size-full\"><img loading=\"lazy\" decoding=\"async\" width=\"540\" height=\"540\" data-id=\"1114\" src=\"https:\/\/www.baler-machines.com\/wp-content\/uploads\/2021\/12\/Scrap-metal-shearing-machine.jpg\" alt=\"Cisaille \u00e0 ferraille\" class=\"wp-image-1114\" title=\"\" srcset=\"https:\/\/www.baler-machines.com\/wp-content\/uploads\/2021\/12\/Scrap-metal-shearing-machine.jpg 540w, https:\/\/www.baler-machines.com\/wp-content\/uploads\/2021\/12\/Scrap-metal-shearing-machine-120x120.jpg 120w\" sizes=\"auto, (max-width: 540px) 100vw, 540px\" \/><figcaption class=\"wp-element-caption\">Cisaille \u00e0 ferraille<\/figcaption><\/figure>    <figure class=\"wp-block-image size-full\"><img loading=\"lazy\" decoding=\"async\" width=\"540\" height=\"540\" data-id=\"1113\" src=\"https:\/\/www.baler-machines.com\/wp-content\/uploads\/2021\/12\/Sheet-metal-shearing-machine.jpg\" alt=\"Cisaille \u00e0 t\u00f4le\" class=\"wp-image-1113\" title=\"\" srcset=\"https:\/\/www.baler-machines.com\/wp-content\/uploads\/2021\/12\/Sheet-metal-shearing-machine.jpg 540w, https:\/\/www.baler-machines.com\/wp-content\/uploads\/2021\/12\/Sheet-metal-shearing-machine-120x120.jpg 120w\" sizes=\"auto, (max-width: 540px) 100vw, 540px\" \/><figcaption class=\"wp-element-caption\">Cisaille \u00e0 t\u00f4le<\/figcaption><\/figure>    <figure class=\"wp-block-image size-full\"><img loading=\"lazy\" decoding=\"async\" width=\"540\" height=\"540\" data-id=\"1112\" src=\"https:\/\/www.baler-machines.com\/wp-content\/uploads\/2021\/12\/Metal-shearing-machine.jpg\" alt=\"Cisaille \u00e0 m\u00e9taux\" class=\"wp-image-1112\" title=\"\" srcset=\"https:\/\/www.baler-machines.com\/wp-content\/uploads\/2021\/12\/Metal-shearing-machine.jpg 540w, https:\/\/www.baler-machines.com\/wp-content\/uploads\/2021\/12\/Metal-shearing-machine-120x120.jpg 120w\" sizes=\"auto, (max-width: 540px) 100vw, 540px\" \/><figcaption class=\"wp-element-caption\">Cisaille \u00e0 m\u00e9taux<\/figcaption><\/figure> <\/figure>    <p>Notre cisaille hydraulique pour m\u00e9taux est tr\u00e8s populaire en raison de ses applications de cisaillement puissantes, de son fonctionnement simple et s\u00fbr, de sa coupe continue et de son efficacit\u00e9 de production \u00e9lev\u00e9e.<\/p>    <p>Si vous recherchez une solution pour les d\u00e9chets comme les tubes en acier, cette cisaille \u00e0 m\u00e9taux est votre choix id\u00e9al.<\/p>    <figure class=\"wp-block-embed is-type-video is-provider-youtube wp-block-embed-youtube wp-embed-aspect-16-9 wp-has-aspect-ratio\"><div class=\"wp-block-embed__wrapper\"> <iframe loading=\"lazy\" title=\"Cisaille \u00e0 m\u00e9taux efficace pour couper l&#039;aluminium, les plaques de fer et les tubes de cuivre\u00a0! Cisaille \u00e0 ferraille\" width=\"500\" height=\"281\" src=\"https:\/\/www.youtube.com\/embed\/1-DmsYuy4vM?feature=oembed\" frameborder=\"0\" allow=\"accelerometer; autoplay; clipboard-write; encrypted-media; gyroscope; picture-in-picture; web-share\" referrerpolicy=\"strict-origin-when-cross-origin\" allowfullscreen><\/iframe> <\/div><figcaption class=\"wp-element-caption\">vid\u00e9o de cisaille \u00e0 m\u00e9taux hydraulique pour la coupe des d\u00e9chets<\/figcaption><\/figure>    <h2 class=\"wp-block-heading\"><strong>Ferraille \u00e0 couper et applications de la cisaille \u00e0 m\u00e9taux<\/strong><\/h2>    <p>Notre cisaille \u00e0 m\u00e9taux peut couper divers d\u00e9chets m\u00e9talliques, tels que\u00a0:<\/p>    <p class=\"translation-block\"><strong>Acier rond, acier carr\u00e9, acier profil\u00e9, acier d'angle, poutrelle, plaque, tube en acier, t\u00f4le d'acier, profil\u00e9 en I,<\/strong> <strong>blocs d'aluminium, t\u00f4les de fer, tubes en cuivre<\/strong>, etc.<\/p>   <div class=\"wp-block-image\"> <figure class=\"aligncenter size-full\"><img loading=\"lazy\" decoding=\"async\" width=\"720\" height=\"540\" src=\"https:\/\/www.baler-machines.com\/wp-content\/uploads\/2021\/12\/applications-of-metal-shearing-machine.webp\" alt=\"applications de la cisaille \u00e0 m\u00e9taux\" class=\"wp-image-3681\" title=\"\" srcset=\"https:\/\/www.baler-machines.com\/wp-content\/uploads\/2021\/12\/applications-of-metal-shearing-machine.webp 720w, https:\/\/www.baler-machines.com\/wp-content\/uploads\/2021\/12\/applications-of-metal-shearing-machine-16x12.webp 16w\" sizes=\"auto, (max-width: 720px) 100vw, 720px\" \/><figcaption class=\"wp-element-caption\">applications de la cisaille \u00e0 m\u00e9taux<\/figcaption><\/figure> <\/div>   <p>Apr\u00e8s avoir su quel m\u00e9tal peut \u00eatre coup\u00e9 avec la cisaille hydraulique \u00e0 t\u00eate de tigre, quels endroits ou industries l'utilisent\u00a0?<\/p>    <p>Ce type de machine de d\u00e9coupe de m\u00e9tal est largement utilis\u00e9 dans\u00a0:<\/p>    <ul class=\"wp-block-list\"> <li>Stations de recyclage et de traitement de la ferraille<\/li>    <li>Aci\u00e9ries et aci\u00e9ries<\/li>    <li>Industrie m\u00e9tallurgique<\/li>    <li>Centres de recyclage de ferraille \u00e0 grande \u00e9chelle<\/li> <\/ul>    <h2 class=\"wp-block-heading\"><strong>Avantages de la cisaille hydraulique pour m\u00e9taux<\/strong><\/h2>    <ul class=\"wp-block-list\"> <li><strong>Couper les d\u00e9chets m\u00e9talliques avec une vitesse de 5 \u00e0 8 fois par minute (r\u00e9glable)<\/strong>. Notre cisaille \u00e0 m\u00e9taux peut couper les d\u00e9chets de m\u00e9tal 5 \u00e0 8 fois en une minute, ce qui est efficace. Et vous pouvez ajuster les temps de coupe. <\/li>    <li><strong>Cisaillage de t\u00f4les d'acier, de tuyaux en acier, de ferraille, de ferraille d'acier, d'aluminium, etc.<\/strong>. La machine de d\u00e9coupe de t\u00f4le Shuliy est capable de cisailler divers mat\u00e9riaux m\u00e9talliques. Il a un large \u00e9ventail d'applications. <\/li>    <li><strong>Coupe continue avec l'alimentateur \u00e0 cha\u00eene<\/strong>. Pour une coupe pratique et ininterrompue, nos cisailles peuvent ajouter le convoyeur \u00e0 cha\u00eenes, plus pratique et plus rapide.<\/li>    <li><strong>Op\u00e9ration facile<\/strong>. La cisaille \u00e0 ferraille est raisonnablement con\u00e7ue. Les travailleurs peuvent ma\u00eetriser l\u2019utilisation des \u00e9quipements apr\u00e8s une courte p\u00e9riode de formation.<\/li> <\/ul>   <div class=\"wp-block-image\"> <figure class=\"aligncenter size-full\"><img loading=\"lazy\" decoding=\"async\" width=\"720\" height=\"540\" src=\"https:\/\/www.baler-machines.com\/wp-content\/uploads\/2019\/12\/scrap-metal-shearing-machine-for-sale.jpg\" alt=\"cisaille \u00e0 ferraille \u00e0 vendre\" class=\"wp-image-698\" title=\"\"><figcaption class=\"wp-element-caption\">cisaille \u00e0 ferraille \u00e0 vendre<\/figcaption><\/figure> <\/div>   <h2 class=\"wp-block-heading\"><strong>Param\u00e8tres techniques de la cisaille \u00e0 t\u00f4le<\/strong> <strong>machine<\/strong><\/h2>    <figure class=\"wp-block-table\"><table class=\"has-fixed-layout\"><tbody><tr><td>Mod\u00e8le<\/td><td>SL-250<\/td><td>SL-300<\/td><\/tr><tr><td>Max. force de cisaillement<\/td><td>2500KN<\/td><td>2500KN<\/td><\/tr><tr><td>Course du v\u00e9rin de cisaillement<\/td><td>450mm<\/td><td>\/<\/td><\/tr><tr><td>Max. force de presse<\/td><td>2500KN<\/td><td>2500KN<\/td><\/tr><tr><td>Course du cylindre de presse<\/td><td>450mm<\/td><td>\/<\/td><\/tr><tr><td>Hauteur de la table de travail<\/td><td>800mm<\/td><td>800mm<\/td><\/tr><tr><td>Capacit\u00e9<\/td><td>5 \u00e0 8 fois par minute (r\u00e9glable)<\/td><td>5 \u00e0 8 fois par minute (r\u00e9glable)<\/td><\/tr><tr><td>Longueur de travail du couteau de cisaillement<\/td><td>1000mm<\/td><td>1000mm<\/td><\/tr><tr><td>Max. ouverture de la lame correspondante<\/td><td>550 mm<\/td><td>\/<\/td><\/tr><tr><td>Pompe hydraulique<\/td><td>80 ans<\/td><td>\/<\/td><\/tr><tr><td>Puissance du moteur<\/td><td>22kw<\/td><td>22kw<\/td><\/tr><tr><td>Dimension de la machine principale<\/td><td>2000*1200*1800mm<\/td><td>2000*1200*2100mm<\/td><\/tr><tr><td>Taille de la station hydraulique<\/td><td>1600*1200*1400mm<\/td><td>\/<\/td><\/tr><\/tbody><\/table><figcaption class=\"wp-element-caption\">sp\u00e9cifications des cisailles \u00e0 m\u00e9taux hydrauliques<\/figcaption><\/figure>    <p>Les param\u00e8tres ci-dessus sont pour votre r\u00e9f\u00e9rence lors du choix d\u2019une cisaille \u00e0 m\u00e9taux. <\/p>    <p>Veuillez nous indiquer votre type de mat\u00e9riau, votre \u00e9paisseur, etc., et notre responsable commercial vous recommandera le mod\u00e8le qui vous convient.<\/p>    <h2 class=\"wp-block-heading\"><strong>Structure de la cisaille \u00e0 ferraille<\/strong><\/h2>    <p>La cisaille \u00e0 ferraille contient principalement le cylindre d'huile de cisaillement, le couteau de cisaillement, le couteau de pressage du bloc coulissant, le si\u00e8ge du couteau inf\u00e9rieur, le cylindre d'huile de pressage, etc.<\/p>    <p>L'unit\u00e9 principale et le v\u00e9rin hydraulique sont s\u00e9par\u00e9s, garantissant la s\u00e9curit\u00e9 lors de l'utilisation.<\/p>   <div class=\"wp-block-image\"> <figure class=\"aligncenter size-full\"><img loading=\"lazy\" decoding=\"async\" width=\"720\" height=\"540\" src=\"https:\/\/www.baler-machines.com\/wp-content\/uploads\/2022\/08\/structure-of-the-metal-shear-machine.webp\" alt=\"\" class=\"wp-image-2545\" title=\"\"><figcaption class=\"wp-element-caption\">structure de la cisaille \u00e0 m\u00e9taux<\/figcaption><\/figure> <\/div>   <h2 class=\"wp-block-heading\"><strong>Principe de fonctionnement de la machine de d\u00e9coupe de m\u00e9taux par cisaillement<\/strong><\/h2>    <p>Le principe de fonctionnement de la cisaille \u00e0 m\u00e9taux \u00e0 t\u00eate de tigre consiste \u00e0 utiliser le syst\u00e8me hydraulique pour entra\u00eener la t\u00eate de coupe.<\/p>    <p>Placez la ferraille sous la t\u00eate de coupe et la t\u00eate de coupe est enfonc\u00e9e par la puissance hydraulique pour terminer l'op\u00e9ration de coupe. <\/p>    <p>Le bloc de m\u00e9tal cisaill\u00e9 peut \u00eatre ajust\u00e9 \u00e0 la taille requise pour un rangement et un transport faciles.<\/p>    <figure class=\"wp-block-embed is-type-video is-provider-youtube wp-block-embed-youtube wp-embed-aspect-16-9 wp-has-aspect-ratio\"><div class=\"wp-block-embed__wrapper\"> <iframe loading=\"lazy\" title=\"Cisaille hydraulique pour ferraille | Guillotine en t\u00f4le | Machine de d\u00e9coupe de m\u00e9tal hydraulique\" width=\"500\" height=\"281\" src=\"https:\/\/www.youtube.com\/embed\/EoQyFYcVNUs?feature=oembed\" frameborder=\"0\" allow=\"accelerometer; autoplay; clipboard-write; encrypted-media; gyroscope; picture-in-picture; web-share\" referrerpolicy=\"strict-origin-when-cross-origin\" allowfullscreen><\/iframe> <\/div><figcaption class=\"wp-element-caption\">vid\u00e9o de travail d'une cisaille \u00e0 m\u00e9taux<\/figcaption><\/figure>    <h2 class=\"wp-block-heading\"><strong>\u00c9quipement de support pour cisaille \u00e0 m\u00e9taux<\/strong><\/h2>    <p>La cisaille hydraulique \u00e0 m\u00e9taux peut \u00eatre connect\u00e9e \u00e0 un alimentateur \u00e0 cad\u00e8nes pour une alimentation automatique. <\/p>    <p>Le chargeur \u00e0 plaques \u00e0 cha\u00eene permet une alimentation en douceur, \u00e9vitant le renflement du mat\u00e9riau du m\u00e9canisme de transport traditionnel.<\/p>    <figure class=\"wp-block-gallery aligncenter has-nested-images columns-default is-cropped wp-block-gallery-3 is-layout-flex wp-block-gallery-is-layout-flex\"> <figure class=\"wp-block-image size-large\"><img loading=\"lazy\" decoding=\"async\" width=\"720\" height=\"500\" data-id=\"1130\" src=\"https:\/\/www.baler-machines.com\/wp-content\/uploads\/2021\/12\/sheet-metal-guillotine.jpg\" alt=\"guillotine en t\u00f4le\" class=\"wp-image-1130\" title=\"\"><figcaption class=\"wp-element-caption\">Guillotine \u00e0 t\u00f4le<\/figcaption><\/figure>    <figure class=\"wp-block-image size-large\"><img loading=\"lazy\" decoding=\"async\" width=\"540\" height=\"540\" data-id=\"1110\" src=\"https:\/\/www.baler-machines.com\/wp-content\/uploads\/2021\/12\/sheet-metal-guillotine-with-a-chainplate-feeder.jpg\" alt=\"guillotine \u00e0 t\u00f4le avec alimentateur \u00e0 cad\u00e8nes\" class=\"wp-image-1110\" title=\"\" srcset=\"https:\/\/www.baler-machines.com\/wp-content\/uploads\/2021\/12\/sheet-metal-guillotine-with-a-chainplate-feeder.jpg 540w, https:\/\/www.baler-machines.com\/wp-content\/uploads\/2021\/12\/sheet-metal-guillotine-with-a-chainplate-feeder-120x120.jpg 120w\" sizes=\"auto, (max-width: 540px) 100vw, 540px\" \/><figcaption class=\"wp-element-caption\">Guillotine en t\u00f4le avec alimentateur \u00e0 cad\u00e8ne<\/figcaption><\/figure> <\/figure>    <h2 class=\"wp-block-heading\"><strong>Conseils pour choisir une cisaille \u00e0 m\u00e9taux<\/strong><\/h2>    <p>Lors de l\u2019achat d\u2019une cisaille \u00e0 m\u00e9taux, il est important de s\u2019assurer que l\u2019\u00e9quipement est capable de r\u00e9pondre aux exigences de traitement. <\/p>    <p>Afin d'acheter une machine hydraulique de d\u00e9coupe de m\u00e9taux \u00e9conomique et pratique, il est recommand\u00e9 de pr\u00eater attention aux points suivants :<\/p>    <ol class=\"wp-block-list\"> <li><strong>Clarifier la taille et la mati\u00e8re des d\u00e9chets<\/strong>. Cela vous aidera \u00e0 choisir le tonnage appropri\u00e9 de la machine pour garantir l\u2019efficacit\u00e9 et l\u2019efficacit\u00e9 du cisaillement.<\/li>    <li><strong>Choisissez des lames sp\u00e9ciales pour des mat\u00e9riaux sp\u00e9ciaux<\/strong>. Les mat\u00e9riaux ou d\u00e9chets sp\u00e9ciaux ont une grande duret\u00e9. Vous avez donc besoin de lames sp\u00e9ciales pour r\u00e9duire les probl\u00e8mes de remplacement.<\/li>    <li><strong>Choisir des \u00e9quipements faciles \u00e0 installer et \u00e0 utiliser<\/strong>. La conception int\u00e9gr\u00e9e de l'\u00e9quipement ne n\u00e9cessite pas d'installation compliqu\u00e9e, est facile \u00e0 utiliser et contribue \u00e0 am\u00e9liorer l'efficacit\u00e9 du travail.<\/li> <\/ol>    <figure class=\"wp-block-gallery has-nested-images columns-default is-cropped wp-block-gallery-4 is-layout-flex wp-block-gallery-is-layout-flex\"> <figure class=\"wp-block-image size-large\"><img loading=\"lazy\" decoding=\"async\" width=\"720\" height=\"540\" data-id=\"3701\" src=\"https:\/\/www.baler-machines.com\/wp-content\/uploads\/2021\/12\/hydrualic-metal-shear-machine-for-sale.webp\" alt=\"cisaille \u00e0 m\u00e9taux hydraulique \u00e0 vendre\" class=\"wp-image-3701\" title=\"\" srcset=\"https:\/\/www.baler-machines.com\/wp-content\/uploads\/2021\/12\/hydrualic-metal-shear-machine-for-sale.webp 720w, https:\/\/www.baler-machines.com\/wp-content\/uploads\/2021\/12\/hydrualic-metal-shear-machine-for-sale-16x12.webp 16w\" sizes=\"auto, (max-width: 720px) 100vw, 720px\" \/><figcaption class=\"wp-element-caption\">Machine de cisaillement hydraulique des m\u00e9taux \u00e0 vendre<\/figcaption><\/figure>    <figure class=\"wp-block-image size-large\"><img loading=\"lazy\" decoding=\"async\" width=\"720\" height=\"540\" data-id=\"3700\" src=\"https:\/\/www.baler-machines.com\/wp-content\/uploads\/2021\/12\/high-performance-metal-cutting-machine.webp\" alt=\"machine de d\u00e9coupe de m\u00e9tal haute performance\" class=\"wp-image-3700\" title=\"\" srcset=\"https:\/\/www.baler-machines.com\/wp-content\/uploads\/2021\/12\/high-performance-metal-cutting-machine.webp 720w, https:\/\/www.baler-machines.com\/wp-content\/uploads\/2021\/12\/high-performance-metal-cutting-machine-16x12.webp 16w\" sizes=\"auto, (max-width: 720px) 100vw, 720px\" \/><figcaption class=\"wp-element-caption\">Machine de d\u00e9coupe de m\u00e9tal haute performance<\/figcaption><\/figure> <\/figure>    <h2 class=\"wp-block-heading\"><strong>Contactez-nous maintenant pour plus de d\u00e9tails!<\/strong><\/h2>    <p class=\"translation-block\">Si vous recherchez une solution pour le cisaillement de <a href=\"https:\/\/en.wikipedia.org\/wiki\/Scrap\" target=\"_blank\" rel=\"noopener\">ferraille<\/a>, contactez-nous !<\/p>    <p class=\"translation-block\">En plus de cette cisaille, nous avons \u00e9galement la <a href=\"https:\/\/www.baler-machines.com\/fr\/hydraulic-metal-shears\/\">cisaille alligator<\/a> et la <a href=\"https:\/\/www.baler-machines.com\/fr\/metal-shears-metal-shearing-machine\/\">machine cisaille portique<\/a>. Quel que soit le type de ferraille, nous pouvons la traiter.<\/p>","protected":false},"excerpt":{"rendered":"<p>La cisaille \u00e0 m\u00e9taux Shuliy sert \u00e0 couper la ferraille comme les mat\u00e9riaux en acier l\u00e9ger, les tubes de cuivre, les t\u00f4les de fer, etc. dans les tailles requises, avec une capacit\u00e9 de 5 \u00e0 8 fois par minute, qui est r\u00e9glable. <\/p>","protected":false},"author":1,"featured_media":2536,"parent":0,"template":"","tags":[408,296,636],"product-type":[562],"class_list":["post-1089","product","type-product","status-publish","has-post-thumbnail","hentry","tag-metal","tag-metal-shear","tag-scrap-metal","product-type-metal-shears"],"_links":{"self":[{"href":"https:\/\/www.baler-machines.com\/fr\/wp-json\/wp\/v2\/product\/1089","targetHints":{"allow":["GET"]}}],"collection":[{"href":"https:\/\/www.baler-machines.com\/fr\/wp-json\/wp\/v2\/product"}],"about":[{"href":"https:\/\/www.baler-machines.com\/fr\/wp-json\/wp\/v2\/types\/product"}],"author":[{"embeddable":true,"href":"https:\/\/www.baler-machines.com\/fr\/wp-json\/wp\/v2\/users\/1"}],"wp:featuredmedia":[{"embeddable":true,"href":"https:\/\/www.baler-machines.com\/fr\/wp-json\/wp\/v2\/media\/2536"}],"wp:attachment":[{"href":"https:\/\/www.baler-machines.com\/fr\/wp-json\/wp\/v2\/media?parent=1089"}],"wp:term":[{"taxonomy":"post_tag","embeddable":true,"href":"https:\/\/www.baler-machines.com\/fr\/wp-json\/wp\/v2\/tags?post=1089"},{"taxonomy":"product-type","embeddable":true,"href":"https:\/\/www.baler-machines.com\/fr\/wp-json\/wp\/v2\/product-type?post=1089"}],"curies":[{"name":"wp","href":"https:\/\/api.w.org\/{rel}","templated":true}]}}