{"id":1043,"date":"2021-12-02T06:08:44","date_gmt":"2021-12-02T06:08:44","guid":{"rendered":"https:\/\/www.baler-machines.com\/?p=1043"},"modified":"2023-03-16T11:02:52","modified_gmt":"2023-03-16T03:02:52","slug":"automatic-horizontal-baler","status":"publish","type":"product","link":"https:\/\/www.baler-machines.com\/fr\/automatic-horizontal-baler\/","title":{"rendered":"Presse \u00e0 balles horizontale semi-automatique pour le recyclage"},"content":{"rendered":"<p>Cette presse \u00e0 balles horizontale de Shuliy Machinery est con\u00e7ue pour les vieux papiers, les cartons, etc. Elle peut mettre en balles rapidement et efficacement divers mat\u00e9riaux, \u00e9conomisant ainsi de l'espace de stockage et facilitant le transport. Chaque jour, \u00e0 mesure que la production progresse, un grand nombre de d\u00e9chets, tels que du papier, du plastique, etc., sont produits. Comment les traiter rapidement et efficacement ? C\u2019est ainsi que notre presse hydraulique a vu le jour. La machine a des performances tr\u00e8s stables, une excellente qualit\u00e9 et une longue dur\u00e9e de vie. Cette machine est l'une des machines de recyclage les plus importantes. Si vous \u00eates int\u00e9ress\u00e9, n'h\u00e9sitez pas \u00e0 demander !<\/p>    <h2 class=\"wp-block-heading\"><strong>Qu'est-ce qu'une presse horizontale<\/strong>?<\/h2>    <p class=\"translation-block\">Une presse horizontale est con\u00e7ue pour compresser et emballer efficacement divers types de mat\u00e9riaux en vrac en paquets denses pratiques pour le stockage et le transport. La presse horizontale hydraulique se caract\u00e9rise par un grand rapport de compression, un emballage compact, une apparence soign\u00e9e et belle, et une large gamme d'applications. La presse \u00e0 d\u00e9chets horizontale convient \u00e0 la compression et \u00e0 l'emballage de divers mat\u00e9riaux tels que<strong> cartons usag\u00e9s, cartons, papier, vieux v\u00eatements, plastiques, pneus, paille, fourrage, coton, <a href=\"https:\/\/en.wikipedia.org\/wiki\/Wool\" target=\"_blank\" rel=\"noreferrer noopener\">laine<\/a>, sciure de bois et sacs tiss\u00e9s.<\/strong> De plus, nos machines peuvent \u00eatre personnalis\u00e9es pour r\u00e9pondre \u00e0 tous les besoins raisonnables de nos clients. Par cons\u00e9quent, si vous \u00eates dans une industrie connexe et avez besoin d'une presse \u00e0 balles, vous \u00eates invit\u00e9s \u00e0 nous contacter \u00e0 tout moment !<\/p>    <figure class=\"wp-block-gallery aligncenter has-nested-images columns-default is-cropped wp-block-gallery-2 is-layout-flex wp-block-gallery-is-layout-flex\"> <figure class=\"wp-block-image size-large\"><img loading=\"lazy\" decoding=\"async\" width=\"720\" height=\"540\" data-id=\"2436\" src=\"https:\/\/www.baler-machines.com\/wp-content\/uploads\/2022\/08\/horizontal-baler-machine-.webp\" alt=\"machine \u00e0 bottes horizontale -\" class=\"wp-image-2436\" title=\"\"><figcaption class=\"wp-element-caption\">Presse \u00e0 balles horizontale <\/figcaption><\/figure>    <figure class=\"wp-block-image size-large\"><img loading=\"lazy\" decoding=\"async\" width=\"720\" height=\"540\" data-id=\"2437\" src=\"https:\/\/www.baler-machines.com\/wp-content\/uploads\/2022\/08\/recycle-baler-in-stock.webp\" alt=\"presse \u00e0 balles de recyclage en stock\" class=\"wp-image-2437\" title=\"\"><figcaption class=\"wp-element-caption\">Presse \u00e0 balles de recyclage en stock<\/figcaption><\/figure> <\/figure>    <h2 class=\"wp-block-heading\"><strong>Presse \u00e0 balles horizontale automatique \u00e0 vendre<\/strong><\/h2>    <p class=\"translation-block\">La presse horizontale automatique est une machine puissante et multifonctionnelle pour les zones de culture de coton, les entreprises textiles, les usines de confection, les stations de recyclage de mat\u00e9riaux usag\u00e9s et d'autres entreprises agricoles et industrielles. La presse hydraulique \u00e0 balles est principalement divis\u00e9e en types horizontal et vertical. La presse hydraulique horizontale a une grande taille, avec une force de compression et une taille d'emballage plus grandes que la <a href=\"https:\/\/www.baler-machines.com\/fr\/vertical-metal-baler-hydraulic-metal-baling-machine\/\">presse horizontale pour m\u00e9taux<\/a>, et elle est facile \u00e0 utiliser automatiquement, ce qui peut am\u00e9liorer l'efficacit\u00e9 globale du pressage.<\/p>    <h3 class=\"wp-block-heading\"><strong>Presse \u00e0 balles horizontale semi-automatique<\/strong><\/h3>    <p>Pas de chargement automatique du convoyeur, il faut trouver un moyen de mettre les d\u00e9chets dans la poubelle. Les autres fonctions restent les m\u00eames.<\/p>   <div class=\"wp-block-image\"> <figure class=\"aligncenter size-full\"><img loading=\"lazy\" decoding=\"async\" width=\"720\" height=\"540\" src=\"https:\/\/www.baler-machines.com\/wp-content\/uploads\/2021\/12\/semi-automatic-horizontal-baler-machine.webp\" alt=\"presse \u00e0 balles horizontale semi-automatique\" class=\"wp-image-2433\" title=\"\"><figcaption class=\"wp-element-caption\">presse \u00e0 balles horizontale semi-automatique<\/figcaption><\/figure> <\/div>   <h3 class=\"wp-block-heading\" id=\"h-fully-automatic-horizontal-baling-press\"><strong>Presse \u00e0 balles horizontale enti\u00e8rement automatique<\/strong><\/h3>    <p>Equip\u00e9 d'une machine de chargement automatique, il permet d'\u00e9conomiser consid\u00e9rablement de la main d'\u0153uvre et de travailler rapidement et efficacement.<\/p>   <div class=\"wp-block-image\"> <figure class=\"aligncenter size-full\"><img loading=\"lazy\" decoding=\"async\" width=\"584\" height=\"448\" src=\"https:\/\/www.baler-machines.com\/wp-content\/uploads\/2021\/12\/Automatic-horizontal-baling-machine-with-conveyor-1.jpg\" alt=\"Presse \u00e0 balles horizontale automatique avec convoyeur 1\" class=\"wp-image-1065\" title=\"\"><figcaption class=\"wp-element-caption\">Presse \u00e0 balles horizontale automatique avec convoyeur <\/figcaption><\/figure> <\/div>   <h2 class=\"wp-block-heading\" id=\"h-scope-of-application-of-the-recycling-baler-machine\"><strong>Champ d'application de la presse \u00e0 balles de recyclage<\/strong><\/h2>    <p>La presse \u00e0 balles horizontale convient \u00e0 une large gamme de mat\u00e9riaux recyclables et peut \u00eatre utilis\u00e9e avec un convoyeur et d'autres \u00e9quipements. La paille, le foin, les vieux papiers, les pneus, le coton, les vieux v\u00eatements, la paille, le plastique, la laine et les d\u00e9chets recyclables peuvent tous \u00eatre compress\u00e9s et emball\u00e9s \u00e0 l'aide d'une presse hydraulique. Des cartons de rebut, des d\u00e9chets de carton, du fil, du tabac, du tissu, des sacs tiss\u00e9s, du velours tricot\u00e9, des sacs, des boules de laine, de la soie, du houblon et tout autre mat\u00e9riau en vrac peuvent \u00e9galement y \u00eatre utilis\u00e9s. <\/p>   <div class=\"wp-block-image\"> <figure class=\"aligncenter size-full\"><img loading=\"lazy\" decoding=\"async\" width=\"670\" height=\"462\" src=\"https:\/\/www.baler-machines.com\/wp-content\/uploads\/2021\/12\/raw-materials.jpg\" alt=\"mati\u00e8res premi\u00e8res\" class=\"wp-image-1063\" title=\"\"><figcaption class=\"wp-element-caption\">mati\u00e8res premi\u00e8res<\/figcaption><\/figure> <\/div>   <p>Il est souvent utilis\u00e9 dans les usines d'emballage, les usines de carton, les imprimeries, les stations de classification et de traitement des d\u00e9chets, les stations de recyclage professionnelles, les zones de production de coton, les entreprises textiles, les usines de confection et d'autres endroits. La presse horizontale peut coop\u00e9rer avec une machine \u00e0 fileter pour une mise en balles automatique.<\/p>    <h2 class=\"wp-block-heading\" id=\"h-highlights-of-the-automatic-horizontal-baler\"><strong>Points forts de la presse horizontale automatique<\/strong><\/h2>    <p>La presse \u00e0 balles de papier pr\u00e9sente les avantages d'un rendement \u00e9lev\u00e9, d'une structure compacte, d'un fonctionnement simple, d'une transmission stable, d'une mobilit\u00e9 flexible, etc.<\/p>    <ul class=\"wp-block-list\"> <li>Technologie hydraulique, haute pression, \u00e9conomie d'\u00e9nergie et protection de l'environnement.<\/li>    <li>La structure ouverte permet de retirer le sac facilement et rapidement et d'am\u00e9liorer l'efficacit\u00e9.<\/li>    <li>Il adopte un type de fermeture \u00e0 trois c\u00f4t\u00e9s et de traction invers\u00e9e, qui est automatiquement serr\u00e9 et d\u00e9tendu par le cylindre d'huile.<\/li>    <li>Programme PLC, contr\u00f4le par \u00e9cran tactile, op\u00e9ration simple, compression automatique.<\/li>    <li>Le dispositif de mise en balles automatique unique pr\u00e9sente les avantages d'une vitesse \u00e9lev\u00e9e, d'une structure simple, d'une action stable, d'un faible taux de d\u00e9faillance et d'un nettoyage et d'un entretien faciles.<\/li>    <li>La taille et la tension du paquet peuvent \u00eatre personnalis\u00e9es selon les exigences raisonnables des clients. <\/li>    <li>Il peut \u00eatre \u00e9quip\u00e9 d'une ligne de transport de mat\u00e9riel et d'une machine \u00e0 fileter, avec une efficacit\u00e9 plus \u00e9lev\u00e9e.<\/li> <\/ul>   <div class=\"wp-block-image\"> <figure class=\"aligncenter size-full\"><img loading=\"lazy\" decoding=\"async\" width=\"720\" height=\"540\" src=\"https:\/\/www.baler-machines.com\/wp-content\/uploads\/2022\/08\/recycling-baler-manufacturer.webp\" alt=\"fabricant de presses \u00e0 balles de recyclage\" class=\"wp-image-2439\" title=\"\"><figcaption class=\"wp-element-caption\">fabricant de presses \u00e0 balles de recyclage<\/figcaption><\/figure> <\/div>   <h2 class=\"wp-block-heading\" id=\"h-how-does-the-horizontal-waste-baler-work\"><strong>Comment fonctionne la presse \u00e0 d\u00e9chets horizontale ?<\/strong><\/h2>    <p class=\"translation-block\">Cette s\u00e9rie de presses horizontales est principalement compos\u00e9e d'un syst\u00e8me hydraulique, d'un syst\u00e8me de stockage de mat\u00e9riaux, d'un m\u00e9canisme de compression, d'un m\u00e9canisme de mise en sac et d'un syst\u00e8me \u00e9lectrique. L'efficacit\u00e9 de production est 5 \u00e0 10 fois sup\u00e9rieure \u00e0 celle de la <a href=\"https:\/\/www.baler-machines.com\/fr\/vertical-baler-machine-for-waste-recycling\/\" target=\"_blank\" rel=\"noreferrer noopener\">presse verticale hydraulique<\/a>, et la consommation d'\u00e9nergie est plus faible. La pression hydraulique peut atteindre plus de 100 tonnes. La presse horizontale automatique comprend des types enti\u00e8rement automatiques et semi-automatiques. Le mod\u00e8le enti\u00e8rement automatique peut \u00eatre \u00e9quip\u00e9 d'une machine \u00e0 fileter pour lier automatiquement le paquet compress\u00e9.<\/p>   <div class=\"wp-block-image\"> <figure class=\"aligncenter size-full\"><img loading=\"lazy\" decoding=\"async\" width=\"924\" height=\"686\" src=\"https:\/\/www.baler-machines.com\/wp-content\/uploads\/2021\/12\/hydraulic-horizontal-baler-structure.jpg\" alt=\"structure de presse horizontale hydraulique\" class=\"wp-image-1062\" title=\"\" srcset=\"https:\/\/www.baler-machines.com\/wp-content\/uploads\/2021\/12\/hydraulic-horizontal-baler-structure.jpg 924w, https:\/\/www.baler-machines.com\/wp-content\/uploads\/2021\/12\/hydraulic-horizontal-baler-structure-768x570.jpg 768w\" sizes=\"auto, (max-width: 924px) 100vw, 924px\" \/><figcaption class=\"wp-element-caption\">structure de presse horizontale hydraulique<\/figcaption><\/figure> <\/div>   <h2 class=\"wp-block-heading\"><strong>Combien co\u00fbte une presse \u00e0 balles horizontale ?<\/strong><\/h2>    <ol class=\"wp-block-list\"> <li>Le <strong>degr\u00e9 d'automatisation<\/strong>. Le prix d\u2019une presse semi-automatique et d\u2019une presse enti\u00e8rement automatique est compl\u00e8tement diff\u00e9rent en raison de la diff\u00e9rence dans le syst\u00e8me de chargement automatique.<\/li>    <li><strong>Accessoires pour machines<\/strong>. Pour une m\u00eame machine, si utilisation d\u2019accessoires diff\u00e9rents, le prix est \u00e9galement diff\u00e9rent. Bien entendu, la dur\u00e9e de vie et les conditions d\u2019utilisation ne sont pas les m\u00eames.<\/li>    <li><strong>Emballage et transport de machines<\/strong>. Dans les m\u00eames conditions de transport, sans emballage ni emballage en caisse bois, le prix total de la machine n'est pas le m\u00eame. De m\u00eame, si vous transportez la machine dans les m\u00eames conditions d'emballage, le prix est \u00e9galement diff\u00e9rent.<\/li> <\/ol>    <h2 class=\"wp-block-heading\" id=\"h-horizontal-baler-operating-manual\"><strong>Manuel d'utilisation de la presse \u00e0 balles horizontale<\/strong><\/h2>    <ol class=\"wp-block-list\"> <li>Avant que la machine ne commence \u00e0 fonctionner, assurez-vous de v\u00e9rifier si chaque pi\u00e8ce de la machine est intacte et si l'huile hydraulique est suffisante.<\/li>    <li>Lors de l'utilisation de la machine, veillez \u00e0 la s\u00e9curit\u00e9 des personnes, le site doit donc \u00eatre ad\u00e9quat.<\/li>    <li>Lorsque la machine fonctionne, gardez une certaine distance de s\u00e9curit\u00e9. Parce que notre machine adopte le contr\u00f4le PLC et peut avancer en temps r\u00e9el, en en faisant bon usage.<\/li>    <li>La s\u00e9curit\u00e9 avant tout lors de l'utilisation de la machine. V\u00e9rifiez constamment l'\u00e9tat et le fonctionnement du dispositif de verrouillage de s\u00e9curit\u00e9 et du dispositif d'arr\u00eat d'urgence.<\/li>    <li>Une fois le travail termin\u00e9, v\u00e9rifiez la machine lorsqu'elle s'arr\u00eate compl\u00e8tement pour vous assurer qu'elle ne pr\u00e9sente aucune erreur avant le d\u00e9part du personnel.<\/li> <\/ol>    <h2 class=\"wp-block-heading\" id=\"h-working-video-of-horizontal-baler\"><strong>Vid\u00e9o de travail d'une presse \u00e0 balles horizontale<\/strong><\/h2>    <figure class=\"wp-block-embed aligncenter is-type-video is-provider-youtube wp-block-embed-youtube wp-embed-aspect-16-9 wp-has-aspect-ratio\"><div class=\"wp-block-embed__wrapper\"> <iframe loading=\"lazy\" title=\"Presse \u00e0 balles horizontale hydraulique automatique | Machine de presse \u00e0 balles hydraulique pour pneus en plastique de d\u00e9chets de papier\" width=\"500\" height=\"281\" src=\"https:\/\/www.youtube.com\/embed\/xsLypM133-g?feature=oembed\" frameborder=\"0\" allow=\"accelerometer; autoplay; clipboard-write; encrypted-media; gyroscope; picture-in-picture; web-share\" referrerpolicy=\"strict-origin-when-cross-origin\" allowfullscreen><\/iframe> <\/div><\/figure>    <figure class=\"wp-block-embed aligncenter is-type-video is-provider-youtube wp-block-embed-youtube wp-embed-aspect-16-9 wp-has-aspect-ratio\"><div class=\"wp-block-embed__wrapper\"> <iframe loading=\"lazy\" title=\"Presse \u00e0 balles horizontale hydraulique | Presse \u00e0 balles de d\u00e9chets de carton charg\u00e9e pour la livraison\" width=\"500\" height=\"281\" src=\"https:\/\/www.youtube.com\/embed\/JJmSzdCuC-4?feature=oembed\" frameborder=\"0\" allow=\"accelerometer; autoplay; clipboard-write; encrypted-media; gyroscope; picture-in-picture; web-share\" referrerpolicy=\"strict-origin-when-cross-origin\" allowfullscreen><\/iframe> <\/div><\/figure>    <h2 class=\"wp-block-heading\" id=\"h-specification-of-semi-automatic-hydraulic-horizontal-baling-machine\"><strong>Sp\u00e9cifications de la presse \u00e0 balles horizontale hydraulique semi-automatique<\/strong><\/h2>    <figure class=\"wp-block-table\"><table><tbody><tr><td>Mod\u00e8le<\/td><td>SL-120<\/td><td>SL-160<\/td><td>SL-180<\/td><td>SL-200<\/td><\/tr><tr><td>Syst\u00e8me dynamique<\/td><td>syst\u00e8me hydraulique&nbsp;<\/td><td>syst\u00e8me hydraulique&nbsp;<\/td><td>syst\u00e8me hydraulique&nbsp;<\/td><td>syst\u00e8me hydraulique&nbsp;<\/td><\/tr><tr><td>Pouvoir<\/td><td>22 kW, 3 CV, 380 V<\/td><td>30 kW + 4 kW, 3 CV, 380 V<\/td><td>37 kW + 4 kW, 3 CV, 380 V<\/td><td>45 kW + 4 kW, 3 CV, 380 V <\/td><\/tr><tr><td>Pouss\u00e9e nominale principale<\/td><td>1200KN<\/td><td>1600KN<\/td><td>1800KN<\/td><td>2000KN<\/td><\/tr><tr><td>Pression du syst\u00e8me<\/td><td>28MPa<\/td><td>31,5MPA<\/td><td>31,5MPa<\/td><td>31,5MPa&nbsp;<\/td><\/tr><tr><td>Syst\u00e8me de contr\u00f4le<\/td><td>Contr\u00f4le automatique par API<\/td><td>Contr\u00f4le automatique par API<\/td><td>Contr\u00f4le automatique par API<\/td><td>Contr\u00f4le automatique par API<\/td><\/tr><tr><td>Taille d'alimentation<\/td><td>1650mm*1100mm<\/td><td>1650mm*1100mm<\/td><td>2000*1100mm<\/td><td>2000mm*1100mm<\/td><\/tr><tr><td>Taille des balles<\/td><td>1100*900mm<\/td><td>1100mm*1250mm<\/td><td>1100*1300mm<\/td><td>1100mm*1400mm<\/td><\/tr><tr><td>Densit\u00e9 des balles<\/td><td>800Kg\/balle, <br>400-450kg\/m\u00b3<\/td><td>1200kg\/balle,<br>450kg\/m\u00b3<\/td><td>1300kg\/balle, 500kg\/m\u00b3<\/td><td>1400Kg\/Balle 520kg\/m\u00b3<\/td><\/tr><tr><td>Capacit\u00e9<\/td><td>4-7 balles\/h<\/td><td>5-8 balles\/h<\/td><td>6-9 balles\/h<\/td><td>8-10 balles\/h<\/td><\/tr><tr><td>Regroupement<\/td><td>3 pi\u00e8ces<\/td><td>4-5 pi\u00e8ces<\/td><td>4-5 pi\u00e8ces<\/td><td>4-5 pi\u00e8ces<\/td><\/tr><\/tbody><\/table><\/figure>    <p class=\"translation-block\">Pour plus de d\u00e9tails sur la presse \u00e0 balles ou pour des exigences sp\u00e9ciales, n'h\u00e9sitez pas \u00e0 <a href=\"https:\/\/www.baler-machines.com\/fr\/contact-service\/\" target=\"_blank\" rel=\"noreferrer noopener\">nous contacter<\/a>.<\/p>    <h2 class=\"wp-block-heading\" id=\"h-faq\"><strong>FAQ<\/strong><\/h2>    <div class=\"schema-faq wp-block-yoast-faq-block\"><div class=\"schema-faq-section\" id=\"faq-question-1659427226038\"><strong class=\"schema-faq-question\">Q : \u00cates-vous une soci\u00e9t\u00e9 commerciale ou un fabricant ?<\/strong> <p class=\"schema-faq-answer\">R : Nous pouvons fabriquer et vendre des machines nous-m\u00eames. Nous exportons souvent vers des pays \u00e9trangers, ce qui repr\u00e9sente environ 70%.<\/p> <\/div> <div class=\"schema-faq-section\" id=\"faq-question-1659427250002\"><strong class=\"schema-faq-question\">Q : Vos machines ont-elles une p\u00e9riode de garantie ?<\/strong> <p class=\"schema-faq-answer\">R : G\u00e9n\u00e9ralement, notre soci\u00e9t\u00e9 offre une garantie d\u2019un an sur nos machines.<\/p> <\/div> <div class=\"schema-faq-section\" id=\"faq-question-1659427335441\"><strong class=\"schema-faq-question\">Q\u00a0: Comment puis-je faire confiance \u00e0 votre entreprise\u00a0?<\/strong> <p class=\"schema-faq-answer\">R : Notre entreprise est un leader dans l\u2019industrie depuis des d\u00e9cennies. Il existe \u00e9galement des certificats industriels que vous pouvez v\u00e9rifier. En plus de cela, nous pouvons \u00e9galement effectuer avec vous une visite d\u2019usine en temps r\u00e9el (par vid\u00e9o).<\/p> <\/div> <\/div>","protected":false},"excerpt":{"rendered":"<p>La presse \u00e0 balles horizontale est con\u00e7ue pour compresser et emballer efficacement des mat\u00e9riaux en vrac en paquets denses pratiques pour le stockage et le transport. La presse \u00e0 balles horizontale hydraulique se caract\u00e9rise par un grand rapport de compression, un paquet compact, une apparence soign\u00e9e et esth\u00e9tique, et un large \u00e9ventail d'applications. <\/p>","protected":false},"author":1,"featured_media":2446,"parent":0,"template":"","tags":[539,577,537,574,573,575],"product-type":[563],"class_list":["post-1043","product","type-product","status-publish","has-post-thumbnail","hentry","tag-horizontal-baler","tag-horizontal-baler-machine","tag-hydraulic-baler","tag-recycle-baler","tag-recycling-baler","tag-recycling-baler-machine","product-type-baler-machine"],"_links":{"self":[{"href":"https:\/\/www.baler-machines.com\/fr\/wp-json\/wp\/v2\/product\/1043","targetHints":{"allow":["GET"]}}],"collection":[{"href":"https:\/\/www.baler-machines.com\/fr\/wp-json\/wp\/v2\/product"}],"about":[{"href":"https:\/\/www.baler-machines.com\/fr\/wp-json\/wp\/v2\/types\/product"}],"author":[{"embeddable":true,"href":"https:\/\/www.baler-machines.com\/fr\/wp-json\/wp\/v2\/users\/1"}],"wp:featuredmedia":[{"embeddable":true,"href":"https:\/\/www.baler-machines.com\/fr\/wp-json\/wp\/v2\/media\/2446"}],"wp:attachment":[{"href":"https:\/\/www.baler-machines.com\/fr\/wp-json\/wp\/v2\/media?parent=1043"}],"wp:term":[{"taxonomy":"post_tag","embeddable":true,"href":"https:\/\/www.baler-machines.com\/fr\/wp-json\/wp\/v2\/tags?post=1043"},{"taxonomy":"product-type","embeddable":true,"href":"https:\/\/www.baler-machines.com\/fr\/wp-json\/wp\/v2\/product-type?post=1043"}],"curies":[{"name":"wp","href":"https:\/\/api.w.org\/{rel}","templated":true}]}}