{"id":980,"date":"2021-11-24T02:05:49","date_gmt":"2021-11-24T02:05:49","guid":{"rendered":"https:\/\/www.baler-machines.com\/?page_id=980"},"modified":"2022-08-05T08:51:50","modified_gmt":"2022-08-05T08:51:50","slug":"about-us","status":"publish","type":"page","link":"https:\/\/www.baler-machines.com\/fr\/about-us\/","title":{"rendered":"\u00c0 propos de nous"},"content":{"rendered":"<h2 class=\"wp-block-heading\" id=\"h-company-profile\"><strong>Profil de l'entreprise<\/strong><\/h2>    <div class=\"wp-block-media-text alignwide is-stacked-on-mobile\"><figure class=\"wp-block-media-text__media\"><img loading=\"lazy\" decoding=\"async\" width=\"750\" height=\"500\" src=\"https:\/\/www.baler-machines.com\/wp-content\/uploads\/2022\/08\/company-about-us-1.webp\" alt=\"\" class=\"wp-image-2693 size-full\" title=\"\"><\/figure><div class=\"wp-block-media-text__content\"> <p>Zhengzhou Shuliy\u00a0Machinery est une entreprise manufacturi\u00e8re int\u00e9grant le d\u00e9veloppement, la conception, la fabrication et la vente d'\u00e9quipements m\u00e9caniques. L'entreprise prend \u00ab la science et la technologie, l'environnement, les ressources \u00bb comme concept de base et s'engage \u00e0 cr\u00e9er une collection de \u00ab recherche et d\u00e9veloppement de machines de recyclage environnemental \u00bb, \u00ab de recyclage et de d\u00e9mant\u00e8lement de d\u00e9chets m\u00e9talliques et de ferraille \u00bb \u00ab d'utilisation des d\u00e9chets urbains et D\u00e9chets domestiques comme ressources \u00bb, \u00ab Ressources renouvelables \u00bb et \u00ab \u00c9nergie verte \u00bb dans une cha\u00eene industrielle d\u2019\u00e9conomie circulaire.<\/p> <\/div><\/div>    <p><\/p>    <p>Shuliy\u00a0dispose de centres de R&amp;D avanc\u00e9s et de divers \u00e9quipements de traitement et installations de test. L'entreprise compte au total plus de 100 employ\u00e9s, dont plus de 10 ing\u00e9nieurs en charge du d\u00e9veloppement technologique. Aujourd'hui, elle est devenue une entreprise moderne ax\u00e9e sur le \u00ab broyage \u00bb et le \u00ab recyclage des d\u00e9chets solides \u00bb.<\/p>    <h2 class=\"wp-block-heading\" id=\"h-hot-products\"><strong>Produits chauds<\/strong><\/h2>    <p class=\"translation-block\">Le champ d'activit\u00e9 de Shuliy Machinery couvre le recyclage, le broyage et le tri des m\u00e9taux de r\u00e9cup\u00e9ration, des pneus, des plastiques, du bois, du verre, des produits en papier, des fils et c\u00e2bles, et des bo\u00eetiers d'appareils \u00e9lectrom\u00e9nagers. Les produits autonomes comprennent principalement le <strong><a href=\"https:\/\/www.baler-machines.com\/fr\/double-shaft-shredder\/\" target=\"_blank\" rel=\"noreferrer noopener\">broyeur \u00e0 double arbre<\/a>,<a href=\"https:\/\/www.baler-machines.com\/fr\/horizontal-metal-baler\/\" target=\"_blank\" rel=\"noreferrer noopener\"> presse \u00e0 balles pour m\u00e9taux<\/a>, <a href=\"https:\/\/www.baler-machines.com\/fr\/scrap-metal-chip-briquette-machine\/\" target=\"_blank\" rel=\"noreferrer noopener\">machine \u00e0 briquettes de copeaux m\u00e9talliques<\/a>, <a href=\"https:\/\/www.baler-machines.com\/fr\/metal-shears\/\" target=\"_blank\" rel=\"noreferrer noopener\">cisaille pour m\u00e9taux<\/a>, <\/strong>etc. Parmi ces machines, le broyeur comprend un <a href=\"https:\/\/www.baler-machines.com\/fr\/double-shaft-waste-plastic-shredder-machine\/\" target=\"_blank\" rel=\"noreferrer noopener\">broyeur de plastique<\/a> et un <a href=\"https:\/\/www.baler-machines.com\/fr\/scrap-metal-shredder-machine\/\" target=\"_blank\" rel=\"noreferrer noopener\">broyeur de ferraille<\/a>. <\/p>    <div class=\"wp-block-columns is-layout-flex wp-container-core-columns-is-layout-9d6595d7 wp-block-columns-is-layout-flex\"> <div class=\"wp-block-column is-layout-flow wp-block-column-is-layout-flow\"> <figure class=\"wp-block-embed aligncenter is-type-wp-embed is-provider-metal-baler-machine-shuliy-group wp-block-embed-metal-baler-machine-shuliy-group\"><div class=\"wp-block-embed__wrapper\"> <blockquote class=\"wp-embedded-content\" data-secret=\"IRSERQRKM7\"><a href=\"https:\/\/www.baler-machines.com\/fr\/vertical-baler-machine-for-waste-recycling\/\">Presse \u00e0 balles verticale hydraulique pour diverses presses de recyclage de d\u00e9chets<\/a><\/blockquote><iframe loading=\"lazy\" class=\"wp-embedded-content\" sandbox=\"allow-scripts\" security=\"restricted\" style=\"position: absolute; clip: rect(1px, 1px, 1px, 1px);\" title=\"\u00abPresse \u00e0 balles verticale hydraulique pour presse de recyclage de d\u00e9chets divers\u00bb \u2014 Presse \u00e0 balles m\u00e9talliques | Groupe Shuliy\" src=\"https:\/\/www.baler-machines.com\/vertical-baler-machine-for-waste-recycling\/embed\/#?secret=ydCtlD8exN#?secret=IRSERQRKM7\" data-secret=\"IRSERQRKM7\" width=\"500\" height=\"282\" frameborder=\"0\" marginwidth=\"0\" marginheight=\"0\" scrolling=\"no\"><\/iframe> <\/div><\/figure> <\/div>    <div class=\"wp-block-column is-layout-flow wp-block-column-is-layout-flow\"> <figure class=\"wp-block-embed aligncenter is-type-wp-embed is-provider-metal-baler-machine-shuliy-group wp-block-embed-metal-baler-machine-shuliy-group\"><div class=\"wp-block-embed__wrapper\"> <blockquote class=\"wp-embedded-content\" data-secret=\"9LwWYJ5YEo\"><a href=\"https:\/\/www.baler-machines.com\/fr\/horizontal-metal-baler\/\">Presse \u00e0 ferraille hydraulique pour presse \u00e0 balles de d\u00e9chets<\/a><\/blockquote><iframe loading=\"lazy\" class=\"wp-embedded-content\" sandbox=\"allow-scripts\" security=\"restricted\" style=\"position: absolute; clip: rect(1px, 1px, 1px, 1px);\" title=\"\u00abPresse \u00e0 balles hydraulique pour presse \u00e0 d\u00e9chets\u00bb \u2014 Presse \u00e0 balles m\u00e9talliques | Groupe Shuliy\" src=\"https:\/\/www.baler-machines.com\/horizontal-metal-baler\/embed\/#?secret=HKaYa9kYNZ#?secret=9LwWYJ5YEo\" data-secret=\"9LwWYJ5YEo\" width=\"500\" height=\"282\" frameborder=\"0\" marginwidth=\"0\" marginheight=\"0\" scrolling=\"no\"><\/iframe> <\/div><\/figure> <\/div> <\/div>    <div class=\"wp-block-columns is-layout-flex wp-container-core-columns-is-layout-9d6595d7 wp-block-columns-is-layout-flex\"> <div class=\"wp-block-column is-layout-flow wp-block-column-is-layout-flow\"> <figure class=\"wp-block-embed\"><div class=\"wp-block-embed__wrapper\"> <blockquote class=\"wp-embedded-content\" data-secret=\"UvO7JXOTsR\"><a href=\"https:\/\/www.baler-machines.com\/fr\/double-shaft-shredder\/\">Broyeur \u00e0 double arbre pour le d\u00e9chiquetage de tous les d\u00e9chets<\/a><\/blockquote><iframe loading=\"lazy\" class=\"wp-embedded-content\" sandbox=\"allow-scripts\" security=\"restricted\" style=\"position: absolute; clip: rect(1px, 1px, 1px, 1px);\" title=\"\u00abBroyeur \u00e0 double arbre pour le d\u00e9chiquetage de tous les d\u00e9chets\u00bb \u2014 Presse \u00e0 balles m\u00e9talliques | Groupe Shuliy\" src=\"https:\/\/www.baler-machines.com\/double-shaft-shredder\/embed\/#?secret=s8sqFAiQ5L#?secret=UvO7JXOTsR\" data-secret=\"UvO7JXOTsR\" width=\"500\" height=\"282\" frameborder=\"0\" marginwidth=\"0\" marginheight=\"0\" scrolling=\"no\"><\/iframe> <\/div><\/figure> <\/div>    <div class=\"wp-block-column is-layout-flow wp-block-column-is-layout-flow\"> <figure class=\"wp-block-embed aligncenter is-type-wp-embed is-provider-metal-baler-machine-shuliy-group wp-block-embed-metal-baler-machine-shuliy-group\"><div class=\"wp-block-embed__wrapper\"> <blockquote class=\"wp-embedded-content\" data-secret=\"n65mtnwAsA\"><a href=\"https:\/\/www.baler-machines.com\/fr\/metal-shears-metal-shearing-machine\/\">Cisaille \u00e0 portique | Cisaille \u00e0 m\u00e9taux hydraulique<\/a><\/blockquote><iframe loading=\"lazy\" class=\"wp-embedded-content\" sandbox=\"allow-scripts\" security=\"restricted\" style=\"position: absolute; clip: rect(1px, 1px, 1px, 1px);\" title=\"\u00ab Cisaille \u00e0 portique | Cisaille \u00e0 m\u00e9taux hydraulique \u00bb \u2014 Presse \u00e0 balles m\u00e9talliques | Groupe Shuliy\" src=\"https:\/\/www.baler-machines.com\/metal-shears-metal-shearing-machine\/embed\/#?secret=oa1rEyMTvZ#?secret=n65mtnwAsA\" data-secret=\"n65mtnwAsA\" width=\"500\" height=\"282\" frameborder=\"0\" marginwidth=\"0\" marginheight=\"0\" scrolling=\"no\"><\/iframe> <\/div><\/figure> <\/div> <\/div>    <p><\/p>    <p>Les produits sont vendus dans tout le pays et export\u00e9s vers le Japon, l\u2019Asie du Sud-Est, l\u2019Indon\u00e9sie, le Mayasipan, les \u00c9tats-Unis, les Philippines, l\u2019Espagne et d\u2019autres pays. Elle exploite ses propres droits de production depuis 12 ans.<\/p>    <h2 class=\"wp-block-heading\"><strong>Certificats<\/strong><\/h2>   <div class=\"wp-block-image\"> <figure class=\"aligncenter size-full\"><img loading=\"lazy\" decoding=\"async\" width=\"750\" height=\"934\" src=\"https:\/\/www.baler-machines.com\/wp-content\/uploads\/2022\/08\/certificates.webp\" alt=\"certificats\" class=\"wp-image-2709\" title=\"\"><figcaption>certificats<\/figcaption><\/figure> <\/div>   <h2 class=\"wp-block-heading\" id=\"h-aim-of-shuliy-machinery\"><strong>Objectif des machines Shuliy<\/strong><\/h2>    <p>Face \u00e0 l'opportunit\u00e9 historique de \u00ab s'efforcer de construire une belle Chine et de r\u00e9aliser le d\u00e9veloppement durable de la nation chinoise \u00bb, l'entreprise sera plus d\u00e9termin\u00e9e \u00e0 r\u00e9aliser un d\u00e9veloppement rapide ax\u00e9 sur l'innovation et s'engage \u00e0 construire une entreprise de services de ressources et d'environnement pour construire une soci\u00e9t\u00e9 \u00e9conome en ressources et respectueuse de l\u2019environnement.<\/p>    <p>Le d\u00e9veloppement durable de la soci\u00e9t\u00e9 humaine contribue \u00e0 une plus grande force. Accueillez les nouveaux et anciens clients de tous horizons pour n\u00e9gocier des affaires\u00a0!<\/p>","protected":false},"excerpt":{"rendered":"<p>Company profile Zhengzhou Shuliy\u00a0Machinery is a manufacturing enterprise integrating the development, design, manufacturing, and sales of mechanical equipment. The company takes &#8220;science and technology, environment, resources&#8221; as its core concept, and is committed to creating a collection of &#8220;environmental recycling machinery research and development&#8221;, &#8220;metal waste and scrap car recycling and dismantling&#8221; \u201cUtilization of Urban [&hellip;]<\/p>\n","protected":false},"author":1,"featured_media":0,"parent":0,"menu_order":0,"comment_status":"closed","ping_status":"closed","template":"","meta":{"footnotes":""},"class_list":["post-980","page","type-page","status-publish","hentry"],"_links":{"self":[{"href":"https:\/\/www.baler-machines.com\/fr\/wp-json\/wp\/v2\/pages\/980","targetHints":{"allow":["GET"]}}],"collection":[{"href":"https:\/\/www.baler-machines.com\/fr\/wp-json\/wp\/v2\/pages"}],"about":[{"href":"https:\/\/www.baler-machines.com\/fr\/wp-json\/wp\/v2\/types\/page"}],"author":[{"embeddable":true,"href":"https:\/\/www.baler-machines.com\/fr\/wp-json\/wp\/v2\/users\/1"}],"replies":[{"embeddable":true,"href":"https:\/\/www.baler-machines.com\/fr\/wp-json\/wp\/v2\/comments?post=980"}],"version-history":[{"count":0,"href":"https:\/\/www.baler-machines.com\/fr\/wp-json\/wp\/v2\/pages\/980\/revisions"}],"wp:attachment":[{"href":"https:\/\/www.baler-machines.com\/fr\/wp-json\/wp\/v2\/media?parent=980"}],"curies":[{"name":"wp","href":"https:\/\/api.w.org\/{rel}","templated":true}]}}