{"id":114,"date":"2019-12-04T03:28:48","date_gmt":"2019-12-04T03:28:48","guid":{"rendered":"http:\/\/test.yogurt-machine.com\/?page_id=114"},"modified":"2022-08-05T09:12:17","modified_gmt":"2022-08-05T09:12:17","slug":"contact-service","status":"publish","type":"page","link":"https:\/\/www.baler-machines.com\/fr\/contact-service\/","title":{"rendered":"Contacts et services"},"content":{"rendered":"<h2 class=\"wp-block-heading\" id=\"h-cooperation-and-win-win\"><strong>Coop\u00e9ration et gagnant-gagnant<\/strong><\/h2>    <p>Fournissez une gamme compl\u00e8te de support technique et de services intimes aux clients afin de cr\u00e9er les plus grands avantages \u00e9conomiques\u00a0!<\/p>    <div class=\"wp-block-columns is-layout-flex wp-container-core-columns-is-layout-9d6595d7 wp-block-columns-is-layout-flex\"> <div class=\"wp-block-column is-layout-flow wp-block-column-is-layout-flow\"> <figure class=\"wp-block-image\"><img decoding=\"async\" src=\"https:\/\/www.baler-machines.com\/wp-content\/uploads\/2019\/12\/Group-30-2.png\" alt=\"\" title=\"\"><\/figure>    <p class=\"translation-block\"><strong>Informations de Contact<\/strong><\/p>    <p class=\"translation-block\">WhatsApp\/Wechat\/Tel :<br><strong><em> +86-13673689272<\/em><\/strong><br> Adresse Email :<br><strong><em> info@baler-machines.com<\/em><\/strong><\/p> <\/div>    <div class=\"wp-block-column is-layout-flow wp-block-column-is-layout-flow\"> <figure class=\"wp-block-image\"><img decoding=\"async\" src=\"https:\/\/www.baler-machines.com\/wp-content\/uploads\/2019\/12\/Group-34.png\" alt=\"\" title=\"\"><\/figure>    <p class=\"translation-block\"><strong>Emplacement de l'usine<\/strong><\/p>    <p>Nautical Road East, zone de d\u00e9veloppement \u00e9conomique de Zhengzhou, Henan, Chine. Bienvenue \u00e0 visiter notre usine !<\/p> <\/div>    <div class=\"wp-block-column is-layout-flow wp-block-column-is-layout-flow\"> <figure class=\"wp-block-image\"><img decoding=\"async\" src=\"https:\/\/www.baler-machines.com\/wp-content\/uploads\/2019\/12\/Group-35.png\" alt=\"\" title=\"\"><\/figure>    <p class=\"translation-block\"><strong>Certificats d'honneur<\/strong><\/p>    <p>La soci\u00e9t\u00e9 Shuliy a obtenu une s\u00e9rie de certificats, tels que CE, SGS, ISO, T\u00dcV, BV, etc., et a \u00e9galement \u00e9t\u00e9 class\u00e9e \u00ab entreprise qui honore ses contrats et tient ses promesses \u00bb.<\/p> <\/div> <\/div>    <h2 class=\"wp-block-heading\" id=\"h-customer-service\"><strong>Service client<\/strong><\/h2>    <h3 class=\"wp-block-heading\"><b>Avant vente<\/b><\/h3>    <ul class=\"wp-block-list\"><li>Aidez les clients \u00e0 s\u00e9lectionner l\u2019\u00e9quipement appropri\u00e9.<\/li><li>Guider la planification et la s\u00e9lection du site de l\u2019atelier de production.<\/li><li>Libre d'envoyer des ing\u00e9nieurs sur le site du client pour l'ing\u00e9nierie et la conception du projet.<\/li><\/ul>    <h3 class=\"wp-block-heading\"><strong><b>En vente<\/b><\/strong><\/h3>    <ul class=\"wp-block-list\"><li>Fournissez une s\u00e9rie de certificats d'inspection de qualit\u00e9 et inspectez strictement les produits avant de quitter l'usine.<\/li><li>Fournissez des informations logistiques gratuites et organisez la livraison \u00e0 temps.<\/li><\/ul>    <h3 class=\"wp-block-heading\"><strong>Apr\u00e8s-vente<\/strong><\/h3>    <ul class=\"wp-block-list\"><li>Conseils gratuits pour la production des fondations du site de production.<\/li><li>Fournir gratuitement des conseils d'installation et de d\u00e9bogage apr\u00e8s-vente et une formation \u00e0 la maintenance des \u00e9quipements.<\/li><li>Belles machines de traitement des m\u00e9taux, merci pour la soci\u00e9t\u00e9 Shuliy\u00a0!<\/li><\/ul>    <h2 class=\"wp-block-heading\" id=\"h-feedback\"><strong>Retour<\/strong><\/h2>    <p>Gr\u00e2ce \u00e0 nos services, nous avons re\u00e7u de bons retours de nos clients\u00a0! Par exemple:<\/p>    <div class=\"wp-block-columns is-layout-flex wp-container-core-columns-is-layout-9d6595d7 wp-block-columns-is-layout-flex\"> <div class=\"wp-block-column is-layout-flow wp-block-column-is-layout-flow\"> <p><img decoding=\"async\" src=\"https:\/\/www.baler-machines.com\/wp-content\/uploads\/2019\/12\/shuliy-customer.jpg\" alt=\"Caio Luiz\" title=\"\"><\/p> <\/div>    <div class=\"wp-block-column is-vertically-aligned-center is-layout-flow wp-block-column-is-layout-flow\"> <p>Bonnes machines Shuliy ! Un grand merci pour votre soutien \u00e0 mon entreprise de recyclage et de vente de d\u00e9chets m\u00e9talliques.<\/p>    <p><\/p>    <p><\/p> <\/div> <\/div>","protected":false},"excerpt":{"rendered":"<p>Cooperation and WIN-WIN Provide a full range of technical support and intimate services for customers to create the greatest economic benefits! Contact Information WhatsApp\/Wechat\/Tel\uff1a +86-13673689272 Email Address: info@baler-machines.com Factory Location Nautical Road East, Zhengzhou Economic Development Zone, Henan, China. Welcome to visit our factory! Honorary Certificates Shuliy company has passed a series of certificates, such [&hellip;]<\/p>\n","protected":false},"author":1,"featured_media":0,"parent":0,"menu_order":0,"comment_status":"closed","ping_status":"closed","template":"","meta":{"footnotes":""},"class_list":["post-114","page","type-page","status-publish","hentry"],"_links":{"self":[{"href":"https:\/\/www.baler-machines.com\/fr\/wp-json\/wp\/v2\/pages\/114","targetHints":{"allow":["GET"]}}],"collection":[{"href":"https:\/\/www.baler-machines.com\/fr\/wp-json\/wp\/v2\/pages"}],"about":[{"href":"https:\/\/www.baler-machines.com\/fr\/wp-json\/wp\/v2\/types\/page"}],"author":[{"embeddable":true,"href":"https:\/\/www.baler-machines.com\/fr\/wp-json\/wp\/v2\/users\/1"}],"replies":[{"embeddable":true,"href":"https:\/\/www.baler-machines.com\/fr\/wp-json\/wp\/v2\/comments?post=114"}],"version-history":[{"count":0,"href":"https:\/\/www.baler-machines.com\/fr\/wp-json\/wp\/v2\/pages\/114\/revisions"}],"wp:attachment":[{"href":"https:\/\/www.baler-machines.com\/fr\/wp-json\/wp\/v2\/media?parent=114"}],"curies":[{"name":"wp","href":"https:\/\/api.w.org\/{rel}","templated":true}]}}