{"id":431,"date":"2019-12-17T10:02:50","date_gmt":"2019-12-17T10:02:50","guid":{"rendered":"https:\/\/www.baler-machines.com\/?p=431"},"modified":"2026-02-13T16:36:21","modified_gmt":"2026-02-13T08:36:21","slug":"aluminum-can-baler","status":"publish","type":"product","link":"https:\/\/www.baler-machines.com\/es\/aluminum-can-baler\/","title":{"rendered":"Empacadora de latas de aluminio | M\u00e1quina hidr\u00e1ulica de prensa de chatarra"},"content":{"rendered":"<p class=\"translation-block\">La prensa de latas de aluminio es el equipo de <a href=\"https:\/\/www.baler-machines.com\/es\/vertical-baler-machine-for-waste-recycling\/\" target=\"_blank\" rel=\"noreferrer noopener\">prensado hidr\u00e1ulico<\/a> de nuevo dise\u00f1o para reciclar todo tipo de latas met\u00e1licas, como latas de aluminio, cajas de comida enlatada, latas de bebidas, latas de productos l\u00e1cteos, etc. Esta m\u00e1quina de prensado de latas de aluminio hidr\u00e1ulica es especialmente \u00fatil para prensar y empaquetar todo tipo de latas de aluminio, latas de hierro, latas de pintura y latas de gasolina en pacas s\u00f3lidas. Las latas empaquetadas finales ser\u00e1n f\u00e1ciles de transportar y almacenar. <\/p>    <p>La empacadora hidr\u00e1ulica de latas de aluminio en esta industria utiliza presi\u00f3n hidr\u00e1ulica para exprimir las materias primas met\u00e1licas en bloques s\u00f3lidos. La presi\u00f3n hidr\u00e1ulica de la m\u00e1quina se puede seleccionar seg\u00fan las diferentes materias primas a procesar y el volumen de procesamiento.<\/p>    <figure class=\"wp-block-embed is-type-video is-provider-youtube wp-block-embed-youtube wp-embed-aspect-16-9 wp-has-aspect-ratio\"><div class=\"wp-block-embed__wrapper\"> <iframe loading=\"lazy\" title=\"M\u00e1quina de compactaci\u00f3n de latas de aluminio | Video de funcionamiento de la compactadora de chatarra hidr\u00e1ulica #compactadora #reciclaje\" width=\"500\" height=\"281\" src=\"https:\/\/www.youtube.com\/embed\/76vzjCJVgj4?feature=oembed\" frameborder=\"0\" allow=\"accelerometer; autoplay; clipboard-write; encrypted-media; gyroscope; picture-in-picture; web-share\" referrerpolicy=\"strict-origin-when-cross-origin\" allowfullscreen><\/iframe> <\/div><figcaption class=\"wp-element-caption\">Video de la prensa hidr\u00e1ulica de compactaci\u00f3n para latas de aluminio <\/figcaption><\/figure>    <h2 class=\"wp-block-heading\" id=\"h-why-recycle-aluminum-cans-with-the-hydraulic-aluminum-can-baler\"><strong>\u00bfPor qu\u00e9 reciclar latas de aluminio con la empacadora hidr\u00e1ulica de latas de aluminio?<\/strong><\/h2>    <p>El aluminio es un recurso met\u00e1lico muy valioso en la Tierra y tambi\u00e9n se utiliza ampliamente en la vida. El reciclaje de latas de aluminio desechadas suele ser m\u00e1s valioso que las latas de hierro. El precio del aluminio puede alcanzar m\u00e1s de 20.000 yuanes por tonelada, mientras que el precio del hierro es inferior a 10.000 yuanes por tonelada. <\/p>    <p>Debido a que la composici\u00f3n de la lata de hierro es complicada, a menudo se recubren con esta\u00f1o y zinc, y el costo de refinaci\u00f3n tambi\u00e9n es alto. El aluminio en la composici\u00f3n de las latas de aluminio es mucho m\u00e1s puro y es f\u00e1cil de reciclar y refinar nuevamente. En el proceso de reciclaje y procesamiento de latas de aluminio de desecho en grandes cantidades, las empacadoras hidr\u00e1ulicas de latas de aluminio son una maquinaria ampliamente utilizada.<\/p>    <figure class=\"wp-block-gallery aligncenter has-nested-images columns-2 is-cropped wp-block-gallery-2 is-layout-flex wp-block-gallery-is-layout-flex\"> <figure class=\"wp-block-image size-large\"><img loading=\"lazy\" decoding=\"async\" width=\"720\" height=\"480\" data-id=\"619\" src=\"https:\/\/www.baler-machines.com\/wp-content\/uploads\/2019\/12\/Beverage-cans-for-recyling.jpg\" alt=\"Latas de bebidas para reciclar.\" class=\"wp-image-619\" title=\"\"><figcaption class=\"wp-element-caption\">Latas de bebidas para reciclar<\/figcaption><\/figure>    <figure class=\"wp-block-image size-large\"><img loading=\"lazy\" decoding=\"async\" width=\"720\" height=\"480\" data-id=\"620\" src=\"https:\/\/www.baler-machines.com\/wp-content\/uploads\/2019\/12\/caned-food-cans-for-recycling.jpg\" alt=\"latas de comida para reciclaje\" class=\"wp-image-620\" title=\"\"><figcaption class=\"wp-element-caption\">Latas de comida enlatada para reciclar<\/figcaption><\/figure>    <figure class=\"wp-block-image size-large\"><img loading=\"lazy\" decoding=\"async\" width=\"720\" height=\"540\" data-id=\"621\" src=\"https:\/\/www.baler-machines.com\/wp-content\/uploads\/2019\/12\/aluminum-cans-bales.jpg\" alt=\"fardos de latas de aluminio\" class=\"wp-image-621\" title=\"\"><figcaption class=\"wp-element-caption\">Balas de latas de aluminio<\/figcaption><\/figure>    <figure class=\"wp-block-image size-large\"><img loading=\"lazy\" decoding=\"async\" width=\"720\" height=\"540\" data-id=\"622\" src=\"https:\/\/www.baler-machines.com\/wp-content\/uploads\/2019\/12\/cans-recycling-with-the-aluminum-can-baler.jpg\" alt=\"Reciclaje de latas con empacadora de latas de aluminio.\" class=\"wp-image-622\" title=\"\"><figcaption class=\"wp-element-caption\">Reciclaje de latas con empacadora de latas de aluminio<\/figcaption><\/figure> <\/figure>    <h2 class=\"wp-block-heading\" id=\"h-what-are-the-functions-of-the-hydraulic-scrap-press-machine\"><strong>\u00bfCu\u00e1les son las funciones de la prensa hidr\u00e1ulica de chatarra?<\/strong><\/h2>    <p>Durante el proceso de reciclaje de grandes cantidades de desechos de aluminio, como latas de aluminio, l\u00e1minas de aluminio, desechos de aluminio, etc., siempre debemos confiar en m\u00e1quinas empacadoras para prensar estos desechos met\u00e1licos en bloques peque\u00f1os para facilitar su almacenamiento y transporte. <\/p>    <p>La prensa hidr\u00e1ulica para balas de chatarra es el equipo de reciclaje de metales com\u00fanmente utilizado para el empacado r\u00e1pido de esta chatarra con menos desperdicio de materiales de aluminio y menos contaminaci\u00f3n del medio ambiente.<\/p>   <div class=\"wp-block-image\"> <figure class=\"aligncenter size-full\"><img loading=\"lazy\" decoding=\"async\" width=\"720\" height=\"540\" src=\"https:\/\/www.baler-machines.com\/wp-content\/uploads\/2021\/12\/vertical-baler-machines.jpg\" alt=\"empacadoras verticales\" class=\"wp-image-1309\" title=\"\"><figcaption class=\"wp-element-caption\">empacadoras verticales<\/figcaption><\/figure> <\/div>   <h2 class=\"wp-block-heading\" id=\"h-the-main-features-of-the-aluminum-can-baler\"><strong>Las principales caracter\u00edsticas de la empacadora de latas de aluminio.<\/strong><\/h2>    <p>Una empacadora de latas de aluminio es una m\u00e1quina de reciclaje de metales que ahorra energ\u00eda y es respetuosa con el medio ambiente. Utiliza el principio de empacado por presi\u00f3n hidr\u00e1ulica para comprimir materiales met\u00e1licos como latas de aluminio, trozos de hierro, etc., a fin de lograr el reciclaje y la reutilizaci\u00f3n de recursos. <\/p>    <p>La empacadora de hojas de metal utiliza transmisi\u00f3n hidr\u00e1ulica y tiene las ventajas de la estructura compacta, la instalaci\u00f3n conveniente, la operaci\u00f3n simple y el f\u00e1cil mantenimiento. La m\u00e1quina de empacador de aluminio no requiere tornillos para el pie al instalar, combina todas las ventajas de un empacador y es un equipo de equilibrio avanzado.<\/p>    <figure class=\"wp-block-gallery has-nested-images columns-default is-cropped wp-block-gallery-3 is-layout-flex wp-block-gallery-is-layout-flex\"> <figure class=\"wp-block-image size-large\"><img loading=\"lazy\" decoding=\"async\" width=\"540\" height=\"540\" data-id=\"437\" src=\"https:\/\/www.baler-machines.com\/wp-content\/uploads\/2019\/12\/Vertical-metal-baler-machine-for-sale.jpg\" alt=\"Vendo empacadora vertical de metal\" class=\"wp-image-437\" title=\"\"><figcaption class=\"wp-element-caption\">M\u00e1quina empacadora de metal vertical a la venta<\/figcaption><\/figure>    <figure class=\"wp-block-image size-full\"><img loading=\"lazy\" decoding=\"async\" width=\"540\" height=\"540\" data-id=\"231\" src=\"https:\/\/www.baler-machines.com\/wp-content\/uploads\/2019\/12\/vertial-baler-manufacturer.jpg\" alt=\"fabricante de empacadoras verticales\" class=\"wp-image-231\" title=\"\"><figcaption class=\"wp-element-caption\">Fabricante de empacadoras verticales<\/figcaption><\/figure> <\/figure>    <h2 class=\"wp-block-heading\" id=\"h-how-much-is-an-aluminum-can-baler-machine\"><strong>\u00bfCu\u00e1nto cuesta una empacadora de latas de aluminio?<\/strong><\/h2>    <h3 class=\"wp-block-heading\"><strong>Capacidades de trabajo<\/strong><\/h3>    <p class=\"translation-block\">Para prensar el metal de desecho, en Shuliy Machinery podemos proporcionar todo el conjunto de <a href=\"https:\/\/www.baler-machines.com\/es\/horizontal-metal-baler\/\" target=\"_blank\" rel=\"noreferrer noopener\">equipo de prensado de metal<\/a> profesional con diferentes capacidades de trabajo. No importa cu\u00e1les sean las capacidades de procesamiento de sus latas de aluminio para prensado y reciclaje, podemos apoyarle con la prensa de metal m\u00e1s adecuada. <\/p>    <h3 class=\"wp-block-heading\"><strong>Tipos de empacadoras<\/strong><\/h3>    <p>Nuestras m\u00e1quinas de prensa de latas de aluminio de venta caliente son principalmente la empacadora de metal de tipo vertical y la empacadora de metal de tipo horizontal. Estos dos tipos de balas de chatarra de aluminio pueden satisfacer las diferentes necesidades de producci\u00f3n de los clientes. El cliente que desea procesar las latas de aluminio a peque\u00f1a escala puede elegir el tipo vertical de m\u00e1quina de empacador, y la empacadora de metal horizontal es adecuada para grandes plantas de reciclaje de metales.<\/p>    <figure class=\"wp-block-gallery aligncenter has-nested-images columns-default is-cropped wp-block-gallery-4 is-layout-flex wp-block-gallery-is-layout-flex\"> <figure class=\"wp-block-image size-full\"><img loading=\"lazy\" decoding=\"async\" width=\"405\" height=\"540\" data-id=\"511\" src=\"https:\/\/www.baler-machines.com\/wp-content\/uploads\/2020\/01\/hydraulic-metal-baler.jpg\" alt=\"empacadora hidr\u00e1ulica de metales\" class=\"wp-image-511\" title=\"\"><figcaption class=\"wp-element-caption\">Empacadora hidr\u00e1ulica de metales<\/figcaption><\/figure>    <figure class=\"wp-block-image size-large\"><img loading=\"lazy\" decoding=\"async\" width=\"720\" height=\"540\" data-id=\"465\" src=\"https:\/\/www.baler-machines.com\/wp-content\/uploads\/2019\/12\/Shuliy-metal-sheets-press-machine.jpg\" alt=\"M\u00e1quina prensadora de l\u00e1minas de metal Shuliy\" class=\"wp-image-465\" title=\"\"><figcaption class=\"wp-element-caption\">M\u00e1quina prensadora de l\u00e1minas de metal Shuliy<\/figcaption><\/figure> <\/figure>    <p>Por lo tanto, los precios de las diferentes m\u00e1quinas empacadoras de metal tambi\u00e9n son diferentes y los usuarios deben comprar la que pueda satisfacer sus necesidades reales en mayor medida.<\/p>   <div class=\"wp-block-image is-resized\"> <figure class=\"aligncenter size-large\"><img loading=\"lazy\" decoding=\"async\" width=\"720\" height=\"540\" src=\"https:\/\/www.baler-machines.com\/wp-content\/uploads\/2019\/12\/baled-aluminum-cans-for-selling-with-good-price.jpg\" alt=\"Latas de aluminio embaladas para vender a buen precio.\" class=\"wp-image-435\" title=\"\"><figcaption class=\"wp-element-caption\">Latas de aluminio embaladas para vender a buen precio.<\/figcaption><\/figure> <\/div>   <figure class=\"wp-block-embed is-type-video is-provider-youtube wp-block-embed-youtube wp-embed-aspect-16-9 wp-has-aspect-ratio\"><div class=\"wp-block-embed__wrapper\"> <iframe loading=\"lazy\" title=\"M\u00e1quina de empacador de metal presionando latas de aluminio en bloques | M\u00e1quina de empacador de latas de aluminio para reciclaje\" width=\"500\" height=\"281\" src=\"https:\/\/www.youtube.com\/embed\/26TAR_g6HSQ?feature=oembed\" frameborder=\"0\" allow=\"accelerometer; autoplay; clipboard-write; encrypted-media; gyroscope; picture-in-picture; web-share\" referrerpolicy=\"strict-origin-when-cross-origin\" allowfullscreen><\/iframe> <\/div><figcaption class=\"wp-element-caption\">Video de empacador de metal para reciclaje de aluminio CAN<\/figcaption><\/figure>    <h2 class=\"wp-block-heading\"><strong>Par\u00e1metros de la empacadora de latas de aluminio.<\/strong><\/h2>    <figure class=\"wp-block-table\"><table><tbody><tr><td>Modelo<\/td><td>Presi\u00f3n<\/td><td>Motor<\/td><td>El volumen de la caja interior.<\/td><td>Tama\u00f1o del producto final<\/td><td>Capacidad<\/td><td>Peso<\/td><\/tr><tr><td>SL-HZ-15T<\/td><td>15 toneladas<\/td><td>5,5 KW<\/td><td>850*600*1300MM<\/td><td>890*610*500MM<\/td><td>1-1,5 toneladas\/hora<\/td><td>1T<\/td><\/tr><tr><td>SL-HZ-30T<\/td><td>30T<\/td><td>7,5 KW<\/td><td>800*400*1300MM<\/td><td>890*610*500MM<\/td><td>1.5-2T\/H<\/td><td>1,5 toneladas<\/td><\/tr><tr><td>SL-HZ-60T<\/td><td>60T<\/td><td>7,5 KW<\/td><td>900*600*1300MM<\/td><td>900*610*500MM<\/td><td>2-2,5 toneladas\/hora<\/td><td>2T<\/td><\/tr><tr><td>SL-HZ-80T<\/td><td>80T<\/td><td>7,5 KW<\/td><td>1200*800*1500MM<\/td><td>1200*810*500MM<\/td><td>3-3,5 toneladas\/hora<\/td><td>3T<\/td><\/tr><tr><td>SL-HZ-100T<\/td><td>100T<\/td><td>15kW<\/td><td>1100*900*1500MM<\/td><td>1100*910*500MM<\/td><td>3.5-4T\/H<\/td><td>3.5T<\/td><\/tr><tr><td>SL-HZ-120T<\/td><td>120T<\/td><td>18,5 KW<\/td><td>1200*100*1500MM<\/td><td>1200*100*500MM<\/td><td>4-5 toneladas por hora<\/td><td>4T<\/td><\/tr><\/tbody><\/table><figcaption class=\"wp-element-caption\">Especificaciones de la compactadora de latas de aluminio<\/figcaption><\/figure>    <p>Los diferentes modelos de compactadoras de aluminio producen resultados de compactaci\u00f3n diferentes. Cuanto mayor sea la presi\u00f3n de la m\u00e1quina que utilice, mejor ser\u00e1 el efecto de compactaci\u00f3n. Como:<\/p>    <figure class=\"wp-block-table\"><table class=\"has-fixed-layout\"><tbody><tr><td>Efecto de compactaci\u00f3n de 40-60T<\/td><td><img loading=\"lazy\" decoding=\"async\" width=\"150\" height=\"203\" class=\"wp-image-4319\" style=\"width: 150px;\" src=\"https:\/\/www.baler-machines.com\/wp-content\/uploads\/2019\/12\/40-60T-Bailing-Effect.webp\" alt=\"40-60T Bailing Effect\" title=\"\" srcset=\"https:\/\/www.baler-machines.com\/wp-content\/uploads\/2019\/12\/40-60T-Bailing-Effect.webp 530w, https:\/\/www.baler-machines.com\/wp-content\/uploads\/2019\/12\/40-60T-Bailing-Effect-9x12.webp 9w\" sizes=\"auto, (max-width: 150px) 100vw, 150px\" \/><\/td><\/tr><tr><td>Efecto de compactaci\u00f3n de 100-120T<\/td><td><img loading=\"lazy\" decoding=\"async\" width=\"150\" height=\"219\" class=\"wp-image-4320\" style=\"width: 150px;\" src=\"https:\/\/www.baler-machines.com\/wp-content\/uploads\/2019\/12\/100-120T-Bailing-Effect.webp\" alt=\"100-120T Bailing Effect\" title=\"\" srcset=\"https:\/\/www.baler-machines.com\/wp-content\/uploads\/2019\/12\/100-120T-Bailing-Effect.webp 416w, https:\/\/www.baler-machines.com\/wp-content\/uploads\/2019\/12\/100-120T-Bailing-Effect-8x12.webp 8w\" sizes=\"auto, (max-width: 150px) 100vw, 150px\" \/><\/td><\/tr><\/tbody><\/table><figcaption class=\"wp-element-caption\">Efecto de compactaci\u00f3n de diferentes compactadoras<\/figcaption><\/figure>","protected":false},"excerpt":{"rendered":"<p>La prensa de balas de aluminio hidr\u00e1ulica (m\u00e1quina de prensado de metal) es el equipo de balado de chatarra met\u00e1lica de nuevo dise\u00f1o para reciclar varios restos de metal, como chatarra de aluminio, l\u00e1minas de hierro, chatarra de acero, carcasas de autom\u00f3viles desintegradas, etc. <\/p>","protected":false},"author":1,"featured_media":4267,"parent":0,"template":"","tags":[157,537,574],"product-type":[563],"class_list":["post-431","product","type-product","status-publish","has-post-thumbnail","hentry","tag-aluminum-can-baler","tag-hydraulic-baler","tag-recycle-baler","product-type-baler-machine"],"_links":{"self":[{"href":"https:\/\/www.baler-machines.com\/es\/wp-json\/wp\/v2\/product\/431","targetHints":{"allow":["GET"]}}],"collection":[{"href":"https:\/\/www.baler-machines.com\/es\/wp-json\/wp\/v2\/product"}],"about":[{"href":"https:\/\/www.baler-machines.com\/es\/wp-json\/wp\/v2\/types\/product"}],"author":[{"embeddable":true,"href":"https:\/\/www.baler-machines.com\/es\/wp-json\/wp\/v2\/users\/1"}],"wp:featuredmedia":[{"embeddable":true,"href":"https:\/\/www.baler-machines.com\/es\/wp-json\/wp\/v2\/media\/4267"}],"wp:attachment":[{"href":"https:\/\/www.baler-machines.com\/es\/wp-json\/wp\/v2\/media?parent=431"}],"wp:term":[{"taxonomy":"post_tag","embeddable":true,"href":"https:\/\/www.baler-machines.com\/es\/wp-json\/wp\/v2\/tags?post=431"},{"taxonomy":"product-type","embeddable":true,"href":"https:\/\/www.baler-machines.com\/es\/wp-json\/wp\/v2\/product-type?post=431"}],"curies":[{"name":"wp","href":"https:\/\/api.w.org\/{rel}","templated":true}]}}