{"id":4160,"date":"2025-03-19T16:22:01","date_gmt":"2025-03-19T08:22:01","guid":{"rendered":"https:\/\/www.baler-machines.com\/?post_type=product&#038;p=4160"},"modified":"2025-03-19T16:22:19","modified_gmt":"2025-03-19T08:22:19","slug":"h-i-beam-cold-bending-machine","status":"publish","type":"product","link":"https:\/\/www.baler-machines.com\/es\/h-i-beam-cold-bending-machine\/","title":{"rendered":"M\u00e1quina de flexi\u00f3n fr\u00eda de h y i-haz"},"content":{"rendered":"<p class=\"translation-block\">Esta <strong>m\u00e1quina de doblado en fr\u00edo para vigas I<\/strong> es un equipo de alta eficiencia dise\u00f1ado para doblar vigas I, vigas H, acero en canal, tubos redondos y cuadrados, etc., que se utiliza ampliamente en los campos de la construcci\u00f3n, puentes y fabricaci\u00f3n de estructuras de acero.<\/p>    <p>Los moldes de este equipo se pueden personalizar de acuerdo con la demanda de transmisi\u00f3n hidr\u00e1ulica de alta potencia.<\/p>    <p>Nuestra m\u00e1quina de flexi\u00f3n de arco autom\u00e1tico para vigas de acero I es impulsada hidr\u00e1ulicamente, con una fuerte capacidad de flexi\u00f3n y un rendimiento operativo preciso, para satisfacer la demanda de los clientes de procesamiento de alta precisi\u00f3n y alta eficiencia.<\/p>    <figure class=\"wp-block-embed is-type-video is-provider-youtube wp-block-embed-youtube wp-embed-aspect-16-9 wp-has-aspect-ratio\"><div class=\"wp-block-embed__wrapper\"> <iframe loading=\"lazy\" title=\"Video de la m\u00e1quina de flexi\u00f3n en fr\u00edo de I-Beam &amp; H-Beam\" width=\"500\" height=\"281\" src=\"https:\/\/www.youtube.com\/embed\/SxgJiCJH_DM?feature=oembed\" frameborder=\"0\" allow=\"accelerometer; autoplay; clipboard-write; encrypted-media; gyroscope; picture-in-picture; web-share\" referrerpolicy=\"strict-origin-when-cross-origin\" allowfullscreen><\/iframe> <\/div><figcaption class=\"wp-element-caption\">m\u00e1quina de flexi\u00f3n de fr\u00edo autom\u00e1tico para vigas de acero I<\/figcaption><\/figure>    <h2 class=\"wp-block-heading\"><strong>Productos finales de la m\u00e1quina autom\u00e1tica de flexi\u00f3n en fr\u00edo de I Beam<\/strong><\/h2>    <p>Nuestra m\u00e1quina de doblado de vigas H puede procesar todo tipo de estructuras de acero curvadas, redondas y de forma especial. Los productos terminados son diferentes seg\u00fan las demandas de los clientes y se utilizan ampliamente en proyectos como puentes, t\u00faneles, metros, autopistas, estructuras de acero en edificios, vigas de f\u00e1bricas, carteles publicitarios, etc. Se demuestran diferentes formas de doblado de acero y precisi\u00f3n:<\/p>    <figure class=\"wp-block-gallery has-nested-images columns-default is-cropped wp-block-gallery-2 is-layout-flex wp-block-gallery-is-layout-flex\"> <figure class=\"wp-block-image size-large\"><img loading=\"lazy\" decoding=\"async\" width=\"720\" height=\"540\" data-id=\"4167\" src=\"https:\/\/www.baler-machines.com\/wp-content\/uploads\/2025\/03\/end-products-of-I-steel-H-beam-bending-machine.webp\" alt=\"Productos finales de la m\u00e1quina de flexi\u00f3n de haz de acero H\" class=\"wp-image-4167\" title=\"\" srcset=\"https:\/\/www.baler-machines.com\/wp-content\/uploads\/2025\/03\/end-products-of-I-steel-H-beam-bending-machine.webp 720w, https:\/\/www.baler-machines.com\/wp-content\/uploads\/2025\/03\/end-products-of-I-steel-H-beam-bending-machine-16x12.webp 16w\" sizes=\"auto, (max-width: 720px) 100vw, 720px\" \/><figcaption class=\"wp-element-caption\">Productos finales de la m\u00e1quina de flexi\u00f3n de haz de acero H<\/figcaption><\/figure>    <figure class=\"wp-block-image size-large\"><img loading=\"lazy\" decoding=\"async\" width=\"720\" height=\"540\" data-id=\"4166\" src=\"https:\/\/www.baler-machines.com\/wp-content\/uploads\/2025\/03\/applications-of-automatic-H-beam-hydraulic-arch-bending-machine.webp\" alt=\"Aplicaciones de la m\u00e1quina de flexi\u00f3n de arco hidr\u00e1ulico de haz H de haz autom\u00e1tico\" class=\"wp-image-4166\" title=\"\" srcset=\"https:\/\/www.baler-machines.com\/wp-content\/uploads\/2025\/03\/applications-of-automatic-H-beam-hydraulic-arch-bending-machine.webp 720w, https:\/\/www.baler-machines.com\/wp-content\/uploads\/2025\/03\/applications-of-automatic-H-beam-hydraulic-arch-bending-machine-16x12.webp 16w\" sizes=\"auto, (max-width: 720px) 100vw, 720px\" \/><figcaption class=\"wp-element-caption\">Aplicaciones de la m\u00e1quina de flexi\u00f3n de arco hidr\u00e1ulico de haz H de haz autom\u00e1tico<\/figcaption><\/figure> <\/figure>    <h2 class=\"wp-block-heading\"><strong>Ventajas de la m\u00e1quina de flexi\u00f3n de arco hidr\u00e1ulico<\/strong><\/h2>    <p>Con su poderoso rendimiento y su operaci\u00f3n eficiente, la m\u00e1quina de flexi\u00f3n de fr\u00edo en el haz i se ha convertido en el equipo preferido para el procesamiento de flexi\u00f3n de la viga en I, sus principales ventajas incluyen:<\/p>    <ul class=\"wp-block-list\"> <li>Funciona por el <strong>tracci\u00f3n hidr\u00e1ulica<\/strong> con una poderosa habilidad de flexi\u00f3n.<\/li>    <li>Equipado con un sistema de control inteligente, la m\u00e1quina de flexi\u00f3n de fr\u00edo de la viga I tiene <strong>Control de alta precisi\u00f3n en \u00e1ngulos de flexi\u00f3n<\/strong>.<\/li>    <li>Hay un <strong>Rango de radio de flexi\u00f3n ajustable de 2m<\/strong>.<\/li>    <li><strong>Uso de piezas de acero y precisi\u00f3n de alta calidad<\/strong>, la estructura del equipo es robusta y duradera, adecuada para el procesamiento de perfil de gran tama\u00f1o y de alta resistencia.<\/li>    <li>El sistema hidr\u00e1ulico funciona de manera estable con <strong>bajo consumo de energ\u00eda<\/strong>, que ayuda a los clientes a <strong>Reducir los costos operativos<\/strong>.<\/li>    <li>Con <strong>dise\u00f1o humanizado y una interfaz de operaci\u00f3n intuitiva<\/strong>, incluso el novato puede comenzar r\u00e1pidamente.<\/li>    <li>La m\u00e1quina tiene <strong>diferentes secciones de flexi\u00f3n (moldes)<\/strong> Para satisfacer las demandas de flexi\u00f3n de acero diffente.<\/li> <\/ul>    <figure class=\"wp-block-gallery has-nested-images columns-default is-cropped wp-block-gallery-3 is-layout-flex wp-block-gallery-is-layout-flex\"> <figure class=\"wp-block-image size-large\"><img loading=\"lazy\" decoding=\"async\" width=\"720\" height=\"540\" data-id=\"4168\" src=\"https:\/\/www.baler-machines.com\/wp-content\/uploads\/2025\/03\/automatic-H-I-beam-arch-bending-machine.webp\" alt=\"m\u00e1quina de flexi\u00f3n de arco de haz de H&amp;I autom\u00e1tico\" class=\"wp-image-4168\" title=\"\" srcset=\"https:\/\/www.baler-machines.com\/wp-content\/uploads\/2025\/03\/automatic-H-I-beam-arch-bending-machine.webp 720w, https:\/\/www.baler-machines.com\/wp-content\/uploads\/2025\/03\/automatic-H-I-beam-arch-bending-machine-16x12.webp 16w\" sizes=\"auto, (max-width: 720px) 100vw, 720px\" \/><figcaption class=\"wp-element-caption\">M\u00e1quina de doblado de arcos de vigas H y I autom\u00e1tica<\/figcaption><\/figure>    <figure class=\"wp-block-image size-large\"><img loading=\"lazy\" decoding=\"async\" width=\"720\" height=\"540\" data-id=\"4169\" src=\"https:\/\/www.baler-machines.com\/wp-content\/uploads\/2025\/03\/moulds-of-I-beam-cold-bending-machine.webp\" alt=\"moldes de m\u00e1quina de flexi\u00f3n de fr\u00edo en viga en I\" class=\"wp-image-4169\" title=\"\" srcset=\"https:\/\/www.baler-machines.com\/wp-content\/uploads\/2025\/03\/moulds-of-I-beam-cold-bending-machine.webp 720w, https:\/\/www.baler-machines.com\/wp-content\/uploads\/2025\/03\/moulds-of-I-beam-cold-bending-machine-16x12.webp 16w\" sizes=\"auto, (max-width: 720px) 100vw, 720px\" \/><figcaption class=\"wp-element-caption\">Moldes de m\u00e1quina de flexi\u00f3n de fr\u00edo en viga en I<\/figcaption><\/figure> <\/figure>    <h2 class=\"wp-block-heading\"><strong>Par\u00e1metros t\u00e9cnicos de la m\u00e1quina de flexi\u00f3n de fr\u00edo H&amp;I-Beam<\/strong><\/h2>    <p>Los siguientes par\u00e1metros son para su referencia cuando elige el equipo. Nuestra informaci\u00f3n de par\u00e1metros incluye materiales adaptables, energ\u00eda, tama\u00f1o de la m\u00e1quina, peso, etc.<\/p>    <ul class=\"wp-block-list\"> <li><strong>Rango de procesamiento<\/strong>: 25# I Beam, acero de 140h\/acero de 14 canales, 150 tubo redondo\/150 tubo cuadrado<\/li>    <li><strong>Potencia total<\/strong>: 3+3+3kw<\/li>    <li><strong>Rango de radio de flexi\u00f3n<\/strong>: 2m<\/li>    <li><strong>Presi\u00f3n del sistema hidr\u00e1ulico<\/strong>: 16MPA<\/li>    <li><strong>Velocidad de la rueda principal principal<\/strong>: 7.7r\/min<\/li>    <li><strong>Peso de la m\u00e1quina<\/strong>: alrededor de 1600 kg<\/li>    <li><strong>Dimensiones generales<\/strong>: 250*150*80cm<\/li> <\/ul>    <h2 class=\"wp-block-heading\"><strong>\u00bfQu\u00e9 tal el precio de la m\u00e1quina de flexi\u00f3n fr\u00eda Shuliy I-Beam?<\/strong><\/h2>    <p>El precio de nuestra m\u00e1quina de flexi\u00f3n del haz H\/I se ve afectado por el modelo de equipo, la configuraci\u00f3n del sistema hidr\u00e1ulico, los requisitos de personalizaci\u00f3n, etc. <\/p>    <ul class=\"wp-block-list\"> <li><strong>Especificaciones de equipos<\/strong>: cuanto mayor sea el rango de procesamiento y cuanto m\u00e1s poderoso sea el equipo, mayor ser\u00e1 el precio.<\/li>    <li><strong>Nivel de configuraci\u00f3n<\/strong>: Si est\u00e1 equipado con un sistema de control num\u00e9rico CNC, nivel de sistema hidr\u00e1ulico, etc.<\/li>    <li><strong>Necesidades de personalizaci\u00f3n<\/strong>el dise\u00f1o personalizado de acuerdo a las necesidades especiales del cliente puede aumentar el costo.<\/li> <\/ul>    <p>Shuliy siempre se adhiere al principio del rendimiento de alto costo y brinda a los clientes equipos de alta calidad y un servicio perfecto. Si necesita una cotizaci\u00f3n detallada, cont\u00e1ctenos y proporcionaremos la soluci\u00f3n m\u00e1s adecuada de acuerdo con sus necesidades.<\/p>   <div class=\"wp-block-image\"> <figure class=\"aligncenter size-full\"><img loading=\"lazy\" decoding=\"async\" width=\"720\" height=\"540\" src=\"https:\/\/www.baler-machines.com\/wp-content\/uploads\/2025\/03\/special-equipment-for-tunnel-U-beam-arch-support.webp\" alt=\"Equipo especial para soporte de arco de viga de t\u00fanel\" class=\"wp-image-4172\" title=\"\" srcset=\"https:\/\/www.baler-machines.com\/wp-content\/uploads\/2025\/03\/special-equipment-for-tunnel-U-beam-arch-support.webp 720w, https:\/\/www.baler-machines.com\/wp-content\/uploads\/2025\/03\/special-equipment-for-tunnel-U-beam-arch-support-16x12.webp 16w\" sizes=\"auto, (max-width: 720px) 100vw, 720px\" \/><figcaption class=\"wp-element-caption\">Equipo especial para soporte de arco de viga de t\u00fanel<\/figcaption><\/figure> <\/div>   <h2 class=\"wp-block-heading\"><strong>Servicio sobre m\u00e1quina hidr\u00e1ulica<\/strong><\/h2>    <p>No solo proporcionamos una m\u00e1quina de flexi\u00f3n de haz H de alta calidad, sino que tambi\u00e9n respaldamos la provisi\u00f3n de soporte t\u00e9cnico completo y servicio postventa. Nos aseguramos de que todos los aspectos del equipo, desde la compra hasta el uso, sean suaves y sin preocupaciones.<\/p>    <ul class=\"wp-block-list\"> <li><strong>Consultor\u00eda previa<\/strong>: Recomiende el modelo y configuraci\u00f3n de equipos correctos de acuerdo con las necesidades del cliente.<\/li>    <li><strong>Instalaci\u00f3n y puesta en marcha<\/strong>: Antes de abandonar la f\u00e1brica, instale y depire el equipo para garantizar el funcionamiento normal.<\/li>    <li><strong>Formaci\u00f3n operativa<\/strong>: Proporcionar a los clientes capacitaci\u00f3n de operaci\u00f3n detallada para ayudar a los operadores a dominar r\u00e1pidamente el uso de equipos.<\/li>    <li><strong>Mantenimiento posterior a la venta<\/strong>: Proporcione soporte postventa a largo plazo, que incluye mantenimiento regular, soluci\u00f3n de problemas y servicios de actualizaci\u00f3n t\u00e9cnica.<\/li>    <li><strong>Suministro de piezas<\/strong>: Asegure el suministro oportuno de piezas originales para prolongar la vida \u00fatil del equipo.<\/li> <\/ul>    <p>Nuestro equipo de servicio est\u00e1 en espera las 24 horas del d\u00eda para resolver problemas para los clientes y garantizar que el equipo est\u00e9 siempre en las mejores condiciones.<\/p>    <figure class=\"wp-block-gallery has-nested-images columns-default is-cropped wp-block-gallery-4 is-layout-flex wp-block-gallery-is-layout-flex\"> <figure class=\"wp-block-image size-large\"><img loading=\"lazy\" decoding=\"async\" width=\"720\" height=\"540\" data-id=\"4170\" src=\"https:\/\/www.baler-machines.com\/wp-content\/uploads\/2025\/03\/hydrualic-arch-bending-machine-for-I-H-beam.webp\" alt=\"m\u00e1quina de flexi\u00f3n de arco hydrualic para I H Beam\" class=\"wp-image-4170\" title=\"\" srcset=\"https:\/\/www.baler-machines.com\/wp-content\/uploads\/2025\/03\/hydrualic-arch-bending-machine-for-I-H-beam.webp 720w, https:\/\/www.baler-machines.com\/wp-content\/uploads\/2025\/03\/hydrualic-arch-bending-machine-for-I-H-beam-16x12.webp 16w\" sizes=\"auto, (max-width: 720px) 100vw, 720px\" \/><figcaption class=\"wp-element-caption\">M\u00e1quina de flexi\u00f3n de arco hydrualic para I H Beam<\/figcaption><\/figure>    <figure class=\"wp-block-image size-large\"><img loading=\"lazy\" decoding=\"async\" width=\"720\" height=\"540\" data-id=\"4171\" src=\"https:\/\/www.baler-machines.com\/wp-content\/uploads\/2025\/03\/I-steel-H-beam-bending-machine-from-Shuliy.webp\" alt=\"I M\u00e1quina de flexi\u00f3n de haz de acero de Shuliy\" class=\"wp-image-4171\" title=\"\" srcset=\"https:\/\/www.baler-machines.com\/wp-content\/uploads\/2025\/03\/I-steel-H-beam-bending-machine-from-Shuliy.webp 720w, https:\/\/www.baler-machines.com\/wp-content\/uploads\/2025\/03\/I-steel-H-beam-bending-machine-from-Shuliy-16x12.webp 16w\" sizes=\"auto, (max-width: 720px) 100vw, 720px\" \/><figcaption class=\"wp-element-caption\">I M\u00e1quina de flexi\u00f3n de haz de acero de Shuliy<\/figcaption><\/figure> <\/figure>    <p class=\"translation-block\">Como fabricante profesional de equipos para manejo de varillas de refuerzo, tambi\u00e9n tenemos <a href=\"https:\/\/www.baler-machines.com\/es\/rebar-straightening-machine\/\">m\u00e1quina de enderezado de varillas de acero<\/a>, <a href=\"https:\/\/www.baler-machines.com\/es\/cnc-tube-bending-machine\/\">m\u00e1quina de doblado de tubos<\/a> y m\u00e1quina de doblado de aros para que elijas. Para m\u00e1s detalles o para obtener la \u00faltima cotizaci\u00f3n, no dudes en contactarnos para beneficiar tu negocio de <a href=\"https:\/\/en.wikipedia.org\/wiki\/Rebar\" target=\"_blank\" rel=\"noopener\">varillas de refuerzo<\/a>!<\/p>","protected":false},"excerpt":{"rendered":"<p>Esta m\u00e1quina de curvado en fr\u00edo de viga I est\u00e1 dise\u00f1ada para curvar vigas I, vigas H, acero en canal, tubos redondos y cuadrados, etc. con un accionamiento hidr\u00e1ulico.<\/p>","protected":false},"author":1,"featured_media":4163,"parent":0,"template":"","tags":[641,643],"product-type":[640],"class_list":["post-4160","product","type-product","status-publish","has-post-thumbnail","hentry","tag-rebar","tag-steel-bar","product-type-rebar-processing-equipment"],"_links":{"self":[{"href":"https:\/\/www.baler-machines.com\/es\/wp-json\/wp\/v2\/product\/4160","targetHints":{"allow":["GET"]}}],"collection":[{"href":"https:\/\/www.baler-machines.com\/es\/wp-json\/wp\/v2\/product"}],"about":[{"href":"https:\/\/www.baler-machines.com\/es\/wp-json\/wp\/v2\/types\/product"}],"author":[{"embeddable":true,"href":"https:\/\/www.baler-machines.com\/es\/wp-json\/wp\/v2\/users\/1"}],"wp:featuredmedia":[{"embeddable":true,"href":"https:\/\/www.baler-machines.com\/es\/wp-json\/wp\/v2\/media\/4163"}],"wp:attachment":[{"href":"https:\/\/www.baler-machines.com\/es\/wp-json\/wp\/v2\/media?parent=4160"}],"wp:term":[{"taxonomy":"post_tag","embeddable":true,"href":"https:\/\/www.baler-machines.com\/es\/wp-json\/wp\/v2\/tags?post=4160"},{"taxonomy":"product-type","embeddable":true,"href":"https:\/\/www.baler-machines.com\/es\/wp-json\/wp\/v2\/product-type?post=4160"}],"curies":[{"name":"wp","href":"https:\/\/api.w.org\/{rel}","templated":true}]}}