{"id":411,"date":"2019-12-13T10:51:22","date_gmt":"2019-12-13T10:51:22","guid":{"rendered":"https:\/\/www.baler-machines.com\/?p=411"},"modified":"2024-11-29T10:49:47","modified_gmt":"2024-11-29T02:49:47","slug":"horizontal-metal-chips-briquetting-machine","status":"publish","type":"product","link":"https:\/\/www.baler-machines.com\/es\/horizontal-metal-chips-briquetting-machine\/","title":{"rendered":"M\u00e1quina briquetadora de virutas de metal horizontales"},"content":{"rendered":"<p class=\"translation-block\">La m\u00e1quina de briqueteo de virutas de metal de tipo horizontal es el <a href=\"https:\/\/www.baler-machines.com\/es\/scrap-metal-chip-briquette-machine\/\" target=\"_blank\" rel=\"noreferrer noopener\">equipo de prensa de chatarra met\u00e1lica<\/a> comercial, que puede ser ampliamente utilizado en varias l\u00edneas de producci\u00f3n de briquetas met\u00e1licas. Las virutas met\u00e1licas comunes como las virutas de aluminio, el polvo de hierro, las virutas de cobre y otros tipos de chatarra met\u00e1lica pueden ser prensadas en briquetas de alta densidad para un f\u00e1cil transporte.<\/p>    <h2 class=\"wp-block-heading\" id=\"h-brief-introduction-of-the-automatic-metal-chips-briquetting-machine\"><strong>Breve introducci\u00f3n de la m\u00e1quina briquetadora autom\u00e1tica de virutas de metal. <\/strong><\/h2>    <p>La m\u00e1quina briquetadora de torta de virutas de cobre est\u00e1 dise\u00f1ada en una estructura horizontal. Puede exprimir varios tipos de restos de metal horizontalmente. Puede comprimir virutas de metal granuladas y en polvo en tortas cil\u00edndricas de 2 a 8 kg.\u00a0Con una alta eficiencia de trabajo para reciclar recursos de chatarra, esta m\u00e1quina briquetadora de virutas de metal puede usarse ampliamente en plantas de fundici\u00f3n de acero, fundiciones de metales, industria de la construcci\u00f3n, empresas de prevenci\u00f3n de la contaminaci\u00f3n ambiental y plantas de procesamiento de maquinaria.<\/p>   <div class=\"wp-block-image\"> <figure class=\"aligncenter size-full\"><img loading=\"lazy\" decoding=\"async\" width=\"742\" height=\"557\" src=\"https:\/\/www.baler-machines.com\/wp-content\/uploads\/2019\/12\/new-designed-metal-scraps-press-machine.png\" alt=\"new-designed-metal-scraps-press-machine\" class=\"wp-image-414\" title=\"\"><figcaption>M\u00e1quina prensadora de chatarra de nuevo dise\u00f1o<\/figcaption><\/figure> <\/div>   <h2 class=\"wp-block-heading\" id=\"h-what-are-the-components-of-the-metal-chips-briquetting-machine\"><strong>\u00bfCu\u00e1les son los componentes de la m\u00e1quina briquetadora de virutas de metal?<\/strong><\/h2>    <p>La briquetadora de virutas de metal se compone principalmente de un cilindro de aceite de compresi\u00f3n, una c\u00e1mara de compresi\u00f3n, un sistema hidr\u00e1ulico, un sistema el\u00e9ctrico, un sistema de control de seguridad y un sistema de extracci\u00f3n autom\u00e1tica de bolsas. La m\u00e1quina puede equiparse con un generador di\u00e9sel, adecuado para zonas con suministro el\u00e9ctrico deficiente.<\/p>   <div class=\"wp-block-image\"> <figure class=\"aligncenter size-full\"><img loading=\"lazy\" decoding=\"async\" width=\"750\" height=\"750\" src=\"https:\/\/www.baler-machines.com\/wp-content\/uploads\/2019\/12\/horizontal-metal-briquette-machines-for-sale.jpg\" alt=\"maquinas briquetadoras de metal horizontales para la venta\" class=\"wp-image-412\" title=\"\"><figcaption>maquinas briquetadoras de metal horizontales para la venta<\/figcaption><\/figure> <\/div>   <h2 class=\"wp-block-heading\" id=\"h-how-to-design-the-metal-chips-briquetting-machine\"><strong>\u00bfC\u00f3mo dise\u00f1ar la m\u00e1quina briquetadora de virutas de metal?<\/strong><\/h2>    <h3 class=\"wp-block-heading\"><strong>Una estructura de tres vigas y seis postes<\/strong><\/h3>    <p>La m\u00e1quina briquetadora de virutas de metal utiliza este tipo de estructura. <\/p>    <p>La viga superior y el banco de trabajo de la m\u00e1quina briquetadora se combinan en un marco fijo mediante columnas, tuercas de fijaci\u00f3n y tuercas de ajuste.<\/p>    <p>La precisi\u00f3n del marco se ajusta mediante la tuerca de ajuste, que tiene buena resistencia, rigidez y retenci\u00f3n de precisi\u00f3n.<\/p>   <div class=\"wp-block-image\"> <figure class=\"aligncenter size-full\"><img loading=\"lazy\" decoding=\"async\" width=\"720\" height=\"540\" src=\"https:\/\/www.baler-machines.com\/wp-content\/uploads\/2022\/08\/machine-body-construction.webp\" alt=\"construcci\u00f3n del cuerpo de la m\u00e1quina\" class=\"wp-image-2607\" title=\"\"><figcaption>construcci\u00f3n del cuerpo de la m\u00e1quina<\/figcaption><\/figure> <\/div>   <h3 class=\"wp-block-heading\"><strong>Placas de acero soldadas<\/strong><\/h3>    <p>La viga superior, mesa, corredera y otras piezas de gran tama\u00f1o utilizan esta planta. Estas piezas est\u00e1n optimizadas y dise\u00f1adas por computadora. Su fuerza, rigidez, estructura y resistencia a la deformaci\u00f3n cumplen con los est\u00e1ndares y requisitos de uso internacionales, y tienen un amplio factor de seguridad. La prensa de polvo de metal utiliza soldadura protegida con gas de di\u00f3xido de carbono y soldadura por arco manual, por lo que la calidad de la soldadura es muy alta y puede eliminar el estr\u00e9s de deformaci\u00f3n mediante un tratamiento de vibraci\u00f3n de envejecimiento.<\/p>    <h3 class=\"wp-block-heading\"><strong>El control deslizante de la m\u00e1quina briquetadora.<\/strong><\/h3>    <p>En realidad, es una placa de acero soldada con una estructura de caja. El material del manguito gu\u00eda en su perforaci\u00f3n gu\u00eda de cuatro columnas es un material compuesto nano-molecular, que tiene buena resistencia y retenci\u00f3n de precisi\u00f3n.<\/p>    <p>En el plano inferior del control deslizante hay ranuras en T para la instalaci\u00f3n del molde.<\/p>    <p>La viga principal tiene un cilindro de aceite de trabajo principal. En el cilindro de trabajo principal se encuentra un dep\u00f3sito de aceite lleno de l\u00edquido. El banco de trabajo de la m\u00e1quina briquetadora de virutas de metal tambi\u00e9n es una pieza estructural soldada de placa de acero, que est\u00e1 conectada con la viga superior y el deslizador a trav\u00e9s de una columna para formar un anfitri\u00f3n.<\/p>   <div class=\"wp-block-image\"> <figure class=\"aligncenter size-full\"><img loading=\"lazy\" decoding=\"async\" width=\"720\" height=\"540\" src=\"https:\/\/www.baler-machines.com\/wp-content\/uploads\/2019\/12\/metal-chips-briquetting-machine-manufacturer.webp\" alt=\"fabricante de m\u00e1quinas briquetadoras de virutas de metal\" class=\"wp-image-2614\" title=\"\"><figcaption>fabricante de m\u00e1quinas briquetadoras de virutas de metal<\/figcaption><\/figure> <\/div>   <h3 class=\"wp-block-heading\"><strong>El dise\u00f1o del cilindro de cobre.<\/strong><\/h3>    <p>El cilindro de cobre de la m\u00e1quina briquetadora utiliza un dise\u00f1o de cinco cilindros, que est\u00e1 dispuesto en el orificio de la viga superior y sellado con un sello de doble canal. La parte gu\u00eda est\u00e1 tratada con soldadura de cobre, que est\u00e1 sellada y tiene buena resistencia al desgaste. El material del cuerpo del cilindro es acero forjado 45. Las piezas forjadas son de grado 3 (las piezas forjadas se califican mediante detecci\u00f3n de fallas ultras\u00f3nica y se enfr\u00edan y revenen).<\/p>   <div class=\"wp-block-image\"> <figure class=\"aligncenter size-large\"><img loading=\"lazy\" decoding=\"async\" width=\"750\" height=\"561\" src=\"https:\/\/www.baler-machines.com\/wp-content\/uploads\/2019\/12\/metal-briquettes-production-line-of-our-Korea-customer.jpg\" alt=\"\" class=\"wp-image-416\" title=\"\"><figcaption>L\u00ednea de producci\u00f3n de briquetas met\u00e1licas de nuestro cliente de Corea.<\/figcaption><\/figure> <\/div>   <h2 class=\"wp-block-heading\" id=\"h-how-does-the-hydraulic-aluminum-chip-briquetter-work\"><strong>\u00bfC\u00f3mo funciona la briquetadora hidr\u00e1ulica de virutas de aluminio?<\/strong><\/h2>    <p>Esta m\u00e1quina briquetadora de virutas de metal utiliza presi\u00f3n hidr\u00e1ulica proporcionada por cilindros hidr\u00e1ulicos para comprimir materiales. <\/p>    <p>Durante el trabajo, la rotaci\u00f3n del motor puede hacer funcionar la bomba de aceite, extraer el aceite hidr\u00e1ulico en el tanque de aceite, transportarlo a trav\u00e9s del tubo de aceite hidr\u00e1ulico y transferirlo a cada cilindro de aceite hidr\u00e1ulico para impulsar el v\u00e1stago del cilindro de aceite. para comprimir longitudinalmente varias virutas de metal en el tanque de material.<\/p>   <div class=\"wp-block-image\"> <figure class=\"aligncenter size-large\"><img loading=\"lazy\" decoding=\"async\" width=\"747\" height=\"487\" src=\"https:\/\/www.baler-machines.com\/wp-content\/uploads\/2019\/12\/copper-shavings-briquettes.png\" alt=\"\" class=\"wp-image-417\" title=\"\"><figcaption>briquetas de virutas de cobre<\/figcaption><\/figure> <\/div>   <h2 class=\"wp-block-heading\" id=\"h-maintenance-tips-of-the-horizontal-metal-briquetting-machine\"><strong>METRO<\/strong><strong>mantenimiento<\/strong><strong>&nbsp;puntas de la m\u00e1quina briquetadora de metal horizontal<\/strong><strong><\/strong><\/h2>    <ol class=\"wp-block-list\"><li>Se recomienda utilizar aceite hidr\u00e1ulico antidesgaste 32 y 46 para el aceite hidr\u00e1ulico utilizado cuando la m\u00e1quina est\u00e1 en funcionamiento. Utilice una temperatura del aceite en el rango de 15 a 60 \u2103.<\/li><li>El aceite hidr\u00e1ulico se filtra estrictamente antes de permitir su adici\u00f3n al tanque. El fluido de trabajo debe cambiarse una vez al a\u00f1o y el tiempo de sustituci\u00f3n no debe exceder los tres meses.<\/li><li> Si la m\u00e1quina no se utiliza durante un per\u00edodo prolongado, se debe limpiar la superficie de cada pieza y recubrirla con aceite antioxidante.<\/li><li>La corredera de la m\u00e1quina de briquetas de metal debe llenarse con aceite lubricante con frecuencia, la superficie exterior de la columna debe mantenerse limpia con frecuencia y el aceite debe inyectarse antes de cada trabajo. El man\u00f3metro debe revisarse cada seis meses.<\/li><\/ol>   <div class=\"wp-block-image\"> <figure class=\"aligncenter size-large\"><img loading=\"lazy\" decoding=\"async\" width=\"750\" height=\"563\" src=\"https:\/\/www.baler-machines.com\/wp-content\/uploads\/2019\/12\/bulks-of-iron-shaving-briquettes-made-by-this-metal-press-machine.jpg\" alt=\"\" class=\"wp-image-418\" title=\"\"><figcaption>Bultos de briquetas de viruta de hierro fabricadas con esta m\u00e1quina prensadora de metales<\/figcaption><\/figure> <\/div>   <h2 class=\"wp-block-heading\" id=\"h-technical-specifications-of-the-metal-briquette-press\"><strong>Especificaciones t\u00e9cnicas de la prensa de briquetas met\u00e1licas.<\/strong><\/h2>    <figure class=\"wp-block-table\"><table><tbody><tr><td>Modelo<\/td><td>Di\u00e1metro de briquetas (mm)<\/td><td>Velocidad (briquetas\/min)<\/td><td>Motor (kW)<\/td><td>Densidad de briquetas (ton\/m\u00b3)<\/td><\/tr><tr><td>SL-2000<\/td><td>60~90<\/td><td>2~3<\/td><td>18.5<\/td><td>Aluminio\u22642.5<\/td><\/tr><tr><td>SL-2500<\/td><td>90~110<\/td><td>3~5<\/td><td>22<\/td><td>Aluminio\u22642.5<\/td><\/tr><tr><td>SL-3150<\/td><td>100~110<\/td><td>3~5<\/td><td>30<\/td><td>Acero, hierro fundido\u22645,5<\/td><\/tr><tr><td>SL-3600<\/td><td>100~130<\/td><td>3~5<\/td><td>30<\/td><td>Acero, hierro fundido\u22645,5<\/td><\/tr><tr><td>SL-5000<\/td><td>120~160<\/td><td>3~5<\/td><td>22\u00d72<\/td><td>Lat\u00f3n, cobre\u22647.0<\/td><\/tr><tr><td>SL-6300<\/td><td>120~200<\/td><td>3~5<\/td><td>30\u00d72<\/td><td>Lat\u00f3n, cobre\u22647.0<\/td><\/tr><\/tbody><\/table><\/figure>","protected":false},"excerpt":{"rendered":"<p>El tipo horizontal de m\u00e1quina de briquetas de virutas met\u00e1licas (m\u00e1quina de briquetado de metal) es el equipo comercial de prensa de chatarra met\u00e1lica, que puede ser ampliamente utilizado en diversas l\u00edneas de producci\u00f3n de briquetas de metal. <\/p>","protected":false},"author":1,"featured_media":2598,"parent":0,"template":"","tags":[113,639,125,591,112],"product-type":[563],"class_list":["post-411","product","type-product","status-publish","has-post-thumbnail","hentry","tag-metal-briquette-machine","tag-metal-briquetting","tag-metal-chips-briquette-machine","tag-metal-chips-briquetting-machine","tag-scrap-metal-briquette-machine","product-type-baler-machine"],"_links":{"self":[{"href":"https:\/\/www.baler-machines.com\/es\/wp-json\/wp\/v2\/product\/411","targetHints":{"allow":["GET"]}}],"collection":[{"href":"https:\/\/www.baler-machines.com\/es\/wp-json\/wp\/v2\/product"}],"about":[{"href":"https:\/\/www.baler-machines.com\/es\/wp-json\/wp\/v2\/types\/product"}],"author":[{"embeddable":true,"href":"https:\/\/www.baler-machines.com\/es\/wp-json\/wp\/v2\/users\/1"}],"wp:featuredmedia":[{"embeddable":true,"href":"https:\/\/www.baler-machines.com\/es\/wp-json\/wp\/v2\/media\/2598"}],"wp:attachment":[{"href":"https:\/\/www.baler-machines.com\/es\/wp-json\/wp\/v2\/media?parent=411"}],"wp:term":[{"taxonomy":"post_tag","embeddable":true,"href":"https:\/\/www.baler-machines.com\/es\/wp-json\/wp\/v2\/tags?post=411"},{"taxonomy":"product-type","embeddable":true,"href":"https:\/\/www.baler-machines.com\/es\/wp-json\/wp\/v2\/product-type?post=411"}],"curies":[{"name":"wp","href":"https:\/\/api.w.org\/{rel}","templated":true}]}}