{"id":4102,"date":"2025-03-06T17:50:15","date_gmt":"2025-03-06T09:50:15","guid":{"rendered":"https:\/\/www.baler-machines.com\/?post_type=product&#038;p=4102"},"modified":"2025-03-06T17:53:23","modified_gmt":"2025-03-06T09:53:23","slug":"rebar-straightening-machine","status":"publish","type":"product","link":"https:\/\/www.baler-machines.com\/es\/rebar-straightening-machine\/","title":{"rendered":"M\u00e1quina de alisado de barra de refuerzo de desechos autom\u00e1ticos para la venta"},"content":{"rendered":"<p class=\"translation-block\">La enderezadora de barras de refuerzo Shuliy est\u00e1 dise\u00f1ada para enderezar barras de acero de desecho dobladas o deformadas (con un di\u00e1metro de 6-25 mm) para su reutilizaci\u00f3n. Despu\u00e9s de enderezarlas, el volumen de las barras de refuerzo se reduce, lo que facilita su transporte.<\/p>    <p>Tiene una longitud de alisado de 500-2000 mm y un tiempo de alisado de 20 veces por tiempo.<\/p>    <p>Esta m\u00e1quina de reciclaje de barras de acero de desechos mejora el valor de reutilizaci\u00f3n de las barras de acero y reduce los desechos, que se usa ampliamente en la construcci\u00f3n de edificios, plantas de procesamiento de acero, estaciones de reciclaje de metales de chatarra y otros campos. Si est\u00e1 interesado, \u00a1bienvenido a contactarnos para m\u00e1s detalles!<\/p>    <figure class=\"wp-block-embed is-type-video is-provider-youtube wp-block-embed-youtube wp-embed-aspect-16-9 wp-has-aspect-ratio\"><div class=\"wp-block-embed__wrapper\"> <iframe loading=\"lazy\" title=\"M\u00e1quina de alisado de barra de acero de residuos eficientes para reciclaje de correcci\u00f3n de barras de barra redonda\" width=\"500\" height=\"281\" src=\"https:\/\/www.youtube.com\/embed\/2trV77C-QWQ?feature=oembed\" frameborder=\"0\" allow=\"accelerometer; autoplay; clipboard-write; encrypted-media; gyroscope; picture-in-picture; web-share\" referrerpolicy=\"strict-origin-when-cross-origin\" allowfullscreen><\/iframe> <\/div><\/figure>    <h2 class=\"wp-block-heading\"><strong>Ventajas de la m\u00e1quina de alisado de barras de refuerzo de chatarra<\/strong><\/h2>    <ul class=\"wp-block-list\"> <li>Puede <strong>rNEGOF BENT o barras deformadas (6-25 mm) con salida de 20 veces por tiempo,<\/strong> que es eficiente.<\/li>    <li>Esta m\u00e1quina de plisina de barra de acero de chatarra tiene <strong>5 agujeros o 6 agujeros con alimentaci\u00f3n en forma de T<\/strong>, f\u00e1cil de alimentar y duradero.<\/li>    <li>El <strong>El equipo est\u00e1 hecho de materiales engrosados<\/strong>, resistente al desgaste, que tiene una larga vida de servicio.<\/li>    <li>El <strong>El rodillo de presi\u00f3n de enfriamiento de alta temperatura adopta 40 material de hierro<\/strong>, haciendo que REARR tenga un buen efecto enderezado.<\/li> <\/ul>    <figure class=\"wp-block-gallery has-nested-images columns-default is-cropped wp-block-gallery-2 is-layout-flex wp-block-gallery-is-layout-flex\"> <figure class=\"wp-block-image size-large\"><img loading=\"lazy\" decoding=\"async\" width=\"720\" height=\"540\" data-id=\"4105\" src=\"https:\/\/www.baler-machines.com\/wp-content\/uploads\/2025\/03\/scrap-steel-bar-rebar-rod-straightening-machine-for-sale.webp\" alt=\"\u00a0M\u00e1quina de alisado de varilla de barra de barra de acero de chatarra en venta\" class=\"wp-image-4105\" title=\"\" srcset=\"https:\/\/www.baler-machines.com\/wp-content\/uploads\/2025\/03\/scrap-steel-bar-rebar-rod-straightening-machine-for-sale.webp 720w, https:\/\/www.baler-machines.com\/wp-content\/uploads\/2025\/03\/scrap-steel-bar-rebar-rod-straightening-machine-for-sale-16x12.webp 16w\" sizes=\"auto, (max-width: 720px) 100vw, 720px\" \/><figcaption class=\"wp-element-caption\">\u00a0M\u00e1quina de alisado de varilla de barra de barra de acero de chatarra en venta<\/figcaption><\/figure>    <figure class=\"wp-block-image size-large\"><img loading=\"lazy\" decoding=\"async\" width=\"720\" height=\"540\" data-id=\"4106\" src=\"https:\/\/www.baler-machines.com\/wp-content\/uploads\/2025\/03\/feeding-holes-of-scrap-rebar-straightener-machine.webp\" alt=\"agujeros de alimentaci\u00f3n de la m\u00e1quina rectificadora de varillas de refuerzo\" class=\"wp-image-4106\" title=\"\" srcset=\"https:\/\/www.baler-machines.com\/wp-content\/uploads\/2025\/03\/feeding-holes-of-scrap-rebar-straightener-machine.webp 720w, https:\/\/www.baler-machines.com\/wp-content\/uploads\/2025\/03\/feeding-holes-of-scrap-rebar-straightener-machine-16x12.webp 16w\" sizes=\"auto, (max-width: 720px) 100vw, 720px\" \/><figcaption class=\"wp-element-caption\">Alimentaci\u00f3n de agujeros de la m\u00e1quina de risa de refuerzo de chatarra<\/figcaption><\/figure> <\/figure>    <h2 class=\"wp-block-heading\"><strong>Par\u00e1metros t\u00e9cnicos de la m\u00e1quina de alisado de la barra de acero<\/strong><\/h2>    <figure class=\"wp-block-table\"><table><tbody><tr><td>Modelo<\/td><td>6-10<\/td><td>6-14<\/td><td>8-16<\/td><td>14-25<\/td><\/tr><tr><td>Di\u00e1metro de la barra de alisado<\/td><td>6-10 mm<\/td><td>6-14 mm<\/td><td>8-16 mm<\/td><td>14-25 mm<\/td><\/tr><tr><td>Tiempos de alisado<\/td><td>5 agujeros, 20 veces\/tiempo<\/td><td>5 agujeros, 20 veces\/tiempo<\/td><td>5 agujeros, 20 veces\/tiempo<\/td><td>6 agujeros, 20 veces\/tiempo<\/td><\/tr><tr><td>Longitud de alisado<\/td><td>500-2000 mm<\/td><td>500-2000 mm<\/td><td>500-2000 mm<\/td><td>500-2000 mm<\/td><\/tr><tr><td>potencia del motor<\/td><td>4kw<\/td><td>5kw<\/td><td>5kw<\/td><td>15kw<\/td><\/tr><tr><td>Peso de la m\u00e1quina<\/td><td>570 kg<\/td><td>730 kg<\/td><td>750 kg<\/td><td>980 kg<\/td><\/tr><tr><td>Dimensi\u00f3n de la m\u00e1quina<\/td><td>1100*720*1150 mm<\/td><td>1200*7890*1220 mm<\/td><td>1250*820*1300 mm<\/td><td>1550*890*1600 mm<\/td><\/tr><\/tbody><\/table><figcaption class=\"wp-element-caption\">Especificaciones de la m\u00e1quina de enisvertear de la barra de acero<\/figcaption><\/figure>   <div class=\"wp-block-image\"> <figure class=\"aligncenter size-full\"><img loading=\"lazy\" decoding=\"async\" width=\"720\" height=\"540\" src=\"https:\/\/www.baler-machines.com\/wp-content\/uploads\/2025\/03\/waste-rebar-straightening-machine-for-sale-in-stock.webp\" alt=\"M\u00e1quina de alisado de barras de barras de residuos para la venta en stock\" class=\"wp-image-4107\" title=\"\" srcset=\"https:\/\/www.baler-machines.com\/wp-content\/uploads\/2025\/03\/waste-rebar-straightening-machine-for-sale-in-stock.webp 720w, https:\/\/www.baler-machines.com\/wp-content\/uploads\/2025\/03\/waste-rebar-straightening-machine-for-sale-in-stock-16x12.webp 16w\" sizes=\"auto, (max-width: 720px) 100vw, 720px\" \/><figcaption class=\"wp-element-caption\">M\u00e1quina de alisado de barras de barras de residuos para la venta en stock<\/figcaption><\/figure> <\/div>   <h2 class=\"wp-block-heading\"><strong>Aplicaciones de la m\u00e1quina de enderezado de barras de referencia de residuos<\/strong><\/h2>    <p>Nuestra m\u00e1quina de alisado de refugio de barras de chatarra se usa ampliamente en muchas industrias, como construcci\u00f3n, puente, construcci\u00f3n de carreteras, reciclaje de metales de chatarra, etc. Sus aplicaciones principales incluyen:<\/p>    <ul class=\"wp-block-list\"> <li><strong>industria de la construcci\u00f3n<\/strong>: Las barras de acero desechadas en el sitio de construcci\u00f3n se pueden reutilizar para la construcci\u00f3n despu\u00e9s de ser tratadas por la m\u00e1quina de alisiones para reducir los desechos.<\/li>    <li><strong>Planta de procesamiento de barras de acero<\/strong>: Se utiliza para enderezar las barras de acero de desechos reciclados antes de cortar y soldar para mejorar el valor de reutilizaci\u00f3n de las barras de acero.<\/li>    <li><strong>Estaci\u00f3n de reciclaje de chatarra<\/strong>: Ayuda a la estaci\u00f3n de reciclaje a procesar la barra de refuerzo de chatarra de manera eficiente y mejorar el beneficio econ\u00f3mico del metal reciclado.<\/li>    <li><strong>Construcci\u00f3n de puentes<\/strong>: Algunas de las barras de acero de chatarra se pueden reutilizar en la construcci\u00f3n de puentes despu\u00e9s de enderezar y procesar, reduciendo los costos de construcci\u00f3n.<\/li> <\/ul>    <figure class=\"wp-block-gallery has-nested-images columns-default is-cropped wp-block-gallery-3 is-layout-flex wp-block-gallery-is-layout-flex\"> <figure class=\"wp-block-image size-large\"><img loading=\"lazy\" decoding=\"async\" width=\"725\" height=\"435\" data-id=\"4110\" src=\"https:\/\/www.baler-machines.com\/wp-content\/uploads\/2025\/03\/bent-or-deformed-steel-bars.webp\" alt=\"varillas de acero dobladas o deformadas\" class=\"wp-image-4110\" title=\"\" srcset=\"https:\/\/www.baler-machines.com\/wp-content\/uploads\/2025\/03\/bent-or-deformed-steel-bars.webp 725w, https:\/\/www.baler-machines.com\/wp-content\/uploads\/2025\/03\/bent-or-deformed-steel-bars-18x12.webp 18w\" sizes=\"auto, (max-width: 725px) 100vw, 725px\" \/><figcaption class=\"wp-element-caption\">Barras de acero dobladas o deformadas<\/figcaption><\/figure>    <figure class=\"wp-block-image size-large\"><img loading=\"lazy\" decoding=\"async\" width=\"727\" height=\"439\" data-id=\"4111\" src=\"https:\/\/www.baler-machines.com\/wp-content\/uploads\/2025\/03\/straightened-rebars.webp\" alt=\"varillas de refuerzo rectificadas\" class=\"wp-image-4111\" title=\"\" srcset=\"https:\/\/www.baler-machines.com\/wp-content\/uploads\/2025\/03\/straightened-rebars.webp 727w, https:\/\/www.baler-machines.com\/wp-content\/uploads\/2025\/03\/straightened-rebars-18x12.webp 18w\" sizes=\"auto, (max-width: 727px) 100vw, 727px\" \/><figcaption class=\"wp-element-caption\">Barras de refuerzo enderezadas<\/figcaption><\/figure> <\/figure>    <h2 class=\"wp-block-heading\"><strong>\u00bfC\u00f3mo funciona Shuliy Steel Bar Bar Barder?<\/strong><\/h2>    <p>La m\u00e1quina de alisado de la barra redonda completa principalmente el trabajo de alisado a trav\u00e9s del mecanismo de alisado y el sistema de tracci\u00f3n, y el flujo de trabajo b\u00e1sico es el siguiente:<\/p>    <ol class=\"wp-block-list\"> <li><strong>Alimentaci\u00f3n<\/strong>: La barra de acero doblada o deformada ingresa a la m\u00e1quina a trav\u00e9s del puerto de alimentaci\u00f3n.<\/li>    <li><strong>Enderezado<\/strong>: La barra pasa a trav\u00e9s de varias ruedas enderezadas, dependiendo de la tensi\u00f3n mec\u00e1nica para enderezar gradualmente.<\/li>    <li><strong>Salida de productos terminados<\/strong>: Finalmente obtenga la barra de refuerzo con alta rectitud, que se puede usar para la construcci\u00f3n o el reciclaje.<\/li> <\/ol>   <div class=\"wp-block-image\"> <figure class=\"aligncenter size-full\"><img loading=\"lazy\" decoding=\"async\" width=\"720\" height=\"540\" src=\"https:\/\/www.baler-machines.com\/wp-content\/uploads\/2025\/03\/automatic-steel-rod-straightening-machine.webp\" alt=\"m\u00e1quina de alisado de varilla de acero autom\u00e1tico\" class=\"wp-image-4112\" title=\"\" srcset=\"https:\/\/www.baler-machines.com\/wp-content\/uploads\/2025\/03\/automatic-steel-rod-straightening-machine.webp 720w, https:\/\/www.baler-machines.com\/wp-content\/uploads\/2025\/03\/automatic-steel-rod-straightening-machine-16x12.webp 16w\" sizes=\"auto, (max-width: 720px) 100vw, 720px\" \/><figcaption class=\"wp-element-caption\">m\u00e1quina de alisado de varilla de acero autom\u00e1tico<\/figcaption><\/figure> <\/div>   <h2 class=\"wp-block-heading\"><strong>\u00bfCu\u00e1l es el precio de la m\u00e1quina rectificadora de varillas de refuerzo?<\/strong><\/h2>    <p>El precio de una m\u00e1quina enderezado de barra redonda se ve afectado por varios factores, incluido el modelo, la especificaci\u00f3n y el material del equipo. Los diferentes modelos de equipos tienen diferentes tama\u00f1os de especificaci\u00f3n, que afectan el alcance de la aplicaci\u00f3n. La elecci\u00f3n del material est\u00e1 relacionada con la durabilidad y la vida \u00fatil del equipo. Estos factores juntos determinan el precio final del equipo.<\/p>    <p>\u00bfQuieres obtener una cotizaci\u00f3n espec\u00edfica? \u00a1No dude en contactarnos!<\/p>   <div class=\"wp-block-image\"> <figure class=\"aligncenter size-full\"><img loading=\"lazy\" decoding=\"async\" width=\"720\" height=\"540\" src=\"https:\/\/www.baler-machines.com\/wp-content\/uploads\/2025\/03\/scrap-steel-bar-straightener-machine.webp\" alt=\"m\u00e1quina de alisador de barras de acero de chatarra\" class=\"wp-image-4113\" title=\"\" srcset=\"https:\/\/www.baler-machines.com\/wp-content\/uploads\/2025\/03\/scrap-steel-bar-straightener-machine.webp 720w, https:\/\/www.baler-machines.com\/wp-content\/uploads\/2025\/03\/scrap-steel-bar-straightener-machine-16x12.webp 16w\" sizes=\"auto, (max-width: 720px) 100vw, 720px\" \/><figcaption class=\"wp-element-caption\">M\u00e1quina de risa de barra de acero de chatarra de 6-25 mm<\/figcaption><\/figure> <\/div>   <h2 class=\"wp-block-heading\"><strong>Shuliy: fabricante y proveedor de m\u00e1quinas de enderezamiento de barras de barras profesionales<\/strong><\/h2>    <p>Shuliy es un fabricante profesional de m\u00e1quinas de alisado de barras de acero de chatarra con rica experiencia de producci\u00f3n y tecnolog\u00eda madura. Nuestros productos son famosos por el consumo de alta calidad, alta eficiencia y bajo de energ\u00eda, en los que los clientes conf\u00edan en todo el mundo. Ofrecemos:<\/p>    <ul class=\"wp-block-list\"> <li>Gama completa de equipos de rectas de barras de acero para diferentes necesidades<\/li>    <li>Soporte t\u00e9cnico y capacitaci\u00f3n para garantizar el uso sin problemas del equipo<\/li>    <li>Servicio posterior r\u00e1pido para garantizar la operaci\u00f3n estable a largo plazo del equipo<\/li> <\/ul>    <p>Si necesita una m\u00e1quina de enisvertear de barras de alta eficiencia, \u00a1Shuliy es su mejor opci\u00f3n!<\/p>    <figure class=\"wp-block-gallery aligncenter has-nested-images columns-default is-cropped wp-block-gallery-4 is-layout-flex wp-block-gallery-is-layout-flex\"> <figure class=\"wp-block-image size-full\"><img loading=\"lazy\" decoding=\"async\" width=\"720\" height=\"540\" data-id=\"4109\" src=\"https:\/\/www.baler-machines.com\/wp-content\/uploads\/2025\/03\/steel-wire-straightening-machine-in-the-factory.webp\" alt=\"m\u00e1quina de alisado de alambre de acero en la f\u00e1brica\" class=\"wp-image-4109\" title=\"\" srcset=\"https:\/\/www.baler-machines.com\/wp-content\/uploads\/2025\/03\/steel-wire-straightening-machine-in-the-factory.webp 720w, https:\/\/www.baler-machines.com\/wp-content\/uploads\/2025\/03\/steel-wire-straightening-machine-in-the-factory-16x12.webp 16w\" sizes=\"auto, (max-width: 720px) 100vw, 720px\" \/><figcaption class=\"wp-element-caption\">M\u00e1quina de alisado de alambre de acero en la f\u00e1brica<\/figcaption><\/figure>    <figure class=\"wp-block-image size-full\"><img loading=\"lazy\" decoding=\"async\" width=\"720\" height=\"540\" data-id=\"4108\" src=\"https:\/\/www.baler-machines.com\/wp-content\/uploads\/2025\/03\/round-bar-straightening-machine-manufacturer.webp\" alt=\"Fabricante de la m\u00e1quina enderezado de la barra redonda\" class=\"wp-image-4108\" title=\"\" srcset=\"https:\/\/www.baler-machines.com\/wp-content\/uploads\/2025\/03\/round-bar-straightening-machine-manufacturer.webp 720w, https:\/\/www.baler-machines.com\/wp-content\/uploads\/2025\/03\/round-bar-straightening-machine-manufacturer-16x12.webp 16w\" sizes=\"auto, (max-width: 720px) 100vw, 720px\" \/><figcaption class=\"wp-element-caption\">Fabricante de la m\u00e1quina enderezado de la barra redonda<\/figcaption><\/figure> <\/figure>    <h2 class=\"wp-block-heading\"><strong>\u00bfC\u00f3mo odiar una m\u00e1quina de reciclaje de barra de acero de desecho de Shuliy?<\/strong><\/h2>    <p>El proceso de pedido es r\u00e1pido y f\u00e1cil, puede seguir los pasos a continuaci\u00f3n:<\/p>    <ol class=\"wp-block-list\"> <li><strong>Cont\u00e1ctenos<\/strong>: Cont\u00e1ctenos a trav\u00e9s de la informaci\u00f3n de contacto en l\u00ednea en el lado derecho de la p\u00e1gina web.<\/li>    <li><strong>Indique sus demandas<\/strong>: Proporcione sus necesidades espec\u00edficas, como el di\u00e1metro de la refuerzo, la longitud de alisado, la capacidad de procesamiento, etc.<\/li>    <li><strong>Elija el equipo<\/strong>te recomendaremos el modelo adecuado seg\u00fan tus necesidades y proporcionaremos par\u00e1metros y cotizaciones detalladas.<\/li>    <li><strong>Confirmar el pedido<\/strong>: Todo est\u00e1 confirmado, tanto firman el contrato como pague el dep\u00f3sito.<\/li>    <li><strong>Producci\u00f3n y prueba<\/strong>completaremos la producci\u00f3n dentro del tiempo especificado y realizaremos pruebas para garantizar la calidad de la m\u00e1quina.<\/li>    <li><strong>Env\u00edo<\/strong>: El equipo de alisado de la barra de acero ser\u00e1 entregado por mar (com\u00fanmente) y llegar\u00e1 al destino a tiempo.<\/li> <\/ol>   <div class=\"wp-block-image\"> <figure class=\"aligncenter size-full\"><img loading=\"lazy\" decoding=\"async\" width=\"720\" height=\"540\" src=\"https:\/\/www.baler-machines.com\/wp-content\/uploads\/2025\/03\/waste-steel-bar-recycling-machine-for-rebar-straightening.webp\" alt=\"M\u00e1quina de reciclaje de barras de acero de residuos para enderezar con barras de refuerzo\" class=\"wp-image-4114\" title=\"\" srcset=\"https:\/\/www.baler-machines.com\/wp-content\/uploads\/2025\/03\/waste-steel-bar-recycling-machine-for-rebar-straightening.webp 720w, https:\/\/www.baler-machines.com\/wp-content\/uploads\/2025\/03\/waste-steel-bar-recycling-machine-for-rebar-straightening-16x12.webp 16w\" sizes=\"auto, (max-width: 720px) 100vw, 720px\" \/><figcaption class=\"wp-element-caption\">M\u00e1quina de reciclaje de barras de acero de residuos para enderezar con barras de refuerzo<\/figcaption><\/figure> <\/div>   <h2 class=\"wp-block-heading\"><strong>\u00a1Cont\u00e1ctenos ahora para m\u00e1s detalles!<\/strong><\/h2>    <p class=\"translation-block\">Adem\u00e1s de la m\u00e1quina enderezadora de barras de refuerzo, tambi\u00e9n ofrecemos diferentes equipos de procesamiento de barras de acero, como la m\u00e1quina para hacer anillos de barras de refuerzo, dobladora de estribos, dobladora de tubos, etc. <\/p>    <p class=\"translation-block\">Si est\u00e1 interesado, o desea conocer el modelo espec\u00edfico, el precio y otra informaci\u00f3n, bienvenido a contactarnos en cualquier momento. Le proporcionaremos los detalles y la soluci\u00f3n m\u00e1s adecuada para su negocio de procesamiento de barras de acero.<\/p>","protected":false},"excerpt":{"rendered":"<p>La m\u00e1quina de alisado Shuliy de refuerzo est\u00e1 dise\u00f1ada para enderezar las barras de acero de chatarra dobladas o deformadas (con un di\u00e1metro de 6-25 mm) para su reutilizaci\u00f3n, con una longitud de alisado de 500-2000 mm.<\/p>","protected":false},"author":1,"featured_media":4104,"parent":0,"template":"","tags":[641,643],"product-type":[640],"class_list":["post-4102","product","type-product","status-publish","has-post-thumbnail","hentry","tag-rebar","tag-steel-bar","product-type-rebar-processing-equipment"],"_links":{"self":[{"href":"https:\/\/www.baler-machines.com\/es\/wp-json\/wp\/v2\/product\/4102","targetHints":{"allow":["GET"]}}],"collection":[{"href":"https:\/\/www.baler-machines.com\/es\/wp-json\/wp\/v2\/product"}],"about":[{"href":"https:\/\/www.baler-machines.com\/es\/wp-json\/wp\/v2\/types\/product"}],"author":[{"embeddable":true,"href":"https:\/\/www.baler-machines.com\/es\/wp-json\/wp\/v2\/users\/1"}],"wp:featuredmedia":[{"embeddable":true,"href":"https:\/\/www.baler-machines.com\/es\/wp-json\/wp\/v2\/media\/4104"}],"wp:attachment":[{"href":"https:\/\/www.baler-machines.com\/es\/wp-json\/wp\/v2\/media?parent=4102"}],"wp:term":[{"taxonomy":"post_tag","embeddable":true,"href":"https:\/\/www.baler-machines.com\/es\/wp-json\/wp\/v2\/tags?post=4102"},{"taxonomy":"product-type","embeddable":true,"href":"https:\/\/www.baler-machines.com\/es\/wp-json\/wp\/v2\/product-type?post=4102"}],"curies":[{"name":"wp","href":"https:\/\/api.w.org\/{rel}","templated":true}]}}