{"id":4074,"date":"2025-03-04T18:06:14","date_gmt":"2025-03-04T10:06:14","guid":{"rendered":"https:\/\/www.baler-machines.com\/?post_type=product&#038;p=4074"},"modified":"2025-04-11T11:28:47","modified_gmt":"2025-04-11T03:28:47","slug":"cnc-spiral-rebar-bending-machine","status":"publish","type":"product","link":"https:\/\/www.baler-machines.com\/es\/cnc-spiral-rebar-bending-machine\/","title":{"rendered":"M\u00e1quina de flexi\u00f3n de barras espiral de CNC para la fabricaci\u00f3n de aros de la barra"},"content":{"rendered":"<p class=\"translation-block\">La <strong>m\u00e1quina dobladora de espiral<\/strong> Shuliy puede procesar r\u00e1pida y con precisi\u00f3n barras de acero de 3-25 mm en anillos redondos con un di\u00e1metro de 50-1000 mm. Produce principalmente anclajes de pilotes de tierra, utilizados en ferrocarriles de alta velocidad, metros, energ\u00eda fotovoltaica y otros proyectos.<\/p>    <p>Los c\u00edrculos producidos por esta m\u00e1quina de hacer anillos de varilla de refuerzo pueden ser uno o estar conectados, dependiendo principalmente de la demanda del cliente. Si est\u00e1 interesado, \u00a1no dude en contactarnos para m\u00e1s detalles!<\/p>    <figure class=\"wp-block-embed is-type-video is-provider-youtube wp-block-embed-youtube wp-embed-aspect-16-9 wp-has-aspect-ratio\"><div class=\"wp-block-embed__wrapper\"> <iframe loading=\"lazy\" title=\"CNC Spiral Rebar Ring Machine | Autom\u00e1tico Rebarde para hacer una m\u00e1quina M\u00e1quina de alambre de alambre de estribo\" width=\"500\" height=\"281\" src=\"https:\/\/www.youtube.com\/embed\/q6EycUH_dS4?feature=oembed\" frameborder=\"0\" allow=\"accelerometer; autoplay; clipboard-write; encrypted-media; gyroscope; picture-in-picture; web-share\" referrerpolicy=\"strict-origin-when-cross-origin\" allowfullscreen><\/iframe> <\/div><figcaption class=\"wp-element-caption\">m\u00e1quina de hacer espiral<\/figcaption><\/figure>    <h2 class=\"wp-block-heading\"><strong>Productos terminados y aplicaciones de la m\u00e1quina de flexi\u00f3n de barras espirales<\/strong><\/h2>    <p>La m\u00e1quina de formaci\u00f3n de barras espirales se usa principalmente para procesar varias especificaciones de la barra espiral y redonda en c\u00edrculos con diferentes di\u00e1metros (que se muestran a continuaci\u00f3n), ampliamente utilizados en riel de alta velocidad, metro, puente, estaci\u00f3n de energ\u00eda fotovoltaica, ingenier\u00eda de construcci\u00f3n y otros campos.<\/p>    <ul class=\"wp-block-list\"> <li><strong>Anclaje de pila<\/strong>: Utilizado para refuerzo y apoyo de fundamentos en ferrocarriles de alta velocidad, metro y otros proyectos.<\/li>    <li><strong>Construcci\u00f3n de edificios<\/strong>N: Utilizado para fabricar componentes de barra de acero redondo para varias estructuras de edificios.<\/li>    <li><strong>Estaci\u00f3n de energ\u00eda fotovoltaica<\/strong>: Se utiliza para el refuerzo de la base de los montajes fotovoltaicos para mejorar la estabilidad de la instalaci\u00f3n.<\/li>    <li><strong>Construcci\u00f3n de puentes<\/strong>: para procesar barras de acero espiral para estructuras de puentes para mejorar la estabilidad del puente.<\/li> <\/ul>   <div class=\"wp-block-image\"> <figure class=\"aligncenter size-full\"><img loading=\"lazy\" decoding=\"async\" width=\"720\" height=\"540\" src=\"https:\/\/www.baler-machines.com\/wp-content\/uploads\/2025\/03\/end-products-and-applications-of-spiral-rebar-bender-machine.webp\" alt=\"Productos finales y aplicaciones de la m\u00e1quina Bender Bender de Spiral Rebar\" class=\"wp-image-4077\" title=\"\" srcset=\"https:\/\/www.baler-machines.com\/wp-content\/uploads\/2025\/03\/end-products-and-applications-of-spiral-rebar-bender-machine.webp 720w, https:\/\/www.baler-machines.com\/wp-content\/uploads\/2025\/03\/end-products-and-applications-of-spiral-rebar-bender-machine-16x12.webp 16w\" sizes=\"auto, (max-width: 720px) 100vw, 720px\" \/><figcaption class=\"wp-element-caption\">Productos finales y aplicaciones de la m\u00e1quina Bender Bender de Spiral Rebar<\/figcaption><\/figure> <\/div>   <h2 class=\"wp-block-heading\"><strong>Ventajas de la m\u00e1quina de formaci\u00f3n de barras espirales de Shuliy CNC<\/strong><\/h2>    <ul class=\"wp-block-list\"> <li>Nuestra m\u00e1quina puede procesar <strong>refuerzo con un di\u00e1metro de 3-25 mm<\/strong> y hacer <strong>c\u00edrculos con un di\u00e1metro de 50-3000 mm<\/strong>.<\/li>    <li>Shuliy CNC M\u00e1quina de redondeo de refuerzo completamente autom\u00e1tica tiene una <strong>Velocidad de trabajo de 16-30m\/min<\/strong> y un <strong>Error de trabajo de \u00b1 0.2 mm<\/strong>.<\/li>    <li>Adopta un <strong>Sistema de control del PLC<\/strong>, realizando una operaci\u00f3n completamente autom\u00e1tica, que es altamente eficiente.<\/li>    <li>Esta m\u00e1quina de flexi\u00f3n redonda de aro espiral tiene una <strong>estructura resistente<\/strong>, operaci\u00f3n estable, adecuada para el procesamiento de gran volumen.<\/li>    <li>El <strong>interfaz intuitiva<\/strong> es simple y f\u00e1cil para los operadores comenzar.<\/li> <\/ul>    <figure class=\"wp-block-gallery has-nested-images columns-default is-cropped wp-block-gallery-2 is-layout-flex wp-block-gallery-is-layout-flex\"> <figure class=\"wp-block-image size-full\"><img loading=\"lazy\" decoding=\"async\" width=\"720\" height=\"540\" data-id=\"4089\" src=\"https:\/\/www.baler-machines.com\/wp-content\/uploads\/2025\/03\/3-6mm-spiral-hooping-round-bending-machine.webp\" alt=\"M\u00e1quina de flexi\u00f3n redonda de aro espiral de 3-6 mm\" class=\"wp-image-4089\" title=\"\" srcset=\"https:\/\/www.baler-machines.com\/wp-content\/uploads\/2025\/03\/3-6mm-spiral-hooping-round-bending-machine.webp 720w, https:\/\/www.baler-machines.com\/wp-content\/uploads\/2025\/03\/3-6mm-spiral-hooping-round-bending-machine-16x12.webp 16w\" sizes=\"auto, (max-width: 720px) 100vw, 720px\" \/><figcaption class=\"wp-element-caption\">M\u00e1quina de flexi\u00f3n redonda de aro espiral de 3-6 mm<\/figcaption><\/figure>    <figure class=\"wp-block-image size-full\"><img loading=\"lazy\" decoding=\"async\" width=\"720\" height=\"540\" data-id=\"4090\" src=\"https:\/\/www.baler-machines.com\/wp-content\/uploads\/2025\/03\/8-12mm-spiral-steel-bar-bending-machine.webp\" alt=\"M\u00e1quina de flexi\u00f3n de barra de acero espiral de 8-12 mm\" class=\"wp-image-4090\" title=\"\" srcset=\"https:\/\/www.baler-machines.com\/wp-content\/uploads\/2025\/03\/8-12mm-spiral-steel-bar-bending-machine.webp 720w, https:\/\/www.baler-machines.com\/wp-content\/uploads\/2025\/03\/8-12mm-spiral-steel-bar-bending-machine-16x12.webp 16w\" sizes=\"auto, (max-width: 720px) 100vw, 720px\" \/><figcaption class=\"wp-element-caption\">M\u00e1quina de flexi\u00f3n de barra de acero espiral de 8-12 mm<\/figcaption><\/figure> <\/figure>    <h2 class=\"wp-block-heading\"><strong>Par\u00e1metros t\u00e9cnicos de la m\u00e1quina de flexi\u00f3n de barras espirales autom\u00e1ticas<\/strong><\/h2>    <figure class=\"wp-block-table\"><table><tbody><tr><td>Modelo<\/td><td>3-6<\/td><td>6-10<\/td><td>8-12<\/td><td>10-14<\/td><td>16-20<\/td><td>22-25<\/td><\/tr><tr><td>Di\u00e1metro de la barra de acero aplicable<\/td><td>3-6 mm<\/td><td>6-10 mm<\/td><td>8-12 mm<\/td><td>10-14 mm<\/td><td>16-20 mm<\/td><td>22-25 mm<\/td><\/tr><tr><td>Potencia total del motor<\/td><td>4kw<\/td><td>5.5kw<\/td><td>7kw<\/td><td>7kw<\/td><td>11kw<\/td><td>15kw<\/td><\/tr><tr><td>Di\u00e1metro de anillo de barra de acero terminado<\/td><td>50-1000 mm<\/td><td>50-800 mm<\/td><td>50-1500 mm<\/td><td>50-1800 mm<\/td><td>50-2200 mm<\/td><td>50-3000 mm<\/td><\/tr><tr><td>Velocidad de viaje<\/td><td>16-25m\/min<\/td><td>16-25m\/min<\/td><td>16-25m\/min<\/td><td>16-25m\/min<\/td><td>16-30m\/min<\/td><td>16-30m\/min<\/td><\/tr><tr><td>Error de trabajo<\/td><td>\u00b1 0.2 mm<\/td><td>\u00b1 0.2 mm<\/td><td>\u00b1 0.2 mm<\/td><td>\u00b1 0.2 mm<\/td><td>\u00b1 0.2 mm<\/td><td>\u00b1 0.2 mm<\/td><\/tr><tr><td>Dimensiones generales<\/td><td>1.45*0.8*1.2m<\/td><td>1.55*0.8*1.3m<\/td><td>1.55*0.8*1.3m<\/td><td>1.6*0.8*1.35m<\/td><td>2.1*0.9*1.5m<\/td><td>2.3*0.9*1.7m<\/td><\/tr><tr><td>Peso de la m\u00e1quina<\/td><td>480 kg<\/td><td>560 kg<\/td><td>640 kg<\/td><td>690 kg<\/td><td>1150 kg<\/td><td>1350 kg<\/td><\/tr><\/tbody><\/table><figcaption class=\"wp-element-caption\">Especificaciones de la m\u00e1quina de acero del anillo de refugio de la espiral CNC<\/figcaption><\/figure>    <figure class=\"wp-block-embed is-type-video is-provider-youtube wp-block-embed-youtube wp-embed-aspect-16-9 wp-has-aspect-ratio\"><div class=\"wp-block-embed__wrapper\"> <iframe loading=\"lazy\" title=\"M\u00e1quina de anillo de barra de acero completamente autom\u00e1tica | M\u00e1quina de flexi\u00f3n de barras espirales para aros c\u00edrculo\" width=\"500\" height=\"281\" src=\"https:\/\/www.youtube.com\/embed\/T6Bkz3QYDrA?feature=oembed\" frameborder=\"0\" allow=\"accelerometer; autoplay; clipboard-write; encrypted-media; gyroscope; picture-in-picture; web-share\" referrerpolicy=\"strict-origin-when-cross-origin\" allowfullscreen><\/iframe> <\/div><figcaption class=\"wp-element-caption\">Video de la m\u00e1quina de hacer anillo de barra de acero<\/figcaption><\/figure>    <h2 class=\"wp-block-heading\"><strong>Estructura de la m\u00e1quina de flexi\u00f3n de barras espirales<\/strong><\/h2>    <p>Esta m\u00e1quina de bobina de primavera est\u00e1 hecha de motor, componentes hidr\u00e1ulicos (bomba de aceite, motor hidr\u00e1ulico, v\u00e1lvula solenoide, tanque de aceite, tuber\u00eda de aceite, etc.), rueda previa al ajuste, endereced\u00eda en la caja de cambios, componente de redondeo, componente de corte, sistema de control el\u00e9ctrico CNC, etc.<\/p>   <div class=\"wp-block-image\"> <figure class=\"aligncenter size-full\"><img loading=\"lazy\" decoding=\"async\" width=\"720\" height=\"540\" src=\"https:\/\/www.baler-machines.com\/wp-content\/uploads\/2025\/03\/structure-of-3-25mm-steel-wire-coil-stirrup-bender.webp\" alt=\"Estructura de 3-25 mm de alambre de alambre de acero Bender\" class=\"wp-image-4078\" title=\"\" srcset=\"https:\/\/www.baler-machines.com\/wp-content\/uploads\/2025\/03\/structure-of-3-25mm-steel-wire-coil-stirrup-bender.webp 720w, https:\/\/www.baler-machines.com\/wp-content\/uploads\/2025\/03\/structure-of-3-25mm-steel-wire-coil-stirrup-bender-16x12.webp 16w\" sizes=\"auto, (max-width: 720px) 100vw, 720px\" \/><figcaption class=\"wp-element-caption\">Estructura de 3-25 mm de alambre de alambre de acero Bender<\/figcaption><\/figure> <\/div>   <h2 class=\"wp-block-heading\"><strong>\u00bfC\u00f3mo funciona la m\u00e1quina de hacer anillo de refuerzo?<\/strong><\/h2>    <p>Nuestra m\u00e1quina de flexi\u00f3n de barras espirales es conducida por una placa principal del PLC para iniciar el motor de control para conducir la bomba de aceite. Comience los componentes hidr\u00e1ulicos para conducir la caja de cambios de alisi\u00f3n para que funcione, luego conduzca el material para avanzar y mu\u00e9vase al conjunto de redondeo para completar el moldura de redondeo. Finalmente, corte el cilindro de aceite para cortar el material hacia arriba para completar la operaci\u00f3n.<\/p>    <ol class=\"wp-block-list\"> <li><strong>Alimentaci\u00f3n de barras de acero<\/strong>: La barra de acero ingresa a la m\u00e1quina de fabricaci\u00f3n de anillos de refuerzo, y el sistema de alisado asegura la rectitud.<\/li>    <li><strong>Doblar y formar<\/strong>: La barra de refuerzo pasa a trav\u00e9s del molde de flexi\u00f3n para el procesamiento de la ronda espiral.<\/li>    <li><strong>Corte<\/strong>: El mecanismo de corte corta la barra moldeada y completa todo el flujo de trabajo.<\/li> <\/ol>   <div class=\"wp-block-image\"> <figure class=\"aligncenter size-full\"><img loading=\"lazy\" decoding=\"async\" width=\"720\" height=\"540\" src=\"https:\/\/www.baler-machines.com\/wp-content\/uploads\/2025\/03\/10-14mm-spiral-rebar-bending-machine.webp\" alt=\"M\u00e1quina de flexi\u00f3n de barras espiral de 10-14 mm\" class=\"wp-image-4093\" title=\"\" srcset=\"https:\/\/www.baler-machines.com\/wp-content\/uploads\/2025\/03\/10-14mm-spiral-rebar-bending-machine.webp 720w, https:\/\/www.baler-machines.com\/wp-content\/uploads\/2025\/03\/10-14mm-spiral-rebar-bending-machine-16x12.webp 16w\" sizes=\"auto, (max-width: 720px) 100vw, 720px\" \/><figcaption class=\"wp-element-caption\">M\u00e1quina de flexi\u00f3n de barras espiral de 10-14 mm<\/figcaption><\/figure> <\/div>   <h2 class=\"wp-block-heading\"><strong>\u00bfCu\u00e1l es el precio de la m\u00e1quina de bobinas de resorte?<\/strong><\/h2>    <p>El precio de la m\u00e1quina de flexi\u00f3n de las barras espirales se ve afectado por muchos factores, que incluyen:<\/p>    <ul class=\"wp-block-list\"> <li><strong>Especificaciones de equipos<\/strong>: Diferentes modelos de m\u00e1quinas de fabricaci\u00f3n de anillos de refuerzo tienen diferentes barras de refuerzo de procesamiento con diferentes precios.<\/li>    <li><strong>Capacidad de procesamiento<\/strong>: El equipo de alta potencia y alta eficiencia es relativamente costoso.<\/li>    <li><strong>Requisitos de configuraci\u00f3n<\/strong>: La configuraci\u00f3n personalizada puede afectar el precio de la m\u00e1quina de fabricaci\u00f3n de anillos de refuerzo.<\/li>    <li><strong>Condiciones de mercado<\/strong>: El costo de las materias primas, la oferta y la demanda afectar\u00e1 la cita final.<\/li> <\/ul>    <p>Si desea conocer la \u00faltima oferta sobre la m\u00e1quina de flexi\u00f3n de la espiral de barras, puede contactarnos directamente para obtener informaci\u00f3n detallada.<\/p>   <div class=\"wp-block-image\"> <figure class=\"aligncenter size-full\"><img loading=\"lazy\" decoding=\"async\" width=\"720\" height=\"540\" src=\"https:\/\/www.baler-machines.com\/wp-content\/uploads\/2025\/03\/12-16mm-spiral-rebar-forming-machine.webp\" alt=\"M\u00e1quina de formaci\u00f3n de barras espiral de 12-16 mm\" class=\"wp-image-4095\" title=\"\" srcset=\"https:\/\/www.baler-machines.com\/wp-content\/uploads\/2025\/03\/12-16mm-spiral-rebar-forming-machine.webp 720w, https:\/\/www.baler-machines.com\/wp-content\/uploads\/2025\/03\/12-16mm-spiral-rebar-forming-machine-16x12.webp 16w\" sizes=\"auto, (max-width: 720px) 100vw, 720px\" \/><figcaption class=\"wp-element-caption\">M\u00e1quina de formaci\u00f3n de barras espiral de 12-16 mm<\/figcaption><\/figure> <\/div>   <h2 class=\"wp-block-heading\"><strong>\u00bfPor qu\u00e9 comprar Shuliy Spiral Rebarking Machine?<\/strong><\/h2>    <p>Shuliy se compromete a proporcionar equipos de procesamiento de acero de alta calidad y alto rendimiento, las razones para elegir la m\u00e1quina de flexi\u00f3n de acero espiral shuliy incluyen:<\/p>    <ul class=\"wp-block-list\"> <li><strong>Seguro de calidad<\/strong>: Utilizamos materiales de alta calidad para fabricar equipos de fabricaci\u00f3n de anillos de barra de acero, duradero y estable.<\/li>    <li><strong>Tecnolog\u00eda avanzada<\/strong>: Nuestra m\u00e1quina adopta el control inteligente PLC, que tiene un alto grado de automatizaci\u00f3n.<\/li>    <li><strong>Precio asequible<\/strong>: Fabricamos la m\u00e1quina y la vendemos directamente desde nuestra f\u00e1brica, que tiene un precio competitivo en el mercado.<\/li>    <li><strong>Servicio de presentaci\u00f3n sin preocupaciones<\/strong>: Shuliy proporciona soporte t\u00e9cnico y mantenimiento de equipos, para garantizar la estabilidad a largo plazo de la operaci\u00f3n.<\/li> <\/ul>   <div class=\"wp-block-image\"> <figure class=\"aligncenter size-full\"><img loading=\"lazy\" decoding=\"async\" width=\"720\" height=\"540\" src=\"https:\/\/www.baler-machines.com\/wp-content\/uploads\/2025\/03\/16-20mm-automatic-spring-coiling-machine.webp\" alt=\"M\u00e1quina de arrendamiento autom\u00e1tico de resorte de 16-20 mm\" class=\"wp-image-4092\" title=\"\" srcset=\"https:\/\/www.baler-machines.com\/wp-content\/uploads\/2025\/03\/16-20mm-automatic-spring-coiling-machine.webp 720w, https:\/\/www.baler-machines.com\/wp-content\/uploads\/2025\/03\/16-20mm-automatic-spring-coiling-machine-16x12.webp 16w\" sizes=\"auto, (max-width: 720px) 100vw, 720px\" \/><figcaption class=\"wp-element-caption\">M\u00e1quina de arrendamiento autom\u00e1tico de resorte de 16-20 mm<\/figcaption><\/figure> <\/div>   <h2 class=\"wp-block-heading\"><strong>\u00a1Cont\u00e1ctenos para una cotizaci\u00f3n ahora!<\/strong><\/h2>    <p class=\"translation-block\">Como fabricante y proveedor profesional de equipos de procesamiento de acero, tenemos diferentes m\u00e1quinas de procesamiento de barras de corrugado, como <strong>m\u00e1quina enderezadora de barras de corrugado<\/strong>, dobladora de estribos, <strong>m\u00e1quina dobladora de tubos CNC<\/strong>, etc.<\/p>    <p class=\"translation-block\">Si est\u00e1 interesado en nuestra m\u00e1quina dobladora de barras de refuerzo en espiral u otro equipo para el procesamiento de <a href=\"https:\/\/es.wikipedia.org\/wiki\/Acero_de_construccin\" target=\"_blank\" rel=\"noopener\">barras de acero<\/a>, \u00a1no dude en contactarnos por WhatsApp, WeChat, tel\u00e9fono o correo electr\u00f3nico! \u00a1Le ofreceremos informaci\u00f3n detallada sobre los precios!<\/p>   <div class=\"wp-block-image\"> <figure class=\"aligncenter size-full\"><img loading=\"lazy\" decoding=\"async\" width=\"720\" height=\"540\" src=\"https:\/\/www.baler-machines.com\/wp-content\/uploads\/2025\/03\/20-25mm-spiral-hooping-round-bending-machine.webp\" alt=\"M\u00e1quina de flexi\u00f3n redonda de aro espiral de 20-25 mm\" class=\"wp-image-4094\" title=\"\" srcset=\"https:\/\/www.baler-machines.com\/wp-content\/uploads\/2025\/03\/20-25mm-spiral-hooping-round-bending-machine.webp 720w, https:\/\/www.baler-machines.com\/wp-content\/uploads\/2025\/03\/20-25mm-spiral-hooping-round-bending-machine-16x12.webp 16w\" sizes=\"auto, (max-width: 720px) 100vw, 720px\" \/><figcaption class=\"wp-element-caption\">M\u00e1quina de flexi\u00f3n redonda de aro espiral de 20-25 mm<\/figcaption><\/figure> <\/div>","protected":false},"excerpt":{"rendered":"<p>La m\u00e1quina de flexi\u00f3n de barras espirales de Shuliy puede procesar de manera r\u00e1pida y precisa las barras de acero de 3-25 mm en anillos redondos de barras de acero con un di\u00e1metro de 50-1000 mm.<\/p>","protected":false},"author":1,"featured_media":4076,"parent":0,"template":"","tags":[641,643],"product-type":[640],"class_list":["post-4074","product","type-product","status-publish","has-post-thumbnail","hentry","tag-rebar","tag-steel-bar","product-type-rebar-processing-equipment"],"_links":{"self":[{"href":"https:\/\/www.baler-machines.com\/es\/wp-json\/wp\/v2\/product\/4074","targetHints":{"allow":["GET"]}}],"collection":[{"href":"https:\/\/www.baler-machines.com\/es\/wp-json\/wp\/v2\/product"}],"about":[{"href":"https:\/\/www.baler-machines.com\/es\/wp-json\/wp\/v2\/types\/product"}],"author":[{"embeddable":true,"href":"https:\/\/www.baler-machines.com\/es\/wp-json\/wp\/v2\/users\/1"}],"wp:featuredmedia":[{"embeddable":true,"href":"https:\/\/www.baler-machines.com\/es\/wp-json\/wp\/v2\/media\/4076"}],"wp:attachment":[{"href":"https:\/\/www.baler-machines.com\/es\/wp-json\/wp\/v2\/media?parent=4074"}],"wp:term":[{"taxonomy":"post_tag","embeddable":true,"href":"https:\/\/www.baler-machines.com\/es\/wp-json\/wp\/v2\/tags?post=4074"},{"taxonomy":"product-type","embeddable":true,"href":"https:\/\/www.baler-machines.com\/es\/wp-json\/wp\/v2\/product-type?post=4074"}],"curies":[{"name":"wp","href":"https:\/\/api.w.org\/{rel}","templated":true}]}}