{"id":4013,"date":"2024-11-29T16:05:06","date_gmt":"2024-11-29T08:05:06","guid":{"rendered":"https:\/\/www.baler-machines.com\/?post_type=product&#038;p=4013"},"modified":"2025-04-16T13:27:56","modified_gmt":"2025-04-16T05:27:56","slug":"metal-briquetting-press","status":"publish","type":"product","link":"https:\/\/www.baler-machines.com\/es\/metal-briquetting-press\/","title":{"rendered":"Prensa hidr\u00e1ulica de briquetas de metal para reciclaje de virutas"},"content":{"rendered":"<p class=\"translation-block\">La <strong>prensa de briquetas de metal<\/strong> Shuliy puede exprimir todo tipo de polvo de metal, virutas de cobre, virutas de aluminio, virutas de hierro, virutas de madera y otras materias primas met\u00e1licas en formas de torta redonda. Despu\u00e9s de la briquetaci\u00f3n, es conveniente para el almacenamiento, transporte y reutilizaci\u00f3n en el horno.<\/p>    <p>Esta briquetadora de virutas de aluminio adopta el m\u00e9todo de alimentaci\u00f3n por tornillo y empacado hidr\u00e1ulico. El tama\u00f1o de la abertura de alimentaci\u00f3n es de 600-600 mm y 800-800 mm. El di\u00e1metro final de la torta es de 80-160 mm (personalizado). Un pastel de briquetas necesita entre 20 y 25 segundos para terminar.<\/p>    <p>Se utiliza principalmente en la industria del reciclaje y procesamiento y en la industria de fundici\u00f3n de metales. Es ideal para el tratamiento eficiente y la reutilizaci\u00f3n de chatarra met\u00e1lica.<\/p>    <figure class=\"wp-block-embed is-type-video is-provider-youtube wp-block-embed-youtube wp-embed-aspect-16-9 wp-has-aspect-ratio\"><div class=\"wp-block-embed__wrapper\"> <iframe loading=\"lazy\" title=\"M\u00e1quina briquetadora de virutas de metal: \u00a1convierte chatarra en briquetas s\u00f3lidas! Prensa de briquetas de virutas de aluminio\" width=\"500\" height=\"281\" src=\"https:\/\/www.youtube.com\/embed\/Ao1HeE5RT4E?feature=oembed\" frameborder=\"0\" allow=\"accelerometer; autoplay; clipboard-write; encrypted-media; gyroscope; picture-in-picture; web-share\" referrerpolicy=\"strict-origin-when-cross-origin\" allowfullscreen><\/iframe> <\/div><figcaption class=\"wp-element-caption\">Video de la m\u00e1quina prensadora de briquetas de virutas de aluminio.<\/figcaption><\/figure>    <h2 class=\"wp-block-heading\"><strong>Aplicaciones del compactador de virutas met\u00e1licas.<\/strong><\/h2>    <p>Nuestra prensa briquetadora de metal es adecuada para prensar y moldear muchos tipos de virutas de metal, tales como:<\/p>    <p class=\"translation-block\"><strong>Virutas de aluminio, virutas de hierro, virutas de cobre, virutas de acero inoxidable, virutas de magnesio, virutas de zinc, virutas de metal mixtas<\/strong>, <strong>virutas de madera<\/strong>, etc.<\/p>   <div class=\"wp-block-image\"> <figure class=\"aligncenter size-full\"><img loading=\"lazy\" decoding=\"async\" width=\"720\" height=\"540\" src=\"https:\/\/www.baler-machines.com\/wp-content\/uploads\/2024\/11\/final-products-of-metal-briquetting-press.webp\" alt=\"Productos finales de la prensa briquetadora de metales.\" class=\"wp-image-4022\" title=\"\" srcset=\"https:\/\/www.baler-machines.com\/wp-content\/uploads\/2024\/11\/final-products-of-metal-briquetting-press.webp 720w, https:\/\/www.baler-machines.com\/wp-content\/uploads\/2024\/11\/final-products-of-metal-briquetting-press-16x12.webp 16w\" sizes=\"auto, (max-width: 720px) 100vw, 720px\" \/><figcaption class=\"wp-element-caption\">Productos finales de la prensa briquetadora de metales.<\/figcaption><\/figure> <\/div>   <p>El equipo de procesamiento de virutas de metal se puede utilizar en los siguientes escenarios:<\/p>    <ul class=\"wp-block-list\"> <li>Peque\u00f1o taller de procesamiento de metales.<\/li>    <li>Estaci\u00f3n de reciclaje de chatarra<\/li>    <li>F\u00e1brica de ferreter\u00eda y fundici\u00f3n.<\/li>    <li>Lugares donde es necesario comprimir y transportar chatarra<\/li> <\/ul>    <h2 class=\"wp-block-heading\"><strong>Ventajas de la prensa briquetadora de metal para virutas de metal.<\/strong><\/h2>    <ul class=\"wp-block-list\"> <li>La briquetadora de virutas de aluminio y metal puede comprimir las virutas de metal sueltas en bloques de alta densidad, <strong>reduciendo el volumen en m\u00e1s de 90%<\/strong>, lo cual es conveniente para el transporte y almacenamiento.<\/li>    <li>Adopta un <strong>sistema hidr\u00e1ulico con gran potencia<\/strong>, lo que garantiza una torta prensada densa y un buen efecto briquetador.<\/li>    <li><strong>Compatible con una variedad de materiales.<\/strong>, El compactador de virutas de metal Shuliy puede procesar virutas de chatarra, virutas de aluminio, virutas de madera, etc.<\/li>    <li>el equipo <strong>cubre un \u00e1rea peque\u00f1a<\/strong>, adecuado para peque\u00f1as empresas y talleres con espacio limitado.<\/li>    <li>esta maquina <strong>mejora el valor econ\u00f3mico de las virutas de metal<\/strong>. Los bloques de metal prensado son f\u00e1ciles de vender y aumentan el valor a\u00f1adido de la chatarra.<\/li> <\/ul>    <figure class=\"wp-block-gallery has-nested-images columns-default is-cropped wp-block-gallery-2 is-layout-flex wp-block-gallery-is-layout-flex\"> <figure class=\"wp-block-image size-large\"><img loading=\"lazy\" decoding=\"async\" width=\"720\" height=\"540\" data-id=\"4023\" src=\"https:\/\/www.baler-machines.com\/wp-content\/uploads\/2024\/11\/briquette-machine-for-scrap-metal.webp\" alt=\"m\u00e1quina de briquetas para chatarra\" class=\"wp-image-4023\" title=\"\" srcset=\"https:\/\/www.baler-machines.com\/wp-content\/uploads\/2024\/11\/briquette-machine-for-scrap-metal.webp 720w, https:\/\/www.baler-machines.com\/wp-content\/uploads\/2024\/11\/briquette-machine-for-scrap-metal-16x12.webp 16w\" sizes=\"auto, (max-width: 720px) 100vw, 720px\" \/><figcaption class=\"wp-element-caption\">M\u00e1quina de briquetas para chatarra<\/figcaption><\/figure>    <figure class=\"wp-block-image size-large\"><img loading=\"lazy\" decoding=\"async\" width=\"720\" height=\"540\" data-id=\"4024\" src=\"https:\/\/www.baler-machines.com\/wp-content\/uploads\/2024\/11\/metal-chips-briquetting-press-machine.webp\" alt=\"Prensa briquetadora de virutas de metal\" class=\"wp-image-4024\" title=\"\" srcset=\"https:\/\/www.baler-machines.com\/wp-content\/uploads\/2024\/11\/metal-chips-briquetting-press-machine.webp 720w, https:\/\/www.baler-machines.com\/wp-content\/uploads\/2024\/11\/metal-chips-briquetting-press-machine-16x12.webp 16w\" sizes=\"auto, (max-width: 720px) 100vw, 720px\" \/><figcaption class=\"wp-element-caption\">M\u00e1quina de prensa briquetadora de virutas de metal<\/figcaption><\/figure> <\/figure>    <h2 class=\"wp-block-heading\"><strong>Par\u00e1metros t\u00e9cnicos de la prensa briquetadora de metales.<\/strong><\/h2>    <figure class=\"wp-block-table\"><table><tbody><tr><td>Modelo<\/td><td>SL-70T<\/td><td>SL-200T<\/td><\/tr><tr><td>Presi\u00f3n del equipo<\/td><td>700 nudos<\/td><td>2000kn<\/td><\/tr><tr><td>Di\u00e1metro de la torta<\/td><td>80mm<\/td><td>100-160 mm, personalizado seg\u00fan diferentes materiales.<\/td><\/tr><tr><td>Tama\u00f1o de la abertura de alimentaci\u00f3n<\/td><td>600 mm-600 mm<\/td><td>800 mm-800 mm<\/td><\/tr><tr><td>bomba de aceite hidraulico<\/td><td>bomba de engranajes F525<\/td><td>Bomba de pist\u00f3n tipo 63<\/td><\/tr><tr><td>Potencia del equipo<\/td><td>Cobre puro est\u00e1ndar nacional de 5,5 kW.<\/td><td>cobre puro de 15kw<\/td><\/tr><tr><td>control del sistema<\/td><td>Control autom\u00e1tico PLC<\/td><td>Control autom\u00e1tico PLC<\/td><\/tr><tr><td>M\u00e9todo de enfriamiento<\/td><td>Refrigeraci\u00f3n por aire<\/td><td>Refrigeraci\u00f3n por aire<\/td><\/tr><tr><td>tiempo de moldeo<\/td><td>Aproximadamente 20-25 segundos\/unidad<\/td><td>Aprox. 25 segundos\/pz<\/td><\/tr><tr><td>M\u00e9todo de alimentaci\u00f3n<\/td><td>Alimentaci\u00f3n cuantitativa de tornillo<\/td><td>Alimentaci\u00f3n cuantitativa de tornillo<\/td><\/tr><tr><td>Modo de operaci\u00f3n<\/td><td>Manual+autom\u00e1tico<\/td><td>Manual+autom\u00e1tico<\/td><\/tr><tr><td>Capacidad del tanque de combustible<\/td><td>100L<\/td><td>400L<\/td><\/tr><tr><td>Tama\u00f1o<\/td><td>1200*1100*1100mm<\/td><td>2100*1400*1400mm<\/td><\/tr><\/tbody><\/table><figcaption class=\"wp-element-caption\">especificaciones del compactador de virutas de metal<\/figcaption><\/figure>    <h2 class=\"wp-block-heading\"><strong>Estructura de briquetadora de virutas de aluminio.<\/strong><\/h2>    <p>La m\u00e1quina consta de entrada, salida, pantalla PLC, tornillo, etc. La estructura es simple, f\u00e1cil de entender y muy c\u00f3moda de operar.<\/p>    <figure class=\"wp-block-gallery has-nested-images columns-default is-cropped wp-block-gallery-3 is-layout-flex wp-block-gallery-is-layout-flex\"> <figure class=\"wp-block-image size-large\"><img loading=\"lazy\" decoding=\"async\" width=\"720\" height=\"540\" data-id=\"3448\" src=\"https:\/\/www.baler-machines.com\/wp-content\/uploads\/2023\/11\/aluminum-chip-briquetting-machine.webp\" alt=\"m\u00e1quina briquetadora de virutas de aluminio\" class=\"wp-image-3448\" title=\"\"><figcaption class=\"wp-element-caption\">M\u00e1quina briquetadora de virutas de aluminio<\/figcaption><\/figure>    <figure class=\"wp-block-image size-full\"><img loading=\"lazy\" decoding=\"async\" width=\"720\" height=\"540\" data-id=\"4027\" src=\"https:\/\/www.baler-machines.com\/wp-content\/uploads\/2024\/11\/back-side-of-metal-swarf-compactor-machine.webp\" alt=\"parte trasera de la m\u00e1quina compactadora de virutas met\u00e1licas\" class=\"wp-image-4027\" title=\"\" srcset=\"https:\/\/www.baler-machines.com\/wp-content\/uploads\/2024\/11\/back-side-of-metal-swarf-compactor-machine.webp 720w, https:\/\/www.baler-machines.com\/wp-content\/uploads\/2024\/11\/back-side-of-metal-swarf-compactor-machine-16x12.webp 16w\" sizes=\"auto, (max-width: 720px) 100vw, 720px\" \/><figcaption class=\"wp-element-caption\">Parte posterior de la m\u00e1quina compactadora de virutas de metal<\/figcaption><\/figure> <\/figure>    <figure class=\"wp-block-gallery has-nested-images columns-default is-cropped wp-block-gallery-4 is-layout-flex wp-block-gallery-is-layout-flex\"> <figure class=\"wp-block-image size-large\"><img loading=\"lazy\" decoding=\"async\" width=\"720\" height=\"540\" data-id=\"4025\" src=\"https:\/\/www.baler-machines.com\/wp-content\/uploads\/2024\/11\/PLC-control-panel.webp\" alt=\"Panel de control PLC\" class=\"wp-image-4025\" title=\"\" srcset=\"https:\/\/www.baler-machines.com\/wp-content\/uploads\/2024\/11\/PLC-control-panel.webp 720w, https:\/\/www.baler-machines.com\/wp-content\/uploads\/2024\/11\/PLC-control-panel-16x12.webp 16w\" sizes=\"auto, (max-width: 720px) 100vw, 720px\" \/><figcaption class=\"wp-element-caption\">Panel De Control Plc<\/figcaption><\/figure>    <figure class=\"wp-block-image size-large\"><img loading=\"lazy\" decoding=\"async\" width=\"720\" height=\"540\" data-id=\"4026\" src=\"https:\/\/www.baler-machines.com\/wp-content\/uploads\/2024\/11\/screw-quantitative-feeding.webp\" alt=\"alimentaci\u00f3n cuantitativa por tornillo\" class=\"wp-image-4026\" title=\"\" srcset=\"https:\/\/www.baler-machines.com\/wp-content\/uploads\/2024\/11\/screw-quantitative-feeding.webp 720w, https:\/\/www.baler-machines.com\/wp-content\/uploads\/2024\/11\/screw-quantitative-feeding-16x12.webp 16w\" sizes=\"auto, (max-width: 720px) 100vw, 720px\" \/><figcaption class=\"wp-element-caption\">Alimentaci\u00f3n cuantitativa de tornillo<\/figcaption><\/figure> <\/figure>    <h2 class=\"wp-block-heading\"><strong>\u00bfC\u00f3mo funciona la prensa briquetadora para virutas de metal?<\/strong><\/h2>    <p>La prensa briquetadora de metal comprime las virutas de metal sueltas en bloques de alta densidad a trav\u00e9s del sistema hidr\u00e1ulico y su principio de funcionamiento es el siguiente:<\/p>    <ul class=\"wp-block-list\"> <li><strong>Alimentaci\u00f3n<\/strong>: las virutas de metal se introducen en la c\u00e1mara de briquetas de la m\u00e1quina briquetadora de metales a trav\u00e9s del dispositivo de alimentaci\u00f3n cuantitativa de tornillo.<\/li>    <li><strong>Presi\u00f3n hidr\u00e1ulica<\/strong>: el sistema hidr\u00e1ulico proporciona alta presi\u00f3n para comprimir las virutas de metal en bloques de alta densidad.<\/li>    <li><strong>formando<\/strong>: las virutas de chatarra se presionan para formar pasteles redondos seg\u00fan sea necesario.<\/li>    <li><strong>Descarga<\/strong>: los productos finales se descargan de la salida.<\/li> <\/ul>    <figure class=\"wp-block-embed is-type-video is-provider-youtube wp-block-embed-youtube wp-embed-aspect-16-9 wp-has-aspect-ratio\"><div class=\"wp-block-embed__wrapper\"> <iframe loading=\"lazy\" title=\"M\u00e1quina de briquetizaci\u00f3n de metal para chips de aluminio Proceso de briqueting | Potente prensa de briqueta de aluminio\" width=\"500\" height=\"281\" src=\"https:\/\/www.youtube.com\/embed\/r9arEui4RBQ?feature=oembed\" frameborder=\"0\" allow=\"accelerometer; autoplay; clipboard-write; encrypted-media; gyroscope; picture-in-picture; web-share\" referrerpolicy=\"strict-origin-when-cross-origin\" allowfullscreen><\/iframe> <\/div><figcaption class=\"wp-element-caption\">chips de aluminio Briquetting Press<\/figcaption><\/figure>    <h2 class=\"wp-block-heading\"><strong>\u00bfCu\u00e1l es el precio de la m\u00e1quina de briquetas de virutas de aluminio?<\/strong><\/h2>    <p>El precio de la m\u00e1quina briquetadora de metal Shuliy var\u00eda seg\u00fan el modelo, el rendimiento y la configuraci\u00f3n. Los principales factores que influyen incluyen:<\/p>    <ul class=\"wp-block-list\"> <li><strong>Tama\u00f1o de presi\u00f3n<\/strong>: cuanto mayor es la presi\u00f3n, mayor es la capacidad de procesamiento y mayor el precio.<\/li>    <li><strong>Tama\u00f1o del equipo<\/strong>: cuanto mayor sea el equipo, mayor ser\u00e1 el precio.<\/li>    <li><strong>Necesidades de personalizaci\u00f3n<\/strong>: el precio es m\u00e1s elevado para las m\u00e1quinas personalizadas seg\u00fan las necesidades del cliente.<\/li>    <li><strong>Marca y soporte t\u00e9cnico.<\/strong>: Las marcas conocidas y el perfecto servicio postventa afectar\u00e1n el precio.<\/li> <\/ul>    <p>Para conocer un precio espec\u00edfico, comun\u00edquese con nosotros para obtener una cotizaci\u00f3n de la briquetadora de virutas de aluminio adecuada a sus necesidades.<\/p>    <figure class=\"wp-block-gallery has-nested-images columns-default is-cropped wp-block-gallery-5 is-layout-flex wp-block-gallery-is-layout-flex\"> <figure class=\"wp-block-image size-large\"><img loading=\"lazy\" decoding=\"async\" width=\"720\" height=\"720\" data-id=\"4028\" src=\"https:\/\/www.baler-machines.com\/wp-content\/uploads\/2024\/11\/metal-chip-briquetter-factory.webp\" alt=\"f\u00e1brica de briqueteadoras de virutas met\u00e1licas\" class=\"wp-image-4028\" title=\"\" srcset=\"https:\/\/www.baler-machines.com\/wp-content\/uploads\/2024\/11\/metal-chip-briquetter-factory.webp 720w, https:\/\/www.baler-machines.com\/wp-content\/uploads\/2024\/11\/metal-chip-briquetter-factory-12x12.webp 12w\" sizes=\"auto, (max-width: 720px) 100vw, 720px\" \/><figcaption class=\"wp-element-caption\">F\u00e1brica de briquetas de virutas de metal<\/figcaption><\/figure>    <figure class=\"wp-block-image size-large\"><img loading=\"lazy\" decoding=\"async\" width=\"720\" height=\"720\" data-id=\"4029\" src=\"https:\/\/www.baler-machines.com\/wp-content\/uploads\/2024\/11\/scrap-metal-chips-briquette-machine-manufacturer.webp\" alt=\"fabricante de m\u00e1quinas briqueteadoras de chatarra met\u00e1lica\" class=\"wp-image-4029\" title=\"\" srcset=\"https:\/\/www.baler-machines.com\/wp-content\/uploads\/2024\/11\/scrap-metal-chips-briquette-machine-manufacturer.webp 720w, https:\/\/www.baler-machines.com\/wp-content\/uploads\/2024\/11\/scrap-metal-chips-briquette-machine-manufacturer-12x12.webp 12w\" sizes=\"auto, (max-width: 720px) 100vw, 720px\" \/><figcaption class=\"wp-element-caption\">Fabricante de m\u00e1quinas briquetadoras de virutas de chatarra<\/figcaption><\/figure> <\/figure>    <h2 class=\"wp-block-heading\"><strong>\u00bfPor qu\u00e9 elegir este tipo de prensa briquetadora de metales?<\/strong><\/h2>    <p class=\"translation-block\">Como fabricante y proveedor profesional de m\u00e1quinas de reciclaje de metales, tenemos diferentes briquetadoras de virutas de aluminio, como la <a href=\"https:\/\/www.baler-machines.com\/es\/scrap-metal-chip-briquette-machine\/\">prensa briquetadora de virutas de metal vertical<\/a>. Las razones para elegir esta prensa briquetadora de metal de desecho son las siguientes:<\/p>    <ul class=\"wp-block-list\"> <li><strong>Operaci\u00f3n sencilla<\/strong>: sistema de control inteligente, compatible con funcionamiento autom\u00e1tico, f\u00e1cil de usar.<\/li>    <li><strong>Precio asequible<\/strong>: el precio de esta m\u00e1quina es menor al tratarse de la misma materia prima.<\/li>    <li><strong>Transporte conveniente<\/strong>: esta m\u00e1quina compactadora de virutas de metal es m\u00e1s peque\u00f1a, m\u00e1s liviana, f\u00e1cil de cargar y descargar y se puede envolver para su transporte.<\/li> <\/ul>    <h2 class=\"wp-block-heading\"><strong>Dispositivos coincidentes relacionados<\/strong><\/h2>    <div class=\"wp-block-columns is-layout-flex wp-container-core-columns-is-layout-9d6595d7 wp-block-columns-is-layout-flex\"> <div class=\"wp-block-column is-layout-flow wp-block-column-is-layout-flow\"> <figure class=\"wp-block-image size-full\"><img loading=\"lazy\" decoding=\"async\" width=\"720\" height=\"720\" src=\"https:\/\/www.baler-machines.com\/wp-content\/uploads\/2024\/11\/aluminum-chip-briquette-press-machine-with-elevator.webp\" alt=\"Prensa de briquetas de virutas de aluminio con elevador\" class=\"wp-image-4020\" title=\"\" srcset=\"https:\/\/www.baler-machines.com\/wp-content\/uploads\/2024\/11\/aluminum-chip-briquette-press-machine-with-elevator.webp 720w, https:\/\/www.baler-machines.com\/wp-content\/uploads\/2024\/11\/aluminum-chip-briquette-press-machine-with-elevator-12x12.webp 12w\" sizes=\"auto, (max-width: 720px) 100vw, 720px\" \/><figcaption class=\"wp-element-caption\">Prensa de briquetas de virutas de aluminio con elevador<\/figcaption><\/figure> <\/div>    <div class=\"wp-block-column is-vertically-aligned-center is-layout-flow wp-block-column-is-layout-flow\"> <p class=\"has-text-align-center translation-block\"><strong>Prensa briquetadora de metal con elevador<\/strong><\/p>    <p>El transportador transporta las virutas de metal directamente a la abertura de alimentaci\u00f3n de la m\u00e1quina briquetadora, ahorrando mano de obra.<\/p>    <p>Esta colocaci\u00f3n realiza la alimentaci\u00f3n autom\u00e1tica de virutas de metal y mejora la eficiencia de producci\u00f3n.<\/p>    <p>La elecci\u00f3n adecuada del transportador depende del tama\u00f1o del equipo que elija.<\/p>    <p>Si desea conocer la informaci\u00f3n detallada, \u00a1bienvenido a contactarnos!<\/p> <\/div> <\/div>    <div class=\"wp-block-columns is-layout-flex wp-container-core-columns-is-layout-9d6595d7 wp-block-columns-is-layout-flex\"> <div class=\"wp-block-column is-layout-flow wp-block-column-is-layout-flow\"> <figure class=\"wp-block-image size-full\"><img loading=\"lazy\" decoding=\"async\" width=\"720\" height=\"540\" src=\"https:\/\/www.baler-machines.com\/wp-content\/uploads\/2024\/11\/small-metal-shredder.webp\" alt=\"peque\u00f1a trituradora de metal\" class=\"wp-image-4021\" title=\"\" srcset=\"https:\/\/www.baler-machines.com\/wp-content\/uploads\/2024\/11\/small-metal-shredder.webp 720w, https:\/\/www.baler-machines.com\/wp-content\/uploads\/2024\/11\/small-metal-shredder-16x12.webp 16w\" sizes=\"auto, (max-width: 720px) 100vw, 720px\" \/><figcaption class=\"wp-element-caption\">Trituradora de metal peque\u00f1a<\/figcaption><\/figure> <\/div>    <div class=\"wp-block-column is-vertically-aligned-center is-layout-flow wp-block-column-is-layout-flow\"> <p class=\"has-text-align-center translation-block\"><strong>Trituradora de metal<\/strong><\/p>    <p>Esta trituradora de doble eje pulveriza restos de metal m\u00e1s grandes en virutas m\u00e1s finas que son m\u00e1s f\u00e1ciles de manipular.<\/p>    <p>Trabaja con el compactador de virutas de metal para formar una l\u00ednea de m\u00e1quina briquetadora de virutas de metal completamente autom\u00e1tica.<\/p> <\/div> <\/div>    <p class=\"translation-block\">\u00bfEst\u00e1 buscando equipos de procesamiento de metales para <a href=\"https:\/\/es.wikipedia.org\/wiki\/Viruta\" target=\"_blank\" rel=\"noopener\">virutas de metal<\/a>? Si es as\u00ed, cont\u00e1ctenos ahora y le proporcionaremos la soluci\u00f3n m\u00e1s adecuada para satisfacer sus demandas de reciclaje.<\/p>    <figure class=\"wp-block-embed is-type-video is-provider-youtube wp-block-embed-youtube wp-embed-aspect-16-9 wp-has-aspect-ratio\"><div class=\"wp-block-embed__wrapper\"> <iframe loading=\"lazy\" title=\"\u00bfC\u00f3mo presionar chips de metal en Briquettes? Shredder de metal y reciclaje de m\u00e1quinas de aluminio\" width=\"500\" height=\"281\" src=\"https:\/\/www.youtube.com\/embed\/2tKM0zjwBpQ?feature=oembed\" frameborder=\"0\" allow=\"accelerometer; autoplay; clipboard-write; encrypted-media; gyroscope; picture-in-picture; web-share\" referrerpolicy=\"strict-origin-when-cross-origin\" allowfullscreen><\/iframe> <\/div><figcaption class=\"wp-element-caption\">Video de la m\u00e1quina de briqueta de metal y la trituradora<\/figcaption><\/figure>","protected":false},"excerpt":{"rendered":"<p>La prensa briquetadora de metal Shuliy puede exprimir todo tipo de polvo met\u00e1lico, virutas de cobre, virutas de aluminio, virutas de hierro, virutas de madera, etc. en formas de pasteles redondos.<\/p>","protected":false},"author":1,"featured_media":4019,"parent":0,"template":"","tags":[414,639],"product-type":[563],"class_list":["post-4013","product","type-product","status-publish","has-post-thumbnail","hentry","tag-baler","tag-metal-briquetting","product-type-baler-machine"],"_links":{"self":[{"href":"https:\/\/www.baler-machines.com\/es\/wp-json\/wp\/v2\/product\/4013","targetHints":{"allow":["GET"]}}],"collection":[{"href":"https:\/\/www.baler-machines.com\/es\/wp-json\/wp\/v2\/product"}],"about":[{"href":"https:\/\/www.baler-machines.com\/es\/wp-json\/wp\/v2\/types\/product"}],"author":[{"embeddable":true,"href":"https:\/\/www.baler-machines.com\/es\/wp-json\/wp\/v2\/users\/1"}],"wp:featuredmedia":[{"embeddable":true,"href":"https:\/\/www.baler-machines.com\/es\/wp-json\/wp\/v2\/media\/4019"}],"wp:attachment":[{"href":"https:\/\/www.baler-machines.com\/es\/wp-json\/wp\/v2\/media?parent=4013"}],"wp:term":[{"taxonomy":"post_tag","embeddable":true,"href":"https:\/\/www.baler-machines.com\/es\/wp-json\/wp\/v2\/tags?post=4013"},{"taxonomy":"product-type","embeddable":true,"href":"https:\/\/www.baler-machines.com\/es\/wp-json\/wp\/v2\/product-type?post=4013"}],"curies":[{"name":"wp","href":"https:\/\/api.w.org\/{rel}","templated":true}]}}