{"id":391,"date":"2019-12-13T08:37:01","date_gmt":"2019-12-13T08:37:01","guid":{"rendered":"https:\/\/www.baler-machines.com\/?p=391"},"modified":"2024-11-29T10:49:26","modified_gmt":"2024-11-29T02:49:26","slug":"scrap-metal-chip-briquette-machine","status":"publish","type":"product","link":"https:\/\/www.baler-machines.com\/es\/scrap-metal-chip-briquette-machine\/","title":{"rendered":"M\u00e1quina briquetadora de virutas de metal | Briquetadora de virutas de aluminio"},"content":{"rendered":"<p class=\"translation-block\">La m\u00e1quina briquetadora de virutas met\u00e1licas es un tipo de m\u00e1quina de reciclaje para diversos desechos met\u00e1licos. En diversas plantas de acero, hay muchos desechos met\u00e1licos y recortes de chatarra todos los d\u00edas, por lo que existe una m\u00e1quina briquetadora de metales para procesar y reciclar diversos desechos. No solo tenemos esta m\u00e1quina, sino tambi\u00e9n la empacadora de metales, <a href=\"https:\/\/www.baler-machines.com\/es\/metal-shears\/\" target=\"_blank\" rel=\"noreferrer noopener\">m\u00e1quina cizalla<\/a>, <a href=\"https:\/\/www.baler-machines.com\/es\/industrial-shredder\/\" target=\"_blank\" rel=\"noreferrer noopener\">trituradora<\/a>, etc., todas las cuales pueden procesar m\u00e1quinas de metal y chatarra. Si est\u00e1 interesado, bienvenido a contactarnos.<\/p>    <h2 class=\"wp-block-heading\"><strong>\u00bfQu\u00e9 es una m\u00e1quina briquetadora de metal?<\/strong><\/h2>    <p>La m\u00e1quina briquetadora autom\u00e1tica de virutas de chatarra (briquetadora vertical de metal, m\u00e1quina prensadora hidr\u00e1ulica de polvo met\u00e1lico) es un importante equipo de reciclaje de recursos de desechos met\u00e1licos para briquetar diversas virutas de metal y polvo met\u00e1lico, como chatarra de hierro, virutas de hierro y aluminio, virutas de cobre y acero. etc\u00e9tera. Esta briquetadora de virutas de metal puede prensar en fr\u00edo diversos desechos de metal en polvo o granulados directamente en tortas cil\u00edndricas de 3 a 15 kg para facilitar el transporte y la operaci\u00f3n del horno. Todo el proceso de briquetas no requiere altas temperaturas, aditivos ni otros procesos. La densidad de la chatarra de acero despu\u00e9s del briquetado puede alcanzar 5-6 toneladas T\/m\u00b3.<\/p>    <figure class=\"wp-block-gallery aligncenter has-nested-images columns-default is-cropped wp-block-gallery-2 is-layout-flex wp-block-gallery-is-layout-flex\"> <figure class=\"wp-block-image size-large\"><img loading=\"lazy\" decoding=\"async\" width=\"720\" height=\"540\" data-id=\"392\" src=\"https:\/\/www.baler-machines.com\/wp-content\/uploads\/2019\/12\/Shuliy-scrap-metal-briquetting-machine-for-sale.jpg\" alt=\"M\u00e1quina briquetadora de chatarra Shuliy a la venta\" class=\"wp-image-392\" title=\"\"><figcaption>M\u00e1quina briquetadora de chatarra Shuliy a la venta<\/figcaption><\/figure>    <figure class=\"wp-block-image size-large\"><img loading=\"lazy\" decoding=\"async\" width=\"720\" height=\"540\" data-id=\"402\" src=\"https:\/\/www.baler-machines.com\/wp-content\/uploads\/2019\/12\/Aluminum-scrap-Briquettes-2.jpg\" alt=\"Briquetas-Chatarra-Aluminio\" class=\"wp-image-402\" title=\"\"><figcaption>Briquetas de chatarra de aluminio<\/figcaption><\/figure> <\/figure>    <h2 class=\"wp-block-heading\" id=\"h-why-use-the-metal-chip-briquetter\"><strong>\u00bfPor qu\u00e9 utilizar la briquetadora de virutas de metal?<\/strong><\/h2>    <p>En la actualidad, la mayor\u00eda de las plantas procesadoras de metales y fundiciones de acero no prestan suficiente atenci\u00f3n al tratamiento de chatarra y virutas de metal. La mayor\u00eda de los desechos de metal se apilan al azar, lo que no solo provocar\u00e1 un desperdicio de recursos, sino que tambi\u00e9n provocar\u00e1 una grave contaminaci\u00f3n ambiental. <\/p>    <figure class=\"wp-block-gallery aligncenter has-nested-images columns-default is-cropped wp-block-gallery-3 is-layout-flex wp-block-gallery-is-layout-flex\"> <figure class=\"wp-block-image size-large\"><img loading=\"lazy\" decoding=\"async\" width=\"405\" height=\"540\" data-id=\"394\" src=\"https:\/\/www.baler-machines.com\/wp-content\/uploads\/2019\/12\/vertical-metal-briquette-machine-manufacturing.jpg\" alt=\"m\u00e1quina-briquetadora-vertical-de-metal-fabricaci\u00f3n\" class=\"wp-image-394\" title=\"\"><figcaption>Fabricaci\u00f3n-de-m\u00e1quina-de-briquetas-de-metal-vertical<\/figcaption><\/figure>    <figure class=\"wp-block-image size-large\"><img loading=\"lazy\" decoding=\"async\" width=\"405\" height=\"540\" data-id=\"395\" src=\"https:\/\/www.baler-machines.com\/wp-content\/uploads\/2019\/12\/hydraulic-metal-chip-briquette-machine-for-sale.jpg\" alt=\"m\u00e1quina-briquetadora-hidr\u00e1ulica-de-virutas-de-metal-a-la-venta\" class=\"wp-image-395\" title=\"\"><figcaption>M\u00e1quina hidr\u00e1ulica de briquetas de virutas de metal a la venta<\/figcaption><\/figure> <\/figure>    <p>Especialmente en algunas pilas de virutas de metal al aire libre a gran escala, la mayor\u00eda de las virutas de metal se env\u00edan en bolsas o cajas de hierro y luego se env\u00edan a otros lugares mediante el carro que transporta las virutas de metal. Durante todo el proceso, las virutas de metal caer\u00e1n en varios lugares, provocando contaminaci\u00f3n del suelo y desperdicio de recursos. La m\u00e1quina briquetadora de virutas de metal puede comprimir la mayor\u00eda de los materiales de chatarra en un cilindro y en bloques de varios tama\u00f1os, lo que puede reducir efectivamente el desperdicio de recursos met\u00e1licos y reducir los costos de transporte.<\/p>    <h2 class=\"wp-block-heading\"><strong>Aplicaciones de la m\u00e1quina briquetadora de metales a la venta.<\/strong><\/h2>    <p>Puede devolver virutas de aluminio, virutas de acero, polvo de hierro, virutas de cobre y otras briquetas al horno. Reemplace la chatarra de acero, las virutas de hierro, los lingotes de aluminio y la chatarra de cobre como materias primas para reducir el desgaste. Esta m\u00e1quina briquetadora de metal hidr\u00e1ulica puede briquetar estos desechos de metal en forma cil\u00edndrica con diferentes di\u00e1metros y longitudes ajustables.<\/p>   <div class=\"wp-block-image\"> <figure class=\"aligncenter size-full\"><img loading=\"lazy\" decoding=\"async\" width=\"720\" height=\"325\" src=\"https:\/\/www.baler-machines.com\/wp-content\/uploads\/2022\/08\/scrap-metal-to-be-briquetted.webp\" alt=\"chatarra para briquetar\" class=\"wp-image-2577\" title=\"\"><figcaption>chatarra para briquetar<\/figcaption><\/figure> <\/div>   <p>Esta m\u00e1quina briquetadora vertical de virutas de chatarra se utiliza ampliamente en plantas de perfiles de aleaci\u00f3n de aluminio, plantas de fundici\u00f3n de acero, plantas de fundici\u00f3n de aluminio, plantas de fundici\u00f3n de cobre y la mayor\u00eda de las estaciones de reciclaje de recursos de metales residuales.<\/p>   <div class=\"wp-block-image\"> <figure class=\"aligncenter size-full\"><img loading=\"lazy\" decoding=\"async\" width=\"720\" height=\"540\" src=\"https:\/\/www.baler-machines.com\/wp-content\/uploads\/2022\/08\/final-products-of-the-metal-chip-briquetter.webp\" alt=\"\" class=\"wp-image-2578\" title=\"\"><figcaption>Productos finales de la briquetadora de virutas de metal.<\/figcaption><\/figure> <\/div>   <h2 class=\"wp-block-heading\" id=\"h-what-composes-the-aluminum-chip-briquetter\"><strong>\u00bfQu\u00e9 compone la briquetadora de virutas de aluminio?<\/strong><\/h2>    <p>La m\u00e1quina briquetadora de virutas de metal completamente autom\u00e1tica adopta un programa de control PLC inteligente, sus componentes principales: la estructura principal est\u00e1 hecha de una estructura de viga superior e inferior de acero fundido, duradera y nunca deformada. <\/p>    <p>Las cuatro columnas hidr\u00e1ulicas adoptan tecnolog\u00eda avanzada de cromado, que es hermosa y elegante, segura y confiable. El tanque de aceite hidr\u00e1ulico se utiliza para almacenar el medio de trabajo. El aceite hidr\u00e1ulico es aceite hidr\u00e1ulico antidesgaste 46 #. <\/p>   <div class=\"wp-block-image\"> <figure class=\"aligncenter size-full\"><img loading=\"lazy\" decoding=\"async\" width=\"720\" height=\"540\" src=\"https:\/\/www.baler-machines.com\/wp-content\/uploads\/2022\/08\/structure-of-the-metal-chip-briquetting-machine.webp\" alt=\"Estructura de la m\u00e1quina briquetadora de virutas de metal.\" class=\"wp-image-2574\" title=\"\"><figcaption>Estructura de la m\u00e1quina briquetadora de virutas de metal.<\/figcaption><\/figure> <\/div>   <p>El sistema de control el\u00e9ctrico de la m\u00e1quina briquetadora de aluminio se utiliza para controlar la acci\u00f3n de cada cilindro. El grupo de v\u00e1lvulas hidr\u00e1ulicas de la m\u00e1quina prensadora de virutas de metal utiliza un circuito de aceite de gran di\u00e1metro y alta densidad, que tiene un gran caudal y una velocidad r\u00e1pida. <\/p>    <p>El sistema de energ\u00eda de la m\u00e1quina est\u00e1 compuesto por un motor y una bomba de aceite, con alta calidad, operaci\u00f3n estable, baja tasa de fallas y gran capacidad de trabajo continuo.<\/p>    <h2 class=\"wp-block-heading\"><strong>\u00bfC\u00f3mo funciona una m\u00e1quina briquetadora de metal?<\/strong><\/h2>    <p>De hecho, esta m\u00e1quina funciona principalmente con presi\u00f3n hidr\u00e1ulica para exprimir la chatarra que se va a procesar, y la energ\u00eda se utiliza para generar electricidad.<\/p>    <p>Primero, la chatarra de metal se coloca en el contenedor de almacenamiento.<\/p>    <p>En segundo lugar, la chatarra ingresa al molino de formaci\u00f3n y se forma gradualmente bajo la extrusi\u00f3n constante del cilindro hidr\u00e1ulico.<\/p>    <p>Finalmente se le da forma a la chatarra y se completa todo el proceso, produciendo unas 4 o 5 piezas por minuto. Luego se repite el proceso nuevamente.<\/p>   <div class=\"wp-block-image\"> <figure class=\"aligncenter size-full\"><img loading=\"lazy\" decoding=\"async\" width=\"540\" height=\"540\" src=\"https:\/\/www.baler-machines.com\/wp-content\/uploads\/2019\/12\/aluminum-briquettes-production-line.jpg\" alt=\"l\u00ednea-de-producci\u00f3n-de-briquetas-de-aluminio\" class=\"wp-image-396\" title=\"\"><figcaption>L\u00ednea de producci\u00f3n de briquetas de aluminio.<\/figcaption><\/figure> <\/div>   <h2 class=\"wp-block-heading\" id=\"h-spotlights-of-recycle-waste-metal-chip-briquetting-machine\"><strong><strong>Focos de la m\u00e1quina briquetadora de virutas de metal reciclado<\/strong><\/strong><\/h2>    <ol class=\"wp-block-list\"><li><strong>L\u00ednea de producci\u00f3n de briquetas de virutas de metal completamente autom\u00e1tica<\/strong>. La m\u00e1quina briquetadora de virutas de aluminio se puede utilizar con equipos de transporte autom\u00e1tico. La l\u00ednea de producci\u00f3n de briquetas de virutas de metal incluye grandes silos de almacenamiento de virutas de acero, transportadores, compresores de aire, trituradoras de virutas de acero y otros equipos auxiliares. Como <a href=\"https:\/\/www.baler-machines.com\/es\/\" target=\"_blank\" rel=\"noreferrer noopener\">un fabricante profesional de equipos de reciclaje de metales<\/a>, our machines can meet customers&#8217; needs for highly automated production and reduce labor costs.<\/li><li><strong>Diferentes modelos y capacidades de producci\u00f3n.<\/strong>. La m\u00e1quina briquetadora de aluminio tiene amplias gamas. Podemos elegir el modelo y las especificaciones de las m\u00e1quinas briquetadoras de acero para los clientes seg\u00fan sus necesidades espec\u00edficas. <\/li><li><strong>Personalizaci\u00f3n<\/strong>. Tambi\u00e9n podemos ayudar a los clientes a personalizar las formas y tama\u00f1os de los productos finales. La m\u00e1quina briquetadora de virutas de metal es un producto que dise\u00f1amos y fabricamos de forma independiente, que es f\u00e1cil de usar, de alta eficiencia y con un rendimiento estable del producto.<\/li><li>Automatizaci\u00f3n, baja tasa de fallas, f\u00e1cil mantenimiento.<\/li><li>Ahorro de costos, transporte conveniente y puede generar ganancias nuevamente.<\/li><li>Estructura compacta, funcionamiento suave y larga vida \u00fatil.<\/li><\/ol>    <figure class=\"wp-block-gallery aligncenter has-nested-images columns-default is-cropped wp-block-gallery-4 is-layout-flex wp-block-gallery-is-layout-flex\"> <figure class=\"wp-block-image size-large\"><img loading=\"lazy\" decoding=\"async\" width=\"552\" height=\"540\" data-id=\"399\" src=\"https:\/\/www.baler-machines.com\/wp-content\/uploads\/2019\/12\/Waste-metal-briquettes-1.jpg\" alt=\"Briquetas de metal de desecho\" class=\"wp-image-399\" title=\"\"><figcaption>Briquetas de residuos met\u00e1licos<\/figcaption><\/figure>    <figure class=\"wp-block-image size-full\"><img loading=\"lazy\" decoding=\"async\" width=\"540\" height=\"540\" data-id=\"400\" src=\"https:\/\/www.baler-machines.com\/wp-content\/uploads\/2019\/12\/Production-site-of-our-Philippines-customer.jpg\" alt=\"Sitio-de-producci\u00f3n-de-nuestro-cliente-de-Filipinas\" class=\"wp-image-400\" title=\"\"><figcaption>Sitio de producci\u00f3n de nuestro cliente de Filipinas<\/figcaption><\/figure> <\/figure>    <h2 class=\"wp-block-heading\"><strong>\u00bfC\u00f3mo utilizar la briquetadora de virutas de aluminio de forma segura?<\/strong><\/h2>    <ol class=\"wp-block-list\"><li>Reconozca la fuente de alimentaci\u00f3n utilizada por la m\u00e1quina y no enchufe la fuente de alimentaci\u00f3n incorrecta.<\/li><li>Recuerde desconectar la fuente de alimentaci\u00f3n cuando no utilice la m\u00e1quina briquetadora de metal.<\/li><li>No reemplace las piezas de la m\u00e1quina a voluntad.<\/li><li>Verificar oportunamente el uso de aceite hidr\u00e1ulico para evitar tiempos de inactividad durante el trabajo.<\/li><li>Verifique la m\u00e1quina despu\u00e9s de su uso y realice varios registros despu\u00e9s de confirmar que es correcta.<\/li><\/ol>    <h2 class=\"wp-block-heading\" id=\"h-working-video-of-the-metal-chip-briquetting-machine\"><strong>V\u00eddeo de funcionamiento de la m\u00e1quina briquetadora de virutas de metal.<\/strong><\/h2>    <figure class=\"wp-block-embed is-type-video is-provider-youtube wp-block-embed-youtube wp-embed-aspect-16-9 wp-has-aspect-ratio\"><div class=\"wp-block-embed__wrapper\"> <iframe loading=\"lazy\" title=\"M\u00e1quina briquetadora de metales hidr\u00e1ulica |  Briquetadora de virutas de chatarra | m\u00e1quina de prensa de polvo de metal\" width=\"500\" height=\"281\" src=\"https:\/\/www.youtube.com\/embed\/07kcFZtIdy4?feature=oembed\" frameborder=\"0\" allow=\"accelerometer; autoplay; clipboard-write; encrypted-media; gyroscope; picture-in-picture; web-share\" referrerpolicy=\"strict-origin-when-cross-origin\" allowfullscreen><\/iframe> <\/div><\/figure>    <figure class=\"wp-block-embed is-type-video is-provider-youtube wp-block-embed-youtube wp-embed-aspect-4-3 wp-has-aspect-ratio\"><div class=\"wp-block-embed__wrapper\"> <iframe loading=\"lazy\" title=\"Fabricante de m\u00e1quinas de reciclaje de desechos de chatarra | M\u00e1quina de briquetas de polvo con virutas de metal\" width=\"500\" height=\"375\" src=\"https:\/\/www.youtube.com\/embed\/keuAYiSAQrg?feature=oembed\" frameborder=\"0\" allow=\"accelerometer; autoplay; clipboard-write; encrypted-media; gyroscope; picture-in-picture; web-share\" referrerpolicy=\"strict-origin-when-cross-origin\" allowfullscreen><\/iframe> <\/div><\/figure>    <p>La m\u00e1quina briquetadora de polvo met\u00e1lico tambi\u00e9n es adecuada para prensar polvo de c\u00e1scara de coco. El siguiente es el video de c\u00f3mo exprimir el polvo de c\u00e1scara de coco, produciendo 4 ladrillos cada vez.<\/p>    <figure class=\"wp-block-embed is-type-video is-provider-youtube wp-block-embed-youtube wp-embed-aspect-16-9 wp-has-aspect-ratio\"><div class=\"wp-block-embed__wrapper\"> <iframe loading=\"lazy\" title=\"\u00bfC\u00f3mo hacer ladrillos en polvo de c\u00e1scara de coco de alta densidad? Compruebe la prensa hidr\u00e1ulica de ladrillos en polvo de coco\" width=\"500\" height=\"281\" src=\"https:\/\/www.youtube.com\/embed\/rbja9FX1p7E?feature=oembed\" frameborder=\"0\" allow=\"accelerometer; autoplay; clipboard-write; encrypted-media; gyroscope; picture-in-picture; web-share\" referrerpolicy=\"strict-origin-when-cross-origin\" allowfullscreen><\/iframe> <\/div><\/figure>    <p>M\u00e1quina briquetadora de polvo de fibra de coco, fabricando 1 ladrillo hueco cada vez.<\/p>    <figure class=\"wp-block-embed is-type-video is-provider-youtube wp-block-embed-youtube wp-embed-aspect-16-9 wp-has-aspect-ratio\"><div class=\"wp-block-embed__wrapper\"> <iframe loading=\"lazy\" title=\"\u00a1Ahora puedes hacer f\u00e1cilmente ladrillos huecos de coco usando una m\u00e1quina briquetadora de polvo de fibra de coco!\" width=\"500\" height=\"281\" src=\"https:\/\/www.youtube.com\/embed\/CVkJwZkr-GI?feature=oembed\" frameborder=\"0\" allow=\"accelerometer; autoplay; clipboard-write; encrypted-media; gyroscope; picture-in-picture; web-share\" referrerpolicy=\"strict-origin-when-cross-origin\" allowfullscreen><\/iframe> <\/div><\/figure>    <h2 class=\"wp-block-heading\" id=\"h-technical-parameters-of-the-metal-powder-press-machine\"><strong>Par\u00e1metros t\u00e9cnicos de la m\u00e1quina prensadora de polvo met\u00e1lico.<\/strong><\/h2>    <figure class=\"wp-block-table\"><table><tbody><tr><td>Modelo<\/td><td>Capacidad<\/td><td>Densidad<\/td><td>sistema de control<\/td><\/tr><tr><td>SL-315T<\/td><td>300-500kg\/h<\/td><td>2400kg\/m\u00b3<\/td><td>Control autom\u00e1tico PLC<strong><\/strong><\/td><\/tr><\/tbody><\/table><\/figure>    <p><\/p>    <h2 class=\"wp-block-heading\"><strong>Caso exitoso: <a href=\"https:\/\/www.baler-machines.com\/es\/shipping-300t-metal-chip-briquette-machine-to-italy\/\" target=\"_blank\" rel=\"noreferrer noopener\">M\u00e1quina briquetadora de virutas de metal exportada a Italia<\/a><\/strong><\/h2>    <p>Este cliente italiano tiene una f\u00e1brica de acero que produce cada d\u00eda muchas barras de acero y mucha chatarra. Por lo tanto, de acuerdo con la situaci\u00f3n de su f\u00e1brica, decidi\u00f3 comprar una m\u00e1quina para generar nuevamente ingresos con esta chatarra. <\/p>    <p>Despu\u00e9s de navegar por nuestro sitio web, le pareci\u00f3 muy adecuado, por lo que se puso en contacto con nosotros. Nuestro gerente de ventas le recomend\u00f3 esta m\u00e1quina briquetadora de metales seg\u00fan sus necesidades. Despu\u00e9s de revisar la informaci\u00f3n de la m\u00e1quina, como la configuraci\u00f3n de la m\u00e1quina, los par\u00e1metros de la m\u00e1quina, el v\u00eddeo de funcionamiento de la m\u00e1quina, etc., el cliente italiano qued\u00f3 muy satisfecho y firm\u00f3 el contrato con nosotros de inmediato. Tan pronto como la m\u00e1quina estuvo lista, organizamos el transporte a destino del cliente. Despu\u00e9s de recibir la m\u00e1quina, el cliente qued\u00f3 muy satisfecho. Tambi\u00e9n dijo que si hab\u00eda una oportunidad, pod\u00edamos cooperar de nuevo.<\/p>    <figure class=\"wp-block-gallery aligncenter has-nested-images columns-default is-cropped wp-block-gallery-5 is-layout-flex wp-block-gallery-is-layout-flex\"> <figure class=\"wp-block-image size-large\"><img loading=\"lazy\" decoding=\"async\" width=\"540\" height=\"720\" data-id=\"2595\" src=\"https:\/\/www.baler-machines.com\/wp-content\/uploads\/2022\/08\/loading-the-metal-chip-briquetter-to-the-container.webp\" alt=\"cargando-la-briquetadora-de-virutas-de-metal-al-contenedor\" class=\"wp-image-2595\" title=\"\"><figcaption>Carga de la briquetadora de virutas de metal en el contenedor<\/figcaption><\/figure> <\/figure>","protected":false},"excerpt":{"rendered":"<p>La m\u00e1quina de briquetas de virutas met\u00e1licas hidr\u00e1ulica (m\u00e1quina de briquetado de metal vertical) es un equipo importante para el reciclaje de recursos met\u00e1licos residuales, que puede prensar en fr\u00edo varios polvos o chatarra met\u00e1lica granular directamente en pastillas cil\u00edndricas de 3 a 15 kg para facilitar el transporte y la operaci\u00f3n en el horno.<\/p>","protected":false},"author":1,"featured_media":2593,"parent":0,"template":"","tags":[113,639,590,114,589,112],"product-type":[563],"class_list":["post-391","product","type-product","status-publish","has-post-thumbnail","hentry","tag-metal-briquette-machine","tag-metal-briquetting","tag-metal-briqutting-machine","tag-metal-chip-briquetting-machine","tag-metal-powder-press-machine","tag-scrap-metal-briquette-machine","product-type-baler-machine"],"_links":{"self":[{"href":"https:\/\/www.baler-machines.com\/es\/wp-json\/wp\/v2\/product\/391","targetHints":{"allow":["GET"]}}],"collection":[{"href":"https:\/\/www.baler-machines.com\/es\/wp-json\/wp\/v2\/product"}],"about":[{"href":"https:\/\/www.baler-machines.com\/es\/wp-json\/wp\/v2\/types\/product"}],"author":[{"embeddable":true,"href":"https:\/\/www.baler-machines.com\/es\/wp-json\/wp\/v2\/users\/1"}],"wp:featuredmedia":[{"embeddable":true,"href":"https:\/\/www.baler-machines.com\/es\/wp-json\/wp\/v2\/media\/2593"}],"wp:attachment":[{"href":"https:\/\/www.baler-machines.com\/es\/wp-json\/wp\/v2\/media?parent=391"}],"wp:term":[{"taxonomy":"post_tag","embeddable":true,"href":"https:\/\/www.baler-machines.com\/es\/wp-json\/wp\/v2\/tags?post=391"},{"taxonomy":"product-type","embeddable":true,"href":"https:\/\/www.baler-machines.com\/es\/wp-json\/wp\/v2\/product-type?post=391"}],"curies":[{"name":"wp","href":"https:\/\/api.w.org\/{rel}","templated":true}]}}