{"id":3406,"date":"2023-08-25T17:10:45","date_gmt":"2023-08-25T09:10:45","guid":{"rendered":"https:\/\/www.baler-machines.com\/?post_type=product&#038;p=3406"},"modified":"2026-02-13T11:45:02","modified_gmt":"2026-02-13T03:45:02","slug":"vertical-baling-press","status":"publish","type":"product","link":"https:\/\/www.baler-machines.com\/es\/vertical-baling-press\/","title":{"rendered":"Empacadora hidr\u00e1ulica para papel usado"},"content":{"rendered":"<p class=\"translation-block\">Shuliy <strong>prensa de balas vertical<\/strong> est\u00e1 dise\u00f1ada para compactar eficientemente materiales como papel de desecho en fardos mediante su potente sistema hidr\u00e1ulico. Al usar esta m\u00e1quina de prensa de balas hidr\u00e1ulica, no solo se optimiza el espacio de almacenamiento, sino que tambi\u00e9n se facilita el transporte a las instalaciones de reciclaje. Nuestras m\u00e1quinas est\u00e1n disponibles en una variedad de modelos, 30T, 40T, 50T, 60T, 80T, 100T, etc., para satisfacer sus diferentes necesidades.<\/p>    <figure class=\"wp-block-gallery aligncenter has-nested-images columns-default is-cropped wp-block-gallery-2 is-layout-flex wp-block-gallery-is-layout-flex\"> <figure class=\"wp-block-image size-large\"><img loading=\"lazy\" decoding=\"async\" width=\"720\" height=\"540\" data-id=\"3404\" src=\"https:\/\/www.baler-machines.com\/wp-content\/uploads\/2023\/08\/vertical-waste-baler.webp\" alt=\"empacadora de basura vertical\" class=\"wp-image-3404\" title=\"\"><figcaption class=\"wp-element-caption\">Empacadora de residuos verticales<\/figcaption><\/figure>    <figure class=\"wp-block-image size-large\"><img loading=\"lazy\" decoding=\"async\" width=\"540\" height=\"720\" data-id=\"2982\" src=\"https:\/\/www.baler-machines.com\/wp-content\/uploads\/2023\/02\/vertical-cardboard-baler-for-sale.webp\" alt=\"empacadora-de-carton-vertical-en-venta\" class=\"wp-image-2982\" title=\"\"><figcaption class=\"wp-element-caption\">Empacadora de cart\u00f3n vertical a la venta<\/figcaption><\/figure>    <figure class=\"wp-block-image size-large\"><img loading=\"lazy\" decoding=\"async\" width=\"720\" height=\"540\" data-id=\"2840\" src=\"https:\/\/www.baler-machines.com\/wp-content\/uploads\/2022\/12\/vertical-waste-oil-drum-compactor.webp\" alt=\"compactador-de-tambor-de-aceite-desechado-vertical\" class=\"wp-image-2840\" title=\"\"><figcaption class=\"wp-element-caption\">Compactador vertical de tambor de aceite usado<\/figcaption><\/figure> <\/figure>    <p class=\"translation-block\">Adem\u00e1s, nuestra empacadora vertical tambi\u00e9n es popular por su rendimiento entre clientes de todo el mundo, como <strong>Tailandia, Vietnam, Gab\u00f3n, Argelia<\/strong> y otros. \u00a1Bienvenido a contactarnos para m\u00e1s detalles!<\/p>    <h2 class=\"wp-block-heading\"><strong>\u00bfPor qu\u00e9 utilizar la prensa de balas vertical para reciclaje?<\/strong><\/h2>    <p>El uso de una empacadora vertical para reciclaje ofrece una soluci\u00f3n compacta y eficiente para gestionar materiales reciclables. Este equipo comprime materiales como papel, cart\u00f3n y pl\u00e1stico en fardos densos, optimizando el almacenamiento y el transporte. Con su mecanismo hidr\u00e1ulico, simplifica el manejo de residuos, reduce los costos log\u00edsticos y promueve pr\u00e1cticas sostenibles de gesti\u00f3n de residuos.<\/p>    <h2 class=\"wp-block-heading\"><strong>Componentes de la prensa de balas hidr\u00e1ulica.<\/strong><\/h2>   <div class=\"wp-block-image\"> <figure class=\"aligncenter size-full\"><img loading=\"lazy\" decoding=\"async\" width=\"712\" height=\"540\" src=\"https:\/\/www.baler-machines.com\/wp-content\/uploads\/2023\/08\/structure-of-hydraulic-baling-press-for-sale.webp\" alt=\"Estructura de la prensa de balas hidr\u00e1ulica en venta\" class=\"wp-image-4293\" title=\"\" srcset=\"https:\/\/www.baler-machines.com\/wp-content\/uploads\/2023\/08\/structure-of-hydraulic-baling-press-for-sale.webp 712w, https:\/\/www.baler-machines.com\/wp-content\/uploads\/2023\/08\/structure-of-hydraulic-baling-press-for-sale-16x12.webp 16w\" sizes=\"auto, (max-width: 712px) 100vw, 712px\" \/><figcaption class=\"wp-element-caption\">Estructura de la prensa de balas hidr\u00e1ulica en venta<\/figcaption><\/figure> <\/div>   <p>Nuestra prensa de balas vertical consta de cilindros hidr\u00e1ulicos, dispositivo anti-rebote, sistema de potencia y c\u00e1mara de compresi\u00f3n. En realidad, la estructura de la empacadora vertical es f\u00e1cil de entender y usted puede operar la m\u00e1quina muy f\u00e1cilmente.<\/p>    <h2 class=\"wp-block-heading\"><strong>Amplias aplicaciones del compactador de prensa de balas vertical<\/strong><\/h2>   <div class=\"wp-block-image\"> <figure class=\"aligncenter size-full\"><img loading=\"lazy\" decoding=\"async\" width=\"634\" height=\"810\" src=\"https:\/\/www.baler-machines.com\/wp-content\/uploads\/2023\/08\/wide-applications-of-hydraulic-vertical-abler.webp\" alt=\"Amplias aplicaciones de la baler hidr\u00e1ulica vertical\" class=\"wp-image-4297\" title=\"\" srcset=\"https:\/\/www.baler-machines.com\/wp-content\/uploads\/2023\/08\/wide-applications-of-hydraulic-vertical-abler.webp 634w, https:\/\/www.baler-machines.com\/wp-content\/uploads\/2023\/08\/wide-applications-of-hydraulic-vertical-abler-9x12.webp 9w\" sizes=\"auto, (max-width: 634px) 100vw, 634px\" \/><figcaption class=\"wp-element-caption\">Amplias aplicaciones de la baler hidr\u00e1ulica vertical<\/figcaption><\/figure> <\/div>   <p class=\"translation-block\">Esta prensa de balas vertical puede balizar y comprimir muchos materiales de desecho adem\u00e1s de papel. Como, <strong>latas de aluminio, cart\u00f3n, ropa, fibras, aserr\u00edn, lana, algod\u00f3n, heno, paja, botellas de pl\u00e1stico, c\u00e1scaras de coco, residuos agr\u00edcolas, latas de aceite, cubos de basura<\/strong>, y m\u00e1s.<\/p>    <figure class=\"wp-block-gallery aligncenter has-nested-images columns-default is-cropped wp-block-gallery-3 is-layout-flex wp-block-gallery-is-layout-flex\"> <figure class=\"wp-block-image size-full\"><img loading=\"lazy\" decoding=\"async\" width=\"720\" height=\"540\" data-id=\"3410\" src=\"https:\/\/www.baler-machines.com\/wp-content\/uploads\/2023\/08\/applications-of-vertical-baling-press-1.webp\" alt=\"Aplicaciones de la prensa de balas vertical.\" class=\"wp-image-3410\" title=\"\"><figcaption class=\"wp-element-caption\">Aplicaciones de la prensa de balas vertical<\/figcaption><\/figure>    <figure class=\"wp-block-image size-full\"><img loading=\"lazy\" decoding=\"async\" width=\"589\" height=\"540\" data-id=\"4296\" src=\"https:\/\/www.baler-machines.com\/wp-content\/uploads\/2023\/08\/applicable-materials-of-vertical-baling-machine.webp\" alt=\"applicable materials of vertical baling machine\" class=\"wp-image-4296\" title=\"\" srcset=\"https:\/\/www.baler-machines.com\/wp-content\/uploads\/2023\/08\/applicable-materials-of-vertical-baling-machine.webp 589w, https:\/\/www.baler-machines.com\/wp-content\/uploads\/2023\/08\/applicable-materials-of-vertical-baling-machine-13x12.webp 13w\" sizes=\"auto, (max-width: 589px) 100vw, 589px\" \/><figcaption class=\"wp-element-caption\">Materiales aplicables de la m\u00e1quina de balas vertical<\/figcaption><\/figure> <\/figure>    <h2 class=\"wp-block-heading\"><strong>Caracter\u00edsticas de la empacadora vertical.<\/strong><\/h2>    <ul class=\"wp-block-list\"> <li><strong>Dise\u00f1o compacto<\/strong>: La empacadora vertical est\u00e1 dise\u00f1ada para ocupar un espacio m\u00ednimo, lo que la hace adecuada para una variedad de entornos, incluidos negocios, almacenes y centros de reciclaje.<\/li>    <li><strong>Multifuncional<\/strong>: La prensa de balas hidr\u00e1ulica puede manejar una amplia gama de materiales reciclables como cart\u00f3n, papel, pl\u00e1sticos, textiles y m\u00e1s, lo que la hace adecuada para una variedad de reciclaje de residuos.<\/li>    <li><strong>Tama\u00f1os de pacas personalizables<\/strong>: Nuestra prensa de balas vertical permite ajustar el tama\u00f1o de las pacas para satisfacer las diferentes necesidades de reciclaje y optimizar la eficiencia del transporte.<\/li>    <li><strong>Durabilidad<\/strong>: La construcci\u00f3n y los componentes de alta calidad garantizan la longevidad y confiabilidad de la empacadora vertical, incluso bajo uso intensivo.<\/li>    <li><strong>Ahorro de costos<\/strong>: Al reducir el volumen de residuos y optimizar el transporte, la prensa de balas hidr\u00e1ulica puede generar ahorros significativos en los costos de gesti\u00f3n de residuos.<\/li> <\/ul>    <h2 class=\"wp-block-heading\"><strong>Otros equipos de embalaje para el reciclaje de papel usado<\/strong><\/h2>    <p class=\"translation-block\">Adem\u00e1s de las empacadoras verticales, otro tipo esencial de equipo de empacado para el reciclaje de papel de desecho es la empacadora horizontal, tambi\u00e9n conocida como <a href=\"https:\/\/www.baler-machines.com\/es\/horizontal-waste-paper-baling-machine\/\">m\u00e1quina empacadora horizontal de papel de desecho<\/a>.<\/p>    <figure class=\"wp-block-gallery aligncenter has-nested-images columns-default is-cropped wp-block-gallery-4 is-layout-flex wp-block-gallery-is-layout-flex\"> <figure class=\"wp-block-image size-full\"><img loading=\"lazy\" decoding=\"async\" width=\"720\" height=\"540\" data-id=\"3218\" src=\"https:\/\/www.baler-machines.com\/wp-content\/uploads\/2023\/04\/hydraulic-horizontal-baler.webp\" alt=\"empacadora horizontal hidr\u00e1ulica\" class=\"wp-image-3218\" title=\"\"><figcaption class=\"wp-element-caption\">Empacadora horizontal hidr\u00e1ulica<\/figcaption><\/figure>    <figure class=\"wp-block-image size-full\"><img loading=\"lazy\" decoding=\"async\" width=\"540\" height=\"540\" data-id=\"2629\" src=\"https:\/\/www.baler-machines.com\/wp-content\/uploads\/2022\/08\/paper-baler-manufacturer.webp\" alt=\"fabricante-de-empacadora-de-papel\" class=\"wp-image-2629\" title=\"\"><figcaption class=\"wp-element-caption\">Fabricante de empacadoras de papel<\/figcaption><\/figure> <\/figure>    <p class=\"translation-block\">La <a href=\"https:\/\/shuliybaler.com\/product\/waste-paper-baler-machine\/\" target=\"_blank\" rel=\"noopener\">empacadora horizontal<\/a> funciona de manera diferente a la empacadora vertical. En lugar de comprimir el material verticalmente, esta empacadora comprime los residuos horizontalmente para formar pacas m\u00e1s grandes y densas. Este dise\u00f1o es especialmente \u00fatil cuando se trata de grandes cantidades de material de desecho. Las empacadoras horizontales se utilizan t\u00edpicamente en industrias que necesitan procesar eficientemente grandes cantidades de papel, cart\u00f3n y otros materiales reciclables, como f\u00e1bricas de papel, imprentas y embalajes, supermercados y centros de distribuci\u00f3n, fabricantes de cajas de cart\u00f3n corrugado y grandes instalaciones de reciclaje.<\/p>    <h2 class=\"wp-block-heading\"><strong>Par\u00e1metros t\u00e9cnicos de la prensa de balas vertical a la venta.<\/strong><\/h2>    <figure class=\"wp-block-table\"><table><tbody><tr><td>Modelo<\/td><td>Energ\u00eda el\u00e9ctrica (kilovatios)<\/td><td>Cilindro<\/td><td>Dimensi\u00f3n (mm)<\/td><td>Tama\u00f1o de embalaje (mm)<\/td><td>Bomba de aceite<\/td><\/tr><tr><td>SL-30<\/td><td>11<\/td><td>115<\/td><td>1650*850*2700<\/td><td>1000*600*800<\/td><td>532<\/td><\/tr><tr><td>SL-60<\/td><td>15<\/td><td>160<\/td><td>1200*800*1000<\/td><td>1200*800*1000<\/td><td>563<\/td><\/tr><tr><td>SL-80<\/td><td>18.5<\/td><td>180<\/td><td>1700*2100*3300<\/td><td>1200*800*1000<\/td><td>563<\/td><\/tr><\/tbody><\/table><figcaption class=\"wp-element-caption\">Par\u00e1metros de empacadora vertical m\u00e1s vendidos<\/figcaption><\/figure>","protected":false},"excerpt":{"rendered":"<p>Shuliy vertical baling press is designed to efficiently compact materials such as waste paper into bales through its powerful hydraulic system. By using this hydraulic baling press machine, not only is storage space optimized, but transportation to recycling facilities is also facilitated. Our machines are available in a variety of models, 30T, 40T, 50T, 60T, [&hellip;]<\/p>\n","protected":false},"author":1,"featured_media":3407,"parent":0,"template":"","tags":[625],"product-type":[563],"class_list":["post-3406","product","type-product","status-publish","has-post-thumbnail","hentry","tag-waste-paper-bales","product-type-baler-machine"],"_links":{"self":[{"href":"https:\/\/www.baler-machines.com\/es\/wp-json\/wp\/v2\/product\/3406","targetHints":{"allow":["GET"]}}],"collection":[{"href":"https:\/\/www.baler-machines.com\/es\/wp-json\/wp\/v2\/product"}],"about":[{"href":"https:\/\/www.baler-machines.com\/es\/wp-json\/wp\/v2\/types\/product"}],"author":[{"embeddable":true,"href":"https:\/\/www.baler-machines.com\/es\/wp-json\/wp\/v2\/users\/1"}],"wp:featuredmedia":[{"embeddable":true,"href":"https:\/\/www.baler-machines.com\/es\/wp-json\/wp\/v2\/media\/3407"}],"wp:attachment":[{"href":"https:\/\/www.baler-machines.com\/es\/wp-json\/wp\/v2\/media?parent=3406"}],"wp:term":[{"taxonomy":"post_tag","embeddable":true,"href":"https:\/\/www.baler-machines.com\/es\/wp-json\/wp\/v2\/tags?post=3406"},{"taxonomy":"product-type","embeddable":true,"href":"https:\/\/www.baler-machines.com\/es\/wp-json\/wp\/v2\/product-type?post=3406"}],"curies":[{"name":"wp","href":"https:\/\/api.w.org\/{rel}","templated":true}]}}