{"id":3319,"date":"2023-06-30T17:27:11","date_gmt":"2023-06-30T09:27:11","guid":{"rendered":"https:\/\/www.baler-machines.com\/?post_type=product&#038;p=3319"},"modified":"2026-02-13T13:31:21","modified_gmt":"2026-02-13T05:31:21","slug":"vertical-cardboard-baler-machine","status":"publish","type":"product","link":"https:\/\/www.baler-machines.com\/es\/vertical-cardboard-baler-machine\/","title":{"rendered":"M\u00e1quina empacadora de cart\u00f3n vertical a la venta"},"content":{"rendered":"<p>La empacadora de cart\u00f3n vertical es una m\u00e1quina de alta eficiencia dise\u00f1ada para el reciclaje de residuos de cart\u00f3n. Con una adaptabilidad de tama\u00f1o flexible, un precio de empacado econ\u00f3mico y un servicio posventa confiable, la prensa de balas hidr\u00e1ulica proporciona la soluci\u00f3n ideal para los clientes.<\/p>    <h2 class=\"wp-block-heading\"><strong>Reciclaje de balas de cart\u00f3n: precio rentable de las balas de cart\u00f3n<\/strong><\/h2>    <p>El reciclaje de envases de cart\u00f3n se ha convertido en un negocio rentable. Al embalar los residuos de cart\u00f3n en cuadrados compactos, no s\u00f3lo se pueden almacenar y transportar f\u00e1cilmente, sino que tambi\u00e9n pueden tener un importante valor de venta.<\/p>    <figure class=\"wp-block-gallery aligncenter has-nested-images columns-default is-cropped wp-block-gallery-2 is-layout-flex wp-block-gallery-is-layout-flex\"> <figure class=\"wp-block-image size-large\"><img loading=\"lazy\" decoding=\"async\" width=\"650\" height=\"450\" data-id=\"2880\" src=\"https:\/\/www.baler-machines.com\/wp-content\/uploads\/2022\/12\/cardboard-boxes.webp\" alt=\"cajas-de-carton\" class=\"wp-image-2880\" title=\"\"><figcaption class=\"wp-element-caption\">Cajas de Cart\u00f3n<\/figcaption><\/figure>    <figure class=\"wp-block-image size-large\"><img loading=\"lazy\" decoding=\"async\" width=\"540\" height=\"540\" data-id=\"2941\" src=\"https:\/\/www.baler-machines.com\/wp-content\/uploads\/2023\/01\/waste-cardboard.webp\" alt=\"cart\u00f3n de desecho\" class=\"wp-image-2941\" title=\"\"><figcaption class=\"wp-element-caption\">Cart\u00f3n de desecho<\/figcaption><\/figure> <\/figure>    <p>En t\u00e9rminos generales, el precio de las balas de cart\u00f3n depende de la oferta y la demanda del mercado y de la calidad del cart\u00f3n. Los precios tienden a ser m\u00e1s altos cuando la demanda del mercado es alta y la calidad del cart\u00f3n es buena. Las empresas de reciclaje suelen fijar el precio de su cart\u00f3n por peso y basan sus precios en la calidad del cart\u00f3n, la limpieza y el mercado del reciclaje.<\/p>    <h2 class=\"wp-block-heading\"><strong>\u00bfQu\u00e9 equipo se puede utilizar como m\u00e1quina empacadora de cart\u00f3n?<\/strong><\/h2>    <p>Como fabricante profesional de empacadoras, ahora presentamos solemnemente una m\u00e1quina empacadora de cart\u00f3n vertical hidr\u00e1ulica. La eficiencia y la calidad del empacado se pueden mejorar mediante la compresi\u00f3n y otros procesos, aumentando as\u00ed el valor de los cuadrados de cart\u00f3n. Esto no s\u00f3lo mejora los beneficios del reciclaje, sino que tambi\u00e9n contribuye a la protecci\u00f3n del medio ambiente y al reciclaje de recursos.<\/p>   <div class=\"wp-block-image\"> <figure class=\"aligncenter size-full\"><img loading=\"lazy\" decoding=\"async\" width=\"907\" height=\"920\" src=\"https:\/\/www.baler-machines.com\/wp-content\/uploads\/2023\/06\/industrial-vertical-cardboard-baler-for-recycling.webp\" alt=\"Compactadora vertical industrial de cart\u00f3n para reciclaje\" class=\"wp-image-4300\" title=\"\" srcset=\"https:\/\/www.baler-machines.com\/wp-content\/uploads\/2023\/06\/industrial-vertical-cardboard-baler-for-recycling.webp 907w, https:\/\/www.baler-machines.com\/wp-content\/uploads\/2023\/06\/industrial-vertical-cardboard-baler-for-recycling-768x779.webp 768w, https:\/\/www.baler-machines.com\/wp-content\/uploads\/2023\/06\/industrial-vertical-cardboard-baler-for-recycling-12x12.webp 12w\" sizes=\"auto, (max-width: 907px) 100vw, 907px\" \/><figcaption class=\"wp-element-caption\">Compactadora vertical industrial de cart\u00f3n para reciclaje<\/figcaption><\/figure> <\/div>   <p class=\"translation-block\">Por supuesto, tambi\u00e9n est\u00e1 nuestra <a href=\"https:\/\/www.baler-machines.com\/es\/hydraulic-cardboard-baler-for-sale\/\" target=\"_blank\" rel=\"noreferrer noopener\">empacadora hidr\u00e1ulica horizontal<\/a>, que es la empacadora m\u00e1s adecuada para comprar principalmente seg\u00fan sus necesidades de empacado, presupuesto, etc.<\/p>    <h2 class=\"wp-block-heading\"><strong>Instrucciones de la empacadora de cart\u00f3n hidr\u00e1ulica Shuliy<\/strong><\/h2>    <ol class=\"wp-block-list\"> <li>Trabajo de preparaci\u00f3n <ul class=\"wp-block-list\"> <li>Ordena el cart\u00f3n, aseg\u00farate de que la superficie est\u00e9 limpia y retira los ap\u00e9ndices sobrantes.<\/li>    <li>Verifique que la fuente de alimentaci\u00f3n y el sistema hidr\u00e1ulico de la m\u00e1quina empacadora de cart\u00f3n est\u00e9n funcionando correctamente para garantizar la seguridad.<\/li> <\/ul> <\/li>    <li>Funcionamiento de la empacadora de cart\u00f3n vertical  <ul class=\"wp-block-list\"> <li>Coloca el cart\u00f3n de desecho en la tolva de la m\u00e1quina compactadora de cart\u00f3n de desecho.<\/li>    <li>Presione el bot\u00f3n de inicio y la empacadora comienza a funcionar.<\/li>    <li>La empacadora comprimir\u00e1 autom\u00e1ticamente el cart\u00f3n y lo convertir\u00e1 en cuadrados compactos.<\/li>    <li>Cuando finalice el empacado, detenga la m\u00e1quina empacadora de cart\u00f3n vertical.<\/li> <\/ul> <\/li>    <li>Comprobar fardo de cart\u00f3n <ul class=\"wp-block-list\"> <li>Revisa los cuadrados de cart\u00f3n embalados para asegurarte de que est\u00e9n compactos y seguros.<\/li>    <li>Si es necesario, ajuste los par\u00e1metros de la empacadora para obtener mejores resultados de empacado.<\/li> <\/ul> <\/li>    <li>Mantenimiento <ul class=\"wp-block-list\"> <li>Limpie el polvo y los residuos del interior y exterior de la empacadora con regularidad.<\/li>    <li>Verifique el fluido del sistema hidr\u00e1ulico para asegurarse de que sea adecuado y est\u00e9 limpio.<\/li>    <li>Revise y apriete peri\u00f3dicamente los pernos y las piezas de conexi\u00f3n de la empacadora de cart\u00f3n vertical.<\/li> <\/ul> <\/li> <\/ol>   <div class=\"wp-block-image\"> <figure class=\"aligncenter size-full\"><img loading=\"lazy\" decoding=\"async\" width=\"875\" height=\"760\" src=\"https:\/\/www.baler-machines.com\/wp-content\/uploads\/2023\/06\/hydraulic-cardboard-baling-machine.webp\" alt=\"m\u00e1quina hidr\u00e1ulica de compactado de cart\u00f3n\" class=\"wp-image-4301\" title=\"\" srcset=\"https:\/\/www.baler-machines.com\/wp-content\/uploads\/2023\/06\/hydraulic-cardboard-baling-machine.webp 875w, https:\/\/www.baler-machines.com\/wp-content\/uploads\/2023\/06\/hydraulic-cardboard-baling-machine-768x667.webp 768w, https:\/\/www.baler-machines.com\/wp-content\/uploads\/2023\/06\/hydraulic-cardboard-baling-machine-14x12.webp 14w\" sizes=\"auto, (max-width: 875px) 100vw, 875px\" \/><figcaption class=\"wp-element-caption\">m\u00e1quina hidr\u00e1ulica de compactado de cart\u00f3n<\/figcaption><\/figure> <\/div>   <h2 class=\"wp-block-heading\"><strong>\u00bfQu\u00e9 tal la soluci\u00f3n de problemas de la m\u00e1quina empacadora de cart\u00f3n vertical?<\/strong><\/h2>    <figure class=\"wp-block-table\"><table><tbody><tr><td>Problemas con la m\u00e1quina empacadora de cart\u00f3n vertical<\/td><td>soluci\u00f3n de problemas<\/td><\/tr><tr><td>La empacadora no arranca<\/td><td>1. Verifique que la fuente de alimentaci\u00f3n est\u00e9 conectada correctamente y aseg\u00farese de que el enchufe est\u00e9 bien insertado.<br>2. Verifique que el interruptor de encendido est\u00e9 encendido.<br>3. Verifique las l\u00edneas el\u00e9ctricas y los fusibles para asegurarse de que est\u00e9n funcionando correctamente.<\/td><\/tr><tr><td>La empacadora funciona lentamente o bajo presi\u00f3n.<\/td><td>1. Verifique el nivel de aceite hidr\u00e1ulico y agregue o reemplace aceite hidr\u00e1ulico si es necesario.<br>2. Compruebe si hay fugas en el sistema hidr\u00e1ulico y, si es necesario, rep\u00e1relas.<br>3. Verifique si el cilindro hidr\u00e1ulico funciona correctamente y, si es necesario, d\u00e9le mantenimiento o reempl\u00e1celo.<\/td><\/tr><tr><td>Resultados de empacado insatisfactorios<\/td><td>1. Verifique el regulador de presi\u00f3n de la empacadora para asegurarse de que la presi\u00f3n est\u00e9 configurada correctamente.<br>2. Verifique el ajuste del tiempo de empaque de la empacadora y aj\u00fastelo de acuerdo con la calidad y el grosor del cart\u00f3n.<br>3. Verifique el ajuste de tensi\u00f3n de la correa de empaque para garantizar un ajuste adecuado.<\/td><\/tr><tr><td>Ruido anormal de la empacadora<\/td><td>1. Verifique los pernos y sujetadores de la empacadora para asegurarse de que est\u00e9n seguros.<br>2. Verifique los pistones y los cilindros hidr\u00e1ulicos de la empacadora para asegurarse de que funcionen sin problemas.<br>3. Si es necesario, lubrique las piezas m\u00f3viles de la empacadora.<\/td><\/tr><\/tbody><\/table><figcaption class=\"wp-element-caption\">posibles problemas con la empacadora de cart\u00f3n vertical<\/figcaption><\/figure>    <figure class=\"wp-block-gallery has-nested-images columns-default is-cropped wp-block-gallery-3 is-layout-flex wp-block-gallery-is-layout-flex\"> <figure class=\"wp-block-image size-large\"><img loading=\"lazy\" decoding=\"async\" width=\"720\" height=\"540\" data-id=\"3274\" src=\"https:\/\/www.baler-machines.com\/wp-content\/uploads\/2023\/05\/vertical-cardboard-baler-for-sale.webp\" alt=\"Se vende empacadora vertical de cart\u00f3n\" class=\"wp-image-3274\" title=\"\"><figcaption class=\"wp-element-caption\">Empacadora de cart\u00f3n vertical a la venta<\/figcaption><\/figure>    <figure class=\"wp-block-image size-large\"><img loading=\"lazy\" decoding=\"async\" width=\"720\" height=\"540\" data-id=\"2997\" src=\"https:\/\/www.baler-machines.com\/wp-content\/uploads\/2023\/02\/vertical-cardboard-compactor-for-sale.webp\" alt=\"Se vende compactador vertical de cart\u00f3n.\" class=\"wp-image-2997\" title=\"\"><figcaption class=\"wp-element-caption\">Compactador de cart\u00f3n vertical a la venta<\/figcaption><\/figure> <\/figure>    <h2 class=\"wp-block-heading\"><strong>\u00bfC\u00f3mo elegir fabricantes de empacadoras de cart\u00f3n industriales de confianza?<\/strong><\/h2>    <div class=\"wp-block-columns is-layout-flex wp-container-core-columns-is-layout-9d6595d7 wp-block-columns-is-layout-flex\"> <div class=\"wp-block-column is-layout-flow wp-block-column-is-layout-flow\"> <p class=\"translation-block\"><strong>Calificaciones y experiencia<\/strong><\/p> <\/div>    <div class=\"wp-block-column is-layout-flow wp-block-column-is-layout-flow\"> <p class=\"translation-block\"><strong>Calidad y rendimiento del producto<\/strong><\/p> <\/div>    <div class=\"wp-block-column is-layout-flow wp-block-column-is-layout-flow\"> <p class=\"translation-block\"><strong>Servicio postventa<\/strong><\/p> <\/div> <\/div>    <div class=\"wp-block-columns is-layout-flex wp-container-core-columns-is-layout-9d6595d7 wp-block-columns-is-layout-flex\"> <div class=\"wp-block-column is-layout-flow wp-block-column-is-layout-flow\"> <p class=\"translation-block\"><strong>Precio razonable de la empacadora<\/strong><\/p> <\/div>    <div class=\"wp-block-column is-layout-flow wp-block-column-is-layout-flow\"> <p class=\"translation-block\"><strong>Tiempo de entrega<\/strong><\/p> <\/div>    <div class=\"wp-block-column is-layout-flow wp-block-column-is-layout-flow\"> <p class=\"translation-block\"><strong>Reputaci\u00f3n en el mercado mundial<\/strong><\/p> <\/div> <\/div>    <p>En t\u00e9rminos generales, se deben considerar los aspectos anteriores, pero no s\u00f3lo los anteriores. Si desea elegir la m\u00e1quina empacadora de residuos de cart\u00f3n adecuada, puede contactarnos y nuestro gerente de ventas le brindar\u00e1 asesoramiento profesional de acuerdo con sus necesidades.<\/p>","protected":false},"excerpt":{"rendered":"<p>The vertical cardboard baler machine is a highly efficient machine designed for the recycling of waste cardboard. With flexible size adaptability, economical baling price and reliable after-sales service, the hydrualic baling press provides the ideal solution for customers. Cardboard bale recycling: profitable cardboard bale price Cardboard packaging recycling has become a profitable business. By baling [&hellip;]<\/p>\n","protected":false},"author":1,"featured_media":3320,"parent":0,"template":"","tags":[616,570],"product-type":[563],"class_list":["post-3319","product","type-product","status-publish","has-post-thumbnail","hentry","tag-cardboard-baler-machine","tag-hydraulic-baling-press","product-type-baler-machine"],"_links":{"self":[{"href":"https:\/\/www.baler-machines.com\/es\/wp-json\/wp\/v2\/product\/3319","targetHints":{"allow":["GET"]}}],"collection":[{"href":"https:\/\/www.baler-machines.com\/es\/wp-json\/wp\/v2\/product"}],"about":[{"href":"https:\/\/www.baler-machines.com\/es\/wp-json\/wp\/v2\/types\/product"}],"author":[{"embeddable":true,"href":"https:\/\/www.baler-machines.com\/es\/wp-json\/wp\/v2\/users\/1"}],"wp:featuredmedia":[{"embeddable":true,"href":"https:\/\/www.baler-machines.com\/es\/wp-json\/wp\/v2\/media\/3320"}],"wp:attachment":[{"href":"https:\/\/www.baler-machines.com\/es\/wp-json\/wp\/v2\/media?parent=3319"}],"wp:term":[{"taxonomy":"post_tag","embeddable":true,"href":"https:\/\/www.baler-machines.com\/es\/wp-json\/wp\/v2\/tags?post=3319"},{"taxonomy":"product-type","embeddable":true,"href":"https:\/\/www.baler-machines.com\/es\/wp-json\/wp\/v2\/product-type?post=3319"}],"curies":[{"name":"wp","href":"https:\/\/api.w.org\/{rel}","templated":true}]}}