{"id":321,"date":"2019-12-12T05:33:59","date_gmt":"2019-12-12T05:33:59","guid":{"rendered":"https:\/\/www.baler-machines.com\/?p=321"},"modified":"2024-08-01T17:58:33","modified_gmt":"2024-08-01T09:58:33","slug":"hydraulic-metal-shears","status":"publish","type":"product","link":"https:\/\/www.baler-machines.com\/es\/hydraulic-metal-shears\/","title":{"rendered":"M\u00e1quina hidr\u00e1ulica de corte de metales | Cizalla de cocodrilo"},"content":{"rendered":"<p class=\"translation-block\">La <strong>m\u00e1quina cizalla de metal hidr\u00e1ulica<\/strong> Shuliy se utiliza principalmente para cortar diversas chapas de metal desechadas, tubos de acero desechados, placas de acero chatarra, etc. en piezas para su reciclaje. Puede cizallar desperdicios de 8 a 12 veces por minuto. <\/p>    <p>Esta cizalla tipo cocodrilo puede equipar el transportador para la alimentaci\u00f3n de residuos de metal. Tiene tipos de control manual y autom\u00e1tico. Cuando se utiliza esta m\u00e1quina cortadora de chatarra para cortar chatarra, la longitud de corte se puede ajustar libremente.<\/p>    <figure class=\"wp-block-gallery has-nested-images columns-2 is-cropped wp-block-gallery-2 is-layout-flex wp-block-gallery-is-layout-flex\"> <figure class=\"wp-block-image size-large\"><img loading=\"lazy\" decoding=\"async\" width=\"720\" height=\"540\" data-id=\"695\" src=\"https:\/\/www.baler-machines.com\/wp-content\/uploads\/2019\/12\/industrial-metal-shear-machine-for-sale.jpg\" alt=\"M\u00e1quina cortadora de metal industrial a la venta\" class=\"wp-image-695\" title=\"\"><figcaption class=\"wp-element-caption\">M\u00e1quina cizalla de metal industrial a la venta<\/figcaption><\/figure>    <figure class=\"wp-block-image size-full\"><img loading=\"lazy\" decoding=\"async\" width=\"720\" height=\"540\" data-id=\"2524\" src=\"https:\/\/www.baler-machines.com\/wp-content\/uploads\/2022\/08\/scrap-metal-cutting-machine.webp\" alt=\"m\u00e1quina cortadora de chatarra\" class=\"wp-image-2524\" title=\"\"><figcaption class=\"wp-element-caption\">M\u00e1quina cortadora de chatarra<\/figcaption><\/figure>    <figure class=\"wp-block-image size-full\"><img loading=\"lazy\" decoding=\"async\" width=\"720\" height=\"540\" data-id=\"2526\" src=\"https:\/\/www.baler-machines.com\/wp-content\/uploads\/2019\/12\/hydraulic-metal-shear-with-the-conveyor.webp\" alt=\"cizalla hidr\u00e1ulica para metal con transportador\" class=\"wp-image-2526\" title=\"\"><figcaption class=\"wp-element-caption\">Cizalla hidr\u00e1ulica para metales con transportador<\/figcaption><\/figure>    <figure class=\"wp-block-image size-large\"><img loading=\"lazy\" decoding=\"async\" width=\"720\" height=\"539\" data-id=\"517\" src=\"https:\/\/www.baler-machines.com\/wp-content\/uploads\/2020\/01\/metal-cutter-for-shearing-steel-sheets.jpg\" alt=\"cortador de metal para cortar l\u00e1minas de acero\" class=\"wp-image-517\" title=\"\"><figcaption class=\"wp-element-caption\">Cortador de metal para cortar l\u00e1minas de acero<\/figcaption><\/figure> <\/figure>    <p>Se utiliza principalmente en la industria de procesamiento y reciclaje de materiales de desecho y en acer\u00edas peque\u00f1as y medianas. Si busca una soluci\u00f3n para residuos de metales, esta m\u00e1quina es la opci\u00f3n ideal.<\/p>    <figure class=\"wp-block-embed is-type-video is-provider-youtube wp-block-embed-youtube wp-embed-aspect-16-9 wp-has-aspect-ratio\"><div class=\"wp-block-embed__wrapper\"> <iframe loading=\"lazy\" title=\"Cizalla de cocodrilo para cortar chatarra: potente cizalla hidr\u00e1ulica de metal a la venta en China\" width=\"500\" height=\"281\" src=\"https:\/\/www.youtube.com\/embed\/HQ4qlQGTFXw?feature=oembed\" frameborder=\"0\" allow=\"accelerometer; autoplay; clipboard-write; encrypted-media; gyroscope; picture-in-picture; web-share\" referrerpolicy=\"strict-origin-when-cross-origin\" allowfullscreen><\/iframe> <\/div><figcaption class=\"wp-element-caption\">v\u00eddeo de trabajo de la cizalla de cocodrilo<\/figcaption><\/figure>    <h2 class=\"wp-block-heading\"><strong>\u00bfQu\u00e9 residuos met\u00e1licos se pueden cortar?<\/strong><\/h2>    <p>Este tipo de m\u00e1quina cortadora de chatarra de mand\u00edbula es adecuada para cortar diversos desechos met\u00e1licos, tales como:<\/p>    <p class=\"translation-block\"><strong>Acero de canal, hierro desechado, acero cuadrado, acero de construcci\u00f3n desechado, varilla de refuerzo, acero en \u00e1ngulo, viga en I, tubo de acero<\/strong>, <strong>chapas de hierro, hierro fundido, placas de acero, tejas de acero colorido, chatarra met\u00e1lica, placas de aleaci\u00f3n de aluminio, placas de cobre, placas de metal chatarra, latas de aluminio, barras de acero chatarra, placas de aluminio, placas de hierro, acero redondo, carcasas de autom\u00f3viles chatarra, tanques de aluminio, tanques de gasolina, tanques de pintura, tanques de gas natural, <\/strong>y as\u00ed sucesivamente<strong>.<\/strong><\/p>   <div class=\"wp-block-image\"> <figure class=\"aligncenter size-full\"><img loading=\"lazy\" decoding=\"async\" width=\"720\" height=\"540\" src=\"https:\/\/www.baler-machines.com\/wp-content\/uploads\/2019\/12\/all-kinds-of-metal-sheets-for-cutting.jpg\" alt=\"Todo tipo de chapas met\u00e1licas para corte.\" class=\"wp-image-697\" title=\"\"><figcaption class=\"wp-element-caption\">Todo tipo de chapas met\u00e1licas para corte.<\/figcaption><\/figure> <\/div>   <h2 class=\"wp-block-heading\"><strong>Aplicaciones de la cizalla de cocodrilo hidr\u00e1ulica.<\/strong><\/h2>    <p>Despu\u00e9s de saber qu\u00e9 se puede cortar de chatarra, ahora es el momento de ver d\u00f3nde se puede utilizar este equipo.<\/p>    <p>Esta m\u00e1quina cizalla hidr\u00e1ulica para metales se utiliza principalmente en:<\/p>    <ul class=\"wp-block-list\"> <li>acer\u00edas<\/li>    <li>Empresas procesadoras de residuos de acero.<\/li>    <li>Plantas de procesamiento de reciclaje de residuos met\u00e1licos. <\/li>    <li>Plantas de desguace de chatarra de autom\u00f3viles<\/li>    <li>Industrias de fundici\u00f3n y fundici\u00f3n de acero.<\/li> <\/ul>    <h2 class=\"wp-block-heading\" id=\"h-hydraulic-metal-shear-machine-features\"><strong>Caracter\u00edsticas de la cizalla hidr\u00e1ulica para metales.<\/strong><\/h2>    <ul class=\"wp-block-list\"> <li><strong>Longitudes de cuchilla de corte de 400 mm, 600 mm, 700 mm, 800 mm, 1000 mm y 1200 mm<\/strong>. Esta cizalla tipo cocodrilo tiene varias especificaciones de cuchillas de corte, lo que brinda a los clientes m\u00e1s opciones. <ul class=\"wp-block-list\"> <li>La m\u00e1quina cizalla hidr\u00e1ulica para metal con una longitud de hoja de corte de m\u00e1s de 700 mm es particularmente adecuada para cortar autom\u00f3viles desguazados.<\/li> <\/ul> <\/li>    <li><strong>Pocas limitaciones para las materias primas a cortar.<\/strong>. El m\u00e9todo de corte no es estricto con el tama\u00f1o de alimentaci\u00f3n de los materiales met\u00e1licos de desecho. Por tanto, hay menos restricciones.<\/li>    <li> <strong>Fuerza de corte de 63 toneladas a 400 toneladas en 8 grados<\/strong>. La m\u00e1quina cizalla tipo cocodrilo Shuliy tiene varios tipos disponibles, lo que representa una amplia gama de opciones para los clientes.<\/li>    <li><strong>M\u00faltiples opciones de sistemas de energ\u00eda<\/strong>. Esta m\u00e1quina puede utilizar un motor el\u00e9ctrico o un motor di\u00e9sel como sistema de energ\u00eda. Cuando no hay suministro de energ\u00eda, se puede utilizar el motor diesel como energ\u00eda.<\/li> <\/ul>   <div class=\"wp-block-image\"> <figure class=\"aligncenter size-full\"><img loading=\"lazy\" decoding=\"async\" width=\"720\" height=\"540\" src=\"https:\/\/www.baler-machines.com\/wp-content\/uploads\/2019\/12\/metal-shearing-machine-supplier.jpg\" alt=\"proveedor de m\u00e1quinas cizallas de metal\" class=\"wp-image-696\" title=\"\"><figcaption class=\"wp-element-caption\">proveedor de m\u00e1quinas cizallas de metal<\/figcaption><\/figure> <\/div>   <h2 class=\"wp-block-heading\"><strong>Par\u00e1metros de la cizalla hidr\u00e1ulica de metal.<\/strong><\/h2>    <figure class=\"wp-block-table is-style-stripes\"><table><tbody><tr><td>Modelo<\/td><td>SL-1200<\/td><\/tr><tr><td>Fuerza de corte est\u00e1ndar<\/td><td>250t<\/td><\/tr><tr><td>Motor<\/td><td>4-22kw<\/td><\/tr><tr><td>Voltaje<\/td><td>380V\/50Hz<\/td><\/tr><tr><td>Bomba de aceite<\/td><td>80*1<\/td><\/tr><tr><td>Longitud de la hoja de corte<\/td><td>1200 mm<\/td><\/tr><tr><td>Manera de controlar<\/td><td>Operaci\u00f3n autom\u00e1tica\/manual<\/td><\/tr><tr><td>N\u00famero de cortes por minuto<\/td><td>8-12 veces<\/td><\/tr><\/tbody><\/table><figcaption class=\"wp-element-caption\">especificaciones de la cizalla de cocodrilo<\/figcaption><\/figure>    <p>Esta m\u00e1quina cizalla hidr\u00e1ulica para metales SL-1200 tiene una gran capacidad de corte, adecuada para todo tipo de procesamiento de cizalla de materiales de chatarra.<\/p>    <p>Podemos personalizar el voltaje, la longitud de la hoja, la presi\u00f3n, etc. Shuliy puede dise\u00f1arlos para satisfacer sus demandas.<\/p>    <p>Si est\u00e1 interesado en el reciclaje de desechos met\u00e1licos, \u00a1p\u00f3ngase en contacto con nosotros para obtener m\u00e1s detalles!<\/p>   <div class=\"wp-block-image\"> <figure class=\"aligncenter size-full\"><img loading=\"lazy\" decoding=\"async\" width=\"720\" height=\"540\" src=\"https:\/\/www.baler-machines.com\/wp-content\/uploads\/2019\/12\/quality-hydraulic-metal-shearing-machine-for-sale.webp\" alt=\"Cizalla hidr\u00e1ulica de metal de calidad a la venta\" class=\"wp-image-3737\" title=\"\" srcset=\"https:\/\/www.baler-machines.com\/wp-content\/uploads\/2019\/12\/quality-hydraulic-metal-shearing-machine-for-sale.webp 720w, https:\/\/www.baler-machines.com\/wp-content\/uploads\/2019\/12\/quality-hydraulic-metal-shearing-machine-for-sale-16x12.webp 16w\" sizes=\"auto, (max-width: 720px) 100vw, 720px\" \/><figcaption class=\"wp-element-caption\">Cizalla hidr\u00e1ulica de metal de calidad a la venta<\/figcaption><\/figure> <\/div>   <h2 class=\"wp-block-heading\" id=\"h-structural-of-the-scrap-metal-cutting-machine\"><strong>Estructura de la m\u00e1quina cortadora de chatarra.<\/strong><\/h2>    <p>La estructura de la m\u00e1quina cortadora de metal hidr\u00e1ulica incluye principalmente el marco, el cabezal de corte, la garra de presi\u00f3n, el cilindro de acci\u00f3n del cabezal de corte, el cilindro de acci\u00f3n de la garra de presi\u00f3n y el dispositivo de suministro de aceite hidr\u00e1ulico.<\/p>   <div class=\"wp-block-image\"> <figure class=\"aligncenter size-full\"><img loading=\"lazy\" decoding=\"async\" width=\"720\" height=\"540\" src=\"https:\/\/www.baler-machines.com\/wp-content\/uploads\/2022\/08\/structure-of-the-metal-shears.webp\" alt=\"estructura de las tijeras de metal\" class=\"wp-image-2527\" title=\"\"><figcaption class=\"wp-element-caption\">estructura de las tijeras de metal<\/figcaption><\/figure> <\/div>   <p>Por su dise\u00f1o, queda claro que esta cizalla hidr\u00e1ulica para metales tiene un funcionamiento c\u00f3modo y sencillo.<\/p>    <p>La boca de corte puede cortar y detenerse en cualquier posici\u00f3n durante el proceso de trabajo. Seg\u00fan el tama\u00f1o del material, controle arbitrariamente el tama\u00f1o de la boca de corte. Esto puede lograr una alta eficiencia de trabajo.<\/p>    <h2 class=\"wp-block-heading\"><strong>Principio de funcionamiento de la cizalla de cocodrilo tipo cocodrilo.<\/strong><\/h2>    <p>Esta m\u00e1quina funciona a trav\u00e9s de un sistema hidr\u00e1ulico. <\/p>    <p>Cuando el corte est\u00e1 en progreso, la estaci\u00f3n de bomba hidr\u00e1ulica (fuente de salida de energ\u00eda) suministra aceite al cilindro de presi\u00f3n para empujar la cuchilla de presi\u00f3n deslizante hacia el asiento de la cuchilla inferior. El material se fija y compacta.<\/p>    <p>Luego, la estaci\u00f3n de bomba hidr\u00e1ulica suministra aceite al cilindro de corte para hacer que la cuchilla de corte se mueva hacia abajo para completar el paso de corte. <\/p>    <p>Una vez completado el corte, la estaci\u00f3n de bomba hidr\u00e1ulica completa la carrera de retorno impulsada por el reflujo de aceite hidr\u00e1ulico del cilindro de corte y el cilindro de prensado.<\/p>    <figure class=\"wp-block-embed is-type-video is-provider-youtube wp-block-embed-youtube wp-embed-aspect-16-9 wp-has-aspect-ratio\"><div class=\"wp-block-embed__wrapper\"> <iframe loading=\"lazy\" title=\"\u00bfPuedes adivinar qu\u00e9 tan afiladas son las cizallas de cocodrilo hidr\u00e1ulicas? As\u00ed es como cortan chatarra para reciclarla\" width=\"500\" height=\"281\" src=\"https:\/\/www.youtube.com\/embed\/X0rK1Pm20sY?feature=oembed\" frameborder=\"0\" allow=\"accelerometer; autoplay; clipboard-write; encrypted-media; gyroscope; picture-in-picture; web-share\" referrerpolicy=\"strict-origin-when-cross-origin\" allowfullscreen><\/iframe> <\/div><figcaption class=\"wp-element-caption\">V\u00eddeo de la m\u00e1quina cizalla hidr\u00e1ulica para chatarra de metal<\/figcaption><\/figure>    <h2 class=\"wp-block-heading\"><strong>\u00bfQu\u00e9 tal el precio de la cizalla hidr\u00e1ulica para metales?<\/strong><\/h2>    <p>El precio de la cizalla hidr\u00e1ulica para metales Shuliy var\u00eda seg\u00fan una variedad de factores, incluido el modelo del equipo, la fuerza de corte, la configuraci\u00f3n, la marca y el servicio posventa.<\/p>    <ul class=\"wp-block-list\"> <li>En t\u00e9rminos generales, cuanto mayor es la fuerza de corte, mayor es la configuraci\u00f3n de la cizalla hidr\u00e1ulica y su precio es correspondientemente mayor.<\/li>    <li>Al comprar cizallas hidr\u00e1ulicas para metales, adem\u00e1s de centrarse en el precio, tambi\u00e9n hay que tener en cuenta la calidad y el rendimiento del equipo. <\/li>    <li>Elegir una marca con buena reputaci\u00f3n y garant\u00eda de servicio postventa, como Shuliy, puede garantizar que el equipo sea m\u00e1s confiable y eficiente en el proceso de uso.<\/li> <\/ul>    <p>Si necesita conocer el precio espec\u00edfico de la cizalla hidr\u00e1ulica para metales, puede obtener una cotizaci\u00f3n detallada comunic\u00e1ndose con nuestro equipo de ventas. Recomendaremos un modelo adecuado y le proporcionaremos el mejor plan de precios de acuerdo con sus necesidades espec\u00edficas.<\/p>   <div class=\"wp-block-image\"> <figure class=\"aligncenter size-full\"><img loading=\"lazy\" decoding=\"async\" width=\"720\" height=\"540\" src=\"https:\/\/www.baler-machines.com\/wp-content\/uploads\/2019\/12\/alligator-shear-manufacturer.webp\" alt=\"fabricante de cizallas de cocodrilo\" class=\"wp-image-3736\" title=\"\" srcset=\"https:\/\/www.baler-machines.com\/wp-content\/uploads\/2019\/12\/alligator-shear-manufacturer.webp 720w, https:\/\/www.baler-machines.com\/wp-content\/uploads\/2019\/12\/alligator-shear-manufacturer-16x12.webp 16w\" sizes=\"auto, (max-width: 720px) 100vw, 720px\" \/><figcaption class=\"wp-element-caption\">fabricante de cizallas de cocodrilo<\/figcaption><\/figure> <\/div>   <h2 class=\"wp-block-heading\" id=\"h-safe-operation-guides-for-the-hydraulic-metal-shears\"><strong>Gu\u00edas de operaci\u00f3n segura para cizalla hidr\u00e1ulica de metal.<\/strong><\/h2>    <ul class=\"wp-block-list\"> <li>El equipo de corte de metales ser\u00e1 operado por personal espec\u00edfico.<\/li>    <li>Antes de usar esta cizalla de cocodrilo, verifique cuidadosamente si todas las partes de la m\u00e1quina est\u00e1n normales y si los sujetadores est\u00e1n firmes.<\/li>    <li>La m\u00e1quina cortadora de metales tiene prohibido cortar: <ul class=\"wp-block-list\"> <li>Piezas de acero no recocido, piezas de hierro fundido, piezas de metal blando, materiales met\u00e1licos delgados, materiales con longitudes inferiores a 100 mm y desechos met\u00e1licos que excedan la longitud de las tijeras.<\/li> <\/ul> <\/li> <\/ul>   <div class=\"wp-block-image\"> <figure class=\"aligncenter size-full\"><img loading=\"lazy\" decoding=\"async\" width=\"720\" height=\"540\" src=\"https:\/\/www.baler-machines.com\/wp-content\/uploads\/2019\/12\/hydraulic-metal-shear-machine-working-scene.webp\" alt=\"escena de trabajo de la m\u00e1quina cizalla hidr\u00e1ulica para metales\" class=\"wp-image-3734\" title=\"\" srcset=\"https:\/\/www.baler-machines.com\/wp-content\/uploads\/2019\/12\/hydraulic-metal-shear-machine-working-scene.webp 720w, https:\/\/www.baler-machines.com\/wp-content\/uploads\/2019\/12\/hydraulic-metal-shear-machine-working-scene-16x12.webp 16w\" sizes=\"auto, (max-width: 720px) 100vw, 720px\" \/><figcaption class=\"wp-element-caption\">escena de trabajo de la m\u00e1quina cizalla hidr\u00e1ulica para metales<\/figcaption><\/figure> <\/div>   <ul class=\"wp-block-list\"> <li>Durante la operaci\u00f3n, el cuerpo humano no debe acercarse a la parte de transmisi\u00f3n ni al filo del equipo.  <ul class=\"wp-block-list\"> <li>Se deber\u00e1 prestar atenci\u00f3n a la seguridad del personal circundante para evitar que el material se deforme y lastime a las personas. <\/li>    <li>Al cortar, intente cortar el material cerca del interior del cuchillo. <\/li>    <li>Al cortar materiales cortos, no est\u00e1 permitido utilizar piezas de trabajo manuales para alimentar materiales. Puede alimentar materiales con una abrazadera.<\/li> <\/ul> <\/li>    <li>Cuando el equipo est\u00e9 en funcionamiento, el operador no deber\u00e1 abandonar el puesto sin permiso.  <ul class=\"wp-block-list\"> <li>Una vez finalizada la obra o abandonada temporalmente, se cortar\u00e1 el suministro el\u00e9ctrico. <\/li>    <li>Al mismo tiempo, cuando la m\u00e1quina est\u00e1 en funcionamiento, no est\u00e1 permitido reparar ni tocar las partes m\u00f3viles con las manos. Est\u00e1 estrictamente prohibido presionar los materiales en la caja de materiales con las manos o los pies.<\/li> <\/ul> <\/li>    <li>Las partes lubricantes de la m\u00e1quina se llenar\u00e1n con aceite lubricante al menos una vez por turno seg\u00fan sea necesario.<\/li> <\/ul>    <h2 class=\"wp-block-heading\"><strong>M\u00e1quina cizalla de cocodrilo hidr\u00e1ulica peque\u00f1a de nuevo tipo<\/strong><\/h2>    <p>Este nuevo tipo de m\u00e1quina cizalla hidr\u00e1ulica para metales ha sido recientemente dise\u00f1ada por nuestra f\u00e1brica. Esta cizalla para chatarra es adecuada para materiales que no se pueden cortar demasiado gruesos, como los pl\u00e1sticos.<\/p>    <figure class=\"wp-block-gallery has-nested-images columns-default is-cropped wp-block-gallery-3 is-layout-flex wp-block-gallery-is-layout-flex\"> <figure class=\"wp-block-image size-large\"><img loading=\"lazy\" decoding=\"async\" width=\"720\" height=\"540\" data-id=\"3740\" src=\"https:\/\/www.baler-machines.com\/wp-content\/uploads\/2019\/12\/hydraulic-alligator-shear.webp\" alt=\"cizalla de cocodrilo hidr\u00e1ulica\" class=\"wp-image-3740\" title=\"\" srcset=\"https:\/\/www.baler-machines.com\/wp-content\/uploads\/2019\/12\/hydraulic-alligator-shear.webp 720w, https:\/\/www.baler-machines.com\/wp-content\/uploads\/2019\/12\/hydraulic-alligator-shear-16x12.webp 16w\" sizes=\"auto, (max-width: 720px) 100vw, 720px\" \/><figcaption class=\"wp-element-caption\">Cizalla de cocodrilo hidr\u00e1ulica<\/figcaption><\/figure>    <figure class=\"wp-block-image size-large\"><img loading=\"lazy\" decoding=\"async\" width=\"720\" height=\"540\" data-id=\"3741\" src=\"https:\/\/www.baler-machines.com\/wp-content\/uploads\/2019\/12\/small-metal-shearing-machine.webp\" alt=\"peque\u00f1a m\u00e1quina de corte de metal\" class=\"wp-image-3741\" title=\"\" srcset=\"https:\/\/www.baler-machines.com\/wp-content\/uploads\/2019\/12\/small-metal-shearing-machine.webp 720w, https:\/\/www.baler-machines.com\/wp-content\/uploads\/2019\/12\/small-metal-shearing-machine-16x12.webp 16w\" sizes=\"auto, (max-width: 720px) 100vw, 720px\" \/><figcaption class=\"wp-element-caption\"><br><br>peque\u00f1a m\u00e1quina de corte de metal<\/figcaption><\/figure> <\/figure>    <p>La peque\u00f1a m\u00e1quina cizalla tipo cocodrilo tiene las ventajas de ser rentable, liviana, f\u00e1cil de mover y ocupa poco espacio. Es ideal para empresas peque\u00f1as o de nueva creaci\u00f3n.<\/p>    <h2 class=\"wp-block-heading\"><strong>\u00a1Cont\u00e1ctenos para m\u00e1s detalles de la m\u00e1quina!<\/strong><\/h2>    <p class=\"translation-block\">Como fabricante profesional de equipos de reciclaje de metal, tambi\u00e9n tenemos <a href=\"https:\/\/www.baler-machines.com\/es\/metal-shear-machine\/\">cizalla de metal tipo cabeza de tigre<\/a>, <a href=\"https:\/\/www.baler-machines.com\/es\/metal-shears-metal-shearing-machine\/\">m\u00e1quina de cizallado de p\u00f3rtico<\/a> y as\u00ed sucesivamente, que pueden satisfacer sus diferentes necesidades.<\/p>    <p class=\"translation-block\">Si est\u00e1 buscando soluciones eficientes para el reciclaje de <a href=\"https:\/\/en.wikipedia.org\/wiki\/Scrap\" target=\"_blank\" rel=\"noopener\">residuos met\u00e1licos<\/a>, cont\u00e1ctenos ahora. Nuestro equipo de ventas le proporcionar\u00e1 la mejor soluci\u00f3n seg\u00fan sus necesidades.<\/p>    <figure class=\"wp-block-embed is-type-video is-provider-youtube wp-block-embed-youtube wp-embed-aspect-16-9 wp-has-aspect-ratio\"><div class=\"wp-block-embed__wrapper\"> <iframe loading=\"lazy\" title=\"M\u00e1quina cortadora de metales | Cizalla de cocodrilo | M\u00e1quina cortadora de chatarra para planta de reciclaje de residuos met\u00e1licos\" width=\"500\" height=\"281\" src=\"https:\/\/www.youtube.com\/embed\/ZvCyF9NsxDs?feature=oembed\" frameborder=\"0\" allow=\"accelerometer; autoplay; clipboard-write; encrypted-media; gyroscope; picture-in-picture; web-share\" referrerpolicy=\"strict-origin-when-cross-origin\" allowfullscreen><\/iframe> <\/div><figcaption class=\"wp-element-caption\">M\u00e1quina cortadora de metales<\/figcaption><\/figure>","protected":false},"excerpt":{"rendered":"<p>La m\u00e1quina cizalla hidr\u00e1ulica para metales Shuliy se utiliza principalmente para cortar diversas l\u00e1minas de metal de desecho, tubos de acero de desecho, placas de acero de desecho, etc. para su reciclaje.<\/p>","protected":false},"author":1,"featured_media":694,"parent":0,"template":"","tags":[585,583,296,584],"product-type":[562],"class_list":["post-321","product","type-product","status-publish","has-post-thumbnail","hentry","tag-hydraulic-metal-shear-machine","tag-hydraulic-metal-shears","tag-metal-shear","tag-scrap-metal-cutting-machine","product-type-metal-shears"],"_links":{"self":[{"href":"https:\/\/www.baler-machines.com\/es\/wp-json\/wp\/v2\/product\/321","targetHints":{"allow":["GET"]}}],"collection":[{"href":"https:\/\/www.baler-machines.com\/es\/wp-json\/wp\/v2\/product"}],"about":[{"href":"https:\/\/www.baler-machines.com\/es\/wp-json\/wp\/v2\/types\/product"}],"author":[{"embeddable":true,"href":"https:\/\/www.baler-machines.com\/es\/wp-json\/wp\/v2\/users\/1"}],"wp:featuredmedia":[{"embeddable":true,"href":"https:\/\/www.baler-machines.com\/es\/wp-json\/wp\/v2\/media\/694"}],"wp:attachment":[{"href":"https:\/\/www.baler-machines.com\/es\/wp-json\/wp\/v2\/media?parent=321"}],"wp:term":[{"taxonomy":"post_tag","embeddable":true,"href":"https:\/\/www.baler-machines.com\/es\/wp-json\/wp\/v2\/tags?post=321"},{"taxonomy":"product-type","embeddable":true,"href":"https:\/\/www.baler-machines.com\/es\/wp-json\/wp\/v2\/product-type?post=321"}],"curies":[{"name":"wp","href":"https:\/\/api.w.org\/{rel}","templated":true}]}}