{"id":3166,"date":"2023-03-29T10:44:02","date_gmt":"2023-03-29T02:44:02","guid":{"rendered":"https:\/\/www.baler-machines.com\/?post_type=product&#038;p=3166"},"modified":"2023-03-29T15:08:16","modified_gmt":"2023-03-29T07:08:16","slug":"waste-wire-cable-shredder-for-recycling","status":"publish","type":"product","link":"https:\/\/www.baler-machines.com\/es\/waste-wire-cable-shredder-for-recycling\/","title":{"rendered":"Trituradora de cables\/alambres de desecho para reciclaje de chatarra"},"content":{"rendered":"<p class=\"translation-block\">La trituradora de cables est\u00e1 dise\u00f1ada para desechar cables\/cables\/placas el\u00e9ctricas en trozos peque\u00f1os para descomponer y reciclar estos residuos. Recientemente, debido a su eficiencia y capacidad para reducir los residuos en la industria electr\u00f3nica, este tipo de <a href=\"https:\/\/www.baler-machines.com\/es\/industrial-shredder\/\" target=\"_blank\" rel=\"noreferrer noopener\">m\u00e1quina trituradora de doble eje<\/a> se ha vuelto cada vez m\u00e1s popular.<\/p>    <figure class=\"wp-block-gallery aligncenter has-nested-images columns-default is-cropped wp-block-gallery-2 is-layout-flex wp-block-gallery-is-layout-flex\"> <figure class=\"wp-block-image size-large\"><img loading=\"lazy\" decoding=\"async\" width=\"301\" height=\"167\" data-id=\"3179\" src=\"https:\/\/www.baler-machines.com\/wp-content\/uploads\/2023\/03\/electric-cables.webp\" alt=\"cables electricos\" class=\"wp-image-3179\" title=\"\"><figcaption class=\"wp-element-caption\">Cables electricos<\/figcaption><\/figure>    <figure class=\"wp-block-image size-large\"><a href=\"https:\/\/en.wikipedia.org\/wiki\/Electronic_circuit\" target=\"_blank\" rel=\"noopener\"><img loading=\"lazy\" decoding=\"async\" width=\"286\" height=\"176\" data-id=\"3180\" src=\"https:\/\/www.baler-machines.com\/wp-content\/uploads\/2023\/03\/electric-circuit-boards.webp\" alt=\"tableros de circuitos electricos\" class=\"wp-image-3180\" title=\"\"><\/a><figcaption class=\"wp-element-caption\">Tableros de circuitos el\u00e9ctricos<\/figcaption><\/figure>    <figure class=\"wp-block-image size-large\"><img loading=\"lazy\" decoding=\"async\" width=\"733\" height=\"524\" data-id=\"3181\" src=\"https:\/\/www.baler-machines.com\/wp-content\/uploads\/2023\/03\/electric-wires.webp\" alt=\"cables electricos\" class=\"wp-image-3181\" title=\"\"><figcaption class=\"wp-element-caption\">Cables electricos<\/figcaption><\/figure> <\/figure>    <p>Esta trituradora de alambre de cobre es muy potente, no solo para alambres\/cables\/circuitos sino tambi\u00e9n para metales y pl\u00e1sticos, basura, madera, etc. <\/p>    <h2 class=\"wp-block-heading\"><strong>\u00bfPor qu\u00e9 utilizar la m\u00e1quina trituradora de cables de cobre para triturar alambres\/cables?<\/strong><\/h2>    <div class=\"wp-block-columns is-layout-flex wp-container-core-columns-is-layout-9d6595d7 wp-block-columns-is-layout-flex\"> <div class=\"wp-block-column is-layout-flow wp-block-column-is-layout-flow\"> <p class=\"has-text-align-center translation-block\"><strong>Alto valor de reciclaje<\/strong><\/p>    <p class=\"has-cyan-bluish-gray-background-color has-background\">Los alambres y cables contienen muchos metales, como cobre y aluminio, que pueden reciclarse y convertirse en otros productos met\u00e1licos. El reciclaje de alambres y cables puede aportar considerables beneficios econ\u00f3micos.<\/p> <\/div>    <div class=\"wp-block-column is-layout-flow wp-block-column-is-layout-flow\"> <p class=\"has-text-align-center translation-block\"><strong>Ahorro de recursos<\/strong><\/p>    <p class=\"has-cyan-bluish-gray-background-color has-background\">Reciclar alambres y cables puede ayudar a ahorrar recursos naturales porque se pueden reutilizar en lugar de tirarlos a los vertederos o quemarlos. Esto es muy importante para la protecci\u00f3n del medio ambiente.<\/p> <\/div> <\/div>    <div class=\"wp-block-columns is-layout-flex wp-container-core-columns-is-layout-9d6595d7 wp-block-columns-is-layout-flex\"> <div class=\"wp-block-column is-layout-flow wp-block-column-is-layout-flow\"> <p class=\"has-text-align-center translation-block\"><strong>Cumplimiento de los requisitos normativos<\/strong><\/p>    <p class=\"has-cyan-bluish-gray-background-color has-background\">En muchos pa\u00edses y regiones, existen requisitos reglamentarios estrictos para la eliminaci\u00f3n de alambres y cables usados. El uso de una trituradora de alambres y cables puede cumplir con los requisitos reglamentarios y as\u00ed evitar multas y riesgos legales.<\/p> <\/div>    <div class=\"wp-block-column is-layout-flow wp-block-column-is-layout-flow\"> <p class=\"has-text-align-center translation-block\"><strong>Reducci\u00f3n de residuos peligrosos<\/strong><\/p>    <p class=\"has-cyan-bluish-gray-background-color has-background\">Los alambres y cables contienen muchas sustancias qu\u00edmicas peligrosas. Si se eliminan libremente, pueden causar un impacto grave en el medio ambiente y la salud humana. La trituradora de cables usados \u200b\u200bse utiliza para evitar manipularlos de forma causal.<\/p> <\/div> <\/div>    <h2 class=\"wp-block-heading\"><strong>Estructura de la m\u00e1quina trituradora de cables Shuliy<\/strong><\/h2>   <div class=\"wp-block-image\"> <figure class=\"aligncenter size-full\"><img loading=\"lazy\" decoding=\"async\" width=\"720\" height=\"540\" src=\"https:\/\/www.baler-machines.com\/wp-content\/uploads\/2023\/03\/structure-of-waste-cable-crusher.webp\" alt=\"estructura de la trituradora de cables de desecho\" class=\"wp-image-3186\" title=\"\"><figcaption class=\"wp-element-caption\">estructura de la trituradora de cables de desecho<\/figcaption><\/figure> <\/div>   <p class=\"translation-block\">Como <a href=\"https:\/\/www.baler-machines.com\/es\/\" target=\"_blank\" rel=\"noreferrer noopener\">fabricante y proveedor profesional de trituradoras<\/a>, la estructura de nuestra trituradora se ha optimizado y mejorado continuamente, lo que es muy adecuado para las necesidades de los clientes.<\/p>    <p>Seg\u00fan la imagen de arriba, nuestra trituradora se compone de reductor, motor, puerto de alimentaci\u00f3n y puerto de descarga. En realidad, es muy simple y directo. Si desea obtener m\u00e1s informaci\u00f3n, cont\u00e1ctenos y bienvenido a visitar nuestra f\u00e1brica.<\/p>    <h2 class=\"wp-block-heading\"><strong>Ventajas de utilizar la trituradora de cables de desecho<\/strong><\/h2>    <ol class=\"wp-block-list\"> <li>Alta eficiencia: en comparaci\u00f3n con la extracci\u00f3n manual de cables u otros m\u00e9todos tradicionales, el uso de una trituradora de cables puede aumentar significativamente la eficiencia del procesamiento y, por tanto, la productividad.<\/li>    <li>Gran precisi\u00f3n: el granulador de cables puede triturar con precisi\u00f3n los alambres y cables en peque\u00f1as part\u00edculas adecuadas para el reciclaje, y estas peque\u00f1as part\u00edculas se pueden procesar nuevamente m\u00e1s f\u00e1cilmente.<\/li>    <li>Gran seguridad: La m\u00e1quina trituradora de cables se puede controlar autom\u00e1ticamente durante el trabajo, reduciendo el riesgo de intervenci\u00f3n manual.<\/li>    <li>Protecci\u00f3n del medio ambiente: Hay sustancias nocivas en los alambres y cables, y mediante el uso de la trituradora de cables, estas sustancias peligrosas se pueden eliminar de manera efectiva.<\/li>    <li>Bajo costo: en t\u00e9rminos de beneficios a largo plazo, el uso de la trituradora de alambre para el reciclaje de alambres y cables puede reducir significativamente los costos de mano de obra.<\/li> <\/ol>    <h2 class=\"wp-block-heading\"><strong>\u00bfQu\u00e9 tal el precio de la trituradora de cables de desecho?<\/strong><\/h2>    <p>Para los clientes, uno de los factores importantes a considerar a la hora de comprar una m\u00e1quina es el precio. Por supuesto, los clientes que compran la m\u00e1quina trituradora de cable de cobre son los mismos.<\/p>    <p class=\"translation-block\">Al comprar una <a href=\"https:\/\/www.baler-machines.com\/es\/industrial-shredder\/\" target=\"_blank\" rel=\"noreferrer noopener\">m\u00e1quina trituradora para diversos residuos<\/a>, puede considerar la producci\u00f3n que desea manejar, su presupuesto, el fabricante, etc. Esto es solo para su referencia. Tambi\u00e9n puede indicarnos sus necesidades, etc., y dise\u00f1aremos la mejor soluci\u00f3n para usted.<\/p>    <h2 class=\"wp-block-heading\"><strong>Video de trabajo de trituradora de cable de cobre a la venta.<\/strong><\/h2>    <figure class=\"wp-block-embed is-type-video is-provider-youtube wp-block-embed-youtube wp-embed-aspect-16-9 wp-has-aspect-ratio\"><div class=\"wp-block-embed__wrapper\"> <iframe loading=\"lazy\" title=\"Incre\u00edble m\u00e1quina trituradora y trituradora para cables\/cables\/placas el\u00e9ctricos de desecho para reciclaje de chatarra\" width=\"500\" height=\"281\" src=\"https:\/\/www.youtube.com\/embed\/hHcx_l1vlpk?start=3&#038;feature=oembed\" frameborder=\"0\" allow=\"accelerometer; autoplay; clipboard-write; encrypted-media; gyroscope; picture-in-picture; web-share\" referrerpolicy=\"strict-origin-when-cross-origin\" allowfullscreen><\/iframe> <\/div><\/figure>","protected":false},"excerpt":{"rendered":"<p>The cable shredder is designed to dispose of waste wire\/cables\/electric plates into small pieces to break down and recycle this waste. Recently, due to its efficiency and ability to reduce waste in the electronic industry, this kind of double-shaft shredder machine has become increasingly popular. This copper wire shredder is very powerful, not only for [&hellip;]<\/p>\n","protected":false},"author":1,"featured_media":3178,"parent":0,"template":"","tags":[608],"product-type":[561],"class_list":["post-3166","product","type-product","status-publish","has-post-thumbnail","hentry","tag-cable-shredder","product-type-industrial-shredder"],"_links":{"self":[{"href":"https:\/\/www.baler-machines.com\/es\/wp-json\/wp\/v2\/product\/3166","targetHints":{"allow":["GET"]}}],"collection":[{"href":"https:\/\/www.baler-machines.com\/es\/wp-json\/wp\/v2\/product"}],"about":[{"href":"https:\/\/www.baler-machines.com\/es\/wp-json\/wp\/v2\/types\/product"}],"author":[{"embeddable":true,"href":"https:\/\/www.baler-machines.com\/es\/wp-json\/wp\/v2\/users\/1"}],"wp:featuredmedia":[{"embeddable":true,"href":"https:\/\/www.baler-machines.com\/es\/wp-json\/wp\/v2\/media\/3178"}],"wp:attachment":[{"href":"https:\/\/www.baler-machines.com\/es\/wp-json\/wp\/v2\/media?parent=3166"}],"wp:term":[{"taxonomy":"post_tag","embeddable":true,"href":"https:\/\/www.baler-machines.com\/es\/wp-json\/wp\/v2\/tags?post=3166"},{"taxonomy":"product-type","embeddable":true,"href":"https:\/\/www.baler-machines.com\/es\/wp-json\/wp\/v2\/product-type?post=3166"}],"curies":[{"name":"wp","href":"https:\/\/api.w.org\/{rel}","templated":true}]}}