{"id":3116,"date":"2023-03-23T11:14:20","date_gmt":"2023-03-23T03:14:20","guid":{"rendered":"https:\/\/www.baler-machines.com\/?post_type=product&#038;p=3116"},"modified":"2026-02-13T13:55:45","modified_gmt":"2026-02-13T05:55:45","slug":"metal-compactor-for-recycling","status":"publish","type":"product","link":"https:\/\/www.baler-machines.com\/es\/metal-compactor-for-recycling\/","title":{"rendered":"Compactador hidr\u00e1ulico de metal para reciclaje de chatarra de acero\/cobre"},"content":{"rendered":"<p class=\"translation-block\">Un compactador de metal industrial es una m\u00e1quina que comprime chatarra de metal en una forma compacta para facilitar su almacenamiento, transporte y reciclaje. La <a href=\"https:\/\/www.baler-machines.com\/es\/horizontal-metal-baler\/\" target=\"_blank\" rel=\"noreferrer noopener\">m\u00e1quina de baling de metal horizontal<\/a> viene en diferentes tama\u00f1os y tipos, como la baling manual y autom\u00e1tica, dependiendo de las necesidades espec\u00edficas de la empresa.<\/p>    <figure class=\"wp-block-gallery aligncenter has-nested-images columns-default is-cropped wp-block-gallery-2 is-layout-flex wp-block-gallery-is-layout-flex\"> <figure class=\"wp-block-image size-large\"><img loading=\"lazy\" decoding=\"async\" width=\"720\" height=\"540\" data-id=\"3136\" src=\"https:\/\/www.baler-machines.com\/wp-content\/uploads\/2023\/03\/cylindrical-scrap-metal-bales.webp\" alt=\"fardos cil\u00edndricos de chatarra\" class=\"wp-image-3136\" title=\"\"><figcaption class=\"wp-element-caption\">Balas cil\u00edndricas de chatarra<\/figcaption><\/figure>    <figure class=\"wp-block-image size-large\"><img loading=\"lazy\" decoding=\"async\" width=\"720\" height=\"540\" data-id=\"3137\" src=\"https:\/\/www.baler-machines.com\/wp-content\/uploads\/2023\/03\/rectangular-waste-metal.webp\" alt=\"metal residual rectangular\" class=\"wp-image-3137\" title=\"\"><figcaption class=\"wp-element-caption\">Metal de desecho rectangular<\/figcaption><\/figure>    <figure class=\"wp-block-image size-large\"><img loading=\"lazy\" decoding=\"async\" width=\"720\" height=\"540\" data-id=\"3138\" src=\"https:\/\/www.baler-machines.com\/wp-content\/uploads\/2023\/03\/shatted-bales.webp\" alt=\"fardos destrozados\" class=\"wp-image-3138\" title=\"\"><figcaption class=\"wp-element-caption\">Balas destrozadas<\/figcaption><\/figure> <\/figure>    <figure class=\"wp-block-gallery has-nested-images columns-default is-cropped wp-block-gallery-3 is-layout-flex wp-block-gallery-is-layout-flex\"> <figure class=\"wp-block-image size-large\"><img loading=\"lazy\" decoding=\"async\" width=\"720\" height=\"540\" data-id=\"4305\" src=\"https:\/\/www.baler-machines.com\/wp-content\/uploads\/2023\/03\/scrap-metal-compactor.webp\" alt=\"scrap metal compactor\" class=\"wp-image-4305\" title=\"\" srcset=\"https:\/\/www.baler-machines.com\/wp-content\/uploads\/2023\/03\/scrap-metal-compactor.webp 720w, https:\/\/www.baler-machines.com\/wp-content\/uploads\/2023\/03\/scrap-metal-compactor-16x12.webp 16w\" sizes=\"auto, (max-width: 720px) 100vw, 720px\" \/><figcaption class=\"wp-element-caption\">Compactador de chatarra met\u00e1lica<\/figcaption><\/figure>    <figure class=\"wp-block-image size-large\"><img loading=\"lazy\" decoding=\"async\" width=\"720\" height=\"540\" data-id=\"4304\" src=\"https:\/\/www.baler-machines.com\/wp-content\/uploads\/2023\/03\/hydraulic-metal-compactor.webp\" alt=\"hydraulic metal compactor\" class=\"wp-image-4304\" title=\"\" srcset=\"https:\/\/www.baler-machines.com\/wp-content\/uploads\/2023\/03\/hydraulic-metal-compactor.webp 720w, https:\/\/www.baler-machines.com\/wp-content\/uploads\/2023\/03\/hydraulic-metal-compactor-16x12.webp 16w\" sizes=\"auto, (max-width: 720px) 100vw, 720px\" \/><figcaption class=\"wp-element-caption\">Compactador hidr\u00e1ulico de metal<\/figcaption><\/figure>    <figure class=\"wp-block-image size-large\"><img loading=\"lazy\" decoding=\"async\" width=\"720\" height=\"540\" data-id=\"4306\" src=\"https:\/\/www.baler-machines.com\/wp-content\/uploads\/2023\/03\/different-shapes-of-baled-scrap-metal.webp\" alt=\"different shapes of baled scrap metal\" class=\"wp-image-4306\" title=\"\" srcset=\"https:\/\/www.baler-machines.com\/wp-content\/uploads\/2023\/03\/different-shapes-of-baled-scrap-metal.webp 720w, https:\/\/www.baler-machines.com\/wp-content\/uploads\/2023\/03\/different-shapes-of-baled-scrap-metal-16x12.webp 16w\" sizes=\"auto, (max-width: 720px) 100vw, 720px\" \/><figcaption class=\"wp-element-caption\">Diferentes formas de chatarra de metal en fardos<\/figcaption><\/figure> <\/figure>    <h2 class=\"wp-block-heading\"><strong>\u00bfQui\u00e9nes son los clientes potenciales del compactador de chatarra?<\/strong><\/h2>    <p class=\"translation-block\"><strong>Fabricaci\u00f3n de metales<\/strong>: la prensa empacadora de metales se utiliza para comprimir los desechos met\u00e1licos generados durante el proceso de fabricaci\u00f3n.<\/p>    <p class=\"translation-block\"><strong>Industria automotriz<\/strong>: la prensa empacadora de metales se utiliza para prensar y empacar los desechos met\u00e1licos generados durante la producci\u00f3n de autom\u00f3viles.<\/p>    <p class=\"translation-block\"><strong>Industria de la construcci\u00f3n<\/strong>: la prensa empacadora de metales se utiliza para prensar los desechos met\u00e1licos generados durante las actividades de demolici\u00f3n y construcci\u00f3n.<\/p>    <p class=\"translation-block\"><strong>Industria del reciclaje<\/strong>: la m\u00e1quina compactadora de metales de desecho se utiliza para comprimir los desechos met\u00e1licos para su reciclaje.<\/p>   <div class=\"wp-block-image\"> <figure class=\"aligncenter size-full\"><img loading=\"lazy\" decoding=\"async\" width=\"727\" height=\"324\" src=\"https:\/\/www.baler-machines.com\/wp-content\/uploads\/2023\/03\/scrap-recycling-by-metal-compaction-machine.webp\" alt=\"Reciclaje de chatarra mediante m\u00e1quina de compactaci\u00f3n de metal\" class=\"wp-image-4308\" title=\"\" srcset=\"https:\/\/www.baler-machines.com\/wp-content\/uploads\/2023\/03\/scrap-recycling-by-metal-compaction-machine.webp 727w, https:\/\/www.baler-machines.com\/wp-content\/uploads\/2023\/03\/scrap-recycling-by-metal-compaction-machine-18x8.webp 18w\" sizes=\"auto, (max-width: 727px) 100vw, 727px\" \/><figcaption class=\"wp-element-caption\">Reciclaje de chatarra mediante m\u00e1quina de compactaci\u00f3n de metal<\/figcaption><\/figure> <\/div>  <div class=\"wp-block-image\"> <figure class=\"aligncenter size-full\"><img loading=\"lazy\" decoding=\"async\" width=\"727\" height=\"330\" src=\"https:\/\/www.baler-machines.com\/wp-content\/uploads\/2023\/03\/metal-bales-of-metal-compression-machine.webp\" alt=\"fardos de metal de la m\u00e1quina de compresi\u00f3n de metal\" class=\"wp-image-4307\" title=\"\" srcset=\"https:\/\/www.baler-machines.com\/wp-content\/uploads\/2023\/03\/metal-bales-of-metal-compression-machine.webp 727w, https:\/\/www.baler-machines.com\/wp-content\/uploads\/2023\/03\/metal-bales-of-metal-compression-machine-18x8.webp 18w\" sizes=\"auto, (max-width: 727px) 100vw, 727px\" \/><figcaption class=\"wp-element-caption\">fardos de metal de la m\u00e1quina de compresi\u00f3n de metal<\/figcaption><\/figure> <\/div>   <h2 class=\"wp-block-heading\"><strong>Estructura de la empacadora horizontal para residuos de metal.<\/strong><\/h2>    <p>La estructura de un compactador de metal generalmente consta de una tolva o un recipiente de alimentaci\u00f3n, que se utiliza para almacenar y alimentar las tiras o desechos de metal sueltos a la c\u00e1mara de compresi\u00f3n.<\/p>    <p>El cilindro, impulsado por fuerza hidr\u00e1ulica o mec\u00e1nica, presiona y embala el metal residual dentro de la c\u00e1mara de compresi\u00f3n.<\/p>   <div class=\"wp-block-image\"> <figure class=\"aligncenter size-full\"><img loading=\"lazy\" decoding=\"async\" width=\"720\" height=\"540\" src=\"https:\/\/www.baler-machines.com\/wp-content\/uploads\/2023\/03\/structure-of-horizontal-baler-machine.webp\" alt=\"Estructura de la m\u00e1quina empacadora compactadora de metal horizontal.\" class=\"wp-image-3129\" title=\"\"><figcaption class=\"wp-element-caption\">Estructura de la m\u00e1quina empacadora compactadora de metal horizontal.<\/figcaption><\/figure> <\/div>   <h2 class=\"wp-block-heading\"><strong>Ventajas de utilizar la m\u00e1quina compactadora de metal Shuliy a la venta<\/strong><\/h2>    <div class=\"wp-block-columns is-layout-flex wp-container-core-columns-is-layout-9d6595d7 wp-block-columns-is-layout-flex\"> <div class=\"wp-block-column is-layout-flow wp-block-column-is-layout-flow\"> <p class=\"has-text-align-center translation-block\"><strong>Gesti\u00f3n eficiente de residuos<\/strong><\/p> <\/div>    <div class=\"wp-block-column is-layout-flow wp-block-column-is-layout-flow\"> <p class=\"has-text-align-center translation-block\"><strong>Ahorro de costos<\/strong><\/p> <\/div> <\/div>    <div class=\"wp-block-columns is-layout-flex wp-container-core-columns-is-layout-9d6595d7 wp-block-columns-is-layout-flex\"> <div class=\"wp-block-column is-layout-flow wp-block-column-is-layout-flow\"> <p class=\"has-cyan-bluish-gray-background-color has-background translation-block\">La prensa empacadora de metales de alta resistencia est\u00e1 dise\u00f1ada para manejar una amplia gama de <strong>metales de desecho, incluyendo aluminio, cobre, acero y hierro<\/strong>. El proceso de compactaci\u00f3n reduce el volumen de los residuos hasta en un 90%, lo que significa que se pueden almacenar m\u00e1s residuos en menos espacio.<\/p> <\/div>    <div class=\"wp-block-column is-layout-flow wp-block-column-is-layout-flow\"> <p class=\"has-cyan-bluish-gray-background-color has-background\">Los m\u00e9todos tradicionales de eliminaci\u00f3n de residuos, como el vertido de residuos, pueden resultar costosos. La m\u00e1quina ofrece una soluci\u00f3n rentable al reducir el volumen de residuos y menos espacio para almacenamiento y transporte. Esto puede generar importantes ahorros de costos a largo plazo.<\/p> <\/div> <\/div>    <div class=\"wp-block-columns is-layout-flex wp-container-core-columns-is-layout-9d6595d7 wp-block-columns-is-layout-flex\"> <div class=\"wp-block-column is-layout-flow wp-block-column-is-layout-flow\"> <p class=\"has-text-align-center translation-block\"><strong>Beneficios medioambientales<\/strong><\/p> <\/div>    <div class=\"wp-block-column is-layout-flow wp-block-column-is-layout-flow\"> <p class=\"has-text-align-center translation-block\"><strong>Mejora de la productividad<\/strong><\/p> <\/div> <\/div>    <div class=\"wp-block-columns is-layout-flex wp-container-core-columns-is-layout-9d6595d7 wp-block-columns-is-layout-flex\"> <div class=\"wp-block-column is-layout-flow wp-block-column-is-layout-flow\"> <p class=\"has-cyan-bluish-gray-background-color has-background\">La m\u00e1quina compactadora hidr\u00e1ulica de metal es una soluci\u00f3n ecol\u00f3gica para la gesti\u00f3n de residuos. Adem\u00e1s, la chatarra compactada se puede reciclar, lo que reduce la demanda de nuevas materias primas y conserva los recursos naturales.<\/p> <\/div>    <div class=\"wp-block-column is-layout-flow wp-block-column-is-layout-flow\"> <p class=\"has-cyan-bluish-gray-background-color has-background\">La gesti\u00f3n de residuos puede ser un proceso que requiere mucho tiempo. El compactador de metal industrial ofrece una forma m\u00e1s r\u00e1pida y eficiente de gestionar los residuos, lo que permite a las organizaciones centrarse en sus actividades comerciales principales.<\/p> <\/div> <\/div>    <h2 class=\"wp-block-heading\"><strong>Shuliy Machinery: fabricante y proveedor acreditado de compactadores de metal<\/strong><\/h2>    <p class=\"translation-block\"><strong>Varios tipos de m\u00e1quinas<\/strong><\/p>    <p>Shuliy Machinery se especializa en dise\u00f1ar, fabricar y suministrar compactadores de hierro de desecho y equipos relacionados. Ofrece una amplia gama de modelos y tama\u00f1os de compactadores de metal para satisfacer las necesidades y requisitos espec\u00edficos de sus clientes.<\/p>    <figure class=\"wp-block-gallery aligncenter has-nested-images columns-2 is-cropped wp-block-gallery-4 is-layout-flex wp-block-gallery-is-layout-flex\"> <figure class=\"wp-block-image size-large\"><img loading=\"lazy\" decoding=\"async\" width=\"720\" height=\"540\" data-id=\"2653\" src=\"https:\/\/www.baler-machines.com\/wp-content\/uploads\/2022\/08\/new-designed-scrap-metal-baler.webp\" alt=\"empacadora-de-chatarra-de-nuevo-dise\u00f1o\" class=\"wp-image-2653\" title=\"\"><figcaption class=\"wp-element-caption\">Empacadora de chatarra de nuevo dise\u00f1o<\/figcaption><\/figure>    <figure class=\"wp-block-image size-large\"><img loading=\"lazy\" decoding=\"async\" width=\"720\" height=\"540\" data-id=\"2652\" src=\"https:\/\/www.baler-machines.com\/wp-content\/uploads\/2022\/08\/scrap-metal-baler-manufacturer.webp\" alt=\"fabricante-de-empacadora-de-chatarra\" class=\"wp-image-2652\" title=\"\"><figcaption class=\"wp-element-caption\">Fabricante de empacadoras de chatarra<\/figcaption><\/figure>    <figure class=\"wp-block-image size-large\"><img loading=\"lazy\" decoding=\"async\" width=\"720\" height=\"540\" data-id=\"2651\" src=\"https:\/\/www.baler-machines.com\/wp-content\/uploads\/2022\/08\/industrial-scrap-baler.webp\" alt=\"empacadora-de-chatarra-industrial\" class=\"wp-image-2651\" title=\"\"><figcaption class=\"wp-element-caption\">Empacadora de chatarra industrial<\/figcaption><\/figure>    <figure class=\"wp-block-image size-large\"><img loading=\"lazy\" decoding=\"async\" width=\"720\" height=\"540\" data-id=\"2654\" src=\"https:\/\/www.baler-machines.com\/wp-content\/uploads\/2022\/08\/hydraulic-metal-baler-with-single-cylinder.webp\" alt=\"empacadora-de-metal-hidr\u00e1ulica-con-un-cilindro\" class=\"wp-image-2654\" title=\"\"><figcaption class=\"wp-element-caption\">Empacadora hidr\u00e1ulica de metal con cilindro \u00fanico<\/figcaption><\/figure> <\/figure>    <p class=\"translation-block\"><strong>Servicios para la <a href=\"https:\/\/www.baler-machines.com\/es\/baler-machine\/\" target=\"_blank\" rel=\"noreferrer noopener\">prensa empacadora hidr\u00e1ulica<\/a><\/strong><\/p>    <p>Nosotros, shuliy, brindamos servicios de instalaci\u00f3n, mantenimiento y reparaci\u00f3n de nuestros productos. Adem\u00e1s, ofrecemos m\u00e1quinas dise\u00f1adas a medida que se adaptan a las necesidades y requisitos \u00fanicos de nuestros clientes.<\/p>    <p class=\"translation-block\"><strong>Buena calidad de la m\u00e1quina<\/strong><\/p>    <p>Para garantizar la calidad y confiabilidad de la m\u00e1quina, tambi\u00e9n nos sometemos a certificaciones y cumplimos con los est\u00e1ndares y regulaciones de la industria.<\/p>    <h2 class=\"wp-block-heading\"><strong>V\u00eddeo del compactador met\u00e1lico Shuliy para enfardar residuos\/chatarra de acero, cobre, aluminio, etc.<\/strong><\/h2>    <figure class=\"wp-block-embed is-type-video is-provider-youtube wp-block-embed-youtube wp-embed-aspect-16-9 wp-has-aspect-ratio\"><div class=\"wp-block-embed__wrapper\"> <iframe loading=\"lazy\" title=\"Empacadora autom\u00e1tica horizontal de metales para chatarra, desechos, hierro, acero, virutas - Prensa de balas\" width=\"500\" height=\"281\" src=\"https:\/\/www.youtube.com\/embed\/q1kQ8112Hiw?feature=oembed\" frameborder=\"0\" allow=\"accelerometer; autoplay; clipboard-write; encrypted-media; gyroscope; picture-in-picture; web-share\" referrerpolicy=\"strict-origin-when-cross-origin\" allowfullscreen><\/iframe> <\/div><\/figure>","protected":false},"excerpt":{"rendered":"<p>An industrial metal compactor is a machine that compresses scrap metal into a compact shape for easier storage, transportation, and recycling. The horizontal metal baling machine comes in different sizes and types, such as the manual and automatic baling machine, depending on the specific needs of the company. Who are the potential clients for the [&hellip;]<\/p>\n","protected":false},"author":1,"featured_media":3117,"parent":0,"template":"","tags":[606],"product-type":[563],"class_list":["post-3116","product","type-product","status-publish","has-post-thumbnail","hentry","tag-metal-compactor","product-type-baler-machine"],"_links":{"self":[{"href":"https:\/\/www.baler-machines.com\/es\/wp-json\/wp\/v2\/product\/3116","targetHints":{"allow":["GET"]}}],"collection":[{"href":"https:\/\/www.baler-machines.com\/es\/wp-json\/wp\/v2\/product"}],"about":[{"href":"https:\/\/www.baler-machines.com\/es\/wp-json\/wp\/v2\/types\/product"}],"author":[{"embeddable":true,"href":"https:\/\/www.baler-machines.com\/es\/wp-json\/wp\/v2\/users\/1"}],"wp:featuredmedia":[{"embeddable":true,"href":"https:\/\/www.baler-machines.com\/es\/wp-json\/wp\/v2\/media\/3117"}],"wp:attachment":[{"href":"https:\/\/www.baler-machines.com\/es\/wp-json\/wp\/v2\/media?parent=3116"}],"wp:term":[{"taxonomy":"post_tag","embeddable":true,"href":"https:\/\/www.baler-machines.com\/es\/wp-json\/wp\/v2\/tags?post=3116"},{"taxonomy":"product-type","embeddable":true,"href":"https:\/\/www.baler-machines.com\/es\/wp-json\/wp\/v2\/product-type?post=3116"}],"curies":[{"name":"wp","href":"https:\/\/api.w.org\/{rel}","templated":true}]}}