{"id":3044,"date":"2023-02-28T17:00:27","date_gmt":"2023-02-28T09:00:27","guid":{"rendered":"https:\/\/www.baler-machines.com\/?post_type=product&#038;p=3044"},"modified":"2023-03-01T10:48:52","modified_gmt":"2023-03-01T02:48:52","slug":"sawdust-baler-for-sale","status":"publish","type":"product","link":"https:\/\/www.baler-machines.com\/es\/sawdust-baler-for-sale\/","title":{"rendered":"Empacadora de aserr\u00edn completamente autom\u00e1tica a la venta"},"content":{"rendered":"<p class=\"translation-block\">Esta empacadora de serr\u00edn pertenece en realidad a un tipo de <a href=\"https:\/\/www.baler-machines.com\/es\/automatic-horizontal-baler\/\" target=\"_blank\" rel=\"noreferrer noopener\">empacadora horizontal<\/a>, que se utiliza especialmente para comprimir y empacar serr\u00edn y otros residuos de madera. El prop\u00f3sito principal es facilitar el transporte y el almacenamiento.<\/p>    <figure class=\"wp-block-gallery aligncenter has-nested-images columns-default is-cropped wp-block-gallery-2 is-layout-flex wp-block-gallery-is-layout-flex\"> <figure class=\"wp-block-image size-full\"><img loading=\"lazy\" decoding=\"async\" width=\"320\" height=\"250\" data-id=\"3047\" src=\"https:\/\/www.baler-machines.com\/wp-content\/uploads\/2023\/02\/sawdust.webp\" alt=\"serr\u00edn\" class=\"wp-image-3047\" title=\"\"><figcaption class=\"wp-element-caption\">Serr\u00edn<\/figcaption><\/figure>    <figure class=\"wp-block-image size-full\"><img loading=\"lazy\" decoding=\"async\" width=\"320\" height=\"250\" data-id=\"3049\" src=\"https:\/\/www.baler-machines.com\/wp-content\/uploads\/2023\/02\/sawdust-bale.webp\" alt=\"fardo de aserr\u00edn-1\" class=\"wp-image-3049\" title=\"\"><figcaption class=\"wp-element-caption\">Bale de aserr\u00edn-1<\/figcaption><\/figure>    <figure class=\"wp-block-image size-full\"><img loading=\"lazy\" decoding=\"async\" width=\"320\" height=\"250\" data-id=\"3048\" src=\"https:\/\/www.baler-machines.com\/wp-content\/uploads\/2023\/02\/sawdust-bale-.webp\" alt=\"fardo de aserr\u00edn-2\" class=\"wp-image-3048\" title=\"\"><figcaption class=\"wp-element-caption\">Bale de aserr\u00edn-2<\/figcaption><\/figure> <\/figure>    <p>Para los inversores, invertir en una prensa hidr\u00e1ulica de aserr\u00edn puede ayudar a los clientes a maximizar la integraci\u00f3n de recursos y la planificaci\u00f3n racional.<\/p>    <h2 class=\"wp-block-heading\"><strong>\u00bfQu\u00e9 tipo de materiales se pueden embalar con la m\u00e1quina empacadora de aserr\u00edn Shuliy?<\/strong><\/h2>    <p class=\"translation-block\">En general, se pueden comprimir y empacar <a href=\"https:\/\/en.wikipedia.org\/wiki\/Sawdust\" target=\"_blank\" rel=\"noreferrer noopener\">serr\u00edn<\/a>, virutas de madera, astillas de madera, residuos de madera, etc.<\/p>    <figure class=\"wp-block-gallery aligncenter has-nested-images columns-default is-cropped wp-block-gallery-3 is-layout-flex wp-block-gallery-is-layout-flex\"> <figure class=\"wp-block-image size-large\"><img loading=\"lazy\" decoding=\"async\" width=\"720\" height=\"500\" data-id=\"2667\" src=\"https:\/\/www.baler-machines.com\/wp-content\/uploads\/2022\/08\/applications-of-the-hydraulic-vertical-baler.webp\" alt=\"Aplicaciones de la empacadora vertical hidr\u00e1ulica.\" class=\"wp-image-2667\" title=\"\"><figcaption class=\"wp-element-caption\">Aplicaciones de la empacadora vertical hidr\u00e1ulica<\/figcaption><\/figure>    <figure class=\"wp-block-image size-large\"><img loading=\"lazy\" decoding=\"async\" width=\"540\" height=\"540\" data-id=\"2625\" src=\"https:\/\/www.baler-machines.com\/wp-content\/uploads\/2022\/08\/waste-paper-baling-machine-applications.webp\" alt=\"Aplicaciones de la m\u00e1quina empacadora de papel usado\" class=\"wp-image-2625\" title=\"\"><figcaption class=\"wp-element-caption\">Aplicaciones de la m\u00e1quina empacadora de papel usado<\/figcaption><\/figure> <\/figure>    <p class=\"translation-block\">Adem\u00e1s, dado que esta empacadora de serr\u00edn pertenece a un tipo de <a href=\"https:\/\/www.baler-machines.com\/es\/baler-machine\/\" target=\"_blank\" rel=\"noreferrer noopener\">prensa empacadora hidr\u00e1ulica<\/a>, los materiales que pueden ser empacados por la m\u00e1quina empacadora hidr\u00e1ulica tambi\u00e9n son aplicables a esta m\u00e1quina, como neum\u00e1ticos, botellas de pl\u00e1stico PET, ropa de desecho, cartones de desecho, papel de desecho, etc.<\/p>    <h2 class=\"wp-block-heading\"><strong>\u00bfPor qu\u00e9 reciclar aserr\u00edn de madera? \u2013 Aplicaciones del aserr\u00edn  <\/strong><\/h2>    <ol class=\"wp-block-list\"> <li>El aserr\u00edn se convierte en materia prima semiacabada de carb\u00f3n mec\u00e1nico mediante alta temperatura y alta presi\u00f3n de la m\u00e1quina para fabricar barras, lo cual es un producto ideal con poca inversi\u00f3n y efecto r\u00e1pido.<\/li>    <li>El aserr\u00edn de madera tambi\u00e9n se puede utilizar como combustible para alimentos ahumados.<\/li>    <li>El aserr\u00edn se puede utilizar como sustrato envolvente para prensados \u200b\u200bde ramas altas de azalea, kumquat, camelia, osmanthus y otros \u00e1rboles en flor. El material es integral en nutrici\u00f3n, textura suelta, retenci\u00f3n de agua y permeabilidad al aire, y es limpio e higi\u00e9nico.<\/li> <\/ol>    <h2 class=\"wp-block-heading\"><strong>\u00bfC\u00f3mo seleccionar un fabricante y proveedor confiable de empacadoras de aserr\u00edn?<\/strong><\/h2>    <p>Dado que se trata de una m\u00e1quina de reciclaje, existen varios fabricantes y proveedores de prensas de briquetas de aserr\u00edn en el mercado. \u00bfC\u00f3mo encontrar el m\u00e1s adecuado entre tantos fabricantes? Seg\u00fan nuestra experiencia, se dan las siguientes sugerencias a la hora de comprar la empacadora de aserr\u00edn.<\/p>    <p>La tecnolog\u00eda del fabricante y proveedor de prensas de briquetas de aserr\u00edn.<\/p>    <p>Servicio postventa de fabricantes y proveedores de empacadoras de aserr\u00edn.<\/p>    <p>Experiencia en exportaci\u00f3n de m\u00e1quinas empacadoras de aserr\u00edn de madera a la venta<\/p>    <figure class=\"wp-block-gallery aligncenter has-nested-images columns-default is-cropped wp-block-gallery-4 is-layout-flex wp-block-gallery-is-layout-flex\"> <figure class=\"wp-block-image size-large\"><img loading=\"lazy\" decoding=\"async\" width=\"720\" height=\"540\" data-id=\"3052\" src=\"https:\/\/www.baler-machines.com\/wp-content\/uploads\/2023\/02\/automatic-baling-press-for-export.webp\" alt=\"prensa de balas autom\u00e1tica para exportaci\u00f3n\" class=\"wp-image-3052\" title=\"\"><figcaption class=\"wp-element-caption\">Prensa de balas autom\u00e1tica para exportaci\u00f3n<\/figcaption><\/figure>    <figure class=\"wp-block-image size-large\"><img loading=\"lazy\" decoding=\"async\" width=\"720\" height=\"540\" data-id=\"3053\" src=\"https:\/\/www.baler-machines.com\/wp-content\/uploads\/2023\/02\/horizontal-baling-press-loading.webp\" alt=\"carga de prensa de balas horizontal\" class=\"wp-image-3053\" title=\"\"><figcaption class=\"wp-element-caption\">Carga de prensa de balas horizontal<\/figcaption><\/figure> <\/figure>    <h2 class=\"wp-block-heading\"><strong>V\u00eddeos de m\u00e1quina compactadora de aserr\u00edn horizontal a la venta.<\/strong><\/h2>    <figure class=\"wp-block-embed is-type-video is-provider-youtube wp-block-embed-youtube wp-embed-aspect-16-9 wp-has-aspect-ratio\"><div class=\"wp-block-embed__wrapper\"> <iframe loading=\"lazy\" title=\"Prensa hidr\u00e1ulica de aserr\u00edn 2023: m\u00e1quina empacadora de virutas de madera\/aserr\u00edn al mejor precio en China\" width=\"500\" height=\"281\" src=\"https:\/\/www.youtube.com\/embed\/97yv1wZ274M?feature=oembed\" frameborder=\"0\" allow=\"accelerometer; autoplay; clipboard-write; encrypted-media; gyroscope; picture-in-picture; web-share\" referrerpolicy=\"strict-origin-when-cross-origin\" allowfullscreen><\/iframe> <\/div><\/figure>    <figure class=\"wp-block-embed is-type-video is-provider-youtube wp-block-embed-youtube wp-embed-aspect-16-9 wp-has-aspect-ratio\"><div class=\"wp-block-embed__wrapper\"> <iframe loading=\"lazy\" title=\"Empacadora vertical multifuncional para aserr\u00edn | Empacadoras industriales de Shuliy Machinery#shorts\" width=\"500\" height=\"281\" src=\"https:\/\/www.youtube.com\/embed\/tIpD5S7gwKk?feature=oembed\" frameborder=\"0\" allow=\"accelerometer; autoplay; clipboard-write; encrypted-media; gyroscope; picture-in-picture; web-share\" referrerpolicy=\"strict-origin-when-cross-origin\" allowfullscreen><\/iframe> <\/div><\/figure>    <p> <\/p>","protected":false},"excerpt":{"rendered":"<p>This sawdust baler actually belongs to a kind of horizontal press baler, which is specially used for compressing and baling sawdust and other wood waste. The main purpose is to facilitate transportation and storage. For investors, investing in a hydraulic sawdust press can help customers to maximize the integration of resources and rational planning. What [&hellip;]<\/p>\n","protected":false},"author":1,"featured_media":3046,"parent":0,"template":"","tags":[602],"product-type":[563],"class_list":["post-3044","product","type-product","status-publish","has-post-thumbnail","hentry","tag-sawdust-baler","product-type-baler-machine"],"_links":{"self":[{"href":"https:\/\/www.baler-machines.com\/es\/wp-json\/wp\/v2\/product\/3044","targetHints":{"allow":["GET"]}}],"collection":[{"href":"https:\/\/www.baler-machines.com\/es\/wp-json\/wp\/v2\/product"}],"about":[{"href":"https:\/\/www.baler-machines.com\/es\/wp-json\/wp\/v2\/types\/product"}],"author":[{"embeddable":true,"href":"https:\/\/www.baler-machines.com\/es\/wp-json\/wp\/v2\/users\/1"}],"wp:featuredmedia":[{"embeddable":true,"href":"https:\/\/www.baler-machines.com\/es\/wp-json\/wp\/v2\/media\/3046"}],"wp:attachment":[{"href":"https:\/\/www.baler-machines.com\/es\/wp-json\/wp\/v2\/media?parent=3044"}],"wp:term":[{"taxonomy":"post_tag","embeddable":true,"href":"https:\/\/www.baler-machines.com\/es\/wp-json\/wp\/v2\/tags?post=3044"},{"taxonomy":"product-type","embeddable":true,"href":"https:\/\/www.baler-machines.com\/es\/wp-json\/wp\/v2\/product-type?post=3044"}],"curies":[{"name":"wp","href":"https:\/\/api.w.org\/{rel}","templated":true}]}}