{"id":3008,"date":"2023-02-23T15:10:37","date_gmt":"2023-02-23T07:10:37","guid":{"rendered":"https:\/\/www.baler-machines.com\/?post_type=product&#038;p=3008"},"modified":"2025-02-13T11:26:29","modified_gmt":"2025-02-13T03:26:29","slug":"automatic-plastic-pet-bottle-baling-machine","status":"publish","type":"product","link":"https:\/\/www.baler-machines.com\/es\/automatic-plastic-pet-bottle-baling-machine\/","title":{"rendered":"M\u00e1quina empacadora autom\u00e1tica de botellas de pl\u00e1stico PET a la venta"},"content":{"rendered":"<p class=\"translation-block\">La <strong>prensa compactadora autom\u00e1tica de botellas de PET<\/strong> (prensa compactadora de pl\u00e1stico) est\u00e1 dise\u00f1ada para pl\u00e1sticos de desecho, botellas de PET, botellas de agua potable prensadas en formas cuadradas. Esta prensa compactadora hidr\u00e1ulica tiene alta eficiencia, una amplia gama de aplicaciones y buen rendimiento.<\/p>    <p> Para los inversores, es el deseo de comprar una empacadora hidr\u00e1ulica con buenas prestaciones y calidad para facilitar sus negocios. Nuestra empacadora de botellas de PET es una de esas m\u00e1quinas. Adem\u00e1s, nuestra prensa de balas para botellas de PET tiene una tasa de recompra muy alta, que se puede comprobar en nuestros casos de \u00e9xito.<\/p>    <figure class=\"wp-block-embed is-type-video is-provider-youtube wp-block-embed-youtube wp-embed-aspect-16-9 wp-has-aspect-ratio\"><div class=\"wp-block-embed__wrapper\"> <iframe loading=\"lazy\" title=\"Prensa de balas para botellas de PET - M\u00e1quina empacadora horizontal autom\u00e1tica hidr\u00e1ulica #recyclingbusiness\" width=\"500\" height=\"281\" src=\"https:\/\/www.youtube.com\/embed\/KdILDBXP9HE?start=8&#038;feature=oembed\" frameborder=\"0\" allow=\"accelerometer; autoplay; clipboard-write; encrypted-media; gyroscope; picture-in-picture; web-share\" referrerpolicy=\"strict-origin-when-cross-origin\" allowfullscreen><\/iframe> <\/div><figcaption class=\"wp-element-caption\">Empacadora totalmente autom\u00e1tica para v\u00eddeo de empacado de botellas de PET.<\/figcaption><\/figure>    <h2 class=\"wp-block-heading\"><strong>\u00bfPor qu\u00e9 utilizar la prensa de balas hidr\u00e1ulica para botellas de pl\u00e1stico PET? <\/strong><\/h2>    <p>Las botellas de PET utilizadas para envases de refrescos y agua mineral a menudo se promocionan como el pl\u00e1stico m\u00e1s respetuoso con el medio ambiente, con una de las tasas de reciclaje m\u00e1s altas de la industria. <\/p>    <p>Seg\u00fan un estudio de la ONG medioambiental Zero Waste Europe, la tasa de reciclaje de PET es de unas 50%. El PET reciclado a menudo se convierte en otros productos, como paletas de pl\u00e1stico, flejes o fibra.<\/p>    <figure class=\"wp-block-gallery aligncenter has-nested-images columns-default is-cropped wp-block-gallery-2 is-layout-flex wp-block-gallery-is-layout-flex\"> <figure class=\"wp-block-image size-full\"><img loading=\"lazy\" decoding=\"async\" width=\"540\" height=\"350\" data-id=\"3023\" src=\"https:\/\/www.baler-machines.com\/wp-content\/uploads\/2023\/02\/used-PET-bottles.webp\" alt=\"botellas de PET usadas\" class=\"wp-image-3023\" title=\"\"><figcaption class=\"wp-element-caption\">Botellas para mascotas usadas<\/figcaption><\/figure>    <figure class=\"wp-block-image size-full\"><img loading=\"lazy\" decoding=\"async\" width=\"540\" height=\"350\" data-id=\"3024\" src=\"https:\/\/www.baler-machines.com\/wp-content\/uploads\/2023\/02\/baled-PET-bottles.webp\" alt=\"botellas de PET embaladas\" class=\"wp-image-3024\" title=\"\"><figcaption class=\"wp-element-caption\">Botellas para mascotas embaladas<\/figcaption><\/figure> <\/figure>    <p>Por ello, dependiendo de las caracter\u00edsticas de las botellas de pl\u00e1stico PET a reciclar, se crean las m\u00e1quinas pertinentes. Esta industria del reciclaje hace que la m\u00e1quina empacadora de pl\u00e1stico sea de gran utilidad. Despu\u00e9s del reciclaje de las botellas de pl\u00e1stico, las botellas se empaquetan y clasifican de forma centralizada para facilitar el siguiente paso al inversor.<\/p>    <h2 class=\"wp-block-heading\"><strong>Tipos de m\u00e1quinas empacadoras de botellas de pl\u00e1stico PET a la venta<\/strong><\/h2>    <p>Hay dos tipos de empacadoras de botellas de pl\u00e1stico que se utilizan para compactar pl\u00e1stico\/PET de forma r\u00e1pida y eficiente.<\/p>    <div class=\"wp-block-media-text alignwide is-stacked-on-mobile\"><figure class=\"wp-block-media-text__media\"><img loading=\"lazy\" decoding=\"async\" width=\"720\" height=\"540\" src=\"https:\/\/www.baler-machines.com\/wp-content\/uploads\/2022\/12\/hydraulic-oil-drum-baler-machine.webp\" alt=\"empacadora de tambor de aceite hidr\u00e1ulico\" class=\"wp-image-2910 size-full\" title=\"\"><\/figure><div class=\"wp-block-media-text__content\"> <p class=\"has-text-align-center translation-block\"><strong>Prensa compactadora vertical para botellas de PET<\/strong><\/p>    <p>Este tipo de empacadora vertical de botellas de pl\u00e1stico tiene modelos de un solo cilindro y de dos cilindros. La m\u00e1quina prensadora de chatarra de botellas de PET tiene diferentes tipos disponibles. <\/p> <\/div><\/div>    <div class=\"wp-block-media-text alignwide has-media-on-the-right is-stacked-on-mobile\"><div class=\"wp-block-media-text__content\"> <p class=\"has-text-align-center translation-block\"><strong>Prensa compactadora horizontal totalmente autom\u00e1tica para botellas de PET<\/strong><\/p>    <p>Esta m\u00e1quina empacadora horizontal de botellas de PET se divide en dos tipos, una es semiautom\u00e1tica como se muestra en la imagen y la otra es completamente autom\u00e1tica con una cinta transportadora.<\/p> <\/div><figure class=\"wp-block-media-text__media\"><img loading=\"lazy\" decoding=\"async\" width=\"720\" height=\"540\" src=\"https:\/\/www.baler-machines.com\/wp-content\/uploads\/2023\/02\/plastic-bottle-baler-machine.webp\" alt=\"m\u00e1quina empacadora de botellas de pl\u00e1stico\" class=\"wp-image-3012 size-full\" title=\"\"><\/figure><\/div>    <h2 class=\"wp-block-heading\"><strong>Par\u00e1metros t\u00e9cnicos de la m\u00e1quina empacadora de botellas de PET a la venta<\/strong><\/h2>    <p class=\"translation-block\"><strong>Prensa compactadora vertical de alta venta para botellas de pl\u00e1stico PET de desecho<\/strong><\/p>    <figure class=\"wp-block-table\"><table><tbody><tr><td>Modelo<\/td><td>Presi\u00f3n<\/td><td>Motor<\/td><td>El volumen de la caja interior.<\/td><td>Tama\u00f1o del producto final<\/td><td>Capacidad<\/td><td>Peso<\/td><\/tr><tr><td>SL-HZ-15T<\/td><td>15 toneladas<\/td><td>5,5 KW<\/td><td>850*600*1300MM<\/td><td>890*610*500MM<\/td><td>1-1,5 toneladas\/hora<\/td><td>1T<\/td><\/tr><tr><td>SL-HZ-30T<\/td><td>30T<\/td><td>7,5 KW<\/td><td>800*400*1300MM<\/td><td>890*610*500MM<\/td><td>1.5-2T\/H<\/td><td>1,5 toneladas<\/td><\/tr><tr><td>SL-HZ-60T<\/td><td>60T<\/td><td>7,5 KW<\/td><td>900*600*1300MM<\/td><td>900*610*500MM<\/td><td>2-2,5 toneladas\/hora<\/td><td>2T<\/td><\/tr><tr><td>SL-HZ-80T<\/td><td>80T<\/td><td>7,5 KW<\/td><td>1200*800*1500MM<\/td><td>1200*810*500MM<\/td><td>3-3,5 toneladas\/hora<\/td><td>3T<\/td><\/tr><tr><td>SL-HZ-100T<\/td><td>100T<\/td><td>15kW<\/td><td>1100*900*1500MM<\/td><td>1100*910*500MM<\/td><td>3.5-4T\/H<\/td><td>3.5T<\/td><\/tr><tr><td>SL-HZ-120T<\/td><td>120T<\/td><td>18,5 KW<\/td><td>1200*100*1500MM<\/td><td>1200*100*500MM<\/td><td>4-5 toneladas por hora<\/td><td>4T<\/td><\/tr><\/tbody><\/table><figcaption class=\"wp-element-caption\">par\u00e1metros de la empacadora vertical<\/figcaption><\/figure>    <figure class=\"wp-block-embed is-type-video is-provider-youtube wp-block-embed-youtube wp-embed-aspect-16-9 wp-has-aspect-ratio\"><div class=\"wp-block-embed__wrapper\"> <iframe loading=\"lazy\" title=\"Empacadora vertical de alta eficiencia para empacar r\u00e1pidamente botellas de pl\u00e1stico | Reciclaje de pl\u00e1stico con m\u00e1quina empacadora\" width=\"500\" height=\"281\" src=\"https:\/\/www.youtube.com\/embed\/cbs4mX9GfyI?feature=oembed\" frameborder=\"0\" allow=\"accelerometer; autoplay; clipboard-write; encrypted-media; gyroscope; picture-in-picture; web-share\" referrerpolicy=\"strict-origin-when-cross-origin\" allowfullscreen><\/iframe> <\/div><figcaption class=\"wp-element-caption\">prensa de bal\u00f3n hidr\u00e1ulico para botellas de pl\u00e1stico para PET<\/figcaption><\/figure>    <p class=\"translation-block\"><strong>Prensa compactadora horizontal totalmente autom\u00e1tica para botellas de PET<\/strong><\/p>    <figure class=\"wp-block-table\"><table><tbody><tr><td>Modelo<\/td><td>SL-120<\/td><td>SL-160<\/td><td>SL-180<\/td><td>SL-200<\/td><\/tr><tr><td>sistema din\u00e1mico<\/td><td>sistema hidr\u00e1ulico&nbsp;<\/td><td>sistema hidr\u00e1ulico&nbsp;<\/td><td>sistema hidr\u00e1ulico&nbsp;<\/td><td>sistema hidr\u00e1ulico&nbsp;<\/td><\/tr><tr><td>Fuerza<\/td><td>22 kw, 3 CV, 380 V<\/td><td>30Kw+4Kw, 3CV, 380V<\/td><td>37Kw+4Kw, 3CV, 380V<\/td><td>45Kw+4Kw, 3CV, 380V<\/td><\/tr><tr><td>Empuje nominal principal<\/td><td>1200KN<\/td><td>1600KN<\/td><td>1800KN<\/td><td>2000KN<\/td><\/tr><tr><td>Presi\u00f3n del sistema<\/td><td>28MPa<\/td><td>31,5MPA<\/td><td>31,5MPa<\/td><td>31,5MPa&nbsp;<\/td><\/tr><tr><td>sistema de control<\/td><td>Control autom\u00e1tico PLC<\/td><td>Control autom\u00e1tico PLC<\/td><td>Control autom\u00e1tico PLC<\/td><td>Control autom\u00e1tico PLC<\/td><\/tr><tr><td>Tama\u00f1o de alimentaci\u00f3n<\/td><td>1650mm*1100mm<\/td><td>1650mm*1100mm<\/td><td>2000*1100mm<\/td><td>2000mm*1100mm<\/td><\/tr><tr><td>Tama\u00f1o de paca<\/td><td>1100*900mm<\/td><td>1100mm*1250mm<\/td><td>1100*1300mm<\/td><td>1100mm*1400mm<\/td><\/tr><tr><td>Densidad de pacas<\/td><td>800 kg\/paca,<br>400-450kg\/m\u00b3<\/td><td>1200 kg\/paca,<br>450kg\/m\u00b3<\/td><td>1300 kg\/paca, 500 kg\/m\u00b3<\/td><td>1400Kg\/Paca 520kg\/m\u00b3<\/td><\/tr><tr><td>Capacidad<\/td><td>4-7 pacas\/h<\/td><td>5-8 pacas\/h<\/td><td>6-9 pacas\/h<\/td><td>8-10 pacas\/h<\/td><\/tr><tr><td>agrupaci\u00f3n<\/td><td>3 piezas<\/td><td>4-5 piezas<\/td><td>4-5 piezas<\/td><td>4-5 piezas<\/td><\/tr><\/tbody><\/table><figcaption class=\"wp-element-caption\">Par\u00e1metros de la m\u00e1quina empacadora de botellas de PET horizontales<\/figcaption><\/figure>    <p>Al elegir una prensa de balas para botellas de PET, nos basamos en gran medida en las necesidades reales de nuestros clientes. Nuestro personal de ventas enviar\u00e1 los par\u00e1metros relevantes del modelo al cliente y luego los combinar\u00e1 con el tama\u00f1o del embalaje deseado por el cliente para recomendar la m\u00e1quina m\u00e1s adecuada para el cliente.<\/p>    <h2 class=\"wp-block-heading\"><strong>Factores que afectan el precio de la m\u00e1quina prensadora de balas hidr\u00e1ulica para botellas de PET<\/strong><\/h2>    <p>A la hora de comprar una m\u00e1quina hay que tener en cuenta su precio. Lo mismo ocurre con la prensa hidr\u00e1ulica para hornear botellas de pl\u00e1stico. Resuma los siguientes factores que afectan el costo de la m\u00e1quina empacadora de botellas de PET para su referencia.<\/p>    <div class=\"wp-block-columns is-layout-flex wp-container-core-columns-is-layout-9d6595d7 wp-block-columns-is-layout-flex\"> <div class=\"wp-block-column is-layout-flow wp-block-column-is-layout-flow\"> <p class=\"translation-block\"><strong>Tipos de la <a href=\"https:\/\/www.baler-machines.com\/es\/baler-machine\/\" target=\"_blank\" rel=\"noreferrer noopener\">prensa compactadora hidr\u00e1ulica<\/a><\/strong><\/p>    <p class=\"translation-block\"><strong>Modelo de la prensa compactadora de botellas de PET<\/strong><\/p>    <p class=\"translation-block\"><strong>Configuraci\u00f3n de la m\u00e1quina prensadora de botellas<\/strong><\/p> <\/div>    <div class=\"wp-block-column is-layout-flow wp-block-column-is-layout-flow\"> <p class=\"translation-block\"><strong>Formas de entregar la prensa compactadora de botellas de PET<\/strong><\/p>    <p class=\"translation-block\"><strong>Flete al destino del cliente<\/strong><\/p>    <p class=\"translation-block\"><strong>Tipos de cambio internacionales<\/strong><\/p> <\/div> <\/div>    <h2 class=\"wp-block-heading\"><strong>Ventajas de enfardar botellas de PET mediante empacadora de botellas de pl\u00e1stico<\/strong><\/h2>    <ul class=\"wp-block-list\"> <li><strong>El apilamiento es m\u00e1s limpio y hermoso.<\/strong>. En comparaci\u00f3n con las botellas de pl\u00e1stico esparcidas por todas partes, el uso de la m\u00e1quina empacadora de botellas de bebidas para clasificarlas es m\u00e1s limpio y hermoso.<\/li>    <li><strong>Mayor eficiencia mec\u00e1nica.<\/strong> El embalaje manual es muy lento y muy agotador; utilizando maquinaria, se produce una mejora de eficiencia muy evidente.<\/li>    <li><strong>El siguiente paso del procesamiento es m\u00e1s conveniente.<\/strong> Despu\u00e9s de prensar y compactar las botellas de PET de desecho mediante la m\u00e1quina prensadora de botellas de pl\u00e1stico PET, se realiza la gesti\u00f3n centralizada del procesamiento, para facilitar el procesamiento posterior.<\/li> <\/ul>    <h2 class=\"wp-block-heading\"><strong>\u00a1Cont\u00e1ctenos para rentabilizar su negocio de empacado de botellas de PET de pl\u00e1stico de desecho!<\/strong><\/h2>    <p class=\"translation-block\">\u00a1Cont\u00e1ctenos para ayudar a que su negocio de compactaci\u00f3n de botellas de pl\u00e1stico PET de desecho sea rentable! Le proporcionamos soluciones profesionales de compactaci\u00f3n para mejorar la eficiencia y la rentabilidad de su procesamiento de <a href=\"https:\/\/en.wikipedia.org\/wiki\/PET_bottle_recycling\" target=\"_blank\" rel=\"noopener\">botellas de PET<\/a> de desecho. \u00a1Cont\u00e1ctenos hoy mismo para comenzar su viaje rentable!<\/p>","protected":false},"excerpt":{"rendered":"<p>La m\u00e1quina empacadora de botellas de PET (m\u00e1quina empacadora de pl\u00e1stico) est\u00e1 dise\u00f1ada para residuos de pl\u00e1stico, las botellas de PET se prensan en formas de densidad cuadrada para obtener ganancias. Este art\u00edculo indica los tipos de fardos de botellas de pl\u00e1stico, aprameers t\u00e9cnicos, etc. para su f\u00e1cil referencia al leer.<\/p>","protected":false},"author":1,"featured_media":3011,"parent":0,"template":"","tags":[601],"product-type":[563],"class_list":["post-3008","product","type-product","status-publish","has-post-thumbnail","hentry","tag-pet-bottle-baling-machine","product-type-baler-machine"],"_links":{"self":[{"href":"https:\/\/www.baler-machines.com\/es\/wp-json\/wp\/v2\/product\/3008","targetHints":{"allow":["GET"]}}],"collection":[{"href":"https:\/\/www.baler-machines.com\/es\/wp-json\/wp\/v2\/product"}],"about":[{"href":"https:\/\/www.baler-machines.com\/es\/wp-json\/wp\/v2\/types\/product"}],"author":[{"embeddable":true,"href":"https:\/\/www.baler-machines.com\/es\/wp-json\/wp\/v2\/users\/1"}],"wp:featuredmedia":[{"embeddable":true,"href":"https:\/\/www.baler-machines.com\/es\/wp-json\/wp\/v2\/media\/3011"}],"wp:attachment":[{"href":"https:\/\/www.baler-machines.com\/es\/wp-json\/wp\/v2\/media?parent=3008"}],"wp:term":[{"taxonomy":"post_tag","embeddable":true,"href":"https:\/\/www.baler-machines.com\/es\/wp-json\/wp\/v2\/tags?post=3008"},{"taxonomy":"product-type","embeddable":true,"href":"https:\/\/www.baler-machines.com\/es\/wp-json\/wp\/v2\/product-type?post=3008"}],"curies":[{"name":"wp","href":"https:\/\/api.w.org\/{rel}","templated":true}]}}