{"id":299,"date":"2019-12-11T07:28:45","date_gmt":"2019-12-11T07:28:45","guid":{"rendered":"https:\/\/www.baler-machines.com\/?p=299"},"modified":"2025-07-18T18:31:03","modified_gmt":"2025-07-18T10:31:03","slug":"horizontal-metal-baler","status":"publish","type":"product","link":"https:\/\/www.baler-machines.com\/es\/horizontal-metal-baler\/","title":{"rendered":"Empacadora hidr\u00e1ulica de chatarra para prensa de balas de residuos"},"content":{"rendered":"<p class=\"translation-block\">La <strong>prensa de balas de chatarra met\u00e1lica<\/strong> (tambi\u00e9n llamada prensa de balas de hierro residual, m\u00e1quina de compactaci\u00f3n de latas, m\u00e1quina de balas de acero residual y prensa de latas de aluminio) se utiliza principalmente para compactar diversos residuos met\u00e1licos, virutas de acero, acero residual, aluminio residual, cobre residual, etc. en densas pacas de chatarra met\u00e1lica para su reciclaje y generaci\u00f3n de beneficios.<\/p>    <p>La forma del producto final puede ser cil\u00edndrica, rectangular, c\u00fabica, hexagonal y otras formas de multi-prisma. Los tama\u00f1os de los bloques son variados, como 30*30cm, 35*35cm, 40*40cm, etc.<\/p>    <p>Este compactador de metal puede utilizar un motor el\u00e9ctrico o un motor di\u00e9sel como fuente de energ\u00eda, trabajando con el sistema hidr\u00e1ulico. Su presi\u00f3n hidr\u00e1ulica se puede ajustar de acuerdo con los requisitos de balado reales de un cierto tipo de material.<\/p>    <p>Debido a su alta eficiencia, personalizaci\u00f3n y menor mantenimiento, nuestra m\u00e1quina de compactaci\u00f3n de metal se est\u00e1 vendiendo muy bien en pa\u00edses extranjeros, como Malasia, Kuwait, Filipinas, Afganist\u00e1n, entre otros. Si est\u00e1s interesado, \u00a1te damos la bienvenida a contactarnos en cualquier momento!<\/p>    <figure class=\"wp-block-embed is-type-video is-provider-youtube wp-block-embed-youtube wp-embed-aspect-16-9 wp-has-aspect-ratio\"><div class=\"wp-block-embed__wrapper\"> <iframe loading=\"lazy\" title=\"Las 3 principales prensas empacadoras de chatarra hidr\u00e1ulica para desechos: fabricante y proveedor de m\u00e1quinas empacadoras de metal Shuliy\" width=\"500\" height=\"281\" src=\"https:\/\/www.youtube.com\/embed\/S6Zx6ofeN14?start=27&#038;feature=oembed\" frameborder=\"0\" allow=\"accelerometer; autoplay; clipboard-write; encrypted-media; gyroscope; picture-in-picture; web-share\" referrerpolicy=\"strict-origin-when-cross-origin\" allowfullscreen><\/iframe> <\/div><figcaption class=\"wp-element-caption\">Video de trabajo de prensa de balas hidr\u00e1ulica para reciclaje de metales. <\/figcaption><\/figure>    <h2 class=\"wp-block-heading\" id=\"h-what-is-a-scrap-metal-baler\"><strong>\u00bfQu\u00e9 es una empacadora de chatarra?<\/strong><\/h2>    <p>Este compactador de chatarra puede usarse ampliamente en plantas de reciclaje de recursos met\u00e1licos y f\u00e1bricas de fabricaci\u00f3n de productos met\u00e1licos de tama\u00f1o mediano o grande. <\/p>    <p>La m\u00e1quina empacadora de chatarra hidr\u00e1ulica utiliza la fuerza m\u00faltiple de su sistema hidr\u00e1ulico para prensar desechos met\u00e1licos de formas y tama\u00f1os irregulares en columnas compactas. Despu\u00e9s del empacado, estos fardos de chatarra son f\u00e1ciles de transportar y almacenar en contenedores, adem\u00e1s de ahorrar mucha tierra ocupada.<\/p>    <figure class=\"wp-block-gallery aligncenter has-nested-images columns-default is-cropped wp-block-gallery-2 is-layout-flex wp-block-gallery-is-layout-flex\"> <figure class=\"wp-block-image size-large\"><img loading=\"lazy\" decoding=\"async\" width=\"720\" height=\"540\" data-id=\"2653\" src=\"https:\/\/www.baler-machines.com\/wp-content\/uploads\/2022\/08\/new-designed-scrap-metal-baler.webp\" alt=\"empacadora-de-chatarra-de-nuevo-dise\u00f1o\" class=\"wp-image-2653\" title=\"\"><figcaption class=\"wp-element-caption\">Empacadora de chatarra de nuevo dise\u00f1o<\/figcaption><\/figure>    <figure class=\"wp-block-image size-large\"><img loading=\"lazy\" decoding=\"async\" width=\"720\" height=\"540\" data-id=\"2651\" src=\"https:\/\/www.baler-machines.com\/wp-content\/uploads\/2022\/08\/industrial-scrap-baler.webp\" alt=\"empacadora-de-chatarra-industrial\" class=\"wp-image-2651\" title=\"\"><figcaption class=\"wp-element-caption\">Empacadora de chatarra industrial<\/figcaption><\/figure> <\/figure>    <figure class=\"wp-block-gallery aligncenter has-nested-images columns-default is-cropped wp-block-gallery-3 is-layout-flex wp-block-gallery-is-layout-flex\"> <figure class=\"wp-block-image size-full\"><img loading=\"lazy\" decoding=\"async\" width=\"720\" height=\"540\" data-id=\"2652\" src=\"https:\/\/www.baler-machines.com\/wp-content\/uploads\/2022\/08\/scrap-metal-baler-manufacturer.webp\" alt=\"fabricante-de-empacadora-de-chatarra\" class=\"wp-image-2652\" title=\"\"><figcaption class=\"wp-element-caption\">Fabricante de empacadoras de chatarra<\/figcaption><\/figure>    <figure class=\"wp-block-image size-full\"><img loading=\"lazy\" decoding=\"async\" width=\"720\" height=\"540\" data-id=\"2654\" src=\"https:\/\/www.baler-machines.com\/wp-content\/uploads\/2022\/08\/hydraulic-metal-baler-with-single-cylinder.webp\" alt=\"empacadora-de-metal-hidr\u00e1ulica-con-un-cilindro\" class=\"wp-image-2654\" title=\"\"><figcaption class=\"wp-element-caption\">Empacadora hidr\u00e1ulica de metal con cilindro \u00fanico<\/figcaption><\/figure> <\/figure>    <h2 class=\"wp-block-heading\" id=\"h-technical-parameters-of-the-hydraulic-metal-baler\"><strong>Par\u00e1metros t\u00e9cnicos de la empacadora de chatarra a la venta.<\/strong><\/h2>    <figure class=\"wp-block-table\"><table><tbody><tr><td>Modelo de equipo<\/td><td>&nbsp;Presi\u00f3n (toneladas)<\/td><td>Tama\u00f1o del contenedor de prensa (mm)<\/td><td>Tama\u00f1o de las balas (cm)<\/td><td>Tiempo de prensa (s)&nbsp;<\/td><td>Potencia (kW)<\/td><\/tr><tr><td>SL-Y81-125<\/td><td>125<\/td><td>1200*800*500<\/td><td>30*30<\/td><td>100<\/td><td>15<\/td><\/tr><tr><td>SL-Y81-135<\/td><td>135<\/td><td>1200*1000*600<\/td><td>30*30<\/td><td>110<\/td><td>18.5<\/td><\/tr><tr><td>SL-Y81-160<\/td><td>160<\/td><td>1200*1000*600<\/td><td>35*35<\/td><td>110<\/td><td>18.5<\/td><\/tr><tr><td>SL-Y81-180<\/td><td>180<\/td><td>1600*1200*800<\/td><td>40*40<\/td><td>130<\/td><td>22<\/td><\/tr><tr><td>SL-Y81-200<\/td><td>200<\/td><td>1600*1200*800<\/td><td>50*50<\/td><td>140<\/td><td>22+15<\/td><\/tr><tr><td>SL-Y81-250<\/td><td>250<\/td><td>2000*1750*1000<\/td><td>50*50<\/td><td>150<\/td><td>44<\/td><\/tr><tr><td>SL-Y81-315<\/td><td>315<\/td><td>2500*2000*1200<\/td><td>60*60<\/td><td>160<\/td><td>60<\/td><\/tr><tr><td>SL-Y81-400<\/td><td>100<\/td><td>3000*2500*1200<\/td><td>60*60<\/td><td>170<\/td><td>90<\/td><\/tr><\/tbody><\/table><figcaption class=\"wp-element-caption\">Par\u00e1metros t\u00e9cnicos de la prensa balas de chatarra.<\/figcaption><\/figure>    <h2 class=\"wp-block-heading\" id=\"h-what-waste-material-can-be-baled\"><strong>Aplicaciones de prensa de balas de chatarra hidr\u00e1ulica<\/strong><\/h2>    <p>La prensa de chatarra puede compactar varios productos met\u00e1licos de desecho en condiciones normales. Los materiales son:<\/p>    <ul class=\"wp-block-list\"> <li>Chatarra de metales ferrosos <ul class=\"wp-block-list\"> <li>Chatarra de hierro y chatarra de acero<\/li>    <li>Hojas de hierro y materiales de hierro ligeros\/delgados<\/li>    <li>Bloques de hierro colado<\/li>    <li>Carrocer\u00edas de autom\u00f3viles y chasis de autom\u00f3viles<\/li>    <li>Barriles de hierro y bicicletas usadas<\/li> <\/ul> <\/li>    <li>Chatarra de metales no ferrosos <ul class=\"wp-block-list\"> <li>Bloques de cobre chatarra<\/li>    <li>Escamas de aluminio chatarra<\/li>    <li>Perfiles de aleaci\u00f3n de aluminio<\/li> <\/ul> <\/li>    <li>Cubos de pintura y latas de aluminio <ul class=\"wp-block-list\"> <li>cubos de pintura<\/li>    <li>Latas de cerveza y latas de bebidas<\/li>    <li>Latas de esta\u00f1o<\/li> <\/ul> <\/li>    <li>Residuos de construcci\u00f3n ligera <ul class=\"wp-block-list\"> <li>Tejas de acero colorido<\/li>    <li>Hojas de hierro delgadas<\/li> <\/ul> <\/li> <\/ul>    <figure class=\"wp-block-gallery aligncenter has-nested-images columns-default is-cropped wp-block-gallery-4 is-layout-flex wp-block-gallery-is-layout-flex\"> <figure class=\"wp-block-image size-full\"><img loading=\"lazy\" decoding=\"async\" width=\"720\" height=\"540\" data-id=\"2657\" src=\"https:\/\/www.baler-machines.com\/wp-content\/uploads\/2022\/08\/matrials-to-be-baled.webp\" alt=\"materiales para ser compactados\" class=\"wp-image-2657\" title=\"\"><figcaption class=\"wp-element-caption\">Matriales para ser empacados<\/figcaption><\/figure>    <figure class=\"wp-block-image size-full\"><img loading=\"lazy\" decoding=\"async\" width=\"720\" height=\"540\" data-id=\"2656\" src=\"https:\/\/www.baler-machines.com\/wp-content\/uploads\/2022\/08\/final-products.webp\" alt=\"productos finales\" class=\"wp-image-2656\" title=\"\"><figcaption class=\"wp-element-caption\">Productos finales<\/figcaption><\/figure> <\/figure>    <p class=\"translation-block\">La prensa de balas de chatarra met\u00e1lica es adecuada para diversos molinos de acero grandes, medianos y peque\u00f1os, la industria de procesamiento de reciclaje de metales residuales y la industria de fundici\u00f3n de metales no ferrosos. La forma del producto final puede ser <strong>cubos, cilindros, oct\u00e1gonos, rect\u00e1ngulos, hexagonales<\/strong>, etc.<\/p>    <figure class=\"wp-block-gallery aligncenter has-nested-images columns-default is-cropped wp-block-gallery-5 is-layout-flex wp-block-gallery-is-layout-flex\"> <figure class=\"wp-block-image size-large\"><img loading=\"lazy\" decoding=\"async\" width=\"540\" height=\"540\" data-id=\"365\" src=\"https:\/\/www.baler-machines.com\/wp-content\/uploads\/2019\/12\/baled-steel-plates.jpg\" alt=\"placas de acero compactadas\" class=\"wp-image-365\" title=\"\"><figcaption class=\"wp-element-caption\">Placas de acero embaladas<\/figcaption><\/figure>    <figure class=\"wp-block-image size-large\"><img loading=\"lazy\" decoding=\"async\" width=\"540\" height=\"540\" data-id=\"372\" src=\"https:\/\/www.baler-machines.com\/wp-content\/uploads\/2019\/12\/waste-metal-baling-with-eight-prism-shape.jpg\" alt=\"Enfardado de residuos met\u00e1licos con forma de ocho prismas\" class=\"wp-image-372\" title=\"\"><figcaption class=\"wp-element-caption\">Enfardado de residuos de metal con forma de ocho prismas<\/figcaption><\/figure>    <figure class=\"wp-block-image size-large\"><img loading=\"lazy\" decoding=\"async\" width=\"540\" height=\"540\" data-id=\"364\" src=\"https:\/\/www.baler-machines.com\/wp-content\/uploads\/2019\/12\/baled-aluminum-sheets-briquettes.jpg\" alt=\"briquetas de l\u00e1minas de aluminio compactadas\" class=\"wp-image-364\" title=\"\"><figcaption class=\"wp-element-caption\">Briquetas de l\u00e1minas de aluminio en balas<\/figcaption><\/figure> <\/figure>    <h2 class=\"wp-block-heading\" id=\"h-advantages-of-the-hydraulic-scrap-metal-baler\"><strong>Ventajas de la empacadora hidr\u00e1ulica de chatarra<\/strong><\/h2>    <ol class=\"wp-block-list\"> <li>Excelente dise\u00f1o de empacadora de chatarra, ahorro de espacio y transporte m\u00e1s conveniente.<\/li>    <li>La chatarra met\u00e1lica despu\u00e9s de ser compactada es m\u00e1s densa y se puede vender a un precio m\u00e1s alto.<\/li>    <li>Nuestra prensa empacadora de chatarra se puede utilizar para chatarra, lo que puede generar ingresos nuevamente para la f\u00e1brica.<\/li>    <li>Hay dos tipos de sistemas operativos, uno es completamente autom\u00e1tico y el otro es de operaci\u00f3n manual (la operaci\u00f3n se realiza mediante una palanca de control manual).<\/li>    <li>La placa se puede agregar a la m\u00e1quina bas\u00e1ndose en la original para que la m\u00e1quina sea m\u00e1s resistente al desgaste y tenga una vida \u00fatil m\u00e1s larga.<\/li>    <li>Tambi\u00e9n puede agregar las cuchillas, por lo que es m\u00e1s conveniente empacar materiales grandes.<\/li> <\/ol>    <h2 class=\"wp-block-heading\" id=\"h-how-does-the-hydraulic-scrap-press-machine-work\"><strong>\u00bfC\u00f3mo funciona la prensa balas de chatarra?<\/strong><\/h2>    <p>Los materiales met\u00e1licos tienen la propiedad de deformarse pl\u00e1sticamente. La presi\u00f3n hidr\u00e1ulica de la empacadora de metal horizontal puede dar a los materiales met\u00e1licos suficiente fuerza externa que puede agregarse y producir deformaci\u00f3n permanente, formando as\u00ed un bloque s\u00f3lido compacto. <\/p>    <p class=\"translation-block\">Cuando la <a href=\"https:\/\/www.baler-machines.com\/es\/waste-iron-baler-machine-iron-scraps-baling-machine\/\" target=\"_blank\" rel=\"noreferrer noopener\">prensa hidr\u00e1ulica de balas de chatarra<\/a> est\u00e1 en funcionamiento, podemos usar la m\u00e1quina de agarre para colocar los materiales a empacar en la caja del empaquetador. A continuaci\u00f3n, abra la v\u00e1lvula de control del cilindro hidr\u00e1ulico de la m\u00e1quina. La prensa de chatarra met\u00e1lica en s\u00ed tiene tres presiones hidr\u00e1ulicas acumul\u00e1ndose entre s\u00ed, lo que puede comprimir r\u00e1pidamente los materiales met\u00e1licos en columnas.<\/p>    <figure class=\"wp-block-gallery has-nested-images columns-default is-cropped wp-block-gallery-6 is-layout-flex wp-block-gallery-is-layout-flex\"> <figure class=\"wp-block-image size-large\"><img loading=\"lazy\" decoding=\"async\" width=\"720\" height=\"540\" data-id=\"370\" src=\"https:\/\/www.baler-machines.com\/wp-content\/uploads\/2019\/12\/customer-using-of-the-hydraulic-metal-baler.jpg\" alt=\"Uso del cliente de la empacadora hidr\u00e1ulica de metal.\" class=\"wp-image-370\" title=\"\"><figcaption class=\"wp-element-caption\">Uso del cliente de la empacadora hidr\u00e1ulica de metal<\/figcaption><\/figure>    <figure class=\"wp-block-image size-large\"><img loading=\"lazy\" decoding=\"async\" width=\"400\" height=\"400\" data-id=\"371\" src=\"https:\/\/www.baler-machines.com\/wp-content\/uploads\/2019\/12\/waste-cans-baling-process.jpg\" alt=\"proceso de empacado de botes de basura\" class=\"wp-image-371\" title=\"\"><figcaption class=\"wp-element-caption\">Proceso de empacado de botes de basura<\/figcaption><\/figure> <\/figure>    <h2 class=\"wp-block-heading\" id=\"h-maintenance-tips-of-the-scrap-metal-baler\"><strong>Consejos de mantenimiento de la empacadora de chatarra<\/strong><\/h2>    <ul class=\"wp-block-list\"> <li>Cada semana, limpie los restos o la suciedad del contenedor de la empacadora de metal.<\/li>    <li>Una vez al mes, limpie y lubrique la corredera, la cuchilla intermedia y el eyector frontal.<\/li>    <li>Agregue lubricante a todos los cojinetes de la m\u00e1quina cada tres meses.<\/li>    <li>Reponga peri\u00f3dicamente el aceite hidr\u00e1ulico en el tanque de aceite de la empacadora de metal una vez cada dos a\u00f1os.<\/li>    <li>Cada vez que agregue aceite hidr\u00e1ulico, debe ser apropiado. Recuerde no a\u00f1adir demasiado, para evitar un mal funcionamiento del microinterruptor por inmersi\u00f3n en aceite.<\/li> <\/ul>   <div class=\"wp-block-image\"> <figure class=\"aligncenter size-full\"><img loading=\"lazy\" decoding=\"async\" width=\"540\" height=\"540\" src=\"https:\/\/www.baler-machines.com\/wp-content\/uploads\/2019\/12\/commercial-metal-baler.jpg\" alt=\"empacadora de metal comercial\" class=\"wp-image-177\" title=\"\"><figcaption class=\"wp-element-caption\">empacadora de metal comercial<\/figcaption><\/figure> <\/div>   <h2 class=\"wp-block-heading\"><strong>Casos de \u00e9xito de empacadoras de chatarra a la venta en todo el mundo<\/strong><\/h2>    <p class=\"translation-block\"><strong>Caso de \u00e9xito: la prensa de balas de metal horizontal exportada a Irak<\/strong><\/p>    <p>El cliente iraqu\u00ed ten\u00eda una gran acumulaci\u00f3n de chatarra y quer\u00eda deshacerse de este material de manera eficiente, preferiblemente de una manera que generara ingresos secundarios. Por eso, este cliente empez\u00f3 a buscar una empacadora de metal y se puso en contacto con nosotros despu\u00e9s de ver nuestras m\u00e1quinas. Despu\u00e9s de conocer nuestras m\u00e1quinas, qued\u00f3 muy satisfecho y sinti\u00f3 que \u00e9sta era la m\u00e1quina que quer\u00eda. Por tanto, el contrato se firm\u00f3 de inmediato. Aqu\u00ed ten\u00e9is una foto de nuestra entrega en el puerto.<\/p>    <figure class=\"wp-block-gallery aligncenter has-nested-images columns-default is-cropped wp-block-gallery-7 is-layout-flex wp-block-gallery-is-layout-flex\"> <figure class=\"wp-block-image size-large\"><img loading=\"lazy\" decoding=\"async\" width=\"540\" height=\"540\" data-id=\"368\" src=\"https:\/\/www.baler-machines.com\/wp-content\/uploads\/2019\/12\/large-tonnage-metal-baler-for-shipping.jpg\" alt=\"prensa de metal de gran tonelaje para env\u00edo\" class=\"wp-image-368\" title=\"\"><figcaption class=\"wp-element-caption\">Empacadora de metal de gran tonelaje para env\u00edo<\/figcaption><\/figure>    <figure class=\"wp-block-image size-large\"><img loading=\"lazy\" decoding=\"async\" width=\"540\" height=\"540\" data-id=\"369\" src=\"https:\/\/www.baler-machines.com\/wp-content\/uploads\/2019\/12\/Shuliy-metal-baling-machine-for-sale.jpg\" alt=\"M\u00e1quina empacadora de metal Shuliy a la venta\" class=\"wp-image-369\" title=\"\"><figcaption class=\"wp-element-caption\">M\u00e1quina empacadora de metal Shuliy a la venta<\/figcaption><\/figure> <\/figure>    <p class=\"translation-block\"><strong>Prensa de balas de chatarra met\u00e1lica hidr\u00e1ulica SL-125 vendida a Afganist\u00e1n<\/strong><\/p>    <p>Nuestro compactador de metal se vendi\u00f3 con \u00e9xito a una gran empresa de reciclaje de chatarra en Afganist\u00e1n. Gracias a su excelente estabilidad y durabilidad, la empresa puede procesar r\u00e1pidamente todo tipo de chatarra. La empresa ha mejorado significativamente la eficiencia del procesamiento de chatarra, ha reducido los costes de transporte y ha aumentado la eficacia de la recuperaci\u00f3n de recursos.<\/p>    <figure class=\"wp-block-gallery aligncenter has-nested-images columns-default is-cropped wp-block-gallery-8 is-layout-flex wp-block-gallery-is-layout-flex\"> <figure class=\"wp-block-image size-large\"><img loading=\"lazy\" decoding=\"async\" width=\"720\" height=\"540\" data-id=\"3458\" src=\"https:\/\/www.baler-machines.com\/wp-content\/uploads\/2023\/12\/hydraulic-metal-baler.webp\" alt=\"empacadora hidr\u00e1ulica de metales\" class=\"wp-image-3458\" title=\"\"><figcaption class=\"wp-element-caption\">Empacadora hidr\u00e1ulica de metales<\/figcaption><\/figure>    <figure class=\"wp-block-image size-large\"><img loading=\"lazy\" decoding=\"async\" width=\"720\" height=\"540\" data-id=\"3459\" src=\"https:\/\/www.baler-machines.com\/wp-content\/uploads\/2023\/12\/metal-scrap-baler-machine-for-sale.webp\" alt=\"M\u00e1quina empacadora de chatarra a la venta\" class=\"wp-image-3459\" title=\"\"><figcaption class=\"wp-element-caption\">M\u00e1quina empacadora de chatarra de metal a la venta<\/figcaption><\/figure> <\/figure>    <p class=\"translation-block\"><strong>Compactador de metal SL-125 entregado a Malasia<\/strong><\/p>    <p>En Malasia, proporcionamos una soluci\u00f3n empacadora de chatarra para una empresa especializada en reciclaje de metales. Personalizamos la empacadora de metal con una potencia de 15 kW y un tama\u00f1o de paca de 30*30 cm con el m\u00e9todo de paca de empuje lateral para Malasia.<\/p>    <figure class=\"wp-block-gallery aligncenter has-nested-images columns-default is-cropped wp-block-gallery-9 is-layout-flex wp-block-gallery-is-layout-flex\"> <figure class=\"wp-block-image size-large\"><img loading=\"lazy\" decoding=\"async\" width=\"720\" height=\"540\" data-id=\"3461\" src=\"https:\/\/www.baler-machines.com\/wp-content\/uploads\/2023\/12\/iron-scrap-baling-press.webp\" alt=\"prensa de balas de chatarra de hierro\" class=\"wp-image-3461\" title=\"\"><figcaption class=\"wp-element-caption\">Prensa de balas de chatarra de hierro<\/figcaption><\/figure>    <figure class=\"wp-block-image size-large\"><img loading=\"lazy\" decoding=\"async\" width=\"720\" height=\"540\" data-id=\"3465\" src=\"https:\/\/www.baler-machines.com\/wp-content\/uploads\/2023\/12\/motor-for-125T-metal-baler.webp\" alt=\"motor para empacadora de metal 125T\" class=\"wp-image-3465\" title=\"\"><figcaption class=\"wp-element-caption\">Motor para empacadora de metal 125T<\/figcaption><\/figure> <\/figure>    <h2 class=\"wp-block-heading\"><strong>\u00a1Ponte en contacto con nosotros para una cotizaci\u00f3n!<\/strong><\/h2>    <p class=\"translation-block\">\u00bfInteresado en cu\u00e1n r\u00e1pido puede hacer el reciclaje de <a href=\"https:\/\/en.wikipedia.org\/wiki\/Scrap\" target=\"_blank\" rel=\"noopener\">chatarra met\u00e1lica<\/a>? Si es as\u00ed, \u00a1p\u00f3ngase en contacto con nosotros! Le proporcionaremos la soluci\u00f3n \u00f3ptima y la mejor oferta seg\u00fan sus necesidades.<\/p>","protected":false},"excerpt":{"rendered":"<p>La prensa horizontal de metal tambi\u00e9n se puede llamar prensa de chatarra de hierro, m\u00e1quina de balas de latas, m\u00e1quina de balas de acero reciclado y prensa de latas de aluminio. Este tipo de equipo de reciclaje de metales tiene aplicaciones muy amplias para prensar todo tipo de residuos met\u00e1licos y otros residuos s\u00f3lidos con formas cil\u00edndricas, rectangulares, c\u00fabicas, hexagonales y otras formas de prismas m\u00faltiples.<\/p>","protected":false},"author":1,"featured_media":2665,"parent":0,"template":"","tags":[414,20,408,22,594,21],"product-type":[563],"class_list":["post-299","product","type-product","status-publish","has-post-thumbnail","hentry","tag-baler","tag-horizontal-metal-baler","tag-metal","tag-metal-baling-machine","tag-scrap-metal-baler","tag-waste-metal-baler","product-type-baler-machine"],"_links":{"self":[{"href":"https:\/\/www.baler-machines.com\/es\/wp-json\/wp\/v2\/product\/299","targetHints":{"allow":["GET"]}}],"collection":[{"href":"https:\/\/www.baler-machines.com\/es\/wp-json\/wp\/v2\/product"}],"about":[{"href":"https:\/\/www.baler-machines.com\/es\/wp-json\/wp\/v2\/types\/product"}],"author":[{"embeddable":true,"href":"https:\/\/www.baler-machines.com\/es\/wp-json\/wp\/v2\/users\/1"}],"wp:featuredmedia":[{"embeddable":true,"href":"https:\/\/www.baler-machines.com\/es\/wp-json\/wp\/v2\/media\/2665"}],"wp:attachment":[{"href":"https:\/\/www.baler-machines.com\/es\/wp-json\/wp\/v2\/media?parent=299"}],"wp:term":[{"taxonomy":"post_tag","embeddable":true,"href":"https:\/\/www.baler-machines.com\/es\/wp-json\/wp\/v2\/tags?post=299"},{"taxonomy":"product-type","embeddable":true,"href":"https:\/\/www.baler-machines.com\/es\/wp-json\/wp\/v2\/product-type?post=299"}],"curies":[{"name":"wp","href":"https:\/\/api.w.org\/{rel}","templated":true}]}}