{"id":2971,"date":"2023-02-14T15:15:46","date_gmt":"2023-02-14T07:15:46","guid":{"rendered":"https:\/\/www.baler-machines.com\/?post_type=product&#038;p=2971"},"modified":"2023-02-14T15:55:13","modified_gmt":"2023-02-14T07:55:13","slug":"hydraulic-cardboard-baler-for-sale","status":"publish","type":"product","link":"https:\/\/www.baler-machines.com\/es\/hydraulic-cardboard-baler-for-sale\/","title":{"rendered":"Empacadora hidr\u00e1ulica de residuos de cart\u00f3n a la venta"},"content":{"rendered":"<p>La empacadora de cart\u00f3n hidr\u00e1ulica es especialmente para residuos de cart\u00f3n y cart\u00f3n corrugado con el prop\u00f3sito de formas cuadradas y almacenamiento y transporte convenientes.<\/p>    <figure class=\"wp-block-gallery aligncenter has-nested-images columns-default is-cropped wp-block-gallery-2 is-layout-flex wp-block-gallery-is-layout-flex\"> <figure class=\"wp-block-image size-full\"><img loading=\"lazy\" decoding=\"async\" width=\"720\" height=\"540\" data-id=\"2986\" src=\"https:\/\/www.baler-machines.com\/wp-content\/uploads\/2023\/02\/hydraulic-cardboard-compactor.webp\" alt=\"compactador de cart\u00f3n hidr\u00e1ulico\" class=\"wp-image-2986\" title=\"\"><figcaption class=\"wp-element-caption\">Compactador Hidr\u00e1ulico de Cart\u00f3n<\/figcaption><\/figure>    <figure class=\"wp-block-image size-full\"><img loading=\"lazy\" decoding=\"async\" width=\"720\" height=\"540\" data-id=\"2985\" src=\"https:\/\/www.baler-machines.com\/wp-content\/uploads\/2023\/02\/horizontal-cardboard-baling-press.webp\" alt=\"prensa de balas de cart\u00f3n horizontal\" class=\"wp-image-2985\" title=\"\"><figcaption class=\"wp-element-caption\">Prensa de balas de cart\u00f3n horizontal<\/figcaption><\/figure> <\/figure>    <p class=\"translation-block\">El compactador de cart\u00f3n de Shuliy en realidad pertenece a la <a href=\"https:\/\/www.baler-machines.com\/es\/baler-machine\/\" target=\"_blank\" rel=\"noreferrer noopener\">empacadora hidr\u00e1ulica<\/a>, que se utiliza a menudo en varias estaciones de reciclaje de chatarra para empacar y reciclar diversos residuos, como cart\u00f3n, cajas de cart\u00f3n, ropa usada, neum\u00e1ticos, paja, serr\u00edn, etc. Si est\u00e1 interesado en esto, \u00a1bienvenido a contactarnos!<\/p>    <h2 class=\"wp-block-heading\"><strong>\u00bfPor qu\u00e9 reciclar y embalar el <a href=\"https:\/\/en.wikipedia.org\/wiki\/Cardboard\" target=\"_blank\" rel=\"noreferrer noopener\">cart\u00f3n\/cart\u00f3n<\/a>?<\/strong><\/h2>    <p>El cart\u00f3n se puede utilizar para almacenamiento, transporte, etc. de diversas cosas. Pero una vez cumplida su misi\u00f3n, el cart\u00f3n se desecha como residuo. En este caso, suele haber recolectores de chatarra para su reciclaje.<\/p>    <figure class=\"wp-block-gallery aligncenter has-nested-images columns-default is-cropped wp-block-gallery-3 is-layout-flex wp-block-gallery-is-layout-flex\"> <figure class=\"wp-block-image size-full\"><img loading=\"lazy\" decoding=\"async\" width=\"540\" height=\"540\" data-id=\"2941\" src=\"https:\/\/www.baler-machines.com\/wp-content\/uploads\/2023\/01\/waste-cardboard.webp\" alt=\"cart\u00f3n de desecho\" class=\"wp-image-2941\" title=\"\"><figcaption class=\"wp-element-caption\">Cart\u00f3n de desecho<\/figcaption><\/figure>    <figure class=\"wp-block-image size-full\"><img loading=\"lazy\" decoding=\"async\" width=\"540\" height=\"540\" data-id=\"2942\" src=\"https:\/\/www.baler-machines.com\/wp-content\/uploads\/2023\/01\/waste-paper.webp\" alt=\"papel usado\" class=\"wp-image-2942\" title=\"\"><figcaption class=\"wp-element-caption\">Papel usado<\/figcaption><\/figure> <\/figure>    <p>Despu\u00e9s del reciclaje, el cart\u00f3n se almacena o se revende nuevamente. En este caso, el uso de una empacadora de cart\u00f3n para compactar mejorar\u00e1 enormemente la eficiencia del almacenamiento. Y en el siguiente procesamiento se reducir\u00e1 considerablemente el tiempo.<\/p>    <h2 class=\"wp-block-heading\"><strong>Se vende empacadora de cart\u00f3n comercial <\/strong><\/h2>    <p>Como fabricante y proveedor profesional de equipos de reciclaje, nuestras empacadoras hidr\u00e1ulicas son muy populares en el mercado internacional. Existen dos tipos de empacadoras hidr\u00e1ulicas para enfardar tableros de papel usado o materiales similares: empacadora hidr\u00e1ulica vertical y empacadora hidr\u00e1ulica horizontal.<\/p>    <figure class=\"wp-block-gallery aligncenter has-nested-images columns-default is-cropped wp-block-gallery-4 is-layout-flex wp-block-gallery-is-layout-flex\"> <figure class=\"wp-block-image size-full\"><img loading=\"lazy\" decoding=\"async\" width=\"540\" height=\"720\" data-id=\"2982\" src=\"https:\/\/www.baler-machines.com\/wp-content\/uploads\/2023\/02\/vertical-cardboard-baler-for-sale.webp\" alt=\"empacadora-de-carton-vertical-en-venta\" class=\"wp-image-2982\" title=\"\"><figcaption class=\"wp-element-caption\">Empacadora de cart\u00f3n vertical a la venta<\/figcaption><\/figure>    <figure class=\"wp-block-image size-full\"><img loading=\"lazy\" decoding=\"async\" width=\"540\" height=\"720\" data-id=\"2983\" src=\"https:\/\/www.baler-machines.com\/wp-content\/uploads\/2023\/02\/horizontal-cardboard-baler-machine.webp\" alt=\"empacadora de cart\u00f3n horizontal\" class=\"wp-image-2983\" title=\"\"><figcaption class=\"wp-element-caption\">M\u00e1quina empacadora de cart\u00f3n horizontal<\/figcaption><\/figure> <\/figure>    <p>Venta de empacadora de cart\u00f3n vertical: es muy utilizada en la industria del reciclaje de diversos residuos. <\/p>    <p>M\u00e1quina empacadora de cart\u00f3n horizontal autom\u00e1tica: hay m\u00e1quinas prensadoras de balas horizontales totalmente autom\u00e1ticas y semiautom\u00e1ticas disponibles para su elecci\u00f3n.<\/p>    <h2 class=\"wp-block-heading\"><strong>\u00bfCu\u00e1l es el precio de la empacadora de cajas de cart\u00f3n industrial?<\/strong><\/h2>    <p>El precio de la m\u00e1quina se ve afectado por varios factores. Como se mencion\u00f3 anteriormente, la empacadora de cart\u00f3n pertenece a un tipo de empacadora hidr\u00e1ulica y existen dos tipos de empacadoras de cart\u00f3n de desecho. Elegir una empacadora diferente el precio no es lo mismo. Adem\u00e1s de esto, est\u00e1 el tama\u00f1o de la caja que deseas empacar. Diferentes tama\u00f1os eligen diferentes modelos de m\u00e1quina, el precio no es el mismo.<\/p>    <h2 class=\"wp-block-heading\"><strong>Par\u00e1metros t\u00e9cnicos de la empacadora de cart\u00f3n vertical y horizontal.<\/strong><\/h2>    <p class=\"translation-block\"><strong>M\u00e1quina empacadora de cart\u00f3n vertical<\/strong><\/p>    <figure class=\"wp-block-table\"><table><tbody><tr><td>Modelo<\/td><td>Presi\u00f3n<\/td><td>Motor<\/td><td>Volumen de la caja interior.<\/td><td>Tama\u00f1o del producto final<\/td><td>Capacidad<\/td><td>Peso<\/td><\/tr><tr><td>SL-15T<\/td><td>15 toneladas<\/td><td>5,5 KW<\/td><td>850*600*1300MM<\/td><td>890*610*500MM<\/td><td>1-1,5 toneladas\/hora<\/td><td>1T<\/td><\/tr><tr><td>SL-30T<\/td><td>30T<\/td><td>7,5 KW<\/td><td>800*400*1300MM<\/td><td>890*610*500MM<\/td><td>1.5-2T\/H<\/td><td>1,5 toneladas<\/td><\/tr><tr><td>SL-60T<\/td><td>60T<\/td><td>7,5 KW<\/td><td>900*600*1300MM<\/td><td>900*610*500MM<\/td><td>2-2,5 toneladas\/hora<\/td><td>2T<\/td><\/tr><tr><td>SL-80T<\/td><td>80T<\/td><td>7,5 KW<\/td><td>1200*800*1500MM<\/td><td>1200*810*500MM<\/td><td>3-3,5 toneladas\/hora<\/td><td>3T<\/td><\/tr><tr><td>SL-100T<\/td><td>100T<\/td><td>15kW<\/td><td>1100*900*1500MM<\/td><td>1100*910*500MM<\/td><td>3.5-4T\/H<\/td><td>3.5T<\/td><\/tr><tr><td>SL-120T<\/td><td>120T<\/td><td>18,5 KW<\/td><td>1200*100*1500MM<\/td><td>1200*100*500MM<\/td><td>4-5 toneladas por hora<\/td><td>4T<\/td><\/tr><\/tbody><\/table><\/figure>    <p class=\"translation-block\"><strong>M\u00e1quina compactadora de cart\u00f3n horizontal<\/strong><\/p>    <figure class=\"wp-block-table\"><table><tbody><tr><td>Modelo<\/td><td>SL-120\/100<\/td><td>SL-180\/160<\/td><td>SL-200<\/td><td>SL-220<\/td><\/tr><tr><td>Presi\u00f3n<\/td><td>28Mpa<\/td><td>28Mpa<\/td><td>31,5 MPa<\/td><td>31,5 MPa<\/td><\/tr><tr><td>Tama\u00f1o del puerto de alimentaci\u00f3n<\/td><td>1700*1020mm<\/td><td>2000*1100mm<\/td><td>1100*200mm<\/td><td>1100*2000mm<\/td><\/tr><tr><td>Tama\u00f1o del producto final<\/td><td>1100*900mm<\/td><td>1100*1300mm<\/td><td>1100*1300*1500 mm (ajustable)<\/td><td>1500*1100*1400mm<\/td><\/tr><tr><td>Peso del producto final<\/td><td>1100-1550kg<\/td><td>1100-1550kg<\/td><td>1100-1550kg<\/td><td>1100-1550kg<\/td><\/tr><tr><td>motores totales<\/td><td>22kw<\/td><td>43,5 kw<\/td><td>55kw<\/td><td>62kw<\/td><\/tr><tr><td>Forma de embalaje<\/td><td>Hilo templado manual 2.8-3.2mm 3 lineas<\/td><td>Hilo templado autom\u00e1tico 2.8-3.2mm 4 l\u00edneas<\/td><td>Cable autom\u00e1tico 12# 5 l\u00edneas<\/td><td>Cable autom\u00e1tico 12# 5 l\u00edneas.<\/td><\/tr><tr><td>Sistema de control<\/td><td>Sistema PLC<\/td><td>Sistema PLC<\/td><td>Sistema PLC<\/td><td>Sistema PLC<\/td><\/tr><tr><td>Capacidad<\/td><td>7T\/H<\/td><td>10T\/H<\/td><td>12T\/H<\/td><td>14T\/H<\/td><\/tr><tr><td>tipo de aceite<\/td><td>46# Aceite hidr\u00e1ulico<\/td><td>46# Aceite hidr\u00e1ulico<\/td><td>46# Aceite hidr\u00e1ulico<\/td><td>46# Aceite hidr\u00e1ulico<\/td><\/tr><tr><td>tanque de aceite<\/td><td>2000kg<\/td><td>2000kg<\/td><td>2000kg<\/td><td>2000kg<\/td><\/tr><\/tbody><\/table><\/figure>    <h2 class=\"wp-block-heading\"><strong>V\u00eddeo de funcionamiento de prensa de balas horizontal para cart\u00f3n usado<\/strong><\/h2>    <figure class=\"wp-block-embed is-type-video is-provider-youtube wp-block-embed-youtube wp-embed-aspect-16-9 wp-has-aspect-ratio\"><div class=\"wp-block-embed__wrapper\"> <iframe loading=\"lazy\" title=\"Prensa de balas hidr\u00e1ulica completamente autom\u00e1tica para cart\u00f3n - Empacadora de cart\u00f3n horizontal a la venta 2023\" width=\"500\" height=\"281\" src=\"https:\/\/www.youtube.com\/embed\/2cfZYxAvoXg?feature=oembed\" frameborder=\"0\" allow=\"accelerometer; autoplay; clipboard-write; encrypted-media; gyroscope; picture-in-picture; web-share\" referrerpolicy=\"strict-origin-when-cross-origin\" allowfullscreen><\/iframe> <\/div><\/figure>    <figure class=\"wp-block-embed is-type-video is-provider-youtube wp-block-embed-youtube wp-embed-aspect-4-3 wp-has-aspect-ratio\"><div class=\"wp-block-embed__wrapper\"> <iframe loading=\"lazy\" title=\"Empacadora de cart\u00f3n vertical a la venta - Prensa de balas hidr\u00e1ulica para reciclaje de residuos #cardboard\" width=\"500\" height=\"375\" src=\"https:\/\/www.youtube.com\/embed\/-8v8ocY3hAc?feature=oembed\" frameborder=\"0\" allow=\"accelerometer; autoplay; clipboard-write; encrypted-media; gyroscope; picture-in-picture; web-share\" referrerpolicy=\"strict-origin-when-cross-origin\" allowfullscreen><\/iframe> <\/div><\/figure>","protected":false},"excerpt":{"rendered":"<p>The hydraulic cardboard baler is especially for waste cardboard and corrugated cardboard for the purpose of square shapes and convenient storage and transportation. Shuliy&#8217;s cardboard compactor actually belongs to the hydraulic baler, which is often used in various scrap recycling stations for baling and recycling various wastes, such as cardboard, cartons, used clothes, tires, straw, [&hellip;]<\/p>\n","protected":false},"author":1,"featured_media":2980,"parent":0,"template":"","tags":[600],"product-type":[563],"class_list":["post-2971","product","type-product","status-publish","has-post-thumbnail","hentry","tag-cardboard-baler","product-type-baler-machine"],"_links":{"self":[{"href":"https:\/\/www.baler-machines.com\/es\/wp-json\/wp\/v2\/product\/2971","targetHints":{"allow":["GET"]}}],"collection":[{"href":"https:\/\/www.baler-machines.com\/es\/wp-json\/wp\/v2\/product"}],"about":[{"href":"https:\/\/www.baler-machines.com\/es\/wp-json\/wp\/v2\/types\/product"}],"author":[{"embeddable":true,"href":"https:\/\/www.baler-machines.com\/es\/wp-json\/wp\/v2\/users\/1"}],"wp:featuredmedia":[{"embeddable":true,"href":"https:\/\/www.baler-machines.com\/es\/wp-json\/wp\/v2\/media\/2980"}],"wp:attachment":[{"href":"https:\/\/www.baler-machines.com\/es\/wp-json\/wp\/v2\/media?parent=2971"}],"wp:term":[{"taxonomy":"post_tag","embeddable":true,"href":"https:\/\/www.baler-machines.com\/es\/wp-json\/wp\/v2\/tags?post=2971"},{"taxonomy":"product-type","embeddable":true,"href":"https:\/\/www.baler-machines.com\/es\/wp-json\/wp\/v2\/product-type?post=2971"}],"curies":[{"name":"wp","href":"https:\/\/api.w.org\/{rel}","templated":true}]}}