{"id":291,"date":"2019-12-11T03:13:48","date_gmt":"2019-12-11T03:13:48","guid":{"rendered":"https:\/\/www.baler-machines.com\/?p=291"},"modified":"2024-08-01T18:03:32","modified_gmt":"2024-08-01T10:03:32","slug":"gantry-shear-hydraulic-metal-shearing-machine","status":"publish","type":"product","link":"https:\/\/www.baler-machines.com\/es\/metal-shears-metal-shearing-machine\/","title":{"rendered":"Cizalla de p\u00f3rtico hidr\u00e1ulica para corte de metales"},"content":{"rendered":"<p class=\"translation-block\">La cizalla p\u00f3rtico Shuliy (cizalla hidr\u00e1ulica para metales o cizalla para chapa) se utiliza principalmente para cortar materiales de chatarra met\u00e1lica grandes o largos. Tiene una capacidad de 4-6 veces por minuto para cizallar chatarra met\u00e1lica.<\/p>    <p>Esta cizalla para corte de metales adopta corte en fr\u00edo, corta chatarra en 20-30 cm y la producci\u00f3n var\u00eda de 2,5 a 30 toneladas por hora. <\/p>    <figure class=\"wp-block-gallery aligncenter has-nested-images columns-default is-cropped wp-block-gallery-2 is-layout-flex wp-block-gallery-is-layout-flex\"> <figure class=\"wp-block-image size-full\"><img loading=\"lazy\" decoding=\"async\" width=\"720\" height=\"540\" data-id=\"2497\" src=\"https:\/\/www.baler-machines.com\/wp-content\/uploads\/2022\/08\/scrap-metal-shear.webp\" alt=\"cizalla para chatarra\" class=\"wp-image-2497\" title=\"\"><figcaption class=\"wp-element-caption\">Cizalla para chatarra<\/figcaption><\/figure>    <figure class=\"wp-block-image size-large\"><img loading=\"lazy\" decoding=\"async\" width=\"720\" height=\"540\" data-id=\"2494\" src=\"https:\/\/www.baler-machines.com\/wp-content\/uploads\/2022\/08\/materials-feeder.webp\" alt=\"alimentador de materiales\" class=\"wp-image-2494\" title=\"\"><figcaption class=\"wp-element-caption\">Alimentador de materiales<\/figcaption><\/figure> <\/figure>    <figure class=\"wp-block-gallery aligncenter has-nested-images columns-default is-cropped wp-block-gallery-3 is-layout-flex wp-block-gallery-is-layout-flex\"> <figure class=\"wp-block-image size-large\"><img loading=\"lazy\" decoding=\"async\" width=\"720\" height=\"540\" data-id=\"2495\" src=\"https:\/\/www.baler-machines.com\/wp-content\/uploads\/2022\/08\/gantry-shear.webp\" alt=\"cizalla de p\u00f3rtico\" class=\"wp-image-2495\" title=\"\"><figcaption class=\"wp-element-caption\">Cizalla de p\u00f3rtico<\/figcaption><\/figure>    <figure class=\"wp-block-image size-full\"><img loading=\"lazy\" decoding=\"async\" width=\"720\" height=\"540\" data-id=\"3772\" src=\"https:\/\/www.baler-machines.com\/wp-content\/uploads\/2019\/12\/heavy-duty-metal-shearing-machine-with-conveyor.webp\" alt=\"Cizalla de metal de alta resistencia con transportador\" class=\"wp-image-3772\" title=\"\" srcset=\"https:\/\/www.baler-machines.com\/wp-content\/uploads\/2019\/12\/heavy-duty-metal-shearing-machine-with-conveyor.webp 720w, https:\/\/www.baler-machines.com\/wp-content\/uploads\/2019\/12\/heavy-duty-metal-shearing-machine-with-conveyor-16x12.webp 16w\" sizes=\"auto, (max-width: 720px) 100vw, 720px\" \/><figcaption class=\"wp-element-caption\">Cizalla de metales de alta resistencia con transportador<\/figcaption><\/figure> <\/figure>    <p> La cizalla hidr\u00e1ulica para metales siempre est\u00e1 equipada con un transportador para la alimentaci\u00f3n de chatarra. Es adecuado para diversas formas de chatarra de acero, chatarra de hierro, barriles de gasolina en mal estado y diversas piezas estructurales met\u00e1licas.<\/p>    <p>Adem\u00e1s, puede manejar grandes cantidades de chatarra y tambi\u00e9n es muy amigable con el medio ambiente.<\/p>    <p>Por lo tanto, la cizalla para chatarra se usa ampliamente en varias plantas de procesamiento de reciclaje de metales, sitios de desmantelamiento de chatarra, industrias de fundici\u00f3n y fundici\u00f3n, etc. Si est\u00e1 interesado, \u00a1p\u00f3ngase en contacto con nosotros para obtener m\u00e1s detalles!<\/p>    <figure class=\"wp-block-embed is-type-video is-provider-youtube wp-block-embed-youtube wp-embed-aspect-16-9 wp-has-aspect-ratio\"><div class=\"wp-block-embed__wrapper\"> <iframe loading=\"lazy\" title=\"Cizalla de p\u00f3rtico industrial | M\u00e1quina cortadora de chatarra de metal de alta resistencia | M\u00e1quina cortadora de metales #metal #shear\" width=\"500\" height=\"281\" src=\"https:\/\/www.youtube.com\/embed\/9a8ZnWGbRG8?feature=oembed\" frameborder=\"0\" allow=\"accelerometer; autoplay; clipboard-write; encrypted-media; gyroscope; picture-in-picture; web-share\" referrerpolicy=\"strict-origin-when-cross-origin\" allowfullscreen><\/iframe> <\/div><figcaption class=\"wp-element-caption\">v\u00eddeo de la m\u00e1quina cortadora de chatarra<\/figcaption><\/figure>    <h2 class=\"wp-block-heading\"><strong>Ventajas de la cizalla de p\u00f3rtico hidr\u00e1ulica<\/strong><\/h2>    <ul class=\"wp-block-list\"> <li>Esta m\u00e1quina adopta presi\u00f3n hidr\u00e1ulica para trabajar, bajo nivel de ruido, operaci\u00f3n estable y larga vida \u00fatil.<\/li>    <li>La m\u00e1quina cizalla de metal Shuliy adopta control el\u00e9ctrico, f\u00e1cil y seguro de usar.<\/li>    <li>La m\u00e1quina es la fuerza de corte m\u00e1s fuerte de Shuliy, que puede manejar chatarra de metal de alta resistencia. Su capacidad tambi\u00e9n es muy poderosa.<\/li>    <li>Tiene una amplia gama de procesamiento de chatarra met\u00e1lica, como barras de refuerzo para la construcci\u00f3n y chatarra de carrocer\u00edas de autom\u00f3viles. Tiene una practicidad muy fuerte.<\/li>    <li>Hay varios modelos de m\u00e1quinas y la producci\u00f3n oscila entre 3t y 250t.<\/li>    <li>Se puede configurar el tama\u00f1o de los productos terminados. En t\u00e9rminos generales, el tama\u00f1o del producto terminado es de 20 a 30 cm.<\/li> <\/ul>    <figure class=\"wp-block-gallery has-nested-images columns-default is-cropped wp-block-gallery-4 is-layout-flex wp-block-gallery-is-layout-flex\"> <figure class=\"wp-block-image size-large\"><img loading=\"lazy\" decoding=\"async\" width=\"720\" height=\"540\" data-id=\"3779\" src=\"https:\/\/www.baler-machines.com\/wp-content\/uploads\/2019\/12\/Shuliy-big-metal-cutting-machine.webp\" alt=\"M\u00e1quina cortadora de metales grande Shuliy\" class=\"wp-image-3779\" title=\"\" srcset=\"https:\/\/www.baler-machines.com\/wp-content\/uploads\/2019\/12\/Shuliy-big-metal-cutting-machine.webp 720w, https:\/\/www.baler-machines.com\/wp-content\/uploads\/2019\/12\/Shuliy-big-metal-cutting-machine-16x12.webp 16w\" sizes=\"auto, (max-width: 720px) 100vw, 720px\" \/><figcaption class=\"wp-element-caption\">M\u00e1quina cortadora de metales grande Shuliy<\/figcaption><\/figure>    <figure class=\"wp-block-image size-large\"><img loading=\"lazy\" decoding=\"async\" width=\"720\" height=\"540\" data-id=\"3780\" src=\"https:\/\/www.baler-machines.com\/wp-content\/uploads\/2019\/12\/hydraulic-gantry-shear-machine-for-sale.webp\" alt=\"M\u00e1quina cizalla de p\u00f3rtico hidr\u00e1ulica a la venta\" class=\"wp-image-3780\" title=\"\" srcset=\"https:\/\/www.baler-machines.com\/wp-content\/uploads\/2019\/12\/hydraulic-gantry-shear-machine-for-sale.webp 720w, https:\/\/www.baler-machines.com\/wp-content\/uploads\/2019\/12\/hydraulic-gantry-shear-machine-for-sale-16x12.webp 16w\" sizes=\"auto, (max-width: 720px) 100vw, 720px\" \/><figcaption class=\"wp-element-caption\">M\u00e1quina cizalla de p\u00f3rtico hidr\u00e1ulica a la venta<\/figcaption><\/figure> <\/figure>    <h2 class=\"wp-block-heading\" id=\"h-technical-parameters-of-the-heavy-duty-metal-shear\"><strong>Par\u00e1metros t\u00e9cnicos de la cizalla para metales de alta resistencia.<\/strong><\/h2>    <figure class=\"wp-block-table\"><table><tbody><tr><td>Modelo<\/td><td>SLY-200T<\/td><td>SLY-400T<\/td><td>SLY-600T<\/td><td>SLY-800T<\/td><td>SLY-1000T<\/td><td>SLY-1250T<\/td><\/tr><tr><td>M\u00e1x. fuerza de corte(t)<\/td><td>200<\/td><td>400<\/td><td>600<\/td><td>800<\/td><td>1000<\/td><td>1250<\/td><\/tr><tr><td>Presi\u00f3n del sistema (Mpa)<\/td><td>\u226425<\/td><td>\u226425<\/td><td>\u226425<\/td><td>\u226425<\/td><td>\u226425<\/td><td>\u226425<\/td><\/tr><tr><td>Tama\u00f1o del contenedor (mm)<\/td><td>700*1600*2300<\/td><td>5000*1300*500<\/td><td>5500*1500*700<\/td><td>6000*1700*800<\/td><td>6000*1900*1000<\/td><td>8000*2100*1500<\/td><\/tr><tr><td>Longitud de la hoja (mm)<\/td><td>1200<\/td><td>1400<\/td><td>1600<\/td><td>1800<\/td><td>2000<\/td><td>2200<\/td><\/tr><tr><td>Capacidad(t\/h)<\/td><td>2.5-3<\/td><td>4-5<\/td><td>8-10<\/td><td>15-20<\/td><td>20-25<\/td><td>25-30<\/td><\/tr><tr><td>Fuerza de corte (veces\/min)<\/td><td>4-6<\/td><td>4-6<\/td><td>4-6<\/td><td>4-6<\/td><td>4-6<\/td><td>4-6<\/td><\/tr><tr><td>Potencia (kW)<\/td><td>2*18.5<\/td><td>2*45<\/td><td>3*45<\/td><td>4*45<\/td><td>5*45<\/td><td>6*45<\/td><\/tr><tr><td>Peso(t)<\/td><td>11<\/td><td>19<\/td><td>30<\/td><td>38<\/td><td>60<\/td><td>88<\/td><\/tr><\/tbody><\/table><figcaption class=\"wp-element-caption\">especificaciones de cizalla de p\u00f3rtico vertical<\/figcaption><\/figure>    <p>Tenemos a la venta varios tipos de cizallas hidr\u00e1ulicas para metales, y la capacidad es de 2,5 a 30 toneladas por hora. Si est\u00e1 buscando una soluci\u00f3n de reciclaje de desechos met\u00e1licos, no dude en contactarnos. Le brindaremos las mejores sugerencias. <\/p>    <p>Por ejemplo, si desea reducir residuos de acero de construcci\u00f3n con una capacidad de 4 a 10 toneladas por hora. Adem\u00e1s, tu presupuesto es suficiente. Entonces la cizalla p\u00f3rtico SLY-800T ser\u00e1 la mejor opci\u00f3n para usted. <\/p>    <p>Si desea una soluci\u00f3n detallada, \u00a1p\u00f3ngase en contacto con nosotros en cualquier momento para obtener m\u00e1s informaci\u00f3n!<\/p>    <h2 class=\"wp-block-heading\" id=\"h-applications-of-the-hydraulic-metal-shear\"><strong>Materias primas aplicables y aplicaciones de la cizalla de p\u00f3rtico hidr\u00e1ulica.<\/strong><\/h2>    <p>Esta m\u00e1quina cizalla de chapa es adecuada principalmente para cortar diversos desechos met\u00e1licos, como por ejemplo:<\/p>    <p class=\"translation-block\">Hierro de chatarra s\u00f3lido, chatarra de acero ligera y delgada, carrocer\u00edas de autom\u00f3viles de desguace, estructuras met\u00e1licas ligeras a granel de acero, chatarra de acero para producci\u00f3n y vida \u00fatil, diversos pl\u00e1sticos de metales no ferrosos (acero inoxidable, aleaciones de aluminio, materiales de cobre), chatarra de acero de construcci\u00f3n, estructuras de acero irregulares grandes, tuber\u00edas de acero, placas de acero, perfiles de acero, perfiles I, barras de acero, etc. <\/p>   <div class=\"wp-block-image\"> <figure class=\"aligncenter size-full\"><img loading=\"lazy\" decoding=\"async\" width=\"720\" height=\"540\" src=\"https:\/\/www.baler-machines.com\/wp-content\/uploads\/2022\/08\/wide-applications-of-hydraulic-gantry-shear.webp\" alt=\"Amplias aplicaciones de cizalla de p\u00f3rtico hidr\u00e1ulica.\" class=\"wp-image-2504\" title=\"\"><figcaption class=\"wp-element-caption\">Amplias aplicaciones de cizalla de p\u00f3rtico hidr\u00e1ulica.<\/figcaption><\/figure> <\/div>   <p>Despu\u00e9s del corte, es f\u00e1cil de transportar y adecuado para el empacado por compresi\u00f3n en la carga del horno.<\/p>    <p>La cizalla el\u00e9ctrica para metales Shuliy es un equipo de procesamiento ideal para:<\/p>    <ul class=\"wp-block-list\"> <li>Plantas sider\u00fargicas<\/li>    <li>Industria de fundici\u00f3n de metales no ferrosos<\/li>    <li>Industria de fundici\u00f3n de precisi\u00f3n<\/li>    <li>Fabricantes de materias primas<\/li> <\/ul>    <h2 class=\"wp-block-heading\" id=\"h-structure-of-the-heavy-duty-metal-gantry-shear\"><strong>Estructura de la cizalla de p\u00f3rtico de metal de alta resistencia.<\/strong><\/h2>    <p>Esta m\u00e1quina est\u00e1 compuesta por tolva, cabezal y cortadora.<\/p>    <ul class=\"wp-block-list\"> <li><strong>Papelera<\/strong>: almacenar todo tipo de chatarra de metal. A veces se necesita el cargador para cargar chatarra, de forma c\u00f3moda y r\u00e1pida.<\/li>    <li><strong>Cabezal de m\u00e1quina<\/strong>: un marco vertical con una palanca hidr\u00e1ulica en la parte superior, que se presiona hacia abajo durante el trabajo.<\/li>    <li><strong>Cuchilla<\/strong>: una herramienta importante para cortar chatarra.  <ul class=\"wp-block-list\"> <li>Los diferentes modelos de m\u00e1quinas tienen diferentes cuchillas. <\/li>    <li>Las cuchillas pertenecen a las piezas de desgaste, que pueden equiparse adecuadamente con algunos juegos m\u00e1s.<\/li> <\/ul> <\/li> <\/ul>   <div class=\"wp-block-image\"> <figure class=\"aligncenter size-full\"><img loading=\"lazy\" decoding=\"async\" width=\"720\" height=\"540\" src=\"https:\/\/www.baler-machines.com\/wp-content\/uploads\/2022\/08\/gantry-shear-structure.webp\" alt=\"estructura-de-cizalla-p\u00f3rtico\" class=\"wp-image-2493\" title=\"\"><figcaption class=\"wp-element-caption\">estructura de corte de p\u00f3rtico<\/figcaption><\/figure> <\/div>   <h2 class=\"wp-block-heading\" id=\"h-how-does-the-gantry-shear-work\"><strong>\u00bfC\u00f3mo funciona la cizalla de metales Shuliy?<\/strong><\/h2>    <p>El flujo de trabajo de la m\u00e1quina puede describirse como sencillo.<\/p>    <ul class=\"wp-block-list\"> <li>Primero, utilice la m\u00e1quina cargadora para cargar el material. <ul class=\"wp-block-list\"> <li>Cuando la chatarra alcanza una cierta cantidad, se puede detener la carga y cerrar la puerta del contenedor.<\/li> <\/ul> <\/li>    <li>Entonces, la varilla hidr\u00e1ulica comienza a funcionar.  <ul class=\"wp-block-list\"> <li>Hay una palanca hidr\u00e1ulica en la parte trasera del contenedor que empuja la chatarra hacia adelante.<\/li>    <li>La palanca hidr\u00e1ulica en el cabezal de la m\u00e1quina se encarga de presionar el material.<\/li> <\/ul> <\/li>    <li>Finalmente, el cortador cae para cortar la chatarra y se completa todo el proceso. Luego repite todo el proceso.<\/li> <\/ul>   <div class=\"wp-block-image is-resized\"> <figure class=\"aligncenter size-full\"><img loading=\"lazy\" decoding=\"async\" width=\"540\" height=\"540\" src=\"https:\/\/www.baler-machines.com\/wp-content\/uploads\/2019\/12\/application-scenes-of-metal-shearing-machine.webp\" alt=\"escenas de aplicaci\u00f3n de la m\u00e1quina cortadora de metales\" class=\"wp-image-3777\" title=\"\" srcset=\"https:\/\/www.baler-machines.com\/wp-content\/uploads\/2019\/12\/application-scenes-of-metal-shearing-machine.webp 540w, https:\/\/www.baler-machines.com\/wp-content\/uploads\/2019\/12\/application-scenes-of-metal-shearing-machine-12x12.webp 12w\" sizes=\"auto, (max-width: 540px) 100vw, 540px\" \/><figcaption class=\"wp-element-caption\">escenas de aplicaci\u00f3n de la m\u00e1quina cortadora de metales<\/figcaption><\/figure> <\/div>   <h2 class=\"wp-block-heading\" id=\"h-advanatges-of-shearing-scrap-metal\"><strong>\u00bfPor qu\u00e9 cortar chatarra para reciclarla?<\/strong><\/h2>    <ol class=\"wp-block-list\"> <li><strong>Mayor precio de venta<\/strong>. Despu\u00e9s del corte, se puede empacar y transportar f\u00e1cilmente. Al venderse, la densidad es mayor y el precio ser\u00e1 mayor.<\/li>    <li><strong>Procesamiento y utilizaci\u00f3n posteriores<\/strong>. Despu\u00e9s del corte, diversos desechos met\u00e1licos se pueden colocar en plantas de procesamiento de metales, fundiciones, etc., para su posterior procesamiento y generar m\u00e1s ganancias.<\/li>    <li><strong>C\u00f3modo reciclaje de chatarra<\/strong>. Si los residuos no se cortan, ser\u00e1 dif\u00edcil procesarlos y reciclarlos. El corte simplemente resuelve este problema.<\/li> <\/ol>   <div class=\"wp-block-image is-resized\"> <figure class=\"aligncenter size-full\"><img loading=\"lazy\" decoding=\"async\" width=\"720\" height=\"495\" src=\"https:\/\/www.baler-machines.com\/wp-content\/uploads\/2019\/12\/large-metal-shear-machine-used-in-recycling-plant.webp\" alt=\"Gran m\u00e1quina cizalla de metal utilizada en la planta de reciclaje\" class=\"wp-image-3775\" title=\"\" srcset=\"https:\/\/www.baler-machines.com\/wp-content\/uploads\/2019\/12\/large-metal-shear-machine-used-in-recycling-plant.webp 720w, https:\/\/www.baler-machines.com\/wp-content\/uploads\/2019\/12\/large-metal-shear-machine-used-in-recycling-plant-18x12.webp 18w\" sizes=\"auto, (max-width: 720px) 100vw, 720px\" \/><figcaption class=\"wp-element-caption\">Gran m\u00e1quina cizalla de metal utilizada en la planta de reciclaje<\/figcaption><\/figure> <\/div>   <h2 class=\"wp-block-heading\" id=\"h-precautions-in-operation-and-blade-replacement\"><strong>Precauciones en operaci\u00f3n y reemplazo de cuchillas.<\/strong><\/h2>    <p class=\"translation-block\">Consulte este art\u00edculo para obtener m\u00e1s detalles: <a href=\"https:\/\/www.baler-machines.com\/es\/how-to-use-and-change-blades-of-scrap-metal-guillotine-shear\/\">C\u00f3mo usar y cambiar las cuchillas de la cizalla guillotina para chatarra met\u00e1lica.<\/a><\/p>   <div class=\"wp-block-image\"> <figure class=\"aligncenter size-full\"><img loading=\"lazy\" decoding=\"async\" width=\"720\" height=\"540\" src=\"https:\/\/www.baler-machines.com\/wp-content\/uploads\/2022\/08\/hydraulic-gantry-shear.webp\" alt=\"cizalla-p\u00f3rtico-hidr\u00e1ulica\" class=\"wp-image-2496\" title=\"\"><figcaption class=\"wp-element-caption\">cizalla de p\u00f3rtico hidr\u00e1ulica<\/figcaption><\/figure> <\/div>   <h2 class=\"wp-block-heading\"><strong>\u00bfQu\u00e9 tal el precio de las cizallas de p\u00f3rtico de alta resistencia?<\/strong><\/h2>    <p>El precio de la m\u00e1quina es uno de los aspectos m\u00e1s importantes a considerar y se ve afectado principalmente por lo siguiente:<\/p>    <ul class=\"wp-block-list\"> <li><strong>Fuerza de corte y capacidad de corte<\/strong>. Cuanto mayor sea la fuerza de corte, m\u00e1s tipos y tama\u00f1os de chatarra de metal podr\u00e1 manejar el equipo. En consecuencia, el precio ser\u00e1 mayor.<\/li>    <li><strong>Sistema hidr\u00e1ulico y potencia del motor.<\/strong>. Los motores y sistemas hidr\u00e1ulicos de mayor potencia proporcionan m\u00e1s fuerza de corte y mayor eficiencia, pero tambi\u00e9n aumentan los costos de los equipos.<\/li>    <li><strong>Calidad y vida \u00fatil de la hoja<\/strong>. El uso de materiales de alta dureza y alta resistencia al desgaste hechos de cuchillas cuesta m\u00e1s. Sin embargo, puede extender significativamente la vida \u00fatil del equipo y reducir los costos de mantenimiento.<\/li>    <li><strong>Marca y servicio postventa.<\/strong>. Las cizallas de p\u00f3rtico de marcas famosas suelen tener calidad garantizada y un servicio postventa perfecto, por lo que el precio es relativamente alto.<\/li>    <li><strong>Demanda personalizada<\/strong>. Si desea personalizar la m\u00e1quina (como un tama\u00f1o especial, caracter\u00edsticas adicionales o mayor durabilidad), el precio de la m\u00e1quina ser\u00e1 m\u00e1s alto que el del modelo est\u00e1ndar.<\/li> <\/ul>    <figure class=\"wp-block-gallery has-nested-images columns-default is-cropped wp-block-gallery-5 is-layout-flex wp-block-gallery-is-layout-flex\"> <figure class=\"wp-block-image size-large\"><img loading=\"lazy\" decoding=\"async\" width=\"540\" height=\"720\" data-id=\"3788\" src=\"https:\/\/www.baler-machines.com\/wp-content\/uploads\/2019\/12\/scrap-metal-shear-machine-for-sale.webp\" alt=\"maquina cortadora de chatarra a la venta\" class=\"wp-image-3788\" title=\"\" srcset=\"https:\/\/www.baler-machines.com\/wp-content\/uploads\/2019\/12\/scrap-metal-shear-machine-for-sale.webp 540w, https:\/\/www.baler-machines.com\/wp-content\/uploads\/2019\/12\/scrap-metal-shear-machine-for-sale-9x12.webp 9w\" sizes=\"auto, (max-width: 540px) 100vw, 540px\" \/><figcaption class=\"wp-element-caption\">M\u00e1quina cortadora de chatarra a la venta<\/figcaption><\/figure>    <figure class=\"wp-block-image size-large\"><img loading=\"lazy\" decoding=\"async\" width=\"540\" height=\"720\" data-id=\"3790\" src=\"https:\/\/www.baler-machines.com\/wp-content\/uploads\/2019\/12\/good-sheet-metal-sheaing-machine.webp\" alt=\"buena m\u00e1quina de corte de chapa\" class=\"wp-image-3790\" title=\"\" srcset=\"https:\/\/www.baler-machines.com\/wp-content\/uploads\/2019\/12\/good-sheet-metal-sheaing-machine.webp 540w, https:\/\/www.baler-machines.com\/wp-content\/uploads\/2019\/12\/good-sheet-metal-sheaing-machine-9x12.webp 9w\" sizes=\"auto, (max-width: 540px) 100vw, 540px\" \/><figcaption class=\"wp-element-caption\">Buena m\u00e1quina de corte de chapa<\/figcaption><\/figure> <\/figure>    <h2 class=\"wp-block-heading\"><strong>Caso de \u00e9xito: venta de cizalla hidr\u00e1ulica para metales a Bahrein<\/strong><\/h2>    <p>En julio de este a\u00f1o, un cliente de Bahrein nos pidi\u00f3 informaci\u00f3n sobre las tijeras. Seg\u00fan su solicitud, nuestro gerente de ventas le recomend\u00f3 esta cizalla de p\u00f3rtico. <\/p>    <p>No solo puede manejar una gran cantidad de chatarra de metal, sino que tambi\u00e9n la fuerza de corte es la m\u00e1s fuerte que se puede manejar. La m\u00e1quina es estable y tambi\u00e9n puede usarse durante mucho tiempo. <\/p>    <p>Despu\u00e9s de comprender la m\u00e1quina, este cliente bahrein\u00ed qued\u00f3 muy satisfecho y firmamos un acuerdo. Tambi\u00e9n hablamos de enviar la m\u00e1quina por mar a su casa.<\/p>    <figure class=\"wp-block-gallery has-nested-images columns-default is-cropped wp-block-gallery-6 is-layout-flex wp-block-gallery-is-layout-flex\"> <figure class=\"wp-block-image size-full\"><img loading=\"lazy\" decoding=\"async\" width=\"720\" height=\"540\" data-id=\"3783\" src=\"https:\/\/www.baler-machines.com\/wp-content\/uploads\/2019\/12\/manufacturing-gantry-shearing-machine-in-the-factory.webp\" alt=\"Fabricaci\u00f3n de cizalla de p\u00f3rtico en la f\u00e1brica.\" class=\"wp-image-3783\" title=\"\" srcset=\"https:\/\/www.baler-machines.com\/wp-content\/uploads\/2019\/12\/manufacturing-gantry-shearing-machine-in-the-factory.webp 720w, https:\/\/www.baler-machines.com\/wp-content\/uploads\/2019\/12\/manufacturing-gantry-shearing-machine-in-the-factory-16x12.webp 16w\" sizes=\"auto, (max-width: 720px) 100vw, 720px\" \/><figcaption class=\"wp-element-caption\">Fabricaci\u00f3n de cizalla de p\u00f3rtico en la f\u00e1brica<\/figcaption><\/figure>    <figure class=\"wp-block-image size-full\"><img loading=\"lazy\" decoding=\"async\" width=\"720\" height=\"540\" data-id=\"3782\" src=\"https:\/\/www.baler-machines.com\/wp-content\/uploads\/2019\/12\/hydraulic-metal-shear-before-painting.webp\" alt=\"cizalla hidr\u00e1ulica para metal antes de pintar\" class=\"wp-image-3782\" title=\"\" srcset=\"https:\/\/www.baler-machines.com\/wp-content\/uploads\/2019\/12\/hydraulic-metal-shear-before-painting.webp 720w, https:\/\/www.baler-machines.com\/wp-content\/uploads\/2019\/12\/hydraulic-metal-shear-before-painting-16x12.webp 16w\" sizes=\"auto, (max-width: 720px) 100vw, 720px\" \/><figcaption class=\"wp-element-caption\">Cizalla hidr\u00e1ulica para metales antes de pintar<\/figcaption><\/figure> <\/figure>    <h2 class=\"wp-block-heading\"><strong>Otra soluci\u00f3n para el reciclaje de residuos met\u00e1licos<\/strong><\/h2>    <p class=\"translation-block\">Despu\u00e9s del cizallado, puede empaquetar a\u00fan m\u00e1s los <a href=\"https:\/\/en.wikipedia.org\/wiki\/Scrap\" target=\"_blank\" rel=\"noopener\">residuos<\/a> en cubos de metal de desecho con la <a href=\"https:\/\/www.baler-machines.com\/es\/horizontal-metal-baler\/\">empacadora de metales<\/a>.<\/p>   <div class=\"wp-block-image\"> <figure class=\"aligncenter size-full\"><img loading=\"lazy\" decoding=\"async\" width=\"720\" height=\"200\" src=\"https:\/\/www.baler-machines.com\/wp-content\/uploads\/2022\/08\/scrap-process.webp\" alt=\"proceso de chatarra\" class=\"wp-image-2491\" title=\"\"><figcaption class=\"wp-element-caption\">proceso de chatarra<\/figcaption><\/figure> <\/div>   <p>\u00bfEst\u00e1 buscando una soluci\u00f3n eficiente de reciclaje de metales? En caso afirmativo, cont\u00e1ctenos ahora y le brindaremos la mejor soluci\u00f3n para beneficiar su negocio. <\/p>","protected":false},"excerpt":{"rendered":"<p>La cizalla de p\u00f3rtico Shuliy (m\u00e1quina cizalla hidr\u00e1ulica de metal) se utiliza principalmente para cortar diversos materiales de chatarra grandes o largos, con un rango de 2,5 a 30 t\/h. <\/p>","protected":false},"author":1,"featured_media":2515,"parent":0,"template":"","tags":[582,38,296],"product-type":[562],"class_list":["post-291","product","type-product","status-publish","has-post-thumbnail","hentry","tag-gantry-shear","tag-hydraulic-metal-shear","tag-metal-shear","product-type-metal-shears"],"_links":{"self":[{"href":"https:\/\/www.baler-machines.com\/es\/wp-json\/wp\/v2\/product\/291","targetHints":{"allow":["GET"]}}],"collection":[{"href":"https:\/\/www.baler-machines.com\/es\/wp-json\/wp\/v2\/product"}],"about":[{"href":"https:\/\/www.baler-machines.com\/es\/wp-json\/wp\/v2\/types\/product"}],"author":[{"embeddable":true,"href":"https:\/\/www.baler-machines.com\/es\/wp-json\/wp\/v2\/users\/1"}],"wp:featuredmedia":[{"embeddable":true,"href":"https:\/\/www.baler-machines.com\/es\/wp-json\/wp\/v2\/media\/2515"}],"wp:attachment":[{"href":"https:\/\/www.baler-machines.com\/es\/wp-json\/wp\/v2\/media?parent=291"}],"wp:term":[{"taxonomy":"post_tag","embeddable":true,"href":"https:\/\/www.baler-machines.com\/es\/wp-json\/wp\/v2\/tags?post=291"},{"taxonomy":"product-type","embeddable":true,"href":"https:\/\/www.baler-machines.com\/es\/wp-json\/wp\/v2\/product-type?post=291"}],"curies":[{"name":"wp","href":"https:\/\/api.w.org\/{rel}","templated":true}]}}