{"id":2868,"date":"2022-12-09T16:14:48","date_gmt":"2022-12-09T08:14:48","guid":{"rendered":"https:\/\/www.baler-machines.com\/?post_type=product&#038;p=2868"},"modified":"2025-02-19T15:03:07","modified_gmt":"2025-02-19T07:03:07","slug":"cardboard-box-shredder","status":"publish","type":"product","link":"https:\/\/www.baler-machines.com\/es\/cardboard-box-shredder\/","title":{"rendered":"M\u00e1quina trituradora de cajas de cart\u00f3n multiusos"},"content":{"rendered":"<p class=\"translation-block\">Esta trituradora de cajas de cart\u00f3n est\u00e1 especialmente dise\u00f1ada para triturar todo tipo de cartones, principalmente para el reciclaje de todo tipo de cajas de papel. Esta m\u00e1quina es una <a href=\"https:\/\/www.baler-machines.com\/es\/double-shaft-shredder\/\" target=\"_blank\" rel=\"noreferrer noopener\">trituradora vers\u00e1til<\/a> y, por lo tanto, puede triturar todo tipo de materiales como papel de desecho, pl\u00e1stico, bolsas tejidas, ropa, madera, etc. Si tiene desechos para triturar, \u00a1cont\u00e1ctenos para m\u00e1s informaci\u00f3n!<\/p>    <figure class=\"wp-block-embed is-type-video is-provider-youtube wp-block-embed-youtube wp-embed-aspect-16-9 wp-has-aspect-ratio\"><div class=\"wp-block-embed__wrapper\"> <iframe loading=\"lazy\" title=\"Tribilla de doble eje para triturar cajas de cart\u00f3n para el reciclaje: \u00a1soluci\u00f3n eficiente de trituradora de cart\u00f3n!\" width=\"500\" height=\"281\" src=\"https:\/\/www.youtube.com\/embed\/IgabRdBHrWU?feature=oembed\" frameborder=\"0\" allow=\"accelerometer; autoplay; clipboard-write; encrypted-media; gyroscope; picture-in-picture; web-share\" referrerpolicy=\"strict-origin-when-cross-origin\" allowfullscreen><\/iframe> <\/div><figcaption class=\"wp-element-caption\">trituradora de cart\u00f3n de doble eje<\/figcaption><\/figure>    <h2 class=\"wp-block-heading\"><strong>\u00bfPor qu\u00e9 utilizar la m\u00e1quina trituradora de cajas de cart\u00f3n industrial para triturar las cajas?<\/strong><\/h2>    <p class=\"translation-block\">Los cartones son un recurso reciclable que puede procesarse y utilizarse como materia prima para productos a base de papel, como el papel. Por lo tanto, el uso de la trituradora de cart\u00f3n Shuliy para el procesamiento de <a href=\"https:\/\/en.wikipedia.org\/wiki\/Cardboard_box\" target=\"_blank\" rel=\"noreferrer noopener\">cajas de cart\u00f3n<\/a> protege el medio ambiente y tambi\u00e9n recicla recursos.<\/p>    <figure class=\"wp-block-gallery aligncenter has-nested-images columns-default is-cropped wp-block-gallery-2 is-layout-flex wp-block-gallery-is-layout-flex\"> <figure class=\"wp-block-image size-large\"><img loading=\"lazy\" decoding=\"async\" width=\"650\" height=\"450\" data-id=\"2880\" src=\"https:\/\/www.baler-machines.com\/wp-content\/uploads\/2022\/12\/cardboard-boxes.webp\" alt=\"cajas-de-carton\" class=\"wp-image-2880\" title=\"\"><figcaption class=\"wp-element-caption\">Cajas de Cart\u00f3n<\/figcaption><\/figure>    <figure class=\"wp-block-image size-large\"><img loading=\"lazy\" decoding=\"async\" width=\"650\" height=\"450\" data-id=\"2881\" src=\"https:\/\/www.baler-machines.com\/wp-content\/uploads\/2022\/12\/carton-boxes.webp\" alt=\"cajas de carton\" class=\"wp-image-2881\" title=\"\"><figcaption class=\"wp-element-caption\">Cajas de cart\u00f3n<\/figcaption><\/figure> <\/figure>    <h2 class=\"wp-block-heading\"><strong>Ventajas de la m\u00e1quina trituradora de cajas de cart\u00f3n Shuliy<\/strong><\/h2>    <ol class=\"wp-block-list\"> <li>Esta m\u00e1quina trituradora de doble eje tiene una amplia gama de aplicaciones y se puede utilizar para triturar una amplia gama de materiales, lo que permite lograr m\u00faltiples usos.<\/li>    <li>La m\u00e1quina trituradora de cart\u00f3n de Shuliy tiene un buen rendimiento y los componentes principales est\u00e1n fabricados con materiales de alta calidad, lo que hace que su uso sea m\u00e1s suave y tenga una larga vida \u00fatil.<\/li>    <li>Las cuchillas son de buena calidad y son m\u00e1s robustas y duraderas.<\/li>    <li>El equipo es silencioso, f\u00e1cil de mantener y econ\u00f3mico.<\/li> <\/ol>    <figure class=\"wp-block-gallery aligncenter has-nested-images columns-default is-cropped wp-block-gallery-3 is-layout-flex wp-block-gallery-is-layout-flex\"> <figure class=\"wp-block-image size-large\"><img loading=\"lazy\" decoding=\"async\" width=\"720\" height=\"540\" data-id=\"2468\" src=\"https:\/\/www.baler-machines.com\/wp-content\/uploads\/2022\/08\/industrial-shredder.webp\" alt=\"trituradora-industrial\" class=\"wp-image-2468\" title=\"\"><figcaption class=\"wp-element-caption\">Trituradora industrial<\/figcaption><\/figure>    <figure class=\"wp-block-image size-full\"><img loading=\"lazy\" decoding=\"async\" width=\"720\" height=\"540\" data-id=\"2883\" src=\"https:\/\/www.baler-machines.com\/wp-content\/uploads\/2022\/12\/cardboard-box-shredder-for-sale.webp\" alt=\"Vendo trituradora de cajas de cart\u00f3n\" class=\"wp-image-2883\" title=\"\"><figcaption class=\"wp-element-caption\">Trituradora de cajas de cart\u00f3n a la venta<\/figcaption><\/figure> <\/figure>    <h2 class=\"wp-block-heading\"><strong>Diferencias entre empacadora de cart\u00f3n vertical\/horizontal y trituradora de cart\u00f3n industrial<\/strong><\/h2>    <p class=\"translation-block\"><strong>Funciones<\/strong>: la m\u00e1quina empacadora hidr\u00e1ulica de cart\u00f3n sirve principalmente para empacar el cart\u00f3n en una forma regular para uso comercial, como una venta. La m\u00e1quina trituradora de cart\u00f3n sirve para triturar los cartones en pedazos para la preparaci\u00f3n del siguiente proceso. <\/p>    <p class=\"translation-block\"><strong>M\u00e1quinas usadas<\/strong>: la compactadora de cart\u00f3n se utiliza con el nombre de prensa de compactaci\u00f3n, el punto clave es la compactaci\u00f3n; mientras que el punto clave de la trituradora de cajas de cart\u00f3n es \u201ctriturar\u201d. <\/p>    <figure class=\"wp-block-gallery aligncenter has-nested-images columns-default is-cropped wp-block-gallery-4 is-layout-flex wp-block-gallery-is-layout-flex\"> <figure class=\"wp-block-image size-large\"><img loading=\"lazy\" decoding=\"async\" width=\"720\" height=\"540\" data-id=\"1297\" src=\"https:\/\/www.baler-machines.com\/wp-content\/uploads\/2021\/12\/cardboard-baler.jpg\" alt=\"empacadora de cart\u00f3n\" class=\"wp-image-1297\" title=\"\"><figcaption class=\"wp-element-caption\">Empacadora de cart\u00f3n<\/figcaption><\/figure>    <figure class=\"wp-block-image size-large\"><img loading=\"lazy\" decoding=\"async\" width=\"720\" height=\"540\" data-id=\"1298\" src=\"https:\/\/www.baler-machines.com\/wp-content\/uploads\/2021\/12\/vertical-cardboard-baling-machine.jpg\" alt=\"empacadora vertical de cart\u00f3n\" class=\"wp-image-1298\" title=\"\"><figcaption class=\"wp-element-caption\">M\u00e1quina empacadora de cart\u00f3n vertical<\/figcaption><\/figure>    <figure class=\"wp-block-image size-full\"><img loading=\"lazy\" decoding=\"async\" width=\"720\" height=\"540\" data-id=\"1434\" src=\"https:\/\/www.baler-machines.com\/wp-content\/uploads\/2022\/01\/industrial-shredder.jpg\" alt=\"trituradora industrial\" class=\"wp-image-1434\" title=\"\"><figcaption class=\"wp-element-caption\">Trituradora industrial<\/figcaption><\/figure> <\/figure>    <p>Las funciones que desea lograr son diferentes, por lo que necesita m\u00e1quinas diferentes. Lo principal es elegir una m\u00e1quina seg\u00fan tus necesidades.<\/p>    <h2 class=\"wp-block-heading\"><strong>Par\u00e1metro t\u00e9cnico de la m\u00e1quina trituradora de cajas de cart\u00f3n industrial Shuliy <\/strong><\/h2>    <figure class=\"wp-block-table\"><table><tbody><tr><td>Modelo<\/td><td>Potencia (kW)<\/td><td>Producci\u00f3n (t\/h)<\/td><td>Cantidad de cuchillas (piezas)<\/td><\/tr><tr><td>SL-600<\/td><td>11*2<\/td><td>1.5-2<\/td><td>30<\/td><\/tr><tr><td>SL-800<\/td><td>18.5*2<\/td><td>2-3<\/td><td>40<\/td><\/tr><tr><td>SL-1000<\/td><td>22*2<\/td><td>4-5<\/td><td>50<\/td><\/tr><tr><td>SL-1200<\/td><td>37*2<\/td><td>5-7<\/td><td>30<\/td><\/tr><tr><td>SL-1400<\/td><td>45*2<\/td><td>8-10<\/td><td>40<\/td><\/tr><\/tbody><\/table><\/figure>","protected":false},"excerpt":{"rendered":"<p>This cardboard box shredder is specially designed to shred all kinds of cartons, mainly for the recycling of all kinds of paper boxes. This machine is an all-around shredder and can therefore shred all kinds of materials such as waste paper, plastic, woven bags, clothes, wood, etc. If you have waste to be shredded, please [&hellip;]<\/p>\n","protected":false},"author":1,"featured_media":2877,"parent":0,"template":"","tags":[599,578],"product-type":[561],"class_list":["post-2868","product","type-product","status-publish","has-post-thumbnail","hentry","tag-cardboard-box-shredder","tag-double-shaft-shredder","product-type-industrial-shredder"],"_links":{"self":[{"href":"https:\/\/www.baler-machines.com\/es\/wp-json\/wp\/v2\/product\/2868","targetHints":{"allow":["GET"]}}],"collection":[{"href":"https:\/\/www.baler-machines.com\/es\/wp-json\/wp\/v2\/product"}],"about":[{"href":"https:\/\/www.baler-machines.com\/es\/wp-json\/wp\/v2\/types\/product"}],"author":[{"embeddable":true,"href":"https:\/\/www.baler-machines.com\/es\/wp-json\/wp\/v2\/users\/1"}],"wp:featuredmedia":[{"embeddable":true,"href":"https:\/\/www.baler-machines.com\/es\/wp-json\/wp\/v2\/media\/2877"}],"wp:attachment":[{"href":"https:\/\/www.baler-machines.com\/es\/wp-json\/wp\/v2\/media?parent=2868"}],"wp:term":[{"taxonomy":"post_tag","embeddable":true,"href":"https:\/\/www.baler-machines.com\/es\/wp-json\/wp\/v2\/tags?post=2868"},{"taxonomy":"product-type","embeddable":true,"href":"https:\/\/www.baler-machines.com\/es\/wp-json\/wp\/v2\/product-type?post=2868"}],"curies":[{"name":"wp","href":"https:\/\/api.w.org\/{rel}","templated":true}]}}