{"id":2856,"date":"2022-12-08T16:32:38","date_gmt":"2022-12-08T08:32:38","guid":{"rendered":"https:\/\/www.baler-machines.com\/?post_type=product&#038;p=2856"},"modified":"2022-12-13T17:19:10","modified_gmt":"2022-12-13T09:19:10","slug":"garbage-shredder-machine","status":"publish","type":"product","link":"https:\/\/www.baler-machines.com\/es\/garbage-shredder-machine\/","title":{"rendered":"M\u00e1quina trituradora de basura industrial y dom\u00e9stica de doble eje"},"content":{"rendered":"<p class=\"translation-block\">La trituradora de basura Shuliy es una vers\u00e1til <a href=\"https:\/\/www.baler-machines.com\/es\/double-shaft-shredder\/\" target=\"_blank\" rel=\"noreferrer noopener\">trituradora de doble eje<\/a> para triturar residuos dom\u00e9sticos e industriales. Esta m\u00e1quina trituradora de basura tiene las ventajas de un gran rendimiento, alta calidad y amplias aplicaciones, por lo tanto, desempe\u00f1a un papel importante en la industria del reciclaje de residuos. <\/p>    <h2 class=\"wp-block-heading\"><strong>\u00bfQu\u00e9 es una trituradora de basura?<\/strong><\/h2>    <p>Una m\u00e1quina trituradora de basura, como su nombre indica, es una m\u00e1quina que puede triturar todo tipo de residuos dom\u00e9sticos, residuos de cocina, residuos industriales, residuos de construcci\u00f3n, etc. Esta trituradora Shuliy es una trituradora de doble eje, que es m\u00e1s eficiente y eficaz. en trituraci\u00f3n, tambi\u00e9n preparaci\u00f3n para la siguiente etapa de eliminaci\u00f3n.<\/p>    <figure class=\"wp-block-gallery aligncenter has-nested-images columns-default is-cropped wp-block-gallery-2 is-layout-flex wp-block-gallery-is-layout-flex\"> <figure class=\"wp-block-image size-large\"><img loading=\"lazy\" decoding=\"async\" width=\"720\" height=\"540\" data-id=\"2468\" src=\"https:\/\/www.baler-machines.com\/wp-content\/uploads\/2022\/08\/industrial-shredder.webp\" alt=\"trituradora-industrial\" class=\"wp-image-2468\" title=\"\"><figcaption class=\"wp-element-caption\">Trituradora industrial<\/figcaption><\/figure>    <figure class=\"wp-block-image size-large\"><img loading=\"lazy\" decoding=\"async\" width=\"750\" height=\"563\" data-id=\"2473\" src=\"https:\/\/www.baler-machines.com\/wp-content\/uploads\/2022\/08\/shredder-blades.webp\" alt=\"cuchillas trituradoras\" class=\"wp-image-2473\" title=\"\"><figcaption class=\"wp-element-caption\">Cuchillas trituradoras<\/figcaption><\/figure> <\/figure>    <p>Con sus materiales avanzados, su larga vida \u00fatil y su bajo nivel de ruido, esta trituradora de residuos es una m\u00e1quina inmejorable para la eliminaci\u00f3n de residuos.<\/p>    <h2 class=\"wp-block-heading\"><strong>\u00bfPor qu\u00e9 se recicla la basura dom\u00e9stica, de cocina e industrial?<\/strong><\/h2>    <p>Cada momento de la vida produce residuos, residuos dom\u00e9sticos, residuos industriales, residuos de construcci\u00f3n, etc. Si los residuos no se tratan, tendr\u00e1n un impacto negativo en el medio ambiente y en la vida de las personas.<\/p>    <figure class=\"wp-block-gallery aligncenter has-nested-images columns-default is-cropped wp-block-gallery-3 is-layout-flex wp-block-gallery-is-layout-flex\"> <figure class=\"wp-block-image size-full\"><img loading=\"lazy\" decoding=\"async\" width=\"700\" height=\"350\" data-id=\"2885\" src=\"https:\/\/www.baler-machines.com\/wp-content\/uploads\/2022\/12\/household-trash.webp\" alt=\"basura dom\u00e9stica\" class=\"wp-image-2885\" title=\"\"><figcaption class=\"wp-element-caption\">Basura dom\u00e9stica<\/figcaption><\/figure>    <figure class=\"wp-block-image size-full\"><img loading=\"lazy\" decoding=\"async\" width=\"700\" height=\"350\" data-id=\"2887\" src=\"https:\/\/www.baler-machines.com\/wp-content\/uploads\/2022\/12\/industrial-garbage.webp\" alt=\"basura-industrial\" class=\"wp-image-2887\" title=\"\"><figcaption class=\"wp-element-caption\">Basura Industrial<\/figcaption><\/figure>    <figure class=\"wp-block-image size-full\"><img loading=\"lazy\" decoding=\"async\" width=\"700\" height=\"350\" data-id=\"2886\" src=\"https:\/\/www.baler-machines.com\/wp-content\/uploads\/2022\/12\/construction-deris.webp\" alt=\"construccion-deris\" class=\"wp-image-2886\" title=\"\"><figcaption class=\"wp-element-caption\">Deris de construcci\u00f3n<\/figcaption><\/figure> <\/figure>    <h3 class=\"wp-block-heading\"><strong>Funciones de la trituradora de basura industrial<\/strong><\/h3>    <p>Para el medio ambiente: los residuos industriales y de construcci\u00f3n pueden contaminar el medio ambiente y, en \u00faltima instancia, causar da\u00f1os a las personas. Aqu\u00ed es donde entra en juego la trituradora de basura industrial para reducir el impacto.<\/p>    <h3 class=\"wp-block-heading\"><strong>Funciones de la m\u00e1quina trituradora de basura dom\u00e9stica.<\/strong><\/h3>    <p>Para la vida: cada d\u00eda producimos todo tipo de residuos de cocina y dom\u00e9sticos, que, si no se eliminan, pueden causar grandes molestias en la vida de las personas. Aqu\u00ed es donde entra en juego el triturador de basura de cocina y nos hace la vida m\u00e1s f\u00e1cil.<\/p>    <h2 class=\"wp-block-heading\"><strong>\u00bfCu\u00e1nto cuesta la trituradora de basura Shuliy?<\/strong><\/h2>    <p>De hecho, el precio de la m\u00e1quina trituradora est\u00e1 influenciado por varios aspectos, como el rendimiento de la m\u00e1quina, la configuraci\u00f3n interna de la m\u00e1quina, etc.<\/p>    <p class=\"translation-block\">Por ejemplo, si desea comprar una m\u00e1quina trituradora de basura para el hogar, entonces el precio de la m\u00e1quina que desea en este momento es definitivamente m\u00e1s barato que el precio de una trituradora de <a href=\"https:\/\/en.wikipedia.org\/wiki\/Construction_waste\" target=\"_blank\" rel=\"noreferrer noopener\">escombros de construcci\u00f3n<\/a>.<\/p>    <p>Entonces, cuando planee comprar este tipo de m\u00e1quina trituradora de basura, d\u00edganos los desechos que desea manejar, la producci\u00f3n de la m\u00e1quina, su presupuesto, etc., y nuestro gerente de ventas podr\u00e1 brindarle la mejor soluci\u00f3n para su negocio.<\/p>    <figure class=\"wp-block-gallery aligncenter has-nested-images columns-default is-cropped wp-block-gallery-4 is-layout-flex wp-block-gallery-is-layout-flex\"> <figure class=\"wp-block-image size-full\"><img loading=\"lazy\" decoding=\"async\" width=\"720\" height=\"540\" data-id=\"2898\" src=\"https:\/\/www.baler-machines.com\/wp-content\/uploads\/2022\/12\/shredder-machine-manufacturer.webp\" alt=\"fabricante de maquina trituradora\" class=\"wp-image-2898\" title=\"\"><figcaption class=\"wp-element-caption\">Fabricante de m\u00e1quinas trituradoras<\/figcaption><\/figure>    <figure class=\"wp-block-image size-full\"><img loading=\"lazy\" decoding=\"async\" width=\"720\" height=\"540\" data-id=\"2900\" src=\"https:\/\/www.baler-machines.com\/wp-content\/uploads\/2022\/12\/double-shaft-shredder-with-the-conveyor.webp\" alt=\"trituradora de doble eje con transportador\" class=\"wp-image-2900\" title=\"\"><figcaption class=\"wp-element-caption\">Trituradora de doble eje con transportador<\/figcaption><\/figure> <\/figure>    <h2 class=\"wp-block-heading\"><strong>Par\u00e1metros t\u00e9cnicos de la m\u00e1quina trituradora de basura dom\u00e9stica e industrial.<\/strong><\/h2>    <figure class=\"wp-block-table\"><table><tbody><tr><td>Modelo<\/td><td>Potencia (kW)<\/td><td>Producci\u00f3n (t\/h)<\/td><td>Cantidad de cuchillas (piezas)<\/td><\/tr><tr><td>SL-400<\/td><td>7.5*2<\/td><td>0.5-1<\/td><td>20<\/td><\/tr><tr><td>SL-600<\/td><td>11*2<\/td><td>1.5-2<\/td><td>30<\/td><\/tr><tr><td>SL-800<\/td><td>18.5*2<\/td><td>2-3<\/td><td>40<\/td><\/tr><tr><td>SL-1000<\/td><td>22*2<\/td><td>4-5<\/td><td>50<\/td><\/tr><tr><td>SL-1200<\/td><td>37*2<\/td><td>5-7<\/td><td>30<\/td><\/tr><\/tbody><\/table><\/figure>","protected":false},"excerpt":{"rendered":"<p>Shuliy garbage shredder machine is a versatile twin-shaft shredder for shredding household and industrial waste. This trash shredder machine has the advantages of great performance, high quality, and wide applications, thus, it plays an important role in the waste recycling industry. What is a garbage shredder? A garbage shredder machine, as the name suggests, is [&hellip;]<\/p>\n","protected":false},"author":1,"featured_media":2866,"parent":0,"template":"","tags":[578,598],"product-type":[561],"class_list":["post-2856","product","type-product","status-publish","has-post-thumbnail","hentry","tag-double-shaft-shredder","tag-garbage-shredder-machine","product-type-industrial-shredder"],"_links":{"self":[{"href":"https:\/\/www.baler-machines.com\/es\/wp-json\/wp\/v2\/product\/2856","targetHints":{"allow":["GET"]}}],"collection":[{"href":"https:\/\/www.baler-machines.com\/es\/wp-json\/wp\/v2\/product"}],"about":[{"href":"https:\/\/www.baler-machines.com\/es\/wp-json\/wp\/v2\/types\/product"}],"author":[{"embeddable":true,"href":"https:\/\/www.baler-machines.com\/es\/wp-json\/wp\/v2\/users\/1"}],"wp:featuredmedia":[{"embeddable":true,"href":"https:\/\/www.baler-machines.com\/es\/wp-json\/wp\/v2\/media\/2866"}],"wp:attachment":[{"href":"https:\/\/www.baler-machines.com\/es\/wp-json\/wp\/v2\/media?parent=2856"}],"wp:term":[{"taxonomy":"post_tag","embeddable":true,"href":"https:\/\/www.baler-machines.com\/es\/wp-json\/wp\/v2\/tags?post=2856"},{"taxonomy":"product-type","embeddable":true,"href":"https:\/\/www.baler-machines.com\/es\/wp-json\/wp\/v2\/product-type?post=2856"}],"curies":[{"name":"wp","href":"https:\/\/api.w.org\/{rel}","templated":true}]}}