{"id":2846,"date":"2022-12-06T16:33:32","date_gmt":"2022-12-06T08:33:32","guid":{"rendered":"https:\/\/www.baler-machines.com\/?post_type=product&#038;p=2846"},"modified":"2023-07-20T16:05:09","modified_gmt":"2023-07-20T08:05:09","slug":"woven-bag-shredder","status":"publish","type":"product","link":"https:\/\/www.baler-machines.com\/es\/woven-bag-shredder\/","title":{"rendered":"M\u00e1quina trituradora de bolsas tejidas\/pel\u00edcula PP\/PE de doble eje"},"content":{"rendered":"<p class=\"translation-block\">Esta trituradora de bolsas tejidas es esencialmente una <a href=\"https:\/\/www.baler-machines.com\/es\/double-shaft-shredder\/\">trituradora de doble eje de doble funci\u00f3n<\/a> que puede triturar todo tipo de bolsas tejidas, pel\u00edculas nuevas, redes de pesca y otros tipos de tejidos. Esta trituradora de tejidos de doble eje es ampliamente conocida por su alta eficiencia, rendimiento y versatilidad. <\/p>    <p>Esta m\u00e1quina trituradora de bolsas tejidas es una m\u00e1quina muy popular en la industria del reciclaje y se utiliza a menudo para el reciclaje de diversos materiales. Si est\u00e1 interesado en este tipo de m\u00e1quina, \u00a1p\u00f3ngase en contacto con nosotros para obtener m\u00e1s detalles!<\/p>    <h2 class=\"wp-block-heading\"><strong>Video de trabajo de la trituradora de bolsas tejidas de doble eje<\/strong><\/h2>    <figure class=\"wp-block-embed is-type-video is-provider-youtube wp-block-embed-youtube wp-embed-aspect-16-9 wp-has-aspect-ratio\"><div class=\"wp-block-embed__wrapper\"> <iframe loading=\"lazy\" title=\"\u00a1Trituraci\u00f3n eficiente de bolsas tejidas! Mire la trituradora de doble eje para triturar pl\u00e1stico, PP, ropa y metal\" width=\"500\" height=\"281\" src=\"https:\/\/www.youtube.com\/embed\/swdIjAADj6E?feature=oembed\" frameborder=\"0\" allow=\"accelerometer; autoplay; clipboard-write; encrypted-media; gyroscope; picture-in-picture; web-share\" referrerpolicy=\"strict-origin-when-cross-origin\" allowfullscreen><\/iframe> <\/div><\/figure>    <h2 class=\"wp-block-heading\"><strong>Amplias aplicaciones de la m\u00e1quina trituradora de bolsas tejidas de doble eje<\/strong><\/h2>    <p>La trituradora de bolsas tejidas Shuliy puede triturar diversos materiales tejidos, que se enumeran a continuaci\u00f3n:<\/p>    <p>Pel\u00edculas de nuevo tipo, bolsas tejidas, redes de pesca, etc.;<\/p>    <p class=\"translation-block\">Pel\u00edcula agr\u00edcola de desecho, <a href=\"https:\/\/en.wikipedia.org\/wiki\/Film_(disambiguation)\" target=\"_blank\" rel=\"noreferrer noopener\">pel\u00edcula de embalaje<\/a>, pel\u00edcula de invernadero, supersacos, bolsas espaciales, bolsas de alimentos, cemento, redes de pesca de desecho;<\/p>    <p>Bolsas tejidas, bolsas de tonelaje, bolsas de piel de serpiente, bolsas de pl\u00e1stico, etc.<\/p>    <figure class=\"wp-block-gallery aligncenter has-nested-images columns-default is-cropped wp-block-gallery-2 is-layout-flex wp-block-gallery-is-layout-flex\"> <figure class=\"wp-block-image size-large\"><img loading=\"lazy\" decoding=\"async\" width=\"450\" height=\"300\" data-id=\"2913\" src=\"https:\/\/www.baler-machines.com\/wp-content\/uploads\/2022\/12\/woven-bags-with-film.webp\" alt=\"bolsas-tejidas-con-film\" class=\"wp-image-2913\" title=\"\"><figcaption class=\"wp-element-caption\">Bolsas tejidas con pel\u00edculas<\/figcaption><\/figure>    <figure class=\"wp-block-image size-large\"><img loading=\"lazy\" decoding=\"async\" width=\"450\" height=\"300\" data-id=\"2915\" src=\"https:\/\/www.baler-machines.com\/wp-content\/uploads\/2022\/12\/woven-bags.webp\" alt=\"bolsas-tejidas\" class=\"wp-image-2915\" title=\"\"><figcaption class=\"wp-element-caption\">Bolsas tejidas<\/figcaption><\/figure> <\/figure>    <figure class=\"wp-block-gallery aligncenter has-nested-images columns-default is-cropped wp-block-gallery-3 is-layout-flex wp-block-gallery-is-layout-flex\"> <figure class=\"wp-block-image size-large\"><img loading=\"lazy\" decoding=\"async\" width=\"450\" height=\"300\" data-id=\"2914\" src=\"https:\/\/www.baler-machines.com\/wp-content\/uploads\/2022\/12\/films.webp\" alt=\"pel\u00edculas\" class=\"wp-image-2914\" title=\"\"><figcaption class=\"wp-element-caption\">Pel\u00edculas<\/figcaption><\/figure>    <figure class=\"wp-block-image size-large\"><img loading=\"lazy\" decoding=\"async\" width=\"450\" height=\"300\" data-id=\"2916\" src=\"https:\/\/www.baler-machines.com\/wp-content\/uploads\/2022\/12\/fishing-net.webp\" alt=\"red de pesca\" class=\"wp-image-2916\" title=\"\"><figcaption class=\"wp-element-caption\">Red de pesca<\/figcaption><\/figure> <\/figure>    <h2 class=\"wp-block-heading\"><strong>Principio de funcionamiento de la trituradora de bolsas tejidas Shuliy PP<\/strong><\/h2>    <p>Esta m\u00e1quina trabaja con un doble eje en el accionamiento para que cuando se introduce el material se produzca un apret\u00f3n entre los materiales y por tanto una alimentaci\u00f3n autom\u00e1tica. A trav\u00e9s de las cuchillas de doble eje se realiza el corte. Las aspas est\u00e1n tan bien construidas que no se obstruyen entre s\u00ed, lo que aumenta la eficiencia.<\/p>    <figure class=\"wp-block-gallery aligncenter has-nested-images columns-default is-cropped wp-block-gallery-4 is-layout-flex wp-block-gallery-is-layout-flex\"> <figure class=\"wp-block-image size-large\"><img loading=\"lazy\" decoding=\"async\" width=\"720\" height=\"540\" data-id=\"2475\" src=\"https:\/\/www.baler-machines.com\/wp-content\/uploads\/2022\/08\/quality-blades.webp\" alt=\"cuchillas de calidad\" class=\"wp-image-2475\" title=\"\"><figcaption class=\"wp-element-caption\">Cuchillas de calidad<\/figcaption><\/figure>    <figure class=\"wp-block-image size-large\"><img loading=\"lazy\" decoding=\"async\" width=\"720\" height=\"540\" data-id=\"2474\" src=\"https:\/\/www.baler-machines.com\/wp-content\/uploads\/2022\/08\/drums-with-the-blades.webp\" alt=\"tambores-con-las-cuchillas\" class=\"wp-image-2474\" title=\"\"><figcaption class=\"wp-element-caption\">Tambores con las cuchillas<\/figcaption><\/figure>    <figure class=\"wp-block-image size-large\"><img loading=\"lazy\" decoding=\"async\" width=\"720\" height=\"540\" data-id=\"1442\" src=\"https:\/\/www.baler-machines.com\/wp-content\/uploads\/2022\/01\/double-shaft-metal-shredder-blade-mold-2.jpg\" alt=\"Molde de cuchilla trituradora de metal de doble eje 2\" class=\"wp-image-1442\" title=\"\"><figcaption class=\"wp-element-caption\">Molde de cuchilla trituradora de metal de doble eje 2<\/figcaption><\/figure> <\/figure>    <h2 class=\"wp-block-heading\"><strong>Caracter\u00edsticas de rendimiento de esta trituradora de bolsas tejidas de doble eje<\/strong><\/h2>    <ol class=\"wp-block-list\"> <li>Cuchillas: se utilizan materiales de alta calidad para fabricar las cuchillas para una buena calidad y una larga vida \u00fatil.<\/li>    <li>Doble eje: instalaci\u00f3n direccional en la m\u00e1quina, rol de cuchilla fijo, haciendo m\u00e1s c\u00f3modo el uso de la cuchilla y el mantenimiento.<\/li>    <li>Tanto la entrada como el soporte se pueden personalizar seg\u00fan las necesidades del cliente.<\/li>    <li>La m\u00e1quina puede equiparse con un soporte para facilitar a\u00fan m\u00e1s el control del estado de funcionamiento.<\/li>    <li>Esta trituradora de bolsas tejidas se ha actualizado continuamente y ahora presenta bajo nivel de ruido, buen rendimiento y alta eficiencia.<\/li> <\/ol>    <figure class=\"wp-block-gallery aligncenter has-nested-images columns-default is-cropped wp-block-gallery-5 is-layout-flex wp-block-gallery-is-layout-flex\"> <figure class=\"wp-block-image size-large\"><img loading=\"lazy\" decoding=\"async\" width=\"720\" height=\"540\" data-id=\"1537\" src=\"https:\/\/www.baler-machines.com\/wp-content\/uploads\/2022\/02\/rubber-shredder-machine-1.jpg\" alt=\"m\u00e1quina trituradora de caucho--1\" class=\"wp-image-1537\" title=\"\"><figcaption class=\"wp-element-caption\">M\u00e1quina trituradora de caucho<\/figcaption><\/figure>    <figure class=\"wp-block-image size-large\"><img loading=\"lazy\" decoding=\"async\" width=\"720\" height=\"540\" data-id=\"2477\" src=\"https:\/\/www.baler-machines.com\/wp-content\/uploads\/2022\/08\/plastic-shredder-machine-structure.webp\" alt=\"estructura de la m\u00e1quina trituradora de pl\u00e1stico\" class=\"wp-image-2477\" title=\"\"><figcaption class=\"wp-element-caption\">Estructura de la m\u00e1quina trituradora de pl\u00e1stico<\/figcaption><\/figure> <\/figure>    <h2 class=\"wp-block-heading\"><strong>Par\u00e1metros t\u00e9cnicos de la trituradora de bolsas tejidas.<\/strong><\/h2>    <figure class=\"wp-block-table\"><table><tbody><tr><td>Modelo<\/td><td>Potencia (kW)<\/td><td>Producci\u00f3n (t\/h)<\/td><td>Cantidad de cuchillas (piezas)<\/td><\/tr><tr><td>SL-400<\/td><td>7.5*2<\/td><td>0.5-1<\/td><td>20<\/td><\/tr><tr><td>SL-600<\/td><td>11*2<\/td><td>1.5-2<\/td><td>30<\/td><\/tr><tr><td>SL-800<\/td><td>18.5*2<\/td><td>2-3<\/td><td>40<\/td><\/tr><tr><td>SL-1000<\/td><td>22*2<\/td><td>4-5<\/td><td>50<\/td><\/tr><tr><td>SL-1200<\/td><td>37*2<\/td><td>5-7<\/td><td>30<\/td><\/tr><tr><td>SL-1400<\/td><td>45*2<\/td><td>8-10<\/td><td>40<\/td><\/tr><tr><td>SL-1600<\/td><td>75*2<\/td><td>12-15<\/td><td>20<\/td><\/tr><tr><td>SL-1800<\/td><td>75*2<\/td><td>15-18<\/td><td>18<\/td><\/tr><tr><td>SL-2000<\/td><td>90*2<\/td><td>20-25<\/td><td>20<\/td><\/tr><\/tbody><\/table><\/figure>","protected":false},"excerpt":{"rendered":"<p>This woven bag shredder is essentially a dual-function twin-shaft shredder that can shred all kinds of woven bags, new films, fishing nets, and other kinds of woven fabrics. This twin-shaft woven fabric shredder is widely known for its high efficiency, performance, and versatility. This woven bag shredding machine is a very popular machine in the [&hellip;]<\/p>\n","protected":false},"author":1,"featured_media":2848,"parent":0,"template":"","tags":[578,597],"product-type":[561],"class_list":["post-2846","product","type-product","status-publish","has-post-thumbnail","hentry","tag-double-shaft-shredder","tag-woven-bag-shredder","product-type-industrial-shredder"],"_links":{"self":[{"href":"https:\/\/www.baler-machines.com\/es\/wp-json\/wp\/v2\/product\/2846","targetHints":{"allow":["GET"]}}],"collection":[{"href":"https:\/\/www.baler-machines.com\/es\/wp-json\/wp\/v2\/product"}],"about":[{"href":"https:\/\/www.baler-machines.com\/es\/wp-json\/wp\/v2\/types\/product"}],"author":[{"embeddable":true,"href":"https:\/\/www.baler-machines.com\/es\/wp-json\/wp\/v2\/users\/1"}],"wp:featuredmedia":[{"embeddable":true,"href":"https:\/\/www.baler-machines.com\/es\/wp-json\/wp\/v2\/media\/2848"}],"wp:attachment":[{"href":"https:\/\/www.baler-machines.com\/es\/wp-json\/wp\/v2\/media?parent=2846"}],"wp:term":[{"taxonomy":"post_tag","embeddable":true,"href":"https:\/\/www.baler-machines.com\/es\/wp-json\/wp\/v2\/tags?post=2846"},{"taxonomy":"product-type","embeddable":true,"href":"https:\/\/www.baler-machines.com\/es\/wp-json\/wp\/v2\/product-type?post=2846"}],"curies":[{"name":"wp","href":"https:\/\/api.w.org\/{rel}","templated":true}]}}