{"id":2830,"date":"2022-12-02T14:17:06","date_gmt":"2022-12-02T06:17:06","guid":{"rendered":"https:\/\/www.baler-machines.com\/?post_type=product&#038;p=2830"},"modified":"2023-01-13T09:44:49","modified_gmt":"2023-01-13T01:44:49","slug":"waste-oil-drum-baler-machine","status":"publish","type":"product","link":"https:\/\/www.baler-machines.com\/es\/waste-oil-drum-baler-machine\/","title":{"rendered":"M\u00e1quina empacadora de tambores de aceite usado | M\u00e1quina de prensa de balas"},"content":{"rendered":"<p class=\"translation-block\">Esta m\u00e1quina de compactaci\u00f3n de tambores de aceite residual, tambi\u00e9n conocida como <a href=\"https:\/\/www.baler-machines.com\/es\/vertical-baler-machine-for-waste-recycling\/\" target=\"_blank\" rel=\"noreferrer noopener\">compactadora vertical hidr\u00e1ulica<\/a>, est\u00e1 dise\u00f1ada para apilar todo tipo de residuos como tanques de aceite residual, fibras, bolsas tejidas, chatarra de hierro, chatarra de acero, etc. Esta es una m\u00e1quina de prensado de buena calidad con un buen rendimiento y es una buena ayudante para el reciclaje de residuos.<\/p>    <h2 class=\"wp-block-heading\"><strong>\u00bfPor qu\u00e9 reciclar barriles de petr\u00f3leo usado? <\/strong><\/h2>    <ol class=\"wp-block-list\"> <li>Reducir el espacio y eliminar olores nocivos. Los bidones de aceite usados \u200b\u200bya no se pueden utilizar despu\u00e9s de muchos usos. Guardarlos no s\u00f3lo ocupa mucho espacio sino que tambi\u00e9n emite olores desagradables. Y trabajar en esos espacios durante mucho tiempo puede causar ciertos da\u00f1os a las personas. Con el reciclaje mediante la empacadora vertical hidr\u00e1ulica para bidones de aceite, esta situaci\u00f3n no surge.<\/li>    <li>Generando ingresos nuevamente. Despu\u00e9s de ser comprimidos y empacados por la empacadora de tambores de aceite usado de Shuliy, los barriles de aceite usado se pueden vender f\u00e1cilmente, ya sea a un dep\u00f3sito de chatarra o a una planta de reciclaje para uso secundario.<\/li> <\/ol>   <div class=\"wp-block-image\"> <figure class=\"aligncenter size-full\"><img loading=\"lazy\" decoding=\"async\" width=\"716\" height=\"444\" src=\"https:\/\/www.baler-machines.com\/wp-content\/uploads\/2022\/12\/waste-oil-drums.webp\" alt=\"bidones de aceite usado\" class=\"wp-image-2836\" title=\"\"><figcaption class=\"wp-element-caption\">bidones de aceite usado<\/figcaption><\/figure> <\/div>   <h2 class=\"wp-block-heading\"><strong>Aplicaciones de la empacadora de tambores de aceite usado Shuliy <\/strong><\/h2>    <p>Esta empacadora de tambores de aceite hidr\u00e1ulico no solo es para tambores de aceite usado, sino tambi\u00e9n para residuos de fibras, ropa, paja de ma\u00edz, chatarra, latas, botellas de PET, cart\u00f3n, papel usado, llantas, etc. Todo tipo de art\u00edculos que desee reciclar. se puede lograr con esta prensa de balas hidr\u00e1ulica. Si tienes materiales que te gustar\u00eda enfardar, puedes contactar con nosotros y te ayudaremos a solucionar tu problema seg\u00fan tus necesidades.<\/p>   <div class=\"wp-block-image\"> <figure class=\"aligncenter size-full\"><img loading=\"lazy\" decoding=\"async\" width=\"540\" height=\"540\" src=\"https:\/\/www.baler-machines.com\/wp-content\/uploads\/2022\/12\/hydraulic-waste-oil-drum-baler-machine.webp\" alt=\"empacadora hidr\u00e1ulica de tambores de aceite usado\" class=\"wp-image-2838\" title=\"\"><figcaption class=\"wp-element-caption\">empacadora hidr\u00e1ulica de tambores de aceite usado<\/figcaption><\/figure> <\/div>   <h2 class=\"wp-block-heading\"><strong>Alternativa para empacar bidones de aceite usado: empacadora hidr\u00e1ulica de bidones de aceite usado<\/strong><\/h2>    <p class=\"translation-block\">Shuliy Machinery, como <a href=\"https:\/\/www.baler-machines.com\/es\/\" target=\"_blank\" rel=\"noreferrer noopener\">un fabricante y proveedor profesional de una amplia gama de enfardadoras<\/a>, contamos no solo con enfardadoras verticales sino tambi\u00e9n con enfardadoras horizontales, que pueden elegirse de forma flexible seg\u00fan el material que el cliente necesite manipular. Te\u00f3ricamente, nuestra prensa enfardadora hidr\u00e1ulica horizontal tambi\u00e9n se puede utilizar para enfardar barriles de aceite usado, pero la elecci\u00f3n se realiza seg\u00fan las necesidades reales del cliente. Si tiene alguna necesidad, puede ponerse en contacto con nosotros y nuestro gerente de ventas le proporcionar\u00e1 las mejores opciones de m\u00e1quinas de prensa enfardadora hidr\u00e1ulica para bidones de aceite.<\/p>    <figure class=\"wp-block-gallery aligncenter has-nested-images columns-default is-cropped wp-block-gallery-2 is-layout-flex wp-block-gallery-is-layout-flex\"> <figure class=\"wp-block-image size-full\"><img loading=\"lazy\" decoding=\"async\" width=\"720\" height=\"540\" data-id=\"2840\" src=\"https:\/\/www.baler-machines.com\/wp-content\/uploads\/2022\/12\/vertical-waste-oil-drum-compactor.webp\" alt=\"compactador-de-tambor-de-aceite-desechado-vertical\" class=\"wp-image-2840\" title=\"\"><figcaption class=\"wp-element-caption\">Compactador vertical de tambor de aceite usado<\/figcaption><\/figure>    <figure class=\"wp-block-image size-full\"><img loading=\"lazy\" decoding=\"async\" width=\"720\" height=\"540\" data-id=\"2839\" src=\"https:\/\/www.baler-machines.com\/wp-content\/uploads\/2022\/12\/horizontal-waste-oil-barrel-baler.webp\" alt=\"Empacadora horizontal de barriles de aceite usado\" class=\"wp-image-2839\" title=\"\"><figcaption class=\"wp-element-caption\">Empacadora horizontal de barriles de aceite usado<\/figcaption><\/figure> <\/figure>    <h2 class=\"wp-block-heading\"><strong>Proyectos exitosos para la empacadora de tambores de aceite usado<\/strong><\/h2>    <p>La empacadora de bidones de aceite usado de Shuliy ocupa un lugar poco com\u00fan en el mundo del reciclaje. Debido al alto costo de esta empacadora hidr\u00e1ulica, a menudo se exporta a Indonesia, Gab\u00f3n, etc. En noviembre de este a\u00f1o, un cliente de Gab\u00f3n repiti\u00f3 la compra de nuestra prensa empacadora hidr\u00e1ulica, que utiliz\u00f3 para empacar bidones de aceite usado. Si est\u00e1 interesado en nuestra prensa de balas, \u00a1cont\u00e1ctenos!<\/p>    <h2 class=\"wp-block-heading\"><strong>Par\u00e1metros t\u00e9cnicos de la empacadora de tambores de aceite usado Shuliy a la venta<\/strong><\/h2>    <figure class=\"wp-block-table\"><table><tbody><tr><td>Modelo<\/td><td>SL-100T<\/td><\/tr><tr><td>Presi\u00f3n<\/td><td>100 toneladas<\/td><\/tr><tr><td>Voltaje<\/td><td>380v 50hz trif\u00e1sico<\/td><\/tr><\/tbody><\/table><\/figure>    <h2 class=\"wp-block-heading\"><strong>V\u00eddeo de la empacadora de bidones de aceite usado: \u00bfc\u00f3mo prensar los bidones de aceite?<\/strong><\/h2>    <figure class=\"wp-block-embed is-type-video is-provider-youtube wp-block-embed-youtube wp-embed-aspect-16-9 wp-has-aspect-ratio\"><div class=\"wp-block-embed__wrapper\"> <iframe loading=\"lazy\" title=\"Prensa de balas vertical hidr\u00e1ulica para bid\u00f3n de aceite #baler #hydraulicpress\" width=\"500\" height=\"281\" src=\"https:\/\/www.youtube.com\/embed\/ASbF3uvGpe8?feature=oembed\" frameborder=\"0\" allow=\"accelerometer; autoplay; clipboard-write; encrypted-media; gyroscope; picture-in-picture; web-share\" referrerpolicy=\"strict-origin-when-cross-origin\" allowfullscreen><\/iframe> <\/div><\/figure>","protected":false},"excerpt":{"rendered":"<p>This waste oil drum baler machine, also known as a hydraulic vertical baler, is designed for baling all kinds of waste such as waste oil tanks, fibers, woven bags, scrap iron, scrap steel, etc. This is a good quality baling press machine with good performance and is a good machine helper for waste recycling. Why [&hellip;]<\/p>\n","protected":false},"author":1,"featured_media":2844,"parent":0,"template":"","tags":[572,596],"product-type":[563],"class_list":["post-2830","product","type-product","status-publish","has-post-thumbnail","hentry","tag-hydraulic-baler-machine","tag-waste-oil-drum-baler-machine","product-type-baler-machine"],"_links":{"self":[{"href":"https:\/\/www.baler-machines.com\/es\/wp-json\/wp\/v2\/product\/2830","targetHints":{"allow":["GET"]}}],"collection":[{"href":"https:\/\/www.baler-machines.com\/es\/wp-json\/wp\/v2\/product"}],"about":[{"href":"https:\/\/www.baler-machines.com\/es\/wp-json\/wp\/v2\/types\/product"}],"author":[{"embeddable":true,"href":"https:\/\/www.baler-machines.com\/es\/wp-json\/wp\/v2\/users\/1"}],"wp:featuredmedia":[{"embeddable":true,"href":"https:\/\/www.baler-machines.com\/es\/wp-json\/wp\/v2\/media\/2844"}],"wp:attachment":[{"href":"https:\/\/www.baler-machines.com\/es\/wp-json\/wp\/v2\/media?parent=2830"}],"wp:term":[{"taxonomy":"post_tag","embeddable":true,"href":"https:\/\/www.baler-machines.com\/es\/wp-json\/wp\/v2\/tags?post=2830"},{"taxonomy":"product-type","embeddable":true,"href":"https:\/\/www.baler-machines.com\/es\/wp-json\/wp\/v2\/product-type?post=2830"}],"curies":[{"name":"wp","href":"https:\/\/api.w.org\/{rel}","templated":true}]}}