{"id":2376,"date":"2022-08-01T06:52:35","date_gmt":"2022-08-01T06:52:35","guid":{"rendered":"https:\/\/www.baler-machines.com\/?post_type=product&#038;p=2376"},"modified":"2025-04-30T15:44:21","modified_gmt":"2025-04-30T07:44:21","slug":"waste-tire-shredder","status":"publish","type":"product","link":"https:\/\/www.baler-machines.com\/es\/waste-tire-shredder\/","title":{"rendered":"Trituradora de neum\u00e1ticos de desecho comercial para reciclaje de neum\u00e1ticos"},"content":{"rendered":"<p class=\"translation-block\">La <strong>trituradora de neum\u00e1ticos<\/strong> Shuliy es una trituradora industrial de doble eje, especialmente para triturar varios tipos de neum\u00e1ticos de desecho, como neum\u00e1ticos de coche, neum\u00e1ticos de autob\u00fas, neum\u00e1ticos de cami\u00f3n, etc. <\/p>    <p>Tiene una capacidad de procesamiento de 400-2000kg\/h. El tama\u00f1o del neum\u00e1tico triturado es de 50 a 150 mm.<\/p>    <p>Este equipo de trituraci\u00f3n de neum\u00e1ticos tiene dos ejes contrarrotativos equipados con cuchillas de corte afiladas para cortar y triturar el material de manera eficiente. Puede elegir un motor di\u00e9sel o un motor el\u00e9ctrico como sistema de energ\u00eda seg\u00fan sus necesidades.<\/p>    <p>Adem\u00e1s, a la trituradora de neum\u00e1ticos a la venta se le puede agregar una criba adicional, que se utiliza principalmente para los requisitos espec\u00edficos de los productos finales.<\/p>    <figure class=\"wp-block-gallery aligncenter has-nested-images columns-default is-cropped wp-block-gallery-2 is-layout-flex wp-block-gallery-is-layout-flex\"> <figure class=\"wp-block-image size-large\"><img loading=\"lazy\" decoding=\"async\" width=\"720\" height=\"540\" data-id=\"2401\" src=\"https:\/\/www.baler-machines.com\/wp-content\/uploads\/2022\/08\/large-tire-recycling-shredder.webp\" alt=\"trituradora-de-reciclaje-de-llantas-grandes\" class=\"wp-image-2401\" title=\"\"><figcaption class=\"wp-element-caption\">Trituradora de reciclaje de neum\u00e1ticos grande<\/figcaption><\/figure>    <figure class=\"wp-block-image size-large\"><img loading=\"lazy\" decoding=\"async\" width=\"720\" height=\"540\" data-id=\"2402\" src=\"https:\/\/www.baler-machines.com\/wp-content\/uploads\/2022\/08\/truck-tyre-shredder.webp\" alt=\"trituradora-de-neum\u00e1ticos-de-cami\u00f3n\" class=\"wp-image-2402\" title=\"\"><figcaption class=\"wp-element-caption\">Trituradora de neum\u00e1ticos para camiones<\/figcaption><\/figure> <\/figure>    <p>Si est\u00e1 buscando soluciones de reciclaje de llantas de desecho, esta trituradora de llantas de doble eje es una buena opci\u00f3n para usted.<\/p>    <figure class=\"wp-block-embed is-type-video is-provider-youtube wp-block-embed-youtube wp-embed-aspect-16-9 wp-has-aspect-ratio\"><div class=\"wp-block-embed__wrapper\"> <iframe loading=\"lazy\" title=\"\u00a1Trituradora de doble eje para neum\u00e1ticos de autom\u00f3viles, neum\u00e1ticos de autobuses y neum\u00e1ticos de camiones para reciclaje de caucho! Vendo trituradora de llantas\" width=\"500\" height=\"281\" src=\"https:\/\/www.youtube.com\/embed\/DtpE0U9NzC8?feature=oembed\" frameborder=\"0\" allow=\"accelerometer; autoplay; clipboard-write; encrypted-media; gyroscope; picture-in-picture; web-share\" referrerpolicy=\"strict-origin-when-cross-origin\" allowfullscreen><\/iframe> <\/div><figcaption class=\"wp-element-caption\">V\u00eddeo de trituradora de neum\u00e1ticos de desecho<\/figcaption><\/figure>    <h2 class=\"wp-block-heading\"><strong>\u00bfQu\u00e9 neum\u00e1ticos pueden ser triturados por la trituradora de neum\u00e1ticos de desecho?<\/strong><\/h2>    <p>\u00bfQu\u00e9 materiales se pueden triturar con la trituradora de llantas de desecho Shuliy? Echemos un vistazo a continuaci\u00f3n.<\/p>    <p class=\"translation-block\"><strong>Neum\u00e1ticos de coche, neum\u00e1ticos de autob\u00fas, neum\u00e1ticos de cami\u00f3n, neum\u00e1ticos radiales y macizos, neum\u00e1ticos de ingenier\u00eda, neum\u00e1ticos de goma, neum\u00e1ticos diagonales, neum\u00e1ticos radiales<\/strong>, etc.<\/p>    <figure class=\"wp-block-gallery has-nested-images columns-default is-cropped wp-block-gallery-3 is-layout-flex wp-block-gallery-is-layout-flex\"> <figure class=\"wp-block-image size-large\"><img loading=\"lazy\" decoding=\"async\" width=\"720\" height=\"540\" data-id=\"1010\" src=\"https:\/\/www.baler-machines.com\/wp-content\/uploads\/2021\/11\/scrap-tyres.jpg\" alt=\"llantas de desecho\" class=\"wp-image-1010\" title=\"\"><figcaption class=\"wp-element-caption\">Neum\u00e1ticos de desecho<\/figcaption><\/figure>    <figure class=\"wp-block-image size-large\"><img loading=\"lazy\" decoding=\"async\" width=\"720\" height=\"540\" data-id=\"1533\" src=\"https:\/\/www.baler-machines.com\/wp-content\/uploads\/2022\/02\/scrap-tires.jpg\" alt=\"llantas de desecho\" class=\"wp-image-1533\" title=\"\"><figcaption class=\"wp-element-caption\">Neum\u00e1ticos de desecho<\/figcaption><\/figure> <\/figure>    <figure class=\"wp-block-embed is-type-video is-provider-youtube wp-block-embed-youtube wp-embed-aspect-4-3 wp-has-aspect-ratio\"><div class=\"wp-block-embed__wrapper\"> <iframe loading=\"lazy\" title=\"Potente trituradora de doble eje para el reciclaje de neum\u00e1ticos usados | Trituradora de neum\u00e1ticos Shuliy para la reutilizaci\u00f3n de caucho\" width=\"500\" height=\"375\" src=\"https:\/\/www.youtube.com\/embed\/axPWvRhRWy0?feature=oembed\" frameborder=\"0\" allow=\"accelerometer; autoplay; clipboard-write; encrypted-media; gyroscope; picture-in-picture; web-share\" referrerpolicy=\"strict-origin-when-cross-origin\" allowfullscreen><\/iframe> <\/div><figcaption class=\"wp-element-caption\">video de trituradora de neum\u00e1ticos de goma<\/figcaption><\/figure>    <h2 class=\"wp-block-heading\"><strong>Campos de aplicaci\u00f3n del neum\u00e1tico triturado.<\/strong><\/h2>    <p>Despu\u00e9s de triturar neum\u00e1ticos, \u00bfpara qu\u00e9 sirven los trozos de neum\u00e1ticos? Aqu\u00ed hay algunos usos para su referencia.<\/p>    <ul class=\"wp-block-list\"> <li><strong>Parchado de campos deportivos<\/strong>: pistas para correr, campos deportivos escolares, piscinas alrededor y senderos de jard\u00edn, pistas de bolos, aceras, campos deportivos y \u00e1reas de juego para guarder\u00edas, canchas de tenis y baloncesto.<\/li>    <li><strong>Industria automotriz<\/strong>: alfombrillas para trenes, suelos para coches y camiones, material n\u00e1utico diario, neum\u00e1ticos y almohadillas para neum\u00e1ticos.<\/li>    <li><strong>industria de la construcci\u00f3n<\/strong>: adhesivos\/selladores, hospitales, empresas, pisos de ba\u00f1os, materiales aislantes, revestimientos, presas, almacenes, estanques, estaciones de tratamiento de residuos, r\u00f3tulos de casas, l\u00e1minas, materiales impermeabilizantes, antichoque, bobinas, materiales impermeabilizantes para techos y paredes.<\/li>    <li><strong>Producci\u00f3n de aminas de caucho recicladas.<\/strong>: utilizado en la producci\u00f3n de varios sistemas de caucho.<\/li> <\/ul>    <figure class=\"wp-block-gallery has-nested-images columns-default is-cropped wp-block-gallery-4 is-layout-flex wp-block-gallery-is-layout-flex\"> <figure class=\"wp-block-image size-large\"><img loading=\"lazy\" decoding=\"async\" width=\"750\" height=\"750\" data-id=\"3846\" src=\"https:\/\/www.baler-machines.com\/wp-content\/uploads\/2022\/08\/rubber-floor-mat.webp\" alt=\"alfombra de goma\" class=\"wp-image-3846\" title=\"\" srcset=\"https:\/\/www.baler-machines.com\/wp-content\/uploads\/2022\/08\/rubber-floor-mat.webp 750w, https:\/\/www.baler-machines.com\/wp-content\/uploads\/2022\/08\/rubber-floor-mat-12x12.webp 12w\" sizes=\"auto, (max-width: 750px) 100vw, 750px\" \/><figcaption class=\"wp-element-caption\">Alfombra de goma<\/figcaption><\/figure>    <figure class=\"wp-block-image size-large\"><img loading=\"lazy\" decoding=\"async\" width=\"1067\" height=\"800\" data-id=\"3847\" src=\"https:\/\/www.baler-machines.com\/wp-content\/uploads\/2022\/08\/sports-track.webp\" alt=\"pista deportiva\" class=\"wp-image-3847\" title=\"\" srcset=\"https:\/\/www.baler-machines.com\/wp-content\/uploads\/2022\/08\/sports-track.webp 1067w, https:\/\/www.baler-machines.com\/wp-content\/uploads\/2022\/08\/sports-track-768x576.webp 768w, https:\/\/www.baler-machines.com\/wp-content\/uploads\/2022\/08\/sports-track-16x12.webp 16w\" sizes=\"auto, (max-width: 1067px) 100vw, 1067px\" \/><figcaption class=\"wp-element-caption\">Pista deportiva<\/figcaption><\/figure> <\/figure>    <h2 class=\"wp-block-heading\"><strong>Caracter\u00edsticas destacadas de la trituradora de neum\u00e1ticos de doble eje<\/strong><\/h2>    <ul id=\"block-e2b6a6b1-5a27-46b1-909a-c446d950caa5\" class=\"wp-block-list\"> <li><strong>Agregar una pantalla para triturar neum\u00e1ticos<\/strong> <ul class=\"wp-block-list\"> <li>Los neum\u00e1ticos terminados tras la trituraci\u00f3n son irregulares. <\/li>    <li>El uso de pantallas puede controlar mejor el tama\u00f1o del producto terminado.<\/li> <\/ul> <\/li>    <li><strong>Entrada extendida<\/strong> <ul class=\"wp-block-list\"> <li>El puerto de entrada es extendido y es de tipo pendiente. Es bueno que el material entre en la c\u00e1mara de trabajo.<\/li> <\/ul> <\/li> <\/ul>   <div class=\"wp-block-image\"> <figure class=\"aligncenter size-full\"><img loading=\"lazy\" decoding=\"async\" width=\"720\" height=\"540\" src=\"https:\/\/www.baler-machines.com\/wp-content\/uploads\/2022\/08\/industrial-waste-tire-shredder-with-screen-and-enlarged-inlet.webp\" alt=\"Trituradora de neum\u00e1ticos de desecho industrial con criba y entrada ampliada\" class=\"wp-image-3852\" title=\"\" srcset=\"https:\/\/www.baler-machines.com\/wp-content\/uploads\/2022\/08\/industrial-waste-tire-shredder-with-screen-and-enlarged-inlet.webp 720w, https:\/\/www.baler-machines.com\/wp-content\/uploads\/2022\/08\/industrial-waste-tire-shredder-with-screen-and-enlarged-inlet-16x12.webp 16w\" sizes=\"auto, (max-width: 720px) 100vw, 720px\" \/><figcaption class=\"wp-element-caption\">Trituradora de neum\u00e1ticos de desecho industrial con criba y entrada ampliada<\/figcaption><\/figure> <\/div>   <ul id=\"block-e2b6a6b1-5a27-46b1-909a-c446d950caa5\" class=\"wp-block-list\"> <li><strong>Fuerte fuerza de corte<\/strong> <ul class=\"wp-block-list\"> <li>La exclusiva cuchilla giratoria est\u00e1 dise\u00f1ada y procesada en t\u00e9rminos de espesor, forma, orden de disposici\u00f3n, etc. <\/li>    <li>Tiene una fuerte fuerza de corte y hojas afiladas, que pueden agarrar materiales de manera eficiente para triturarlos.<\/li> <\/ul> <\/li>    <li><strong>Operaci\u00f3n estable con reductor de engranajes avanzado<\/strong> <ul class=\"wp-block-list\"> <li>Baja velocidad, poco ruido y menos polvo.<\/li> <\/ul> <\/li>    <li><strong>Cuchillas afiladas y duraderas<\/strong> <ul class=\"wp-block-list\"> <li>La hoja de esta trituradora de llantas de desecho est\u00e1 hecha de una aleaci\u00f3n de acero especial, que es resistente y duradera. <\/li>    <li>Hay disponible una variedad de moldes de cuchillas.<\/li> <\/ul> <\/li> <\/ul>   <div class=\"wp-block-image\"> <figure class=\"aligncenter size-full\"><img loading=\"lazy\" decoding=\"async\" width=\"720\" height=\"540\" src=\"https:\/\/www.baler-machines.com\/wp-content\/uploads\/2022\/02\/waste-tyre-shredder-blades.jpg\" alt=\"cuchillas trituradoras de llantas de desecho\" class=\"wp-image-1515\" title=\"\"><figcaption class=\"wp-element-caption\">cuchillas trituradoras de llantas de desecho<\/figcaption><\/figure> <\/div>   <ul class=\"wp-block-list\"> <li><strong>Equipado con el transportador para la descarga.<\/strong>. Despu\u00e9s de la trituraci\u00f3n, se puede utilizar una cinta transportadora para facilitar la descarga.<\/li> <\/ul>   <div class=\"wp-block-image\"> <figure class=\"aligncenter size-full\"><img loading=\"lazy\" decoding=\"async\" width=\"720\" height=\"540\" src=\"https:\/\/www.baler-machines.com\/wp-content\/uploads\/2022\/08\/shredder-with-conveyor-belt.webp\" alt=\"trituradora con cinta transportadora\" class=\"wp-image-3854\" title=\"\" srcset=\"https:\/\/www.baler-machines.com\/wp-content\/uploads\/2022\/08\/shredder-with-conveyor-belt.webp 720w, https:\/\/www.baler-machines.com\/wp-content\/uploads\/2022\/08\/shredder-with-conveyor-belt-16x12.webp 16w\" sizes=\"auto, (max-width: 720px) 100vw, 720px\" \/><figcaption class=\"wp-element-caption\">trituradora con cinta transportadora<\/figcaption><\/figure> <\/div>   <h2 class=\"wp-block-heading\" id=\"h-what-are-the-parameters-of-the-tire-recycling-and-shredding-machine\"><strong>Especificaciones de la trituradora de neum\u00e1ticos Shuliy a la venta<\/strong><\/h2>    <figure class=\"wp-block-table\"><table><tbody><tr><td>Modelo<\/td><td>SL-1800<\/td><td>SL-1600<\/td><td>SL-1300<\/td><td>SL-1200<\/td><td>SL-1000<\/td><\/tr><tr><td>Motor <\/td><td>siemens<\/td><td>siemens<\/td><td>siemens<\/td><td>siemens<\/td><td>siemens<\/td><\/tr><tr><td>Fuerza<\/td><td>75 kilovatios*2\/55 kilovatios*2<\/td><td>45Kw*2<\/td><td>45kw*2\/37kw*2<\/td><td>45Kw*2\/22Kw*2<\/td><td>22kw*2<\/td><\/tr><tr><td>Voltaje<\/td><td>Seg\u00fan lo solicitado<\/td><td>Seg\u00fan lo solicitado<\/td><td>Seg\u00fan lo solicitado<\/td><td>Seg\u00fan lo solicitado<\/td><td>Seg\u00fan lo solicitado<\/td><\/tr><tr><td>C\u00e1mara de corte (L*W)<\/td><td>1804*1410mm<\/td><td>1604*1360mm<\/td><td>1304*920mm<\/td><td>1204*920mm<\/td><td>1000*680mm<\/td><\/tr><tr><td>Di\u00e1metro de la hoja<\/td><td>750 mm<\/td><td>560 mm<\/td><td>450 mm<\/td><td>450 mm<\/td><td>450 mm<\/td><\/tr><tr><td>Dimensiones (largo x ancho x alto)<\/td><td>5870*2450*3890mm<\/td><td>5260*2420*3890mm<\/td><td>5120*2010*3100mm<\/td><td>5010*1710*3100mm<\/td><td>3800*1400*2100mm<\/td><\/tr><tr><td>Peso<\/td><td>25000 kilos<\/td><td>2200 kilos<\/td><td>17500 kilos<\/td><td>15500 kilos<\/td><td>6000kg<\/td><\/tr><tr><td>Apertura de la tolva (L*W*H)<\/td><td>2790*2450*1100mm<\/td><td>2760*2410*1100mm<\/td><td>2050*1650*1000mm<\/td><td>1850*1650*900mm<\/td><td>1300*1400*700mm<\/td><\/tr><tr><td>Producto final<\/td><td>50-150 mm<\/td><td>50-150 mm<\/td><td>50-150 mm<\/td><td>50-150 mm<\/td><td>50-150 mm<\/td><\/tr><\/tbody><\/table><figcaption class=\"wp-element-caption\">Par\u00e1metros t\u00e9cnicos de la trituradora de neum\u00e1ticos de desecho de doble eje.<\/figcaption><\/figure>    <p>Tenemos muchos tipos de trituradoras de reciclaje de neum\u00e1ticos a la venta que pueden satisfacer sus diferentes necesidades.<\/p>    <p>Por ejemplo, si desea triturar neum\u00e1ticos de autom\u00f3viles peque\u00f1os y el tama\u00f1o requerido es de aproximadamente 10 cm, entonces la trituradora peque\u00f1a es adecuada para usted.<\/p>    <p>Si quieres saber m\u00e1s, \u00a1ponte en contacto con nosotros en cualquier momento!<\/p>   <div class=\"wp-block-image\"> <figure class=\"aligncenter size-full\"><img loading=\"lazy\" decoding=\"async\" width=\"720\" height=\"540\" src=\"https:\/\/www.baler-machines.com\/wp-content\/uploads\/2022\/08\/commercial-scrap-tire-shredder.webp\" alt=\"trituradora comercial de llantas de desecho\" class=\"wp-image-3857\" title=\"\" srcset=\"https:\/\/www.baler-machines.com\/wp-content\/uploads\/2022\/08\/commercial-scrap-tire-shredder.webp 720w, https:\/\/www.baler-machines.com\/wp-content\/uploads\/2022\/08\/commercial-scrap-tire-shredder-16x12.webp 16w\" sizes=\"auto, (max-width: 720px) 100vw, 720px\" \/><figcaption class=\"wp-element-caption\">trituradora comercial de llantas de desecho<\/figcaption><\/figure> <\/div>   <h2 class=\"wp-block-heading\"><strong>Estructura de la trituradora de neum\u00e1ticos de desecho Shuliy<\/strong><\/h2>    <p>Los componentes principales de la m\u00e1quina trituradora de neum\u00e1ticos de doble eje son la entrada, la c\u00e1mara de trabajo, dos motores, la caja de cambios, la cinta transportadora, la criba, dos reductores, etc.<\/p>   <div class=\"wp-block-image\"> <figure class=\"aligncenter size-full\"><img loading=\"lazy\" decoding=\"async\" width=\"720\" height=\"540\" src=\"https:\/\/www.baler-machines.com\/wp-content\/uploads\/2022\/08\/structure-of-the-rubber-tire-shredder-.webp\" alt=\"estructura de la trituradora de neum\u00e1ticos de caucho\" class=\"wp-image-2393\" title=\"\"><figcaption class=\"wp-element-caption\">estructura de la trituradora de neum\u00e1ticos de caucho<\/figcaption><\/figure> <\/div>   <h2 class=\"wp-block-heading\"><strong>\u00bfPor qu\u00e9 utilizar una trituradora de neum\u00e1ticos industrial para triturar?<\/strong><\/h2>    <p>Los neum\u00e1ticos son muy resistentes y es dif\u00edcil para la maquinaria com\u00fan triturarlos.<\/p>    <ul class=\"wp-block-list\"> <li>Algunas personas dependen de la compra de equipos costosos o de alta potencia y baja eficiencia, pero el costo de la inversi\u00f3n es demasiado alto.<\/li>    <li>Algunos cortan los neum\u00e1ticos de desecho a mano y luego los trituran, lo que supone una baja eficiencia de reciclaje y requiere mucho tiempo.<\/li> <\/ul>    <p>Para utilizar neum\u00e1ticos de desecho en grandes cantidades de forma econ\u00f3mica y eficaz, utilizamos la trituradora de neum\u00e1ticos de desecho Shuliy.<\/p>   <div class=\"wp-block-image\"> <figure class=\"aligncenter size-full\"><img loading=\"lazy\" decoding=\"async\" width=\"720\" height=\"540\" src=\"https:\/\/www.baler-machines.com\/wp-content\/uploads\/2022\/02\/scrap-tire-shredder-with-annular-trommel-screen.jpg\" alt=\"Trituradora de llantas de desecho con criba anular de tr\u00f3mel\" class=\"wp-image-1513\" title=\"\"><figcaption class=\"wp-element-caption\">Trituradora de llantas de desecho con criba anular de tr\u00f3mel<\/figcaption><\/figure> <\/div>   <p>Despu\u00e9s de triturar, tiene los siguientes beneficios: <\/p>    <ul class=\"wp-block-list\"> <li>Mejorar la densidad aparente y reducir el costo de transporte.<\/li>    <li>Muele trozos de neum\u00e1ticos hasta convertirlos en polvo c\u00f3modamente para un procesamiento profundo<\/li>    <li>Procesar a\u00fan m\u00e1s neum\u00e1ticos para convertirlos en productos de caucho. <\/li>    <li>Vender piezas de neum\u00e1ticos a estaciones de reciclaje o concesionarios de autom\u00f3viles que se dediquen a la reparaci\u00f3n de neum\u00e1ticos.<\/li> <\/ul>    <figure class=\"wp-block-gallery aligncenter has-nested-images columns-default is-cropped wp-block-gallery-5 is-layout-flex wp-block-gallery-is-layout-flex\"> <figure class=\"wp-block-image size-large\"><img loading=\"lazy\" decoding=\"async\" width=\"720\" height=\"540\" data-id=\"1512\" src=\"https:\/\/www.baler-machines.com\/wp-content\/uploads\/2022\/02\/shredded-tire-pieces.jpg\" alt=\"trozos de neum\u00e1ticos triturados\" class=\"wp-image-1512\" title=\"\"><figcaption class=\"wp-element-caption\">Trozos de neum\u00e1ticos triturados<\/figcaption><\/figure>    <figure class=\"wp-block-image size-large\"><img loading=\"lazy\" decoding=\"async\" width=\"720\" height=\"540\" data-id=\"1543\" src=\"https:\/\/www.baler-machines.com\/wp-content\/uploads\/2022\/02\/waste-tire-being-processed-and-shredded-tires-1.jpg\" alt=\"llantas de desecho en procesamiento y llantas trituradas--1\" class=\"wp-image-1543\" title=\"\"><figcaption class=\"wp-element-caption\">Neum\u00e1ticos de desecho en proceso y neum\u00e1ticos triturados <\/figcaption><\/figure> <\/figure>    <h2 class=\"wp-block-heading\" id=\"h-how-to-use-the-scrap-car-tire-shredder-machine-safely\"><strong>\u00bfC\u00f3mo utilizar la m\u00e1quina trituradora de neum\u00e1ticos de desecho de forma segura?<\/strong><\/h2>    <ol class=\"wp-block-list\"> <li>Despu\u00e9s de encender la trituradora de llantas de desecho y poder operarla normalmente, puede continuar sin alimentar materiales.<\/li>    <li>Durante el funcionamiento, preste atenci\u00f3n a la velocidad del motor, el sonido y la temperatura de los cojinetes.<\/li>    <li>Al alimentar el material manualmente, preste atenci\u00f3n a la persona. <ul class=\"wp-block-list\"> <li>Debe pararse al costado de la tolva, atar las mangas de la ropa y usar una m\u00e1scara y un gorro de trabajo.<\/li> <\/ul> <\/li>    <li>Sin colgar cinturones, engrasar, limpiar o eliminar cuando la m\u00e1quina est\u00e1 funcionando.<\/li>    <li>Debe apagar el motor para verificar cuando encuentre los siguientes problemas: <ul class=\"wp-block-list\"> <li>humo de motor<\/li>    <li>Bloqueo<\/li>    <li>Mala calidad de trituraci\u00f3n<\/li>    <li>Sobrecalentamiento del rodamiento (m\u00e1s de 60 grados)<\/li> <\/ul> <\/li> <\/ol>    <figure class=\"wp-block-gallery aligncenter has-nested-images columns-default is-cropped wp-block-gallery-6 is-layout-flex wp-block-gallery-is-layout-flex\"> <figure class=\"wp-block-image size-large\"><img loading=\"lazy\" decoding=\"async\" width=\"720\" height=\"540\" data-id=\"3535\" src=\"https:\/\/www.baler-machines.com\/wp-content\/uploads\/2022\/08\/heavy-duty-double-shaft-tire-shredder-for-sale.webp\" alt=\"Trituradora de neum\u00e1ticos de doble eje de alta resistencia a la venta\" class=\"wp-image-3535\" title=\"\"><figcaption class=\"wp-element-caption\">Trituradora de neum\u00e1ticos de doble eje para trabajo pesado a la venta<\/figcaption><\/figure>    <figure class=\"wp-block-image size-large\"><img loading=\"lazy\" decoding=\"async\" width=\"720\" height=\"540\" data-id=\"3536\" src=\"https:\/\/www.baler-machines.com\/wp-content\/uploads\/2022\/08\/industrial-rubber-tire-shredder.webp\" alt=\"trituradora industrial de neum\u00e1ticos de caucho\" class=\"wp-image-3536\" title=\"\"><figcaption class=\"wp-element-caption\">Trituradora de neum\u00e1ticos de caucho industrial<\/figcaption><\/figure> <\/figure>    <h2 class=\"wp-block-heading\"><strong>Equipos relacionados para el reciclaje de llantas de desecho.<\/strong><\/h2>    <p>Como fabricante y proveedor profesional de trituradoras, tambi\u00e9n contamos con prensa empacadora hidr\u00e1ulica para llantas de desecho. <\/p>    <p class=\"translation-block\">A trav\u00e9s del sistema hidr\u00e1ulico, la <a href=\"https:\/\/www.baler-machines.com\/es\/hydraulic-tyre-tire-baler-for-sale\/\">empacadora de neum\u00e1ticos de desecho<\/a> puede compactar firmemente grandes cantidades de neum\u00e1ticos, reduciendo el volumen y ahorrando espacio de almacenamiento y costes de transporte.<\/p>    <p>Si est\u00e1 interesado, bienvenido a contactarnos para obtener m\u00e1s detalles.<\/p>    <figure class=\"wp-block-gallery has-nested-images columns-default is-cropped wp-block-gallery-7 is-layout-flex wp-block-gallery-is-layout-flex\"> <figure class=\"wp-block-image size-large\"><img loading=\"lazy\" decoding=\"async\" width=\"720\" height=\"540\" data-id=\"3075\" src=\"https:\/\/www.baler-machines.com\/wp-content\/uploads\/2023\/03\/automatic-tyre-baler-machine.webp\" alt=\"m\u00e1quina empacadora de neum\u00e1ticos autom\u00e1tica\" class=\"wp-image-3075\" title=\"\"><figcaption class=\"wp-element-caption\">M\u00e1quina empacadora de neum\u00e1ticos autom\u00e1tica<\/figcaption><\/figure>    <figure class=\"wp-block-image size-full\"><img loading=\"lazy\" decoding=\"async\" width=\"720\" height=\"540\" data-id=\"3404\" src=\"https:\/\/www.baler-machines.com\/wp-content\/uploads\/2023\/08\/vertical-waste-baler.webp\" alt=\"empacadora de basura vertical\" class=\"wp-image-3404\" title=\"\"><figcaption class=\"wp-element-caption\">Empacadora de residuos verticales<\/figcaption><\/figure> <\/figure>    <h2 class=\"wp-block-heading\"><strong>\u00a1Pregunte por los precios de las trituradoras de llantas para el negocio de reciclaje de llantas!<\/strong><\/h2>    <p class=\"translation-block\">El precio de la trituradora de neum\u00e1ticos es ineludible si desea iniciar el <a href=\"https:\/\/en.wikipedia.org\/wiki\/Tire_recycling\" target=\"_blank\" rel=\"noopener\">reciclaje de neum\u00e1ticos<\/a> para generar ingresos. <\/p>    <p>Cont\u00e1ctenos y cu\u00e9ntenos sus necesidades, como tama\u00f1o de trituraci\u00f3n, producci\u00f3n, presupuesto, etc. Le brindaremos la mejor soluci\u00f3n de reciclaje de neum\u00e1ticos, as\u00ed como el mejor precio del equipo.<\/p>    <figure class=\"wp-block-embed is-type-video is-provider-youtube wp-block-embed-youtube wp-embed-aspect-16-9 wp-has-aspect-ratio\"><div class=\"wp-block-embed__wrapper\"> <iframe loading=\"lazy\" title=\"\u00bfC\u00f3mo reciclar neum\u00e1ticos de desecho enteros? M\u00e1quina trituradora de neum\u00e1ticos de desecho incre\u00edblemente afilada para cualquier residuo de caucho\" width=\"500\" height=\"281\" src=\"https:\/\/www.youtube.com\/embed\/AyZhn2cOwAw?feature=oembed\" frameborder=\"0\" allow=\"accelerometer; autoplay; clipboard-write; encrypted-media; gyroscope; picture-in-picture; web-share\" referrerpolicy=\"strict-origin-when-cross-origin\" allowfullscreen><\/iframe> <\/div><figcaption class=\"wp-element-caption\">video de trituradora de reciclaje de llantas de caucho<\/figcaption><\/figure>","protected":false},"excerpt":{"rendered":"<p>La trituradora de llantas de desecho Shuliy es una trituradora industrial de doble eje, especialmente para triturar varios tipos de llantas de desecho, como llantas de autom\u00f3viles, llantas de autobuses, llantas de camiones, etc. <\/p>","protected":false},"author":1,"featured_media":2392,"parent":0,"template":"","tags":[569,634,637,568],"product-type":[561],"class_list":["post-2376","product","type-product","status-publish","has-post-thumbnail","hentry","tag-rubber-shredder","tag-tyre","tag-tyre-recycling","tag-waste-tire-shredder","product-type-industrial-shredder"],"_links":{"self":[{"href":"https:\/\/www.baler-machines.com\/es\/wp-json\/wp\/v2\/product\/2376","targetHints":{"allow":["GET"]}}],"collection":[{"href":"https:\/\/www.baler-machines.com\/es\/wp-json\/wp\/v2\/product"}],"about":[{"href":"https:\/\/www.baler-machines.com\/es\/wp-json\/wp\/v2\/types\/product"}],"author":[{"embeddable":true,"href":"https:\/\/www.baler-machines.com\/es\/wp-json\/wp\/v2\/users\/1"}],"wp:featuredmedia":[{"embeddable":true,"href":"https:\/\/www.baler-machines.com\/es\/wp-json\/wp\/v2\/media\/2392"}],"wp:attachment":[{"href":"https:\/\/www.baler-machines.com\/es\/wp-json\/wp\/v2\/media?parent=2376"}],"wp:term":[{"taxonomy":"post_tag","embeddable":true,"href":"https:\/\/www.baler-machines.com\/es\/wp-json\/wp\/v2\/tags?post=2376"},{"taxonomy":"product-type","embeddable":true,"href":"https:\/\/www.baler-machines.com\/es\/wp-json\/wp\/v2\/product-type?post=2376"}],"curies":[{"name":"wp","href":"https:\/\/api.w.org\/{rel}","templated":true}]}}