{"id":223,"date":"2019-12-10T07:52:25","date_gmt":"2019-12-10T07:52:25","guid":{"rendered":"http:\/\/test.yogurt-machine.com\/?p=223"},"modified":"2024-08-02T15:24:54","modified_gmt":"2024-08-02T07:24:54","slug":"vertical-metal-baler-hydraulic-metal-baling-machine","status":"publish","type":"product","link":"https:\/\/www.baler-machines.com\/es\/vertical-metal-baler-hydraulic-metal-baling-machine\/","title":{"rendered":"Empacadora de metal vertical | Prensa de balas hidr\u00e1ulica"},"content":{"rendered":"<p class=\"translation-block\">La <strong>prensa compactadora de metales vertical<\/strong> de Shuliy sirve para comprimir todo tipo de residuos met\u00e1licos (como chatarra de acero, chatarra de aluminio, chatarra de cobre, etc.) en bloques mediante alta presi\u00f3n. Despu\u00e9s del prensado, los fardos de metal embalados facilitan el almacenamiento, transporte y reciclaje.<\/p>    <p>La m\u00e1quina tiene una velocidad de empacado que oscila entre 6 y 10 pacas por minuto. Puede prensar fardos con tama\u00f1os de 800*400*800 mm, 800*400*600 mm, 1150*750*1000 mm, etc. Podemos personalizar el tama\u00f1o de los fardos para satisfacer sus demandas.<\/p>   <div class=\"wp-block-image\"> <figure class=\"aligncenter size-full\"><img loading=\"lazy\" decoding=\"async\" width=\"720\" height=\"540\" src=\"https:\/\/www.baler-machines.com\/wp-content\/uploads\/2019\/12\/vertical-metal-baler-manufacturer.webp\" alt=\"fabricante de empacadoras de metal verticales\" class=\"wp-image-3951\" title=\"\" srcset=\"https:\/\/www.baler-machines.com\/wp-content\/uploads\/2019\/12\/vertical-metal-baler-manufacturer.webp 720w, https:\/\/www.baler-machines.com\/wp-content\/uploads\/2019\/12\/vertical-metal-baler-manufacturer-16x12.webp 16w\" sizes=\"auto, (max-width: 720px) 100vw, 720px\" \/><figcaption class=\"wp-element-caption\">fabricante de empacadoras de metal verticales<\/figcaption><\/figure> <\/div>   <p>Esta prensa de balas hidr\u00e1ulica tiene las ventajas de una operaci\u00f3n simple, amplias aplicaciones y rentabilidad. <\/p>    <p>Nuestra empacadora vertical tambi\u00e9n se puede utilizar para empacar cartones, ropa, botellas de pl\u00e1stico, etc. Si est\u00e1 interesado, no dude en contactarnos. <\/p>    <figure class=\"wp-block-embed is-type-video is-provider-youtube wp-block-embed-youtube wp-embed-aspect-16-9 wp-has-aspect-ratio\"><div class=\"wp-block-embed__wrapper\"> <iframe loading=\"lazy\" title=\"Empacadora vertical Shuliy para compresi\u00f3n de chatarra, cart\u00f3n, bidones de aceite, etc.\" width=\"500\" height=\"281\" src=\"https:\/\/www.youtube.com\/embed\/f14rdDsu4WI?feature=oembed\" frameborder=\"0\" allow=\"accelerometer; autoplay; clipboard-write; encrypted-media; gyroscope; picture-in-picture; web-share\" referrerpolicy=\"strict-origin-when-cross-origin\" allowfullscreen><\/iframe> <\/div><figcaption class=\"wp-element-caption\">v\u00eddeo de empacadora vertical hidr\u00e1ulica<\/figcaption><\/figure>    <h2 class=\"wp-block-heading\"><strong>Ventajas de la prensa de balas hidr\u00e1ulica Shuliy<\/strong><\/h2>    <ul class=\"wp-block-list\"> <li><strong>Capacidad de 6 a 10 fardos por minuto<\/strong>. Nuestra empacadora utiliza un potente sistema hidr\u00e1ulico para prensar los desechos de 6 a 10 fardos en un minuto, lo cual es eficiente.<\/li>    <li><strong>Panel de control inteligente e interfaz de usuario intuitiva<\/strong>. This design is user-friendly. Even if you&#8217;re a new person can get started quickly.<\/li>    <li><strong>Empacado de muchos tipos de materiales met\u00e1licos.<\/strong>. Esta empacadora de metal vertical es adecuada para muchos tipos de desechos met\u00e1licos, como chatarra de acero, chatarra de aluminio, chatarra de cobre, etc. <\/li>    <li><strong>Rentabilidad<\/strong>. We&#8217;re factory direct sales. With upgraded technology, we can produce balers in batches, ensuring the quality while reducing the price, which is cost-effective.<\/li>    <li><strong>Bajo costo de mantenimiento<\/strong>. La estructura del equipo es simple y f\u00e1cil de entender. El mantenimiento diario es muy sencillo y econ\u00f3mico.<\/li>    <li><strong>Fuerza de compresi\u00f3n personalizable, tama\u00f1o de bloque comprimido y otros<\/strong>. Seg\u00fan sus necesidades, podemos personalizarlos. Adem\u00e1s, podemos personalizar voltaje, potencia, etc. <\/li> <\/ul>   <div class=\"wp-block-image\"> <figure class=\"aligncenter size-full\"><img loading=\"lazy\" decoding=\"async\" width=\"720\" height=\"540\" src=\"https:\/\/www.baler-machines.com\/wp-content\/uploads\/2019\/12\/Shuliy-hydraulic-baling-press-in-the-factory.webp\" alt=\"Prensa de balas hidr\u00e1ulica Shuliy en la f\u00e1brica\" class=\"wp-image-3949\" title=\"\" srcset=\"https:\/\/www.baler-machines.com\/wp-content\/uploads\/2019\/12\/Shuliy-hydraulic-baling-press-in-the-factory.webp 720w, https:\/\/www.baler-machines.com\/wp-content\/uploads\/2019\/12\/Shuliy-hydraulic-baling-press-in-the-factory-16x12.webp 16w\" sizes=\"auto, (max-width: 720px) 100vw, 720px\" \/><figcaption class=\"wp-element-caption\">Prensa de balas hidr\u00e1ulica Shuliy en la f\u00e1brica<\/figcaption><\/figure> <\/div>   <h2 class=\"wp-block-heading\"><strong>Par\u00e1metros t\u00e9cnicos de la empacadora de metal vertical hidr\u00e1ulica.<\/strong><\/h2>    <figure class=\"wp-block-table\"><table><tbody><tr><td>Modelo<\/td><td>SL-10T<\/td><td>SL-20T<\/td><td>SL-30T<\/td><td>SL-60T<\/td><td>SL-80T<\/td><\/tr><tr><td>Fuerza<\/td><td>5,5kW<\/td><td>7,5kW<\/td><td>11kW<\/td><td>15kW<\/td><td>17kW<\/td><\/tr><tr><td>Tama\u00f1o de paca<\/td><td>800*400*800mm<\/td><td>800*400*800mm<\/td><td>800*400*600mm<\/td><td>1150*750*1000mm<\/td><td>1150*750*1000mm<\/td><\/tr><tr><td>Presi\u00f3n<\/td><td>10 toneladas<\/td><td>20t<\/td><td>30 toneladas<\/td><td>60t<\/td><td>80t<\/td><\/tr><tr><td>Dimensi\u00f3n<\/td><td>1400*700*2900mm<\/td><td>1400*700*2950mm<\/td><td>1450*800*2950mm<\/td><td>1700*1000*3200mm<\/td><td>1800*1000*3200mm<\/td><\/tr><tr><td>Cilindro de aceite<\/td><td>\u03c6125<\/td><td>\u03c6160<\/td><td>\u03c6160<\/td><td>\u03c6160<\/td><td>\u03c6180<\/td><\/tr><tr><td>Velocidad de empacado<\/td><td>8-10 fardos\/min<\/td><td>8-10 fardos\/min<\/td><td>8-10 fardos\/min<\/td><td>6-10 fardos\/min<\/td><td>6-10 fardos\/min<\/td><\/tr><tr><td>Peso<\/td><td>400 kilos<\/td><td>850 kilos<\/td><td>950 kilos<\/td><td>1600 kilos<\/td><td>2000kg<\/td><\/tr><\/tbody><\/table><figcaption class=\"wp-element-caption\">Especificaciones de la prensa de balas vertical.<\/figcaption><\/figure>    <p>Nuestra empacadora hidr\u00e1ulica tiene varios modelos a la venta, respectivamente SL-10T, SL-20T, SL-30T, SL-60T, SL-80T, etc. Si est\u00e1 interesado, \u00a1bienvenido a contactarnos para m\u00e1s detalles!<\/p>    <figure class=\"wp-block-gallery aligncenter has-nested-images columns-default is-cropped wp-block-gallery-2 is-layout-flex wp-block-gallery-is-layout-flex\"> <figure class=\"wp-block-image size-full\"><img loading=\"lazy\" decoding=\"async\" width=\"720\" height=\"540\" data-id=\"3947\" src=\"https:\/\/www.baler-machines.com\/wp-content\/uploads\/2019\/12\/vertical-baler-for-sale.webp\" alt=\"empacadora vertical en venta\" class=\"wp-image-3947\" title=\"\" srcset=\"https:\/\/www.baler-machines.com\/wp-content\/uploads\/2019\/12\/vertical-baler-for-sale.webp 720w, https:\/\/www.baler-machines.com\/wp-content\/uploads\/2019\/12\/vertical-baler-for-sale-16x12.webp 16w\" sizes=\"auto, (max-width: 720px) 100vw, 720px\" \/><figcaption class=\"wp-element-caption\">Empacadora vertical en venta<\/figcaption><\/figure>    <figure class=\"wp-block-image size-full\"><img loading=\"lazy\" decoding=\"async\" width=\"720\" height=\"540\" data-id=\"3953\" src=\"https:\/\/www.baler-machines.com\/wp-content\/uploads\/2019\/12\/small-and-big-vertical-baler-in-stock.webp\" alt=\"empacadoras verticales peque\u00f1as y grandes en stock\" class=\"wp-image-3953\" title=\"\" srcset=\"https:\/\/www.baler-machines.com\/wp-content\/uploads\/2019\/12\/small-and-big-vertical-baler-in-stock.webp 720w, https:\/\/www.baler-machines.com\/wp-content\/uploads\/2019\/12\/small-and-big-vertical-baler-in-stock-16x12.webp 16w\" sizes=\"auto, (max-width: 720px) 100vw, 720px\" \/><figcaption class=\"wp-element-caption\">Empacadoras verticales peque\u00f1as y grandes en stock<\/figcaption><\/figure> <\/figure>    <h2 class=\"wp-block-heading\" id=\"h-main-applications-of-the-vertical-metal-baler\"><strong>Residuos met\u00e1licos y otros desechos para embalar<\/strong><\/h2>    <p>Nuestra empacadora vertical es multifuncional y adecuada para todo tipo de prensado de materiales de desecho. Ahora, presentar\u00e9 los materiales de desecho que se pueden embalar.<\/p>    <figure class=\"wp-block-gallery has-nested-images columns-default is-cropped wp-block-gallery-3 is-layout-flex wp-block-gallery-is-layout-flex\"> <figure class=\"wp-block-image size-full\"><img loading=\"lazy\" decoding=\"async\" width=\"720\" height=\"440\" data-id=\"456\" src=\"https:\/\/www.baler-machines.com\/wp-content\/uploads\/2019\/12\/waste-aluminium-sheets-baling.jpg\" alt=\"Embalaje de residuos de l\u00e1minas de aluminio.\" class=\"wp-image-456\" title=\"\"><figcaption class=\"wp-element-caption\">Embalaje de residuos de l\u00e1minas de aluminio<\/figcaption><\/figure>    <figure class=\"wp-block-image size-large\"><img loading=\"lazy\" decoding=\"async\" width=\"720\" height=\"411\" data-id=\"357\" src=\"https:\/\/www.baler-machines.com\/wp-content\/uploads\/2019\/12\/Car-shells-recycling-1.jpg\" alt=\"Reciclaje de carcasas de coches\" class=\"wp-image-357\" title=\"\"><figcaption class=\"wp-element-caption\">Reciclaje de carcasas de autom\u00f3viles<\/figcaption><\/figure> <\/figure>    <ul class=\"wp-block-list\"> <li><strong>Chatarra de acero<\/strong> <ul class=\"wp-block-list\"> <li>Residuos de acero, placas de acero, tubos de acero, barras de acero y otros materiales de desecho en diversas formas.<\/li> <\/ul> <\/li>    <li><strong>Chatarra de aluminio<\/strong> <ul class=\"wp-block-list\"> <li>Chatarra de latas de aluminio, placas de aluminio, tubos de aluminio, papel de aluminio y otras formas de materiales de aluminio.<\/li> <\/ul> <\/li>    <li><strong>Chatarra de cobre<\/strong> <ul class=\"wp-block-list\"> <li>Cables de cobre de desecho, tuber\u00edas de cobre, placas de cobre, virutas de cobre, etc.<\/li> <\/ul> <\/li>    <li><strong>Chatarra<\/strong> <ul class=\"wp-block-list\"> <li>Diversas formas de materiales de hierro, como chatarra, chatarra de hierro, alambre de hierro, placa de hierro, etc.<\/li> <\/ul> <\/li>    <li><strong>Chatarra de acero inoxidable<\/strong> <ul class=\"wp-block-list\"> <li>Residuos de electrodom\u00e9sticos de acero inoxidable, placas de acero inoxidable, tuber\u00edas de acero inoxidable y otras formas de materiales de acero inoxidable.<\/li> <\/ul> <\/li>    <li><strong>Plomo de desecho<\/strong> <ul class=\"wp-block-list\"> <li>Residuos de l\u00e1minas de plomo, tuber\u00edas de plomo, bloques de plomo y otras formas de materiales de plomo.<\/li> <\/ul> <\/li>    <li><strong>Chatarra de zinc<\/strong> <ul class=\"wp-block-list\"> <li>Placa de zinc, tuber\u00eda de zinc, bloque de zinc y otros materiales de desecho de zinc.<\/li> <\/ul> <\/li>    <li><strong>Residuos de aleaciones<\/strong> <ul class=\"wp-block-list\"> <li>Todo tipo de materiales de aleaciones de metales de desecho, como aleaciones de cobre, aleaciones de aluminio, aleaciones de n\u00edquel, etc.<\/li> <\/ul> <\/li>    <li><strong>chatarra electronica<\/strong> <ul class=\"wp-block-list\"> <li>Piezas met\u00e1licas en productos electr\u00f3nicos de desecho, como cables y placas de circuito en los componentes met\u00e1licos.<\/li> <\/ul> <\/li>    <li><strong>Otros<\/strong>: residuos de caucho, ropa, residuos de cart\u00f3n, tuber\u00edas, botellas de pl\u00e1stico, latas, espuma, esponjas, etc.<\/li> <\/ul>   <div class=\"wp-block-image\"> <figure class=\"aligncenter size-full\"><img loading=\"lazy\" decoding=\"async\" width=\"720\" height=\"500\" src=\"https:\/\/www.baler-machines.com\/wp-content\/uploads\/2022\/08\/applications-of-the-hydraulic-vertical-baler.webp\" alt=\"Aplicaciones de la empacadora vertical hidr\u00e1ulica.\" class=\"wp-image-2667\" title=\"\"><figcaption class=\"wp-element-caption\">Aplicaciones de la empacadora vertical hidr\u00e1ulica.<\/figcaption><\/figure> <\/div>   <h2 class=\"wp-block-heading\"><strong>Aplicaciones de la empacadora vertical Shuliy<\/strong><\/h2>    <p>Despu\u00e9s de conocer los materiales de desecho a empacar, veamos ahora sus aplicaciones.<\/p>    <ul class=\"wp-block-list\"> <li><strong>Estaci\u00f3n de reciclaje de chatarra<\/strong> <ul class=\"wp-block-list\"> <li>Se utiliza para comprimir varios restos de metal en bloques para facilitar su transporte y reutilizaci\u00f3n.<\/li> <\/ul> <\/li>    <li><strong>Planta procesadora de metales<\/strong> <ul class=\"wp-block-list\"> <li>Chatarra met\u00e1lica compacta generada en el proceso de producci\u00f3n en bloques. Esto puede reducir el espacio de almacenamiento y mejorar la utilizaci\u00f3n de recursos.<\/li> <\/ul> <\/li>    <li><strong>Estaciones de recogida de chatarra<\/strong> <ul class=\"wp-block-list\"> <li>Comprima varios restos de metal comprados en bloques. Esto mejora la eficiencia del transporte y reduce los costos.<\/li> <\/ul> <\/li> <\/ul>   <div class=\"wp-block-image is-resized\"> <figure class=\"aligncenter size-large\"><img loading=\"lazy\" decoding=\"async\" width=\"720\" height=\"411\" src=\"https:\/\/www.baler-machines.com\/wp-content\/uploads\/2019\/12\/vertical-metal-scraps-baler-applications.jpg\" alt=\"aplicaciones de empacadora de chatarra met\u00e1lica vertical\" class=\"wp-image-240\" title=\"\"><figcaption class=\"wp-element-caption\">Aplicaciones de empacadoras verticales de chatarra de metal.<\/figcaption><\/figure> <\/div>   <h2 class=\"wp-block-heading\"><strong>Estructura de la empacadora vertical hidr\u00e1ulica.<\/strong><\/h2>    <p>Su estructura incluye cilindro hidr\u00e1ulico (doble), c\u00e1mara de material, apertura r\u00e1pida, interruptor manual, tanque de aceite, bomba de engranajes y motor. <\/p>   <div class=\"wp-block-image\"> <figure class=\"aligncenter size-large\"><img loading=\"lazy\" decoding=\"async\" width=\"720\" height=\"540\" src=\"https:\/\/www.baler-machines.com\/wp-content\/uploads\/2019\/12\/vertical-baling-machine-structure.jpg\" alt=\"\" class=\"wp-image-294\" title=\"\"><figcaption class=\"wp-element-caption\">estructura de la m\u00e1quina empacadora vertical<\/figcaption><\/figure> <\/div>   <p>En comparaci\u00f3n con la empacadora horizontal, esta empacadora vertical es la m\u00e1s peque\u00f1a y la m\u00e1s utilizada. Generalmente se utiliza para plantas de reciclaje de residuos peque\u00f1as y medianas. Si est\u00e1 interesado, \u00a1bienvenido a contactarnos para m\u00e1s detalles!<\/p>    <h2 class=\"wp-block-heading\"><strong>Proceso de trabajo de la empacadora vertical.<\/strong><\/h2>   <div id=\"rank-math-howto\" class=\"rank-math-block\" > <div class=\"rank-math-howto-description\">  <\/div>  <div class=\"rank-math-steps\"> <div id=\"howto-step-1722246807953\" class=\"rank-math-step\"> <h3 class=\"rank-math-step-title\"><strong>Cargando<\/strong><\/h3> <div class=\"rank-math-step-content\"><p>Coloque la chatarra en la c\u00e1mara de compresi\u00f3n de la empacadora de metal vertical.<\/p> <\/div> <\/div> <div id=\"howto-step-1722246821681\" class=\"rank-math-step\"> <h3 class=\"rank-math-step-title\"><strong>Compresi\u00f3n<\/strong><\/h3> <div class=\"rank-math-step-content\"><p>Active el sistema hidr\u00e1ulico y la placa de compresi\u00f3n se mover\u00e1 hacia abajo para comprimir la chatarra en bloques. <br \/>La fuerte presi\u00f3n hidr\u00e1ulica asegura que la chatarra se comprima a un volumen m\u00ednimo.<\/p> <\/div> <\/div> <div id=\"howto-step-1722246838296\" class=\"rank-math-step\"> <h3 class=\"rank-math-step-title\"><strong>Fornido<\/strong><\/h3> <div class=\"rank-math-step-content\"><p>Una vez que se completa la compresi\u00f3n, la m\u00e1quina agrupa autom\u00e1tica\/manualmente los bloques comprimidos. Esto los mantiene apretados para un f\u00e1cil manejo y almacenamiento.<\/p> <\/div> <\/div> <div id=\"howto-step-1722246850904\" class=\"rank-math-step\"> <h3 class=\"rank-math-step-title\"><strong>Descarga<\/strong><\/h3> <div class=\"rank-math-step-content\"><p>Despu\u00e9s de comprimir y flejar, la m\u00e1quina expulsa autom\u00e1ticamente los bloques de metal comprimidos. Entonces la m\u00e1quina est\u00e1 lista para comprimir el siguiente lote de chatarra.<\/p> <\/div> <\/div> <\/div> <\/div>       <h2 class=\"wp-block-heading\" id=\"h-precautions-for-use-of-hydraulic-metal-baler-machine\"><strong>Precauciones para el uso de la empacadora hidr\u00e1ulica de metales.<\/strong><\/h2>    <p>Para utilizar correctamente esta m\u00e1quina empacadora de metal vertical, debe dominar la estructura de la m\u00e1quina y los procedimientos de operaci\u00f3n. Adem\u00e1s, hay algunos puntos a los que debes prestar atenci\u00f3n.<\/p>    <figure class=\"wp-block-gallery aligncenter has-nested-images columns-default is-cropped wp-block-gallery-4 is-layout-flex wp-block-gallery-is-layout-flex\"> <figure class=\"wp-block-image size-large\"><img loading=\"lazy\" decoding=\"async\" width=\"405\" height=\"540\" data-id=\"232\" src=\"https:\/\/www.baler-machines.com\/wp-content\/uploads\/2019\/12\/vertical-metal-balers-are-in-stock.jpg\" alt=\"empacadoras verticales de metales en stock\" class=\"wp-image-232\" title=\"\"><figcaption class=\"wp-element-caption\">Empacadoras verticales de metal disponibles<\/figcaption><\/figure>    <figure class=\"wp-block-image size-large\"><img loading=\"lazy\" decoding=\"async\" width=\"405\" height=\"540\" data-id=\"230\" src=\"https:\/\/www.baler-machines.com\/wp-content\/uploads\/2019\/12\/various-metal-balers.jpg\" alt=\"varias empacadoras de metales\" class=\"wp-image-230\" title=\"\"><figcaption class=\"wp-element-caption\">Varias prensas de metal<\/figcaption><\/figure> <\/figure>    <ul class=\"wp-block-list\"> <li>El aceite hidr\u00e1ulico antidesgaste de alta calidad debe usarse estrictamente para agregar aceite hidr\u00e1ulico al tanque de aceite.    <ul class=\"wp-block-list\"> <li>Filtre estrictamente el aceite hidr\u00e1ulico y mantenga regularmente un volumen de aceite suficiente. <\/li>    <li>Llene el aceite inmediatamente cuando sea insuficiente.<\/li> <\/ul> <\/li>    <li>Limpie el tanque de aceite de la empacadora vertical y reempl\u00e1celo con aceite nuevo cada medio a\u00f1o.  <ul class=\"wp-block-list\"> <li>La primera limpieza y filtraci\u00f3n de aceite no debe exceder de un mes. <\/li>    <li>El aceite nuevo que se ha utilizado una vez s\u00f3lo se puede volver a utilizar despu\u00e9s de una estricta filtraci\u00f3n.<\/li> <\/ul> <\/li> <\/ul>    <ul class=\"wp-block-list\"> <li>Las piezas lubricantes de esta empacadora vertical deben llenarse con aceite lubricante al menos una vez por turno, seg\u00fan sea necesario.<\/li>    <li>Limpie los art\u00edculos diversos en la caja de material a tiempo.<\/li>    <li>No ponga en marcha la m\u00e1quina sin aprender y comprender su estructura, rendimiento y procedimientos de operaci\u00f3n.<\/li>    <li>En caso de fugas graves de aceite o fen\u00f3menos anormales durante el funcionamiento, detenga la m\u00e1quina inmediatamente. <ul class=\"wp-block-list\"> <li>Analizar las causas y eliminar las aver\u00edas.<\/li>    <li>No se permite el funcionamiento forzado con fallo.<\/li> <\/ul> <\/li> <\/ul>   <div class=\"wp-block-image\"> <figure class=\"aligncenter size-full\"><img loading=\"lazy\" decoding=\"async\" width=\"720\" height=\"540\" src=\"https:\/\/www.baler-machines.com\/wp-content\/uploads\/2019\/12\/quality-hydraulic-vertical-baler.webp\" alt=\"empacadora vertical hidr\u00e1ulica de calidad\" class=\"wp-image-3955\" title=\"\" srcset=\"https:\/\/www.baler-machines.com\/wp-content\/uploads\/2019\/12\/quality-hydraulic-vertical-baler.webp 720w, https:\/\/www.baler-machines.com\/wp-content\/uploads\/2019\/12\/quality-hydraulic-vertical-baler-16x12.webp 16w\" sizes=\"auto, (max-width: 720px) 100vw, 720px\" \/><figcaption class=\"wp-element-caption\">empacadora vertical hidr\u00e1ulica de calidad<\/figcaption><\/figure> <\/div>   <ul class=\"wp-block-list\"> <li>Durante el funcionamiento de la empacadora met\u00e1lica vertical hidr\u00e1ulica, no est\u00e1 permitido: <ul class=\"wp-block-list\"> <li>Repare o contacte las piezas m\u00f3viles. <\/li>    <li>Presione los materiales en la caja de materiales con las manos o los pies.<\/li> <\/ul> <\/li>    <li>El ajuste de la bomba, la v\u00e1lvula y el man\u00f3metro debe ser realizado por t\u00e9cnicos experimentados.  <ul class=\"wp-block-list\"> <li>Si se descubre que un man\u00f3metro est\u00e1 defectuoso, se debe revisar o reemplazar inmediatamente.<\/li> <\/ul> <\/li>    <li>Debe formular procedimientos detallados de mantenimiento y operaci\u00f3n de seguridad de acuerdo con la situaci\u00f3n espec\u00edfica.<\/li> <\/ul>    <h2 class=\"wp-block-heading\"><strong>\u00a1Cont\u00e1ctenos para soluciones de reciclaje de residuos!<\/strong><\/h2>    <p class=\"translation-block\">\u00bfEst\u00e1 buscando soluciones rentables para el reciclaje de <a href=\"https:\/\/en.wikipedia.org\/wiki\/Scrap\" target=\"_blank\" rel=\"noopener\">chatarra met\u00e1lica<\/a>? Tenemos prensas compactadoras de metales verticales y <a href=\"https:\/\/www.baler-machines.com\/es\/horizontal-metal-baler\/\">prensa compactadora de metales horizontal<\/a> para beneficiar su negocio. <\/p>   <div class=\"wp-block-image\"> <figure class=\"aligncenter size-large\"><img loading=\"lazy\" decoding=\"async\" width=\"540\" height=\"540\" src=\"https:\/\/www.baler-machines.com\/wp-content\/uploads\/2019\/12\/Cans-baling-and-recycling-2.jpg\" alt=\"Enfardado-y-reciclaje-de-latas\" class=\"wp-image-358\" title=\"\"><figcaption class=\"wp-element-caption\">Enfardado y reciclaje de latas.<\/figcaption><\/figure> <\/div>   <p>Si est\u00e1 interesado, \u00a1cont\u00e1ctenos ahora y le proporcionaremos la mejor soluci\u00f3n para usted!<\/p>","protected":false},"excerpt":{"rendered":"<p>La empacadora de metal vertical Shuliy sirve para comprimir desechos met\u00e1licos (como chatarra de acero, chatarra de aluminio, chatarra de cobre, etc.) en bloques mediante alta presi\u00f3n.<\/p>","protected":false},"author":1,"featured_media":2669,"parent":0,"template":"","tags":[414,537,12],"product-type":[563],"class_list":["post-223","product","type-product","status-publish","has-post-thumbnail","hentry","tag-baler","tag-hydraulic-baler","tag-vertical-metal-baler","product-type-baler-machine"],"_links":{"self":[{"href":"https:\/\/www.baler-machines.com\/es\/wp-json\/wp\/v2\/product\/223","targetHints":{"allow":["GET"]}}],"collection":[{"href":"https:\/\/www.baler-machines.com\/es\/wp-json\/wp\/v2\/product"}],"about":[{"href":"https:\/\/www.baler-machines.com\/es\/wp-json\/wp\/v2\/types\/product"}],"author":[{"embeddable":true,"href":"https:\/\/www.baler-machines.com\/es\/wp-json\/wp\/v2\/users\/1"}],"wp:featuredmedia":[{"embeddable":true,"href":"https:\/\/www.baler-machines.com\/es\/wp-json\/wp\/v2\/media\/2669"}],"wp:attachment":[{"href":"https:\/\/www.baler-machines.com\/es\/wp-json\/wp\/v2\/media?parent=223"}],"wp:term":[{"taxonomy":"post_tag","embeddable":true,"href":"https:\/\/www.baler-machines.com\/es\/wp-json\/wp\/v2\/tags?post=223"},{"taxonomy":"product-type","embeddable":true,"href":"https:\/\/www.baler-machines.com\/es\/wp-json\/wp\/v2\/product-type?post=223"}],"curies":[{"name":"wp","href":"https:\/\/api.w.org\/{rel}","templated":true}]}}