{"id":1089,"date":"2021-12-03T03:16:02","date_gmt":"2021-12-03T03:16:02","guid":{"rendered":"https:\/\/www.baler-machines.com\/?p=1089"},"modified":"2024-07-19T09:07:37","modified_gmt":"2024-07-19T01:07:37","slug":"metal-shear-machine","status":"publish","type":"product","link":"https:\/\/www.baler-machines.com\/es\/metal-shear-machine\/","title":{"rendered":"M\u00e1quina cizalla de metal para corte de chatarra"},"content":{"rendered":"<p class=\"translation-block\">La <strong>cizalla para metal<\/strong> Shuliy, tambi\u00e9n conocida como \"cizalla cabeza de tigre\", se utiliza para cortar chatarra de metal, como materiales de acero ligero, tubos de cobre, l\u00e1minas de hierro, etc., en los tama\u00f1os requeridos. Puede cortar desechos met\u00e1licos 5-8 veces por minuto, lo cual es ajustable. <\/p>    <p>Nuestra m\u00e1quina cortadora de metales hidr\u00e1ulica tiene anchos de trabajo de 1 my 1,2 m (el tama\u00f1o de apertura de la hoja). Tambi\u00e9n podemos personalizarlo para satisfacer sus demandas. <\/p>    <p>Esta m\u00e1quina tiene dos cuchillas, una para prensar residuos de metal y otra para cortar chatarra. Para un corte de metal c\u00f3modo, el alimentador de cadena es opcional. <\/p>    <figure class=\"wp-block-gallery aligncenter has-nested-images columns-default is-cropped wp-block-gallery-2 is-layout-flex wp-block-gallery-is-layout-flex\"> <figure class=\"wp-block-image size-full\"><img loading=\"lazy\" decoding=\"async\" width=\"540\" height=\"540\" data-id=\"1114\" src=\"https:\/\/www.baler-machines.com\/wp-content\/uploads\/2021\/12\/Scrap-metal-shearing-machine.jpg\" alt=\"Cizalla de chatarra\" class=\"wp-image-1114\" title=\"\" srcset=\"https:\/\/www.baler-machines.com\/wp-content\/uploads\/2021\/12\/Scrap-metal-shearing-machine.jpg 540w, https:\/\/www.baler-machines.com\/wp-content\/uploads\/2021\/12\/Scrap-metal-shearing-machine-120x120.jpg 120w\" sizes=\"auto, (max-width: 540px) 100vw, 540px\" \/><figcaption class=\"wp-element-caption\">M\u00e1quina cortadora de chatarra<\/figcaption><\/figure>    <figure class=\"wp-block-image size-full\"><img loading=\"lazy\" decoding=\"async\" width=\"540\" height=\"540\" data-id=\"1113\" src=\"https:\/\/www.baler-machines.com\/wp-content\/uploads\/2021\/12\/Sheet-metal-shearing-machine.jpg\" alt=\"Cizalla de chapa\" class=\"wp-image-1113\" title=\"\" srcset=\"https:\/\/www.baler-machines.com\/wp-content\/uploads\/2021\/12\/Sheet-metal-shearing-machine.jpg 540w, https:\/\/www.baler-machines.com\/wp-content\/uploads\/2021\/12\/Sheet-metal-shearing-machine-120x120.jpg 120w\" sizes=\"auto, (max-width: 540px) 100vw, 540px\" \/><figcaption class=\"wp-element-caption\">M\u00e1quina cortadora de chapa<\/figcaption><\/figure>    <figure class=\"wp-block-image size-full\"><img loading=\"lazy\" decoding=\"async\" width=\"540\" height=\"540\" data-id=\"1112\" src=\"https:\/\/www.baler-machines.com\/wp-content\/uploads\/2021\/12\/Metal-shearing-machine.jpg\" alt=\"Cizalla de metales\" class=\"wp-image-1112\" title=\"\" srcset=\"https:\/\/www.baler-machines.com\/wp-content\/uploads\/2021\/12\/Metal-shearing-machine.jpg 540w, https:\/\/www.baler-machines.com\/wp-content\/uploads\/2021\/12\/Metal-shearing-machine-120x120.jpg 120w\" sizes=\"auto, (max-width: 540px) 100vw, 540px\" \/><figcaption class=\"wp-element-caption\">M\u00e1quina cortadora de metales<\/figcaption><\/figure> <\/figure>    <p>Nuestra m\u00e1quina cortadora de metales hidr\u00e1ulica es muy popular debido a sus poderosas aplicaciones de corte, operaci\u00f3n segura y simple, corte continuo y alta eficiencia de producci\u00f3n.<\/p>    <p>Si est\u00e1 buscando una soluci\u00f3n para desechos como tubos de acero, esta cizalla para corte de metales es su opci\u00f3n ideal.<\/p>    <figure class=\"wp-block-embed is-type-video is-provider-youtube wp-block-embed-youtube wp-embed-aspect-16-9 wp-has-aspect-ratio\"><div class=\"wp-block-embed__wrapper\"> <iframe loading=\"lazy\" title=\"\u00a1M\u00e1quina cortadora de metales eficiente que muestra c\u00f3mo cortar aluminio, placas de hierro y tubos de cobre! Cizalla de chatarra\" width=\"500\" height=\"281\" src=\"https:\/\/www.youtube.com\/embed\/1-DmsYuy4vM?feature=oembed\" frameborder=\"0\" allow=\"accelerometer; autoplay; clipboard-write; encrypted-media; gyroscope; picture-in-picture; web-share\" referrerpolicy=\"strict-origin-when-cross-origin\" allowfullscreen><\/iframe> <\/div><figcaption class=\"wp-element-caption\">v\u00eddeo de cizalla hidr\u00e1ulica para metal para corte de residuos<\/figcaption><\/figure>    <h2 class=\"wp-block-heading\"><strong>Chatarra para cortar y aplicaciones de la m\u00e1quina cizalla de metal.<\/strong><\/h2>    <p>Nuestra m\u00e1quina cortadora de metales puede cortar diversos desechos met\u00e1licos, tales como:<\/p>    <p class=\"translation-block\"><strong>Acero redondo, acero cuadrado, acero canal, acero angular, viga, placa, tubo de acero, chapa de acero, viga en I,<\/strong> <strong>trozos de aluminio, l\u00e1minas de hierro, tubos de cobre<\/strong>, etc.<\/p>   <div class=\"wp-block-image\"> <figure class=\"aligncenter size-full\"><img loading=\"lazy\" decoding=\"async\" width=\"720\" height=\"540\" src=\"https:\/\/www.baler-machines.com\/wp-content\/uploads\/2021\/12\/applications-of-metal-shearing-machine.webp\" alt=\"Aplicaciones de la m\u00e1quina cortadora de metales.\" class=\"wp-image-3681\" title=\"\" srcset=\"https:\/\/www.baler-machines.com\/wp-content\/uploads\/2021\/12\/applications-of-metal-shearing-machine.webp 720w, https:\/\/www.baler-machines.com\/wp-content\/uploads\/2021\/12\/applications-of-metal-shearing-machine-16x12.webp 16w\" sizes=\"auto, (max-width: 720px) 100vw, 720px\" \/><figcaption class=\"wp-element-caption\">Aplicaciones de la m\u00e1quina cortadora de metales.<\/figcaption><\/figure> <\/div>   <p>Despu\u00e9s de saber qu\u00e9 metal se puede cortar con la cizalla hidr\u00e1ulica para metales con cabeza de tigre, \u00bfqu\u00e9 lugares o industrias la utilizan?<\/p>    <p>Este tipo de m\u00e1quina cortadora de metales se utiliza ampliamente en:<\/p>    <ul class=\"wp-block-list\"> <li>Estaciones de reciclaje y procesamiento de chatarra.<\/li>    <li>F\u00e1bricas de hierro y acero<\/li>    <li>industria metal\u00fargica<\/li>    <li>Grandes centros de reciclaje de chatarra<\/li> <\/ul>    <h2 class=\"wp-block-heading\"><strong>Ventajas de la cizalla hidr\u00e1ulica de metal.<\/strong><\/h2>    <ul class=\"wp-block-list\"> <li><strong>Cortar residuos de metal con una velocidad de 5 a 8 veces por minuto (ajustable)<\/strong>. Nuestra m\u00e1quina cortadora de metales puede cortar metales de desecho de 5 a 8 veces en un minuto, lo cual es eficiente. Y puedes ajustar los tiempos de corte. <\/li>    <li><strong>Corte de chapa de acero, tubos de acero, chatarra, chatarra de acero, aluminio, etc.<\/strong>. La m\u00e1quina cortadora de chapa Shuliy es capaz de cortar diversos materiales met\u00e1licos. Tiene una amplia gama de aplicaciones. <\/li>    <li><strong>Corte continuo con el alimentador de cadena.<\/strong>. Para un corte conveniente e ininterrumpido, nuestras cizallas pueden agregar el transportador de placa de cadena, lo que es m\u00e1s conveniente y r\u00e1pido.<\/li>    <li><strong>F\u00e1cil operaci\u00f3n<\/strong>. La m\u00e1quina cortadora de chatarra tiene un dise\u00f1o razonable. Los trabajadores pueden dominar el uso del equipo despu\u00e9s de un corto per\u00edodo de capacitaci\u00f3n.<\/li> <\/ul>   <div class=\"wp-block-image\"> <figure class=\"aligncenter size-full\"><img loading=\"lazy\" decoding=\"async\" width=\"720\" height=\"540\" src=\"https:\/\/www.baler-machines.com\/wp-content\/uploads\/2019\/12\/scrap-metal-shearing-machine-for-sale.jpg\" alt=\"venta de maquina cortadora de chatarra\" class=\"wp-image-698\" title=\"\"><figcaption class=\"wp-element-caption\">venta de maquina cortadora de chatarra<\/figcaption><\/figure> <\/div>   <h2 class=\"wp-block-heading\"><strong>Par\u00e1metros t\u00e9cnicos de la cizalla para chapa.<\/strong> <strong>m\u00e1quina<\/strong><\/h2>    <figure class=\"wp-block-table\"><table class=\"has-fixed-layout\"><tbody><tr><td>Modelo<\/td><td>SL-250<\/td><td>SL-300<\/td><\/tr><tr><td>M\u00e1x. fuerza de corte<\/td><td>2500KN<\/td><td>2500KN<\/td><\/tr><tr><td>Carrera del cilindro de corte<\/td><td>450 mm<\/td><td>\/<\/td><\/tr><tr><td>M\u00e1x. fuerza de prensa<\/td><td>2500KN<\/td><td>2500KN<\/td><\/tr><tr><td>Carrera del cilindro de prensa<\/td><td>450 mm<\/td><td>\/<\/td><\/tr><tr><td>Altura de la mesa de trabajo<\/td><td>800 mm<\/td><td>800 mm<\/td><\/tr><tr><td>Capacidad<\/td><td>5-8 veces por minuto (ajustable)<\/td><td>5-8 veces por minuto (ajustable)<\/td><\/tr><tr><td>Longitud \u00fatil de la cuchilla de corte<\/td><td>1000 mm<\/td><td>1000 mm<\/td><\/tr><tr><td>M\u00e1x. apertura de la hoja correspondiente<\/td><td>550 mm<\/td><td>\/<\/td><\/tr><tr><td>bomba hidr\u00e1ulica<\/td><td>80YCY<\/td><td>\/<\/td><\/tr><tr><td>potencia del motor<\/td><td>22kw<\/td><td>22kw<\/td><\/tr><tr><td>Dimensi\u00f3n de la m\u00e1quina principal.<\/td><td>2000*1200*1800mm<\/td><td>2000*1200*2100mm<\/td><\/tr><tr><td>Tama\u00f1o de la estaci\u00f3n hidr\u00e1ulica<\/td><td>1600*1200*1400mm<\/td><td>\/<\/td><\/tr><\/tbody><\/table><figcaption class=\"wp-element-caption\">especificaciones de cizallas hidr\u00e1ulicas para metales<\/figcaption><\/figure>    <p>Los par\u00e1metros anteriores son para su referencia al elegir una m\u00e1quina cortadora de metales. <\/p>    <p>D\u00edganos su tipo de material, grosor, etc., y nuestro gerente de ventas le recomendar\u00e1 el modelo adecuado para usted.<\/p>    <h2 class=\"wp-block-heading\"><strong>Estructura de la m\u00e1quina cizalla de chatarra.<\/strong><\/h2>    <p>La m\u00e1quina cortadora de chatarra contiene principalmente el cilindro de aceite de corte, la cuchilla de corte, la cuchilla de presi\u00f3n del bloque deslizante, el asiento de la cuchilla inferior, el cilindro de aceite de presi\u00f3n, etc.<\/p>    <p>La unidad principal y el cilindro hidr\u00e1ulico est\u00e1n separados, lo que garantiza la seguridad durante su uso.<\/p>   <div class=\"wp-block-image\"> <figure class=\"aligncenter size-full\"><img loading=\"lazy\" decoding=\"async\" width=\"720\" height=\"540\" src=\"https:\/\/www.baler-machines.com\/wp-content\/uploads\/2022\/08\/structure-of-the-metal-shear-machine.webp\" alt=\"\" class=\"wp-image-2545\" title=\"\"><figcaption class=\"wp-element-caption\">estructura de la m\u00e1quina cortadora de metal<\/figcaption><\/figure> <\/div>   <h2 class=\"wp-block-heading\"><strong>Principio de funcionamiento de la m\u00e1quina cortadora de metales.<\/strong><\/h2>    <p>El principio de funcionamiento de la m\u00e1quina cortadora de metales con cabeza de tigre es utilizar el sistema hidr\u00e1ulico para accionar el cabezal cortador.<\/p>    <p>Coloque el material de chatarra debajo del cabezal de corte, y la energ\u00eda hidr\u00e1ulica presiona el cabezal de corte hacia abajo para completar la operaci\u00f3n de corte. <\/p>    <p>El bloque de metal cortado se puede ajustar al tama\u00f1o requerido para facilitar su almacenamiento y transporte.<\/p>    <figure class=\"wp-block-embed is-type-video is-provider-youtube wp-block-embed-youtube wp-embed-aspect-16-9 wp-has-aspect-ratio\"><div class=\"wp-block-embed__wrapper\"> <iframe loading=\"lazy\" title=\"M\u00e1quina cizalla hidr\u00e1ulica para chatarra | Guillotina de chapa | M\u00e1quina cortadora de metales hidr\u00e1ulica\" width=\"500\" height=\"281\" src=\"https:\/\/www.youtube.com\/embed\/EoQyFYcVNUs?feature=oembed\" frameborder=\"0\" allow=\"accelerometer; autoplay; clipboard-write; encrypted-media; gyroscope; picture-in-picture; web-share\" referrerpolicy=\"strict-origin-when-cross-origin\" allowfullscreen><\/iframe> <\/div><figcaption class=\"wp-element-caption\">Video de trabajo de la m\u00e1quina cortadora de metales.<\/figcaption><\/figure>    <h2 class=\"wp-block-heading\"><strong>Equipo de soporte para cortadora de metal.<\/strong><\/h2>    <p>La cizalla hidr\u00e1ulica de metal se puede conectar a un alimentador de cadena para alimentaci\u00f3n autom\u00e1tica. <\/p>    <p>El alimentador de placa de cadena realiza una alimentaci\u00f3n suave, evitando el abultamiento del material del mecanismo de transporte tradicional.<\/p>    <figure class=\"wp-block-gallery aligncenter has-nested-images columns-default is-cropped wp-block-gallery-3 is-layout-flex wp-block-gallery-is-layout-flex\"> <figure class=\"wp-block-image size-large\"><img loading=\"lazy\" decoding=\"async\" width=\"720\" height=\"500\" data-id=\"1130\" src=\"https:\/\/www.baler-machines.com\/wp-content\/uploads\/2021\/12\/sheet-metal-guillotine.jpg\" alt=\"guillotina de chapa\" class=\"wp-image-1130\" title=\"\"><figcaption class=\"wp-element-caption\">Guillotina de chapa<\/figcaption><\/figure>    <figure class=\"wp-block-image size-large\"><img loading=\"lazy\" decoding=\"async\" width=\"540\" height=\"540\" data-id=\"1110\" src=\"https:\/\/www.baler-machines.com\/wp-content\/uploads\/2021\/12\/sheet-metal-guillotine-with-a-chainplate-feeder.jpg\" alt=\"guillotina de chapa con alimentador de cadenilla\" class=\"wp-image-1110\" title=\"\" srcset=\"https:\/\/www.baler-machines.com\/wp-content\/uploads\/2021\/12\/sheet-metal-guillotine-with-a-chainplate-feeder.jpg 540w, https:\/\/www.baler-machines.com\/wp-content\/uploads\/2021\/12\/sheet-metal-guillotine-with-a-chainplate-feeder-120x120.jpg 120w\" sizes=\"auto, (max-width: 540px) 100vw, 540px\" \/><figcaption class=\"wp-element-caption\">Guillotina de chapa con alimentador de cadena<\/figcaption><\/figure> <\/figure>    <h2 class=\"wp-block-heading\"><strong>Consejos para elegir una m\u00e1quina cizalla para metales<\/strong><\/h2>    <p>Al comprar una cizalla para metal, es importante asegurarse de que el equipo sea capaz de cumplir con los requisitos de procesamiento. <\/p>    <p>Para adquirir una m\u00e1quina cortadora de metales hidr\u00e1ulica econ\u00f3mica y pr\u00e1ctica, se recomienda prestar atenci\u00f3n a los siguientes puntos:<\/p>    <ol class=\"wp-block-list\"> <li><strong>Aclarar el tama\u00f1o y material de los residuos.<\/strong>. Esto le ayudar\u00e1 a elegir el tonelaje adecuado de la m\u00e1quina para garantizar la eficiencia y eficacia del corte.<\/li>    <li><strong>Elija hojas especiales para materiales especiales<\/strong>. Los materiales o desechos especiales tienen una gran dureza. Por lo tanto, necesita cuchillas especiales para reducir los problemas de reemplazo.<\/li>    <li><strong>Seleccione equipos que sean f\u00e1ciles de instalar y operar.<\/strong>. El dise\u00f1o integrado del equipo no requiere instalaci\u00f3n complicada, es f\u00e1cil de operar y ayuda a mejorar la eficiencia del trabajo.<\/li> <\/ol>    <figure class=\"wp-block-gallery has-nested-images columns-default is-cropped wp-block-gallery-4 is-layout-flex wp-block-gallery-is-layout-flex\"> <figure class=\"wp-block-image size-large\"><img loading=\"lazy\" decoding=\"async\" width=\"720\" height=\"540\" data-id=\"3701\" src=\"https:\/\/www.baler-machines.com\/wp-content\/uploads\/2021\/12\/hydrualic-metal-shear-machine-for-sale.webp\" alt=\"Cizalla hidr\u00e1ulica para metal a la venta\" class=\"wp-image-3701\" title=\"\" srcset=\"https:\/\/www.baler-machines.com\/wp-content\/uploads\/2021\/12\/hydrualic-metal-shear-machine-for-sale.webp 720w, https:\/\/www.baler-machines.com\/wp-content\/uploads\/2021\/12\/hydrualic-metal-shear-machine-for-sale-16x12.webp 16w\" sizes=\"auto, (max-width: 720px) 100vw, 720px\" \/><figcaption class=\"wp-element-caption\">M\u00e1quina cizalla hidr\u00e1ulica para metales a la venta<\/figcaption><\/figure>    <figure class=\"wp-block-image size-large\"><img loading=\"lazy\" decoding=\"async\" width=\"720\" height=\"540\" data-id=\"3700\" src=\"https:\/\/www.baler-machines.com\/wp-content\/uploads\/2021\/12\/high-performance-metal-cutting-machine.webp\" alt=\"m\u00e1quina cortadora de metales de alto rendimiento\" class=\"wp-image-3700\" title=\"\" srcset=\"https:\/\/www.baler-machines.com\/wp-content\/uploads\/2021\/12\/high-performance-metal-cutting-machine.webp 720w, https:\/\/www.baler-machines.com\/wp-content\/uploads\/2021\/12\/high-performance-metal-cutting-machine-16x12.webp 16w\" sizes=\"auto, (max-width: 720px) 100vw, 720px\" \/><figcaption class=\"wp-element-caption\">M\u00e1quina cortadora de metales de alto rendimiento<\/figcaption><\/figure> <\/figure>    <h2 class=\"wp-block-heading\"><strong>\u00a1Cont\u00e1ctenos ahora para m\u00e1s detalles!<\/strong><\/h2>    <p class=\"translation-block\">Si est\u00e1 buscando una soluci\u00f3n para el cizallamiento de <a href=\"https:\/\/en.wikipedia.org\/wiki\/Scrap\" target=\"_blank\" rel=\"noopener\">chatarra met\u00e1lica<\/a>, \u00a1cont\u00e1ctenos!<\/p>    <p class=\"translation-block\">Adem\u00e1s de esta cizalla, tambi\u00e9n tenemos la <a href=\"https:\/\/www.baler-machines.com\/es\/hydraulic-metal-shears\/\">cizalla de cocodrilo<\/a> y la <a href=\"https:\/\/www.baler-machines.com\/es\/metal-shears-metal-shearing-machine\/\">m\u00e1quina cizalla p\u00f3rtico<\/a>. No importa el tipo de chatarra, podemos manejarlo.<\/p>","protected":false},"excerpt":{"rendered":"<p>La m\u00e1quina cortadora de metal Shuliy corta chatarra como materiales de acero livianos, tubos de cobre, l\u00e1minas de hierro, etc. en los tama\u00f1os requeridos, con una capacidad de 5 a 8 veces por minuto, que es ajustable. <\/p>","protected":false},"author":1,"featured_media":2536,"parent":0,"template":"","tags":[408,296,636],"product-type":[562],"class_list":["post-1089","product","type-product","status-publish","has-post-thumbnail","hentry","tag-metal","tag-metal-shear","tag-scrap-metal","product-type-metal-shears"],"_links":{"self":[{"href":"https:\/\/www.baler-machines.com\/es\/wp-json\/wp\/v2\/product\/1089","targetHints":{"allow":["GET"]}}],"collection":[{"href":"https:\/\/www.baler-machines.com\/es\/wp-json\/wp\/v2\/product"}],"about":[{"href":"https:\/\/www.baler-machines.com\/es\/wp-json\/wp\/v2\/types\/product"}],"author":[{"embeddable":true,"href":"https:\/\/www.baler-machines.com\/es\/wp-json\/wp\/v2\/users\/1"}],"wp:featuredmedia":[{"embeddable":true,"href":"https:\/\/www.baler-machines.com\/es\/wp-json\/wp\/v2\/media\/2536"}],"wp:attachment":[{"href":"https:\/\/www.baler-machines.com\/es\/wp-json\/wp\/v2\/media?parent=1089"}],"wp:term":[{"taxonomy":"post_tag","embeddable":true,"href":"https:\/\/www.baler-machines.com\/es\/wp-json\/wp\/v2\/tags?post=1089"},{"taxonomy":"product-type","embeddable":true,"href":"https:\/\/www.baler-machines.com\/es\/wp-json\/wp\/v2\/product-type?post=1089"}],"curies":[{"name":"wp","href":"https:\/\/api.w.org\/{rel}","templated":true}]}}