{"id":114,"date":"2019-12-04T03:28:48","date_gmt":"2019-12-04T03:28:48","guid":{"rendered":"http:\/\/test.yogurt-machine.com\/?page_id=114"},"modified":"2022-08-05T09:12:17","modified_gmt":"2022-08-05T09:12:17","slug":"contact-service","status":"publish","type":"page","link":"https:\/\/www.baler-machines.com\/es\/contact-service\/","title":{"rendered":"Contacto y Servicio"},"content":{"rendered":"<h2 class=\"wp-block-heading\" id=\"h-cooperation-and-win-win\"><strong>Cooperaci\u00f3n y ganar-ganar<\/strong><\/h2>    <p>\u00a1Proporcione una gama completa de soporte t\u00e9cnico y servicios \u00edntimos para que los clientes creen los mayores beneficios econ\u00f3micos!<\/p>    <div class=\"wp-block-columns is-layout-flex wp-container-core-columns-is-layout-9d6595d7 wp-block-columns-is-layout-flex\"> <div class=\"wp-block-column is-layout-flow wp-block-column-is-layout-flow\"> <figure class=\"wp-block-image\"><img decoding=\"async\" src=\"https:\/\/www.baler-machines.com\/wp-content\/uploads\/2019\/12\/Group-30-2.png\" alt=\"\" title=\"\"><\/figure>    <p class=\"translation-block\"><strong>Informaci\u00f3n de Contacto<\/strong><\/p>    <p class=\"translation-block\">WhatsApp\/Wechat\/Tel\uff1a<br><strong><em> +86-13673689272<\/em><\/strong><br> Direcci\u00f3n de correo electr\u00f3nico:<br><strong><em> info@baler-machines.com<\/em><\/strong><\/p> <\/div>    <div class=\"wp-block-column is-layout-flow wp-block-column-is-layout-flow\"> <figure class=\"wp-block-image\"><img decoding=\"async\" src=\"https:\/\/www.baler-machines.com\/wp-content\/uploads\/2019\/12\/Group-34.png\" alt=\"\" title=\"\"><\/figure>    <p class=\"translation-block\"><strong>Ubicaci\u00f3n de la F\u00e1brica<\/strong><\/p>    <p>Carretera N\u00e1utica Este, Zona de Desarrollo Econ\u00f3mico de Zhengzhou, Henan, China. \u00a1Bienvenido a visitar nuestra f\u00e1brica!<\/p> <\/div>    <div class=\"wp-block-column is-layout-flow wp-block-column-is-layout-flow\"> <figure class=\"wp-block-image\"><img decoding=\"async\" src=\"https:\/\/www.baler-machines.com\/wp-content\/uploads\/2019\/12\/Group-35.png\" alt=\"\" title=\"\"><\/figure>    <p class=\"translation-block\"><strong>Certificados Honor\u00edficos<\/strong><\/p>    <p>La empresa Shuliy ha obtenido una serie de certificados, como CE, SGS, ISO, T\u00dcV, BV, etc., y tambi\u00e9n ha sido calificada como una \"Empresa que cumple contratos y cumple promesas\".<\/p> <\/div> <\/div>    <h2 class=\"wp-block-heading\" id=\"h-customer-service\"><strong>Servicio al cliente<\/strong><\/h2>    <h3 class=\"wp-block-heading\"><b>Antes de la venta<\/b><\/h3>    <ul class=\"wp-block-list\"><li>Ayude a los clientes a seleccionar el equipo adecuado.<\/li><li>Orientar la planificaci\u00f3n y selecci\u00f3n del sitio del taller de producci\u00f3n.<\/li><li>Gratis para enviar ingenieros al sitio del cliente para ingenier\u00eda y dise\u00f1o de proyectos.<\/li><\/ul>    <h3 class=\"wp-block-heading\"><strong><b>En venta<\/b><\/strong><\/h3>    <ul class=\"wp-block-list\"><li>Proporcione una serie de certificados de inspecci\u00f3n de calidad e inspeccione estrictamente los productos antes de salir de f\u00e1brica.<\/li><li>Proporcione informaci\u00f3n de log\u00edstica gratuita y organice la entrega a tiempo.<\/li><\/ul>    <h3 class=\"wp-block-heading\"><strong>postventa<\/strong><\/h3>    <ul class=\"wp-block-list\"><li>Gu\u00eda gratuita para la producci\u00f3n de cimientos del sitio de producci\u00f3n.<\/li><li>Proporcione orientaci\u00f3n posventa gratuita sobre instalaci\u00f3n y depuraci\u00f3n y capacitaci\u00f3n en mantenimiento de equipos.<\/li><li>Bonita maquinaria para procesar metales, \u00a1gracias por la empresa Shuliy!<\/li><\/ul>    <h2 class=\"wp-block-heading\" id=\"h-feedback\"><strong>Comentario<\/strong><\/h2>    <p>\u00a1Gracias a nuestros servicios, recibimos buenos comentarios de nuestros clientes! Por ejemplo:<\/p>    <div class=\"wp-block-columns is-layout-flex wp-container-core-columns-is-layout-9d6595d7 wp-block-columns-is-layout-flex\"> <div class=\"wp-block-column is-layout-flow wp-block-column-is-layout-flow\"> <p><img decoding=\"async\" src=\"https:\/\/www.baler-machines.com\/wp-content\/uploads\/2019\/12\/shuliy-customer.jpg\" alt=\"Caio Luiz\" title=\"\"><\/p> <\/div>    <div class=\"wp-block-column is-vertically-aligned-center is-layout-flow wp-block-column-is-layout-flow\"> <p>\u00a1Buenas m\u00e1quinas Shuliy! Muchas gracias por apoyar mi negocio de reciclaje y venta de chatarra.<\/p>    <p><\/p>    <p><\/p> <\/div> <\/div>","protected":false},"excerpt":{"rendered":"<p>Cooperation and WIN-WIN Provide a full range of technical support and intimate services for customers to create the greatest economic benefits! Contact Information WhatsApp\/Wechat\/Tel\uff1a +86-13673689272 Email Address: info@baler-machines.com Factory Location Nautical Road East, Zhengzhou Economic Development Zone, Henan, China. Welcome to visit our factory! Honorary Certificates Shuliy company has passed a series of certificates, such [&hellip;]<\/p>\n","protected":false},"author":1,"featured_media":0,"parent":0,"menu_order":0,"comment_status":"closed","ping_status":"closed","template":"","meta":{"footnotes":""},"class_list":["post-114","page","type-page","status-publish","hentry"],"_links":{"self":[{"href":"https:\/\/www.baler-machines.com\/es\/wp-json\/wp\/v2\/pages\/114","targetHints":{"allow":["GET"]}}],"collection":[{"href":"https:\/\/www.baler-machines.com\/es\/wp-json\/wp\/v2\/pages"}],"about":[{"href":"https:\/\/www.baler-machines.com\/es\/wp-json\/wp\/v2\/types\/page"}],"author":[{"embeddable":true,"href":"https:\/\/www.baler-machines.com\/es\/wp-json\/wp\/v2\/users\/1"}],"replies":[{"embeddable":true,"href":"https:\/\/www.baler-machines.com\/es\/wp-json\/wp\/v2\/comments?post=114"}],"version-history":[{"count":0,"href":"https:\/\/www.baler-machines.com\/es\/wp-json\/wp\/v2\/pages\/114\/revisions"}],"wp:attachment":[{"href":"https:\/\/www.baler-machines.com\/es\/wp-json\/wp\/v2\/media?parent=114"}],"curies":[{"name":"wp","href":"https:\/\/api.w.org\/{rel}","templated":true}]}}