{"id":461,"date":"2019-12-20T03:54:07","date_gmt":"2019-12-20T03:54:07","guid":{"rendered":"https:\/\/www.baler-machines.com\/?p=461"},"modified":"2022-08-05T07:19:44","modified_gmt":"2022-08-05T07:19:44","slug":"waste-iron-baler-machine-iron-scraps-baling-machine","status":"publish","type":"product","link":"https:\/\/www.baler-machines.com\/de\/waste-iron-baler-machine-iron-scraps-baling-machine\/","title":{"rendered":"Alteisenballenpresse | Ballenpresse f\u00fcr Eisenschrott"},"content":{"rendered":"<p class=\"translation-block\">Die Altmetall-Ballenpresse (Altmetall-Ballenpresse) ist eine hydraulische Art von <a href=\"https:\/\/www.baler-machines.com\/de\/horizontal-metal-baler\/\" target=\"_blank\" rel=\"noreferrer noopener\">Metallrecyclingausr\u00fcstung<\/a> f\u00fcr viele Metallverarbeitungsanlagen, insbesondere f\u00fcr die meisten Eisen- und Stahlrecyclingindustrien. Diese Altmetall-Ballenpresse kann alle Arten von Eisenblechen, Eisendr\u00e4hten und Eisenschrott unter dem hydraulischen Druck der Maschine zu w\u00fcrfelf\u00f6rmigen oder zylindrischen Briketts pressen.<\/p>    <h2 class=\"wp-block-heading\" id=\"h-how-to-recycle-the-waste-iron-scraps-and-iron-wires\"><strong>Wie kann man Eisenabf\u00e4lle und Eisendr\u00e4hte recyceln?<\/strong><strong><\/strong><\/h2>   <div class=\"wp-block-image\"> <figure class=\"aligncenter size-large is-resized\"><img loading=\"lazy\" decoding=\"async\" src=\"https:\/\/www.baler-machines.com\/wp-content\/uploads\/2019\/12\/horizontal-metal-baler-machine-for-sale.jpg\" alt=\"Horizontale Metallballenpresse zu verkaufen\" class=\"wp-image-462\" width=\"597\" height=\"448\" title=\"\"><figcaption>Horizontale Metallballenpresse zu verkaufen<\/figcaption><\/figure> <\/div>   <p>Eisen ist das in unserem t\u00e4glichen Leben und in der Industrie am h\u00e4ufigsten verwendete Metall und ist im Vergleich zu anderen Metallarten wie Kupfer und Aluminium relativ reichhaltig. Bei der Verarbeitung von Eisenprodukten in bestehenden Metallfabriken fallen viele Abf\u00e4lle an. Daher ist es sehr wichtig, diese Eisenabf\u00e4lle wiederzuverwenden, um f\u00fcr viele Metallproduzenten mehr Gewinn zu erzielen. Die Ballenpresse f\u00fcr Eisenbleche ist speziell f\u00fcr das Ballenpressen verschiedener Eisenschrottabf\u00e4lle in Bl\u00f6cke zur einfachen Lagerung und zum einfachen Transport konzipiert.<\/p>    <h2 class=\"wp-block-heading\" id=\"h-waste-iron-baler-machine-description\"><strong>Beschreibung der Alteisenballenpresse<\/strong><strong><\/strong><\/h2>    <p>Mit der Schrottballenpresse werden alle Arten von Schrott unter normalen Bedingungen in feste Bl\u00f6cke oder S\u00e4ulen gepresst, um das Volumen erheblich zu reduzieren, das Liefervolumen zu verringern, Fracht einzusparen und den wirtschaftlichen Nutzen des Unternehmens zu verbessern. <\/p>    <figure class=\"wp-block-gallery has-nested-images columns-default is-cropped wp-block-gallery-2 is-layout-flex wp-block-gallery-is-layout-flex\"> <figure class=\"wp-block-image size-large\"><img loading=\"lazy\" decoding=\"async\" width=\"405\" height=\"540\" data-id=\"463\" src=\"https:\/\/www.baler-machines.com\/wp-content\/uploads\/2019\/12\/metal-baling-machines-are-in-manufacturing.jpg\" alt=\"Metallpressmaschinen sind in der Herstellung\" class=\"wp-image-463\" title=\"\"><figcaption>Metallballenpressen sind in der Produktion<\/figcaption><\/figure>    <figure class=\"wp-block-image size-large\"><img loading=\"lazy\" decoding=\"async\" width=\"405\" height=\"540\" data-id=\"464\" src=\"https:\/\/www.baler-machines.com\/wp-content\/uploads\/2019\/12\/scrap-metal-baler-factory.jpg\" alt=\"Schrottmetallbaler Fabrik\" class=\"wp-image-464\" title=\"\"><figcaption>Altmetall-Ballenpressenfabrik<\/figcaption><\/figure> <\/figure>    <p>Die Ballenpresse f\u00fcr Eisenblechabf\u00e4lle zeichnet sich durch hervorragende Steifigkeit und Zuverl\u00e4ssigkeit, einzigartiges Design, einfache Bedienung, bequeme Wartung, hohe Sicherheit, Umweltschutz und Energieeinsparung aus. Die Metallverpackungsmaschine kann in verschiedenen Metallh\u00fctten, Altmaterial-Recyclingstationen und anderen Unternehmen weit verbreitet eingesetzt werden. <\/p>    <p>Es eignet sich f\u00fcr das Recycling verschiedener Metallabf\u00e4lle. Diese hydraulische Metallballenpresse ist eine gute Ausr\u00fcstung zur Verbesserung der Arbeitsproduktivit\u00e4t, zur Reduzierung der Arbeitsintensit\u00e4t, zur Einsparung von Personalressourcen und zur Reduzierung der Transportkosten.<\/p>    <h2 class=\"wp-block-heading\" id=\"h-main-features-of-the-iron-scraps-baling-machine\"><strong>Hauptmerkmale der Ballenpresse f\u00fcr Eisenschrott<\/strong><strong><\/strong><\/h2>    <p>1. Die Ballenpresse f\u00fcr Eisenabf\u00e4lle ist einfach f\u00fcr die automatische Produktion. Im Vergleich zu anderen Industrieger\u00e4ten bietet es die Vorteile einer bequemen Bedienung, Energieeinsparung, einer kompakten Struktur und einer hohen Arbeitseffizienz.<\/p>    <p>2. Das hydraulische \u00dcbertragungssystem der Metallballenpresse verf\u00fcgt \u00fcber das neueste Design mit \u00fcberlegener Leistung, was eine effizientere Arbeit des gesamten Verpackungsprozesses gew\u00e4hrleisten kann.<\/p>    <p>3. Das Steuerungssystem der Maschine kann durch automatische SPS-Steuerung oder manuelle Bedienung der Wippe gesteuert werden, und Kunden k\u00f6nnen je nach Bedarf w\u00e4hlen.<\/p>   <div class=\"wp-block-image\"> <figure class=\"aligncenter size-large is-resized\"><img loading=\"lazy\" decoding=\"async\" src=\"https:\/\/www.baler-machines.com\/wp-content\/uploads\/2019\/12\/waste-metal-scraps-are-baled-for-recycling.jpg\" alt=\"Altmetallabf\u00e4lle werden f\u00fcr das Recycling zu Ballen gepresst\" class=\"wp-image-466\" width=\"597\" height=\"489\" title=\"\"><figcaption>Altmetallabf\u00e4lle werden f\u00fcr das Recycling zu Ballen gepresst<\/figcaption><\/figure> <\/div>   <h2 class=\"wp-block-heading\" id=\"h-technical-data-of-the-iron-wires-baling-machine\"><strong>Technische Daten der Ballenpresse f\u00fcr Eisendr\u00e4hte<\/strong><strong><\/strong><\/h2>    <figure class=\"wp-block-table\"><table><tbody><tr><td>Modell<\/td><td>Push-Power<\/td><td>Komprimiertes Lager (mm)<\/td><td>Ballengr\u00f6\u00dfe<br>(mm)<\/td><td>Blockdichte (kg\/h)<\/td><td>&nbsp;Effizienz (kg\/h)<\/td><td>Einzelzykluszeit(en)<\/td><td>Leistung (kW)<\/td><\/tr><tr><td>Y81-1250A<\/td><td>1250<\/td><td>1200*700*600<\/td><td>300*300<\/td><td>\u22652000<\/td><td>1200-1800<\/td><td>\u2264120<\/td><td>15<\/td><\/tr><tr><td>Y81-1250B<\/td><td>1250<\/td><td>1400*800*700<\/td><td>300*300<\/td><td>\u22652000<\/td><td>1600-2300<\/td><td>\u2264140<\/td><td>15<\/td><\/tr><tr><td>Y81-1350<\/td><td>1350<\/td><td>1400*600*600<\/td><td>600*240<\/td><td>\u22652000<\/td><td>1600-2500<\/td><td>\u2264100<\/td><td>18.5<\/td><\/tr><tr><td>Y81-1600A<\/td><td>1600<\/td><td>1600*1000*800<\/td><td>400*400<\/td><td>\u22652000<\/td><td>2000-3500<\/td><td>\u2264120<\/td><td>22<\/td><\/tr><tr><td>Y81-1600B<\/td><td>1600<\/td><td>1600*1200*800<\/td><td>400*400<\/td><td>\u22652000<\/td><td>2000-4000<\/td><td>\u2264130<\/td><td>30<\/td><\/tr><tr><td>Y81-2000A<\/td><td>2000<\/td><td>1600*1200*800<\/td><td>400*400<\/td><td>\u22652000<\/td><td>2500-4500<\/td><td>\u2264130<\/td><td>22\/15<\/td><\/tr><tr><td>Y81-2000B<\/td><td>2000<\/td><td>1800*1400*900<\/td><td>450*450<\/td><td>\u22652000<\/td><td>3000-5000<\/td><td>\u2264130<\/td><td>30\/37<\/td><\/tr><tr><td>Y81-2500A<\/td><td>2500<\/td><td>2000*1400*900<\/td><td>500*500<\/td><td>\u22652000<\/td><td>4000-6300<\/td><td>\u2264130<\/td><td>44\/60<\/td><\/tr><tr><td>Y81-2500B<\/td><td>2500<\/td><td>2000*1750*1000<\/td><td>500*500<\/td><td>\u22652000<\/td><td>5000-6300<\/td><td>\u2264150<\/td><td>44<\/td><\/tr><tr><td>Y81-2500C<\/td><td>2500<\/td><td>2000*1750*1200<\/td><td>600*600<\/td><td>\u22652000<\/td><td>5500-6500<\/td><td>\u2264150<\/td><td>60<\/td><\/tr><tr><td>Y81-2500D<\/td><td>2500<\/td><td>2500*2000*1200<\/td><td>600*600<\/td><td>\u22652000<\/td><td>5500-6500<\/td><td>\u2264150<\/td><td>60<\/td><\/tr><tr><td>Y81-3150A<\/td><td>3150<\/td><td>2000*1750*1000<\/td><td>500*500<\/td><td>\u22652000<\/td><td>4000-6500<\/td><td>\u2264150<\/td><td>60<\/td><\/tr><tr><td>Y81-3150B<\/td><td>3150<\/td><td>2000*1750*1200<\/td><td>600*600<\/td><td>\u22652000<\/td><td>5000-7000<\/td><td>\u2264150<\/td><td>60<\/td><\/tr><tr><td>Y81-3150C<\/td><td>3150<\/td><td>2500*2000*1200<\/td><td>600*600<\/td><td>\u22652000<\/td><td>6000-8000<\/td><td>\u2264150<\/td><td>90<\/td><\/tr><tr><td>Y81-3150D<\/td><td>3150<\/td><td>3000*2500*1200<\/td><td>600*600<\/td><td>\u22652000<\/td><td>6000-8000<\/td><td>\u2264160<\/td><td>90<\/td><\/tr><tr><td>Y81-4000A<\/td><td>4000<\/td><td>2500*2000*1200<\/td><td>600*600<\/td><td>\u22652000<\/td><td>5000-7500<\/td><td>\u2264160<\/td><td>90<\/td><\/tr><tr><td>Y81-4000B<\/td><td>4000<\/td><td>3000*2500*1200<\/td><td>600*600<\/td><td>\u22652000<\/td><td>8500-13000<\/td><td>\u2264160<\/td><td>90<\/td><\/tr><tr><td>Y81-4000C<\/td><td>4000<\/td><td>3500*3000*1200<\/td><td>600*600<\/td><td>\u22652000<\/td><td>9500-14000<\/td><td>\u2264160<\/td><td>90<\/td><\/tr><\/tbody><\/table><\/figure>","protected":false},"excerpt":{"rendered":"<p>Diese Blechpressmaschine f\u00fcr Eisenabf\u00e4lle kann alle Arten von Eisenblechen, Eisen Dr\u00e4hten und Eisenabf\u00e4llen unter dem hydraulischen Druck der Maschinen in kubische oder zylindrische Briketts pressen.<\/p>","protected":false},"author":1,"featured_media":2675,"parent":0,"template":"","tags":[159,22,209,595],"product-type":[563],"class_list":["post-461","product","type-product","status-publish","has-post-thumbnail","hentry","tag-metal-baler","tag-metal-baling-machine","tag-scrap-metal-baling-machine","tag-waste-iron-baler-machine","product-type-baler-machine"],"_links":{"self":[{"href":"https:\/\/www.baler-machines.com\/de\/wp-json\/wp\/v2\/product\/461","targetHints":{"allow":["GET"]}}],"collection":[{"href":"https:\/\/www.baler-machines.com\/de\/wp-json\/wp\/v2\/product"}],"about":[{"href":"https:\/\/www.baler-machines.com\/de\/wp-json\/wp\/v2\/types\/product"}],"author":[{"embeddable":true,"href":"https:\/\/www.baler-machines.com\/de\/wp-json\/wp\/v2\/users\/1"}],"wp:featuredmedia":[{"embeddable":true,"href":"https:\/\/www.baler-machines.com\/de\/wp-json\/wp\/v2\/media\/2675"}],"wp:attachment":[{"href":"https:\/\/www.baler-machines.com\/de\/wp-json\/wp\/v2\/media?parent=461"}],"wp:term":[{"taxonomy":"post_tag","embeddable":true,"href":"https:\/\/www.baler-machines.com\/de\/wp-json\/wp\/v2\/tags?post=461"},{"taxonomy":"product-type","embeddable":true,"href":"https:\/\/www.baler-machines.com\/de\/wp-json\/wp\/v2\/product-type?post=461"}],"curies":[{"name":"wp","href":"https:\/\/api.w.org\/{rel}","templated":true}]}}