{"id":4339,"date":"2026-04-24T14:49:56","date_gmt":"2026-04-24T06:49:56","guid":{"rendered":"https:\/\/www.baler-machines.com\/?post_type=product&#038;p=4339"},"modified":"2026-04-24T17:56:08","modified_gmt":"2026-04-24T09:56:08","slug":"vertical-tyre-baler-for-sale","status":"publish","type":"product","link":"https:\/\/www.baler-machines.com\/de\/vertical-tyre-baler-for-sale\/","title":{"rendered":"Vertikale Reifenpresse zum Verkauf"},"content":{"rendered":"<p class=\"translation-block\">Shuliy vertikale <strong>Reifenpresse<\/strong> ist f\u00fcr das Recycling und die Verdichtung von Altreifen konzipiert. Sie komprimiert Abfallreifen zu hochdichten rechteckigen Bl\u00f6cken, reduziert deren Volumen erheblich, um Lagerung und Transport zu erleichtern, und verbessert die Recyclingeffizienz und Logistikmanagement.<\/p>    <p class=\"translation-block\">Die Ballengr\u00f6\u00dfe ist <strong>1500 mm* 1000 mm*1200 mm (L*B*H)<\/strong>, mit einem Ballengewicht von <strong>1,2 t<\/strong> und einer Kapazit\u00e4t von <strong>3\u20134 Ballen\/Stunde.<\/strong> Die Ballendichte betr\u00e4gt <strong>\u2265300-400kg\/m<sup>3<\/sup><\/strong>.<\/p>    <p>Sie wird h\u00e4ufig in Recyclingzentren f\u00fcr Altreifen, Abfallverarbeitungsanlagen, Gummi-Recyclingfirmen und st\u00e4dtischen Umweltschutzprojekten eingesetzt.<\/p>    <figure class=\"wp-block-embed is-type-video is-provider-youtube wp-block-embed-youtube wp-embed-aspect-16-9 wp-has-aspect-ratio\"><div class=\"wp-block-embed__wrapper\"> <iframe loading=\"lazy\" title=\"Vertikale Hydraulikreifenpresse f\u00fcr Recycling | Hochdichte Abfallreifenkompressionsmaschine #Reifen\" width=\"500\" height=\"281\" src=\"https:\/\/www.youtube.com\/embed\/M0gsUKjVAxA?feature=oembed\" frameborder=\"0\" allow=\"accelerometer; autoplay; clipboard-write; encrypted-media; gyroscope; picture-in-picture; web-share\" referrerpolicy=\"strict-origin-when-cross-origin\" allowfullscreen><\/iframe> <\/div><figcaption class=\"wp-element-caption\">Video der Reifenkompressionsmaschine<\/figcaption><\/figure>    <h2 class=\"wp-block-heading\"><strong>Technische Parameter der vertikalen Reifenpresse<\/strong><\/h2>    <p>Die vertikale Presse, die typischerweise f\u00fcr Reifenballen verwendet wird, ist das Modell 200T. Die spezifischen Spezifikationen sind in der Tabelle unten aufgef\u00fchrt.<\/p>    <figure class=\"wp-block-table\"><table class=\"has-fixed-layout\"><tbody><tr><td colspan=\"2\">Modell<\/td><td colspan=\"2\">Modell 200 Vertikale Reifenpresse<\/td><\/tr><tr><td colspan=\"2\">Hydraulikventil<\/td><td colspan=\"2\">ZDL-L20-2W<\/td><\/tr><tr><td colspan=\"2\">\u00d6lpumpe<\/td><td colspan=\"2\">HY80 Variabler Hochdruckkolbenpumpe<\/td><\/tr><tr><td colspan=\"2\">Hauptdruckzylinder<\/td><td colspan=\"2\">\u00c4u\u00dferdurchmesser: \u0424220mm-1500mm \u00d7 2<\/td><\/tr><tr><td colspan=\"2\">T\u00fcr\u00f6ffnungszylinder<\/td><td colspan=\"2\">\u00c4u\u00dferdurchmesser: \u0424114mm-400mm \u00d7 2<\/td><\/tr><tr><td colspan=\"2\" rowspan=\"2\">Motor<\/td><td>Hauptmotor<\/td><td>Motorhersteller<\/td><\/tr><tr><td>22KW<\/td><td>Hujiang Motorfabrik<\/td><\/tr><tr><td colspan=\"2\" rowspan=\"2\">Systembetriebsparameter<\/td><td colspan=\"2\">Betriebsdruck: 20MPa<\/td><\/tr><tr><td colspan=\"2\">Nenndruck: 31,5 MPa<\/td><\/tr><tr><td colspan=\"2\">Netzspannungs-Spezifikationen<\/td><td colspan=\"2\">Drehstrom, 380V<\/td><\/tr><tr><td colspan=\"2\">Steuerungssystem<\/td><td colspan=\"2\">Unabh\u00e4ngiger Steuerungsschrank (mit Leckageschutz)<\/td><\/tr><tr><td colspan=\"2\" rowspan=\"2\">Hydraulik\u00f6lqualit\u00e4t<\/td><td colspan=\"2\">#46 Anti-Abnutzungs-Hydraulik\u00f6l<\/td><\/tr><tr><td colspan=\"2\">\u00d6ltankkapazit\u00e4t: 600L<\/td><\/tr><tr><td colspan=\"2\">Balleningssystem<\/td><td colspan=\"2\">8-Draht-Bindung (Stahlwireb\u00e4nder)<\/td><\/tr><tr><td rowspan=\"8\">Maschinenspezifikationen<\/td><td rowspan=\"2\">Fu\u00dfabdruck<\/td><td colspan=\"2\">(L x B x H) 5300mm*5000mm*4500mm<\/td><\/tr><tr><td colspan=\"2\">Hauptger\u00e4t   Hydraulikstation (Transversale Anordnung)<\/td><\/tr><tr><td>F\u00fctterungs\u00f6ffnung Ma\u00dfe<\/td><td colspan=\"2\">(L x B) 1600mm*1000mm<\/td><\/tr><tr><td>Ballenma\u00df<\/td><td colspan=\"2\">L 1500 mm * B 1000 mm * H 1200 mm<\/td><\/tr><tr><td>Ballen-Dichte<\/td><td colspan=\"2\">\u2265300-400kg\/m<sup>3<\/sup><\/td><\/tr><tr><td>Ausgabe<\/td><td colspan=\"2\">3\u20134 Ballen\/Stunde<\/td><\/tr><tr><td>Ballengewicht<\/td><td colspan=\"2\">1,2 Tonnen<\/td><\/tr><tr><td>Gewicht<\/td><td colspan=\"2\">Ca. 6 Tonnen<\/td><\/tr><\/tbody><\/table><figcaption class=\"wp-element-caption\">Parameter der 200T Reifenballenpresse<\/figcaption><\/figure>    <h2 class=\"wp-block-heading\"><strong>Vorteile von <strong>Hydraulik<\/strong><\/strong> <strong>Reifenballenpresse<\/strong><\/h2>    <ul class=\"wp-block-list\"> <li>Hydraulischer Betrieb, kompaktes Design, und <strong>Kleiner Fu\u00dfabdruck<\/strong><\/li>    <li><strong>Tragbare Installation<\/strong>Einfache Bedienung und Wartung<\/li>    <li>Zuverl\u00e4ssige Abdichtung, hohe Stabilit\u00e4t und kontinuierlicher Betrieb<\/li>    <li><strong>Flexible Anpassung<\/strong> von <strong>Ballen-Spezifikationen und Abmessungen<\/strong> f\u00fcr einfachen Transport und Lagerung<\/li>    <li><strong>Hochdichte Kompression<\/strong>, spart Arbeits- und Transportkosten<\/li>    <li><strong>Breite Anwendungen<\/strong> verschiedene Reifenarten <ul class=\"wp-block-list\"> <li>Autoreifen<\/li>    <li>LKW-Reifen<\/li>    <li>OTR-Reifen<\/li> <\/ul> <\/li>    <li><strong>Kundenspezifisch<\/strong> Konfigurationen auf Anfrage erh\u00e4ltlich <ul class=\"wp-block-list\"> <li>Maschinenfarbe<\/li>    <li>Maschinenspannung und Leistung<\/li>    <li>Ballengr\u00f6\u00dfe<\/li> <\/ul> <\/li> <\/ul>    <h2 class=\"wp-block-heading\"><strong>Vergleich vertikale vs horizontale Reifenpresse<\/strong><\/h2>    <p class=\"translation-block\">F\u00fcr Reifenballen haben wir zwei Typen von Reifenballenpressen eingef\u00fchrt: <strong>Vertikale Reifenpresse<\/strong> und <strong><a href=\"https:\/\/www.baler-machines.com\/de\/hydraulic-tyre-tire-baler-for-sale\/\">Horizontale Reifenpresse<\/a><\/strong>.<\/p>    <p>Der Vergleich der beiden Pressen ist:<\/p>    <figure class=\"wp-block-table\"><table><tbody><tr><td><strong>Ballenart<\/strong><\/td><td><strong>Vertikale Reifenpresse<\/strong><\/td><td><strong>Horizontaler Reifenb\u00fcndler<\/strong><\/td><\/tr><tr><td><strong>Anwendungen<\/strong><\/td><td>Sammelstellen f\u00fcr Altreifen und kleine Recyclinganlagen mit begrenztem Platz<\/td><td>Gro\u00dfe Abfallverarbeitungsanlagen, Exporth\u00e4ndler<\/td><\/tr><tr><td><strong>Wichtige Merkmale<\/strong><\/td><td>Kompakter Fu\u00dfabdruck<br>Einfache Bedienung<br>Einfache Wartung<\/td><td>Gro\u00dfer Fu\u00dfabdruck<br>Hohe Presskraft<br>Hoher Output<br>Hohe kontinuierliche Betriebseffizienz<\/td><\/tr><tr><td><strong>F\u00fctterungsmethode<\/strong><\/td><td>Manuelle oder Kranbeladung<\/td><td>Automatisches Beladen via F\u00f6rderband\/Kran<\/td><\/tr><tr><td><strong>Geeignete Skala<\/strong><\/td><td>Kleine bis mittlere Verarbeitungskapazit\u00e4t<\/td><td>Gro\u00df angelegte kontinuierliche Produktionslinien<\/td><\/tr><\/tbody><\/table><figcaption class=\"wp-element-caption\">vertikale Reifenpresse vs. horizontale Reifenpresse<\/figcaption><\/figure>    <ul class=\"wp-block-list\"> <li>Empfohlen f\u00fcr kleine Recyclingzentren oder KMU: <strong>Vertikale Reifenpresse<\/strong>\u2014Bietet ein hervorragendes Preis-Leistungs-Verh\u00e4ltnis, ben\u00f6tigt minimalen Platz und ist einfach zu bedienen.<\/li>    <li>Empfohlen f\u00fcr gro\u00dfe Recyclinganlagen oder Exporteure: <strong>Horizontaler Reifenb\u00fcndler<\/strong>\u2014Ideal f\u00fcr kontinuierliche, hochvolumige Operationen und hohe Produktionsanforderungen; unterst\u00fctzt integrierte Recyclingl\u00f6sungen.<\/li> <\/ul>    <figure class=\"wp-block-gallery has-nested-images columns-default is-cropped wp-block-gallery-2 is-layout-flex wp-block-gallery-is-layout-flex\"><div class=\"wp-block-image\"> <figure class=\"aligncenter size-large\"><img loading=\"lazy\" decoding=\"async\" width=\"720\" height=\"540\" data-id=\"4188\" src=\"https:\/\/www.baler-machines.com\/wp-content\/uploads\/2025\/05\/shuliy-tire-baling-machine.webp\" alt=\"Shuliy Reifenpressmaschine\" class=\"wp-image-4188\" title=\"\" srcset=\"https:\/\/www.baler-machines.com\/wp-content\/uploads\/2025\/05\/shuliy-tire-baling-machine.webp 720w, https:\/\/www.baler-machines.com\/wp-content\/uploads\/2025\/05\/shuliy-tire-baling-machine-16x12.webp 16w\" sizes=\"auto, (max-width: 720px) 100vw, 720px\" \/><\/figure> <\/div><\/figure>    <h2 class=\"wp-block-heading\"><strong>Einzigartiges Strukturdesign der vertikalen Reifenpresse<\/strong><\/h2>    <p class=\"translation-block\">Die <strong>vertikale Reifenpressmaschine<\/strong> verf\u00fcgt \u00fcber eine <strong>einzigartige und durchdachte Struktur<\/strong>, die hohe Effizienz, Sicherheit und einfache Bedienung gew\u00e4hrleistet.<\/p>    <ol class=\"wp-block-list\"> <li>Anti-Rebound-Mechanismus <ul class=\"wp-block-list\"> <li><strong>Sicherheit f\u00fcr Bediener gew\u00e4hrleisten<\/strong>, sch\u00fctzt das Hydrauliksystem und produziert <strong>einheitliche, hochdichte Reifenballen<\/strong><\/li> <\/ul> <\/li>    <li>Automatisches Ballenauswurfssystem <ul class=\"wp-block-list\"> <li><strong>Manuelle Arbeit reduzieren<\/strong>, Effizienzsteigerung und Minimierung des Verletzungsrisikos beim Umgang mit schweren Ballen<\/li> <\/ul> <\/li>    <li>Kompaktes vertikales Design <ul class=\"wp-block-list\"> <li><strong>Platz sparen<\/strong>, einfache Integration mit Greiferzuf\u00fchrern oder F\u00f6rdersystemen<\/li> <\/ul> <\/li>    <li>Robustes Hydrauliksystem <ul class=\"wp-block-list\"> <li>Sicherstellen <strong>Langlebig, stabiler Betrieb<\/strong> Auch bei kontinuierlicher Schwerarbeit<\/li> <\/ul> <\/li> <\/ol>   <div class=\"wp-block-image\"> <figure class=\"aligncenter size-full\"><img loading=\"lazy\" decoding=\"async\" width=\"720\" height=\"540\" src=\"https:\/\/www.baler-machines.com\/wp-content\/uploads\/2026\/04\/design-of-waste-tyre-baler-machine.webp\" alt=\"Design der Altreifenpresse\" class=\"wp-image-4343\" title=\"\" srcset=\"https:\/\/www.baler-machines.com\/wp-content\/uploads\/2026\/04\/design-of-waste-tyre-baler-machine.webp 720w, https:\/\/www.baler-machines.com\/wp-content\/uploads\/2026\/04\/design-of-waste-tyre-baler-machine-16x12.webp 16w\" sizes=\"auto, (max-width: 720px) 100vw, 720px\" \/><figcaption class=\"wp-element-caption\">Design der Altreifenpresse<\/figcaption><\/figure> <\/div>   <p class=\"translation-block\"><strong>Vorteil f\u00fcr Kunden:<\/strong><\/p>    <p class=\"translation-block\">Dieses Design erm\u00f6glicht Recyclingunternehmen, <strong>Reifen sicher und effizient zu komprimieren<\/strong>, den Lagerraum zu maximieren, Arbeitskosten zu senken und eine gleichbleibende Ballenqualit\u00e4t zu gew\u00e4hrleisten, was die Abl\u00e4ufe reibungsloser und kosteneffektiver macht.<\/p>    <h2 class=\"wp-block-heading\"><strong>What&#8217;s the hydraulic tyre baler price?<\/strong><\/h2>    <p class=\"translation-block\">F\u00fcr diese vertikale hydraulische Reifenpresse liegt der Preis bei <strong><em>$3.000-10.000 pro Einheit<\/em><\/strong>.<\/p>    <p>Der Maschinenpreis wird beeinflusst durch:<\/p>    <ul class=\"wp-block-list\"> <li>Druck (Tonnen)<\/li>    <li>Funktionale Spezifikationen<\/li>    <li>Anpassungsanforderungen<\/li> <\/ul>    <p class=\"translation-block\"><strong>Kontaktieren Sie uns noch heute f\u00fcr ein pr\u00e4zises Angebot f\u00fcr vertikale Reifenpressen und eine ma\u00dfgeschneiderte L\u00f6sung<\/strong>, die auf Ihre Produktionsbed\u00fcrfnisse zugeschnitten ist!<\/p>    <h2 class=\"wp-block-heading\"><strong>Warum Shuliy-Reifenkompressor w\u00e4hlen?<\/strong><\/h2>    <ul class=\"wp-block-list\"> <li>Umfangreiche Erfahrung <ul class=\"wp-block-list\"> <li>Jahre der Spezialisierung auf Reifenrecycling und die Herstellung hydraulischer Ballenpressen<\/li> <\/ul> <\/li>    <li>Gro\u00dfe Auswahl <ul class=\"wp-block-list\"> <li>Bietet eine Vielzahl von vertikalen und horizontalen Modellen, um unterschiedliche Kundenbed\u00fcrfnisse zu erf\u00fcllen<\/li> <\/ul> <\/li>    <li>Stabil und zuverl\u00e4ssig <ul class=\"wp-block-list\"> <li>Hochwertige Hydrauliksysteme und Kernkomponenten gew\u00e4hrleisten einen kontinuierlichen Betrieb<\/li> <\/ul> <\/li>    <li>Ma\u00dfgeschneiderte L\u00f6sungen <ul class=\"wp-block-list\"> <li>Ma\u00dfgeschneidert auf den Standort des Kunden, Abfallart und Produktionsvolumen<\/li> <\/ul> <\/li>    <li>Schnelle Lieferung und After-Sales-Support <ul class=\"wp-block-list\"> <li>Schulung des Bedieners, Installationsanleitung und ein Jahr Garantie inklusive<\/li> <\/ul> <\/li> <\/ul>    <h2 class=\"wp-block-heading\"><strong>FAQ der vertikalen Reifenpresse<\/strong><\/h2>   <div id=\"rank-math-faq\" class=\"rank-math-block\"> <div class=\"rank-math-list\"> <div id=\"faq-question-1777002513670\" class=\"rank-math-list-item\"> <h3 class=\"rank-math-question\">Welche Reifenarten k\u00f6nnen komprimiert werden?<\/h3> <div class=\"rank-math-answer\">  <p>PKW-Reifen, LKW-Reifen, Motorradreifen und andere.<\/p>  <\/div> <\/div> <div id=\"faq-question-1777002519761\" class=\"rank-math-list-item\"> <h3 class=\"rank-math-question\">Wie gro\u00df sind die Abmessungen und die Dichte der komprimierten Ballen?<\/h3> <div class=\"rank-math-answer\">  <p>Ballenma\u00dfe sind anpassbar; die Standardgr\u00f6\u00dfe ist 1500 \u00d7 1000 \u00d7 1200 mm, mit einer Dichte von 300\u2013400 kg\/m\u00b3.<\/p>  <\/div> <\/div> <div id=\"faq-question-1777002530361\" class=\"rank-math-list-item\"> <h3 class=\"rank-math-question\">Kann die Spannung angepasst werden?<\/h3> <div class=\"rank-math-answer\">  <p>Wir unterst\u00fctzen 380V\/50Hz Drehstrom; andere Spannungen k\u00f6nnen auf Anfrage angepasst werden.<\/p>  <\/div> <\/div> <div id=\"faq-question-1777002539208\" class=\"rank-math-list-item\"> <h3 class=\"rank-math-question\">Wie ist Ihr After-Sales-Service?<\/h3> <div class=\"rank-math-answer\">  <p>Wir bieten eine einj\u00e4hrige Garantie, Fernsupport und Schulung f\u00fcr Bediener.<\/p>  <\/div> <\/div> <\/div> <\/div>   <h2 class=\"wp-block-heading\"><strong>Kontaktieren Sie uns jetzt f\u00fcr ein Angebot!<\/strong><\/h2>    <p>If you&#8217;re looking for a vertical tyre baler, Shuliy offers:<\/p>    <ul class=\"wp-block-list\"> <li>Hohe Presskraft und automatisierte Steuerung<\/li>    <li>Ein breites Spektrum an Tonnagen und kundenspezifischen L\u00f6sungen<\/li>    <li>Schnelle Lieferung und professioneller Kundendienst<\/li> <\/ul>    <p>Kontaktieren Sie uns noch heute f\u00fcr das beste Angebot und eine ma\u00dfgeschneiderte L\u00f6sung!<\/p>    <figure class=\"wp-block-embed is-type-video is-provider-youtube wp-block-embed-youtube wp-embed-aspect-16-9 wp-has-aspect-ratio\"><div class=\"wp-block-embed__wrapper\"> <iframe loading=\"lazy\" title=\"Hydraulische vertikale Ballenpresse f\u00fcr Pkw-Reifen, Lkw-Reifen, Gummireifen usw. #recyclingbusiness\" width=\"500\" height=\"281\" src=\"https:\/\/www.youtube.com\/embed\/R5UJdLGn14A?start=4&#038;feature=oembed\" frameborder=\"0\" allow=\"accelerometer; autoplay; clipboard-write; encrypted-media; gyroscope; picture-in-picture; web-share\" referrerpolicy=\"strict-origin-when-cross-origin\" allowfullscreen><\/iframe> <\/div><figcaption class=\"wp-element-caption\">Video der vertikalen Reifenpressenausr\u00fcstung<\/figcaption><\/figure>","protected":false},"excerpt":{"rendered":"<p>Shuliy vertical tyre baler is designed for the recycling and compaction of waste tires. It compresses waste tires into high-density rectangular blocks, significantly reducing their volume to facilitate storage and transportation, thereby improving recycling efficiency and logistics management. The bale size is 1500 mm* 1000 mm*1200 mm(L*W*H), with a bale weight of 1.2 t and [&hellip;]<\/p>\n","protected":false},"author":1,"featured_media":4340,"parent":0,"template":"","tags":[414,635],"product-type":[563],"class_list":["post-4339","product","type-product","status-publish","has-post-thumbnail","hentry","tag-baler","tag-tire","product-type-baler-machine"],"_links":{"self":[{"href":"https:\/\/www.baler-machines.com\/de\/wp-json\/wp\/v2\/product\/4339","targetHints":{"allow":["GET"]}}],"collection":[{"href":"https:\/\/www.baler-machines.com\/de\/wp-json\/wp\/v2\/product"}],"about":[{"href":"https:\/\/www.baler-machines.com\/de\/wp-json\/wp\/v2\/types\/product"}],"author":[{"embeddable":true,"href":"https:\/\/www.baler-machines.com\/de\/wp-json\/wp\/v2\/users\/1"}],"wp:featuredmedia":[{"embeddable":true,"href":"https:\/\/www.baler-machines.com\/de\/wp-json\/wp\/v2\/media\/4340"}],"wp:attachment":[{"href":"https:\/\/www.baler-machines.com\/de\/wp-json\/wp\/v2\/media?parent=4339"}],"wp:term":[{"taxonomy":"post_tag","embeddable":true,"href":"https:\/\/www.baler-machines.com\/de\/wp-json\/wp\/v2\/tags?post=4339"},{"taxonomy":"product-type","embeddable":true,"href":"https:\/\/www.baler-machines.com\/de\/wp-json\/wp\/v2\/product-type?post=4339"}],"curies":[{"name":"wp","href":"https:\/\/api.w.org\/{rel}","templated":true}]}}