{"id":431,"date":"2019-12-17T10:02:50","date_gmt":"2019-12-17T10:02:50","guid":{"rendered":"https:\/\/www.baler-machines.com\/?p=431"},"modified":"2026-02-13T16:36:21","modified_gmt":"2026-02-13T08:36:21","slug":"aluminum-can-baler","status":"publish","type":"product","link":"https:\/\/www.baler-machines.com\/de\/aluminum-can-baler\/","title":{"rendered":"Aluminium-Dosenpresse | Hydraulische Schrottpressmaschine"},"content":{"rendered":"<p class=\"translation-block\">Die Aluminiumdosen-Ballenpresse ist die neu entwickelte <a href=\"https:\/\/www.baler-machines.com\/de\/vertical-baler-machine-for-waste-recycling\/\" target=\"_blank\" rel=\"noreferrer noopener\">hydraulische Ballenpresse<\/a> zum Recycling aller Arten von Metallkonserven, wie Aluminiumdosen, Konservenlebensmittelkartons, Getr\u00e4nkedosen, Milchproduktebeh\u00e4lter usw. Diese hydraulische Aluminiumdosenpressenmaschine ist besonders n\u00fctzlich zum Pressen und Ballieren aller Arten von Aluminiumdosen, Eisendosen, Farbdosen und Benzinkanistern zu festen Ballen. Die fertigen Ballen sind einfach zu transportieren und zu lagern. <\/p>    <p>Die hydraulische Aluminiumdosenpresse in dieser Branche nutzt hydraulischen Druck, um Metallrohstoffe in feste Bl\u00f6cke zu pressen. Der hydraulische Druck der Maschine kann je nach den unterschiedlichen zu verarbeitenden Rohstoffen und dem Verarbeitungsvolumen gew\u00e4hlt werden.<\/p>    <figure class=\"wp-block-embed is-type-video is-provider-youtube wp-block-embed-youtube wp-embed-aspect-16-9 wp-has-aspect-ratio\"><div class=\"wp-block-embed__wrapper\"> <iframe loading=\"lazy\" title=\"Aluminiumdosenb\u00fcndelmaschine | Hydraulischer Schrottmetall-Recycling-B\u00fcndelmaschine Arbeitsvideo #b\u00fcndel #recycling\" width=\"500\" height=\"281\" src=\"https:\/\/www.youtube.com\/embed\/76vzjCJVgj4?feature=oembed\" frameborder=\"0\" allow=\"accelerometer; autoplay; clipboard-write; encrypted-media; gyroscope; picture-in-picture; web-share\" referrerpolicy=\"strict-origin-when-cross-origin\" allowfullscreen><\/iframe> <\/div><figcaption class=\"wp-element-caption\">Video eines hydraulischen Blechpressens f\u00fcr Aluminiumdosen <\/figcaption><\/figure>    <h2 class=\"wp-block-heading\" id=\"h-why-recycle-aluminum-cans-with-the-hydraulic-aluminum-can-baler\"><strong>Warum Aluminiumdosen mit der hydraulischen Aluminiumdosenpresse recyceln?<\/strong><\/h2>    <p>Aluminium ist eine sehr wertvolle Metallressource auf der Erde und wird auch h\u00e4ufig im Leben verwendet. Das Recycling von Aluminiumdosen ist oft wertvoller als Eisendosen. Der Preis f\u00fcr Aluminium kann mehr als 20.000 Yuan pro Tonne erreichen, w\u00e4hrend der Preis f\u00fcr Eisen weniger als 10.000 Yuan pro Tonne betr\u00e4gt. <\/p>    <p>Da die Zusammensetzung der Eisendose kompliziert ist, wird sie h\u00e4ufig mit Zinn und Zink beschichtet, und auch die Raffinierungskosten sind hoch. Aluminium in der Zusammensetzung von Aluminiumdosen ist viel reiner und l\u00e4sst sich leicht recyceln und wieder veredeln. Beim Recycling und der Verarbeitung von Aluminiumdosenabf\u00e4llen in gro\u00dfen Mengen sind hydraulische Aluminiumdosenpressen weit verbreitete Maschinen.<\/p>    <figure class=\"wp-block-gallery aligncenter has-nested-images columns-2 is-cropped wp-block-gallery-2 is-layout-flex wp-block-gallery-is-layout-flex\"> <figure class=\"wp-block-image size-large\"><img loading=\"lazy\" decoding=\"async\" width=\"720\" height=\"480\" data-id=\"619\" src=\"https:\/\/www.baler-machines.com\/wp-content\/uploads\/2019\/12\/Beverage-cans-for-recyling.jpg\" alt=\"Getr\u00e4nkedosen zum Recycling\" class=\"wp-image-619\" title=\"\"><figcaption class=\"wp-element-caption\">Getr\u00e4nkedosen zum Recycling<\/figcaption><\/figure>    <figure class=\"wp-block-image size-large\"><img loading=\"lazy\" decoding=\"async\" width=\"720\" height=\"480\" data-id=\"620\" src=\"https:\/\/www.baler-machines.com\/wp-content\/uploads\/2019\/12\/caned-food-cans-for-recycling.jpg\" alt=\"Konservendosen zum Recycling\" class=\"wp-image-620\" title=\"\"><figcaption class=\"wp-element-caption\">Konservendosen zum Recycling<\/figcaption><\/figure>    <figure class=\"wp-block-image size-large\"><img loading=\"lazy\" decoding=\"async\" width=\"720\" height=\"540\" data-id=\"621\" src=\"https:\/\/www.baler-machines.com\/wp-content\/uploads\/2019\/12\/aluminum-cans-bales.jpg\" alt=\"Aludosenballen\" class=\"wp-image-621\" title=\"\"><figcaption class=\"wp-element-caption\">Aluminiumdosenballen<\/figcaption><\/figure>    <figure class=\"wp-block-image size-large\"><img loading=\"lazy\" decoding=\"async\" width=\"720\" height=\"540\" data-id=\"622\" src=\"https:\/\/www.baler-machines.com\/wp-content\/uploads\/2019\/12\/cans-recycling-with-the-aluminum-can-baler.jpg\" alt=\"Dosenrecycling mit der Aluminiumdosenpresse\" class=\"wp-image-622\" title=\"\"><figcaption class=\"wp-element-caption\">Dosenrecycling mit der Aluminiumdosenpresse<\/figcaption><\/figure> <\/figure>    <h2 class=\"wp-block-heading\" id=\"h-what-are-the-functions-of-the-hydraulic-scrap-press-machine\"><strong>Welche Funktionen hat die hydraulische Schrottpressmaschine?<\/strong><\/h2>    <p>Beim Recycling gro\u00dfer Mengen an Aluminiumabf\u00e4llen wie Aluminiumdosen, Aluminiumblechen, Aluminiumschrott usw. sollten wir uns immer auf Ballenpressen verlassen, um diese Metallabf\u00e4lle zur einfachen Lagerung und zum Transport in kleine Bl\u00f6cke zu pressen. <\/p>    <p>Die hydraulische Schrottballenpresse ist das am h\u00e4ufigsten verwendete Metallrecyclingger\u00e4t zum schnellen Ballenpressen dieser Schrottmetalle mit weniger Abf\u00e4llen von Aluminiummaterialien und weniger Umweltverschmutzung.<\/p>   <div class=\"wp-block-image\"> <figure class=\"aligncenter size-full\"><img loading=\"lazy\" decoding=\"async\" width=\"720\" height=\"540\" src=\"https:\/\/www.baler-machines.com\/wp-content\/uploads\/2021\/12\/vertical-baler-machines.jpg\" alt=\"vertikale Ballenpressen\" class=\"wp-image-1309\" title=\"\"><figcaption class=\"wp-element-caption\">vertikale Ballenpressen<\/figcaption><\/figure> <\/div>   <h2 class=\"wp-block-heading\" id=\"h-the-main-features-of-the-aluminum-can-baler\"><strong>Die Hauptmerkmale der Aluminium-Dosenpresse<\/strong><\/h2>    <p>Eine Aluminiumdosenpresse ist eine energiesparende und umweltfreundliche Metallrecyclingmaschine. Es nutzt das Prinzip der hydraulischen Druckballenpressung, um Metallmaterialien wie Aluminiumdosen, Eisenklumpen usw. zu komprimieren und so das Recycling und die Wiederverwendung von Ressourcen zu realisieren. <\/p>    <p>Die Metallballer verwendet hydraulisches Getriebe und hat die Vorteile der kompakten Struktur, einer bequemen Installation, dem einfachen Betrieb und einer einfachen Wartung. Das Aluminium -Dose -Maschine ben\u00f6tigt bei der Installation keine Fu\u00dfschrauben, kombiniert alle Vorteile eines Packers und ist fortgeschrittene Ballenger\u00e4te.<\/p>    <figure class=\"wp-block-gallery has-nested-images columns-default is-cropped wp-block-gallery-3 is-layout-flex wp-block-gallery-is-layout-flex\"> <figure class=\"wp-block-image size-large\"><img loading=\"lazy\" decoding=\"async\" width=\"540\" height=\"540\" data-id=\"437\" src=\"https:\/\/www.baler-machines.com\/wp-content\/uploads\/2019\/12\/Vertical-metal-baler-machine-for-sale.jpg\" alt=\"Vertikale Ballenpresse aus Metall zu verkaufen\" class=\"wp-image-437\" title=\"\"><figcaption class=\"wp-element-caption\">Vertikale Metallballenpresse zu verkaufen<\/figcaption><\/figure>    <figure class=\"wp-block-image size-full\"><img loading=\"lazy\" decoding=\"async\" width=\"540\" height=\"540\" data-id=\"231\" src=\"https:\/\/www.baler-machines.com\/wp-content\/uploads\/2019\/12\/vertial-baler-manufacturer.jpg\" alt=\"Hersteller von vertikalen Ballenpressen\" class=\"wp-image-231\" title=\"\"><figcaption class=\"wp-element-caption\">Hersteller vertikaler Ballenpressen<\/figcaption><\/figure> <\/figure>    <h2 class=\"wp-block-heading\" id=\"h-how-much-is-an-aluminum-can-baler-machine\"><strong>Wie viel kostet eine Ballenpresse f\u00fcr Aluminiumdosen?<\/strong><\/h2>    <h3 class=\"wp-block-heading\"><strong>Arbeitskapazit\u00e4ten<\/strong><\/h3>    <p class=\"translation-block\">F\u00fcr die Schrottmetallpressung k\u00f6nnen wir von Shuliy Machinery eine komplette Reihe professioneller <a href=\"https:\/\/www.baler-machines.com\/de\/horizontal-metal-baler\/\" target=\"_blank\" rel=\"noreferrer noopener\">Metallballenpressen<\/a> mit unterschiedlichen Arbeitskapazit\u00e4ten anbieten. Unabh\u00e4ngig von der Verarbeitungskapazit\u00e4t Ihres Aluminiumdosen-Ballens und -Recyclings k\u00f6nnen wir Sie mit der am besten geeigneten Metallballenpresse unterst\u00fctzen. <\/p>    <h3 class=\"wp-block-heading\"><strong>Ballenpressentypen<\/strong><\/h3>    <p>Unsere Hei\u00dfverkaufs-Aluminium-Dosen Pressmaschinen sind haupts\u00e4chlich die vertikale Metallballenmaschine und der horizontale Metallballener. Diese beiden Arten von Aluminiumschrottballen k\u00f6nnen die unterschiedlichen Produktionsanforderungen der Kunden erf\u00fcllen. Der Kunde, der die Aluminiumdosen in kleinem Ma\u00dfstab verarbeiten m\u00f6chte, kann die vertikale Art der Ballenmaschine ausw\u00e4hlen, und der horizontale Metallballenzeug ist f\u00fcr gro\u00dfe Metallrecyclinganlagen geeignet.<\/p>    <figure class=\"wp-block-gallery aligncenter has-nested-images columns-default is-cropped wp-block-gallery-4 is-layout-flex wp-block-gallery-is-layout-flex\"> <figure class=\"wp-block-image size-full\"><img loading=\"lazy\" decoding=\"async\" width=\"405\" height=\"540\" data-id=\"511\" src=\"https:\/\/www.baler-machines.com\/wp-content\/uploads\/2020\/01\/hydraulic-metal-baler.jpg\" alt=\"hydraulische Metallballenpresse\" class=\"wp-image-511\" title=\"\"><figcaption class=\"wp-element-caption\">Hydraulische Metallballenpresse<\/figcaption><\/figure>    <figure class=\"wp-block-image size-large\"><img loading=\"lazy\" decoding=\"async\" width=\"720\" height=\"540\" data-id=\"465\" src=\"https:\/\/www.baler-machines.com\/wp-content\/uploads\/2019\/12\/Shuliy-metal-sheets-press-machine.jpg\" alt=\"Shuliy Blechpressmaschine\" class=\"wp-image-465\" title=\"\"><figcaption class=\"wp-element-caption\">Shuliy Blechpressmaschine<\/figcaption><\/figure> <\/figure>    <p>Daher sind auch die Preise f\u00fcr verschiedene Metallballenpressen unterschiedlich, und die Benutzer sollten diejenige kaufen, die ihren tats\u00e4chlichen Anforderungen am besten entspricht.<\/p>   <div class=\"wp-block-image is-resized\"> <figure class=\"aligncenter size-large\"><img loading=\"lazy\" decoding=\"async\" width=\"720\" height=\"540\" src=\"https:\/\/www.baler-machines.com\/wp-content\/uploads\/2019\/12\/baled-aluminum-cans-for-selling-with-good-price.jpg\" alt=\"Geballte Aluminiumdosen zum Verkauf zu einem guten Preis\" class=\"wp-image-435\" title=\"\"><figcaption class=\"wp-element-caption\">Geballte Aluminiumdosen zum Verkauf zu einem guten Preis<\/figcaption><\/figure> <\/div>   <figure class=\"wp-block-embed is-type-video is-provider-youtube wp-block-embed-youtube wp-embed-aspect-16-9 wp-has-aspect-ratio\"><div class=\"wp-block-embed__wrapper\"> <iframe loading=\"lazy\" title=\"Metallballenmaschine dr\u00fccken Aluminiumdosen in Bl\u00f6cke | Aluminiumdosenballenmaschine zum Recycling\" width=\"500\" height=\"281\" src=\"https:\/\/www.youtube.com\/embed\/26TAR_g6HSQ?feature=oembed\" frameborder=\"0\" allow=\"accelerometer; autoplay; clipboard-write; encrypted-media; gyroscope; picture-in-picture; web-share\" referrerpolicy=\"strict-origin-when-cross-origin\" allowfullscreen><\/iframe> <\/div><figcaption class=\"wp-element-caption\">Video von Metallballener f\u00fcr Aluminium kann recyceln<\/figcaption><\/figure>    <h2 class=\"wp-block-heading\"><strong>Parameter der Aluminiumdosenpresse<\/strong><\/h2>    <figure class=\"wp-block-table\"><table><tbody><tr><td>Modell<\/td><td>Druck<\/td><td>Motor<\/td><td>Das Volumen der inneren Box<\/td><td>Endg\u00fcltige Produktgr\u00f6\u00dfe<\/td><td>Kapazit\u00e4t<\/td><td>Gewicht<\/td><\/tr><tr><td>SL-HZ-15T<\/td><td>15T<\/td><td>5,5 kW<\/td><td>850*600*1300MM<\/td><td>890*610*500MM<\/td><td>1\u20131,5 t\/h<\/td><td>1T<\/td><\/tr><tr><td>SL-HZ-30T<\/td><td>30T<\/td><td>7,5 kW<\/td><td>800*400*1300MM<\/td><td>890*610*500MM<\/td><td>1,5\u20132 t\/h<\/td><td>1,5T<\/td><\/tr><tr><td>SL-HZ-60T<\/td><td>60T<\/td><td>7,5 kW<\/td><td>900*600*1300MM<\/td><td>900*610*500MM<\/td><td>2\u20132,5 t\/h<\/td><td>2T<\/td><\/tr><tr><td>SL-HZ-80T<\/td><td>80T<\/td><td>7,5 kW<\/td><td>1200*800*1500MM<\/td><td>1200*810*500MM<\/td><td>3\u20133,5 t\/h<\/td><td>3T<\/td><\/tr><tr><td>SL-HZ-100T<\/td><td>100T<\/td><td>15KW<\/td><td>1100*900*1500MM<\/td><td>1100*910*500MM<\/td><td>3,5\u20134 t\/h<\/td><td>3,5T<\/td><\/tr><tr><td>SL-HZ-120T<\/td><td>120T<\/td><td>18,5 kW<\/td><td>1200*100*1500MM<\/td><td>1200*100*500MM<\/td><td>4-5T\/H<\/td><td>4T<\/td><\/tr><\/tbody><\/table><figcaption class=\"wp-element-caption\">Spezifikationen des Aluminiumdosenb\u00fcndelmaschinen<\/figcaption><\/figure>    <p>Verschiedene Modelle von Aluminiumdosenkompressoren erzeugen unterschiedliche B\u00fcndelergebnisse. Je h\u00f6her der Druck der verwendeten Maschine, desto besser die B\u00fcndelwirkung. Zum Beispiel:<\/p>    <figure class=\"wp-block-table\"><table class=\"has-fixed-layout\"><tbody><tr><td>B\u00fcndelergebnis von 40-60T<\/td><td><img loading=\"lazy\" decoding=\"async\" width=\"150\" height=\"203\" class=\"wp-image-4319\" style=\"width: 150px;\" src=\"https:\/\/www.baler-machines.com\/wp-content\/uploads\/2019\/12\/40-60T-Bailing-Effect.webp\" alt=\"40-60T Bailing Effect\" title=\"\" srcset=\"https:\/\/www.baler-machines.com\/wp-content\/uploads\/2019\/12\/40-60T-Bailing-Effect.webp 530w, https:\/\/www.baler-machines.com\/wp-content\/uploads\/2019\/12\/40-60T-Bailing-Effect-9x12.webp 9w\" sizes=\"auto, (max-width: 150px) 100vw, 150px\" \/><\/td><\/tr><tr><td>B\u00fcndelergebnis von 100-120T<\/td><td><img loading=\"lazy\" decoding=\"async\" width=\"150\" height=\"219\" class=\"wp-image-4320\" style=\"width: 150px;\" src=\"https:\/\/www.baler-machines.com\/wp-content\/uploads\/2019\/12\/100-120T-Bailing-Effect.webp\" alt=\"100-120T Bailing Effect\" title=\"\" srcset=\"https:\/\/www.baler-machines.com\/wp-content\/uploads\/2019\/12\/100-120T-Bailing-Effect.webp 416w, https:\/\/www.baler-machines.com\/wp-content\/uploads\/2019\/12\/100-120T-Bailing-Effect-8x12.webp 8w\" sizes=\"auto, (max-width: 150px) 100vw, 150px\" \/><\/td><\/tr><\/tbody><\/table><figcaption class=\"wp-element-caption\">B\u00fcndelergebnis verschiedener B\u00fcndelmaschinen<\/figcaption><\/figure>","protected":false},"excerpt":{"rendered":"<p>Hydraulische Aluminiumdosenpresse (Metallpressmaschine) ist die neu gestaltete Metallabfallpressanlage zum Recycling verschiedener Metallreste, wie Aluminiumreste, Eisenbleche, Stahlreste, zerlegte Autoschalen und so weiter. <\/p>","protected":false},"author":1,"featured_media":4267,"parent":0,"template":"","tags":[157,537,574],"product-type":[563],"class_list":["post-431","product","type-product","status-publish","has-post-thumbnail","hentry","tag-aluminum-can-baler","tag-hydraulic-baler","tag-recycle-baler","product-type-baler-machine"],"_links":{"self":[{"href":"https:\/\/www.baler-machines.com\/de\/wp-json\/wp\/v2\/product\/431","targetHints":{"allow":["GET"]}}],"collection":[{"href":"https:\/\/www.baler-machines.com\/de\/wp-json\/wp\/v2\/product"}],"about":[{"href":"https:\/\/www.baler-machines.com\/de\/wp-json\/wp\/v2\/types\/product"}],"author":[{"embeddable":true,"href":"https:\/\/www.baler-machines.com\/de\/wp-json\/wp\/v2\/users\/1"}],"wp:featuredmedia":[{"embeddable":true,"href":"https:\/\/www.baler-machines.com\/de\/wp-json\/wp\/v2\/media\/4267"}],"wp:attachment":[{"href":"https:\/\/www.baler-machines.com\/de\/wp-json\/wp\/v2\/media?parent=431"}],"wp:term":[{"taxonomy":"post_tag","embeddable":true,"href":"https:\/\/www.baler-machines.com\/de\/wp-json\/wp\/v2\/tags?post=431"},{"taxonomy":"product-type","embeddable":true,"href":"https:\/\/www.baler-machines.com\/de\/wp-json\/wp\/v2\/product-type?post=431"}],"curies":[{"name":"wp","href":"https:\/\/api.w.org\/{rel}","templated":true}]}}