{"id":4160,"date":"2025-03-19T16:22:01","date_gmt":"2025-03-19T08:22:01","guid":{"rendered":"https:\/\/www.baler-machines.com\/?post_type=product&#038;p=4160"},"modified":"2025-03-19T16:22:19","modified_gmt":"2025-03-19T08:22:19","slug":"h-i-beam-cold-bending-machine","status":"publish","type":"product","link":"https:\/\/www.baler-machines.com\/de\/h-i-beam-cold-bending-machine\/","title":{"rendered":"H &amp; i-Strahlkaltbiegermaschine"},"content":{"rendered":"<p class=\"translation-block\">Diese <strong>Kaltbiegemaschine f\u00fcr I-Tr\u00e4ger<\/strong> ist eine hocheffiziente Ausr\u00fcstung, die zum Biegen von I-Tr\u00e4gern, H-Tr\u00e4gern, Kanalstahl, Rund- und Vierkantrohren usw. entwickelt wurde und in den Bereichen Bauwesen, Br\u00fcckenbau und Stahlbau weit verbreitet ist.<\/p>    <p>Formen dieser Ausr\u00fcstung k\u00f6nnen gem\u00e4\u00df der Nachfrage nach hydraulischer Hochleistungs\u00fcbertragung angepasst werden.<\/p>    <p>Unser automatischer Bogenbiegerautomat f\u00fcr Stahl-I-Strahlen ist hydraulisch angetrieben, mit einer starken Biegekapazit\u00e4t und einer pr\u00e4zisen Betriebsleistung, um die Kundendachfrage nach hochpr\u00e4ziser und hoher Effizienzverarbeitung zu befriedigen.<\/p>    <figure class=\"wp-block-embed is-type-video is-provider-youtube wp-block-embed-youtube wp-embed-aspect-16-9 wp-has-aspect-ratio\"><div class=\"wp-block-embed__wrapper\"> <iframe loading=\"lazy\" title=\"I-Beam &amp; H-Beam Cold Bieing Machine Arbeitsvideo\" width=\"500\" height=\"281\" src=\"https:\/\/www.youtube.com\/embed\/SxgJiCJH_DM?feature=oembed\" frameborder=\"0\" allow=\"accelerometer; autoplay; clipboard-write; encrypted-media; gyroscope; picture-in-picture; web-share\" referrerpolicy=\"strict-origin-when-cross-origin\" allowfullscreen><\/iframe> <\/div><figcaption class=\"wp-element-caption\">Automatische Kaltbiegermaschine f\u00fcr Stahl -I -Strahlen<\/figcaption><\/figure>    <h2 class=\"wp-block-heading\"><strong>Endprodukte der automatischen I-Strahlkalt-Biegermaschine<\/strong><\/h2>    <p>Unsere H-Tr\u00e4ger-Biegemaschine kann alle Arten von gebogenen, runden und speziell geformten Stahlkonstruktionen verarbeiten. Die fertigen Produkte sind je nach Kundenanforderungen unterschiedlich und werden in Projekten wie Br\u00fccken, Tunneln, U-Bahnen, Autobahnen, Stahlkonstruktionen f\u00fcr Geb\u00e4ude, Fabriktr\u00e4gern, Werbetafeln usw. weit verbreitet eingesetzt. Verschiedene Stahlbiegemuster und -genauigkeiten werden demonstriert:<\/p>    <figure class=\"wp-block-gallery has-nested-images columns-default is-cropped wp-block-gallery-2 is-layout-flex wp-block-gallery-is-layout-flex\"> <figure class=\"wp-block-image size-large\"><img loading=\"lazy\" decoding=\"async\" width=\"720\" height=\"540\" data-id=\"4167\" src=\"https:\/\/www.baler-machines.com\/wp-content\/uploads\/2025\/03\/end-products-of-I-steel-H-beam-bending-machine.webp\" alt=\"Endprodukte von I Steel H Strahl Biegermaschine\" class=\"wp-image-4167\" title=\"\" srcset=\"https:\/\/www.baler-machines.com\/wp-content\/uploads\/2025\/03\/end-products-of-I-steel-H-beam-bending-machine.webp 720w, https:\/\/www.baler-machines.com\/wp-content\/uploads\/2025\/03\/end-products-of-I-steel-H-beam-bending-machine-16x12.webp 16w\" sizes=\"auto, (max-width: 720px) 100vw, 720px\" \/><figcaption class=\"wp-element-caption\">Endprodukte von I Steel H Strahl Biegermaschine<\/figcaption><\/figure>    <figure class=\"wp-block-image size-large\"><img loading=\"lazy\" decoding=\"async\" width=\"720\" height=\"540\" data-id=\"4166\" src=\"https:\/\/www.baler-machines.com\/wp-content\/uploads\/2025\/03\/applications-of-automatic-H-beam-hydraulic-arch-bending-machine.webp\" alt=\"Anwendungen der automatischen H -Strahlhydraulikbogenmaschine\" class=\"wp-image-4166\" title=\"\" srcset=\"https:\/\/www.baler-machines.com\/wp-content\/uploads\/2025\/03\/applications-of-automatic-H-beam-hydraulic-arch-bending-machine.webp 720w, https:\/\/www.baler-machines.com\/wp-content\/uploads\/2025\/03\/applications-of-automatic-H-beam-hydraulic-arch-bending-machine-16x12.webp 16w\" sizes=\"auto, (max-width: 720px) 100vw, 720px\" \/><figcaption class=\"wp-element-caption\">Anwendungen der automatischen H -Strahlhydraulikbogenmaschine<\/figcaption><\/figure> <\/figure>    <h2 class=\"wp-block-heading\"><strong>Vorteile der hydraulischen Bogenbiegemaschine<\/strong><\/h2>    <p>Mit seiner leistungsstarken Leistung und dem effizienten Betrieb ist die I-Strahlkalt-Biegermaschine zum bevorzugten Ger\u00e4t f\u00fcr die Biegeverarbeitung von I-Beam geworden. Zu den Hauptvorteilen geh\u00f6ren:<\/p>    <ul class=\"wp-block-list\"> <li>Es funktioniert nach dem <strong>Hydraulikantrieb<\/strong> mit einer leistungsstarken Biegef\u00e4higkeit.<\/li>    <li>Ausgestattet mit einem intelligenten Steuerungssystem, hat die I-Beam Cold Bieing Machine <strong>Hochvorbereitungskontrolle f\u00fcr Biegewinkel<\/strong>.<\/li>    <li>Es gibt eine <strong>Einstellbarer Biegeradiusbereich von 2 m<\/strong>.<\/li>    <li><strong>Verwenden von hochwertigen Stahl- und Pr\u00e4zisionsteilen<\/strong>Die Ausr\u00fcstungsstruktur ist robust und langlebig, geeignet f\u00fcr eine gro\u00dfe und hochfeste Profilverarbeitung geeignet.<\/li>    <li>Das Hydrauliksystem arbeitet stabil mit <strong>Niedriger Energieverbrauch<\/strong>, was Kunden hilft, um <strong>Betriebskosten senken<\/strong>.<\/li>    <li>Mit <strong>humanisiertes Design und eine intuitive Betriebsoberfl\u00e4che<\/strong>Sogar der Anf\u00e4nger kann schnell loslegen.<\/li>    <li>Die Maschine hat <strong>Verschiedene Biegeabschnitte (Formen)<\/strong> um die Diffente -Stahlbiegeanforderungen zu erf\u00fcllen.<\/li> <\/ul>    <figure class=\"wp-block-gallery has-nested-images columns-default is-cropped wp-block-gallery-3 is-layout-flex wp-block-gallery-is-layout-flex\"> <figure class=\"wp-block-image size-large\"><img loading=\"lazy\" decoding=\"async\" width=\"720\" height=\"540\" data-id=\"4168\" src=\"https:\/\/www.baler-machines.com\/wp-content\/uploads\/2025\/03\/automatic-H-I-beam-arch-bending-machine.webp\" alt=\"Automatische H &amp; I Strahlbogenmaschine\" class=\"wp-image-4168\" title=\"\" srcset=\"https:\/\/www.baler-machines.com\/wp-content\/uploads\/2025\/03\/automatic-H-I-beam-arch-bending-machine.webp 720w, https:\/\/www.baler-machines.com\/wp-content\/uploads\/2025\/03\/automatic-H-I-beam-arch-bending-machine-16x12.webp 16w\" sizes=\"auto, (max-width: 720px) 100vw, 720px\" \/><figcaption class=\"wp-element-caption\">Automatische H- und I-Tr\u00e4ger-Bogenbiegemaschine<\/figcaption><\/figure>    <figure class=\"wp-block-image size-large\"><img loading=\"lazy\" decoding=\"async\" width=\"720\" height=\"540\" data-id=\"4169\" src=\"https:\/\/www.baler-machines.com\/wp-content\/uploads\/2025\/03\/moulds-of-I-beam-cold-bending-machine.webp\" alt=\"Formen der kalten Biegermaschine mit I-Strahl\" class=\"wp-image-4169\" title=\"\" srcset=\"https:\/\/www.baler-machines.com\/wp-content\/uploads\/2025\/03\/moulds-of-I-beam-cold-bending-machine.webp 720w, https:\/\/www.baler-machines.com\/wp-content\/uploads\/2025\/03\/moulds-of-I-beam-cold-bending-machine-16x12.webp 16w\" sizes=\"auto, (max-width: 720px) 100vw, 720px\" \/><figcaption class=\"wp-element-caption\">Formen der kalten Biegermaschine mit I-Strahl<\/figcaption><\/figure> <\/figure>    <h2 class=\"wp-block-heading\"><strong>Technische Parameter der H &amp; I-Strahlkalten Biegermaschine<\/strong><\/h2>    <p>Die folgenden Parameter dienen Ihrer Referenz, wenn Sie Ausr\u00fcstung ausw\u00e4hlen. Unsere Parameterinformationen umfassen anpassbare Materialien, Strom, Maschinengr\u00f6\u00dfe, Gewicht usw.<\/p>    <ul class=\"wp-block-list\"> <li><strong>Verarbeitungsbereich<\/strong>: 25# I-Strahl, 140h Stahl\/14 Kanalstahl, 150 Rundrohr\/150 Quadratr\u00f6hre<\/li>    <li><strong>Gesamtleistung<\/strong>: 3+3+3kw<\/li>    <li><strong>Biegeradiusbereich<\/strong>: 2m<\/li>    <li><strong>Hydrauliksystemdruck<\/strong>: 16mpa<\/li>    <li><strong>Hauptantriebsradgeschwindigkeit<\/strong>: 7.7r\/min<\/li>    <li><strong>Maschinengewicht<\/strong>: ungef\u00e4hr 1600 kg<\/li>    <li><strong>Gesamtabmessungen<\/strong>: 250*150*80 cm<\/li> <\/ul>    <h2 class=\"wp-block-heading\"><strong>Wie w\u00e4re es mit Shuliy I-Strahlkalt-Biegermaschinenpreis?<\/strong><\/h2>    <p>Der Preis unserer H\/I -Strahlbiegermaschine wird von dem Ger\u00e4temodell, dem Hydrauliksystemkonfiguration, den Anpassungsanforderungen usw. beeinflusst. <\/p>    <ul class=\"wp-block-list\"> <li><strong>Ger\u00e4tespezifikationen<\/strong>: Je gr\u00f6\u00dfer der Verarbeitungsbereich und desto leistungsf\u00e4higer die Ausr\u00fcstung, desto h\u00f6her der Preis.<\/li>    <li><strong>Konfigurationsstufe<\/strong>: Ob es mit einem CNC -numerischen Steuerungssystem, einem hydraulischen Systemebene usw. ausgestattet ist, usw.<\/li>    <li><strong>Anpassungsbedarf<\/strong>: Ein ma\u00dfgeschneidertes Design gem\u00e4\u00df den speziellen Bed\u00fcrfnissen des Kunden kann die Kosten erh\u00f6hen.<\/li> <\/ul>    <p>Shuliy h\u00e4lt sich immer an das Prinzip der hohen Kostenleistung und bietet Kunden eine qualitativ hochwertige Ausr\u00fcstung und einen perfekten Service. Wenn Sie ein detailliertes Angebot ben\u00f6tigen, kontaktieren Sie uns bitte und wir bieten die am besten geeignete L\u00f6sung entsprechend Ihren Anforderungen.<\/p>   <div class=\"wp-block-image\"> <figure class=\"aligncenter size-full\"><img loading=\"lazy\" decoding=\"async\" width=\"720\" height=\"540\" src=\"https:\/\/www.baler-machines.com\/wp-content\/uploads\/2025\/03\/special-equipment-for-tunnel-U-beam-arch-support.webp\" alt=\"Spezielle Ausr\u00fcstung f\u00fcr den Tunnel-U-Beam-Bogenunterst\u00fctzung\" class=\"wp-image-4172\" title=\"\" srcset=\"https:\/\/www.baler-machines.com\/wp-content\/uploads\/2025\/03\/special-equipment-for-tunnel-U-beam-arch-support.webp 720w, https:\/\/www.baler-machines.com\/wp-content\/uploads\/2025\/03\/special-equipment-for-tunnel-U-beam-arch-support-16x12.webp 16w\" sizes=\"auto, (max-width: 720px) 100vw, 720px\" \/><figcaption class=\"wp-element-caption\">Spezielle Ausr\u00fcstung f\u00fcr den Tunnel-U-Beam-Bogenunterst\u00fctzung<\/figcaption><\/figure> <\/div>   <h2 class=\"wp-block-heading\"><strong>Service \u00fcber hydraulische I-Strahl-Kaltbiegermaschine<\/strong><\/h2>    <p>Wir bieten nicht nur eine qualitativ hochwertige H-Strahlbiegemaschine, sondern unterst\u00fctzen auch die Bereitstellung des vollst\u00e4ndigen technischen Support- und After-Sales-Service. Wir stellen sicher, dass jeder Aspekt der Ausr\u00fcstung vom Kauf bis zur Verwendung reibungslos und besorgnisfrei ist.<\/p>    <ul class=\"wp-block-list\"> <li><strong>Beratung vor dem Verkauf<\/strong>: Empfehlen Sie das richtige Ger\u00e4temodell und die richtige Konfiguration entsprechend den Kundenanforderungen.<\/li>    <li><strong>Installation und Inbetriebnahme<\/strong>: Bevor Sie die Fabrik verlassen, installieren Sie und debuggen Sie die Ausr\u00fcstung, um den normalen Betrieb zu gew\u00e4hrleisten.<\/li>    <li><strong>Betriebstraining<\/strong>: Stellen Sie den Kunden ein detailliertes Betriebsschulungsbetrieb zur Verf\u00fcgung, um den Betreibern dabei zu helfen, die Verwendung von Ger\u00e4ten schnell zu beherrschen.<\/li>    <li><strong>After-Sales-Wartung<\/strong>: Bieten Sie Langzeitunterst\u00fctzung, einschlie\u00dflich regelm\u00e4\u00dfiger Wartung, Fehlerbehebung und technischen Verbesserungsdiensten.<\/li>    <li><strong>Teileversorgung<\/strong>: Stellen Sie sicher, dass die rechtzeitige Versorgung mit urspr\u00fcnglichen Teilen die Lebensdauer der Ausr\u00fcstung verl\u00e4ngert.<\/li> <\/ul>    <p>Unser Service -Team ist 24 Stunden am Tag im Standby -Unternehmen, um Probleme f\u00fcr Kunden zu l\u00f6sen und sicherzustellen, dass die Ausr\u00fcstung immer in bestem Zustand ist.<\/p>    <figure class=\"wp-block-gallery has-nested-images columns-default is-cropped wp-block-gallery-4 is-layout-flex wp-block-gallery-is-layout-flex\"> <figure class=\"wp-block-image size-large\"><img loading=\"lazy\" decoding=\"async\" width=\"720\" height=\"540\" data-id=\"4170\" src=\"https:\/\/www.baler-machines.com\/wp-content\/uploads\/2025\/03\/hydrualic-arch-bending-machine-for-I-H-beam.webp\" alt=\"hydrousiver Bogenbiegermaschine f\u00fcr I H Strahl\" class=\"wp-image-4170\" title=\"\" srcset=\"https:\/\/www.baler-machines.com\/wp-content\/uploads\/2025\/03\/hydrualic-arch-bending-machine-for-I-H-beam.webp 720w, https:\/\/www.baler-machines.com\/wp-content\/uploads\/2025\/03\/hydrualic-arch-bending-machine-for-I-H-beam-16x12.webp 16w\" sizes=\"auto, (max-width: 720px) 100vw, 720px\" \/><figcaption class=\"wp-element-caption\">Hydrousiver Bogenbiegermaschine f\u00fcr I H Strahl<\/figcaption><\/figure>    <figure class=\"wp-block-image size-large\"><img loading=\"lazy\" decoding=\"async\" width=\"720\" height=\"540\" data-id=\"4171\" src=\"https:\/\/www.baler-machines.com\/wp-content\/uploads\/2025\/03\/I-steel-H-beam-bending-machine-from-Shuliy.webp\" alt=\"I Stahl H Strahlbiegermaschine von Shuliy\" class=\"wp-image-4171\" title=\"\" srcset=\"https:\/\/www.baler-machines.com\/wp-content\/uploads\/2025\/03\/I-steel-H-beam-bending-machine-from-Shuliy.webp 720w, https:\/\/www.baler-machines.com\/wp-content\/uploads\/2025\/03\/I-steel-H-beam-bending-machine-from-Shuliy-16x12.webp 16w\" sizes=\"auto, (max-width: 720px) 100vw, 720px\" \/><figcaption class=\"wp-element-caption\">I Stahl H Strahlbiegermaschine von Shuliy<\/figcaption><\/figure> <\/figure>    <p class=\"translation-block\">Als professioneller Hersteller von Bewehrungsstahlbearbeitungsger\u00e4ten bieten wir Ihnen auch <a href=\"https:\/\/www.baler-machines.com\/de\/rebar-straightening-machine\/\">Bewehrungsstahl-Richtmaschine<\/a>, <a href=\"https:\/\/www.baler-machines.com\/de\/cnc-tube-bending-machine\/\">Rohrbiegemaschine<\/a> und B\u00fcgelbiegemaschine zur Auswahl. F\u00fcr weitere Details oder um das neueste Angebot zu erhalten, kontaktieren Sie uns bitte, um Ihr <a href=\"https:\/\/en.wikipedia.org\/wiki\/Rebar\" target=\"_blank\" rel=\"noopener\">Bewehrungsstahl<\/a>-Gesch\u00e4ft zu f\u00f6rdern!<\/p>","protected":false},"excerpt":{"rendered":"<p>Diese I-Tr\u00e4ger-Kaltbiegemaschine ist zum Biegen von I-Tr\u00e4gern, H-Tr\u00e4gern, U-Profilen, runden und quadratischen Rohren usw. mit hydraulischem Antrieb konzipiert.<\/p>","protected":false},"author":1,"featured_media":4163,"parent":0,"template":"","tags":[641,643],"product-type":[640],"class_list":["post-4160","product","type-product","status-publish","has-post-thumbnail","hentry","tag-rebar","tag-steel-bar","product-type-rebar-processing-equipment"],"_links":{"self":[{"href":"https:\/\/www.baler-machines.com\/de\/wp-json\/wp\/v2\/product\/4160","targetHints":{"allow":["GET"]}}],"collection":[{"href":"https:\/\/www.baler-machines.com\/de\/wp-json\/wp\/v2\/product"}],"about":[{"href":"https:\/\/www.baler-machines.com\/de\/wp-json\/wp\/v2\/types\/product"}],"author":[{"embeddable":true,"href":"https:\/\/www.baler-machines.com\/de\/wp-json\/wp\/v2\/users\/1"}],"wp:featuredmedia":[{"embeddable":true,"href":"https:\/\/www.baler-machines.com\/de\/wp-json\/wp\/v2\/media\/4163"}],"wp:attachment":[{"href":"https:\/\/www.baler-machines.com\/de\/wp-json\/wp\/v2\/media?parent=4160"}],"wp:term":[{"taxonomy":"post_tag","embeddable":true,"href":"https:\/\/www.baler-machines.com\/de\/wp-json\/wp\/v2\/tags?post=4160"},{"taxonomy":"product-type","embeddable":true,"href":"https:\/\/www.baler-machines.com\/de\/wp-json\/wp\/v2\/product-type?post=4160"}],"curies":[{"name":"wp","href":"https:\/\/api.w.org\/{rel}","templated":true}]}}