{"id":4147,"date":"2025-03-12T17:47:04","date_gmt":"2025-03-12T09:47:04","guid":{"rendered":"https:\/\/www.baler-machines.com\/?post_type=product&#038;p=4147"},"modified":"2025-03-13T15:52:46","modified_gmt":"2025-03-13T07:52:46","slug":"steel-bar-bending-machine","status":"publish","type":"product","link":"https:\/\/www.baler-machines.com\/de\/steel-bar-bending-machine\/","title":{"rendered":"Automatische CNC -Stahlstangenbiegermaschine"},"content":{"rendered":"<p class=\"translation-block\">Unsere <strong>Stahlbiegemaschine<\/strong> ist f\u00fcr das pr\u00e4zise Biegen von Rundstahl und Gewindestahl konzipiert und wird h\u00e4ufig im Bauwesen, bei Br\u00fccken, Tunneln, Autobahnen und anderen Projekten eingesetzt. Der Biegebereich f\u00fcr Rundstahl betr\u00e4gt &lt;60mm und f\u00fcr Gewindestahl &lt;50mm. Die Biegegeschwindigkeit betr\u00e4gt 12m pro Minute. <\/p>    <p>Ausgestattet mit einem fortschrittlichen CNC -numerischen Steuerungssystem kann es leicht die genaue Kontrolle des Biegewinkels und der L\u00e4nge des Bewehrungsstabs erkennen. Interessiert? Wenn ja, kontaktieren Sie uns jederzeit f\u00fcr weitere Informationen!<\/p>    <figure class=\"wp-block-embed is-type-video is-provider-youtube wp-block-embed-youtube wp-embed-aspect-16-9 wp-has-aspect-ratio\"><div class=\"wp-block-embed__wrapper\"> <iframe loading=\"lazy\" title=\"Rebarbiegermaschine f\u00fcr runde Stahl- und Gewindestahlbiegung | Wie funktioniert Steel Bar Bender?\" width=\"500\" height=\"281\" src=\"https:\/\/www.youtube.com\/embed\/XM4ipP_scrY?feature=oembed\" frameborder=\"0\" allow=\"accelerometer; autoplay; clipboard-write; encrypted-media; gyroscope; picture-in-picture; web-share\" referrerpolicy=\"strict-origin-when-cross-origin\" allowfullscreen><\/iframe> <\/div><figcaption class=\"wp-element-caption\">Rebarbiegermaschine<\/figcaption><\/figure>    <h2 class=\"wp-block-heading\"><strong>Vorteile der automatischen Stahlstangenbiegemaschine<\/strong><\/h2>    <ul class=\"wp-block-list\"> <li>Es hat a <strong>CNC -System<\/strong> Um den Biegewinkel und die L\u00e4nge des Bewehrungsstars genau zu steuern.<\/li>    <li>Diese Bar Bender -Maschine ist <strong>Geeignet f\u00fcr runde Stahl- und Gewindestahl<\/strong> Biegen.<\/li>    <li><strong>Verschiedene Formen der Bewehrungsbiegung k\u00f6nnen durchgef\u00fchrt werden<\/strong> verschiedene Bed\u00fcrfnisse erf\u00fcllen.<\/li>    <li>Die Maschine ist f\u00fcr die geeignet <strong>Produktion komplexer struktureller Komponenten wie Stahlrahmen, Reifen und Br\u00fcckenelemente<\/strong>.<\/li> <\/ul>    <figure class=\"wp-block-gallery aligncenter has-nested-images columns-default is-cropped wp-block-gallery-2 is-layout-flex wp-block-gallery-is-layout-flex\"> <figure class=\"wp-block-image size-full\"><img loading=\"lazy\" decoding=\"async\" width=\"720\" height=\"540\" data-id=\"4154\" src=\"https:\/\/www.baler-machines.com\/wp-content\/uploads\/2025\/03\/different-shapes-of-bent-reinforcing-bar.webp\" alt=\"Verschiedene Formen der gebogenen Verst\u00e4rkungsstange\" class=\"wp-image-4154\" title=\"\" srcset=\"https:\/\/www.baler-machines.com\/wp-content\/uploads\/2025\/03\/different-shapes-of-bent-reinforcing-bar.webp 720w, https:\/\/www.baler-machines.com\/wp-content\/uploads\/2025\/03\/different-shapes-of-bent-reinforcing-bar-16x12.webp 16w\" sizes=\"auto, (max-width: 720px) 100vw, 720px\" \/><figcaption class=\"wp-element-caption\">Verschiedene Formen der gebogenen Verst\u00e4rkungsstange<\/figcaption><\/figure>    <figure class=\"wp-block-image size-full\"><img loading=\"lazy\" decoding=\"async\" width=\"720\" height=\"540\" data-id=\"4155\" src=\"https:\/\/www.baler-machines.com\/wp-content\/uploads\/2025\/03\/bent-steel-bars.webp\" alt=\"gebogene Stahlstangen\" class=\"wp-image-4155\" title=\"\" srcset=\"https:\/\/www.baler-machines.com\/wp-content\/uploads\/2025\/03\/bent-steel-bars.webp 720w, https:\/\/www.baler-machines.com\/wp-content\/uploads\/2025\/03\/bent-steel-bars-16x12.webp 16w\" sizes=\"auto, (max-width: 720px) 100vw, 720px\" \/><figcaption class=\"wp-element-caption\">Gebogene Stahlstangen<\/figcaption><\/figure> <\/figure>    <h2 class=\"wp-block-heading\"><strong>Technische Parameter der CNC -Stahlstangenbiegermaschine<\/strong><\/h2>    <p>Wir haben neun Arten von Bar -Bender -Maschinen zum Verkauf. Aus der folgenden Tabelle wissen Sie, dass verschiedene Modelle unterschiedliche Biegebereiche, Gr\u00f6\u00dfen und Gewichte haben. Diese Tabelle ist zu Ihrer Referenz, wenn Sie die Stahlrundstangenbiegermaschine ausw\u00e4hlen.<\/p>    <figure class=\"wp-block-table\"><table><tbody><tr><td>Modell<\/td><td>Biegebereich<\/td><td>Biegegeschwindigkeit<\/td><td>Eingangsspannung<\/td><td>Gesamtgr\u00f6\u00dfe<\/td><td class=\"has-text-align-left\" data-align=\"left\">Motorleistung<\/td><td>Motordrehzahl<\/td><td>Gewicht<\/td><\/tr><tr><td>40<\/td><td>Runder Stahl \u226432 mm<br>Gewindestahl \u2264 28 mm<\/td><td>12 m\/min<\/td><td>Dreiphasen 380 V<\/td><td>810*760\u2033830mm<\/td><td class=\"has-text-align-left\" data-align=\"left\">3KW<br>(Kupferdraht)<\/td><td>1440r\/min<\/td><td>220 kg<\/td><\/tr><tr><td>40h<\/td><td>Runder Stahl: 34 mm<br>Gewindestahl \u2264 32 mm<\/td><td>12 m\/min<\/td><td>Dreiphasen 380 V<\/td><td>830*770*830 mm<\/td><td class=\"has-text-align-left\" data-align=\"left\">3KW<br>(Kupferdraht)<\/td><td>1440r\/min<\/td><td>225 kg<\/td><\/tr><tr><td>42<\/td><td>Runder Stahl: 34 mm<br>Gewindestahl \u2264 32 mm<\/td><td>12 m\/min<\/td><td>Dreiphasen 380 V<\/td><td>830*750*840 mm<\/td><td class=\"has-text-align-left\" data-align=\"left\">3KW<br>(Kupferdraht)<\/td><td>1440r\/min<\/td><td>270 kg<\/td><\/tr><tr><td>45<\/td><td>Runder Stahl &lt;40 mm<br>Gewindestahl \u2264 34 mm<\/td><td>12 m\/min<\/td><td>Dreiphasen 380 V<\/td><td>850*750*830 mm<\/td><td class=\"has-text-align-left\" data-align=\"left\">4KW<br>(Kupferdraht)<\/td><td>1440r\/min<\/td><td>290 kg<\/td><\/tr><tr><td>45<br>(CNC)<\/td><td>Runder Stahl &lt;40 mm<br>Gewindestahl \u2264 34 mm<\/td><td>12 m\/min<\/td><td>Dreiphasen 380 V<\/td><td>850*750*830 mm<\/td><td class=\"has-text-align-left\" data-align=\"left\">4KW<br>(Kupferdraht)<\/td><td>1440r\/min<\/td><td>300 kg<\/td><\/tr><tr><td>50<\/td><td>Runder Stahl \u2264 50 mm<br>Gewindestahl \u2264 45 mm<\/td><td>12 m\/min<\/td><td>Dreiphasen 380 V<\/td><td>950*850*850 mm<\/td><td class=\"has-text-align-left\" data-align=\"left\">4KW<br>(Stahldraht)<\/td><td>1440r\/min<\/td><td>320 kg<\/td><\/tr><tr><td>50<br>(CNC)<\/td><td>Runder Stahl \u2264 30 mm<br>Gewindestahl \u2264 28 mm<\/td><td>12 m\/min<\/td><td>Dreiphasen 380 V<\/td><td>950*850*850 mm<\/td><td class=\"has-text-align-left\" data-align=\"left\">4KW<br>(Stahldraht)<\/td><td>1440r\/min<\/td><td>325 kg<\/td><\/tr><tr><td>60<\/td><td>Runder Stahl &lt;60 mm<br>Gewindestahl &lt;50 mm<\/td><td>12 m\/min<\/td><td>Dreiphasen 380 V<\/td><td>\/<\/td><td class=\"has-text-align-left\" data-align=\"left\">5,5 kW<br>(Nationaler Standard)<\/td><td>1440r\/min<\/td><td>420 kg<\/td><\/tr><tr><td>60<br>(CNC)<\/td><td><br>Runder Stahl &lt;60 mm<br>Gewindestahl &lt;50 mm<\/td><td>12 m\/min<\/td><td>Dreiphasen 380 V<\/td><td>1050*870*900 mm<\/td><td class=\"has-text-align-left\" data-align=\"left\">5,5 kW<br>(Nationaler Standard)<\/td><td>1440r\/min<\/td><td>425 kg<\/td><\/tr><\/tbody><\/table><figcaption class=\"wp-element-caption\">Spezifikationen der Biegermaschine von Bewehrungsst\u00e4ben aus Shuliy<\/figcaption><\/figure>   <div class=\"wp-block-image\"> <figure class=\"aligncenter size-full\"><img loading=\"lazy\" decoding=\"async\" width=\"720\" height=\"540\" src=\"https:\/\/www.baler-machines.com\/wp-content\/uploads\/2025\/03\/automatic-CNC-steel-bar-bending-machine.webp\" alt=\"Automatische CNC -Stahlstangenbiegermaschine\" class=\"wp-image-4158\" title=\"\" srcset=\"https:\/\/www.baler-machines.com\/wp-content\/uploads\/2025\/03\/automatic-CNC-steel-bar-bending-machine.webp 720w, https:\/\/www.baler-machines.com\/wp-content\/uploads\/2025\/03\/automatic-CNC-steel-bar-bending-machine-16x12.webp 16w\" sizes=\"auto, (max-width: 720px) 100vw, 720px\" \/><figcaption class=\"wp-element-caption\">Automatische CNC -Stahlstangenbiegermaschine<\/figcaption><\/figure> <\/div>   <h2 class=\"wp-block-heading\"><strong>Struktur der automatischen Stahlstangenbendermaschine<\/strong><\/h2>    <p>Die Hauptstrukturkomponenten der Ausr\u00fcstung sind Materialrolle, Streifen, runde Scheibe, Bedienfeld usw. im folgenden Bild als Referenz.<\/p>   <div class=\"wp-block-image\"> <figure class=\"aligncenter size-full\"><img loading=\"lazy\" decoding=\"async\" width=\"720\" height=\"540\" src=\"https:\/\/www.baler-machines.com\/wp-content\/uploads\/2025\/03\/structure-of-CNC-steel-bar-bending-machine.webp\" alt=\"Struktur der CNC -Stahlstangenbiegermaschine\" class=\"wp-image-4149\" title=\"\" srcset=\"https:\/\/www.baler-machines.com\/wp-content\/uploads\/2025\/03\/structure-of-CNC-steel-bar-bending-machine.webp 720w, https:\/\/www.baler-machines.com\/wp-content\/uploads\/2025\/03\/structure-of-CNC-steel-bar-bending-machine-16x12.webp 16w\" sizes=\"auto, (max-width: 720px) 100vw, 720px\" \/><figcaption class=\"wp-element-caption\">Struktur der CNC -Stahlstangenbiegermaschine<\/figcaption><\/figure> <\/div>   <h2 class=\"wp-block-heading\"><strong>Was kostet die Stahlstangenbiegemaschine?<\/strong><\/h2>    <p>Der Preis einer Bar -Bendermaschine variiert je nach Modell, Automatisierungsgrad und anderen Faktoren. Shuliy bietet eine breite Palette von Modellen zur Auswahl, und Sie k\u00f6nnen einen Anzug f\u00fcr Ihr Stahlbalkengesch\u00e4ft ausw\u00e4hlen.<\/p>    <p>Willkommen bei uns, um uns f\u00fcr das neueste Angebot und den technischen Support zu kontaktieren, um effiziente L\u00f6sungen f\u00fcr Ihre Bewehrungsabwicklung bereitzustellen!<\/p>    <h2 class=\"wp-block-heading\"><strong>Shuliy: Zuverl\u00e4ssiger Hersteller von Biegermaschinen von CNC -Stahlstangenmaschinen<\/strong><\/h2>    <p>Warum sticht Shuliy unter den vielen Herstellern der Stahlbiegemaschinen auf dem Markt auf dem Markt aus? Haupts\u00e4chlich, weil:<\/p>    <p class=\"translation-block\"><strong>Qualit\u00e4tsmaschinen und vielf\u00e4ltige Auswahl<\/strong><\/p>    <p>Shuliy bietet eine breite Palette von hochwertigen, leistungsstarken Bewehrungsbiegemaschinen an, um die Bed\u00fcrfnisse verschiedener Kunden zu erf\u00fcllen. Ob es sich um eine Standardbiegemaschine oder eine CNC-Bewehrungsbiegemaschine handelt, wir haben eine Maschine, die jedem Verarbeitungsbedarf und Budget gerecht wird. <\/p>    <figure class=\"wp-block-gallery has-nested-images columns-default is-cropped wp-block-gallery-3 is-layout-flex wp-block-gallery-is-layout-flex\"> <figure class=\"wp-block-image size-full\"><img loading=\"lazy\" decoding=\"async\" width=\"720\" height=\"540\" data-id=\"4157\" src=\"https:\/\/www.baler-machines.com\/wp-content\/uploads\/2025\/03\/bar-bending-machine-made-of-good-materials.webp\" alt=\"Biegemaschine f\u00fcr Stangen aus guten Materialien\" class=\"wp-image-4157\" title=\"\" srcset=\"https:\/\/www.baler-machines.com\/wp-content\/uploads\/2025\/03\/bar-bending-machine-made-of-good-materials.webp 720w, https:\/\/www.baler-machines.com\/wp-content\/uploads\/2025\/03\/bar-bending-machine-made-of-good-materials-16x12.webp 16w\" sizes=\"auto, (max-width: 720px) 100vw, 720px\" \/><figcaption class=\"wp-element-caption\">Barbiegemaschine aus guten Materialien<\/figcaption><\/figure>    <figure class=\"wp-block-image size-large\"><img loading=\"lazy\" decoding=\"async\" width=\"720\" height=\"540\" data-id=\"4152\" src=\"https:\/\/www.baler-machines.com\/wp-content\/uploads\/2025\/03\/quality-material-for-bar-bender-machine.webp\" alt=\"Qualit\u00e4tsmaterial f\u00fcr die Biegemaschine\" class=\"wp-image-4152\" title=\"\" srcset=\"https:\/\/www.baler-machines.com\/wp-content\/uploads\/2025\/03\/quality-material-for-bar-bender-machine.webp 720w, https:\/\/www.baler-machines.com\/wp-content\/uploads\/2025\/03\/quality-material-for-bar-bender-machine-16x12.webp 16w\" sizes=\"auto, (max-width: 720px) 100vw, 720px\" \/><figcaption class=\"wp-element-caption\">Qualit\u00e4tsmaterial f\u00fcr Bar Bendermaschine<\/figcaption><\/figure> <\/figure>    <figure class=\"wp-block-gallery has-nested-images columns-default is-cropped wp-block-gallery-4 is-layout-flex wp-block-gallery-is-layout-flex\"> <figure class=\"wp-block-image size-large\"><img loading=\"lazy\" decoding=\"async\" width=\"720\" height=\"540\" data-id=\"4153\" src=\"https:\/\/www.baler-machines.com\/wp-content\/uploads\/2025\/03\/reliable-round-disc-for-rebar-bending-machine.webp\" alt=\"zuverl\u00e4ssige runde Scheibe f\u00fcr die Bewehrungsbiegemaschine\" class=\"wp-image-4153\" title=\"\" srcset=\"https:\/\/www.baler-machines.com\/wp-content\/uploads\/2025\/03\/reliable-round-disc-for-rebar-bending-machine.webp 720w, https:\/\/www.baler-machines.com\/wp-content\/uploads\/2025\/03\/reliable-round-disc-for-rebar-bending-machine-16x12.webp 16w\" sizes=\"auto, (max-width: 720px) 100vw, 720px\" \/><figcaption class=\"wp-element-caption\">Zuverl\u00e4ssige runde Scheibe f\u00fcr die Biegermaschine<\/figcaption><\/figure>    <figure class=\"wp-block-image size-large\"><img loading=\"lazy\" decoding=\"async\" width=\"720\" height=\"540\" data-id=\"4156\" src=\"https:\/\/www.baler-machines.com\/wp-content\/uploads\/2025\/03\/main-part-for-different-bent-bar-shapes.webp\" alt=\"Hauptteil f\u00fcr verschiedene gebogene Stabformen\" class=\"wp-image-4156\" title=\"\" srcset=\"https:\/\/www.baler-machines.com\/wp-content\/uploads\/2025\/03\/main-part-for-different-bent-bar-shapes.webp 720w, https:\/\/www.baler-machines.com\/wp-content\/uploads\/2025\/03\/main-part-for-different-bent-bar-shapes-16x12.webp 16w\" sizes=\"auto, (max-width: 720px) 100vw, 720px\" \/><figcaption class=\"wp-element-caption\">Hauptteil f\u00fcr verschiedene Bogenstangenformen<\/figcaption><\/figure> <\/figure>    <p class=\"translation-block\"><strong>Umfassender technischer Support und Service<\/strong><\/p>    <p>Von der Installation und Inbetriebnahme, Betriebsschulung \u00fcber Fehlerbehebung und Wartung ist unser professionelles Team immer bereit, Kunden sicherzustellen, dass die Ausr\u00fcstung immer effizient l\u00e4uft. Gleichzeitig bieten wir Remote-Anleitungen und Unterst\u00fctzung vor Ort, damit Kunden sie ohne Sorgen verwenden k\u00f6nnen.<\/p>    <p class=\"translation-block\"><strong>Erschwinglicher Maschinenpreis<\/strong><\/p>    <p>Shuliy h\u00e4lt sich immer an das Prinzip von hoher Qualit\u00e4t und angemessenem Preis, um sicherzustellen, dass Kunden qualitativ hochwertige Ger\u00e4te zu niedrigen Investitionskosten erhalten k\u00f6nnen. Unsere Stahlstangenbiegermaschinen haben offensichtliche Vorteile in Bezug auf Leistung, Haltbarkeit und Automatisierung, w\u00e4hrend der Preis wettbewerbsf\u00e4higer und wirklich kosteng\u00fcnstiger ist.<\/p>   <div class=\"wp-block-image\"> <figure class=\"aligncenter size-full\"><img loading=\"lazy\" decoding=\"async\" width=\"720\" height=\"540\" src=\"https:\/\/www.baler-machines.com\/wp-content\/uploads\/2025\/03\/steel-round-bar-bending-machine.webp\" alt=\"Stahlrundstangenbiegermaschine\" class=\"wp-image-4150\" title=\"\" srcset=\"https:\/\/www.baler-machines.com\/wp-content\/uploads\/2025\/03\/steel-round-bar-bending-machine.webp 720w, https:\/\/www.baler-machines.com\/wp-content\/uploads\/2025\/03\/steel-round-bar-bending-machine-16x12.webp 16w\" sizes=\"auto, (max-width: 720px) 100vw, 720px\" \/><figcaption class=\"wp-element-caption\">CNC -Stahlrundstangenbiegermaschine<\/figcaption><\/figure> <\/div>   <h2 class=\"wp-block-heading\"><strong>Wie w\u00e4hle ich eine geeignete Bewehrungsbiegermaschine aus?<\/strong><\/h2>    <p>Beim Kauf einer Stahlstangenbiegermaschine m\u00fcssen Sie die folgenden Faktoren ber\u00fccksichtigen:<\/p>    <ul class=\"wp-block-list\"> <li><strong>Reichweite des Bewehrungsdurchmessers<\/strong>: W\u00e4hlen Sie die Art der Ger\u00e4te, die ihren Verarbeitungsanforderungen entsprechen kann.<\/li>    <li><strong>Biegewinkelanforderungen<\/strong>: Verschiedene Projekte haben unterschiedliche Anforderungen an die Winkelgenauigkeit. W\u00e4hlen Sie daher das entsprechende CNC -System aus.<\/li>    <li><strong>Grad der Automatisierung<\/strong>: CNC-Ger\u00e4te sind effizienter als herk\u00f6mmliche manuelle oder halbautomatische Ger\u00e4te, die eher f\u00fcr die Massenproduktion geeignet sind.<\/li>    <li><strong>Marken- und After-Sales-Service<\/strong>: W\u00e4hlen Sie einen Hersteller mit reichhaltiger Erfahrung und globaler After-Sales-Unterst\u00fctzung wie Shuliy, um einen langfristigen stabilen Betrieb der Ger\u00e4te zu gew\u00e4hrleisten.<\/li> <\/ul>   <div class=\"wp-block-image\"> <figure class=\"aligncenter size-full\"><img loading=\"lazy\" decoding=\"async\" width=\"720\" height=\"540\" src=\"https:\/\/www.baler-machines.com\/wp-content\/uploads\/2025\/03\/industrial-rebar-bending-machine.webp\" alt=\"Biegermaschine f\u00fcr industrielle Bewehrung\" class=\"wp-image-4151\" title=\"\" srcset=\"https:\/\/www.baler-machines.com\/wp-content\/uploads\/2025\/03\/industrial-rebar-bending-machine.webp 720w, https:\/\/www.baler-machines.com\/wp-content\/uploads\/2025\/03\/industrial-rebar-bending-machine-16x12.webp 16w\" sizes=\"auto, (max-width: 720px) 100vw, 720px\" \/><figcaption class=\"wp-element-caption\">Biegermaschine f\u00fcr industrielle Bewehrung<\/figcaption><\/figure> <\/div>   <h2 class=\"wp-block-heading\"><strong>Kontaktieren Sie uns f\u00fcr weitere Informationen!<\/strong><\/h2>    <p class=\"translation-block\">Wenn Sie nach einer effizienten, pr\u00e4zisen und zuverl\u00e4ssigen Bewehrungsbiegemaschine suchen, ist unsere CNC-Stahlbiegemaschine Ihre ideale Wahl. Ob Rund- oder Gewindestahl<a href=\"https:\/\/en.wikipedia.org\/wiki\/Rebar\" target=\"_blank\" rel=\"noopener\">Bewehrungsstahl<\/a>, diese Maschine kann Ihre vielf\u00e4ltigen Bed\u00fcrfnisse erf\u00fcllen und Ihnen helfen, Ihre Projekte effizient abzuschlie\u00dfen.<\/p>    <p class=\"translation-block\">Neben dieser Maschine bieten wir auch <a href=\"https:\/\/www.baler-machines.com\/de\/cnc-spiral-rebar-bending-machine\/\">CNC-Spiralbewehrungsbiegemaschine<\/a>, <a href=\"https:\/\/www.baler-machines.com\/de\/rebar-straightening-machine\/\">Bewehrungsrichtmaschine<\/a>, B\u00fcgelbiegemaschine usw. an. Kontaktieren Sie uns noch heute f\u00fcr weitere Produktdetails und kundenspezifische L\u00f6sungen!<\/p>","protected":false},"excerpt":{"rendered":"<p>Unsere Stahlstangenbiegermaschine kann sich genau um Stahl- und Gewinde -Bewehrungsst\u00e4rken beugen, die h\u00e4ufig f\u00fcr den Bau, Br\u00fccken, Autobahnen und andere verwendet werden.<\/p>","protected":false},"author":1,"featured_media":4148,"parent":0,"template":"","tags":[641,643],"product-type":[640],"class_list":["post-4147","product","type-product","status-publish","has-post-thumbnail","hentry","tag-rebar","tag-steel-bar","product-type-rebar-processing-equipment"],"_links":{"self":[{"href":"https:\/\/www.baler-machines.com\/de\/wp-json\/wp\/v2\/product\/4147","targetHints":{"allow":["GET"]}}],"collection":[{"href":"https:\/\/www.baler-machines.com\/de\/wp-json\/wp\/v2\/product"}],"about":[{"href":"https:\/\/www.baler-machines.com\/de\/wp-json\/wp\/v2\/types\/product"}],"author":[{"embeddable":true,"href":"https:\/\/www.baler-machines.com\/de\/wp-json\/wp\/v2\/users\/1"}],"wp:featuredmedia":[{"embeddable":true,"href":"https:\/\/www.baler-machines.com\/de\/wp-json\/wp\/v2\/media\/4148"}],"wp:attachment":[{"href":"https:\/\/www.baler-machines.com\/de\/wp-json\/wp\/v2\/media?parent=4147"}],"wp:term":[{"taxonomy":"post_tag","embeddable":true,"href":"https:\/\/www.baler-machines.com\/de\/wp-json\/wp\/v2\/tags?post=4147"},{"taxonomy":"product-type","embeddable":true,"href":"https:\/\/www.baler-machines.com\/de\/wp-json\/wp\/v2\/product-type?post=4147"}],"curies":[{"name":"wp","href":"https:\/\/api.w.org\/{rel}","templated":true}]}}