{"id":4131,"date":"2025-03-11T18:01:41","date_gmt":"2025-03-11T10:01:41","guid":{"rendered":"https:\/\/www.baler-machines.com\/?post_type=product&#038;p=4131"},"modified":"2025-03-12T14:03:14","modified_gmt":"2025-03-12T06:03:14","slug":"cnc-rebar-stirrup-bending-machine","status":"publish","type":"product","link":"https:\/\/www.baler-machines.com\/de\/cnc-rebar-stirrup-bending-machine\/","title":{"rendered":"Vollautomatische CNC-Biegermaschine mit f\u00fcnf K\u00f6pfen"},"content":{"rendered":"<p class=\"translation-block\">Die Shuliy <strong>Biegemaschine f\u00fcr Stahlbetonst\u00fctzen<\/strong> verwendet das fortschrittliche 5-Kopf-Design, um Stahlst\u00e4be mit einer Geschwindigkeit von 1500-2000m pro Stunde in die gew\u00fcnschten Formen zu biegen. Die Formgeschwindigkeit betr\u00e4gt 5 Sekunden.<\/p>    <p>Diese Plattenbiegemaschine verf\u00fcgt \u00fcber ein CNC-System, das es erm\u00f6glicht, die L\u00e4nge und den Biegewinkel des Bewehrungsstahls frei einzustellen. Der Winkelabweichung betr\u00e4gt \u00b1 1\u00b0.<\/p>    <p>Unabh\u00e4ngig davon, ob es sich um eine Baustelle, eine Stahlverarbeitungsanlage oder ein gro\u00dfes Infrastrukturprojekt handelt, kann diese Maschine effiziente und pr\u00e4zise L\u00f6sungen f\u00fcr das Biegen von Bewehrungsst\u00e4ben liefern.<\/p>    <figure class=\"wp-block-embed is-type-video is-provider-youtube wp-block-embed-youtube wp-embed-aspect-16-9 wp-has-aspect-ratio\"><div class=\"wp-block-embed__wrapper\"> <iframe loading=\"lazy\" title=\"Wie biegt ich Bewehrungsstab mit vollautomatischer F\u00fcnf-Kopf-Stahlstangenbiegemaschine?\" width=\"500\" height=\"281\" src=\"https:\/\/www.youtube.com\/embed\/np-546qnCb0?feature=oembed\" frameborder=\"0\" allow=\"accelerometer; autoplay; clipboard-write; encrypted-media; gyroscope; picture-in-picture; web-share\" referrerpolicy=\"strict-origin-when-cross-origin\" allowfullscreen><\/iframe> <\/div><figcaption class=\"wp-element-caption\">CNC -Steigb\u00fcgel -Bendermaschine<\/figcaption><\/figure>    <h2 class=\"wp-block-heading\"><strong>Vorteile der automatischen Biegermaschine f\u00fcr Bewehrungssteigb\u00fcgel<\/strong><\/h2>    <ul class=\"wp-block-list\"> <li><strong>5-Kopf-Design<\/strong>: Dieses Design kann viele Plattenbalken gleichzeitig verarbeiten und die Produktionseffizienz erheblich verbessern.<\/li>    <li><strong>CNC -System<\/strong>: Dieses fortschrittliche System kann die Gr\u00f6\u00dfe und den Biegewinkel genau steuern und die Verarbeitungsgenauigkeit jeder Bewehrungsstab sicherstellen.<\/li>    <li><strong>Adaption an verschiedene Anforderungen von Stahlstangen<\/strong>: Egal, ob es sich um kurze oder lange Bewehrungsstab handelt, die Ausr\u00fcstung kann die Verarbeitungsanforderungen verschiedener Projekte genau erf\u00fcllen und wirklich \u201eso lange wie m\u00f6glich lassen, so lange wie m\u00f6glich beugen\u201c.<\/li>    <li><strong>Breites Spektrum an Anwendungsszenarien<\/strong>Sie wird h\u00e4ufig auf Baustellen, in Bewehrungsstahlverarbeitungsanlagen und bei gro\u00dfen Infrastrukturprojekten eingesetzt.<\/li>    <li><strong>Stabilit\u00e4t und Haltbarkeit<\/strong>: Mit zwei Motoren und aus hochfestem Material hergestellten Materialien kann es f\u00fcr lange Zeit stabil laufen, die Wartungskosten senken und die Lebensdauer verl\u00e4ngern.<\/li> <\/ul>    <figure class=\"wp-block-gallery has-nested-images columns-default is-cropped wp-block-gallery-2 is-layout-flex wp-block-gallery-is-layout-flex\"> <figure class=\"wp-block-image size-large\"><img loading=\"lazy\" decoding=\"async\" width=\"720\" height=\"540\" data-id=\"4137\" src=\"https:\/\/www.baler-machines.com\/wp-content\/uploads\/2025\/03\/five-heads-for-slab-bar-bending-machine.webp\" alt=\"f\u00fcnf K\u00f6pfe f\u00fcr die Biegemaschine f\u00fcr Plattenstangen\" class=\"wp-image-4137\" title=\"\" srcset=\"https:\/\/www.baler-machines.com\/wp-content\/uploads\/2025\/03\/five-heads-for-slab-bar-bending-machine.webp 720w, https:\/\/www.baler-machines.com\/wp-content\/uploads\/2025\/03\/five-heads-for-slab-bar-bending-machine-16x12.webp 16w\" sizes=\"auto, (max-width: 720px) 100vw, 720px\" \/><figcaption class=\"wp-element-caption\">F\u00fcnf K\u00f6pfe f\u00fcr Biegermaschine mit Plattenstangen<\/figcaption><\/figure>    <figure class=\"wp-block-image size-large\"><img loading=\"lazy\" decoding=\"async\" width=\"720\" height=\"540\" data-id=\"4138\" src=\"https:\/\/www.baler-machines.com\/wp-content\/uploads\/2025\/03\/PLC-control-panel.webp\" alt=\"PLC-Steuerungstafel\" class=\"wp-image-4138\" title=\"\" srcset=\"https:\/\/www.baler-machines.com\/wp-content\/uploads\/2025\/03\/PLC-control-panel.webp 720w, https:\/\/www.baler-machines.com\/wp-content\/uploads\/2025\/03\/PLC-control-panel-16x12.webp 16w\" sizes=\"auto, (max-width: 720px) 100vw, 720px\" \/><figcaption class=\"wp-element-caption\">SPS-Systemsteuerung<\/figcaption><\/figure>    <figure class=\"wp-block-image size-large\"><img loading=\"lazy\" decoding=\"async\" width=\"720\" height=\"540\" data-id=\"4139\" src=\"https:\/\/www.baler-machines.com\/wp-content\/uploads\/2025\/03\/two-motors-for-rebar-stirrup-bender.webp\" alt=\"zwei Motoren f\u00fcr Bewehrungsstahl-Biegemaschine\" class=\"wp-image-4139\" title=\"\" srcset=\"https:\/\/www.baler-machines.com\/wp-content\/uploads\/2025\/03\/two-motors-for-rebar-stirrup-bender.webp 720w, https:\/\/www.baler-machines.com\/wp-content\/uploads\/2025\/03\/two-motors-for-rebar-stirrup-bender-16x12.webp 16w\" sizes=\"auto, (max-width: 720px) 100vw, 720px\" \/><figcaption class=\"wp-element-caption\">Zwei Motoren f\u00fcr Bewehrungsb\u00fcgel Bender<\/figcaption><\/figure> <\/figure>    <figure class=\"wp-block-gallery has-nested-images columns-default is-cropped wp-block-gallery-3 is-layout-flex wp-block-gallery-is-layout-flex\"> <figure class=\"wp-block-image size-large\"><img loading=\"lazy\" decoding=\"async\" width=\"720\" height=\"540\" data-id=\"4140\" src=\"https:\/\/www.baler-machines.com\/wp-content\/uploads\/2025\/03\/automatic-stirrup-bending-machine-for-steel-bar.webp\" alt=\"Automatische St\u00fccke Biegermaschine f\u00fcr Stahlstab\" class=\"wp-image-4140\" title=\"\" srcset=\"https:\/\/www.baler-machines.com\/wp-content\/uploads\/2025\/03\/automatic-stirrup-bending-machine-for-steel-bar.webp 720w, https:\/\/www.baler-machines.com\/wp-content\/uploads\/2025\/03\/automatic-stirrup-bending-machine-for-steel-bar-16x12.webp 16w\" sizes=\"auto, (max-width: 720px) 100vw, 720px\" \/><figcaption class=\"wp-element-caption\">Automatische St\u00fccke Biegermaschine f\u00fcr Stahlstab<\/figcaption><\/figure>    <figure class=\"wp-block-image size-large\"><img loading=\"lazy\" decoding=\"async\" width=\"720\" height=\"540\" data-id=\"4141\" src=\"https:\/\/www.baler-machines.com\/wp-content\/uploads\/2025\/03\/CNC-rebar-stirrup-bending-machine-for-reinforcing-bar.webp\" alt=\"CNC -Steigb\u00fcgel Biegermaschine zum Verst\u00e4rkungsstab\" class=\"wp-image-4141\" title=\"\" srcset=\"https:\/\/www.baler-machines.com\/wp-content\/uploads\/2025\/03\/CNC-rebar-stirrup-bending-machine-for-reinforcing-bar.webp 720w, https:\/\/www.baler-machines.com\/wp-content\/uploads\/2025\/03\/CNC-rebar-stirrup-bending-machine-for-reinforcing-bar-16x12.webp 16w\" sizes=\"auto, (max-width: 720px) 100vw, 720px\" \/><figcaption class=\"wp-element-caption\">CNC -Steigb\u00fcgel Biegermaschine zum Verst\u00e4rkungsstab<\/figcaption><\/figure> <\/figure>    <h2 class=\"wp-block-heading\"><strong>Technische Parameter der CNC -Rebar -Steigb\u00fcgel -Biegermaschine<\/strong><\/h2>    <p>Die technischen Parameter der CNC -Steigb\u00fcgel -Bendermaschine sind eine wichtige Referenzbasis f\u00fcr Kunden, um Ger\u00e4te auszuw\u00e4hlen. Aus den folgenden Daten k\u00f6nnen Sie den hydruellen Druck, die Bildungsgeschwindigkeit, den Engelsfehler usw. kennen. F\u00fcr Kunden mit besonderen Bed\u00fcrfnissen bieten wir auch eine ma\u00dfgeschneiderte Parameteranpassung an, um die unterschiedlichen Anforderungen an die Biegeproduktion zu decken.<\/p>    <ul class=\"wp-block-list\"> <li><strong>Hydraulikdruck<\/strong>: 5-16mpa<\/li>    <li><strong>Gr\u00f6\u00dfenmethode<\/strong>: Handbuch\/automatisch<\/li>    <li><strong>Maschinenleistung<\/strong>: 8kW<\/li>    <li><strong>Luftdruck<\/strong>: 0.4-0,6mpa<\/li>    <li><strong>Geschwindigkeit bilden<\/strong>: 5 Sekunden<\/li>    <li><strong>Verarbeitungskapazit\u00e4t<\/strong>: 1500-2000m\/Stunde<\/li>    <li><strong>Maschinenkopfverriegelung<\/strong>: Hydraulische Verriegelung<\/li>    <li><strong>Winkelfehler<\/strong>: \u00b1 1 \u00b0<\/li>    <li><strong>Maschinengewicht<\/strong>: 1200 kg<\/li> <\/ul>   <div class=\"wp-block-image\"> <figure class=\"aligncenter size-full\"><img loading=\"lazy\" decoding=\"async\" width=\"720\" height=\"540\" src=\"https:\/\/www.baler-machines.com\/wp-content\/uploads\/2025\/03\/fully-automatic-CNC-five-head-steel-bar-bending-machine.webp\" alt=\"Vollautomatische CNC-Biegermaschine mit f\u00fcnf K\u00f6pfen Stahlstangenstab\" class=\"wp-image-4136\" title=\"\" srcset=\"https:\/\/www.baler-machines.com\/wp-content\/uploads\/2025\/03\/fully-automatic-CNC-five-head-steel-bar-bending-machine.webp 720w, https:\/\/www.baler-machines.com\/wp-content\/uploads\/2025\/03\/fully-automatic-CNC-five-head-steel-bar-bending-machine-16x12.webp 16w\" sizes=\"auto, (max-width: 720px) 100vw, 720px\" \/><figcaption class=\"wp-element-caption\">Vollautomatische CNC-Biegermaschine mit f\u00fcnf K\u00f6pfen Stahlstangenstab<\/figcaption><\/figure> <\/div>   <h2 class=\"wp-block-heading\"><strong>Wie funktioniert die Biegermaschine der Plattenstange\uff1f\uff1f<\/strong><\/h2>    <p>Das Arbeitsprinzip der automatischen CNC -Steigb\u00fcgel -Biegemaschine besteht darin, den Biegewinkel, die L\u00e4nge und die Form durch das CNC -System, die automatische Positionierung, die feste L\u00e4nge und die Verriegelung einzustellen, um das Stahlformwerk zu vervollst\u00e4ndigen. Der Arbeitsprozess ist:<\/p>    <ul class=\"wp-block-list\"> <li><strong>F\u00fcttern<\/strong>: Die Stahlstange betritt den Verarbeitungsbereich \u00fcber das F\u00fctterungsger\u00e4t.<\/li>    <li><strong>Positionierung<\/strong>: Das CNC -System lokalisiert die L\u00e4nge und Biegeposition der Bewehrung nach den voreingestellten Parametern genau.<\/li>    <li><strong>Biegen<\/strong>: Der Biegekopf vervollst\u00e4ndigt die Biegeaktion gem\u00e4\u00df der Anweisung, um sicherzustellen, dass der Winkel und die Form den Anforderungen entsprechen.<\/li>    <li><strong>Entladen<\/strong>: Die fertige Stahlstange muss manuell herausgenommen werden, um sich auf die n\u00e4chste Verarbeitungsrunde vorzubereiten.<\/li> <\/ul>    <h2 class=\"wp-block-heading\"><strong>Was kostet die Shuliy Bewehrungsstahl-Biegemaschine f\u00fcr St\u00fctzen?<\/strong><\/h2>    <p>Der Preis einer CNC -Stahlstangenbiegemaschine h\u00e4ngt von einer Reihe von Faktoren ab, einschlie\u00dflich Ausr\u00fcstungsmaterialien, Verarbeitungskapazit\u00e4t, Automatisierungsgrad und zus\u00e4tzlichen Funktionen. Wir bieten eine breite Palette von Ger\u00e4tegr\u00f6\u00dfen an, von kleinen, wirtschaftlichen Biegermaschinen bis hin zu leistungsf\u00e4higen, multifunktionalen CNC-Biegermaschinen zu flexiblen Preisbereichen.<\/p>    <p>Spezifische Preise basieren auf den Verarbeitungsbed\u00fcrfnissen des Kunden, der Bestellmenge und den Anpassungsanforderungen. Wenn Sie ein spezifisches Angebot ben\u00f6tigen, k\u00f6nnen Sie uns kontaktieren, um die kosteng\u00fcnstigste Maschine f\u00fcr Ihre Produktionsbed\u00fcrfnisse zu empfehlen.<\/p>   <div class=\"wp-block-image\"> <figure class=\"aligncenter size-full\"><img loading=\"lazy\" decoding=\"async\" width=\"720\" height=\"540\" src=\"https:\/\/www.baler-machines.com\/wp-content\/uploads\/2025\/03\/automatic-rebar-stirrup-bending-machine.webp\" alt=\"Automatische B\u00fcgelmaschine f\u00fcr Bewehrungssteigb\u00fcgel\" class=\"wp-image-4142\" title=\"\" srcset=\"https:\/\/www.baler-machines.com\/wp-content\/uploads\/2025\/03\/automatic-rebar-stirrup-bending-machine.webp 720w, https:\/\/www.baler-machines.com\/wp-content\/uploads\/2025\/03\/automatic-rebar-stirrup-bending-machine-16x12.webp 16w\" sizes=\"auto, (max-width: 720px) 100vw, 720px\" \/><figcaption class=\"wp-element-caption\">Automatische B\u00fcgelmaschine f\u00fcr Bewehrungssteigb\u00fcgel<\/figcaption><\/figure> <\/div>   <h2 class=\"wp-block-heading\"><strong>Wie bestelle ich einen CNC -Steigb\u00fcgel von Shuliy?<\/strong><\/h2>    <p>Die Bestellung einer Biegermaschine von Rebar Steigb\u00fcgel ist einfach! Der allgemeine Prozess ist:<\/p>    <ol class=\"wp-block-list\"> <li>Sie k\u00f6nnen uns \u00fcber Online -Beratung, Telefon oder E -Mail mit uns in Verbindung setzen und uns Ihre Bearbeitungsanforderungen mitteilen.<\/li>    <li>Wir empfehlen Ihnen das richtige Modell und bieten Ihnen detaillierte Parameter, Ausr\u00fcstungsbilder und Videos, um sicherzustellen, dass Sie die am besten geeigneten Ger\u00e4te ausw\u00e4hlen.<\/li>    <li>Nach der Best\u00e4tigung der Bestellung arrangieren wir schnelle Produktion, Verpackung und globale Versand.<\/li>    <li>Beim Empfangen der Maschine bieten wir auch Installationsanleitungen und After-Sales-Service an, um Ihre reibungslose Produktion zu gew\u00e4hrleisten.<\/li> <\/ol>    <figure class=\"wp-block-gallery has-nested-images columns-default is-cropped wp-block-gallery-4 is-layout-flex wp-block-gallery-is-layout-flex\"> <figure class=\"wp-block-image size-large\"><img loading=\"lazy\" decoding=\"async\" width=\"720\" height=\"540\" data-id=\"4145\" src=\"https:\/\/www.baler-machines.com\/wp-content\/uploads\/2025\/03\/automatic-stirrup-bender.webp\" alt=\"Automatische Steigb\u00fcgel Bender\" class=\"wp-image-4145\" title=\"\" srcset=\"https:\/\/www.baler-machines.com\/wp-content\/uploads\/2025\/03\/automatic-stirrup-bender.webp 720w, https:\/\/www.baler-machines.com\/wp-content\/uploads\/2025\/03\/automatic-stirrup-bender-16x12.webp 16w\" sizes=\"auto, (max-width: 720px) 100vw, 720px\" \/><figcaption class=\"wp-element-caption\">Automatische Steigb\u00fcgel Bender<\/figcaption><\/figure>    <figure class=\"wp-block-image size-large\"><img loading=\"lazy\" decoding=\"async\" width=\"720\" height=\"540\" data-id=\"4146\" src=\"https:\/\/www.baler-machines.com\/wp-content\/uploads\/2025\/03\/stirrup-bar-bending-machine.webp\" alt=\"B\u00fcgelstangenbiegermaschine\" class=\"wp-image-4146\" title=\"\" srcset=\"https:\/\/www.baler-machines.com\/wp-content\/uploads\/2025\/03\/stirrup-bar-bending-machine.webp 720w, https:\/\/www.baler-machines.com\/wp-content\/uploads\/2025\/03\/stirrup-bar-bending-machine-16x12.webp 16w\" sizes=\"auto, (max-width: 720px) 100vw, 720px\" \/><figcaption class=\"wp-element-caption\">B\u00fcgelstangenbiegermaschine<\/figcaption><\/figure> <\/figure>    <p class=\"translation-block\">Neben dieser Ausr\u00fcstung haben wir auch andere Ger\u00e4te zur Handhabung von Stahlbeton, wie <a href=\"https:\/\/www.baler-machines.com\/de\/rebar-straightening-machine\/\">Stahlbetonrichtmaschine<\/a>, Biegemaschine f\u00fcr Stahlbetonringe, <a href=\"https:\/\/www.baler-machines.com\/de\/cnc-tube-bending-machine\/\">Rohrbiegemaschine<\/a> und so weiter.<\/p>    <p class=\"translation-block\">Willkommen, uns f\u00fcr ein detailliertes Angebot und technische Unterst\u00fctzung f\u00fcr Ihre <a href=\"https:\/\/en.wikipedia.org\/wiki\/Rebar\" target=\"_blank\" rel=\"noopener\">Bewehrungsstahl<\/a>-Verarbeitung zu kontaktieren!<\/p>","protected":false},"excerpt":{"rendered":"<p>Shuliy Rebar Steigrup Biegemaschine \u00fcbernimmt das fortschrittliche 5-Kopf-Design, um Stahlstangen von 1500-2000 m pro Stunde in gew\u00fcnschte Formen zu biegen.<\/p>","protected":false},"author":1,"featured_media":4134,"parent":0,"template":"","tags":[641,643],"product-type":[640],"class_list":["post-4131","product","type-product","status-publish","has-post-thumbnail","hentry","tag-rebar","tag-steel-bar","product-type-rebar-processing-equipment"],"_links":{"self":[{"href":"https:\/\/www.baler-machines.com\/de\/wp-json\/wp\/v2\/product\/4131","targetHints":{"allow":["GET"]}}],"collection":[{"href":"https:\/\/www.baler-machines.com\/de\/wp-json\/wp\/v2\/product"}],"about":[{"href":"https:\/\/www.baler-machines.com\/de\/wp-json\/wp\/v2\/types\/product"}],"author":[{"embeddable":true,"href":"https:\/\/www.baler-machines.com\/de\/wp-json\/wp\/v2\/users\/1"}],"wp:featuredmedia":[{"embeddable":true,"href":"https:\/\/www.baler-machines.com\/de\/wp-json\/wp\/v2\/media\/4134"}],"wp:attachment":[{"href":"https:\/\/www.baler-machines.com\/de\/wp-json\/wp\/v2\/media?parent=4131"}],"wp:term":[{"taxonomy":"post_tag","embeddable":true,"href":"https:\/\/www.baler-machines.com\/de\/wp-json\/wp\/v2\/tags?post=4131"},{"taxonomy":"product-type","embeddable":true,"href":"https:\/\/www.baler-machines.com\/de\/wp-json\/wp\/v2\/product-type?post=4131"}],"curies":[{"name":"wp","href":"https:\/\/api.w.org\/{rel}","templated":true}]}}