{"id":4115,"date":"2025-03-07T17:47:58","date_gmt":"2025-03-07T09:47:58","guid":{"rendered":"https:\/\/www.baler-machines.com\/?post_type=product&#038;p=4115"},"modified":"2025-03-10T11:02:55","modified_gmt":"2025-03-10T03:02:55","slug":"cnc-tube-bending-machine","status":"publish","type":"product","link":"https:\/\/www.baler-machines.com\/de\/cnc-tube-bending-machine\/","title":{"rendered":"CNC -R\u00f6hrchen -Biegermaschine f\u00fcr Kupferstahlrohre"},"content":{"rendered":"<p class=\"translation-block\">Shuliy <strong>CNC-Rohrbiegemaschine<\/strong> wird haupts\u00e4chlich verwendet, um quadratische oder runde Stahlrohre in die gew\u00fcnschte Form zu biegen. Der Biegebereich betr\u00e4gt 10-100mm. Der Winkelbereich reicht von 0-180 Grad.<\/p>    <p>Diese Ausr\u00fcstung eignet sich besonders f\u00fcr eine hochvolumige, hochpr\u00e4zise Rohrverarbeitung wie Automobilherstellung, M\u00f6bel, Fitnessger\u00e4te und andere Branchen, um die Produktionseffizienz zu verbessern und die Arbeitskosten zu senken. Interessiert? Wenn ja, komm und kontaktieren Sie uns jetzt, um weitere Informationen zu erhalten!<\/p>    <figure class=\"wp-block-embed is-type-video is-provider-youtube wp-block-embed-youtube wp-embed-aspect-16-9 wp-has-aspect-ratio\"><div class=\"wp-block-embed__wrapper\"> <iframe loading=\"lazy\" title=\"Vollautomatisierter CNC -R\u00f6hrchen -Biegemaschine Arbeitsvideo\" width=\"500\" height=\"281\" src=\"https:\/\/www.youtube.com\/embed\/Qc1jzhhx5Uw?feature=oembed\" frameborder=\"0\" allow=\"accelerometer; autoplay; clipboard-write; encrypted-media; gyroscope; picture-in-picture; web-share\" referrerpolicy=\"strict-origin-when-cross-origin\" allowfullscreen><\/iframe> <\/div><figcaption class=\"wp-element-caption\">Drahtrohr Biegermaschine<\/figcaption><\/figure>    <h2 class=\"wp-block-heading\"><strong>Fertige Produkte und Anwendungen der CNC -R\u00f6hrchen -Biegermaschine<\/strong><\/h2>    <p>Unsere CNC -Biegermaschine CNC -R\u00f6hrchen kann verschiedene Stahlrohre in die gew\u00fcnschte Form biegen. Die Endprodukte werden unten als Referenz angezeigt.<\/p>    <p class=\"translation-block\">Die fertigen Produkte werden h\u00e4ufig in <strong>Automobil- und Motorrad<\/strong> <strong>herstellung, Luft- und Raumfahrt, M\u00f6belherstellung, Fitnessger\u00e4ten, Schiffen, Petrochemie, Elektrizit\u00e4t, Erdgas, Nuklearindustrie, Kesseln, Fahrzeugen, Klimaanlagen und K\u00fchlung, Sportartikeln<\/strong>, <strong>Geb\u00e4udedekoration, Petrochemie<\/strong> und anderen Industrien eingesetzt.<\/p>    <figure class=\"wp-block-gallery has-nested-images columns-default is-cropped wp-block-gallery-2 is-layout-flex wp-block-gallery-is-layout-flex\"> <figure class=\"wp-block-image size-large\"><img loading=\"lazy\" decoding=\"async\" width=\"540\" height=\"720\" data-id=\"4121\" src=\"https:\/\/www.baler-machines.com\/wp-content\/uploads\/2025\/03\/end-products-of-CNC-tube-bending-machine.webp\" alt=\"Endprodukte der CNC-Rohrbiegemaschine\" class=\"wp-image-4121\" title=\"\" srcset=\"https:\/\/www.baler-machines.com\/wp-content\/uploads\/2025\/03\/end-products-of-CNC-tube-bending-machine.webp 540w, https:\/\/www.baler-machines.com\/wp-content\/uploads\/2025\/03\/end-products-of-CNC-tube-bending-machine-9x12.webp 9w\" sizes=\"auto, (max-width: 540px) 100vw, 540px\" \/><figcaption class=\"wp-element-caption\">Endprodukte der CNC -R\u00f6hrchen -Biegermaschine<\/figcaption><\/figure>    <figure class=\"wp-block-image size-large\"><img loading=\"lazy\" decoding=\"async\" width=\"540\" height=\"720\" data-id=\"4120\" src=\"https:\/\/www.baler-machines.com\/wp-content\/uploads\/2025\/03\/applications-of-end-products.webp\" alt=\"Anwendungen der Endprodukte\" class=\"wp-image-4120\" title=\"\" srcset=\"https:\/\/www.baler-machines.com\/wp-content\/uploads\/2025\/03\/applications-of-end-products.webp 540w, https:\/\/www.baler-machines.com\/wp-content\/uploads\/2025\/03\/applications-of-end-products-9x12.webp 9w\" sizes=\"auto, (max-width: 540px) 100vw, 540px\" \/><figcaption class=\"wp-element-caption\">Anwendungen von Endprodukten<\/figcaption><\/figure> <\/figure>    <h2 class=\"wp-block-heading\"><strong>Vorteile der CNC -Rohrbendermaschine<\/strong><\/h2>    <ul class=\"wp-block-list\"> <li>Die CNC -R\u00f6hrchen -Biegeausr\u00fcstung hat a <strong>Biegebereich von 10-100 mm<\/strong> und an <strong>Winkelbereich von 0-180 mm<\/strong>, wodurch Stahlrohre sich in verschiedene gew\u00fcnschte Formen beugen.<\/li>    <li>Unsere CNC -Rohrbiegemaschine <strong>nimmt ein CNC -System an<\/strong>, um eine pr\u00e4zise Biegung mehrerer Winkel und Radien zu gew\u00e4hrleisten und Materialabf\u00e4lle zu reduzieren.<\/li>    <li>Es verwendet ein <strong>Advanced Hydraulic Drive System<\/strong>den Betrieb stabiler und niedrigere Wartungskosten.<\/li>    <li>Die Endprodukte haben <strong>breite Anwendungen<\/strong>, wie Luft- und Raumfahrt, Fitnessger\u00e4te, Schiffe usw.<\/li> <\/ul>   <div class=\"wp-block-image\"> <figure class=\"aligncenter size-full\"><img loading=\"lazy\" decoding=\"async\" width=\"720\" height=\"540\" src=\"https:\/\/www.baler-machines.com\/wp-content\/uploads\/2025\/03\/CNC-pipe-bending-machine-for-round-tubes.webp\" alt=\"CNC -Rohr -Biegermaschine f\u00fcr runde R\u00f6hrchen\" class=\"wp-image-4122\" title=\"\" srcset=\"https:\/\/www.baler-machines.com\/wp-content\/uploads\/2025\/03\/CNC-pipe-bending-machine-for-round-tubes.webp 720w, https:\/\/www.baler-machines.com\/wp-content\/uploads\/2025\/03\/CNC-pipe-bending-machine-for-round-tubes-16x12.webp 16w\" sizes=\"auto, (max-width: 720px) 100vw, 720px\" \/><figcaption class=\"wp-element-caption\">CNC -Rohr -Biegermaschine f\u00fcr runde R\u00f6hrchen<\/figcaption><\/figure> <\/div>   <h2 class=\"wp-block-heading\"><strong>Technische Parameter der CNC -R\u00f6hrchen -Biegermaschine<\/strong><\/h2>    <p class=\"translation-block\"><strong>Parameter der Dornrohrbiegemaschine<\/strong><\/p>    <figure class=\"wp-block-table\"><table><tbody><tr><td>Typ<\/td><td>Modell 38<\/td><td>Modell 51<\/td><td>Modell 76<\/td><td>Modell 100<\/td><\/tr><tr><td>Biegebereich (MM)<\/td><td>10-24<\/td><td>20-51<\/td><td>30-76<\/td><td>40-100<\/td><\/tr><tr><td>Winkelbereich (Grad)<\/td><td>0-180 <\/td><td>0-180<\/td><td>0-180<\/td><td>0-180<\/td><\/tr><tr><td>Hauptgeschwindigkeit (Drehzahl)<\/td><td>20<\/td><td>20<\/td><td>16<\/td><td>16<\/td><\/tr><tr><td>Maschinengr\u00f6\u00dfe (mm)<\/td><td>800*650*900<\/td><td>850*700*930<\/td><td>940*780*960<\/td><td>1020*800*960<\/td><\/tr><tr><td>Wandst\u00e4rke (MM)<\/td><td>1-3<\/td><td>1-4<\/td><td>1-5<\/td><td>2-6<\/td><\/tr><tr><td>Motorleistung<\/td><td>3 kW 4-pole<br>(Nationaler Standard)<\/td><td>3 kW 4-pole<br>(Nationaler Standard)<\/td><td>4KW 6-pole<br>(Nationaler Standard)<\/td><td>5,5 kW 6-pole<br>(Nationaler Standard)<\/td><\/tr><tr><td>Eingangsspannung<\/td><td>3-Phase 380V<\/td><td>3-Phase 380V<\/td><td>3-Phase 380V<\/td><td>3-Phase 380V<\/td><\/tr><tr><td>Maschinengewicht (kg)<\/td><td>230<\/td><td>260<\/td><td>290<\/td><td>360<\/td><\/tr><\/tbody><\/table><figcaption class=\"wp-element-caption\">Spezifikationen der Rohrbendermaschine<\/figcaption><\/figure>    <p class=\"translation-block\"><strong>Parameter der CNC-Rohrbiegemaschine<\/strong><\/p>    <figure class=\"wp-block-table\"><table><tbody><tr><td>Typ<\/td><td>Modell-5 hydraulischer CNC<\/td><td>Modell-9-Hydraulik-CNC<\/td><td>Modell-11 hydraulischer CNC<\/td><\/tr><tr><td>Stahlstangendurchmesser (mm)<\/td><td>4-28<\/td><td>4-32<\/td><td>4-36<\/td><\/tr><tr><td>Rundrohrdurchmesser (mm)<\/td><td>10-50<\/td><td>10-60<\/td><td>10-60<\/td><\/tr><tr><td>Ovalrohrdurchmesser (mm)<\/td><td>30*80<\/td><td>30*80<\/td><td>30*80<\/td><\/tr><tr><td>Maschinengewicht (kg)<\/td><td>700<\/td><td>900<\/td><td>1050<\/td><\/tr><tr><td>Hydraulikmotorleistung (KW)<\/td><td>3<\/td><td>3.8<\/td><td>5.5<\/td><\/tr><tr><td>Reisegeschwindigkeit (m\/min)<\/td><td>12<\/td><td>12<\/td><td>12<\/td><\/tr><tr><td>Reisemotor (KW)<\/td><td>4<\/td><td>4<\/td><td>4<\/td><\/tr><tr><td>Gesamtdimension (mm)<\/td><td>1100*1500*1200<\/td><td>1100*1800*1200<\/td><td>1100*1800*1200<\/td><\/tr><\/tbody><\/table><figcaption class=\"wp-element-caption\">Spezifikationen der CNC -R\u00f6hrchenmaschine<\/figcaption><\/figure>    <h2 class=\"wp-block-heading\"><strong>Wie funktioniert die CNC -R\u00f6hrchen -Biegermaschine?<\/strong><\/h2>    <p>Diese CNC -R\u00f6hrchenmaschine steuert den Rohrbiegeprozess \u00fcber das CNC -System genau, um eine hohe Pr\u00e4zision und hohe Effizienz zu erzielen. <\/p>    <p>Erstens stellt der Bediener den Biegewinkel, den Radius, die Biegegeschwindigkeit und andere Parameter auf dem Bedienfeld ein. <\/p>    <p>Anschlie\u00dfend f\u00fcttert der F\u00fctterungsmechanismus des Ger\u00e4ts das Rohr in die Biegeform, das Klemmsystem fixiert das Rohr und das hydraulische Antriebsger\u00e4t dr\u00fcckt den Biegerarm, um sich im eingestellten Winkel zu beugen.<\/p>    <p>Der gesamte Prozess wird vom CNC -Programm genau kontrolliert, um die Konsistenz jedes Biegerpunkts zu gew\u00e4hrleisten und Fehler und Materialabf\u00e4lle zu reduzieren.<\/p>    <figure class=\"wp-block-gallery has-nested-images columns-default is-cropped wp-block-gallery-3 is-layout-flex wp-block-gallery-is-layout-flex\"> <figure class=\"wp-block-image size-large\"><img loading=\"lazy\" decoding=\"async\" width=\"720\" height=\"540\" data-id=\"4126\" src=\"https:\/\/www.baler-machines.com\/wp-content\/uploads\/2025\/03\/CNC-tube-coiling-machine.webp\" alt=\"CNC -Rohr -Spulenmaschine\" class=\"wp-image-4126\" title=\"\" srcset=\"https:\/\/www.baler-machines.com\/wp-content\/uploads\/2025\/03\/CNC-tube-coiling-machine.webp 720w, https:\/\/www.baler-machines.com\/wp-content\/uploads\/2025\/03\/CNC-tube-coiling-machine-16x12.webp 16w\" sizes=\"auto, (max-width: 720px) 100vw, 720px\" \/><figcaption class=\"wp-element-caption\">CNC -Rohr -Spulenmaschine<\/figcaption><\/figure>    <figure class=\"wp-block-image size-large\"><img loading=\"lazy\" decoding=\"async\" width=\"720\" height=\"540\" data-id=\"4127\" src=\"https:\/\/www.baler-machines.com\/wp-content\/uploads\/2025\/03\/CNC-pipe-bender-machine-for-steel-processing.webp\" alt=\"CNC Rohrbendermaschine f\u00fcr die Stahlverarbeitung\" class=\"wp-image-4127\" title=\"\" srcset=\"https:\/\/www.baler-machines.com\/wp-content\/uploads\/2025\/03\/CNC-pipe-bender-machine-for-steel-processing.webp 720w, https:\/\/www.baler-machines.com\/wp-content\/uploads\/2025\/03\/CNC-pipe-bender-machine-for-steel-processing-16x12.webp 16w\" sizes=\"auto, (max-width: 720px) 100vw, 720px\" \/><figcaption class=\"wp-element-caption\">CNC Rohrbendermaschine f\u00fcr die Stahlverarbeitung<\/figcaption><\/figure> <\/figure>    <h2 class=\"wp-block-heading\"><strong>Wie viel kostet Shuliy CNC -R\u00f6hrchen -Biegemaschine?<\/strong><\/h2>    <p>Der Preis f\u00fcr CNC -Rohrbender wird von einer Vielzahl von Faktoren wie Ger\u00e4temodell, Verarbeitungskapazit\u00e4t, Steuerungssystem, Marke und zus\u00e4tzlichen Funktionen beeinflusst. Im Allgemeinen ist der Preis f\u00fcr die grundlegende CNC-Rohrbiegemaschine wirtschaftlicher, w\u00e4hrend der Preis f\u00fcr High-End-Konfigurationsger\u00e4te h\u00f6her ist. <\/p>    <p>Um die am besten geeigneten Ger\u00e4teangebote zu erhalten, empfehlen wir, dass Kunden spezifische Verarbeitungsanforderungen anwenden, damit wir das beste Modell f\u00fcr Sie empfehlen k\u00f6nnen.<\/p>    <figure class=\"wp-block-gallery has-nested-images columns-default is-cropped wp-block-gallery-4 is-layout-flex wp-block-gallery-is-layout-flex\"> <figure class=\"wp-block-image size-large\"><img loading=\"lazy\" decoding=\"async\" width=\"720\" height=\"540\" data-id=\"4123\" src=\"https:\/\/www.baler-machines.com\/wp-content\/uploads\/2025\/03\/CNC-copper-tube-bending-machine-in-the-factory.webp\" alt=\"CNC -Kupferrohr -Biegermaschine in der Fabrik\" class=\"wp-image-4123\" title=\"\" srcset=\"https:\/\/www.baler-machines.com\/wp-content\/uploads\/2025\/03\/CNC-copper-tube-bending-machine-in-the-factory.webp 720w, https:\/\/www.baler-machines.com\/wp-content\/uploads\/2025\/03\/CNC-copper-tube-bending-machine-in-the-factory-16x12.webp 16w\" sizes=\"auto, (max-width: 720px) 100vw, 720px\" \/><figcaption class=\"wp-element-caption\">CNC -Kupferrohr -Biegermaschine in der Fabrik<\/figcaption><\/figure>    <figure class=\"wp-block-image size-large\"><img loading=\"lazy\" decoding=\"async\" width=\"720\" height=\"540\" data-id=\"4124\" src=\"https:\/\/www.baler-machines.com\/wp-content\/uploads\/2025\/03\/manufactured-CNC-hydraulic-pipe-bending-machine.webp\" alt=\"Hersteller CNC -Hydraulikrohr -Rohrbiegemaschine\" class=\"wp-image-4124\" title=\"\" srcset=\"https:\/\/www.baler-machines.com\/wp-content\/uploads\/2025\/03\/manufactured-CNC-hydraulic-pipe-bending-machine.webp 720w, https:\/\/www.baler-machines.com\/wp-content\/uploads\/2025\/03\/manufactured-CNC-hydraulic-pipe-bending-machine-16x12.webp 16w\" sizes=\"auto, (max-width: 720px) 100vw, 720px\" \/><figcaption class=\"wp-element-caption\">Hersteller CNC -Hydraulikrohr -Rohrbiegemaschine<\/figcaption><\/figure> <\/figure>    <h2 class=\"wp-block-heading\"><strong>Wie w\u00e4hle ich den richtigen Hersteller von CNC -R\u00f6hrchen -Biegermaschinen aus?<\/strong><\/h2>    <p>Die Auswahl des richtigen Hersteller von CNC Rohrbender erfordert die Aufmerksamkeit auf mehrere Schl\u00fcsselfaktoren. <\/p>    <ul class=\"wp-block-list\"> <li>Erstens ist es notwendig, die zu untersuchen <strong>Berufserfahrung und Marktbericht des Herstellers<\/strong>. W\u00e4hlen Sie die Marke mit langj\u00e4hriger Produktionserfahrung und einem guten Kundenfeedback. <\/li>    <li>Zweitens, die <strong>Qualit\u00e4t und technische St\u00e4rke der R\u00f6hrchenbiegeausr\u00fcstung<\/strong> sind entscheidend. Es wird empfohlen, Hersteller mit fortschrittlichen Produktionsprozessen und strengen Qualit\u00e4tskontrollsystemen auszuw\u00e4hlen und hochpr\u00e4zisen und hohe Effizienz-Biegermaschinen bereitzustellen. <\/li>    <li>Zus\u00e4tzlich, <strong>After-Sales-Service<\/strong> ist auch eine wichtige \u00dcberlegung. Hersteller von hochwertigen CNC-R\u00f6hrchen-Biegermaschinen sollten in der Lage sein, Installations- und Inbetriebnahme von Anleitungen, Betriebsschulungen, Wartung und andere umfassende Unterst\u00fctzung bereitzustellen. <\/li>    <li>Endlich, <strong>Preis und Kosteneffizienz<\/strong> sind gleich wichtig. Es wird empfohlen, dass ein umfassender Vergleich verschiedener Hersteller von Ger\u00e4teleistung, Qualit\u00e4t der Teile und Angebote. W\u00e4hlen Sie die am besten geeigneten Produktionsanforderungen von CNC -Rohrbenderherstellern. <\/li> <\/ul>    <p>F\u00fcr weitere Informationen oder ein Angebot, sollten Sie uns auf uns wenden!<\/p>   <div class=\"wp-block-image\"> <figure class=\"aligncenter size-full\"><img loading=\"lazy\" decoding=\"async\" width=\"720\" height=\"540\" src=\"https:\/\/www.baler-machines.com\/wp-content\/uploads\/2025\/03\/CNC-tube-bending-machine-supplier.webp\" alt=\"Lieferant von CNC Rohr Biegermaschine\" class=\"wp-image-4125\" title=\"\" srcset=\"https:\/\/www.baler-machines.com\/wp-content\/uploads\/2025\/03\/CNC-tube-bending-machine-supplier.webp 720w, https:\/\/www.baler-machines.com\/wp-content\/uploads\/2025\/03\/CNC-tube-bending-machine-supplier-16x12.webp 16w\" sizes=\"auto, (max-width: 720px) 100vw, 720px\" \/><figcaption class=\"wp-element-caption\">Lieferant von CNC Rohr Biegermaschine<\/figcaption><\/figure> <\/div>   <h2 class=\"wp-block-heading\"><strong>Kontaktieren Sie uns jetzt f\u00fcr ein Angebot!<\/strong><\/h2>    <p class=\"translation-block\">Wenn Sie an der CNC-Rohrbiegemaschine interessiert sind, kontaktieren Sie uns f\u00fcr weitere Details! Wir haben auch andere Bewehrungsstahlverarbeitungsmaschinen, wie z. B. <a href=\"https:\/\/www.baler-machines.com\/de\/rebar-straightening-machine\/\">Bewehrungsstahl-Richter<\/a>, <a href=\"https:\/\/www.baler-machines.com\/de\/cnc-spiral-rebar-bending-machine\/\">Bewehrungsstahl-Kreismaschine<\/a>, Bewehrungsstahlb\u00fcgelbieger usw. Egal, was Sie mit Ihrem <a href=\"https:\/\/en.wikipedia.org\/wiki\/Rebar\" target=\"_blank\" rel=\"noopener\">Bewehrungsstahl<\/a> machen m\u00f6chten, wir haben die passende Maschine f\u00fcr Ihre Bed\u00fcrfnisse! Wenn Sie also einen Bedarf haben, kontaktieren Sie uns jederzeit!<\/p>","protected":false},"excerpt":{"rendered":"<p>Shuliy CNC-R\u00f6hrchen-Biegermaschine biegt quadratische oder runde Stahlrohre in gew\u00fcnschte Formen mit einem Biegebereich von 10 bis 100 mm und einem Winkelbereich von 0 bis 180 \u00b0 C.<\/p>","protected":false},"author":1,"featured_media":4119,"parent":0,"template":"","tags":[644,641,643],"product-type":[640],"class_list":["post-4115","product","type-product","status-publish","has-post-thumbnail","hentry","tag-pipe","tag-rebar","tag-steel-bar","product-type-rebar-processing-equipment"],"_links":{"self":[{"href":"https:\/\/www.baler-machines.com\/de\/wp-json\/wp\/v2\/product\/4115","targetHints":{"allow":["GET"]}}],"collection":[{"href":"https:\/\/www.baler-machines.com\/de\/wp-json\/wp\/v2\/product"}],"about":[{"href":"https:\/\/www.baler-machines.com\/de\/wp-json\/wp\/v2\/types\/product"}],"author":[{"embeddable":true,"href":"https:\/\/www.baler-machines.com\/de\/wp-json\/wp\/v2\/users\/1"}],"wp:featuredmedia":[{"embeddable":true,"href":"https:\/\/www.baler-machines.com\/de\/wp-json\/wp\/v2\/media\/4119"}],"wp:attachment":[{"href":"https:\/\/www.baler-machines.com\/de\/wp-json\/wp\/v2\/media?parent=4115"}],"wp:term":[{"taxonomy":"post_tag","embeddable":true,"href":"https:\/\/www.baler-machines.com\/de\/wp-json\/wp\/v2\/tags?post=4115"},{"taxonomy":"product-type","embeddable":true,"href":"https:\/\/www.baler-machines.com\/de\/wp-json\/wp\/v2\/product-type?post=4115"}],"curies":[{"name":"wp","href":"https:\/\/api.w.org\/{rel}","templated":true}]}}