{"id":411,"date":"2019-12-13T10:51:22","date_gmt":"2019-12-13T10:51:22","guid":{"rendered":"https:\/\/www.baler-machines.com\/?p=411"},"modified":"2024-11-29T10:49:47","modified_gmt":"2024-11-29T02:49:47","slug":"horizontal-metal-chips-briquetting-machine","status":"publish","type":"product","link":"https:\/\/www.baler-machines.com\/de\/horizontal-metal-chips-briquetting-machine\/","title":{"rendered":"Horizontale Brikettiermaschine f\u00fcr Metallsp\u00e4ne"},"content":{"rendered":"<p class=\"translation-block\">Die horizontale Bauweise der Metallsp\u00e4ne-Presse ist das kommerzielle <a href=\"https:\/\/www.baler-machines.com\/de\/scrap-metal-chip-briquette-machine\/\" target=\"_blank\" rel=\"noreferrer noopener\">Schrottmetall-Pressen-Ger\u00e4t<\/a>, das in verschiedenen Metallsp\u00e4ne-Presselinien weit verbreitet eingesetzt werden kann. Die \u00fcblichen Metallsp\u00e4ne wie Aluminiumsp\u00e4ne, Eisenstaub, Kupfersp\u00e4ne und Sp\u00e4ne sowie andere Arten von Metallabf\u00e4llen k\u00f6nnen zu Verdichteten mit hoher Dichte gepresst werden, um den Transport zu erleichtern.<\/p>    <h2 class=\"wp-block-heading\" id=\"h-brief-introduction-of-the-automatic-metal-chips-briquetting-machine\"><strong>Kurze Einf\u00fchrung in die automatische Brikettiermaschine f\u00fcr Metallsp\u00e4ne <\/strong><\/h2>    <p>Die Kuchenbrikettiermaschine aus Kupfersp\u00e4nen ist in einer horizontalen Struktur konzipiert. Es kann verschiedene Arten von Metallabf\u00e4llen horizontal pressen. Es kann k\u00f6rnige und pulverf\u00f6rmige Metallsp\u00e4ne zu zylindrischen Kuchen mit einem Gewicht von 2 bis 8 kg verdichten.\u00a0Mit hoher Arbeitseffizienz beim Recycling von Altmetallressourcen kann diese Metallsp\u00e4ne-Brikettiermaschine in gro\u00dfem Umfang in Stahlgie\u00dfereien, Metallh\u00fctten, der Bauindustrie, Unternehmen zur Vermeidung von Umweltverschmutzung und Maschinenverarbeitungsbetrieben eingesetzt werden.<\/p>   <div class=\"wp-block-image\"> <figure class=\"aligncenter size-full\"><img loading=\"lazy\" decoding=\"async\" width=\"742\" height=\"557\" src=\"https:\/\/www.baler-machines.com\/wp-content\/uploads\/2019\/12\/new-designed-metal-scraps-press-machine.png\" alt=\"new-designed-metal-scraps-press-machine\" class=\"wp-image-414\" title=\"\"><figcaption>Neu gestaltete Pressmaschine f\u00fcr Metallabf\u00e4lle<\/figcaption><\/figure> <\/div>   <h2 class=\"wp-block-heading\" id=\"h-what-are-the-components-of-the-metal-chips-briquetting-machine\"><strong>Aus welchen Komponenten besteht die Brikettiermaschine f\u00fcr Metallsp\u00e4ne?<\/strong><\/h2>    <p>Der Metallsp\u00e4ne-Brikettierer besteht haupts\u00e4chlich aus einem Kompressions\u00f6lzylinder, einer Kompressionskammer, einem Hydrauliksystem, einem elektrischen System, einem Sicherheitskontrollsystem und einem automatischen Aussacksystem. Die Maschine kann mit einem Dieselgeneratorantrieb ausgestattet werden, der f\u00fcr Gebiete mit schlechter Stromversorgung geeignet ist.<\/p>   <div class=\"wp-block-image\"> <figure class=\"aligncenter size-full\"><img loading=\"lazy\" decoding=\"async\" width=\"750\" height=\"750\" src=\"https:\/\/www.baler-machines.com\/wp-content\/uploads\/2019\/12\/horizontal-metal-briquette-machines-for-sale.jpg\" alt=\"Horizontale Brikettiermaschinen aus Metall zu verkaufen\" class=\"wp-image-412\" title=\"\"><figcaption>Horizontale Brikettiermaschinen aus Metall zu verkaufen<\/figcaption><\/figure> <\/div>   <h2 class=\"wp-block-heading\" id=\"h-how-to-design-the-metal-chips-briquetting-machine\"><strong>Wie ist die Brikettiermaschine f\u00fcr Metallsp\u00e4ne zu gestalten?<\/strong><\/h2>    <h3 class=\"wp-block-heading\"><strong>Eine Struktur mit drei Balken und sechs Pfosten<\/strong><\/h3>    <p>Die Brikettiermaschine f\u00fcr Metallsp\u00e4ne verwendet diese Art von Struktur. <\/p>    <p>Der Oberbalken und die Werkbank der Brikettiermaschine werden durch S\u00e4ulen, Befestigungsmuttern und Einstellmuttern zu einem festen Rahmen zusammengefasst.<\/p>    <p>Die Genauigkeit des Rahmens wird durch die Einstellmutter eingestellt, die eine gute Festigkeit, Steifigkeit und Genauigkeitsbest\u00e4ndigkeit aufweist.<\/p>   <div class=\"wp-block-image\"> <figure class=\"aligncenter size-full\"><img loading=\"lazy\" decoding=\"async\" width=\"720\" height=\"540\" src=\"https:\/\/www.baler-machines.com\/wp-content\/uploads\/2022\/08\/machine-body-construction.webp\" alt=\"Maschinenk\u00f6rperbau\" class=\"wp-image-2607\" title=\"\"><figcaption>Maschinenk\u00f6rperbau<\/figcaption><\/figure> <\/div>   <h3 class=\"wp-block-heading\"><strong>Geschwei\u00dfte Stahlplatten<\/strong><\/h3>    <p>Der obere Balken, der Tisch, der Schieber und andere gro\u00dfe Teile verwenden diese Anlage. Diese Teile werden vom Computer optimiert und entworfen. Seine Festigkeit, Steifigkeit, Struktur und Verformungsbest\u00e4ndigkeit entsprechen den internationalen Standards und Nutzungsanforderungen und bieten einen ausreichenden Sicherheitsfaktor. Die Pulvermetallpresse verwendet Kohlendioxid-Schutzgasschwei\u00dfen und manuelles Lichtbogenschwei\u00dfen, sodass die Schwei\u00dfqualit\u00e4t sehr hoch ist und Verformungsspannungen durch Alterungsvibrationsbehandlung beseitigt werden k\u00f6nnen.<\/p>    <h3 class=\"wp-block-heading\"><strong>Der Schieber der Brikettiermaschine<\/strong><\/h3>    <p>Actually, it&#8217;s a welded steel plate with a box structure. The material of the guide sleeve at its four-column guide hole is a nano-molecular composite material, which has good resistance and precision retention.<\/p>    <p>Auf der unteren Ebene des Schiebers befinden sich T-Nuten zur Formmontage.<\/p>    <p>Der Hauptbalken verf\u00fcgt \u00fcber einen Hauptarbeits\u00f6lzylinder. Am Hauptarbeitszylinder befindet sich ein mit Fl\u00fcssigkeit gef\u00fcllter \u00d6ltank. Die Werkbank der Brikettiermaschine f\u00fcr Metallsp\u00e4ne ist ebenfalls ein aus Stahlblech geschwei\u00dftes Strukturteil, das \u00fcber eine S\u00e4ule mit dem Oberbalken und dem Schieber verbunden ist, um einen Host zu bilden.<\/p>   <div class=\"wp-block-image\"> <figure class=\"aligncenter size-full\"><img loading=\"lazy\" decoding=\"async\" width=\"720\" height=\"540\" src=\"https:\/\/www.baler-machines.com\/wp-content\/uploads\/2019\/12\/metal-chips-briquetting-machine-manufacturer.webp\" alt=\"Hersteller von Brikettiermaschinen f\u00fcr Metallsp\u00e4ne\" class=\"wp-image-2614\" title=\"\"><figcaption>Hersteller von Brikettiermaschinen f\u00fcr Metallsp\u00e4ne<\/figcaption><\/figure> <\/div>   <h3 class=\"wp-block-heading\"><strong>Das Design des Kupferzylinders<\/strong><\/h3>    <p>Der Kupferzylinder der Brikettiermaschine verf\u00fcgt \u00fcber ein F\u00fcnfzylinder-Design, das im oberen Balkenloch angeordnet und mit einer Doppelkanaldichtung abgedichtet ist. Der F\u00fchrungsteil ist mit Kupferschwei\u00dfen behandelt, das versiegelt ist und eine gute Verschlei\u00dffestigkeit aufweist. Das Material des Zylinderk\u00f6rpers ist 45er Schmiedestahl. , Schmiedest\u00fccke sind G\u00fcteklasse 3 (Schmiedest\u00fccke werden durch Ultraschall-Fehlererkennung qualifiziert und verg\u00fctet).<\/p>   <div class=\"wp-block-image\"> <figure class=\"aligncenter size-large\"><img loading=\"lazy\" decoding=\"async\" width=\"750\" height=\"561\" src=\"https:\/\/www.baler-machines.com\/wp-content\/uploads\/2019\/12\/metal-briquettes-production-line-of-our-Korea-customer.jpg\" alt=\"\" class=\"wp-image-416\" title=\"\"><figcaption>Produktionslinie f\u00fcr Metallbriketts unseres koreanischen Kunden<\/figcaption><\/figure> <\/div>   <h2 class=\"wp-block-heading\" id=\"h-how-does-the-hydraulic-aluminum-chip-briquetter-work\"><strong>Wie funktioniert der hydraulische Aluminium-Sp\u00e4nebrikettierer?<\/strong><\/h2>    <p>Diese Brikettiermaschine f\u00fcr Metallsp\u00e4ne nutzt den von Hydraulikzylindern bereitgestellten Hydraulikdruck, um Materialien zu komprimieren. <\/p>    <p>W\u00e4hrend der Arbeit kann die Drehung des Motors die \u00d6lpumpe zum Arbeiten antreiben, das Hydraulik\u00f6l im \u00d6ltank absaugen, es durch die Hydraulik\u00f6lleitung transportieren und an jeden Hydraulik\u00f6lzylinder \u00fcbertragen, um die Kolbenstange des \u00d6lzylinders anzutreiben um verschiedene Metallsp\u00e4ne im Materialtank l\u00e4ngs zu verdichten.<\/p>   <div class=\"wp-block-image\"> <figure class=\"aligncenter size-large\"><img loading=\"lazy\" decoding=\"async\" width=\"747\" height=\"487\" src=\"https:\/\/www.baler-machines.com\/wp-content\/uploads\/2019\/12\/copper-shavings-briquettes.png\" alt=\"\" class=\"wp-image-417\" title=\"\"><figcaption>Briketts aus Kupfersp\u00e4nen<\/figcaption><\/figure> <\/div>   <h2 class=\"wp-block-heading\" id=\"h-maintenance-tips-of-the-horizontal-metal-briquetting-machine\"><strong>M<\/strong><strong>Wartung<\/strong><strong>&nbsp;Spitzen der horizontalen Metallbrikettiermaschine<\/strong><strong><\/strong><\/h2>    <ol class=\"wp-block-list\"><li>Als Hydraulik\u00f6l f\u00fcr den Betrieb der Maschine wird die Verwendung von verschlei\u00dffestem Hydraulik\u00f6l der G\u00fcteklasse 32 und 46 empfohlen. Verwenden Sie eine \u00d6ltemperatur im Bereich von 15 bis 60 \u00b0C.<\/li><li>Das Hydraulik\u00f6l wird streng gefiltert, bevor es in den Tank gef\u00fcllt werden kann. Die Arbeitsfl\u00fcssigkeit sollte einmal im Jahr gewechselt werden und die Austauschzeit sollte drei Monate nicht \u00fcberschreiten.<\/li><li> Wenn die Maschine l\u00e4ngere Zeit nicht benutzt wird, sollte die Oberfl\u00e4che jedes Teils gereinigt und mit Rostschutz\u00f6l beschichtet werden.<\/li><li>Der Schlitten der Metallbrikettiermaschine sollte h\u00e4ufig mit Schmier\u00f6l gef\u00fcllt werden, die Au\u00dfenfl\u00e4che der S\u00e4ule sollte regelm\u00e4\u00dfig sauber gehalten werden und das \u00d6l sollte vor jeder Arbeit eingespritzt werden. Das Manometer sollte alle sechs Monate \u00fcberpr\u00fcft werden.<\/li><\/ol>   <div class=\"wp-block-image\"> <figure class=\"aligncenter size-large\"><img loading=\"lazy\" decoding=\"async\" width=\"750\" height=\"563\" src=\"https:\/\/www.baler-machines.com\/wp-content\/uploads\/2019\/12\/bulks-of-iron-shaving-briquettes-made-by-this-metal-press-machine.jpg\" alt=\"\" class=\"wp-image-418\" title=\"\"><figcaption>Massen von Eisenspanbriketts, hergestellt mit dieser Metallpressmaschine<\/figcaption><\/figure> <\/div>   <h2 class=\"wp-block-heading\" id=\"h-technical-specifications-of-the-metal-briquette-press\"><strong>Technische Daten der Metallbrikettierpresse<\/strong><\/h2>    <figure class=\"wp-block-table\"><table><tbody><tr><td>Modell<\/td><td>Brikettdurchmesser (mm)<\/td><td>Geschwindigkeit (Briketts\/min)<\/td><td>Motor (kW)<\/td><td>Brikettdichte (Tonne\/m\u00b3)<\/td><\/tr><tr><td>SL-2000<\/td><td>60~90<\/td><td>2~3<\/td><td>18.5<\/td><td>Aluminium\u22642,5<\/td><\/tr><tr><td>SL-2500<\/td><td>90~110<\/td><td>3~5<\/td><td>22<\/td><td>Aluminium\u22642,5<\/td><\/tr><tr><td>SL-3150<\/td><td>100~110<\/td><td>3~5<\/td><td>30<\/td><td>Stahl, Gusseisen \u22645,5<\/td><\/tr><tr><td>SL-3600<\/td><td>100~130<\/td><td>3~5<\/td><td>30<\/td><td>Stahl, Gusseisen \u22645,5<\/td><\/tr><tr><td>SL-5000<\/td><td>120~160<\/td><td>3~5<\/td><td>22\u00d72<\/td><td>Messing, Kupfer \u22647,0<\/td><\/tr><tr><td>SL-6300<\/td><td>120~200<\/td><td>3~5<\/td><td>30\u00d72<\/td><td>Messing, Kupfer \u22647,0<\/td><\/tr><\/tbody><\/table><\/figure>","protected":false},"excerpt":{"rendered":"<p>Die horizontale Art der Metallsp\u00e4ne-Brikettiermaschine (Metallbrikettiermaschine) ist die kommerzielle Schrottmetallpressanlage, die in verschiedenen Produktionslinien f\u00fcr Metallbriketts weit verbreitet eingesetzt werden kann. <\/p>","protected":false},"author":1,"featured_media":2598,"parent":0,"template":"","tags":[113,639,125,591,112],"product-type":[563],"class_list":["post-411","product","type-product","status-publish","has-post-thumbnail","hentry","tag-metal-briquette-machine","tag-metal-briquetting","tag-metal-chips-briquette-machine","tag-metal-chips-briquetting-machine","tag-scrap-metal-briquette-machine","product-type-baler-machine"],"_links":{"self":[{"href":"https:\/\/www.baler-machines.com\/de\/wp-json\/wp\/v2\/product\/411","targetHints":{"allow":["GET"]}}],"collection":[{"href":"https:\/\/www.baler-machines.com\/de\/wp-json\/wp\/v2\/product"}],"about":[{"href":"https:\/\/www.baler-machines.com\/de\/wp-json\/wp\/v2\/types\/product"}],"author":[{"embeddable":true,"href":"https:\/\/www.baler-machines.com\/de\/wp-json\/wp\/v2\/users\/1"}],"wp:featuredmedia":[{"embeddable":true,"href":"https:\/\/www.baler-machines.com\/de\/wp-json\/wp\/v2\/media\/2598"}],"wp:attachment":[{"href":"https:\/\/www.baler-machines.com\/de\/wp-json\/wp\/v2\/media?parent=411"}],"wp:term":[{"taxonomy":"post_tag","embeddable":true,"href":"https:\/\/www.baler-machines.com\/de\/wp-json\/wp\/v2\/tags?post=411"},{"taxonomy":"product-type","embeddable":true,"href":"https:\/\/www.baler-machines.com\/de\/wp-json\/wp\/v2\/product-type?post=411"}],"curies":[{"name":"wp","href":"https:\/\/api.w.org\/{rel}","templated":true}]}}