{"id":4102,"date":"2025-03-06T17:50:15","date_gmt":"2025-03-06T09:50:15","guid":{"rendered":"https:\/\/www.baler-machines.com\/?post_type=product&#038;p=4102"},"modified":"2025-03-06T17:53:23","modified_gmt":"2025-03-06T09:53:23","slug":"rebar-straightening-machine","status":"publish","type":"product","link":"https:\/\/www.baler-machines.com\/de\/rebar-straightening-machine\/","title":{"rendered":"Automatische Abfall -Richtungsmaschine zum Verkauf"},"content":{"rendered":"<p class=\"translation-block\">Die <strong>Shuliy Stahlgerade-Richtmaschine<\/strong> wurde entwickelt, um gebogene oder deformierte Schrottstahlst\u00e4be (mit einem Durchmesser von 6-25mm) zur Wiederverwendung zu richten. Nach dem Richten wird das Volumen der Stahlbewehrung reduziert, was den Transport erleichtert.<\/p>    <p>Es hat eine Richtl\u00e4nge von 500-2000 mm und eine Richtzeit von 20-mal pro Zeit.<\/p>    <p>Diese Recyclingmaschine f\u00fcr Abfallstahlstangen verbessert den Wiederverwendungswert der Stahlst\u00e4be und reduziert den Abfall, der bei Baubau, Stahlverarbeitungsanlagen, Schrott -Metall -Recyclingstationen und anderen Feldern h\u00e4ufig eingesetzt wird. Bei Interesse kontaktieren Sie uns f\u00fcr weitere Informationen!<\/p>    <figure class=\"wp-block-embed is-type-video is-provider-youtube wp-block-embed-youtube wp-embed-aspect-16-9 wp-has-aspect-ratio\"><div class=\"wp-block-embed__wrapper\"> <iframe loading=\"lazy\" title=\"Effiziente Abfallstahlstangen -Richtmaschine f\u00fcr Rundstabschrott -Rebarkorrektur -Recycling\" width=\"500\" height=\"281\" src=\"https:\/\/www.youtube.com\/embed\/2trV77C-QWQ?feature=oembed\" frameborder=\"0\" allow=\"accelerometer; autoplay; clipboard-write; encrypted-media; gyroscope; picture-in-picture; web-share\" referrerpolicy=\"strict-origin-when-cross-origin\" allowfullscreen><\/iframe> <\/div><\/figure>    <h2 class=\"wp-block-heading\"><strong>Vorteile der Schrott -Bewehrungsanmeldung<\/strong><\/h2>    <ul class=\"wp-block-list\"> <li>Es kann <strong>geradeten von gebogenen oder deformierten Balken (6-25 mm) mit Ausgang von 20-mal pro Zeit,<\/strong> das ist effizient.<\/li>    <li>Diese Schrottstahlstangengl\u00e4ttermaschine hat <strong>5 L\u00f6cher oder 6 L\u00f6cher mit T-f\u00f6rmiger F\u00fctterung<\/strong>, leicht zu f\u00fcttern und langlebig.<\/li>    <li>Der <strong>Ausr\u00fcstung besteht aus verdickten Materialien<\/strong>, tragen resistent, ein langes Lebensdauer haben.<\/li>    <li>Der <strong>Hochtemperatur-Quenching-Druckrolle nimmt 40 Eisenmaterial an<\/strong>Machen Sie einen guten Glattungseffekt.<\/li> <\/ul>    <figure class=\"wp-block-gallery has-nested-images columns-default is-cropped wp-block-gallery-2 is-layout-flex wp-block-gallery-is-layout-flex\"> <figure class=\"wp-block-image size-large\"><img loading=\"lazy\" decoding=\"async\" width=\"720\" height=\"540\" data-id=\"4105\" src=\"https:\/\/www.baler-machines.com\/wp-content\/uploads\/2025\/03\/scrap-steel-bar-rebar-rod-straightening-machine-for-sale.webp\" alt=\"\u00a0Stahlstangen -Bewehrungsstabgladungsmaschine zum Verkauf\" class=\"wp-image-4105\" title=\"\" srcset=\"https:\/\/www.baler-machines.com\/wp-content\/uploads\/2025\/03\/scrap-steel-bar-rebar-rod-straightening-machine-for-sale.webp 720w, https:\/\/www.baler-machines.com\/wp-content\/uploads\/2025\/03\/scrap-steel-bar-rebar-rod-straightening-machine-for-sale-16x12.webp 16w\" sizes=\"auto, (max-width: 720px) 100vw, 720px\" \/><figcaption class=\"wp-element-caption\">\u00a0Stahlstangen -Bewehrungsstabgladungsmaschine zum Verkauf<\/figcaption><\/figure>    <figure class=\"wp-block-image size-large\"><img loading=\"lazy\" decoding=\"async\" width=\"720\" height=\"540\" data-id=\"4106\" src=\"https:\/\/www.baler-machines.com\/wp-content\/uploads\/2025\/03\/feeding-holes-of-scrap-rebar-straightener-machine.webp\" alt=\"Zuf\u00fchrl\u00f6cher der Schrott-Bewehrungsstahl-Richtenmaschine\" class=\"wp-image-4106\" title=\"\" srcset=\"https:\/\/www.baler-machines.com\/wp-content\/uploads\/2025\/03\/feeding-holes-of-scrap-rebar-straightener-machine.webp 720w, https:\/\/www.baler-machines.com\/wp-content\/uploads\/2025\/03\/feeding-holes-of-scrap-rebar-straightener-machine-16x12.webp 16w\" sizes=\"auto, (max-width: 720px) 100vw, 720px\" \/><figcaption class=\"wp-element-caption\">F\u00fctterung von L\u00f6chern von Schrott Bewachungsleitmaschine<\/figcaption><\/figure> <\/figure>    <h2 class=\"wp-block-heading\"><strong>Technische Parameter der Stahlstangen -Gl\u00e4ttungsmaschine<\/strong><\/h2>    <figure class=\"wp-block-table\"><table><tbody><tr><td>Modell<\/td><td>6-10<\/td><td>6-14<\/td><td>8-16<\/td><td>14-25<\/td><\/tr><tr><td>Richtungsstangendurchmesser<\/td><td>6-10 mm<\/td><td>6-14 mm<\/td><td>8-16 mm<\/td><td>14-25 mm<\/td><\/tr><tr><td>Gl\u00e4ttungszeiten<\/td><td>5 L\u00f6cher, 20 Mal\/Zeit<\/td><td>5 L\u00f6cher, 20 Mal\/Zeit<\/td><td>5 L\u00f6cher, 20 Mal\/Zeit<\/td><td>6 L\u00f6cher, 20 Mal\/Zeit<\/td><\/tr><tr><td>Gl\u00e4ttungsl\u00e4nge<\/td><td>500-2000 mm<\/td><td>500-2000 mm<\/td><td>500-2000 mm<\/td><td>500-2000 mm<\/td><\/tr><tr><td>Motorleistung<\/td><td>4KW<\/td><td>5kW<\/td><td>5kW<\/td><td>15 kW<\/td><\/tr><tr><td>Maschinengewicht<\/td><td>570 kg<\/td><td>730 kg<\/td><td>750 kg<\/td><td>980 kg<\/td><\/tr><tr><td>Maschinendimension<\/td><td>1100*720*1150 mm<\/td><td>1200*7890*1220 mm<\/td><td>1250*820*1300 mm<\/td><td>1550*890*1600 mm<\/td><\/tr><\/tbody><\/table><figcaption class=\"wp-element-caption\">Spezifikationen der Stahlstangengl\u00e4ttermaschine<\/figcaption><\/figure>   <div class=\"wp-block-image\"> <figure class=\"aligncenter size-full\"><img loading=\"lazy\" decoding=\"async\" width=\"720\" height=\"540\" src=\"https:\/\/www.baler-machines.com\/wp-content\/uploads\/2025\/03\/waste-rebar-straightening-machine-for-sale-in-stock.webp\" alt=\"Abfall -Richtungsmaschine f\u00fcr Abfallanlagen zum Verkauf auf Lager\" class=\"wp-image-4107\" title=\"\" srcset=\"https:\/\/www.baler-machines.com\/wp-content\/uploads\/2025\/03\/waste-rebar-straightening-machine-for-sale-in-stock.webp 720w, https:\/\/www.baler-machines.com\/wp-content\/uploads\/2025\/03\/waste-rebar-straightening-machine-for-sale-in-stock-16x12.webp 16w\" sizes=\"auto, (max-width: 720px) 100vw, 720px\" \/><figcaption class=\"wp-element-caption\">Abfall -Richtungsmaschine f\u00fcr Abfallanlagen zum Verkauf auf Lager<\/figcaption><\/figure> <\/div>   <h2 class=\"wp-block-heading\"><strong>Anwendungen von Abfall -Bewehrungsanbietermaschine<\/strong><\/h2>    <p>Unsere Schrottstab -Richtmaschine wird in vielen Branchen wie Bau, Br\u00fccke, Stra\u00dfenbau, Schrott -Metallrecycling usw. h\u00e4ufig eingesetzt. Zu seinen Hauptanwendungen geh\u00f6ren:<\/p>    <ul class=\"wp-block-list\"> <li><strong>Bauindustrie<\/strong>: Die weggeworfenen Stahlstangen auf der Baustelle k\u00f6nnen nach der Behandlung von der Richtmaschine f\u00fcr den Bau wiederverwendet werden, um den Abfall zu reduzieren.<\/li>    <li><strong>Stahlstangenverarbeitungsanlage<\/strong>: Verwendet, um die Stahlstangen mit recyceltem Abfall vor dem Schneiden und Schwei\u00dfen zu begradigen, um den Wiederverwendungswert von Stahlst\u00e4ben zu verbessern.<\/li>    <li><strong>Altmetallrecyclingstation<\/strong>: Helfen Sie, die Station zu recyceln, um die Schrottentr\u00e4ger effizient zu verarbeiten und den wirtschaftlichen Nutzen von recyceltem Metall zu verbessern.<\/li>    <li><strong>Br\u00fcckenbau<\/strong>: Einige der Schrottstahlbalken k\u00f6nnen nach dem Gl\u00e4tten und Verarbeitung im Br\u00fcckenbau wiederverwendet werden, wodurch die Baukosten gesenkt werden.<\/li> <\/ul>    <figure class=\"wp-block-gallery has-nested-images columns-default is-cropped wp-block-gallery-3 is-layout-flex wp-block-gallery-is-layout-flex\"> <figure class=\"wp-block-image size-large\"><img loading=\"lazy\" decoding=\"async\" width=\"725\" height=\"435\" data-id=\"4110\" src=\"https:\/\/www.baler-machines.com\/wp-content\/uploads\/2025\/03\/bent-or-deformed-steel-bars.webp\" alt=\"gebogene oder deformierte Stahlst\u00e4be\" class=\"wp-image-4110\" title=\"\" srcset=\"https:\/\/www.baler-machines.com\/wp-content\/uploads\/2025\/03\/bent-or-deformed-steel-bars.webp 725w, https:\/\/www.baler-machines.com\/wp-content\/uploads\/2025\/03\/bent-or-deformed-steel-bars-18x12.webp 18w\" sizes=\"auto, (max-width: 725px) 100vw, 725px\" \/><figcaption class=\"wp-element-caption\">Gebogene oder deformierte Stahlstangen<\/figcaption><\/figure>    <figure class=\"wp-block-image size-large\"><img loading=\"lazy\" decoding=\"async\" width=\"727\" height=\"439\" data-id=\"4111\" src=\"https:\/\/www.baler-machines.com\/wp-content\/uploads\/2025\/03\/straightened-rebars.webp\" alt=\"gerade gerichtete Bewehrungsst\u00e4be\" class=\"wp-image-4111\" title=\"\" srcset=\"https:\/\/www.baler-machines.com\/wp-content\/uploads\/2025\/03\/straightened-rebars.webp 727w, https:\/\/www.baler-machines.com\/wp-content\/uploads\/2025\/03\/straightened-rebars-18x12.webp 18w\" sizes=\"auto, (max-width: 727px) 100vw, 727px\" \/><figcaption class=\"wp-element-caption\">Renommierte Bewehrungsst\u00e4be<\/figcaption><\/figure> <\/figure>    <h2 class=\"wp-block-heading\"><strong>Wie funktioniert die Shuliy Steel Bar Glasticleer?<\/strong><\/h2>    <p>Die runde Stange -Richtmaschine vervollst\u00e4ndigt haupts\u00e4chlich das Richtungsarbeiten durch den Richtungsmechanismus und das Traktionssystem, und der grundlegende Workflow ist wie folgt:<\/p>    <ol class=\"wp-block-list\"> <li><strong>F\u00fcttern<\/strong>: Die gebogene oder deformierte Stahlstange tritt \u00fcber den F\u00fctterungsanschluss in die Maschine ein.<\/li>    <li><strong>Gl\u00e4tten<\/strong>: Die Stange flie\u00dft durch mehrere Richtr\u00e4der und st\u00fctzt sich auf mechanische Spannungen, um allm\u00e4hlich zu adressieren.<\/li>    <li><strong>Ausgangsleistung des Fertiges<\/strong>: Holen Sie sich endlich die Bewehrung mit hoher Geradheit, die f\u00fcr den Bau oder das Recycling verwendet werden kann.<\/li> <\/ol>   <div class=\"wp-block-image\"> <figure class=\"aligncenter size-full\"><img loading=\"lazy\" decoding=\"async\" width=\"720\" height=\"540\" src=\"https:\/\/www.baler-machines.com\/wp-content\/uploads\/2025\/03\/automatic-steel-rod-straightening-machine.webp\" alt=\"Automatische Stahlstangengladungsmaschine\" class=\"wp-image-4112\" title=\"\" srcset=\"https:\/\/www.baler-machines.com\/wp-content\/uploads\/2025\/03\/automatic-steel-rod-straightening-machine.webp 720w, https:\/\/www.baler-machines.com\/wp-content\/uploads\/2025\/03\/automatic-steel-rod-straightening-machine-16x12.webp 16w\" sizes=\"auto, (max-width: 720px) 100vw, 720px\" \/><figcaption class=\"wp-element-caption\">Automatische Stahlstangengladungsmaschine<\/figcaption><\/figure> <\/div>   <h2 class=\"wp-block-heading\"><strong>Was kostet die Bewehrungsstahl-Richtenmaschine?<\/strong><\/h2>    <p>Der Preis einer runden Stangen -Gl\u00e4ttungsmaschine wird von mehreren Faktoren beeinflusst, einschlie\u00dflich des Modells, der Spezifikation und des Materials der Ausr\u00fcstung. Verschiedene Ger\u00e4temodelle haben unterschiedliche Spezifikationsgr\u00f6\u00dfen, die den Umfang der Anwendung beeinflussen. Die Auswahl des Materials h\u00e4ngt mit der Haltbarkeit und der Lebensdauer der Ausr\u00fcstung zusammen. Diese Faktoren bestimmen zusammen den endg\u00fcltigen Preis der Ausr\u00fcstung.<\/p>    <p>M\u00f6chten Sie ein bestimmtes Angebot bekommen? F\u00fchlen Sie sich frei, uns zu kontaktieren!<\/p>   <div class=\"wp-block-image\"> <figure class=\"aligncenter size-full\"><img loading=\"lazy\" decoding=\"async\" width=\"720\" height=\"540\" src=\"https:\/\/www.baler-machines.com\/wp-content\/uploads\/2025\/03\/scrap-steel-bar-straightener-machine.webp\" alt=\"Schrottstahlstangengl\u00e4ttermaschine\" class=\"wp-image-4113\" title=\"\" srcset=\"https:\/\/www.baler-machines.com\/wp-content\/uploads\/2025\/03\/scrap-steel-bar-straightener-machine.webp 720w, https:\/\/www.baler-machines.com\/wp-content\/uploads\/2025\/03\/scrap-steel-bar-straightener-machine-16x12.webp 16w\" sizes=\"auto, (max-width: 720px) 100vw, 720px\" \/><figcaption class=\"wp-element-caption\">6-25-mm-Schrottstahlstabgl\u00e4ttermaschine<\/figcaption><\/figure> <\/div>   <h2 class=\"wp-block-heading\"><strong>Shuliy: Hersteller und Lieferant von professioneller Bewehrungsanlagen, die sich auf den Maschine befinden<\/strong><\/h2>    <p>Shuliy ist ein professioneller Hersteller von Stahlbalken -Richtmaschinen mit reichhaltiger Produktionserfahrung und ausgereifter Technologie. Unsere Produkte sind ber\u00fchmt f\u00fcr hohe Qualit\u00e4t, hohe Effizienz und geringem Energieverbrauch, der Kunden auf der ganzen Welt vertrauen. Wir bieten an:<\/p>    <ul class=\"wp-block-list\"> <li>Vollst\u00e4ndige Ausstattung von Stahlstangenausr\u00fcstungsausr\u00fcstung f\u00fcr unterschiedliche Bed\u00fcrfnisse<\/li>    <li>Technischer Support und Schulung, um die reibungslose Nutzung der Ausr\u00fcstung zu gew\u00e4hrleisten<\/li>    <li>Schneller After-Sales-Service, um den langfristigen stabilen Betrieb der Ausr\u00fcstung zu gew\u00e4hrleisten<\/li> <\/ul>    <p>Wenn Sie eine hocheffiziente Bewehrungsst\u00e4rke -Maschine ben\u00f6tigen, ist Shuliy Ihre beste Wahl!<\/p>    <figure class=\"wp-block-gallery aligncenter has-nested-images columns-default is-cropped wp-block-gallery-4 is-layout-flex wp-block-gallery-is-layout-flex\"> <figure class=\"wp-block-image size-full\"><img loading=\"lazy\" decoding=\"async\" width=\"720\" height=\"540\" data-id=\"4109\" src=\"https:\/\/www.baler-machines.com\/wp-content\/uploads\/2025\/03\/steel-wire-straightening-machine-in-the-factory.webp\" alt=\"Stahldrahtgerichtungsmaschine in der Fabrik\" class=\"wp-image-4109\" title=\"\" srcset=\"https:\/\/www.baler-machines.com\/wp-content\/uploads\/2025\/03\/steel-wire-straightening-machine-in-the-factory.webp 720w, https:\/\/www.baler-machines.com\/wp-content\/uploads\/2025\/03\/steel-wire-straightening-machine-in-the-factory-16x12.webp 16w\" sizes=\"auto, (max-width: 720px) 100vw, 720px\" \/><figcaption class=\"wp-element-caption\">Stahldrahtgerichtungsmaschine in der Fabrik<\/figcaption><\/figure>    <figure class=\"wp-block-image size-full\"><img loading=\"lazy\" decoding=\"async\" width=\"720\" height=\"540\" data-id=\"4108\" src=\"https:\/\/www.baler-machines.com\/wp-content\/uploads\/2025\/03\/round-bar-straightening-machine-manufacturer.webp\" alt=\"Hersteller von Rundstangen -Richtungsmaschinen\" class=\"wp-image-4108\" title=\"\" srcset=\"https:\/\/www.baler-machines.com\/wp-content\/uploads\/2025\/03\/round-bar-straightening-machine-manufacturer.webp 720w, https:\/\/www.baler-machines.com\/wp-content\/uploads\/2025\/03\/round-bar-straightening-machine-manufacturer-16x12.webp 16w\" sizes=\"auto, (max-width: 720px) 100vw, 720px\" \/><figcaption class=\"wp-element-caption\">Hersteller von Rundstangen -Richtungsmaschinen<\/figcaption><\/figure> <\/figure>    <h2 class=\"wp-block-heading\"><strong>Wie kann man einen Abfallstahl -Recycling -Maschine von Shuliy einsetzen?<\/strong><\/h2>    <p>Der Bestellvorgang ist schnell und einfach. Sie k\u00f6nnen die folgenden Schritte ausf\u00fchren:<\/p>    <ol class=\"wp-block-list\"> <li><strong>Kontaktieren Sie uns<\/strong>: Kontaktieren Sie uns \u00fcber Online -Kontaktinformationen auf der rechten Seite der Webseite.<\/li>    <li><strong>Geben Sie Ihre Anforderungen an<\/strong>: Geben Sie Ihre spezifischen Bed\u00fcrfnisse an, z. B. Richtungsdurchmesser, Richtl\u00e4nge, Verarbeitungskapazit\u00e4t usw.<\/li>    <li><strong>W\u00e4hlen Sie die Ausr\u00fcstung<\/strong>Wir empfehlen das richtige Modell entsprechend Ihren Bed\u00fcrfnissen und stellen detaillierte Parameter und Angebote zur Verf\u00fcgung.<\/li>    <li><strong>Best\u00e4tigen Sie die Bestellung<\/strong>: Alles wird best\u00e4tigt, beide unterschreiben den Vertrag und zahlen die Anzahlung.<\/li>    <li><strong>Produktion und Test<\/strong>Wir werden die Produktion innerhalb der festgelegten Zeit abschlie\u00dfen und Tests durchf\u00fchren, um die Qualit\u00e4t der Maschine sicherzustellen.<\/li>    <li><strong>Lieferung<\/strong>: Die Stahlstangenausr\u00fcstung wird (h\u00e4ufig) auf See geliefert und kommt p\u00fcnktlich am Ziel an.<\/li> <\/ol>   <div class=\"wp-block-image\"> <figure class=\"aligncenter size-full\"><img loading=\"lazy\" decoding=\"async\" width=\"720\" height=\"540\" src=\"https:\/\/www.baler-machines.com\/wp-content\/uploads\/2025\/03\/waste-steel-bar-recycling-machine-for-rebar-straightening.webp\" alt=\"Abfall -Stahlstangenrecyclingmaschine f\u00fcr Bewehrungsanlagen\" class=\"wp-image-4114\" title=\"\" srcset=\"https:\/\/www.baler-machines.com\/wp-content\/uploads\/2025\/03\/waste-steel-bar-recycling-machine-for-rebar-straightening.webp 720w, https:\/\/www.baler-machines.com\/wp-content\/uploads\/2025\/03\/waste-steel-bar-recycling-machine-for-rebar-straightening-16x12.webp 16w\" sizes=\"auto, (max-width: 720px) 100vw, 720px\" \/><figcaption class=\"wp-element-caption\">Abfall -Stahlstangenrecyclingmaschine f\u00fcr Bewehrungsanlagen<\/figcaption><\/figure> <\/div>   <h2 class=\"wp-block-heading\"><strong>Kontaktieren Sie uns jetzt f\u00fcr weitere Details!<\/strong><\/h2>    <p class=\"translation-block\">Neben der Bewehrungs-Richtmaschine bieten wir auch verschiedene Stahlverarbeitungsger\u00e4te an, wie z.B. <a href=\"https:\/\/www.baler-machines.com\/de\/cnc-spiral-rebar-bending-machine\/\">Bewehrungsringherstellungsmaschine<\/a>, Biegemaschine f\u00fcr St\u00fctzen, Rohrbiegemaschine usw. <\/p>    <p class=\"translation-block\">Wenn Sie interessiert sind oder das spezifische Modell, den Preis und andere Informationen erfahren m\u00f6chten, kontaktieren Sie uns jederzeit. Wir stellen Ihnen die Details und die am besten geeignete L\u00f6sung f\u00fcr Ihr <a href=\"https:\/\/en.wikipedia.org\/wiki\/Steel_bar\" target=\"_blank\" rel=\"noopener\">Bewehrungsstahl<\/a>-Verarbeitungsgesch\u00e4ft zur Verf\u00fcgung.<\/p>","protected":false},"excerpt":{"rendered":"<p>Die Shuliy-Bewehrungsanmeldung wird so ausgelegt, dass sie gebogene oder deformierte Stahlstangen (mit einem Durchmesser von 6-25 mm) zur Wiederverwendung mit einer Richtl\u00e4nge von 500-2000 mm gl\u00e4ttert.<\/p>","protected":false},"author":1,"featured_media":4104,"parent":0,"template":"","tags":[641,643],"product-type":[640],"class_list":["post-4102","product","type-product","status-publish","has-post-thumbnail","hentry","tag-rebar","tag-steel-bar","product-type-rebar-processing-equipment"],"_links":{"self":[{"href":"https:\/\/www.baler-machines.com\/de\/wp-json\/wp\/v2\/product\/4102","targetHints":{"allow":["GET"]}}],"collection":[{"href":"https:\/\/www.baler-machines.com\/de\/wp-json\/wp\/v2\/product"}],"about":[{"href":"https:\/\/www.baler-machines.com\/de\/wp-json\/wp\/v2\/types\/product"}],"author":[{"embeddable":true,"href":"https:\/\/www.baler-machines.com\/de\/wp-json\/wp\/v2\/users\/1"}],"wp:featuredmedia":[{"embeddable":true,"href":"https:\/\/www.baler-machines.com\/de\/wp-json\/wp\/v2\/media\/4104"}],"wp:attachment":[{"href":"https:\/\/www.baler-machines.com\/de\/wp-json\/wp\/v2\/media?parent=4102"}],"wp:term":[{"taxonomy":"post_tag","embeddable":true,"href":"https:\/\/www.baler-machines.com\/de\/wp-json\/wp\/v2\/tags?post=4102"},{"taxonomy":"product-type","embeddable":true,"href":"https:\/\/www.baler-machines.com\/de\/wp-json\/wp\/v2\/product-type?post=4102"}],"curies":[{"name":"wp","href":"https:\/\/api.w.org\/{rel}","templated":true}]}}